{"id":4312,"date":"2025-03-15T12:35:32","date_gmt":"2025-03-15T04:35:32","guid":{"rendered":"https:\/\/ruishengglassco.com\/?post_type=product&#038;p=4312"},"modified":"2025-07-17T14:37:53","modified_gmt":"2025-07-17T06:37:53","slug":"rs039-500ml-750ml-klare-wodkaflaschen","status":"publish","type":"product","link":"https:\/\/ruishengglassco.com\/de\/produkt\/rs039-500ml-750ml-klare-wodkaflaschen","title":{"rendered":"RS039: 500ml 750ml klare Wodkaflaschen"},"content":{"rendered":"<h2>Detaillierte Informationen \u00fcber 500ml 750ml klare Wodka-Flaschen Gro\u00dfhandel<\/h2>\n<p data-block-id=\"6fff1bb0-cb25-4c24-af74-66acf6fd3c5b\" data-pm-slice=\"1 1 []\">Diese k\u00f6nnen Sie individuell anpassen <strong>500ml und 750ml klare Wodkaflaschen<\/strong> in vielerlei Hinsicht. Bei so vielen M\u00f6glichkeiten wird Ihr Produkt im Regal auffallen. Wir bieten Aufkleber, gedruckte Logos, Gravur, Pr\u00e4gung, Glasur und Galvanisierung. Sie k\u00f6nnen auch den Druck auf den Einzelhandelskarton und den Stil der Korken individuell gestalten. Die Flaschen werden nach den h\u00f6chsten Qualit\u00e4tsstandards entworfen, damit sie weder beim Transport zum Verkaufsort noch bei der Mitnahme durch den Kunden zerbrechen k\u00f6nnen. Diese robusten Spirituosenflaschen k\u00f6nnen individuell gestaltet werden, was Sammler anspricht. Dieses Interesse kann zu mehr Verk\u00e4ufen f\u00fcr Sie f\u00fchren.<\/p>","protected":false},"excerpt":{"rendered":"<p data-block-id=\"4a7ee989-0b75-4712-91ab-b0cb46722f47\" data-pm-slice=\"1 1 []\">Wenn Sie in den Verkauf Ihrer Spirituosen einsteigen wollen, brauchen Sie die richtigen Flaschen f\u00fcr diese Aufgabe. Mit den im Gro\u00dfhandel erh\u00e4ltlichen 500ml- und 750ml-Klarglasflaschen f\u00fcr Wodka starten Sie Ihr Alkoholgesch\u00e4ft richtig. Diese klaren Glasflaschen fassen 500 bis 750 Milliliter Wodka. So k\u00f6nnen Sie leicht nachvollziehen, wie viel Sie in jeder Charge abf\u00fcllen. Die Klarheit der Wodka-Gro\u00dfhandelsflaschen ist kristallklar, so dass Ihre Kunden leicht durch das Glas hindurch die Farbe der Fl\u00fcssigkeit erkennen k\u00f6nnen. Die Transparenz erm\u00f6glicht es, dass die Aufschrift auf der Vorderseite der Flasche deutlich sichtbar ist, ganz gleich, wie Sie sie gestalten m\u00f6chten.<\/p>\n<h2>Bestellinformationen \u00fcber 500ml 750ml klare Wodkaflasche Gro\u00dfhandel<\/h2>\n<ul>\n<li>Produkt Name: 500ml 750ml Extra White Flint Glas Wodka Flaschen<\/li>\n<li><span class=\"attr-name J-attr-name\" title=\"Modellnummer\">Modellnummer: <\/span>RS039<\/li>\n<li><span style=\"color: #ff0000;\"><strong><span class=\"mceItemHidden\"><span class=\"hiddenSpellError\">MOQ<\/span>: 10000 PCS<\/span><\/strong><\/span><\/li>\n<li>Service: Wir k\u00f6nnen alle Ihre Anforderungen erf\u00fcllen, einschlie\u00dflich Logodruck, Aufkleber, Pr\u00e4gung, Gravur, Galvanisierung, Glasur, Malerei und Sie k\u00f6nnen Druck Einzelhandelskartons und Kork Stil anpassen<\/li>\n<li>Marke: RS<\/li>\n<li>Material: Kristallwei\u00dfes Material, extrem wei\u00dfes Material<\/li>\n<li>Spezifikation: 50ml-3500ml<\/li>\n<li>Merkmal: Hohe Qualit\u00e4t, transparenter, unzerbrechlich, recycelbar<\/li>\n<li>Muster: Kostenlos, wenn Sie unsere bestehende Form verwenden.<\/li>\n<li>Norm: ISO9001:2008, ISO14001:2004<\/li>\n<li>Verpackungsmethode: Standard-Export-Verpackung oder kundenspezifische Verpackung<\/li>\n<li>Zahlungsbedingungen: T\/T, L\/C, Western Union, Paypal.<\/li>\n<li>Lieferzeit: Innerhalb von 20-30 Tagen je nach gew\u00fcnschter Gr\u00f6\u00dfe und Menge.<\/li>\n<\/ul>","protected":false},"featured_media":4313,"comment_status":"closed","ping_status":"closed","template":"","meta":[],"product_cat":[41,40],"class_list":{"0":"post-4312","1":"product","2":"type-product","3":"status-publish","4":"has-post-thumbnail","6":"product_cat-500ml-liquor-bottle-manufacturer","7":"product_cat-750ml-liquor-bottle-manufacturer","9":"first","10":"instock","11":"shipping-taxable","12":"product-type-simple"},"yoast_head":"<!-- This site is optimized with the Yoast SEO plugin v22.0 - https:\/\/yoast.com\/wordpress\/plugins\/seo\/ -->\n<title>500ml 750ml Clear Vodka Bottles Wholesale | China Spirit Bottle Factory<\/title>\n<meta name=\"description\" content=\"Buy 500ml 750ml Clear Vodka Bottles Wholesale From China Spirit Bottle Factory. Factory Outlet And Save Cost.\" \/>\n<meta name=\"robots\" content=\"index, follow, max-snippet:-1, max-image-preview:large, max-video-preview:-1\" \/>\n<link rel=\"canonical\" href=\"https:\/\/ruishengglassco.com\/de\/produkt\/rs039-500ml-750ml-klare-wodkaflaschen\" \/>\n<meta property=\"og:locale\" content=\"de_DE\" \/>\n<meta property=\"og:type\" content=\"article\" \/>\n<meta property=\"og:title\" content=\"500ml 750ml Clear Vodka Bottles Wholesale | China Spirit Bottle Factory\" \/>\n<meta property=\"og:description\" content=\"Buy 500ml 750ml Clear Vodka Bottles Wholesale From China Spirit Bottle Factory. Factory Outlet And Save Cost.\" \/>\n<meta property=\"og:url\" content=\"https:\/\/ruishengglassco.com\/de\/produkt\/rs039-500ml-750ml-klare-wodkaflaschen\" \/>\n<meta property=\"article:publisher\" content=\"https:\/\/www.facebook.com\/ruishengglassbottles\" \/>\n<meta property=\"article:modified_time\" content=\"2025-07-17T06:37:53+00:00\" \/>\n<meta property=\"og:image\" content=\"https:\/\/ruishengglassco.com\/wp-content\/uploads\/2025\/03\/RS039-500ml-750ml-Clear-Vodka-Bottles.webp\" \/>\n\t<meta property=\"og:image:width\" content=\"800\" \/>\n\t<meta property=\"og:image:height\" content=\"800\" \/>\n\t<meta property=\"og:image:type\" content=\"image\/webp\" \/>\n<meta name=\"twitter:card\" content=\"summary_large_image\" \/>\n<meta name=\"twitter:label1\" content=\"Gesch\u00e4tzte Lesezeit\" \/>\n\t<meta name=\"twitter:data1\" content=\"1\u00a0Minute\" \/>\n<script type=\"application\/ld+json\" class=\"yoast-schema-graph\">{\"@context\":\"https:\/\/schema.org\",\"@graph\":[{\"@type\":\"WebPage\",\"@id\":\"https:\/\/ruishengglassco.com\/product\/rs039-500ml-750ml-clear-vodka-bottles\",\"url\":\"https:\/\/ruishengglassco.com\/product\/rs039-500ml-750ml-clear-vodka-bottles\",\"name\":\"500ml 750ml Clear Vodka Bottles Wholesale | China Spirit Bottle Factory\",\"isPartOf\":{\"@id\":\"https:\/\/ruishengglassco.com\/#website\"},\"datePublished\":\"2025-03-15T04:35:32+00:00\",\"dateModified\":\"2025-07-17T06:37:53+00:00\",\"description\":\"Buy 500ml 750ml Clear Vodka Bottles Wholesale From China Spirit Bottle Factory. Factory Outlet And Save Cost.\",\"breadcrumb\":{\"@id\":\"https:\/\/ruishengglassco.com\/product\/rs039-500ml-750ml-clear-vodka-bottles#breadcrumb\"},\"inLanguage\":\"de\",\"potentialAction\":[{\"@type\":\"ReadAction\",\"target\":[\"https:\/\/ruishengglassco.com\/product\/rs039-500ml-750ml-clear-vodka-bottles\"]}]},{\"@type\":\"BreadcrumbList\",\"@id\":\"https:\/\/ruishengglassco.com\/product\/rs039-500ml-750ml-clear-vodka-bottles#breadcrumb\",\"itemListElement\":[{\"@type\":\"ListItem\",\"position\":1,\"name\":\"Home\",\"item\":\"https:\/\/ruishengglassco.com\/\"},{\"@type\":\"ListItem\",\"position\":2,\"name\":\"Products\",\"item\":\"https:\/\/ruishengglassco.com\/products\"},{\"@type\":\"ListItem\",\"position\":3,\"name\":\"RS039: 500ml 750ml Clear Vodka Bottles\"}]},{\"@type\":\"WebSite\",\"@id\":\"https:\/\/ruishengglassco.com\/#website\",\"url\":\"https:\/\/ruishengglassco.com\/\",\"name\":\"Ruisheng Glass\",\"description\":\"\",\"publisher\":{\"@id\":\"https:\/\/ruishengglassco.com\/#organization\"},\"potentialAction\":[{\"@type\":\"SearchAction\",\"target\":{\"@type\":\"EntryPoint\",\"urlTemplate\":\"https:\/\/ruishengglassco.com\/?s={search_term_string}\"},\"query-input\":\"required name=search_term_string\"}],\"inLanguage\":\"de\"},{\"@type\":\"Organization\",\"@id\":\"https:\/\/ruishengglassco.com\/#organization\",\"name\":\"Shandong Yuncheng Ruisheng Glass Co., Ltd\",\"url\":\"https:\/\/ruishengglassco.com\/\",\"logo\":{\"@type\":\"ImageObject\",\"inLanguage\":\"de\",\"@id\":\"https:\/\/ruishengglassco.com\/#\/schema\/logo\/image\/\",\"url\":\"https:\/\/ruishengglassco.com\/wp-content\/uploads\/2023\/09\/ruisheng_logo_icon.webp\",\"contentUrl\":\"https:\/\/ruishengglassco.com\/wp-content\/uploads\/2023\/09\/ruisheng_logo_icon.webp\",\"width\":400,\"height\":233,\"caption\":\"Shandong Yuncheng Ruisheng Glass Co., Ltd\"},\"image\":{\"@id\":\"https:\/\/ruishengglassco.com\/#\/schema\/logo\/image\/\"},\"sameAs\":[\"https:\/\/www.facebook.com\/ruishengglassbottles\",\"https:\/\/www.instagram.com\/Ruishengglassbottlewholesales\/\",\"https:\/\/www.youtube.com\/channel\/UCMmbMNGwsL-XrtjfSFLCdVQ\"]}]}<\/script>\n<!-- \/ Yoast SEO plugin. -->","yoast_head_json":{"title":"500ml 750ml Clear Vodka Bottles Wholesale | China Spirit Bottle Factory","description":"Buy 500ml 750ml Clear Vodka Bottles Wholesale From China Spirit Bottle Factory. Factory Outlet And Save Cost.","robots":{"index":"index","follow":"follow","max-snippet":"max-snippet:-1","max-image-preview":"max-image-preview:large","max-video-preview":"max-video-preview:-1"},"canonical":"https:\/\/ruishengglassco.com\/de\/produkt\/rs039-500ml-750ml-klare-wodkaflaschen","og_locale":"de_DE","og_type":"article","og_title":"500ml 750ml Clear Vodka Bottles Wholesale | China Spirit Bottle Factory","og_description":"Buy 500ml 750ml Clear Vodka Bottles Wholesale From China Spirit Bottle Factory. Factory Outlet And Save Cost.","og_url":"https:\/\/ruishengglassco.com\/de\/produkt\/rs039-500ml-750ml-klare-wodkaflaschen","article_publisher":"https:\/\/www.facebook.com\/ruishengglassbottles","article_modified_time":"2025-07-17T06:37:53+00:00","og_image":[{"width":800,"height":800,"url":"https:\/\/ruishengglassco.com\/wp-content\/uploads\/2025\/03\/RS039-500ml-750ml-Clear-Vodka-Bottles.webp","type":"image\/webp"}],"twitter_card":"summary_large_image","twitter_misc":{"Gesch\u00e4tzte Lesezeit":"1\u00a0Minute"},"schema":{"@context":"https:\/\/schema.org","@graph":[{"@type":"WebPage","@id":"https:\/\/ruishengglassco.com\/product\/rs039-500ml-750ml-clear-vodka-bottles","url":"https:\/\/ruishengglassco.com\/product\/rs039-500ml-750ml-clear-vodka-bottles","name":"500ml 750ml Clear Vodka Bottles Wholesale | China Spirit Bottle Factory","isPartOf":{"@id":"https:\/\/ruishengglassco.com\/#website"},"datePublished":"2025-03-15T04:35:32+00:00","dateModified":"2025-07-17T06:37:53+00:00","description":"Buy 500ml 750ml Clear Vodka Bottles Wholesale From China Spirit Bottle Factory. Factory Outlet And Save Cost.","breadcrumb":{"@id":"https:\/\/ruishengglassco.com\/product\/rs039-500ml-750ml-clear-vodka-bottles#breadcrumb"},"inLanguage":"de","potentialAction":[{"@type":"ReadAction","target":["https:\/\/ruishengglassco.com\/product\/rs039-500ml-750ml-clear-vodka-bottles"]}]},{"@type":"BreadcrumbList","@id":"https:\/\/ruishengglassco.com\/product\/rs039-500ml-750ml-clear-vodka-bottles#breadcrumb","itemListElement":[{"@type":"ListItem","position":1,"name":"Home","item":"https:\/\/ruishengglassco.com\/"},{"@type":"ListItem","position":2,"name":"Products","item":"https:\/\/ruishengglassco.com\/products"},{"@type":"ListItem","position":3,"name":"RS039: 500ml 750ml Clear Vodka Bottles"}]},{"@type":"WebSite","@id":"https:\/\/ruishengglassco.com\/#website","url":"https:\/\/ruishengglassco.com\/","name":"Ruisheng Glass","description":"","publisher":{"@id":"https:\/\/ruishengglassco.com\/#organization"},"potentialAction":[{"@type":"SearchAction","target":{"@type":"EntryPoint","urlTemplate":"https:\/\/ruishengglassco.com\/?s={search_term_string}"},"query-input":"required name=search_term_string"}],"inLanguage":"de"},{"@type":"Organization","@id":"https:\/\/ruishengglassco.com\/#organization","name":"Shandong Yuncheng Ruisheng Glass Co., Ltd","url":"https:\/\/ruishengglassco.com\/","logo":{"@type":"ImageObject","inLanguage":"de","@id":"https:\/\/ruishengglassco.com\/#\/schema\/logo\/image\/","url":"https:\/\/ruishengglassco.com\/wp-content\/uploads\/2023\/09\/ruisheng_logo_icon.webp","contentUrl":"https:\/\/ruishengglassco.com\/wp-content\/uploads\/2023\/09\/ruisheng_logo_icon.webp","width":400,"height":233,"caption":"Shandong Yuncheng Ruisheng Glass Co., Ltd"},"image":{"@id":"https:\/\/ruishengglassco.com\/#\/schema\/logo\/image\/"},"sameAs":["https:\/\/www.facebook.com\/ruishengglassbottles","https:\/\/www.instagram.com\/Ruishengglassbottlewholesales\/","https:\/\/www.youtube.com\/channel\/UCMmbMNGwsL-XrtjfSFLCdVQ"]}]}},"_links":{"self":[{"href":"https:\/\/ruishengglassco.com\/de\/wp-json\/wp\/v2\/product\/4312","targetHints":{"allow":["GET"]}}],"collection":[{"href":"https:\/\/ruishengglassco.com\/de\/wp-json\/wp\/v2\/product"}],"about":[{"href":"https:\/\/ruishengglassco.com\/de\/wp-json\/wp\/v2\/types\/product"}],"replies":[{"embeddable":true,"href":"https:\/\/ruishengglassco.com\/de\/wp-json\/wp\/v2\/comments?post=4312"}],"wp:featuredmedia":[{"embeddable":true,"href":"https:\/\/ruishengglassco.com\/de\/wp-json\/wp\/v2\/media\/4313"}],"wp:attachment":[{"href":"https:\/\/ruishengglassco.com\/de\/wp-json\/wp\/v2\/media?parent=4312"}],"wp:term":[{"taxonomy":"product_cat","embeddable":true,"href":"https:\/\/ruishengglassco.com\/de\/wp-json\/wp\/v2\/product_cat?post=4312"}],"curies":[{"name":"wp","href":"https:\/\/api.w.org\/{rel}","templated":true}]}}