{"id":4308,"date":"2025-03-15T12:30:18","date_gmt":"2025-03-15T04:30:18","guid":{"rendered":"https:\/\/ruishengglassco.com\/?post_type=product&#038;p=4308"},"modified":"2025-07-17T14:36:13","modified_gmt":"2025-07-17T06:36:13","slug":"rs041-750ml-700ml-glas-whiskey-flaschen-groshandel","status":"publish","type":"product","link":"https:\/\/ruishengglassco.com\/de\/produkt\/rs041-750ml-700ml-glas-whiskey-flaschen-groshandel","title":{"rendered":"RS041: 750ML 700ML Glas Whiskey-Flaschen Fabrik"},"content":{"rendered":"<h2>Details zur Whiskeyflasche aus Glas<\/h2>\n<ul>\n<li>Artikel\uff1a750ml Glas Whiskey Flasche Gro\u00dfhandel<\/li>\n<li>Inhalt: 250ml 500ml 700ml 750ml Glasflasche<\/li>\n<li>Material: Super Flint Glas Material, hohe Flint Glas Matera<\/li>\n<li>Verschlusstyp: Kork, Guala Cap, Schraubverschluss<\/li>\n<li>Oberfl\u00e4che:      Frost, Petal, Malerei, Hei\u00dfpr\u00e4gung, Pr\u00e4gung, Druck, Gloden, Siebdruck<\/li>\n<li>Muster: Kostenlos mit unserer bestehenden Form<\/li>\n<li>Vorlaufzeit: 20-30 Tage f\u00fcr Massenprodukte<\/li>\n<li>Hafen: Qingdao, China<\/li>\n<li>Bezahlung: T\/T, Paypal, Handelsgarantie<\/li>\n<\/ul>\n<p>Unsere Whiskey-Karaffe ist aus bleifreiem, klarem Glas hergestellt. Dieses Glas enth\u00e4lt etwa 70% Sand und eine Mischung aus Soda, Kalkstein und anderen nat\u00fcrlichen Materialien. Die genaue Mischung h\u00e4ngt von den gew\u00fcnschten Eigenschaften ab.  Ein angemessenes Materialverh\u00e4ltnis und ein fortschrittliches Brennverfahren machen unsere leeren Whiskeyflaschen haltbar und widerstandsf\u00e4hig gegen Besch\u00e4digungen. Au\u00dferdem k\u00f6nnen unsere Glasflaschen recycelt werden, da sie aus unbedenklichem Glasmaterial hergestellt sind.<\/p>\n<p>Ruisheng ist ein professioneller Hersteller von Spirituosenflaschen mit 20 Jahren Erfahrung in der Produktion von Whiskey-Glasflaschen. Unsere Whiskey-Glasflaschen f\u00fcr den Gro\u00dfhandel werden in die Vereinigten Staaten, das Vereinigte K\u00f6nigreich, Frankreich, Kanada und andere L\u00e4nder exportiert. Viele ber\u00fchmte Whiskeymarken sind unsere treuen Kunden. Wir hoffen aufrichtig, dass unsere Glasflasche wird Glanz zu Ihrem Whisky-Marke hinzuzuf\u00fcgen.<\/p>","protected":false},"excerpt":{"rendered":"<p>Ruisheng ist seit etwa 20 Jahren ein professioneller Glasflaschenhersteller. Sie sind spezialisiert auf Gro\u00dfhandel Glas Whiskey-Flasche Produktion. Wir haben eine eigene Produktionswerkstatt f\u00fcr die Herstellung von Whiskey-Glasflaschen eingerichtet. Die sch\u00f6ne Farbe des Whiskeys leuchtet durch das klare Glas. Dies funktioniert f\u00fcr jede Art: Scotch Whisky, Irish Whisky, American Whisky und Canadian Whisky.<\/p>\n<p>Als professioneller Hersteller von Whiskeyflaschen bietet unser Unternehmen kundenspezifische Glasflaschen an. OEM\/ODM Service angeboten. Wenn Sie einen Gro\u00dfhandel Glasflasche Preis erhalten m\u00f6chten, klicken Sie bitte hier, um uns zu kontaktieren.<\/p>","protected":false},"featured_media":4309,"comment_status":"closed","ping_status":"closed","template":"","meta":[],"product_cat":[15],"class_list":{"0":"post-4308","1":"product","2":"type-product","3":"status-publish","4":"has-post-thumbnail","6":"product_cat-glass-liquor-spirit-bottles","8":"first","9":"instock","10":"shipping-taxable","11":"product-type-simple"},"yoast_head":"<!-- This site is optimized with the Yoast SEO plugin v22.0 - https:\/\/yoast.com\/wordpress\/plugins\/seo\/ -->\n<title>Factory Glass Whiskey Bottle | Empty Glass Bottles Manufacturer<\/title>\n<meta name=\"description\" content=\"Factory Glass Whiskey Bottle From China Empty Glass Bottles Manufacturers. Factory Outlet Whiskey Decanters Bulk In Cheap Price.\" \/>\n<meta name=\"robots\" content=\"index, follow, max-snippet:-1, max-image-preview:large, max-video-preview:-1\" \/>\n<link rel=\"canonical\" href=\"https:\/\/ruishengglassco.com\/de\/produkt\/rs041-750ml-700ml-glas-whiskey-flaschen-groshandel\" \/>\n<meta property=\"og:locale\" content=\"de_DE\" \/>\n<meta property=\"og:type\" content=\"article\" \/>\n<meta property=\"og:title\" content=\"Factory Glass Whiskey Bottle | Empty Glass Bottles Manufacturer\" \/>\n<meta property=\"og:description\" content=\"Factory Glass Whiskey Bottle From China Empty Glass Bottles Manufacturers. Factory Outlet Whiskey Decanters Bulk In Cheap Price.\" \/>\n<meta property=\"og:url\" content=\"https:\/\/ruishengglassco.com\/de\/produkt\/rs041-750ml-700ml-glas-whiskey-flaschen-groshandel\" \/>\n<meta property=\"article:publisher\" content=\"https:\/\/www.facebook.com\/ruishengglassbottles\" \/>\n<meta property=\"article:modified_time\" content=\"2025-07-17T06:36:13+00:00\" \/>\n<meta property=\"og:image\" content=\"https:\/\/ruishengglassco.com\/wp-content\/uploads\/2025\/03\/RS041-750ML-700ML-Glass-Whiskey-Bottles-Wholesale.webp\" \/>\n\t<meta property=\"og:image:width\" content=\"800\" \/>\n\t<meta property=\"og:image:height\" content=\"800\" \/>\n\t<meta property=\"og:image:type\" content=\"image\/webp\" \/>\n<meta name=\"twitter:card\" content=\"summary_large_image\" \/>\n<meta name=\"twitter:label1\" content=\"Gesch\u00e4tzte Lesezeit\" \/>\n\t<meta name=\"twitter:data1\" content=\"2\u00a0Minuten\" \/>\n<script type=\"application\/ld+json\" class=\"yoast-schema-graph\">{\"@context\":\"https:\/\/schema.org\",\"@graph\":[{\"@type\":\"WebPage\",\"@id\":\"https:\/\/ruishengglassco.com\/product\/rs041-750ml-700ml-glass-whiskey-bottles-wholesale\",\"url\":\"https:\/\/ruishengglassco.com\/product\/rs041-750ml-700ml-glass-whiskey-bottles-wholesale\",\"name\":\"Factory Glass Whiskey Bottle | Empty Glass Bottles Manufacturer\",\"isPartOf\":{\"@id\":\"https:\/\/ruishengglassco.com\/#website\"},\"datePublished\":\"2025-03-15T04:30:18+00:00\",\"dateModified\":\"2025-07-17T06:36:13+00:00\",\"description\":\"Factory Glass Whiskey Bottle From China Empty Glass Bottles Manufacturers. Factory Outlet Whiskey Decanters Bulk In Cheap Price.\",\"breadcrumb\":{\"@id\":\"https:\/\/ruishengglassco.com\/product\/rs041-750ml-700ml-glass-whiskey-bottles-wholesale#breadcrumb\"},\"inLanguage\":\"de\",\"potentialAction\":[{\"@type\":\"ReadAction\",\"target\":[\"https:\/\/ruishengglassco.com\/product\/rs041-750ml-700ml-glass-whiskey-bottles-wholesale\"]}]},{\"@type\":\"BreadcrumbList\",\"@id\":\"https:\/\/ruishengglassco.com\/product\/rs041-750ml-700ml-glass-whiskey-bottles-wholesale#breadcrumb\",\"itemListElement\":[{\"@type\":\"ListItem\",\"position\":1,\"name\":\"Home\",\"item\":\"https:\/\/ruishengglassco.com\/\"},{\"@type\":\"ListItem\",\"position\":2,\"name\":\"Products\",\"item\":\"https:\/\/ruishengglassco.com\/products\"},{\"@type\":\"ListItem\",\"position\":3,\"name\":\"RS041: 750ML 700ML Glass Whiskey Bottles Factory\"}]},{\"@type\":\"WebSite\",\"@id\":\"https:\/\/ruishengglassco.com\/#website\",\"url\":\"https:\/\/ruishengglassco.com\/\",\"name\":\"Ruisheng Glass\",\"description\":\"\",\"publisher\":{\"@id\":\"https:\/\/ruishengglassco.com\/#organization\"},\"potentialAction\":[{\"@type\":\"SearchAction\",\"target\":{\"@type\":\"EntryPoint\",\"urlTemplate\":\"https:\/\/ruishengglassco.com\/?s={search_term_string}\"},\"query-input\":\"required name=search_term_string\"}],\"inLanguage\":\"de\"},{\"@type\":\"Organization\",\"@id\":\"https:\/\/ruishengglassco.com\/#organization\",\"name\":\"Shandong Yuncheng Ruisheng Glass Co., Ltd\",\"url\":\"https:\/\/ruishengglassco.com\/\",\"logo\":{\"@type\":\"ImageObject\",\"inLanguage\":\"de\",\"@id\":\"https:\/\/ruishengglassco.com\/#\/schema\/logo\/image\/\",\"url\":\"https:\/\/ruishengglassco.com\/wp-content\/uploads\/2023\/09\/ruisheng_logo_icon.webp\",\"contentUrl\":\"https:\/\/ruishengglassco.com\/wp-content\/uploads\/2023\/09\/ruisheng_logo_icon.webp\",\"width\":400,\"height\":233,\"caption\":\"Shandong Yuncheng Ruisheng Glass Co., Ltd\"},\"image\":{\"@id\":\"https:\/\/ruishengglassco.com\/#\/schema\/logo\/image\/\"},\"sameAs\":[\"https:\/\/www.facebook.com\/ruishengglassbottles\",\"https:\/\/www.instagram.com\/Ruishengglassbottlewholesales\/\",\"https:\/\/www.youtube.com\/channel\/UCMmbMNGwsL-XrtjfSFLCdVQ\"]}]}<\/script>\n<!-- \/ Yoast SEO plugin. -->","yoast_head_json":{"title":"Factory Glass Whiskey Bottle | Empty Glass Bottles Manufacturer","description":"Factory Glass Whiskey Bottle From China Empty Glass Bottles Manufacturers. Factory Outlet Whiskey Decanters Bulk In Cheap Price.","robots":{"index":"index","follow":"follow","max-snippet":"max-snippet:-1","max-image-preview":"max-image-preview:large","max-video-preview":"max-video-preview:-1"},"canonical":"https:\/\/ruishengglassco.com\/de\/produkt\/rs041-750ml-700ml-glas-whiskey-flaschen-groshandel","og_locale":"de_DE","og_type":"article","og_title":"Factory Glass Whiskey Bottle | Empty Glass Bottles Manufacturer","og_description":"Factory Glass Whiskey Bottle From China Empty Glass Bottles Manufacturers. Factory Outlet Whiskey Decanters Bulk In Cheap Price.","og_url":"https:\/\/ruishengglassco.com\/de\/produkt\/rs041-750ml-700ml-glas-whiskey-flaschen-groshandel","article_publisher":"https:\/\/www.facebook.com\/ruishengglassbottles","article_modified_time":"2025-07-17T06:36:13+00:00","og_image":[{"width":800,"height":800,"url":"https:\/\/ruishengglassco.com\/wp-content\/uploads\/2025\/03\/RS041-750ML-700ML-Glass-Whiskey-Bottles-Wholesale.webp","type":"image\/webp"}],"twitter_card":"summary_large_image","twitter_misc":{"Gesch\u00e4tzte Lesezeit":"2\u00a0Minuten"},"schema":{"@context":"https:\/\/schema.org","@graph":[{"@type":"WebPage","@id":"https:\/\/ruishengglassco.com\/product\/rs041-750ml-700ml-glass-whiskey-bottles-wholesale","url":"https:\/\/ruishengglassco.com\/product\/rs041-750ml-700ml-glass-whiskey-bottles-wholesale","name":"Factory Glass Whiskey Bottle | Empty Glass Bottles Manufacturer","isPartOf":{"@id":"https:\/\/ruishengglassco.com\/#website"},"datePublished":"2025-03-15T04:30:18+00:00","dateModified":"2025-07-17T06:36:13+00:00","description":"Factory Glass Whiskey Bottle From China Empty Glass Bottles Manufacturers. Factory Outlet Whiskey Decanters Bulk In Cheap Price.","breadcrumb":{"@id":"https:\/\/ruishengglassco.com\/product\/rs041-750ml-700ml-glass-whiskey-bottles-wholesale#breadcrumb"},"inLanguage":"de","potentialAction":[{"@type":"ReadAction","target":["https:\/\/ruishengglassco.com\/product\/rs041-750ml-700ml-glass-whiskey-bottles-wholesale"]}]},{"@type":"BreadcrumbList","@id":"https:\/\/ruishengglassco.com\/product\/rs041-750ml-700ml-glass-whiskey-bottles-wholesale#breadcrumb","itemListElement":[{"@type":"ListItem","position":1,"name":"Home","item":"https:\/\/ruishengglassco.com\/"},{"@type":"ListItem","position":2,"name":"Products","item":"https:\/\/ruishengglassco.com\/products"},{"@type":"ListItem","position":3,"name":"RS041: 750ML 700ML Glass Whiskey Bottles Factory"}]},{"@type":"WebSite","@id":"https:\/\/ruishengglassco.com\/#website","url":"https:\/\/ruishengglassco.com\/","name":"Ruisheng Glass","description":"","publisher":{"@id":"https:\/\/ruishengglassco.com\/#organization"},"potentialAction":[{"@type":"SearchAction","target":{"@type":"EntryPoint","urlTemplate":"https:\/\/ruishengglassco.com\/?s={search_term_string}"},"query-input":"required name=search_term_string"}],"inLanguage":"de"},{"@type":"Organization","@id":"https:\/\/ruishengglassco.com\/#organization","name":"Shandong Yuncheng Ruisheng Glass Co., Ltd","url":"https:\/\/ruishengglassco.com\/","logo":{"@type":"ImageObject","inLanguage":"de","@id":"https:\/\/ruishengglassco.com\/#\/schema\/logo\/image\/","url":"https:\/\/ruishengglassco.com\/wp-content\/uploads\/2023\/09\/ruisheng_logo_icon.webp","contentUrl":"https:\/\/ruishengglassco.com\/wp-content\/uploads\/2023\/09\/ruisheng_logo_icon.webp","width":400,"height":233,"caption":"Shandong Yuncheng Ruisheng Glass Co., Ltd"},"image":{"@id":"https:\/\/ruishengglassco.com\/#\/schema\/logo\/image\/"},"sameAs":["https:\/\/www.facebook.com\/ruishengglassbottles","https:\/\/www.instagram.com\/Ruishengglassbottlewholesales\/","https:\/\/www.youtube.com\/channel\/UCMmbMNGwsL-XrtjfSFLCdVQ"]}]}},"_links":{"self":[{"href":"https:\/\/ruishengglassco.com\/de\/wp-json\/wp\/v2\/product\/4308","targetHints":{"allow":["GET"]}}],"collection":[{"href":"https:\/\/ruishengglassco.com\/de\/wp-json\/wp\/v2\/product"}],"about":[{"href":"https:\/\/ruishengglassco.com\/de\/wp-json\/wp\/v2\/types\/product"}],"replies":[{"embeddable":true,"href":"https:\/\/ruishengglassco.com\/de\/wp-json\/wp\/v2\/comments?post=4308"}],"wp:featuredmedia":[{"embeddable":true,"href":"https:\/\/ruishengglassco.com\/de\/wp-json\/wp\/v2\/media\/4309"}],"wp:attachment":[{"href":"https:\/\/ruishengglassco.com\/de\/wp-json\/wp\/v2\/media?parent=4308"}],"wp:term":[{"taxonomy":"product_cat","embeddable":true,"href":"https:\/\/ruishengglassco.com\/de\/wp-json\/wp\/v2\/product_cat?post=4308"}],"curies":[{"name":"wp","href":"https:\/\/api.w.org\/{rel}","templated":true}]}}