{"id":4306,"date":"2025-03-15T12:27:21","date_gmt":"2025-03-15T04:27:21","guid":{"rendered":"https:\/\/ruishengglassco.com\/?post_type=product&#038;p=4306"},"modified":"2025-09-11T16:25:17","modified_gmt":"2025-09-11T08:25:17","slug":"rs043%ef%bc%9agroshandel-750ml-glas-spirituosenflaschen-hersteller-porzellan","status":"publish","type":"product","link":"https:\/\/ruishengglassco.com\/de\/produkt\/rs043%ef%bc%9agroshandel-750ml-glas-spirituosenflaschen-hersteller-porzellan","title":{"rendered":"RS043\uff1aGro\u00dfhandel 750ml Glas Lik\u00f6rflaschen Hersteller China"},"content":{"rendered":"<p data-block-id=\"dc195c68-6a49-4a58-ac27-38182bd3d0ae\" data-pm-slice=\"1 1 []\">Ruisheng, ein professioneller chinesischer Hersteller und Lieferant von Glasflaschen, bietet <em>750ml Glas Spirituosenflaschen Gro\u00dfhandel<\/em> im Fabrikverkaufspreis f\u00fcr Spirituosenmarken, Unternehmen, Glasflaschenlieferanten, Gro\u00dfh\u00e4ndler, Superm\u00e4rkte und andere.<\/p>\n<p data-block-id=\"02a02548-fbe8-4fac-b49e-b8fdb9643eec\">Unser Unternehmen ist gut in diesen hochwertigen Glasflaschen, so dass wir garantieren, dass wir die Qualit\u00e4t der Glasflasche produzieren k\u00f6nnen.<\/p>\n<p data-block-id=\"9161c487-e211-4c50-a06c-1af3da93d786\">Wenn Ihnen das Design dieser 750ml Schnapsflasche gef\u00e4llt, Sie aber mit dem Fassungsverm\u00f6gen nicht zufrieden sind, k\u00f6nnen wir das Fassungsverm\u00f6gen \u00e4ndern.<\/p>\n<p data-block-id=\"214de74a-9f8a-4f93-b0dd-4206add0a236\">Wir bieten hochwertige 750-ml-Glasflaschen mit Korken an. Unser Angebot umfasst Wodka-, Schnaps-, Whiskey- und Lik\u00f6rflaschen sowie Marmeladengl\u00e4ser. Wir k\u00f6nnen auch Braunglasflaschen, gr\u00fcne Flaschen und Wasserflaschen anbieten. Unser Hauptabsatzmarkt ist Europa, die USA, Australien, Amerika usw. Alle Produkte genie\u00dfen ein hohes Ansehen f\u00fcr Innovation und Funktionalit\u00e4t.<\/p>\n<p data-block-id=\"a1fbc01a-0e00-45ed-9b0c-0bbfd6a72174\">Wir w\u00e4hlen die Materialien f\u00fcr unsere 750-ml-Glasflaschen sorgf\u00e4ltig aus. Wir beziehen sie aus ihrem Herkunftsland. Au\u00dferdem verwenden wir fortschrittliche Maschinen f\u00fcr die Verarbeitung. Ruisheng ist ein professioneller Hersteller und Lieferant von Glasflaschen in China. Wir bieten 750-ml-Glasflaschen f\u00fcr Spirituosen zu Fabrikverkaufspreisen an. Zu unseren Kunden z\u00e4hlen Spirituosenmarken, Unternehmen, Gro\u00dfh\u00e4ndler und Superm\u00e4rkte.<\/p>\n<h2>Die Informationen \u00fcber 750ml Glas Lik\u00f6rflaschen Gro\u00dfhandel wie unten:<\/h2>\n<ul>\n<li>Hauptmaterial: kristallwei\u00dfes Material extrem wei\u00dfes Material<\/li>\n<li>Kappe: Kork<\/li>\n<li>Referenz: RS043<\/li>\n<li>MOQ: 10000 PCS (26000 St\u00fcck-30000 St\u00fcck)<\/li>\n<li>Fassungsverm\u00f6gen: 700ml 750ml<\/li>\n<li>St\u00fcck\/Gebinde: 24 St\u00fcck<\/li>\n<li>Herkunft des Ortes: Shandong, China<\/li>\n<li>Besonderheit: Umweltfreundlich<\/li>\n<\/ul>\n<p>Wir haben diese Flasche auf Lager, Sie k\u00f6nnen sie sehr bald erhalten, wenn Sie sie bestellen. Wir k\u00f6nnen auch Ihr Logo auf dieser Flasche anbringen. Wir k\u00f6nnen die Verarbeitung in dieser Flasche, wie Druck, Zuckerguss, Malerei, und andere, begr\u00fc\u00dfen wir Freunde aus der ganzen Welt, uns zu besuchen! Wir werden einen Empfang f\u00fcr Sie arrangieren.<\/p>\n<p>Diese einzigartige Glasflasche mit Deckel k\u00f6nnen wir die \u00d6ffnung \u00e4ndern, wir k\u00f6nnen sie in etwas anderes \u00e4ndern.<\/p>\n<p>Wenn Sie ein Muster einschnitzen wollen, k\u00f6nnen wir das tun; wir k\u00f6nnen das gew\u00fcnschte Muster einschnitzen.<\/p>\n<p>Wenn Sie mit diesem 750ml Glas Schnapsflaschen Gro\u00dfhandel zufrieden sind, kontaktieren Sie mich bitte in der Zeit. Wenn Sie es nicht m\u00f6gen, k\u00f6nnen Sie sich unsere anderen Flaschen ansehen. Oder ich werde Ihnen den Katalog geben, und Sie k\u00f6nnen w\u00e4hlen, was Sie m\u00f6gen. Wenn Sie an den Preisen unserer Schnapsflaschen interessiert sind, kontaktieren Sie uns bitte. Wir werden Ihnen innerhalb von 24 Stunden antworten.<\/p>","protected":false},"excerpt":{"rendered":"<p data-block-id=\"f2324dc5-f301-4029-9a52-4be82090bcb5\" data-pm-slice=\"1 3 []\">Diese 750ml Glas Spirituosenflaschen Gro\u00dfhandel sind eines unserer hei\u00df-verkauften Produkte. Welche nimmt extrem wei\u00dfes Glas-Material, wird Ihnen eine klare, reine visuelle Wirkung, um Ihre Spirituosen hervorragende Qualit\u00e4t zu zeigen. Lange und runde Flasche K\u00f6rper Design, geeignet f\u00fcr alle Arten von Spirituosen, wie Whiskey, Wodka, Brandy, etc.<\/p>\n<ul>\n<li>MOQ: 10000 PCS (26000 St\u00fcck-30000 St\u00fcck)<\/li>\n<li>Fassungsverm\u00f6gen: 700ml\/750ml\/1000ml<\/li>\n<li>Farbe: Transparent<\/li>\n<li>Stopfen: Metallkappen<\/li>\n<li>H\u00f6he: 230 mm<\/li>\n<li>Gewicht: 650g<\/li>\n<li>Durchmesser: 60 mm<\/li>\n<\/ul>\n<p>Wenn Sie diese 750ml Glasschnapsflaschen im Gro\u00dfhandel bestellen m\u00f6chten, hinterlassen Sie uns bitte eine Nachricht.<\/p>","protected":false},"featured_media":4307,"comment_status":"closed","ping_status":"closed","template":"","meta":[],"product_cat":[44,40,52],"class_list":{"0":"post-4306","1":"product","2":"type-product","3":"status-publish","4":"has-post-thumbnail","6":"product_cat-700ml-liquor-bottle-manufacturer","7":"product_cat-750ml-liquor-bottle-manufacturer","8":"product_cat-vodka-bottle","10":"first","11":"instock","12":"shipping-taxable","13":"product-type-simple"},"yoast_head":"<!-- This site is optimized with the Yoast SEO plugin v22.0 - https:\/\/yoast.com\/wordpress\/plugins\/seo\/ -->\n<title>750ml Glass Liquor Bottles Wholesale | Glass Bottle With Corks Suppliers<\/title>\n<meta name=\"description\" content=\"Buy 750ml Glass Liquor Bottles Wholesale All in Lowest Price From China Glass Bottle Manufacturers&amp;Suppliers. Free Sample&amp;5 Years Warranty.\" \/>\n<meta name=\"robots\" content=\"index, follow, max-snippet:-1, max-image-preview:large, max-video-preview:-1\" \/>\n<link rel=\"canonical\" href=\"https:\/\/ruishengglassco.com\/de\/produkt\/rs043\uff1agroshandel-750ml-glas-spirituosenflaschen-hersteller-porzellan\" \/>\n<meta property=\"og:locale\" content=\"de_DE\" \/>\n<meta property=\"og:type\" content=\"article\" \/>\n<meta property=\"og:title\" content=\"750ml Glass Liquor Bottles Wholesale | Glass Bottle With Corks Suppliers\" \/>\n<meta property=\"og:description\" content=\"Buy 750ml Glass Liquor Bottles Wholesale All in Lowest Price From China Glass Bottle Manufacturers&amp;Suppliers. Free Sample&amp;5 Years Warranty.\" \/>\n<meta property=\"og:url\" content=\"https:\/\/ruishengglassco.com\/de\/produkt\/rs043\uff1agroshandel-750ml-glas-spirituosenflaschen-hersteller-porzellan\" \/>\n<meta property=\"article:publisher\" content=\"https:\/\/www.facebook.com\/ruishengglassbottles\" \/>\n<meta property=\"article:modified_time\" content=\"2025-09-11T08:25:17+00:00\" \/>\n<meta property=\"og:image\" content=\"https:\/\/ruishengglassco.com\/wp-content\/uploads\/2025\/03\/RS043\uff1aWholesale-750ml-Glass-Liquor-Bottles-Manufacturer-China.webp\" \/>\n\t<meta property=\"og:image:width\" content=\"800\" \/>\n\t<meta property=\"og:image:height\" content=\"800\" \/>\n\t<meta property=\"og:image:type\" content=\"image\/webp\" \/>\n<meta name=\"twitter:card\" content=\"summary_large_image\" \/>\n<meta name=\"twitter:label1\" content=\"Gesch\u00e4tzte Lesezeit\" \/>\n\t<meta name=\"twitter:data1\" content=\"2\u00a0Minuten\" \/>\n<script type=\"application\/ld+json\" class=\"yoast-schema-graph\">{\"@context\":\"https:\/\/schema.org\",\"@graph\":[{\"@type\":\"WebPage\",\"@id\":\"https:\/\/ruishengglassco.com\/product\/rs043%ef%bc%9awholesale-750ml-glass-liquor-bottles-manufacturer-china\",\"url\":\"https:\/\/ruishengglassco.com\/product\/rs043%ef%bc%9awholesale-750ml-glass-liquor-bottles-manufacturer-china\",\"name\":\"750ml Glass Liquor Bottles Wholesale | Glass Bottle With Corks Suppliers\",\"isPartOf\":{\"@id\":\"https:\/\/ruishengglassco.com\/#website\"},\"datePublished\":\"2025-03-15T04:27:21+00:00\",\"dateModified\":\"2025-09-11T08:25:17+00:00\",\"description\":\"Buy 750ml Glass Liquor Bottles Wholesale All in Lowest Price From China Glass Bottle Manufacturers&Suppliers. Free Sample&5 Years Warranty.\",\"breadcrumb\":{\"@id\":\"https:\/\/ruishengglassco.com\/product\/rs043%ef%bc%9awholesale-750ml-glass-liquor-bottles-manufacturer-china#breadcrumb\"},\"inLanguage\":\"de\",\"potentialAction\":[{\"@type\":\"ReadAction\",\"target\":[\"https:\/\/ruishengglassco.com\/product\/rs043%ef%bc%9awholesale-750ml-glass-liquor-bottles-manufacturer-china\"]}]},{\"@type\":\"BreadcrumbList\",\"@id\":\"https:\/\/ruishengglassco.com\/product\/rs043%ef%bc%9awholesale-750ml-glass-liquor-bottles-manufacturer-china#breadcrumb\",\"itemListElement\":[{\"@type\":\"ListItem\",\"position\":1,\"name\":\"Home\",\"item\":\"https:\/\/ruishengglassco.com\/\"},{\"@type\":\"ListItem\",\"position\":2,\"name\":\"Products\",\"item\":\"https:\/\/ruishengglassco.com\/products\"},{\"@type\":\"ListItem\",\"position\":3,\"name\":\"RS043\uff1aWholesale 750ml Glass Liquor Bottles Manufacturer China\"}]},{\"@type\":\"WebSite\",\"@id\":\"https:\/\/ruishengglassco.com\/#website\",\"url\":\"https:\/\/ruishengglassco.com\/\",\"name\":\"Ruisheng Glass\",\"description\":\"\",\"publisher\":{\"@id\":\"https:\/\/ruishengglassco.com\/#organization\"},\"potentialAction\":[{\"@type\":\"SearchAction\",\"target\":{\"@type\":\"EntryPoint\",\"urlTemplate\":\"https:\/\/ruishengglassco.com\/?s={search_term_string}\"},\"query-input\":\"required name=search_term_string\"}],\"inLanguage\":\"de\"},{\"@type\":\"Organization\",\"@id\":\"https:\/\/ruishengglassco.com\/#organization\",\"name\":\"Shandong Yuncheng Ruisheng Glass Co., Ltd\",\"url\":\"https:\/\/ruishengglassco.com\/\",\"logo\":{\"@type\":\"ImageObject\",\"inLanguage\":\"de\",\"@id\":\"https:\/\/ruishengglassco.com\/#\/schema\/logo\/image\/\",\"url\":\"https:\/\/ruishengglassco.com\/wp-content\/uploads\/2023\/09\/ruisheng_logo_icon.webp\",\"contentUrl\":\"https:\/\/ruishengglassco.com\/wp-content\/uploads\/2023\/09\/ruisheng_logo_icon.webp\",\"width\":400,\"height\":233,\"caption\":\"Shandong Yuncheng Ruisheng Glass Co., Ltd\"},\"image\":{\"@id\":\"https:\/\/ruishengglassco.com\/#\/schema\/logo\/image\/\"},\"sameAs\":[\"https:\/\/www.facebook.com\/ruishengglassbottles\",\"https:\/\/www.instagram.com\/Ruishengglassbottlewholesales\/\",\"https:\/\/www.youtube.com\/channel\/UCMmbMNGwsL-XrtjfSFLCdVQ\"]}]}<\/script>\n<!-- \/ Yoast SEO plugin. -->","yoast_head_json":{"title":"750ml Glass Liquor Bottles Wholesale | Glass Bottle With Corks Suppliers","description":"Buy 750ml Glass Liquor Bottles Wholesale All in Lowest Price From China Glass Bottle Manufacturers&Suppliers. Free Sample&5 Years Warranty.","robots":{"index":"index","follow":"follow","max-snippet":"max-snippet:-1","max-image-preview":"max-image-preview:large","max-video-preview":"max-video-preview:-1"},"canonical":"https:\/\/ruishengglassco.com\/de\/produkt\/rs043\uff1agroshandel-750ml-glas-spirituosenflaschen-hersteller-porzellan","og_locale":"de_DE","og_type":"article","og_title":"750ml Glass Liquor Bottles Wholesale | Glass Bottle With Corks Suppliers","og_description":"Buy 750ml Glass Liquor Bottles Wholesale All in Lowest Price From China Glass Bottle Manufacturers&Suppliers. Free Sample&5 Years Warranty.","og_url":"https:\/\/ruishengglassco.com\/de\/produkt\/rs043\uff1agroshandel-750ml-glas-spirituosenflaschen-hersteller-porzellan","article_publisher":"https:\/\/www.facebook.com\/ruishengglassbottles","article_modified_time":"2025-09-11T08:25:17+00:00","og_image":[{"width":800,"height":800,"url":"https:\/\/ruishengglassco.com\/wp-content\/uploads\/2025\/03\/RS043\uff1aWholesale-750ml-Glass-Liquor-Bottles-Manufacturer-China.webp","type":"image\/webp"}],"twitter_card":"summary_large_image","twitter_misc":{"Gesch\u00e4tzte Lesezeit":"2\u00a0Minuten"},"schema":{"@context":"https:\/\/schema.org","@graph":[{"@type":"WebPage","@id":"https:\/\/ruishengglassco.com\/product\/rs043%ef%bc%9awholesale-750ml-glass-liquor-bottles-manufacturer-china","url":"https:\/\/ruishengglassco.com\/product\/rs043%ef%bc%9awholesale-750ml-glass-liquor-bottles-manufacturer-china","name":"750ml Glass Liquor Bottles Wholesale | Glass Bottle With Corks Suppliers","isPartOf":{"@id":"https:\/\/ruishengglassco.com\/#website"},"datePublished":"2025-03-15T04:27:21+00:00","dateModified":"2025-09-11T08:25:17+00:00","description":"Buy 750ml Glass Liquor Bottles Wholesale All in Lowest Price From China Glass Bottle Manufacturers&Suppliers. Free Sample&5 Years Warranty.","breadcrumb":{"@id":"https:\/\/ruishengglassco.com\/product\/rs043%ef%bc%9awholesale-750ml-glass-liquor-bottles-manufacturer-china#breadcrumb"},"inLanguage":"de","potentialAction":[{"@type":"ReadAction","target":["https:\/\/ruishengglassco.com\/product\/rs043%ef%bc%9awholesale-750ml-glass-liquor-bottles-manufacturer-china"]}]},{"@type":"BreadcrumbList","@id":"https:\/\/ruishengglassco.com\/product\/rs043%ef%bc%9awholesale-750ml-glass-liquor-bottles-manufacturer-china#breadcrumb","itemListElement":[{"@type":"ListItem","position":1,"name":"Home","item":"https:\/\/ruishengglassco.com\/"},{"@type":"ListItem","position":2,"name":"Products","item":"https:\/\/ruishengglassco.com\/products"},{"@type":"ListItem","position":3,"name":"RS043\uff1aWholesale 750ml Glass Liquor Bottles Manufacturer China"}]},{"@type":"WebSite","@id":"https:\/\/ruishengglassco.com\/#website","url":"https:\/\/ruishengglassco.com\/","name":"Ruisheng Glass","description":"","publisher":{"@id":"https:\/\/ruishengglassco.com\/#organization"},"potentialAction":[{"@type":"SearchAction","target":{"@type":"EntryPoint","urlTemplate":"https:\/\/ruishengglassco.com\/?s={search_term_string}"},"query-input":"required name=search_term_string"}],"inLanguage":"de"},{"@type":"Organization","@id":"https:\/\/ruishengglassco.com\/#organization","name":"Shandong Yuncheng Ruisheng Glass Co., Ltd","url":"https:\/\/ruishengglassco.com\/","logo":{"@type":"ImageObject","inLanguage":"de","@id":"https:\/\/ruishengglassco.com\/#\/schema\/logo\/image\/","url":"https:\/\/ruishengglassco.com\/wp-content\/uploads\/2023\/09\/ruisheng_logo_icon.webp","contentUrl":"https:\/\/ruishengglassco.com\/wp-content\/uploads\/2023\/09\/ruisheng_logo_icon.webp","width":400,"height":233,"caption":"Shandong Yuncheng Ruisheng Glass Co., Ltd"},"image":{"@id":"https:\/\/ruishengglassco.com\/#\/schema\/logo\/image\/"},"sameAs":["https:\/\/www.facebook.com\/ruishengglassbottles","https:\/\/www.instagram.com\/Ruishengglassbottlewholesales\/","https:\/\/www.youtube.com\/channel\/UCMmbMNGwsL-XrtjfSFLCdVQ"]}]}},"_links":{"self":[{"href":"https:\/\/ruishengglassco.com\/de\/wp-json\/wp\/v2\/product\/4306","targetHints":{"allow":["GET"]}}],"collection":[{"href":"https:\/\/ruishengglassco.com\/de\/wp-json\/wp\/v2\/product"}],"about":[{"href":"https:\/\/ruishengglassco.com\/de\/wp-json\/wp\/v2\/types\/product"}],"replies":[{"embeddable":true,"href":"https:\/\/ruishengglassco.com\/de\/wp-json\/wp\/v2\/comments?post=4306"}],"wp:featuredmedia":[{"embeddable":true,"href":"https:\/\/ruishengglassco.com\/de\/wp-json\/wp\/v2\/media\/4307"}],"wp:attachment":[{"href":"https:\/\/ruishengglassco.com\/de\/wp-json\/wp\/v2\/media?parent=4306"}],"wp:term":[{"taxonomy":"product_cat","embeddable":true,"href":"https:\/\/ruishengglassco.com\/de\/wp-json\/wp\/v2\/product_cat?post=4306"}],"curies":[{"name":"wp","href":"https:\/\/api.w.org\/{rel}","templated":true}]}}