{"id":4304,"date":"2025-03-15T12:19:29","date_gmt":"2025-03-15T04:19:29","guid":{"rendered":"https:\/\/ruishengglassco.com\/?post_type=product&#038;p=4304"},"modified":"2025-07-17T14:32:07","modified_gmt":"2025-07-17T06:32:07","slug":"rs044-70cl-glasflaschen-fur-branntwein","status":"publish","type":"product","link":"https:\/\/ruishengglassco.com\/de\/produkt\/rs044-70cl-glasflaschen-fur-branntwein","title":{"rendered":"RS044: 70cl Bulk-Glasflaschen f\u00fcr Brandy"},"content":{"rendered":"<p>Eine transparente, klare, leere Schnapsflasche, die f\u00fcr die Verpackung von Weinbrand entwickelt wurde. Die Annahme extrem wei\u00dfes Kristallglas Material, das unsere Brandy Dekanter mehr transparent, langlebig, und nicht leicht zu brechen macht. Attraktives Aussehen mit Bogen Formen Design am Boden wird Ihr Kunde die Augen zum ersten Mal zu fangen. Leere Brandy-Flasche mit der Metallkappe wird der Beh\u00e4lter von Sauerstoff zu halten.<\/p>\n<h2>Details zum Preis der leeren Brandyflasche<\/h2>\n<ul>\n<li>Referenz: RS044<\/li>\n<li>Fassungsverm\u00f6gen:70cl<\/li>\n<li>Hauptmaterial: kristallwei\u00dfes Material extrem wei\u00dfes Material<\/li>\n<li>Kappe: Kronkorken\/Kork<\/li>\n<li>MOQ: 10000 PCS<\/li>\n<li>St\u00fcck\/Gebinde: 24 St\u00fcck<\/li>\n<li>Herkunft des Ortes: Shandong, China<\/li>\n<li>Besonderheit: Umweltfreundlich<\/li>\n<li>Preis: Angebot einholen<\/li>\n<\/ul>\n<p>Sie k\u00f6nnen sie als Schnaps-, Whiskey-, Wodka-, Gin- oder Tequila-Flasche verwenden. Wir sind ein professioneller Hersteller von Spirituosenflaschen in China und bieten kundenspezifische Glasflaschen an. Wir bieten Hunderte von Glasformen zur Auswahl an. Wenn Sie mit diesen Formen nicht zufrieden sind, k\u00f6nnen wir sie nach Ihren speziellen Anforderungen entwerfen. Sie k\u00f6nnen die Gr\u00f6\u00dfe, die Farbe, das Muster, das Logo, die Verarbeitungsmethode, die Verpackung usw. der Glasflasche bestimmen. Wir werden unser Bestes tun, um Ihre W\u00fcnsche zu erf\u00fcllen.<\/p>\n<p>Unser Unternehmen zeichnet sich durch die Herstellung qualitativ hochwertiger Glasflaschen aus, so dass wir stets au\u00dfergew\u00f6hnliche Produkte liefern. Die Produktion von leeren 700-ml-Glasflaschen f\u00fcr den Verkauf erfolgt nach einer strengen Materialauswahl. Wir beziehen die Materialien aus dem Herkunftsland und verwenden fortschrittliche Maschinen zur Verarbeitung und Herstellung der Glasflaschen.<\/p>\n<p>Wenn Sie mit diesen leeren Schnapsflaschen zufrieden sind, kontaktieren Sie mich bitte rechtzeitig. Wenn es Ihnen nicht gef\u00e4llt, k\u00f6nnen Sie sich unsere anderen Flaschen ansehen. Oder ich gebe Ihnen den Katalog, und Sie k\u00f6nnen w\u00e4hlen, was Sie m\u00f6gen. Wenn Sie sich f\u00fcr den Preis der leeren Schnapsflaschen interessieren, setzen Sie sich bitte mit uns in Verbindung. Wir werden Ihnen innerhalb von 24 Stunden antworten.<\/p>","protected":false},"excerpt":{"rendered":"<p>Sind Sie auf der Suche nach dem 70cl leere Schnapsflasche Preis Fabrikverkauf? Ruisheng ist ein f\u00fchrender chinesischer Hersteller von Spirituosenflaschen mit \u00fcber 10 Jahren Erfahrung. Wir sind spezialisiert auf die Herstellung von Brandy-Flaschen f\u00fcr Marken, Unternehmen, Glasflaschen-Gro\u00dfh\u00e4ndler und Distributoren. Diese leere Brandy-Flasche Gro\u00dfhandel ist speziell f\u00fcr hochwertige Brandy-Verpackung konzipiert. Die Bestellinformationen sind unten aufgef\u00fchrt:<\/p>\n<ul>\n<li><strong><em>MOQ: 10000 PCS (etwa 11000 St\u00fcck)<\/em><\/strong><\/li>\n<li>Fassungsverm\u00f6gen: 700ml\/750ml\/1000ml<\/li>\n<li>Farbe: Transparent<\/li>\n<li>Gewicht: 640g<\/li>\n<li>H\u00f6he: 211 mm<\/li>\n<li>Durchmesser: 60 mm<\/li>\n<li>Angebotener OEM\/ODM-Service<\/li>\n<\/ul>\n<p>Wenn Sie sich f\u00fcr die <em>Preis der leeren Weinbrandflasche<\/em>klicken Sie bitte hier, um uns zu kontaktieren.<\/p>","protected":false},"featured_media":4305,"comment_status":"closed","ping_status":"closed","template":"","meta":[],"product_cat":[44,40,58],"class_list":{"0":"post-4304","1":"product","2":"type-product","3":"status-publish","4":"has-post-thumbnail","6":"product_cat-700ml-liquor-bottle-manufacturer","7":"product_cat-750ml-liquor-bottle-manufacturer","8":"product_cat-brandy-bottle","10":"first","11":"instock","12":"shipping-taxable","13":"product-type-simple"},"yoast_head":"<!-- This site is optimized with the Yoast SEO plugin v22.0 - https:\/\/yoast.com\/wordpress\/plugins\/seo\/ -->\n<title>Empty Brandy Bottle Price | China Liquor Bottle Manufacturers<\/title>\n<meta name=\"description\" content=\"Ruisheng, a professional China liquor bottle manufacturer, provide empty brandy bottle price for brands, companies, and wholesalers. Get Quote Here.\" \/>\n<meta name=\"robots\" content=\"index, follow, max-snippet:-1, max-image-preview:large, max-video-preview:-1\" \/>\n<link rel=\"canonical\" href=\"https:\/\/ruishengglassco.com\/de\/produkt\/rs044-70cl-glasflaschen-fur-branntwein\" \/>\n<meta property=\"og:locale\" content=\"de_DE\" \/>\n<meta property=\"og:type\" content=\"article\" \/>\n<meta property=\"og:title\" content=\"Empty Brandy Bottle Price | China Liquor Bottle Manufacturers\" \/>\n<meta property=\"og:description\" content=\"Ruisheng, a professional China liquor bottle manufacturer, provide empty brandy bottle price for brands, companies, and wholesalers. Get Quote Here.\" \/>\n<meta property=\"og:url\" content=\"https:\/\/ruishengglassco.com\/de\/produkt\/rs044-70cl-glasflaschen-fur-branntwein\" \/>\n<meta property=\"article:publisher\" content=\"https:\/\/www.facebook.com\/ruishengglassbottles\" \/>\n<meta property=\"article:modified_time\" content=\"2025-07-17T06:32:07+00:00\" \/>\n<meta property=\"og:image\" content=\"https:\/\/ruishengglassco.com\/wp-content\/uploads\/2025\/03\/RS044-70cl-Bulk-Glass-Bottles-For-Brandy.webp\" \/>\n\t<meta property=\"og:image:width\" content=\"800\" \/>\n\t<meta property=\"og:image:height\" content=\"800\" \/>\n\t<meta property=\"og:image:type\" content=\"image\/webp\" \/>\n<meta name=\"twitter:card\" content=\"summary_large_image\" \/>\n<meta name=\"twitter:label1\" content=\"Gesch\u00e4tzte Lesezeit\" \/>\n\t<meta name=\"twitter:data1\" content=\"2\u00a0Minuten\" \/>\n<script type=\"application\/ld+json\" class=\"yoast-schema-graph\">{\"@context\":\"https:\/\/schema.org\",\"@graph\":[{\"@type\":\"WebPage\",\"@id\":\"https:\/\/ruishengglassco.com\/product\/rs044-70cl-bulk-glass-bottles-for-brandy\",\"url\":\"https:\/\/ruishengglassco.com\/product\/rs044-70cl-bulk-glass-bottles-for-brandy\",\"name\":\"Empty Brandy Bottle Price | China Liquor Bottle Manufacturers\",\"isPartOf\":{\"@id\":\"https:\/\/ruishengglassco.com\/#website\"},\"datePublished\":\"2025-03-15T04:19:29+00:00\",\"dateModified\":\"2025-07-17T06:32:07+00:00\",\"description\":\"Ruisheng, a professional China liquor bottle manufacturer, provide empty brandy bottle price for brands, companies, and wholesalers. Get Quote Here.\",\"breadcrumb\":{\"@id\":\"https:\/\/ruishengglassco.com\/product\/rs044-70cl-bulk-glass-bottles-for-brandy#breadcrumb\"},\"inLanguage\":\"de\",\"potentialAction\":[{\"@type\":\"ReadAction\",\"target\":[\"https:\/\/ruishengglassco.com\/product\/rs044-70cl-bulk-glass-bottles-for-brandy\"]}]},{\"@type\":\"BreadcrumbList\",\"@id\":\"https:\/\/ruishengglassco.com\/product\/rs044-70cl-bulk-glass-bottles-for-brandy#breadcrumb\",\"itemListElement\":[{\"@type\":\"ListItem\",\"position\":1,\"name\":\"Home\",\"item\":\"https:\/\/ruishengglassco.com\/\"},{\"@type\":\"ListItem\",\"position\":2,\"name\":\"Products\",\"item\":\"https:\/\/ruishengglassco.com\/products\"},{\"@type\":\"ListItem\",\"position\":3,\"name\":\"RS044: 70cl Bulk Glass Bottles For Brandy\"}]},{\"@type\":\"WebSite\",\"@id\":\"https:\/\/ruishengglassco.com\/#website\",\"url\":\"https:\/\/ruishengglassco.com\/\",\"name\":\"Ruisheng Glass\",\"description\":\"\",\"publisher\":{\"@id\":\"https:\/\/ruishengglassco.com\/#organization\"},\"potentialAction\":[{\"@type\":\"SearchAction\",\"target\":{\"@type\":\"EntryPoint\",\"urlTemplate\":\"https:\/\/ruishengglassco.com\/?s={search_term_string}\"},\"query-input\":\"required name=search_term_string\"}],\"inLanguage\":\"de\"},{\"@type\":\"Organization\",\"@id\":\"https:\/\/ruishengglassco.com\/#organization\",\"name\":\"Shandong Yuncheng Ruisheng Glass Co., Ltd\",\"url\":\"https:\/\/ruishengglassco.com\/\",\"logo\":{\"@type\":\"ImageObject\",\"inLanguage\":\"de\",\"@id\":\"https:\/\/ruishengglassco.com\/#\/schema\/logo\/image\/\",\"url\":\"https:\/\/ruishengglassco.com\/wp-content\/uploads\/2023\/09\/ruisheng_logo_icon.webp\",\"contentUrl\":\"https:\/\/ruishengglassco.com\/wp-content\/uploads\/2023\/09\/ruisheng_logo_icon.webp\",\"width\":400,\"height\":233,\"caption\":\"Shandong Yuncheng Ruisheng Glass Co., Ltd\"},\"image\":{\"@id\":\"https:\/\/ruishengglassco.com\/#\/schema\/logo\/image\/\"},\"sameAs\":[\"https:\/\/www.facebook.com\/ruishengglassbottles\",\"https:\/\/www.instagram.com\/Ruishengglassbottlewholesales\/\",\"https:\/\/www.youtube.com\/channel\/UCMmbMNGwsL-XrtjfSFLCdVQ\"]}]}<\/script>\n<!-- \/ Yoast SEO plugin. -->","yoast_head_json":{"title":"Empty Brandy Bottle Price | China Liquor Bottle Manufacturers","description":"Ruisheng, a professional China liquor bottle manufacturer, provide empty brandy bottle price for brands, companies, and wholesalers. Get Quote Here.","robots":{"index":"index","follow":"follow","max-snippet":"max-snippet:-1","max-image-preview":"max-image-preview:large","max-video-preview":"max-video-preview:-1"},"canonical":"https:\/\/ruishengglassco.com\/de\/produkt\/rs044-70cl-glasflaschen-fur-branntwein","og_locale":"de_DE","og_type":"article","og_title":"Empty Brandy Bottle Price | China Liquor Bottle Manufacturers","og_description":"Ruisheng, a professional China liquor bottle manufacturer, provide empty brandy bottle price for brands, companies, and wholesalers. Get Quote Here.","og_url":"https:\/\/ruishengglassco.com\/de\/produkt\/rs044-70cl-glasflaschen-fur-branntwein","article_publisher":"https:\/\/www.facebook.com\/ruishengglassbottles","article_modified_time":"2025-07-17T06:32:07+00:00","og_image":[{"width":800,"height":800,"url":"https:\/\/ruishengglassco.com\/wp-content\/uploads\/2025\/03\/RS044-70cl-Bulk-Glass-Bottles-For-Brandy.webp","type":"image\/webp"}],"twitter_card":"summary_large_image","twitter_misc":{"Gesch\u00e4tzte Lesezeit":"2\u00a0Minuten"},"schema":{"@context":"https:\/\/schema.org","@graph":[{"@type":"WebPage","@id":"https:\/\/ruishengglassco.com\/product\/rs044-70cl-bulk-glass-bottles-for-brandy","url":"https:\/\/ruishengglassco.com\/product\/rs044-70cl-bulk-glass-bottles-for-brandy","name":"Empty Brandy Bottle Price | China Liquor Bottle Manufacturers","isPartOf":{"@id":"https:\/\/ruishengglassco.com\/#website"},"datePublished":"2025-03-15T04:19:29+00:00","dateModified":"2025-07-17T06:32:07+00:00","description":"Ruisheng, a professional China liquor bottle manufacturer, provide empty brandy bottle price for brands, companies, and wholesalers. Get Quote Here.","breadcrumb":{"@id":"https:\/\/ruishengglassco.com\/product\/rs044-70cl-bulk-glass-bottles-for-brandy#breadcrumb"},"inLanguage":"de","potentialAction":[{"@type":"ReadAction","target":["https:\/\/ruishengglassco.com\/product\/rs044-70cl-bulk-glass-bottles-for-brandy"]}]},{"@type":"BreadcrumbList","@id":"https:\/\/ruishengglassco.com\/product\/rs044-70cl-bulk-glass-bottles-for-brandy#breadcrumb","itemListElement":[{"@type":"ListItem","position":1,"name":"Home","item":"https:\/\/ruishengglassco.com\/"},{"@type":"ListItem","position":2,"name":"Products","item":"https:\/\/ruishengglassco.com\/products"},{"@type":"ListItem","position":3,"name":"RS044: 70cl Bulk Glass Bottles For Brandy"}]},{"@type":"WebSite","@id":"https:\/\/ruishengglassco.com\/#website","url":"https:\/\/ruishengglassco.com\/","name":"Ruisheng Glass","description":"","publisher":{"@id":"https:\/\/ruishengglassco.com\/#organization"},"potentialAction":[{"@type":"SearchAction","target":{"@type":"EntryPoint","urlTemplate":"https:\/\/ruishengglassco.com\/?s={search_term_string}"},"query-input":"required name=search_term_string"}],"inLanguage":"de"},{"@type":"Organization","@id":"https:\/\/ruishengglassco.com\/#organization","name":"Shandong Yuncheng Ruisheng Glass Co., Ltd","url":"https:\/\/ruishengglassco.com\/","logo":{"@type":"ImageObject","inLanguage":"de","@id":"https:\/\/ruishengglassco.com\/#\/schema\/logo\/image\/","url":"https:\/\/ruishengglassco.com\/wp-content\/uploads\/2023\/09\/ruisheng_logo_icon.webp","contentUrl":"https:\/\/ruishengglassco.com\/wp-content\/uploads\/2023\/09\/ruisheng_logo_icon.webp","width":400,"height":233,"caption":"Shandong Yuncheng Ruisheng Glass Co., Ltd"},"image":{"@id":"https:\/\/ruishengglassco.com\/#\/schema\/logo\/image\/"},"sameAs":["https:\/\/www.facebook.com\/ruishengglassbottles","https:\/\/www.instagram.com\/Ruishengglassbottlewholesales\/","https:\/\/www.youtube.com\/channel\/UCMmbMNGwsL-XrtjfSFLCdVQ"]}]}},"_links":{"self":[{"href":"https:\/\/ruishengglassco.com\/de\/wp-json\/wp\/v2\/product\/4304","targetHints":{"allow":["GET"]}}],"collection":[{"href":"https:\/\/ruishengglassco.com\/de\/wp-json\/wp\/v2\/product"}],"about":[{"href":"https:\/\/ruishengglassco.com\/de\/wp-json\/wp\/v2\/types\/product"}],"replies":[{"embeddable":true,"href":"https:\/\/ruishengglassco.com\/de\/wp-json\/wp\/v2\/comments?post=4304"}],"wp:featuredmedia":[{"embeddable":true,"href":"https:\/\/ruishengglassco.com\/de\/wp-json\/wp\/v2\/media\/4305"}],"wp:attachment":[{"href":"https:\/\/ruishengglassco.com\/de\/wp-json\/wp\/v2\/media?parent=4304"}],"wp:term":[{"taxonomy":"product_cat","embeddable":true,"href":"https:\/\/ruishengglassco.com\/de\/wp-json\/wp\/v2\/product_cat?post=4304"}],"curies":[{"name":"wp","href":"https:\/\/api.w.org\/{rel}","templated":true}]}}