{"id":4302,"date":"2025-03-15T12:16:17","date_gmt":"2025-03-15T04:16:17","guid":{"rendered":"https:\/\/ruishengglassco.com\/?post_type=product&#038;p=4302"},"modified":"2025-07-17T09:26:40","modified_gmt":"2025-07-17T01:26:40","slug":"rs045-groshandel-750ml-glasflasche-mit-korken-fur-spirituosen","status":"publish","type":"product","link":"https:\/\/ruishengglassco.com\/de\/produkt\/rs045-groshandel-750ml-glasflasche-mit-korken-fur-spirituosen","title":{"rendered":"RS045: Gro\u00dfhandel 750ml Glasflasche mit Kork f\u00fcr Spiritus"},"content":{"rendered":"<h2>Glasflasche mit Korken Gro\u00dfhandel f\u00fcr Spirituosen<\/h2>\n<p>Unser Unternehmen konzentriert sich auf den Export von 750ml-Glasflaschen. Wir haben bereits in die Vereinigten Staaten, nach Russland, Afrika und andere L\u00e4nder exportiert. Die Kunden loben immer wieder unsere Produkte. Benutzerdefinierte bedruckte Glasflaschen 750ml Glasflasche Lieferanten sind eines der Projekte in unserem Unternehmen.<\/p>\n<p>Unser Unternehmen hat \u00fcber 500 Mitarbeiter und ein Team von qualifizierten Ingenieuren. Mit unserer reichen Erfahrung haben wir einen guten Ruf auf der ganzen Welt sorgf\u00e4ltig pr\u00fcfen jede Flasche und wird wany die unqualifonestles behandeln. Wir k\u00f6nnen garantieren, dass jede Flasche in Ihrer Hand perfekt ist.<\/p>\n<p>Unsere Hauptprodukte sind hochwertige 750-ml-Glasflaschen zum Verkauf wie Wodkaflaschen, Schnapsflaschen, Whiskeyflaschen, Lik\u00f6rflaschen, Marmeladenflaschen und so weiter. Wir k\u00f6nnen auch Braunglasflaschen, gr\u00fcne Flaschen und Wasserflaschen anbieten. Unsere Hauptm\u00e4rkte sind Europa, die USA, Australien und andere Regionen. Unsere Produkte genie\u00dfen einen guten Ruf f\u00fcr Innovation und Funktionalit\u00e4t.<\/p>\n<h2>Details \u00fcber Glasflasche mit Kork Gro\u00dfhandel<\/h2>\n<ul>\n<li>Hauptmaterial: Glas mit hohem Feuersteinanteil<\/li>\n<li>Verschluss: Schraubverschluss<\/li>\n<li>Referenz: RS045<\/li>\n<li>MOQ: 10000 PCS<\/li>\n<li>Fassungsverm\u00f6gen:750ml<\/li>\n<li>St\u00fcck\/Gebinde:24St\u00fcck<\/li>\n<li>Herkunft des Ortes: Shandong, China<\/li>\n<li>Besonderheit: Umweltfreundlich<\/li>\n<\/ul>\n<p>Diese individuell bedruckten 750-ml-Glasflaschen haben eine unverwechselbare Form, die sich durch einen langen Hals und einen dickeren Boden auszeichnet. Wir k\u00f6nnen die Oberfl\u00e4che tief bearbeiten und Ihr Logo aufdrucken. Au\u00dferdem kann die M\u00fcndung dieser Flasche ge\u00e4ndert werden; wir k\u00f6nnen es \u00e4ndern, was Sie wollen.<\/p>\n<p>Besonders erw\u00e4hnenswert ist, dass Sie unser Werk jederzeit besuchen k\u00f6nnen; wir sind bereit, Sie zu empfangen. Wir haben spezielle Mitarbeiter, die das Unternehmen vorstellen und daf\u00fcr sorgen, dass Sie unser Unternehmen vollst\u00e4ndig kennenlernen.<\/p>\n<p>Unser Unternehmen akzeptiert auch kundenspezifische Glasflaschen; wir k\u00f6nnen die gleiche Glasflasche nach den von Ihnen angegebenen Informationen herstellen.<\/p>\n<p>Wenn Sie an unseren individuell bedruckten 750ml-Glasflaschen interessiert sind, z\u00f6gern Sie bitte nicht, uns zu kontaktieren. Wir werden Ihnen innerhalb von 24 Stunden antworten.<\/p>","protected":false},"excerpt":{"rendered":"<table class=\"tg\">\n<tbody>\n<tr>\n<th class=\"tg-24i8\" colspan=\"2\">Gro\u00dfhandel 750ml Glasflasche mit Kork f\u00fcr Spiritus<\/th>\n<\/tr>\n<tr>\n<td class=\"tg-b7b8\">Hauptmaterial:<\/td>\n<td class=\"tg-b7b8\">Bleifreies superwei\u00dfes Glas<\/td>\n<\/tr>\n<tr>\n<td class=\"tg-yw4l\">Kappe:<\/td>\n<td class=\"tg-yw4l\">Metallkappe\/Kork\/Schraubkappe<\/td>\n<\/tr>\n<tr>\n<td class=\"tg-b7b8\">Kapazit\u00e4t:<\/td>\n<td class=\"tg-b7b8\">700ml\/750ml<\/td>\n<\/tr>\n<tr>\n<td class=\"tg-yw4l\">Farbe<\/td>\n<td class=\"tg-yw4l\">Transparent<\/td>\n<\/tr>\n<tr>\n<td class=\"tg-b7b8\"><strong>MOQ:<\/strong><\/td>\n<td class=\"tg-b7b8\"><strong>10000 PCS<\/strong><\/td>\n<\/tr>\n<tr>\n<td class=\"tg-yw4l\">Gewicht<\/td>\n<td class=\"tg-yw4l\">540g<\/td>\n<\/tr>\n<tr>\n<td class=\"tg-b7b8\">H\u00f6he<\/td>\n<td class=\"tg-b7b8\">232mm<\/td>\n<\/tr>\n<tr>\n<td class=\"tg-yw4l\">Referenz:<\/td>\n<td class=\"tg-yw4l\">RS045<\/td>\n<\/tr>\n<tr>\n<td class=\"tg-b7b8\">Versandart:<\/td>\n<td class=\"tg-b7b8\">Schiff, Express<\/td>\n<\/tr>\n<tr>\n<td class=\"tg-yw4l\">OEM\/ODM:<\/td>\n<td class=\"tg-yw4l\">Willkommen<\/td>\n<\/tr>\n<\/tbody>\n<\/table>","protected":false},"featured_media":4303,"comment_status":"closed","ping_status":"closed","template":"","meta":[],"product_cat":[44,40],"class_list":{"0":"post-4302","1":"product","2":"type-product","3":"status-publish","4":"has-post-thumbnail","6":"product_cat-700ml-liquor-bottle-manufacturer","7":"product_cat-750ml-liquor-bottle-manufacturer","9":"first","10":"instock","11":"shipping-taxable","12":"product-type-simple"},"yoast_head":"<!-- This site is optimized with the Yoast SEO plugin v22.0 - https:\/\/yoast.com\/wordpress\/plugins\/seo\/ -->\n<title>Glass Bottle With Cork Wholesale | Bulk Spirit Bottle Manufacturers<\/title>\n<meta name=\"description\" content=\"Ruisheng, one of the largest bulk spirit bottle manufacturers from China, provide glass bottle with corks wholesale for liquor brand&amp;company.\" \/>\n<meta name=\"robots\" content=\"index, follow, max-snippet:-1, max-image-preview:large, max-video-preview:-1\" \/>\n<link rel=\"canonical\" href=\"https:\/\/ruishengglassco.com\/de\/produkt\/rs045-groshandel-750ml-glasflasche-mit-korken-fur-spirituosen\" \/>\n<meta property=\"og:locale\" content=\"de_DE\" \/>\n<meta property=\"og:type\" content=\"article\" \/>\n<meta property=\"og:title\" content=\"Glass Bottle With Cork Wholesale | Bulk Spirit Bottle Manufacturers\" \/>\n<meta property=\"og:description\" content=\"Ruisheng, one of the largest bulk spirit bottle manufacturers from China, provide glass bottle with corks wholesale for liquor brand&amp;company.\" \/>\n<meta property=\"og:url\" content=\"https:\/\/ruishengglassco.com\/de\/produkt\/rs045-groshandel-750ml-glasflasche-mit-korken-fur-spirituosen\" \/>\n<meta property=\"article:publisher\" content=\"https:\/\/www.facebook.com\/ruishengglassbottles\" \/>\n<meta property=\"article:modified_time\" content=\"2025-07-17T01:26:40+00:00\" \/>\n<meta property=\"og:image\" content=\"https:\/\/ruishengglassco.com\/wp-content\/uploads\/2025\/03\/RS045-Wholesale-750ml-Glass-Bottle-With-Cork-For-Spirit.webp\" \/>\n\t<meta property=\"og:image:width\" content=\"800\" \/>\n\t<meta property=\"og:image:height\" content=\"800\" \/>\n\t<meta property=\"og:image:type\" content=\"image\/webp\" \/>\n<meta name=\"twitter:card\" content=\"summary_large_image\" \/>\n<meta name=\"twitter:label1\" content=\"Gesch\u00e4tzte Lesezeit\" \/>\n\t<meta name=\"twitter:data1\" content=\"2\u00a0Minuten\" \/>\n<script type=\"application\/ld+json\" class=\"yoast-schema-graph\">{\"@context\":\"https:\/\/schema.org\",\"@graph\":[{\"@type\":\"WebPage\",\"@id\":\"https:\/\/ruishengglassco.com\/product\/rs045-wholesale-750ml-glass-bottle-with-cork-for-spirit\",\"url\":\"https:\/\/ruishengglassco.com\/product\/rs045-wholesale-750ml-glass-bottle-with-cork-for-spirit\",\"name\":\"Glass Bottle With Cork Wholesale | Bulk Spirit Bottle Manufacturers\",\"isPartOf\":{\"@id\":\"https:\/\/ruishengglassco.com\/#website\"},\"datePublished\":\"2025-03-15T04:16:17+00:00\",\"dateModified\":\"2025-07-17T01:26:40+00:00\",\"description\":\"Ruisheng, one of the largest bulk spirit bottle manufacturers from China, provide glass bottle with corks wholesale for liquor brand&company.\",\"breadcrumb\":{\"@id\":\"https:\/\/ruishengglassco.com\/product\/rs045-wholesale-750ml-glass-bottle-with-cork-for-spirit#breadcrumb\"},\"inLanguage\":\"de\",\"potentialAction\":[{\"@type\":\"ReadAction\",\"target\":[\"https:\/\/ruishengglassco.com\/product\/rs045-wholesale-750ml-glass-bottle-with-cork-for-spirit\"]}]},{\"@type\":\"BreadcrumbList\",\"@id\":\"https:\/\/ruishengglassco.com\/product\/rs045-wholesale-750ml-glass-bottle-with-cork-for-spirit#breadcrumb\",\"itemListElement\":[{\"@type\":\"ListItem\",\"position\":1,\"name\":\"Home\",\"item\":\"https:\/\/ruishengglassco.com\/\"},{\"@type\":\"ListItem\",\"position\":2,\"name\":\"Products\",\"item\":\"https:\/\/ruishengglassco.com\/products\"},{\"@type\":\"ListItem\",\"position\":3,\"name\":\"RS045: Wholesale 750ml Glass Bottle With Cork For Spirit\"}]},{\"@type\":\"WebSite\",\"@id\":\"https:\/\/ruishengglassco.com\/#website\",\"url\":\"https:\/\/ruishengglassco.com\/\",\"name\":\"Ruisheng Glass\",\"description\":\"\",\"publisher\":{\"@id\":\"https:\/\/ruishengglassco.com\/#organization\"},\"potentialAction\":[{\"@type\":\"SearchAction\",\"target\":{\"@type\":\"EntryPoint\",\"urlTemplate\":\"https:\/\/ruishengglassco.com\/?s={search_term_string}\"},\"query-input\":\"required name=search_term_string\"}],\"inLanguage\":\"de\"},{\"@type\":\"Organization\",\"@id\":\"https:\/\/ruishengglassco.com\/#organization\",\"name\":\"Shandong Yuncheng Ruisheng Glass Co., Ltd\",\"url\":\"https:\/\/ruishengglassco.com\/\",\"logo\":{\"@type\":\"ImageObject\",\"inLanguage\":\"de\",\"@id\":\"https:\/\/ruishengglassco.com\/#\/schema\/logo\/image\/\",\"url\":\"https:\/\/ruishengglassco.com\/wp-content\/uploads\/2023\/09\/ruisheng_logo_icon.webp\",\"contentUrl\":\"https:\/\/ruishengglassco.com\/wp-content\/uploads\/2023\/09\/ruisheng_logo_icon.webp\",\"width\":400,\"height\":233,\"caption\":\"Shandong Yuncheng Ruisheng Glass Co., Ltd\"},\"image\":{\"@id\":\"https:\/\/ruishengglassco.com\/#\/schema\/logo\/image\/\"},\"sameAs\":[\"https:\/\/www.facebook.com\/ruishengglassbottles\",\"https:\/\/www.instagram.com\/Ruishengglassbottlewholesales\/\",\"https:\/\/www.youtube.com\/channel\/UCMmbMNGwsL-XrtjfSFLCdVQ\"]}]}<\/script>\n<!-- \/ Yoast SEO plugin. -->","yoast_head_json":{"title":"Glass Bottle With Cork Wholesale | Bulk Spirit Bottle Manufacturers","description":"Ruisheng, one of the largest bulk spirit bottle manufacturers from China, provide glass bottle with corks wholesale for liquor brand&company.","robots":{"index":"index","follow":"follow","max-snippet":"max-snippet:-1","max-image-preview":"max-image-preview:large","max-video-preview":"max-video-preview:-1"},"canonical":"https:\/\/ruishengglassco.com\/de\/produkt\/rs045-groshandel-750ml-glasflasche-mit-korken-fur-spirituosen","og_locale":"de_DE","og_type":"article","og_title":"Glass Bottle With Cork Wholesale | Bulk Spirit Bottle Manufacturers","og_description":"Ruisheng, one of the largest bulk spirit bottle manufacturers from China, provide glass bottle with corks wholesale for liquor brand&company.","og_url":"https:\/\/ruishengglassco.com\/de\/produkt\/rs045-groshandel-750ml-glasflasche-mit-korken-fur-spirituosen","article_publisher":"https:\/\/www.facebook.com\/ruishengglassbottles","article_modified_time":"2025-07-17T01:26:40+00:00","og_image":[{"width":800,"height":800,"url":"https:\/\/ruishengglassco.com\/wp-content\/uploads\/2025\/03\/RS045-Wholesale-750ml-Glass-Bottle-With-Cork-For-Spirit.webp","type":"image\/webp"}],"twitter_card":"summary_large_image","twitter_misc":{"Gesch\u00e4tzte Lesezeit":"2\u00a0Minuten"},"schema":{"@context":"https:\/\/schema.org","@graph":[{"@type":"WebPage","@id":"https:\/\/ruishengglassco.com\/product\/rs045-wholesale-750ml-glass-bottle-with-cork-for-spirit","url":"https:\/\/ruishengglassco.com\/product\/rs045-wholesale-750ml-glass-bottle-with-cork-for-spirit","name":"Glass Bottle With Cork Wholesale | Bulk Spirit Bottle Manufacturers","isPartOf":{"@id":"https:\/\/ruishengglassco.com\/#website"},"datePublished":"2025-03-15T04:16:17+00:00","dateModified":"2025-07-17T01:26:40+00:00","description":"Ruisheng, one of the largest bulk spirit bottle manufacturers from China, provide glass bottle with corks wholesale for liquor brand&company.","breadcrumb":{"@id":"https:\/\/ruishengglassco.com\/product\/rs045-wholesale-750ml-glass-bottle-with-cork-for-spirit#breadcrumb"},"inLanguage":"de","potentialAction":[{"@type":"ReadAction","target":["https:\/\/ruishengglassco.com\/product\/rs045-wholesale-750ml-glass-bottle-with-cork-for-spirit"]}]},{"@type":"BreadcrumbList","@id":"https:\/\/ruishengglassco.com\/product\/rs045-wholesale-750ml-glass-bottle-with-cork-for-spirit#breadcrumb","itemListElement":[{"@type":"ListItem","position":1,"name":"Home","item":"https:\/\/ruishengglassco.com\/"},{"@type":"ListItem","position":2,"name":"Products","item":"https:\/\/ruishengglassco.com\/products"},{"@type":"ListItem","position":3,"name":"RS045: Wholesale 750ml Glass Bottle With Cork For Spirit"}]},{"@type":"WebSite","@id":"https:\/\/ruishengglassco.com\/#website","url":"https:\/\/ruishengglassco.com\/","name":"Ruisheng Glass","description":"","publisher":{"@id":"https:\/\/ruishengglassco.com\/#organization"},"potentialAction":[{"@type":"SearchAction","target":{"@type":"EntryPoint","urlTemplate":"https:\/\/ruishengglassco.com\/?s={search_term_string}"},"query-input":"required name=search_term_string"}],"inLanguage":"de"},{"@type":"Organization","@id":"https:\/\/ruishengglassco.com\/#organization","name":"Shandong Yuncheng Ruisheng Glass Co., Ltd","url":"https:\/\/ruishengglassco.com\/","logo":{"@type":"ImageObject","inLanguage":"de","@id":"https:\/\/ruishengglassco.com\/#\/schema\/logo\/image\/","url":"https:\/\/ruishengglassco.com\/wp-content\/uploads\/2023\/09\/ruisheng_logo_icon.webp","contentUrl":"https:\/\/ruishengglassco.com\/wp-content\/uploads\/2023\/09\/ruisheng_logo_icon.webp","width":400,"height":233,"caption":"Shandong Yuncheng Ruisheng Glass Co., Ltd"},"image":{"@id":"https:\/\/ruishengglassco.com\/#\/schema\/logo\/image\/"},"sameAs":["https:\/\/www.facebook.com\/ruishengglassbottles","https:\/\/www.instagram.com\/Ruishengglassbottlewholesales\/","https:\/\/www.youtube.com\/channel\/UCMmbMNGwsL-XrtjfSFLCdVQ"]}]}},"_links":{"self":[{"href":"https:\/\/ruishengglassco.com\/de\/wp-json\/wp\/v2\/product\/4302","targetHints":{"allow":["GET"]}}],"collection":[{"href":"https:\/\/ruishengglassco.com\/de\/wp-json\/wp\/v2\/product"}],"about":[{"href":"https:\/\/ruishengglassco.com\/de\/wp-json\/wp\/v2\/types\/product"}],"replies":[{"embeddable":true,"href":"https:\/\/ruishengglassco.com\/de\/wp-json\/wp\/v2\/comments?post=4302"}],"wp:featuredmedia":[{"embeddable":true,"href":"https:\/\/ruishengglassco.com\/de\/wp-json\/wp\/v2\/media\/4303"}],"wp:attachment":[{"href":"https:\/\/ruishengglassco.com\/de\/wp-json\/wp\/v2\/media?parent=4302"}],"wp:term":[{"taxonomy":"product_cat","embeddable":true,"href":"https:\/\/ruishengglassco.com\/de\/wp-json\/wp\/v2\/product_cat?post=4302"}],"curies":[{"name":"wp","href":"https:\/\/api.w.org\/{rel}","templated":true}]}}