{"id":4298,"date":"2025-03-15T12:08:58","date_gmt":"2025-03-15T04:08:58","guid":{"rendered":"https:\/\/ruishengglassco.com\/?post_type=product&#038;p=4298"},"modified":"2025-07-17T14:29:28","modified_gmt":"2025-07-17T06:29:28","slug":"rs047-flache-500-ml-flaschen-hersteller-fur-rum","status":"publish","type":"product","link":"https:\/\/ruishengglassco.com\/de\/produkt\/rs047-flache-500-ml-flaschen-hersteller-fur-rum","title":{"rendered":"RS047: Flache 500-ml-Flaschen f\u00fcr Rum"},"content":{"rendered":"<p>Diese 500ml Flachglasflaschen werden im Gro\u00dfhandel von Shandong Yuncheng Ruisheng Glass Co. bezogen. Ruisheng ist einer der gr\u00f6\u00dften Hersteller von Glasflaschen mit hohem Feuersteinanteil in China. Es bietet nicht nur erstklassige Klarglasflaschen, sondern auch mittelm\u00e4\u00dfige Klarglasflaschen und Gr\u00fcnglasflaschen an.<\/p>\n<p>Diese flache Glasflasche ist weit verbreitet. Diese 500-ml-Glasflaschen eignen sich f\u00fcr die Lagerung von Wein, Wodka, Whiskey, Rum, Gin und anderen Fl\u00fcssigkeiten. Diese Glasflaschen k\u00f6nnen in viele L\u00e4nder und Regionen verkauft werden, darunter Europa, die USA, Australien und andere.<\/p>\n<p>Diese klaren, flachen Glasflaschen werden aus Superflintglas hergestellt. Dieses Glasflaschenmaterial ist das hochwertigste Material f\u00fcr Glasflaschen. Dieses Material wird aus einer Glasflasche hergestellt, die sehr klar, glatt und haltbar ist.<\/p>\n<p>Wir k\u00f6nnen diese klaren, flachen Glasflaschen in vielen Gr\u00f6\u00dfen herstellen, wenn Sie sie ben\u00f6tigen. Wie zum Beispiel 375ml, 500ml, 700ml, 750ml, 1000ml und andere. Jetzt unsere bestehenden Glasflaschen sind 500ml. Wenn Sie es brauchen, k\u00f6nnen wir eine neue Form machen, um die Glasflaschen zu machen.<\/p>\n<h2>Die Details \u00fcber 500ml flache Glasflaschen Fabrik f\u00fcr Rum<\/h2>\n<ul>\n<li>Marke: Ruisheng(RS)<\/li>\n<li>Fassungsverm\u00f6gen: 500ml\/750ml\/Kundenspezifisch<\/li>\n<li>Farbe: Klar\/Transparent<\/li>\n<li>Verschl\u00fcsse: KorkFlaschenform Quadratisch<\/li>\n<li>Gewicht: 700G<\/li>\n<li>H\u00f6he: 230MM\u00b12MM<\/li>\n<li>Durchmesser: 90MM\u00b12MM<\/li>\n<li><strong>MOQ:<\/strong> 1\u00d740HQ(Rund 30000St\u00fcck 500ml Flaschen)<\/li>\n<\/ul>\n<p>Unsere diese Form Glasflaschen sind 500ml mit Korkverschluss, und diese Glasflaschen k\u00f6nnen ihre Kappe Ende zu Schraubverschluss \u00e4ndern. Es ist entsprechend den Anforderungen des Kunden.<\/p>\n<p>Wenn Sie 500ml klare Flintglasflaschen kaufen m\u00f6chten, oder Glasflaschen im Gro\u00dfhandel kaufen m\u00f6chten, kontaktieren Sie uns bitte per E-Mail oder Telefon. Wir werden Ihnen so schnell wie m\u00f6glich antworten.<\/p>","protected":false},"excerpt":{"rendered":"<p>Diese 500ml-Flachglasflaschen sind aus Superflintglas hergestellt. Dieses Glasflaschenmaterial ist das hochwertigste Material f\u00fcr Glasflaschen. Verwenden Sie dieses Material gemacht Glasflasche ist sehr klar, glatt, und es ist sehr langlebig.<\/p>","protected":false},"featured_media":4299,"comment_status":"closed","ping_status":"closed","template":"","meta":[],"product_cat":[41,50,57],"class_list":{"0":"post-4298","1":"product","2":"type-product","3":"status-publish","4":"has-post-thumbnail","6":"product_cat-500ml-liquor-bottle-manufacturer","7":"product_cat-gin-bottle","8":"product_cat-rum-bottle","10":"first","11":"instock","12":"shipping-taxable","13":"product-type-simple"},"yoast_head":"<!-- This site is optimized with the Yoast SEO plugin v22.0 - https:\/\/yoast.com\/wordpress\/plugins\/seo\/ -->\n<title>500ml Flat Glass Bottles Manufacturers | Bulk Old Rum Bottle With Cork<\/title>\n<meta name=\"description\" content=\"Ruidheng, China Best Liquor Bottle Manufacturers, Provide 500ml Flat Glass Bottles Wholesale For Rum. Welcome To Bulk Old Rum Bottle With Cork Factory Price.\" \/>\n<meta name=\"robots\" content=\"index, follow, max-snippet:-1, max-image-preview:large, max-video-preview:-1\" \/>\n<link rel=\"canonical\" href=\"https:\/\/ruishengglassco.com\/de\/produkt\/rs047-flache-500-ml-flaschen-hersteller-fur-rum\" \/>\n<meta property=\"og:locale\" content=\"de_DE\" \/>\n<meta property=\"og:type\" content=\"article\" \/>\n<meta property=\"og:title\" content=\"500ml Flat Glass Bottles Manufacturers | Bulk Old Rum Bottle With Cork\" \/>\n<meta property=\"og:description\" content=\"Ruidheng, China Best Liquor Bottle Manufacturers, Provide 500ml Flat Glass Bottles Wholesale For Rum. Welcome To Bulk Old Rum Bottle With Cork Factory Price.\" \/>\n<meta property=\"og:url\" content=\"https:\/\/ruishengglassco.com\/de\/produkt\/rs047-flache-500-ml-flaschen-hersteller-fur-rum\" \/>\n<meta property=\"article:publisher\" content=\"https:\/\/www.facebook.com\/ruishengglassbottles\" \/>\n<meta property=\"article:modified_time\" content=\"2025-07-17T06:29:28+00:00\" \/>\n<meta property=\"og:image\" content=\"https:\/\/ruishengglassco.com\/wp-content\/uploads\/2025\/03\/RS047-Flat-500-ml-Bottles-Wholesale-For-Rum.webp\" \/>\n\t<meta property=\"og:image:width\" content=\"800\" \/>\n\t<meta property=\"og:image:height\" content=\"800\" \/>\n\t<meta property=\"og:image:type\" content=\"image\/webp\" \/>\n<meta name=\"twitter:card\" content=\"summary_large_image\" \/>\n<meta name=\"twitter:label1\" content=\"Gesch\u00e4tzte Lesezeit\" \/>\n\t<meta name=\"twitter:data1\" content=\"2\u00a0Minuten\" \/>\n<script type=\"application\/ld+json\" class=\"yoast-schema-graph\">{\"@context\":\"https:\/\/schema.org\",\"@graph\":[{\"@type\":\"WebPage\",\"@id\":\"https:\/\/ruishengglassco.com\/product\/rs047-flat-500-ml-bottles-manufacturers-for-rum\",\"url\":\"https:\/\/ruishengglassco.com\/product\/rs047-flat-500-ml-bottles-manufacturers-for-rum\",\"name\":\"500ml Flat Glass Bottles Manufacturers | Bulk Old Rum Bottle With Cork\",\"isPartOf\":{\"@id\":\"https:\/\/ruishengglassco.com\/#website\"},\"datePublished\":\"2025-03-15T04:08:58+00:00\",\"dateModified\":\"2025-07-17T06:29:28+00:00\",\"description\":\"Ruidheng, China Best Liquor Bottle Manufacturers, Provide 500ml Flat Glass Bottles Wholesale For Rum. Welcome To Bulk Old Rum Bottle With Cork Factory Price.\",\"breadcrumb\":{\"@id\":\"https:\/\/ruishengglassco.com\/product\/rs047-flat-500-ml-bottles-manufacturers-for-rum#breadcrumb\"},\"inLanguage\":\"de\",\"potentialAction\":[{\"@type\":\"ReadAction\",\"target\":[\"https:\/\/ruishengglassco.com\/product\/rs047-flat-500-ml-bottles-manufacturers-for-rum\"]}]},{\"@type\":\"BreadcrumbList\",\"@id\":\"https:\/\/ruishengglassco.com\/product\/rs047-flat-500-ml-bottles-manufacturers-for-rum#breadcrumb\",\"itemListElement\":[{\"@type\":\"ListItem\",\"position\":1,\"name\":\"Home\",\"item\":\"https:\/\/ruishengglassco.com\/\"},{\"@type\":\"ListItem\",\"position\":2,\"name\":\"Products\",\"item\":\"https:\/\/ruishengglassco.com\/products\"},{\"@type\":\"ListItem\",\"position\":3,\"name\":\"RS047: Flat 500 ml Bottles For Rum\"}]},{\"@type\":\"WebSite\",\"@id\":\"https:\/\/ruishengglassco.com\/#website\",\"url\":\"https:\/\/ruishengglassco.com\/\",\"name\":\"Ruisheng Glass\",\"description\":\"\",\"publisher\":{\"@id\":\"https:\/\/ruishengglassco.com\/#organization\"},\"potentialAction\":[{\"@type\":\"SearchAction\",\"target\":{\"@type\":\"EntryPoint\",\"urlTemplate\":\"https:\/\/ruishengglassco.com\/?s={search_term_string}\"},\"query-input\":\"required name=search_term_string\"}],\"inLanguage\":\"de\"},{\"@type\":\"Organization\",\"@id\":\"https:\/\/ruishengglassco.com\/#organization\",\"name\":\"Shandong Yuncheng Ruisheng Glass Co., Ltd\",\"url\":\"https:\/\/ruishengglassco.com\/\",\"logo\":{\"@type\":\"ImageObject\",\"inLanguage\":\"de\",\"@id\":\"https:\/\/ruishengglassco.com\/#\/schema\/logo\/image\/\",\"url\":\"https:\/\/ruishengglassco.com\/wp-content\/uploads\/2023\/09\/ruisheng_logo_icon.webp\",\"contentUrl\":\"https:\/\/ruishengglassco.com\/wp-content\/uploads\/2023\/09\/ruisheng_logo_icon.webp\",\"width\":400,\"height\":233,\"caption\":\"Shandong Yuncheng Ruisheng Glass Co., Ltd\"},\"image\":{\"@id\":\"https:\/\/ruishengglassco.com\/#\/schema\/logo\/image\/\"},\"sameAs\":[\"https:\/\/www.facebook.com\/ruishengglassbottles\",\"https:\/\/www.instagram.com\/Ruishengglassbottlewholesales\/\",\"https:\/\/www.youtube.com\/channel\/UCMmbMNGwsL-XrtjfSFLCdVQ\"]}]}<\/script>\n<!-- \/ Yoast SEO plugin. -->","yoast_head_json":{"title":"500ml Flat Glass Bottles Manufacturers | Bulk Old Rum Bottle With Cork","description":"Ruidheng, China Best Liquor Bottle Manufacturers, Provide 500ml Flat Glass Bottles Wholesale For Rum. Welcome To Bulk Old Rum Bottle With Cork Factory Price.","robots":{"index":"index","follow":"follow","max-snippet":"max-snippet:-1","max-image-preview":"max-image-preview:large","max-video-preview":"max-video-preview:-1"},"canonical":"https:\/\/ruishengglassco.com\/de\/produkt\/rs047-flache-500-ml-flaschen-hersteller-fur-rum","og_locale":"de_DE","og_type":"article","og_title":"500ml Flat Glass Bottles Manufacturers | Bulk Old Rum Bottle With Cork","og_description":"Ruidheng, China Best Liquor Bottle Manufacturers, Provide 500ml Flat Glass Bottles Wholesale For Rum. Welcome To Bulk Old Rum Bottle With Cork Factory Price.","og_url":"https:\/\/ruishengglassco.com\/de\/produkt\/rs047-flache-500-ml-flaschen-hersteller-fur-rum","article_publisher":"https:\/\/www.facebook.com\/ruishengglassbottles","article_modified_time":"2025-07-17T06:29:28+00:00","og_image":[{"width":800,"height":800,"url":"https:\/\/ruishengglassco.com\/wp-content\/uploads\/2025\/03\/RS047-Flat-500-ml-Bottles-Wholesale-For-Rum.webp","type":"image\/webp"}],"twitter_card":"summary_large_image","twitter_misc":{"Gesch\u00e4tzte Lesezeit":"2\u00a0Minuten"},"schema":{"@context":"https:\/\/schema.org","@graph":[{"@type":"WebPage","@id":"https:\/\/ruishengglassco.com\/product\/rs047-flat-500-ml-bottles-manufacturers-for-rum","url":"https:\/\/ruishengglassco.com\/product\/rs047-flat-500-ml-bottles-manufacturers-for-rum","name":"500ml Flat Glass Bottles Manufacturers | Bulk Old Rum Bottle With Cork","isPartOf":{"@id":"https:\/\/ruishengglassco.com\/#website"},"datePublished":"2025-03-15T04:08:58+00:00","dateModified":"2025-07-17T06:29:28+00:00","description":"Ruidheng, China Best Liquor Bottle Manufacturers, Provide 500ml Flat Glass Bottles Wholesale For Rum. Welcome To Bulk Old Rum Bottle With Cork Factory Price.","breadcrumb":{"@id":"https:\/\/ruishengglassco.com\/product\/rs047-flat-500-ml-bottles-manufacturers-for-rum#breadcrumb"},"inLanguage":"de","potentialAction":[{"@type":"ReadAction","target":["https:\/\/ruishengglassco.com\/product\/rs047-flat-500-ml-bottles-manufacturers-for-rum"]}]},{"@type":"BreadcrumbList","@id":"https:\/\/ruishengglassco.com\/product\/rs047-flat-500-ml-bottles-manufacturers-for-rum#breadcrumb","itemListElement":[{"@type":"ListItem","position":1,"name":"Home","item":"https:\/\/ruishengglassco.com\/"},{"@type":"ListItem","position":2,"name":"Products","item":"https:\/\/ruishengglassco.com\/products"},{"@type":"ListItem","position":3,"name":"RS047: Flat 500 ml Bottles For Rum"}]},{"@type":"WebSite","@id":"https:\/\/ruishengglassco.com\/#website","url":"https:\/\/ruishengglassco.com\/","name":"Ruisheng Glass","description":"","publisher":{"@id":"https:\/\/ruishengglassco.com\/#organization"},"potentialAction":[{"@type":"SearchAction","target":{"@type":"EntryPoint","urlTemplate":"https:\/\/ruishengglassco.com\/?s={search_term_string}"},"query-input":"required name=search_term_string"}],"inLanguage":"de"},{"@type":"Organization","@id":"https:\/\/ruishengglassco.com\/#organization","name":"Shandong Yuncheng Ruisheng Glass Co., Ltd","url":"https:\/\/ruishengglassco.com\/","logo":{"@type":"ImageObject","inLanguage":"de","@id":"https:\/\/ruishengglassco.com\/#\/schema\/logo\/image\/","url":"https:\/\/ruishengglassco.com\/wp-content\/uploads\/2023\/09\/ruisheng_logo_icon.webp","contentUrl":"https:\/\/ruishengglassco.com\/wp-content\/uploads\/2023\/09\/ruisheng_logo_icon.webp","width":400,"height":233,"caption":"Shandong Yuncheng Ruisheng Glass Co., Ltd"},"image":{"@id":"https:\/\/ruishengglassco.com\/#\/schema\/logo\/image\/"},"sameAs":["https:\/\/www.facebook.com\/ruishengglassbottles","https:\/\/www.instagram.com\/Ruishengglassbottlewholesales\/","https:\/\/www.youtube.com\/channel\/UCMmbMNGwsL-XrtjfSFLCdVQ"]}]}},"_links":{"self":[{"href":"https:\/\/ruishengglassco.com\/de\/wp-json\/wp\/v2\/product\/4298","targetHints":{"allow":["GET"]}}],"collection":[{"href":"https:\/\/ruishengglassco.com\/de\/wp-json\/wp\/v2\/product"}],"about":[{"href":"https:\/\/ruishengglassco.com\/de\/wp-json\/wp\/v2\/types\/product"}],"replies":[{"embeddable":true,"href":"https:\/\/ruishengglassco.com\/de\/wp-json\/wp\/v2\/comments?post=4298"}],"wp:featuredmedia":[{"embeddable":true,"href":"https:\/\/ruishengglassco.com\/de\/wp-json\/wp\/v2\/media\/4299"}],"wp:attachment":[{"href":"https:\/\/ruishengglassco.com\/de\/wp-json\/wp\/v2\/media?parent=4298"}],"wp:term":[{"taxonomy":"product_cat","embeddable":true,"href":"https:\/\/ruishengglassco.com\/de\/wp-json\/wp\/v2\/product_cat?post=4298"}],"curies":[{"name":"wp","href":"https:\/\/api.w.org\/{rel}","templated":true}]}}