{"id":4296,"date":"2025-03-15T12:06:25","date_gmt":"2025-03-15T04:06:25","guid":{"rendered":"https:\/\/ruishengglassco.com\/?post_type=product&#038;p=4296"},"modified":"2025-07-17T09:12:43","modified_gmt":"2025-07-17T01:12:43","slug":"rs049700ml-spirituosenflaschen-groshandel","status":"publish","type":"product","link":"https:\/\/ruishengglassco.com\/de\/produkt\/rs049700ml-spirituosenflaschen-groshandel","title":{"rendered":"RS049:700ml Spirituosenflaschen Hersteller"},"content":{"rendered":"<p>Ruisheng ist ein f\u00fchrender Hersteller von leeren Spirituosenflaschen in China. Wir verkaufen 700-ml-Glasflaschen f\u00fcr Spirituosen zu Gro\u00dfhandelspreisen. Zu unseren Kunden geh\u00f6ren Spirituosenunternehmen, Hersteller, Gro\u00dfh\u00e4ndler, Weinkellereien, Superm\u00e4rkte und Gesch\u00e4fte.<\/p>\n<p>Diese 700-ml-Glasschnapsflaschen mit Korken sind aus hochwertigem Glas hergestellt. Dadurch sind sie transparent, klar und langlebig und werden daher h\u00e4ufig als Verpackung f\u00fcr Lik\u00f6r, Whiskey, Brandy, XO, Rum, Gin und andere alkoholische Getr\u00e4nke verwendet.<\/p>\n<h2>Details \u00fcber 700ml Spirituosenflaschen Hersteller<\/h2>\n<ul>\n<li><strong>Marke:<\/strong>\u00a0RS<\/li>\n<li><strong>Kapazit\u00e4t:<\/strong>\u00a0700ml(Kundenspezifisch)<\/li>\n<li><strong>Die Form:\u00a0<\/strong>Runde, quadratische, ovale, gebogene, Sch\u00e4del Form Glasflasche und einzigartige Form Liquor Flasche (Custom Shaped Glasflasche Service verf\u00fcgbar)<\/li>\n<li><strong>Farbe:<\/strong>\u00a0Transparent, Wei\u00df, Schwarz, Grau, Gr\u00fcn, Blau, Bernstein, etc.<\/li>\n<li><strong>Kappe:\u00a0<\/strong>Schraubverschluss\/Kork\/Guala-Verschluss\/individuelle Glasflaschenverschl\u00fcsse<\/li>\n<li><strong>MOQ:<\/strong>\u00a01\u00d740HQ(26.000-30000St\u00fcck 700ml Flaschen)<\/li>\n<li><strong>Kostenlose Muster k\u00f6nnen angeboten werden<\/strong><\/li>\n<\/ul>\n<p>Ruisheng verf\u00fcgt \u00fcber mehr als 20 Produktionslinien f\u00fcr Glasflaschen mit einer Tagesproduktion von 120.000 St\u00fcck. Wir verkaufen Glasflaschen von Mini-Glasflaschen wie 50ml-Glasflaschen bis hin zu gro\u00dfen Glasflaschen, einschlie\u00dflich 1-Liter-Glasflaschen f\u00fcr Spirituosen, 1,5-Liter-Glasflaschen, 1,75-Liter-Glasflaschen und 2-Liter-Glasflaschen. Wir bieten auch kundenspezifische Glasflaschen an. Ob Sie ein traditionelles Aussehen oder etwas Modernes bevorzugen, Ruisheng hat die Alkoholflaschenoptionen, die Sie brauchen.<\/p>\n<p>RS Serie leere Spirituosenflaschen zum Verkauf wurden in die Vereinigten Staaten, das Vereinigte K\u00f6nigreich, Australien, Kanada, Frankreich, Spanien und viele andere L\u00e4nder exportiert. Wenn Sie mit dieser Klarglasflasche zufrieden sind, kontaktieren Sie mich bitte rechtzeitig. Wenn sie Ihnen nicht gef\u00e4llt, k\u00f6nnen Sie sich unsere anderen Flaschen ansehen. Oder ich gebe Ihnen den Katalog, und Sie k\u00f6nnen w\u00e4hlen, was Ihnen gef\u00e4llt. Wenn Sie an unseren hermetischen Alkoholflaschen interessiert sind, kontaktieren Sie uns bitte. Wir werden Ihnen innerhalb von 24 Stunden antworten.<\/p>","protected":false},"excerpt":{"rendered":"<table class=\"tg\">\n<tbody>\n<tr>\n<th class=\"tg-24i8\" colspan=\"2\">700ml Glas Spirituosenflaschen<\/th>\n<\/tr>\n<tr>\n<td class=\"tg-b7b8\">Hauptmaterial:<\/td>\n<td class=\"tg-b7b8\">Hochwertiges Flintglas<\/td>\n<\/tr>\n<tr>\n<td class=\"tg-yw4l\">Kappe:<\/td>\n<td class=\"tg-yw4l\">Schraubverschluss\/Kork\/Guala-Kappe<\/td>\n<\/tr>\n<tr>\n<td class=\"tg-b7b8\">Kapazit\u00e4t:<\/td>\n<td class=\"tg-b7b8\">700ml<\/td>\n<\/tr>\n<tr>\n<td class=\"tg-yw4l\">Merkmal:<\/td>\n<td class=\"tg-yw4l\">Umweltfreundlich<\/td>\n<\/tr>\n<tr>\n<td class=\"tg-b7b8\">MOQ:<\/td>\n<td class=\"tg-b7b8\">10000 PCS<\/td>\n<\/tr>\n<tr>\n<td class=\"tg-yw4l\">Herkunft des Ortes:<\/td>\n<td class=\"tg-yw4l\">Shandong, China<\/td>\n<\/tr>\n<tr>\n<td class=\"tg-b7b8\">Stck.\/Ktn:<\/td>\n<td class=\"tg-b7b8\">24St\u00fcck<\/td>\n<\/tr>\n<tr>\n<td class=\"tg-yw4l\">Referenz:<\/td>\n<td class=\"tg-yw4l\">RS-2016056<\/td>\n<\/tr>\n<\/tbody>\n<\/table>","protected":false},"featured_media":4297,"comment_status":"closed","ping_status":"closed","template":"","meta":[],"product_cat":[44],"class_list":{"0":"post-4296","1":"product","2":"type-product","3":"status-publish","4":"has-post-thumbnail","6":"product_cat-700ml-liquor-bottle-manufacturer","8":"first","9":"instock","10":"shipping-taxable","11":"product-type-simple"},"yoast_head":"<!-- This site is optimized with the Yoast SEO plugin v22.0 - https:\/\/yoast.com\/wordpress\/plugins\/seo\/ -->\n<title>700ml Spirit Bottles Manufacturers | Round Liquor Bottles Manufacturer<\/title>\n<meta name=\"description\" content=\"Ruisheng, One of the largest Empty Spirit Bottle Manufacturers in China, offer 700ml spirit bottles wholesale to Spirit companies,\" \/>\n<meta name=\"robots\" content=\"index, follow, max-snippet:-1, max-image-preview:large, max-video-preview:-1\" \/>\n<link rel=\"canonical\" href=\"https:\/\/ruishengglassco.com\/de\/produkt\/rs049700ml-spirituosenflaschen-groshandel\" \/>\n<meta property=\"og:locale\" content=\"de_DE\" \/>\n<meta property=\"og:type\" content=\"article\" \/>\n<meta property=\"og:title\" content=\"700ml Spirit Bottles Manufacturers | Round Liquor Bottles Manufacturer\" \/>\n<meta property=\"og:description\" content=\"Ruisheng, One of the largest Empty Spirit Bottle Manufacturers in China, offer 700ml spirit bottles wholesale to Spirit companies,\" \/>\n<meta property=\"og:url\" content=\"https:\/\/ruishengglassco.com\/de\/produkt\/rs049700ml-spirituosenflaschen-groshandel\" \/>\n<meta property=\"article:publisher\" content=\"https:\/\/www.facebook.com\/ruishengglassbottles\" \/>\n<meta property=\"article:modified_time\" content=\"2025-07-17T01:12:43+00:00\" \/>\n<meta property=\"og:image\" content=\"https:\/\/ruishengglassco.com\/wp-content\/uploads\/2025\/03\/RS049-700ml-Spirit-Bottles-Wholesale.webp\" \/>\n\t<meta property=\"og:image:width\" content=\"800\" \/>\n\t<meta property=\"og:image:height\" content=\"800\" \/>\n\t<meta property=\"og:image:type\" content=\"image\/webp\" \/>\n<meta name=\"twitter:card\" content=\"summary_large_image\" \/>\n<meta name=\"twitter:label1\" content=\"Gesch\u00e4tzte Lesezeit\" \/>\n\t<meta name=\"twitter:data1\" content=\"2\u00a0Minuten\" \/>\n<script type=\"application\/ld+json\" class=\"yoast-schema-graph\">{\"@context\":\"https:\/\/schema.org\",\"@graph\":[{\"@type\":\"WebPage\",\"@id\":\"https:\/\/ruishengglassco.com\/product\/rs049700ml-spirit-bottles-wholesale\",\"url\":\"https:\/\/ruishengglassco.com\/product\/rs049700ml-spirit-bottles-wholesale\",\"name\":\"700ml Spirit Bottles Manufacturers | Round Liquor Bottles Manufacturer\",\"isPartOf\":{\"@id\":\"https:\/\/ruishengglassco.com\/#website\"},\"datePublished\":\"2025-03-15T04:06:25+00:00\",\"dateModified\":\"2025-07-17T01:12:43+00:00\",\"description\":\"Ruisheng, One of the largest Empty Spirit Bottle Manufacturers in China, offer 700ml spirit bottles wholesale to Spirit companies,\",\"breadcrumb\":{\"@id\":\"https:\/\/ruishengglassco.com\/product\/rs049700ml-spirit-bottles-wholesale#breadcrumb\"},\"inLanguage\":\"de\",\"potentialAction\":[{\"@type\":\"ReadAction\",\"target\":[\"https:\/\/ruishengglassco.com\/product\/rs049700ml-spirit-bottles-wholesale\"]}]},{\"@type\":\"BreadcrumbList\",\"@id\":\"https:\/\/ruishengglassco.com\/product\/rs049700ml-spirit-bottles-wholesale#breadcrumb\",\"itemListElement\":[{\"@type\":\"ListItem\",\"position\":1,\"name\":\"Home\",\"item\":\"https:\/\/ruishengglassco.com\/\"},{\"@type\":\"ListItem\",\"position\":2,\"name\":\"Products\",\"item\":\"https:\/\/ruishengglassco.com\/products\"},{\"@type\":\"ListItem\",\"position\":3,\"name\":\"RS049:700ml Spirit Bottles Manufacturers\"}]},{\"@type\":\"WebSite\",\"@id\":\"https:\/\/ruishengglassco.com\/#website\",\"url\":\"https:\/\/ruishengglassco.com\/\",\"name\":\"Ruisheng Glass\",\"description\":\"\",\"publisher\":{\"@id\":\"https:\/\/ruishengglassco.com\/#organization\"},\"potentialAction\":[{\"@type\":\"SearchAction\",\"target\":{\"@type\":\"EntryPoint\",\"urlTemplate\":\"https:\/\/ruishengglassco.com\/?s={search_term_string}\"},\"query-input\":\"required name=search_term_string\"}],\"inLanguage\":\"de\"},{\"@type\":\"Organization\",\"@id\":\"https:\/\/ruishengglassco.com\/#organization\",\"name\":\"Shandong Yuncheng Ruisheng Glass Co., Ltd\",\"url\":\"https:\/\/ruishengglassco.com\/\",\"logo\":{\"@type\":\"ImageObject\",\"inLanguage\":\"de\",\"@id\":\"https:\/\/ruishengglassco.com\/#\/schema\/logo\/image\/\",\"url\":\"https:\/\/ruishengglassco.com\/wp-content\/uploads\/2023\/09\/ruisheng_logo_icon.webp\",\"contentUrl\":\"https:\/\/ruishengglassco.com\/wp-content\/uploads\/2023\/09\/ruisheng_logo_icon.webp\",\"width\":400,\"height\":233,\"caption\":\"Shandong Yuncheng Ruisheng Glass Co., Ltd\"},\"image\":{\"@id\":\"https:\/\/ruishengglassco.com\/#\/schema\/logo\/image\/\"},\"sameAs\":[\"https:\/\/www.facebook.com\/ruishengglassbottles\",\"https:\/\/www.instagram.com\/Ruishengglassbottlewholesales\/\",\"https:\/\/www.youtube.com\/channel\/UCMmbMNGwsL-XrtjfSFLCdVQ\"]}]}<\/script>\n<!-- \/ Yoast SEO plugin. -->","yoast_head_json":{"title":"700ml Spirit Bottles Manufacturers | Round Liquor Bottles Manufacturer","description":"Ruisheng, One of the largest Empty Spirit Bottle Manufacturers in China, offer 700ml spirit bottles wholesale to Spirit companies,","robots":{"index":"index","follow":"follow","max-snippet":"max-snippet:-1","max-image-preview":"max-image-preview:large","max-video-preview":"max-video-preview:-1"},"canonical":"https:\/\/ruishengglassco.com\/de\/produkt\/rs049700ml-spirituosenflaschen-groshandel","og_locale":"de_DE","og_type":"article","og_title":"700ml Spirit Bottles Manufacturers | Round Liquor Bottles Manufacturer","og_description":"Ruisheng, One of the largest Empty Spirit Bottle Manufacturers in China, offer 700ml spirit bottles wholesale to Spirit companies,","og_url":"https:\/\/ruishengglassco.com\/de\/produkt\/rs049700ml-spirituosenflaschen-groshandel","article_publisher":"https:\/\/www.facebook.com\/ruishengglassbottles","article_modified_time":"2025-07-17T01:12:43+00:00","og_image":[{"width":800,"height":800,"url":"https:\/\/ruishengglassco.com\/wp-content\/uploads\/2025\/03\/RS049-700ml-Spirit-Bottles-Wholesale.webp","type":"image\/webp"}],"twitter_card":"summary_large_image","twitter_misc":{"Gesch\u00e4tzte Lesezeit":"2\u00a0Minuten"},"schema":{"@context":"https:\/\/schema.org","@graph":[{"@type":"WebPage","@id":"https:\/\/ruishengglassco.com\/product\/rs049700ml-spirit-bottles-wholesale","url":"https:\/\/ruishengglassco.com\/product\/rs049700ml-spirit-bottles-wholesale","name":"700ml Spirit Bottles Manufacturers | Round Liquor Bottles Manufacturer","isPartOf":{"@id":"https:\/\/ruishengglassco.com\/#website"},"datePublished":"2025-03-15T04:06:25+00:00","dateModified":"2025-07-17T01:12:43+00:00","description":"Ruisheng, One of the largest Empty Spirit Bottle Manufacturers in China, offer 700ml spirit bottles wholesale to Spirit companies,","breadcrumb":{"@id":"https:\/\/ruishengglassco.com\/product\/rs049700ml-spirit-bottles-wholesale#breadcrumb"},"inLanguage":"de","potentialAction":[{"@type":"ReadAction","target":["https:\/\/ruishengglassco.com\/product\/rs049700ml-spirit-bottles-wholesale"]}]},{"@type":"BreadcrumbList","@id":"https:\/\/ruishengglassco.com\/product\/rs049700ml-spirit-bottles-wholesale#breadcrumb","itemListElement":[{"@type":"ListItem","position":1,"name":"Home","item":"https:\/\/ruishengglassco.com\/"},{"@type":"ListItem","position":2,"name":"Products","item":"https:\/\/ruishengglassco.com\/products"},{"@type":"ListItem","position":3,"name":"RS049:700ml Spirit Bottles Manufacturers"}]},{"@type":"WebSite","@id":"https:\/\/ruishengglassco.com\/#website","url":"https:\/\/ruishengglassco.com\/","name":"Ruisheng Glass","description":"","publisher":{"@id":"https:\/\/ruishengglassco.com\/#organization"},"potentialAction":[{"@type":"SearchAction","target":{"@type":"EntryPoint","urlTemplate":"https:\/\/ruishengglassco.com\/?s={search_term_string}"},"query-input":"required name=search_term_string"}],"inLanguage":"de"},{"@type":"Organization","@id":"https:\/\/ruishengglassco.com\/#organization","name":"Shandong Yuncheng Ruisheng Glass Co., Ltd","url":"https:\/\/ruishengglassco.com\/","logo":{"@type":"ImageObject","inLanguage":"de","@id":"https:\/\/ruishengglassco.com\/#\/schema\/logo\/image\/","url":"https:\/\/ruishengglassco.com\/wp-content\/uploads\/2023\/09\/ruisheng_logo_icon.webp","contentUrl":"https:\/\/ruishengglassco.com\/wp-content\/uploads\/2023\/09\/ruisheng_logo_icon.webp","width":400,"height":233,"caption":"Shandong Yuncheng Ruisheng Glass Co., Ltd"},"image":{"@id":"https:\/\/ruishengglassco.com\/#\/schema\/logo\/image\/"},"sameAs":["https:\/\/www.facebook.com\/ruishengglassbottles","https:\/\/www.instagram.com\/Ruishengglassbottlewholesales\/","https:\/\/www.youtube.com\/channel\/UCMmbMNGwsL-XrtjfSFLCdVQ"]}]}},"_links":{"self":[{"href":"https:\/\/ruishengglassco.com\/de\/wp-json\/wp\/v2\/product\/4296","targetHints":{"allow":["GET"]}}],"collection":[{"href":"https:\/\/ruishengglassco.com\/de\/wp-json\/wp\/v2\/product"}],"about":[{"href":"https:\/\/ruishengglassco.com\/de\/wp-json\/wp\/v2\/types\/product"}],"replies":[{"embeddable":true,"href":"https:\/\/ruishengglassco.com\/de\/wp-json\/wp\/v2\/comments?post=4296"}],"wp:featuredmedia":[{"embeddable":true,"href":"https:\/\/ruishengglassco.com\/de\/wp-json\/wp\/v2\/media\/4297"}],"wp:attachment":[{"href":"https:\/\/ruishengglassco.com\/de\/wp-json\/wp\/v2\/media?parent=4296"}],"wp:term":[{"taxonomy":"product_cat","embeddable":true,"href":"https:\/\/ruishengglassco.com\/de\/wp-json\/wp\/v2\/product_cat?post=4296"}],"curies":[{"name":"wp","href":"https:\/\/api.w.org\/{rel}","templated":true}]}}