{"id":4294,"date":"2025-03-15T12:04:20","date_gmt":"2025-03-15T04:04:20","guid":{"rendered":"https:\/\/ruishengglassco.com\/?post_type=product&#038;p=4294"},"modified":"2025-09-11T16:10:53","modified_gmt":"2025-09-11T08:10:53","slug":"rs050-angepasst-boston-runde-375ml-flaschen-fur-wein-wodka-schnaps","status":"publish","type":"product","link":"https:\/\/ruishengglassco.com\/de\/produkt\/rs050-angepasst-boston-runde-375ml-flaschen-fur-wein-wodka-schnaps","title":{"rendered":"RS050: Kundenspezifische Boston Round 375ml Flaschen f\u00fcr Wein\/Wodka\/Brandy"},"content":{"rendered":"<p><span data-preserver-spaces=\"true\">Ma\u00dfgeschneiderte Boston Round Glass Bottles geh\u00f6ren zu unseren meistverkauften Glasflaschen. Dieser Fabrikverkauf verkauft 375ml Glasflaschen in viele L\u00e4nder und Regionen, einschlie\u00dflich Australien, Amerika, Europa und Neuseeland, unter anderem.\u00a0 <\/span><span data-preserver-spaces=\"true\">Diese leere runde Boston-Glasflasche kann verwendet werden<\/span><span data-preserver-spaces=\"true\"> zur Aufnahme von Wein, Wodka, Brandy, Gin, Rum und anderen Fl\u00fcssigkeiten.<\/span><\/p>\n<p><span data-preserver-spaces=\"true\">Unsere 375-ml-Glasflaschen sind f\u00fcr den Gro\u00dfhandel mit einem Bar-Top\/Kork-Verschluss erh\u00e4ltlich. Diese Glasflasche zum Verkauf ist eine traditionelle Weinflasche im nordischen Stil mit einer einfachen, runden Form, die sich ideal f\u00fcr die Beschriftung eignet. <\/span><span data-preserver-spaces=\"true\">Wir produzieren diese zylinderf\u00f6rmigen Glasflaschen f\u00fcr <\/span><span data-preserver-spaces=\"true\">viele<\/span><span data-preserver-spaces=\"true\"> Brennereiunternehmen aus <\/span><span data-preserver-spaces=\"true\">\u00fcberall<\/span><span data-preserver-spaces=\"true\"> der Welt.<\/span><span data-preserver-spaces=\"true\"> Wir bieten einen 19,5 mm gro\u00dfen Verschluss an, der mit Reibung auf die Glasweinflasche aufgesetzt wird. Das Gewicht dieser Flasche betr\u00e4gt 420g. Das Schwergewicht verf\u00fcgt \u00fcber einen dicken Boden und f\u00f6rdert ein hochwertiges Element.<\/span><\/p>\n<h2><span data-preserver-spaces=\"true\">Die Details der 375ml Glasweinflaschen<\/span><\/h2>\n<p><span data-preserver-spaces=\"true\">Das Material dieser Weinglasflaschen besteht aus hochwertigem Flintglas, dem hochwertigsten Material f\u00fcr Glasflaschen.<\/span><\/p>\n<p><span data-preserver-spaces=\"true\">Der leere Lik\u00f6r <\/span><span data-preserver-spaces=\"true\">Flaschendurchmesser<\/span><span data-preserver-spaces=\"true\"> betr\u00e4gt 75 mm, und die Flaschenh\u00f6he betr\u00e4gt 175 mm.<\/span><span data-preserver-spaces=\"true\"> Die M\u00fcndung ist aus Kork. Und wir k\u00f6nnen seine M\u00fcndung zu einem Schraubverschluss \u00e4ndern, wenn Sie es brauchen.<\/span><\/p>\n<p><span data-preserver-spaces=\"true\">Was die Verpackungsmethode f\u00fcr diese 375-ml-Gro\u00dfflaschen aus Glas betrifft, haben wir drei M\u00f6glichkeiten. Die erste M\u00f6glichkeit ist die Kartonverpackung. Wir verwenden in der Regel einen Standard-Export-Karton, um diese Flasche zu verpacken, die <\/span><span data-preserver-spaces=\"true\">ist <\/span><span data-preserver-spaces=\"true\">gemacht<\/span><span data-preserver-spaces=\"true\"> von<\/span><span data-preserver-spaces=\"true\"> f\u00fcnflagiges Wellpapier. Auf diesen Karton schreiben wir einfach den Namen, die Kapazit\u00e4t und die Anzahl der Flaschen der Glasflasche. <\/span><span data-preserver-spaces=\"true\">Wenn Sie m\u00f6chten, dass <\/span><span data-preserver-spaces=\"true\">machen Sie Ihre<\/span><span data-preserver-spaces=\"true\"> benutzerdefinierte Farbe Box, k\u00f6nnen wir auch <\/span><span data-preserver-spaces=\"true\">machen.<\/span><span data-preserver-spaces=\"true\"> es.<\/span><\/p>\n<p><span data-preserver-spaces=\"true\">Die zweite Verpackungsart f\u00fcr diese Glasflaschen ist die Palette. Unsere Palette ist rauchfrei. Diese Art ist <\/span><span data-preserver-spaces=\"true\">sehr leicht<\/span><span data-preserver-spaces=\"true\"> die Glasflaschen zu tragen und eine Menge Zeit zu sparen.<\/span><\/p>\n<p><span data-preserver-spaces=\"true\">Die letzte Verpackungsart f\u00fcr diese Flaschen ist eine Kombination aus der ersten und zweiten Art. <\/span><span data-preserver-spaces=\"true\">Es ist die sicherste <\/span><span data-preserver-spaces=\"true\">Weg<\/span><span data-preserver-spaces=\"true\"> f\u00fcr <\/span><span data-preserver-spaces=\"true\">Glasflaschenverpackung<\/span><span data-preserver-spaces=\"true\">.<\/span><\/p>\n<p><span data-preserver-spaces=\"true\">Wenn Sie interessiert sind an <\/span><span data-preserver-spaces=\"true\">Kaufen<\/span><span data-preserver-spaces=\"true\"> Boston Round Glass Bottles Wholesale 375ml, bitte hinterlassen Sie hier eine Nachricht an <\/span><span data-preserver-spaces=\"true\">bekommen.<\/span><span data-preserver-spaces=\"true\"> die Details.<\/span><\/p>","protected":false},"excerpt":{"rendered":"<table class=\"tg\">\n<tbody>\n<tr>\n<th class=\"tg-24i8\" colspan=\"2\">Kundenspezifische 375ml Boston Runde Glasflaschen Gro\u00dfhandel<\/th>\n<\/tr>\n<tr>\n<td class=\"tg-b7b8\">Referenz:<\/td>\n<td class=\"tg-b7b8\">RS050<\/td>\n<\/tr>\n<tr>\n<td class=\"tg-yw4l\">Hauptmaterial:<\/td>\n<td class=\"tg-yw4l\">Hochflintglas (dieses Material wird auch als kristallwei\u00dfes Glas bezeichnet)<\/td>\n<\/tr>\n<tr>\n<td class=\"tg-b7b8\">Kappe:<\/td>\n<td class=\"tg-b7b8\">Kork\/Kr\u00e4henm\u00fctze<\/td>\n<\/tr>\n<tr>\n<td class=\"tg-yw4l\">Kapazit\u00e4t:<\/td>\n<td class=\"tg-yw4l\">375ml<\/td>\n<\/tr>\n<tr>\n<td class=\"tg-b7b8\">Merkmal:<\/td>\n<td class=\"tg-b7b8\">Umweltfreundlich<\/td>\n<\/tr>\n<tr>\n<td class=\"tg-yw4l\">MOQ:<\/td>\n<td class=\"tg-yw4l\">10000 PCS<\/td>\n<\/tr>\n<tr>\n<td class=\"tg-b7b8\">Art der Verpackung:<\/td>\n<td class=\"tg-b7b8\">Export Standardkarton \/ Palette \/ Export Standardkarton und Palette<\/td>\n<\/tr>\n<tr>\n<td class=\"tg-yw4l\">OEM\/ODM:<\/td>\n<td class=\"tg-yw4l\">Willkommen<\/td>\n<\/tr>\n<tr>\n<td class=\"tg-b7b8\">Herkunft des Ortes:<\/td>\n<td class=\"tg-b7b8\">Shandong, China<\/td>\n<\/tr>\n<tr>\n<td class=\"tg-yw4l\">Stck.\/Ktn:<\/td>\n<td class=\"tg-yw4l\">24 St\u00fcck oder nach Kundenwunsch<\/td>\n<\/tr>\n<\/tbody>\n<\/table>","protected":false},"featured_media":4295,"comment_status":"closed","ping_status":"closed","template":"","meta":[],"product_cat":[55,58,52],"class_list":{"0":"post-4294","1":"product","2":"type-product","3":"status-publish","4":"has-post-thumbnail","6":"product_cat-375ml-liquor-bottle-manufacturer","7":"product_cat-brandy-bottle","8":"product_cat-vodka-bottle","10":"first","11":"instock","12":"shipping-taxable","13":"product-type-simple"},"yoast_head":"<!-- This site is optimized with the Yoast SEO plugin v22.0 - https:\/\/yoast.com\/wordpress\/plugins\/seo\/ -->\n<title>Boston Round Glass Bottles Manufacturers | Bulk Glass Flask Bottles<\/title>\n<meta name=\"description\" content=\"Buy Boston Round Glass Bottles Wholesale Always in Lowest Price! 50ml, 250ml, 750ml, 1000ml(from 2 oz to 32 oz) Glass Flask Bottles For Wine\/Vodka\/Brandy\" \/>\n<meta name=\"robots\" content=\"index, follow, max-snippet:-1, max-image-preview:large, max-video-preview:-1\" \/>\n<link rel=\"canonical\" href=\"https:\/\/ruishengglassco.com\/de\/produkt\/rs050-angepasst-boston-runde-375ml-flaschen-fur-wein-wodka-schnaps\" \/>\n<meta property=\"og:locale\" content=\"de_DE\" \/>\n<meta property=\"og:type\" content=\"article\" \/>\n<meta property=\"og:title\" content=\"Boston Round Glass Bottles Manufacturers | Bulk Glass Flask Bottles\" \/>\n<meta property=\"og:description\" content=\"Buy Boston Round Glass Bottles Wholesale Always in Lowest Price! 50ml, 250ml, 750ml, 1000ml(from 2 oz to 32 oz) Glass Flask Bottles For Wine\/Vodka\/Brandy\" \/>\n<meta property=\"og:url\" content=\"https:\/\/ruishengglassco.com\/de\/produkt\/rs050-angepasst-boston-runde-375ml-flaschen-fur-wein-wodka-schnaps\" \/>\n<meta property=\"article:publisher\" content=\"https:\/\/www.facebook.com\/ruishengglassbottles\" \/>\n<meta property=\"article:modified_time\" content=\"2025-09-11T08:10:53+00:00\" \/>\n<meta property=\"og:image\" content=\"https:\/\/ruishengglassco.com\/wp-content\/uploads\/2025\/03\/RS050-Customized-Boston-Round-375ml-Bottles-Wholesale-For-Wine-Vodka-Brandy.webp\" \/>\n\t<meta property=\"og:image:width\" content=\"800\" \/>\n\t<meta property=\"og:image:height\" content=\"800\" \/>\n\t<meta property=\"og:image:type\" content=\"image\/webp\" \/>\n<meta name=\"twitter:card\" content=\"summary_large_image\" \/>\n<meta name=\"twitter:label1\" content=\"Gesch\u00e4tzte Lesezeit\" \/>\n\t<meta name=\"twitter:data1\" content=\"2\u00a0Minuten\" \/>\n<script type=\"application\/ld+json\" class=\"yoast-schema-graph\">{\"@context\":\"https:\/\/schema.org\",\"@graph\":[{\"@type\":\"WebPage\",\"@id\":\"https:\/\/ruishengglassco.com\/product\/rs050-customized-boston-round-375ml-bottles-for-wine-vodka-brandy\",\"url\":\"https:\/\/ruishengglassco.com\/product\/rs050-customized-boston-round-375ml-bottles-for-wine-vodka-brandy\",\"name\":\"Boston Round Glass Bottles Manufacturers | Bulk Glass Flask Bottles\",\"isPartOf\":{\"@id\":\"https:\/\/ruishengglassco.com\/#website\"},\"datePublished\":\"2025-03-15T04:04:20+00:00\",\"dateModified\":\"2025-09-11T08:10:53+00:00\",\"description\":\"Buy Boston Round Glass Bottles Wholesale Always in Lowest Price! 50ml, 250ml, 750ml, 1000ml(from 2 oz to 32 oz) Glass Flask Bottles For Wine\/Vodka\/Brandy\",\"breadcrumb\":{\"@id\":\"https:\/\/ruishengglassco.com\/product\/rs050-customized-boston-round-375ml-bottles-for-wine-vodka-brandy#breadcrumb\"},\"inLanguage\":\"de\",\"potentialAction\":[{\"@type\":\"ReadAction\",\"target\":[\"https:\/\/ruishengglassco.com\/product\/rs050-customized-boston-round-375ml-bottles-for-wine-vodka-brandy\"]}]},{\"@type\":\"BreadcrumbList\",\"@id\":\"https:\/\/ruishengglassco.com\/product\/rs050-customized-boston-round-375ml-bottles-for-wine-vodka-brandy#breadcrumb\",\"itemListElement\":[{\"@type\":\"ListItem\",\"position\":1,\"name\":\"Home\",\"item\":\"https:\/\/ruishengglassco.com\/\"},{\"@type\":\"ListItem\",\"position\":2,\"name\":\"Products\",\"item\":\"https:\/\/ruishengglassco.com\/products\"},{\"@type\":\"ListItem\",\"position\":3,\"name\":\"RS050: Customized Boston Round 375ml Bottles For Wine\/Vodka\/Brandy\"}]},{\"@type\":\"WebSite\",\"@id\":\"https:\/\/ruishengglassco.com\/#website\",\"url\":\"https:\/\/ruishengglassco.com\/\",\"name\":\"Ruisheng Glass\",\"description\":\"\",\"publisher\":{\"@id\":\"https:\/\/ruishengglassco.com\/#organization\"},\"potentialAction\":[{\"@type\":\"SearchAction\",\"target\":{\"@type\":\"EntryPoint\",\"urlTemplate\":\"https:\/\/ruishengglassco.com\/?s={search_term_string}\"},\"query-input\":\"required name=search_term_string\"}],\"inLanguage\":\"de\"},{\"@type\":\"Organization\",\"@id\":\"https:\/\/ruishengglassco.com\/#organization\",\"name\":\"Shandong Yuncheng Ruisheng Glass Co., Ltd\",\"url\":\"https:\/\/ruishengglassco.com\/\",\"logo\":{\"@type\":\"ImageObject\",\"inLanguage\":\"de\",\"@id\":\"https:\/\/ruishengglassco.com\/#\/schema\/logo\/image\/\",\"url\":\"https:\/\/ruishengglassco.com\/wp-content\/uploads\/2023\/09\/ruisheng_logo_icon.webp\",\"contentUrl\":\"https:\/\/ruishengglassco.com\/wp-content\/uploads\/2023\/09\/ruisheng_logo_icon.webp\",\"width\":400,\"height\":233,\"caption\":\"Shandong Yuncheng Ruisheng Glass Co., Ltd\"},\"image\":{\"@id\":\"https:\/\/ruishengglassco.com\/#\/schema\/logo\/image\/\"},\"sameAs\":[\"https:\/\/www.facebook.com\/ruishengglassbottles\",\"https:\/\/www.instagram.com\/Ruishengglassbottlewholesales\/\",\"https:\/\/www.youtube.com\/channel\/UCMmbMNGwsL-XrtjfSFLCdVQ\"]}]}<\/script>\n<!-- \/ Yoast SEO plugin. -->","yoast_head_json":{"title":"Boston Round Glass Bottles Manufacturers | Bulk Glass Flask Bottles","description":"Buy Boston Round Glass Bottles Wholesale Always in Lowest Price! 50ml, 250ml, 750ml, 1000ml(from 2 oz to 32 oz) Glass Flask Bottles For Wine\/Vodka\/Brandy","robots":{"index":"index","follow":"follow","max-snippet":"max-snippet:-1","max-image-preview":"max-image-preview:large","max-video-preview":"max-video-preview:-1"},"canonical":"https:\/\/ruishengglassco.com\/de\/produkt\/rs050-angepasst-boston-runde-375ml-flaschen-fur-wein-wodka-schnaps","og_locale":"de_DE","og_type":"article","og_title":"Boston Round Glass Bottles Manufacturers | Bulk Glass Flask Bottles","og_description":"Buy Boston Round Glass Bottles Wholesale Always in Lowest Price! 50ml, 250ml, 750ml, 1000ml(from 2 oz to 32 oz) Glass Flask Bottles For Wine\/Vodka\/Brandy","og_url":"https:\/\/ruishengglassco.com\/de\/produkt\/rs050-angepasst-boston-runde-375ml-flaschen-fur-wein-wodka-schnaps","article_publisher":"https:\/\/www.facebook.com\/ruishengglassbottles","article_modified_time":"2025-09-11T08:10:53+00:00","og_image":[{"width":800,"height":800,"url":"https:\/\/ruishengglassco.com\/wp-content\/uploads\/2025\/03\/RS050-Customized-Boston-Round-375ml-Bottles-Wholesale-For-Wine-Vodka-Brandy.webp","type":"image\/webp"}],"twitter_card":"summary_large_image","twitter_misc":{"Gesch\u00e4tzte Lesezeit":"2\u00a0Minuten"},"schema":{"@context":"https:\/\/schema.org","@graph":[{"@type":"WebPage","@id":"https:\/\/ruishengglassco.com\/product\/rs050-customized-boston-round-375ml-bottles-for-wine-vodka-brandy","url":"https:\/\/ruishengglassco.com\/product\/rs050-customized-boston-round-375ml-bottles-for-wine-vodka-brandy","name":"Boston Round Glass Bottles Manufacturers | Bulk Glass Flask Bottles","isPartOf":{"@id":"https:\/\/ruishengglassco.com\/#website"},"datePublished":"2025-03-15T04:04:20+00:00","dateModified":"2025-09-11T08:10:53+00:00","description":"Buy Boston Round Glass Bottles Wholesale Always in Lowest Price! 50ml, 250ml, 750ml, 1000ml(from 2 oz to 32 oz) Glass Flask Bottles For Wine\/Vodka\/Brandy","breadcrumb":{"@id":"https:\/\/ruishengglassco.com\/product\/rs050-customized-boston-round-375ml-bottles-for-wine-vodka-brandy#breadcrumb"},"inLanguage":"de","potentialAction":[{"@type":"ReadAction","target":["https:\/\/ruishengglassco.com\/product\/rs050-customized-boston-round-375ml-bottles-for-wine-vodka-brandy"]}]},{"@type":"BreadcrumbList","@id":"https:\/\/ruishengglassco.com\/product\/rs050-customized-boston-round-375ml-bottles-for-wine-vodka-brandy#breadcrumb","itemListElement":[{"@type":"ListItem","position":1,"name":"Home","item":"https:\/\/ruishengglassco.com\/"},{"@type":"ListItem","position":2,"name":"Products","item":"https:\/\/ruishengglassco.com\/products"},{"@type":"ListItem","position":3,"name":"RS050: Customized Boston Round 375ml Bottles For Wine\/Vodka\/Brandy"}]},{"@type":"WebSite","@id":"https:\/\/ruishengglassco.com\/#website","url":"https:\/\/ruishengglassco.com\/","name":"Ruisheng Glass","description":"","publisher":{"@id":"https:\/\/ruishengglassco.com\/#organization"},"potentialAction":[{"@type":"SearchAction","target":{"@type":"EntryPoint","urlTemplate":"https:\/\/ruishengglassco.com\/?s={search_term_string}"},"query-input":"required name=search_term_string"}],"inLanguage":"de"},{"@type":"Organization","@id":"https:\/\/ruishengglassco.com\/#organization","name":"Shandong Yuncheng Ruisheng Glass Co., Ltd","url":"https:\/\/ruishengglassco.com\/","logo":{"@type":"ImageObject","inLanguage":"de","@id":"https:\/\/ruishengglassco.com\/#\/schema\/logo\/image\/","url":"https:\/\/ruishengglassco.com\/wp-content\/uploads\/2023\/09\/ruisheng_logo_icon.webp","contentUrl":"https:\/\/ruishengglassco.com\/wp-content\/uploads\/2023\/09\/ruisheng_logo_icon.webp","width":400,"height":233,"caption":"Shandong Yuncheng Ruisheng Glass Co., Ltd"},"image":{"@id":"https:\/\/ruishengglassco.com\/#\/schema\/logo\/image\/"},"sameAs":["https:\/\/www.facebook.com\/ruishengglassbottles","https:\/\/www.instagram.com\/Ruishengglassbottlewholesales\/","https:\/\/www.youtube.com\/channel\/UCMmbMNGwsL-XrtjfSFLCdVQ"]}]}},"_links":{"self":[{"href":"https:\/\/ruishengglassco.com\/de\/wp-json\/wp\/v2\/product\/4294","targetHints":{"allow":["GET"]}}],"collection":[{"href":"https:\/\/ruishengglassco.com\/de\/wp-json\/wp\/v2\/product"}],"about":[{"href":"https:\/\/ruishengglassco.com\/de\/wp-json\/wp\/v2\/types\/product"}],"replies":[{"embeddable":true,"href":"https:\/\/ruishengglassco.com\/de\/wp-json\/wp\/v2\/comments?post=4294"}],"wp:featuredmedia":[{"embeddable":true,"href":"https:\/\/ruishengglassco.com\/de\/wp-json\/wp\/v2\/media\/4295"}],"wp:attachment":[{"href":"https:\/\/ruishengglassco.com\/de\/wp-json\/wp\/v2\/media?parent=4294"}],"wp:term":[{"taxonomy":"product_cat","embeddable":true,"href":"https:\/\/ruishengglassco.com\/de\/wp-json\/wp\/v2\/product_cat?post=4294"}],"curies":[{"name":"wp","href":"https:\/\/api.w.org\/{rel}","templated":true}]}}