{"id":4292,"date":"2025-03-15T12:02:32","date_gmt":"2025-03-15T04:02:32","guid":{"rendered":"https:\/\/ruishengglassco.com\/?post_type=product&#038;p=4292"},"modified":"2025-09-11T16:47:23","modified_gmt":"2025-09-11T08:47:23","slug":"rs052-ungewohnliche-leere-brandy-glasflasche-mit-stopfen-lieferant","status":"publish","type":"product","link":"https:\/\/ruishengglassco.com\/de\/produkt\/rs052-ungewohnliche-leere-brandy-glasflasche-mit-stopfen-lieferant","title":{"rendered":"RS052: Ungew\u00f6hnliche leere Brandy-Glasflasche mit Stopfen Lieferant"},"content":{"rendered":"<h2>Willkommen zu Ihrer Bestellung f\u00fcr Brandy Glasflasche mit Stopfen Lieferant<\/h2>\n<p>Diese Schnapsflasche aus Glas mit Stopfen, die im Gro\u00dfhandel erh\u00e4ltlich ist, hat eine einzigartige Form. Wir k\u00f6nnen Ihr Logo darauf drucken und die Farbe Ihrer Wahl auftragen. Unser Unternehmen verf\u00fcgt \u00fcber umfangreiche Erfahrung, so dass Sie uns vertrauen k\u00f6nnen, hochwertige Glasflaschen zu produzieren.<\/p>\n<p>Die Rohstoffe f\u00fcr unsere Glasflaschen werden direkt aus dem Ursprungsland bezogen und dann von unseren Mitarbeitern mit Hilfe von High-End-Maschinen sorgf\u00e4ltig ausgew\u00e4hlt, um qualitativ hochwertige Flaschen herzustellen.<\/p>\n<p>Wir bieten auch andere Fassungsverm\u00f6gen dieser Glasflasche an, wie 500ml, 700ml und 1000ml. Unser Unternehmen akzeptiert auch kundenspezifische Flaschen; was auch immer Sie wollen, wir k\u00f6nnen es tun. Wir k\u00f6nnen die Flasche in der von Ihnen gew\u00fcnschten Farbe bemalen. Unsere Firma besteht immer auf Qualit\u00e4t zuerst; Sie k\u00f6nnen auf uns z\u00e4hlen, um ein gutes Produkt zu machen.<\/p>\n<p>Wir sind ein f\u00fchrender Hersteller und Lieferant von Spirituosenflaschen. Wir bieten \u00fcber 200 Arten von Flaschen an, wie Whiskey-, Brandy-, Marmeladen-, Wasser- und Milchflaschen. Nach zehn Jahren Wachstum sind Ruisheng-Glasflaschen nun in \u00fcber 50 L\u00e4ndern weltweit erh\u00e4ltlich. Die Vereinigten Staaten, das Vereinigte K\u00f6nigreich, Kanada, Australien, Frankreich, Spanien und andere L\u00e4nder sind unsere wichtigsten M\u00e4rkte.<\/p>\n<h2>Die Informationen \u00fcber die Glasflasche wie unten:<\/h2>\n<ul>\n<li>Hauptmaterial: Glas mit hohem Feuersteinanteil<\/li>\n<li>M\u00fctze: Guala-M\u00fctze<\/li>\n<li>Referenz: RS052<\/li>\n<li>MOQ: 10000 PCS<\/li>\n<li>Fassungsverm\u00f6gen: 700ml<\/li>\n<li>St\u00fcck\/Gebinde: 24 St\u00fcck<\/li>\n<li>Herkunft des Ortes: Shandong, China<\/li>\n<li>Besonderheit: Umweltfreundlich<\/li>\n<\/ul>\n<p>Diese Flasche ist unsere Spezialit\u00e4t, wir haben aber auch Flaschen in anderen Formen. Wir haben eine zylindrische, quadratische, Herzform, etc.<\/p>\n<p>Wenn Sie mehr Informationen \u00fcber die Brandy Glasflasche mit Stopper Gro\u00dfhandel erhalten m\u00f6chten, kontaktieren Sie uns bitte. Wir werden Ihnen innerhalb von 24 Stunden antworten.<\/p>","protected":false},"excerpt":{"rendered":"<p data-block-id=\"149f43d0-bb6f-44a7-81fe-8369ceee64e7\" data-pm-slice=\"1 1 []\">Ungew\u00f6hnliche Form, leere Schnapsflasche mit Stopfen, Gro\u00dfhandel von einer chinesischen Schnapsflaschenfabrik. Transparente, klare Glasflasche mit einem gro\u00dfen Flaschenbauch f\u00fcr Schnapsverpackungen. Fasst 700ml. Ideal f\u00fcr die Verpackung von Brandy, Whiskey, Wodka, Gin und anderen Spirituosen. Die Details zu dieser leeren Schnapsflasche sind unten aufgef\u00fchrt:<\/p>\n<ul>\n<li>Referenz: R-021<\/li>\n<li><strong>MOQ: 10000 PCS<\/strong><\/li>\n<li>Farbe: Transparent<\/li>\n<li>Gewicht: 680g<\/li>\n<li>H\u00f6he: 220 mm<\/li>\n<li>Kundenspezifischer Service mit kostenlosem Muster angeboten<\/li>\n<\/ul>\n<p>Kontaktieren Sie uns, um Gro\u00dfhandel Brandy Flasche Preis zu erhalten.<\/p>","protected":false},"featured_media":4293,"comment_status":"closed","ping_status":"closed","template":"","meta":[],"product_cat":[40],"class_list":{"0":"post-4292","1":"product","2":"type-product","3":"status-publish","4":"has-post-thumbnail","6":"product_cat-750ml-liquor-bottle-manufacturer","8":"first","9":"instock","10":"shipping-taxable","11":"product-type-simple"},"yoast_head":"<!-- This site is optimized with the Yoast SEO plugin v22.0 - https:\/\/yoast.com\/wordpress\/plugins\/seo\/ -->\n<title>Brandy Glass Bottle With Stopper Supplier | 25 OZ Liquor Bottle Supplier<\/title>\n<meta name=\"description\" content=\"Buy Brandy Glass Bottle With Stopper Supplier From China Liquor Bottle Mnaufacturers. Factory Outlet 750ml\/25 oz Glass Gottle With Custom Service.\" \/>\n<meta name=\"robots\" content=\"index, follow, max-snippet:-1, max-image-preview:large, max-video-preview:-1\" \/>\n<link rel=\"canonical\" href=\"https:\/\/ruishengglassco.com\/de\/produkt\/rs052-ungewohnliche-leere-brandy-glasflasche-mit-stopfen-lieferant\" \/>\n<meta property=\"og:locale\" content=\"de_DE\" \/>\n<meta property=\"og:type\" content=\"article\" \/>\n<meta property=\"og:title\" content=\"Brandy Glass Bottle With Stopper Supplier | 25 OZ Liquor Bottle Supplier\" \/>\n<meta property=\"og:description\" content=\"Buy Brandy Glass Bottle With Stopper Supplier From China Liquor Bottle Mnaufacturers. Factory Outlet 750ml\/25 oz Glass Gottle With Custom Service.\" \/>\n<meta property=\"og:url\" content=\"https:\/\/ruishengglassco.com\/de\/produkt\/rs052-ungewohnliche-leere-brandy-glasflasche-mit-stopfen-lieferant\" \/>\n<meta property=\"article:publisher\" content=\"https:\/\/www.facebook.com\/ruishengglassbottles\" \/>\n<meta property=\"article:modified_time\" content=\"2025-09-11T08:47:23+00:00\" \/>\n<meta property=\"og:image\" content=\"https:\/\/ruishengglassco.com\/wp-content\/uploads\/2025\/03\/RS052-Unusual-Empty-Brandy-Glass-Bottle-With-Stopper-Wholesale.webp\" \/>\n\t<meta property=\"og:image:width\" content=\"800\" \/>\n\t<meta property=\"og:image:height\" content=\"800\" \/>\n\t<meta property=\"og:image:type\" content=\"image\/webp\" \/>\n<meta name=\"twitter:card\" content=\"summary_large_image\" \/>\n<meta name=\"twitter:label1\" content=\"Gesch\u00e4tzte Lesezeit\" \/>\n\t<meta name=\"twitter:data1\" content=\"2\u00a0Minuten\" \/>\n<script type=\"application\/ld+json\" class=\"yoast-schema-graph\">{\"@context\":\"https:\/\/schema.org\",\"@graph\":[{\"@type\":\"WebPage\",\"@id\":\"https:\/\/ruishengglassco.com\/product\/rs052-unusual-empty-brandy-glass-bottle-with-stopper-supplier\",\"url\":\"https:\/\/ruishengglassco.com\/product\/rs052-unusual-empty-brandy-glass-bottle-with-stopper-supplier\",\"name\":\"Brandy Glass Bottle With Stopper Supplier | 25 OZ Liquor Bottle Supplier\",\"isPartOf\":{\"@id\":\"https:\/\/ruishengglassco.com\/#website\"},\"datePublished\":\"2025-03-15T04:02:32+00:00\",\"dateModified\":\"2025-09-11T08:47:23+00:00\",\"description\":\"Buy Brandy Glass Bottle With Stopper Supplier From China Liquor Bottle Mnaufacturers. Factory Outlet 750ml\/25 oz Glass Gottle With Custom Service.\",\"breadcrumb\":{\"@id\":\"https:\/\/ruishengglassco.com\/product\/rs052-unusual-empty-brandy-glass-bottle-with-stopper-supplier#breadcrumb\"},\"inLanguage\":\"de\",\"potentialAction\":[{\"@type\":\"ReadAction\",\"target\":[\"https:\/\/ruishengglassco.com\/product\/rs052-unusual-empty-brandy-glass-bottle-with-stopper-supplier\"]}]},{\"@type\":\"BreadcrumbList\",\"@id\":\"https:\/\/ruishengglassco.com\/product\/rs052-unusual-empty-brandy-glass-bottle-with-stopper-supplier#breadcrumb\",\"itemListElement\":[{\"@type\":\"ListItem\",\"position\":1,\"name\":\"Home\",\"item\":\"https:\/\/ruishengglassco.com\/\"},{\"@type\":\"ListItem\",\"position\":2,\"name\":\"Products\",\"item\":\"https:\/\/ruishengglassco.com\/products\"},{\"@type\":\"ListItem\",\"position\":3,\"name\":\"RS052: Unusual Empty Brandy Glass Bottle With Stopper Supplier\"}]},{\"@type\":\"WebSite\",\"@id\":\"https:\/\/ruishengglassco.com\/#website\",\"url\":\"https:\/\/ruishengglassco.com\/\",\"name\":\"Ruisheng Glass\",\"description\":\"\",\"publisher\":{\"@id\":\"https:\/\/ruishengglassco.com\/#organization\"},\"potentialAction\":[{\"@type\":\"SearchAction\",\"target\":{\"@type\":\"EntryPoint\",\"urlTemplate\":\"https:\/\/ruishengglassco.com\/?s={search_term_string}\"},\"query-input\":\"required name=search_term_string\"}],\"inLanguage\":\"de\"},{\"@type\":\"Organization\",\"@id\":\"https:\/\/ruishengglassco.com\/#organization\",\"name\":\"Shandong Yuncheng Ruisheng Glass Co., Ltd\",\"url\":\"https:\/\/ruishengglassco.com\/\",\"logo\":{\"@type\":\"ImageObject\",\"inLanguage\":\"de\",\"@id\":\"https:\/\/ruishengglassco.com\/#\/schema\/logo\/image\/\",\"url\":\"https:\/\/ruishengglassco.com\/wp-content\/uploads\/2023\/09\/ruisheng_logo_icon.webp\",\"contentUrl\":\"https:\/\/ruishengglassco.com\/wp-content\/uploads\/2023\/09\/ruisheng_logo_icon.webp\",\"width\":400,\"height\":233,\"caption\":\"Shandong Yuncheng Ruisheng Glass Co., Ltd\"},\"image\":{\"@id\":\"https:\/\/ruishengglassco.com\/#\/schema\/logo\/image\/\"},\"sameAs\":[\"https:\/\/www.facebook.com\/ruishengglassbottles\",\"https:\/\/www.instagram.com\/Ruishengglassbottlewholesales\/\",\"https:\/\/www.youtube.com\/channel\/UCMmbMNGwsL-XrtjfSFLCdVQ\"]}]}<\/script>\n<!-- \/ Yoast SEO plugin. -->","yoast_head_json":{"title":"Brandy Glass Bottle With Stopper Supplier | 25 OZ Liquor Bottle Supplier","description":"Buy Brandy Glass Bottle With Stopper Supplier From China Liquor Bottle Mnaufacturers. Factory Outlet 750ml\/25 oz Glass Gottle With Custom Service.","robots":{"index":"index","follow":"follow","max-snippet":"max-snippet:-1","max-image-preview":"max-image-preview:large","max-video-preview":"max-video-preview:-1"},"canonical":"https:\/\/ruishengglassco.com\/de\/produkt\/rs052-ungewohnliche-leere-brandy-glasflasche-mit-stopfen-lieferant","og_locale":"de_DE","og_type":"article","og_title":"Brandy Glass Bottle With Stopper Supplier | 25 OZ Liquor Bottle Supplier","og_description":"Buy Brandy Glass Bottle With Stopper Supplier From China Liquor Bottle Mnaufacturers. Factory Outlet 750ml\/25 oz Glass Gottle With Custom Service.","og_url":"https:\/\/ruishengglassco.com\/de\/produkt\/rs052-ungewohnliche-leere-brandy-glasflasche-mit-stopfen-lieferant","article_publisher":"https:\/\/www.facebook.com\/ruishengglassbottles","article_modified_time":"2025-09-11T08:47:23+00:00","og_image":[{"width":800,"height":800,"url":"https:\/\/ruishengglassco.com\/wp-content\/uploads\/2025\/03\/RS052-Unusual-Empty-Brandy-Glass-Bottle-With-Stopper-Wholesale.webp","type":"image\/webp"}],"twitter_card":"summary_large_image","twitter_misc":{"Gesch\u00e4tzte Lesezeit":"2\u00a0Minuten"},"schema":{"@context":"https:\/\/schema.org","@graph":[{"@type":"WebPage","@id":"https:\/\/ruishengglassco.com\/product\/rs052-unusual-empty-brandy-glass-bottle-with-stopper-supplier","url":"https:\/\/ruishengglassco.com\/product\/rs052-unusual-empty-brandy-glass-bottle-with-stopper-supplier","name":"Brandy Glass Bottle With Stopper Supplier | 25 OZ Liquor Bottle Supplier","isPartOf":{"@id":"https:\/\/ruishengglassco.com\/#website"},"datePublished":"2025-03-15T04:02:32+00:00","dateModified":"2025-09-11T08:47:23+00:00","description":"Buy Brandy Glass Bottle With Stopper Supplier From China Liquor Bottle Mnaufacturers. Factory Outlet 750ml\/25 oz Glass Gottle With Custom Service.","breadcrumb":{"@id":"https:\/\/ruishengglassco.com\/product\/rs052-unusual-empty-brandy-glass-bottle-with-stopper-supplier#breadcrumb"},"inLanguage":"de","potentialAction":[{"@type":"ReadAction","target":["https:\/\/ruishengglassco.com\/product\/rs052-unusual-empty-brandy-glass-bottle-with-stopper-supplier"]}]},{"@type":"BreadcrumbList","@id":"https:\/\/ruishengglassco.com\/product\/rs052-unusual-empty-brandy-glass-bottle-with-stopper-supplier#breadcrumb","itemListElement":[{"@type":"ListItem","position":1,"name":"Home","item":"https:\/\/ruishengglassco.com\/"},{"@type":"ListItem","position":2,"name":"Products","item":"https:\/\/ruishengglassco.com\/products"},{"@type":"ListItem","position":3,"name":"RS052: Unusual Empty Brandy Glass Bottle With Stopper Supplier"}]},{"@type":"WebSite","@id":"https:\/\/ruishengglassco.com\/#website","url":"https:\/\/ruishengglassco.com\/","name":"Ruisheng Glass","description":"","publisher":{"@id":"https:\/\/ruishengglassco.com\/#organization"},"potentialAction":[{"@type":"SearchAction","target":{"@type":"EntryPoint","urlTemplate":"https:\/\/ruishengglassco.com\/?s={search_term_string}"},"query-input":"required name=search_term_string"}],"inLanguage":"de"},{"@type":"Organization","@id":"https:\/\/ruishengglassco.com\/#organization","name":"Shandong Yuncheng Ruisheng Glass Co., Ltd","url":"https:\/\/ruishengglassco.com\/","logo":{"@type":"ImageObject","inLanguage":"de","@id":"https:\/\/ruishengglassco.com\/#\/schema\/logo\/image\/","url":"https:\/\/ruishengglassco.com\/wp-content\/uploads\/2023\/09\/ruisheng_logo_icon.webp","contentUrl":"https:\/\/ruishengglassco.com\/wp-content\/uploads\/2023\/09\/ruisheng_logo_icon.webp","width":400,"height":233,"caption":"Shandong Yuncheng Ruisheng Glass Co., Ltd"},"image":{"@id":"https:\/\/ruishengglassco.com\/#\/schema\/logo\/image\/"},"sameAs":["https:\/\/www.facebook.com\/ruishengglassbottles","https:\/\/www.instagram.com\/Ruishengglassbottlewholesales\/","https:\/\/www.youtube.com\/channel\/UCMmbMNGwsL-XrtjfSFLCdVQ"]}]}},"_links":{"self":[{"href":"https:\/\/ruishengglassco.com\/de\/wp-json\/wp\/v2\/product\/4292","targetHints":{"allow":["GET"]}}],"collection":[{"href":"https:\/\/ruishengglassco.com\/de\/wp-json\/wp\/v2\/product"}],"about":[{"href":"https:\/\/ruishengglassco.com\/de\/wp-json\/wp\/v2\/types\/product"}],"replies":[{"embeddable":true,"href":"https:\/\/ruishengglassco.com\/de\/wp-json\/wp\/v2\/comments?post=4292"}],"wp:featuredmedia":[{"embeddable":true,"href":"https:\/\/ruishengglassco.com\/de\/wp-json\/wp\/v2\/media\/4293"}],"wp:attachment":[{"href":"https:\/\/ruishengglassco.com\/de\/wp-json\/wp\/v2\/media?parent=4292"}],"wp:term":[{"taxonomy":"product_cat","embeddable":true,"href":"https:\/\/ruishengglassco.com\/de\/wp-json\/wp\/v2\/product_cat?post=4292"}],"curies":[{"name":"wp","href":"https:\/\/api.w.org\/{rel}","templated":true}]}}