{"id":4288,"date":"2025-03-15T11:56:37","date_gmt":"2025-03-15T03:56:37","guid":{"rendered":"https:\/\/ruishengglassco.com\/?post_type=product&#038;p=4288"},"modified":"2025-09-11T16:26:03","modified_gmt":"2025-09-11T08:26:03","slug":"rs054-700ml-750ml-glas-spirituosenflaschen-groshandel-mit-kappen","status":"publish","type":"product","link":"https:\/\/ruishengglassco.com\/de\/produkt\/rs054-700ml-750ml-glas-spirituosenflaschen-groshandel-mit-kappen","title":{"rendered":"RS054: 700ml 750ml Spirituosenflaschen aus Glas mit Verschl\u00fcssen"},"content":{"rendered":"<p><span data-preserver-spaces=\"true\">Die\u00a0<\/span><strong><em><span data-preserver-spaces=\"true\">700-ml-Glasflaschen mit hohem Flintgehalt f\u00fcr Spirituosen<\/span><\/em><\/strong> <span data-preserver-spaces=\"true\">hergestellt werden<\/span><span data-preserver-spaces=\"true\"> von Shandong Yuncheng Ruisheng Glass Co., Ltd. Unser Unternehmen ist einer der gr\u00f6\u00dften Anbieter von Superflint-Flaschen in China.<\/span><\/p>\n<p><span data-preserver-spaces=\"true\">Die 700-ml-Glasflaschen mit hohem Flintgehalt f\u00fcr Spirituosen <\/span><span data-preserver-spaces=\"true\">gemacht werden<\/span><span data-preserver-spaces=\"true\"> aus hochfestem Glas. Dieses Material macht die Flaschen klar, haltbar und f\u00fchlt sich glatt an.<\/span><\/p>\n<p><span data-preserver-spaces=\"true\">Unser Unternehmen hat <\/span><span data-preserver-spaces=\"true\">mehr als<\/span><span data-preserver-spaces=\"true\"> 500 Mitarbeiter und ein <\/span><span data-preserver-spaces=\"true\">Gruppe<\/span><span data-preserver-spaces=\"true\"> von qualifizierten Ingenieuren.<\/span><span data-preserver-spaces=\"true\"> Dank unserer langj\u00e4hrigen Erfahrung genie\u00dfen wir weltweit einen hervorragenden Ruf.<\/span><\/p>\n<p><span data-preserver-spaces=\"true\">Unsere Hauptprodukte sind erstklassige Glasflaschen <\/span><span data-preserver-spaces=\"true\">wie zum Beispiel<\/span><span data-preserver-spaces=\"true\"> Wodkaflaschen, Schnapsflaschen, Whiskeyflaschen, Lik\u00f6rflaschen, Marmeladenflaschen und <\/span><span data-preserver-spaces=\"true\">und so weiter<\/span><span data-preserver-spaces=\"true\">.<\/span><span data-preserver-spaces=\"true\"> Wir k\u00f6nnen auch Braunglasflaschen, gr\u00fcne Flaschen und Wasserflaschen anbieten. Zu unseren Hauptm\u00e4rkten geh\u00f6ren Europa, die USA, Australien und andere Regionen. Und alle Produkte genie\u00dfen ein hohes Ansehen f\u00fcr Innovation und Funktionalit\u00e4t.<\/span><\/p>\n<h2>Die Informationen \u00fcber 700ml High Flint Glasflaschen f\u00fcr Lik\u00f6r wie unten:<\/h2>\n<ul>\n<li>Hauptmaterial: Glas mit hohem Feuersteinanteil<\/li>\n<li>Verschluss: Schraubverschluss<\/li>\n<li>Referenz: RS054<\/li>\n<li>MOQ: 10000 PCS<\/li>\n<li>Fassungsverm\u00f6gen: 700ml<\/li>\n<li>St\u00fcck\/Gebinde: 24 St\u00fcck<\/li>\n<li>Herkunft des Ortes: Shandong, China<\/li>\n<li>Besonderheit: Umweltfreundlich<\/li>\n<\/ul>\n<p><span data-preserver-spaces=\"true\">Und wie w\u00e4hlt man E-Liquid-Glasflaschen aus? W\u00e4hlen Sie die richtige 500ml Glasflasche f\u00fcr Ihre Spirituose. <\/span><span data-preserver-spaces=\"true\">Eine hochwertige Flasche <\/span><span data-preserver-spaces=\"true\">h\u00e4lt<\/span><span data-preserver-spaces=\"true\"> der Schnaps <\/span><span data-preserver-spaces=\"true\">frisch<\/span><span data-preserver-spaces=\"true\"> und steigert seinen Wert.<\/span><span data-preserver-spaces=\"true\"> Dar\u00fcber hinaus m\u00fcssen die Kunden bei der Auswahl einer E-Liquid-Glasflasche auch auf die Qualit\u00e4t der Spirituosenprodukte, den Geschmack der Spirituosen und die kulturelle Propaganda achten. <\/span><span data-preserver-spaces=\"true\">Au\u00dferdem sollten Sie bei der Auswahl und dem Kauf von Spirituosenflaschen darauf achten, <\/span><span data-preserver-spaces=\"true\">w\u00e4hlen.<\/span><span data-preserver-spaces=\"true\"> a <\/span><span data-preserver-spaces=\"true\">regelm\u00e4\u00dfig<\/span><span data-preserver-spaces=\"true\"> Hersteller von Spirituosenflaschen, um die Qualit\u00e4t und den Preis von Alkoholflaschen zu gew\u00e4hrleisten.<\/span><\/p>\n<p><span data-preserver-spaces=\"true\">Wenn Sie Interesse an unserem \u00a0<\/span><strong><em><span data-preserver-spaces=\"true\">700ml Glasflaschen mit hohem Flintanteil f\u00fcr Spirituosen<\/span><\/em><\/strong><span data-preserver-spaces=\"true\">, <\/span><span data-preserver-spaces=\"true\">Bitte kontaktieren Sie uns<\/span><span data-preserver-spaces=\"true\">.<\/span><span data-preserver-spaces=\"true\"> Wir werden Ihnen innerhalb von 24 Stunden antworten.<\/span><\/p>","protected":false},"excerpt":{"rendered":"<table class=\"tg\" style=\"height: 328px;\" width=\"704\">\n<tbody>\n<tr>\n<th class=\"tg-24i8\" colspan=\"2\">700ml High Flint Glasflaschen f\u00fcr Lik\u00f6r<\/th>\n<\/tr>\n<tr>\n<td class=\"tg-b7b8\">Referenz:<\/td>\n<td class=\"tg-b7b8\">RS054<\/td>\n<\/tr>\n<tr>\n<td class=\"tg-yw4l\">Hauptmaterial:<\/td>\n<td class=\"tg-yw4l\">Hochflintglas (dieses Material wird auch als kristallwei\u00dfes Glas bezeichnet)<\/td>\n<\/tr>\n<tr>\n<td class=\"tg-b7b8\">Kappe:<\/td>\n<td class=\"tg-b7b8\">Schorfm\u00fctze<\/td>\n<\/tr>\n<tr>\n<td class=\"tg-yw4l\">Kapazit\u00e4t:<\/td>\n<td class=\"tg-yw4l\">700ml<\/td>\n<\/tr>\n<tr>\n<td class=\"tg-b7b8\">Merkmal:<\/td>\n<td class=\"tg-b7b8\">Umweltfreundlich<\/td>\n<\/tr>\n<tr>\n<td class=\"tg-yw4l\">MOQ:<\/td>\n<td class=\"tg-yw4l\">10000 PCS<\/td>\n<\/tr>\n<tr>\n<td class=\"tg-b7b8\">Art der Verpackung:<\/td>\n<td class=\"tg-b7b8\">Export Standardkarton \/ Palette \/ Export Standardkarton und Palette<\/td>\n<\/tr>\n<tr>\n<td class=\"tg-yw4l\">OEM\/ODM:<\/td>\n<td class=\"tg-yw4l\">Willkommen<\/td>\n<\/tr>\n<tr>\n<td class=\"tg-b7b8\">Herkunft des Ortes:<\/td>\n<td class=\"tg-b7b8\">Shandong, China<\/td>\n<\/tr>\n<tr>\n<td class=\"tg-yw4l\">Stck.\/Ktn:<\/td>\n<td class=\"tg-yw4l\">24 St\u00fcck oder nach Kundenwunsch<\/td>\n<\/tr>\n<\/tbody>\n<\/table>","protected":false},"featured_media":4289,"comment_status":"closed","ping_status":"closed","template":"","meta":[],"product_cat":[44,40],"class_list":{"0":"post-4288","1":"product","2":"type-product","3":"status-publish","4":"has-post-thumbnail","6":"product_cat-700ml-liquor-bottle-manufacturer","7":"product_cat-750ml-liquor-bottle-manufacturer","9":"first","10":"instock","11":"shipping-taxable","12":"product-type-simple"},"yoast_head":"<!-- This site is optimized with the Yoast SEO plugin v22.0 - https:\/\/yoast.com\/wordpress\/plugins\/seo\/ -->\n<title>700 750ml Glass Spirit Bottles Manufacturers | Alcohol Bottle Manufacturers<\/title>\n<meta name=\"description\" content=\"Ruisheng, a primary alcohol bottle manufacturer, sales 700\/ 750ml glass spirit bottles wholesale at factory outlet price. Global Shipping&amp;Free Sample.\" \/>\n<meta name=\"robots\" content=\"index, follow, max-snippet:-1, max-image-preview:large, max-video-preview:-1\" \/>\n<link rel=\"canonical\" href=\"https:\/\/ruishengglassco.com\/de\/produkt\/rs054-700ml-750ml-glas-spirituosenflaschen-groshandel-mit-kappen\" \/>\n<meta property=\"og:locale\" content=\"de_DE\" \/>\n<meta property=\"og:type\" content=\"article\" \/>\n<meta property=\"og:title\" content=\"700 750ml Glass Spirit Bottles Manufacturers | Alcohol Bottle Manufacturers\" \/>\n<meta property=\"og:description\" content=\"Ruisheng, a primary alcohol bottle manufacturer, sales 700\/ 750ml glass spirit bottles wholesale at factory outlet price. Global Shipping&amp;Free Sample.\" \/>\n<meta property=\"og:url\" content=\"https:\/\/ruishengglassco.com\/de\/produkt\/rs054-700ml-750ml-glas-spirituosenflaschen-groshandel-mit-kappen\" \/>\n<meta property=\"article:publisher\" content=\"https:\/\/www.facebook.com\/ruishengglassbottles\" \/>\n<meta property=\"article:modified_time\" content=\"2025-09-11T08:26:03+00:00\" \/>\n<meta property=\"og:image\" content=\"https:\/\/ruishengglassco.com\/wp-content\/uploads\/2025\/03\/RS054-700ml-750ml-Glass-Spirit-Bottles-Wholesale-With-Caps.webp\" \/>\n\t<meta property=\"og:image:width\" content=\"800\" \/>\n\t<meta property=\"og:image:height\" content=\"800\" \/>\n\t<meta property=\"og:image:type\" content=\"image\/webp\" \/>\n<meta name=\"twitter:card\" content=\"summary_large_image\" \/>\n<meta name=\"twitter:label1\" content=\"Gesch\u00e4tzte Lesezeit\" \/>\n\t<meta name=\"twitter:data1\" content=\"2\u00a0Minuten\" \/>\n<script type=\"application\/ld+json\" class=\"yoast-schema-graph\">{\"@context\":\"https:\/\/schema.org\",\"@graph\":[{\"@type\":\"WebPage\",\"@id\":\"https:\/\/ruishengglassco.com\/product\/rs054-700ml-750ml-glass-spirit-bottles-wholesale-with-caps\",\"url\":\"https:\/\/ruishengglassco.com\/product\/rs054-700ml-750ml-glass-spirit-bottles-wholesale-with-caps\",\"name\":\"700 750ml Glass Spirit Bottles Manufacturers | Alcohol Bottle Manufacturers\",\"isPartOf\":{\"@id\":\"https:\/\/ruishengglassco.com\/#website\"},\"datePublished\":\"2025-03-15T03:56:37+00:00\",\"dateModified\":\"2025-09-11T08:26:03+00:00\",\"description\":\"Ruisheng, a primary alcohol bottle manufacturer, sales 700\/ 750ml glass spirit bottles wholesale at factory outlet price. Global Shipping&Free Sample.\",\"breadcrumb\":{\"@id\":\"https:\/\/ruishengglassco.com\/product\/rs054-700ml-750ml-glass-spirit-bottles-wholesale-with-caps#breadcrumb\"},\"inLanguage\":\"de\",\"potentialAction\":[{\"@type\":\"ReadAction\",\"target\":[\"https:\/\/ruishengglassco.com\/product\/rs054-700ml-750ml-glass-spirit-bottles-wholesale-with-caps\"]}]},{\"@type\":\"BreadcrumbList\",\"@id\":\"https:\/\/ruishengglassco.com\/product\/rs054-700ml-750ml-glass-spirit-bottles-wholesale-with-caps#breadcrumb\",\"itemListElement\":[{\"@type\":\"ListItem\",\"position\":1,\"name\":\"Home\",\"item\":\"https:\/\/ruishengglassco.com\/\"},{\"@type\":\"ListItem\",\"position\":2,\"name\":\"Products\",\"item\":\"https:\/\/ruishengglassco.com\/products\"},{\"@type\":\"ListItem\",\"position\":3,\"name\":\"RS054: 700ml 750ml Glass Spirit Bottles With Caps\"}]},{\"@type\":\"WebSite\",\"@id\":\"https:\/\/ruishengglassco.com\/#website\",\"url\":\"https:\/\/ruishengglassco.com\/\",\"name\":\"Ruisheng Glass\",\"description\":\"\",\"publisher\":{\"@id\":\"https:\/\/ruishengglassco.com\/#organization\"},\"potentialAction\":[{\"@type\":\"SearchAction\",\"target\":{\"@type\":\"EntryPoint\",\"urlTemplate\":\"https:\/\/ruishengglassco.com\/?s={search_term_string}\"},\"query-input\":\"required name=search_term_string\"}],\"inLanguage\":\"de\"},{\"@type\":\"Organization\",\"@id\":\"https:\/\/ruishengglassco.com\/#organization\",\"name\":\"Shandong Yuncheng Ruisheng Glass Co., Ltd\",\"url\":\"https:\/\/ruishengglassco.com\/\",\"logo\":{\"@type\":\"ImageObject\",\"inLanguage\":\"de\",\"@id\":\"https:\/\/ruishengglassco.com\/#\/schema\/logo\/image\/\",\"url\":\"https:\/\/ruishengglassco.com\/wp-content\/uploads\/2023\/09\/ruisheng_logo_icon.webp\",\"contentUrl\":\"https:\/\/ruishengglassco.com\/wp-content\/uploads\/2023\/09\/ruisheng_logo_icon.webp\",\"width\":400,\"height\":233,\"caption\":\"Shandong Yuncheng Ruisheng Glass Co., Ltd\"},\"image\":{\"@id\":\"https:\/\/ruishengglassco.com\/#\/schema\/logo\/image\/\"},\"sameAs\":[\"https:\/\/www.facebook.com\/ruishengglassbottles\",\"https:\/\/www.instagram.com\/Ruishengglassbottlewholesales\/\",\"https:\/\/www.youtube.com\/channel\/UCMmbMNGwsL-XrtjfSFLCdVQ\"]}]}<\/script>\n<!-- \/ Yoast SEO plugin. -->","yoast_head_json":{"title":"700 750ml Glass Spirit Bottles Manufacturers | Alcohol Bottle Manufacturers","description":"Ruisheng, a primary alcohol bottle manufacturer, sales 700\/ 750ml glass spirit bottles wholesale at factory outlet price. Global Shipping&Free Sample.","robots":{"index":"index","follow":"follow","max-snippet":"max-snippet:-1","max-image-preview":"max-image-preview:large","max-video-preview":"max-video-preview:-1"},"canonical":"https:\/\/ruishengglassco.com\/de\/produkt\/rs054-700ml-750ml-glas-spirituosenflaschen-groshandel-mit-kappen","og_locale":"de_DE","og_type":"article","og_title":"700 750ml Glass Spirit Bottles Manufacturers | Alcohol Bottle Manufacturers","og_description":"Ruisheng, a primary alcohol bottle manufacturer, sales 700\/ 750ml glass spirit bottles wholesale at factory outlet price. Global Shipping&Free Sample.","og_url":"https:\/\/ruishengglassco.com\/de\/produkt\/rs054-700ml-750ml-glas-spirituosenflaschen-groshandel-mit-kappen","article_publisher":"https:\/\/www.facebook.com\/ruishengglassbottles","article_modified_time":"2025-09-11T08:26:03+00:00","og_image":[{"width":800,"height":800,"url":"https:\/\/ruishengglassco.com\/wp-content\/uploads\/2025\/03\/RS054-700ml-750ml-Glass-Spirit-Bottles-Wholesale-With-Caps.webp","type":"image\/webp"}],"twitter_card":"summary_large_image","twitter_misc":{"Gesch\u00e4tzte Lesezeit":"2\u00a0Minuten"},"schema":{"@context":"https:\/\/schema.org","@graph":[{"@type":"WebPage","@id":"https:\/\/ruishengglassco.com\/product\/rs054-700ml-750ml-glass-spirit-bottles-wholesale-with-caps","url":"https:\/\/ruishengglassco.com\/product\/rs054-700ml-750ml-glass-spirit-bottles-wholesale-with-caps","name":"700 750ml Glass Spirit Bottles Manufacturers | Alcohol Bottle Manufacturers","isPartOf":{"@id":"https:\/\/ruishengglassco.com\/#website"},"datePublished":"2025-03-15T03:56:37+00:00","dateModified":"2025-09-11T08:26:03+00:00","description":"Ruisheng, a primary alcohol bottle manufacturer, sales 700\/ 750ml glass spirit bottles wholesale at factory outlet price. Global Shipping&Free Sample.","breadcrumb":{"@id":"https:\/\/ruishengglassco.com\/product\/rs054-700ml-750ml-glass-spirit-bottles-wholesale-with-caps#breadcrumb"},"inLanguage":"de","potentialAction":[{"@type":"ReadAction","target":["https:\/\/ruishengglassco.com\/product\/rs054-700ml-750ml-glass-spirit-bottles-wholesale-with-caps"]}]},{"@type":"BreadcrumbList","@id":"https:\/\/ruishengglassco.com\/product\/rs054-700ml-750ml-glass-spirit-bottles-wholesale-with-caps#breadcrumb","itemListElement":[{"@type":"ListItem","position":1,"name":"Home","item":"https:\/\/ruishengglassco.com\/"},{"@type":"ListItem","position":2,"name":"Products","item":"https:\/\/ruishengglassco.com\/products"},{"@type":"ListItem","position":3,"name":"RS054: 700ml 750ml Glass Spirit Bottles With Caps"}]},{"@type":"WebSite","@id":"https:\/\/ruishengglassco.com\/#website","url":"https:\/\/ruishengglassco.com\/","name":"Ruisheng Glass","description":"","publisher":{"@id":"https:\/\/ruishengglassco.com\/#organization"},"potentialAction":[{"@type":"SearchAction","target":{"@type":"EntryPoint","urlTemplate":"https:\/\/ruishengglassco.com\/?s={search_term_string}"},"query-input":"required name=search_term_string"}],"inLanguage":"de"},{"@type":"Organization","@id":"https:\/\/ruishengglassco.com\/#organization","name":"Shandong Yuncheng Ruisheng Glass Co., Ltd","url":"https:\/\/ruishengglassco.com\/","logo":{"@type":"ImageObject","inLanguage":"de","@id":"https:\/\/ruishengglassco.com\/#\/schema\/logo\/image\/","url":"https:\/\/ruishengglassco.com\/wp-content\/uploads\/2023\/09\/ruisheng_logo_icon.webp","contentUrl":"https:\/\/ruishengglassco.com\/wp-content\/uploads\/2023\/09\/ruisheng_logo_icon.webp","width":400,"height":233,"caption":"Shandong Yuncheng Ruisheng Glass Co., Ltd"},"image":{"@id":"https:\/\/ruishengglassco.com\/#\/schema\/logo\/image\/"},"sameAs":["https:\/\/www.facebook.com\/ruishengglassbottles","https:\/\/www.instagram.com\/Ruishengglassbottlewholesales\/","https:\/\/www.youtube.com\/channel\/UCMmbMNGwsL-XrtjfSFLCdVQ"]}]}},"_links":{"self":[{"href":"https:\/\/ruishengglassco.com\/de\/wp-json\/wp\/v2\/product\/4288","targetHints":{"allow":["GET"]}}],"collection":[{"href":"https:\/\/ruishengglassco.com\/de\/wp-json\/wp\/v2\/product"}],"about":[{"href":"https:\/\/ruishengglassco.com\/de\/wp-json\/wp\/v2\/types\/product"}],"replies":[{"embeddable":true,"href":"https:\/\/ruishengglassco.com\/de\/wp-json\/wp\/v2\/comments?post=4288"}],"wp:featuredmedia":[{"embeddable":true,"href":"https:\/\/ruishengglassco.com\/de\/wp-json\/wp\/v2\/media\/4289"}],"wp:attachment":[{"href":"https:\/\/ruishengglassco.com\/de\/wp-json\/wp\/v2\/media?parent=4288"}],"wp:term":[{"taxonomy":"product_cat","embeddable":true,"href":"https:\/\/ruishengglassco.com\/de\/wp-json\/wp\/v2\/product_cat?post=4288"}],"curies":[{"name":"wp","href":"https:\/\/api.w.org\/{rel}","templated":true}]}}