{"id":4286,"date":"2025-03-15T11:53:32","date_gmt":"2025-03-15T03:53:32","guid":{"rendered":"https:\/\/ruishengglassco.com\/?post_type=product&#038;p=4286"},"modified":"2025-07-17T14:24:48","modified_gmt":"2025-07-17T06:24:48","slug":"rs055-miniatur-glasflaschen-50ml-100ml-transparente-glasflasche-fur-spirituosen","status":"publish","type":"product","link":"https:\/\/ruishengglassco.com\/de\/produkt\/rs055-miniatur-glasflaschen-50ml-100ml-transparente-glasflasche-fur-spirituosen","title":{"rendered":"RS055: Miniatur-Glasflaschen 50ml 100ml Transparente Glasflasche f\u00fcr Lik\u00f6r"},"content":{"rendered":"<p>Diese leeren Mini-Lik\u00f6rflaschen, die in gro\u00dfen Mengen erh\u00e4ltlich sind, k\u00f6nnen sowohl als Alkohol-Trinkflasche als auch als Parf\u00fcmflasche verwendet werden. Wir k\u00f6nnen sie mit Ihrem Logo bedrucken und sie in jeder gew\u00fcnschten Farbe lackieren. Unser Unternehmen verf\u00fcgt \u00fcber umfangreiche Erfahrung, so dass Sie darauf vertrauen k\u00f6nnen, dass wir hochwertige Glasflaschen herstellen.<\/p>\n<p>Die Rohstoffe f\u00fcr unsere leeren Spirituosenflaschen werden im Ursprungsland beschafft und dann von unseren Mitarbeitern sorgf\u00e4ltig ausgew\u00e4hlt. Wir verwenden High-End-Ausr\u00fcstung und stellen hochwertige Flaschen her.<\/p>\n<p>Diese Spirituosenflaschen haben auch andere Fassungsverm\u00f6gen, wie 100ml, 375ml, 500ml, 700ml und 750ml. Unser Unternehmen bietet auch kundenspezifische Glasflaschen an; wir k\u00f6nnen alles kreieren, was Sie wollen. Wir k\u00f6nnen die Flasche in der von Ihnen gew\u00fcnschten Farbe bemalen. Unser Unternehmen legt stets gro\u00dfen Wert auf Qualit\u00e4t; Sie k\u00f6nnen sich darauf verlassen, dass wir ein hochwertiges Produkt liefern.<\/p>\n<p>Unsere Hauptprodukte sind hochwertige Glasflaschen wie Wodkaflaschen, Schnapsflaschen, Whiskeyflaschen, Lik\u00f6rflaschen, Marmeladenflaschen und so weiter. Wir k\u00f6nnen auch Braunglasflaschen, gr\u00fcne Flaschen und Wasserflaschen anbieten. Zu unseren Hauptabsatzm\u00e4rkten geh\u00f6ren Europa, die USA, Australien und andere. Und alle Produkte genie\u00dfen einen guten Ruf f\u00fcr ihre Innovation und Funktionalit\u00e4t.<\/p>\n<h2>Die Informationen \u00fcber leere Mini-Lik\u00f6rflaschen Bulk<\/h2>\n<ul>\n<li>Hauptmaterial: Kristallwei\u00dfes Glas, Glas<\/li>\n<li>Kappe: kann angepasst werden<\/li>\n<li>Referenz: RS055<\/li>\n<li>MOQ: 10000 PCS (etwa 500000 St\u00fcck)<\/li>\n<li>Fassungsverm\u00f6gen: 50ml\/100ml<\/li>\n<li>St\u00fcck\/Gebinde: 24 St\u00fcck<\/li>\n<li>Herkunft des Ortes: Shandong, China<\/li>\n<li>Besonderheit: Umweltfreundlich<\/li>\n<\/ul>\n<p>Wenn Sie leere Mini-Lik\u00f6r-Flaschen aus China 50ml transparente Glasflasche Lieferanten kaufen wollen, kontaktieren Sie uns bitte. Wir werden Ihnen innerhalb von 24 Stunden antworten.<\/p>","protected":false},"excerpt":{"rendered":"<p data-block-id=\"27d1b6e9-7596-48ae-9365-723e99426564\" data-pm-slice=\"1 1 []\">Transparenz. Eleganz. Sch\u00f6nheit. Ruisheng 50ml transparente Mini-Lik\u00f6rflaschen kombinieren gro\u00dfartige Eigenschaften in einem. Sie bestehen aus hochwertigem, bleifreiem Glas, das sicher und umweltfreundlich ist. Diese Flaschen sind perfekt f\u00fcr die Verpackung von Spirituosen. Wenn Sie auf der Suche nach einem perfekten Glasbeh\u00e4lter f\u00fcr Spirituosen sind, muss dies Ihre erste Wahl sein.<\/p>","protected":false},"featured_media":4287,"comment_status":"closed","ping_status":"closed","template":"","meta":[],"product_cat":[48],"class_list":{"0":"post-4286","1":"product","2":"type-product","3":"status-publish","4":"has-post-thumbnail","6":"product_cat-50ml-mini-liquor-bottle-manufacturer","8":"first","9":"instock","10":"shipping-taxable","11":"product-type-simple"},"yoast_head":"<!-- This site is optimized with the Yoast SEO plugin v22.0 - https:\/\/yoast.com\/wordpress\/plugins\/seo\/ -->\n<title>Empty Mini Liquor Bottles Bulk | 50ml Transparent Glass Bottle Suppliers<\/title>\n<meta name=\"description\" content=\"Do you want to buy empty mini liquor bottles bulk from China 50ml transparent glass bottle suppliers? Factory Outlet With Wholesale Price! Get Quote Now.\" \/>\n<meta name=\"robots\" content=\"index, follow, max-snippet:-1, max-image-preview:large, max-video-preview:-1\" \/>\n<link rel=\"canonical\" href=\"https:\/\/ruishengglassco.com\/de\/produkt\/rs055-miniatur-glasflaschen-50ml-100ml-transparente-glasflasche-fur-spirituosen\" \/>\n<meta property=\"og:locale\" content=\"de_DE\" \/>\n<meta property=\"og:type\" content=\"article\" \/>\n<meta property=\"og:title\" content=\"Empty Mini Liquor Bottles Bulk | 50ml Transparent Glass Bottle Suppliers\" \/>\n<meta property=\"og:description\" content=\"Do you want to buy empty mini liquor bottles bulk from China 50ml transparent glass bottle suppliers? Factory Outlet With Wholesale Price! Get Quote Now.\" \/>\n<meta property=\"og:url\" content=\"https:\/\/ruishengglassco.com\/de\/produkt\/rs055-miniatur-glasflaschen-50ml-100ml-transparente-glasflasche-fur-spirituosen\" \/>\n<meta property=\"article:publisher\" content=\"https:\/\/www.facebook.com\/ruishengglassbottles\" \/>\n<meta property=\"article:modified_time\" content=\"2025-07-17T06:24:48+00:00\" \/>\n<meta property=\"og:image\" content=\"https:\/\/ruishengglassco.com\/wp-content\/uploads\/2025\/03\/RS055-Miniature-Glass-Bottles-50ml-100ml-Transparent-Glass-Bottle-For-Liquor.webp\" \/>\n\t<meta property=\"og:image:width\" content=\"800\" \/>\n\t<meta property=\"og:image:height\" content=\"800\" \/>\n\t<meta property=\"og:image:type\" content=\"image\/webp\" \/>\n<meta name=\"twitter:card\" content=\"summary_large_image\" \/>\n<meta name=\"twitter:label1\" content=\"Gesch\u00e4tzte Lesezeit\" \/>\n\t<meta name=\"twitter:data1\" content=\"2\u00a0Minuten\" \/>\n<script type=\"application\/ld+json\" class=\"yoast-schema-graph\">{\"@context\":\"https:\/\/schema.org\",\"@graph\":[{\"@type\":\"WebPage\",\"@id\":\"https:\/\/ruishengglassco.com\/product\/rs055-miniature-glass-bottles-50ml-100ml-transparent-glass-bottle-for-liquor\",\"url\":\"https:\/\/ruishengglassco.com\/product\/rs055-miniature-glass-bottles-50ml-100ml-transparent-glass-bottle-for-liquor\",\"name\":\"Empty Mini Liquor Bottles Bulk | 50ml Transparent Glass Bottle Suppliers\",\"isPartOf\":{\"@id\":\"https:\/\/ruishengglassco.com\/#website\"},\"datePublished\":\"2025-03-15T03:53:32+00:00\",\"dateModified\":\"2025-07-17T06:24:48+00:00\",\"description\":\"Do you want to buy empty mini liquor bottles bulk from China 50ml transparent glass bottle suppliers? Factory Outlet With Wholesale Price! Get Quote Now.\",\"breadcrumb\":{\"@id\":\"https:\/\/ruishengglassco.com\/product\/rs055-miniature-glass-bottles-50ml-100ml-transparent-glass-bottle-for-liquor#breadcrumb\"},\"inLanguage\":\"de\",\"potentialAction\":[{\"@type\":\"ReadAction\",\"target\":[\"https:\/\/ruishengglassco.com\/product\/rs055-miniature-glass-bottles-50ml-100ml-transparent-glass-bottle-for-liquor\"]}]},{\"@type\":\"BreadcrumbList\",\"@id\":\"https:\/\/ruishengglassco.com\/product\/rs055-miniature-glass-bottles-50ml-100ml-transparent-glass-bottle-for-liquor#breadcrumb\",\"itemListElement\":[{\"@type\":\"ListItem\",\"position\":1,\"name\":\"Home\",\"item\":\"https:\/\/ruishengglassco.com\/\"},{\"@type\":\"ListItem\",\"position\":2,\"name\":\"Products\",\"item\":\"https:\/\/ruishengglassco.com\/products\"},{\"@type\":\"ListItem\",\"position\":3,\"name\":\"RS055: Miniature Glass Bottles 50ml 100ml Transparent Glass Bottle For Liquor\"}]},{\"@type\":\"WebSite\",\"@id\":\"https:\/\/ruishengglassco.com\/#website\",\"url\":\"https:\/\/ruishengglassco.com\/\",\"name\":\"Ruisheng Glass\",\"description\":\"\",\"publisher\":{\"@id\":\"https:\/\/ruishengglassco.com\/#organization\"},\"potentialAction\":[{\"@type\":\"SearchAction\",\"target\":{\"@type\":\"EntryPoint\",\"urlTemplate\":\"https:\/\/ruishengglassco.com\/?s={search_term_string}\"},\"query-input\":\"required name=search_term_string\"}],\"inLanguage\":\"de\"},{\"@type\":\"Organization\",\"@id\":\"https:\/\/ruishengglassco.com\/#organization\",\"name\":\"Shandong Yuncheng Ruisheng Glass Co., Ltd\",\"url\":\"https:\/\/ruishengglassco.com\/\",\"logo\":{\"@type\":\"ImageObject\",\"inLanguage\":\"de\",\"@id\":\"https:\/\/ruishengglassco.com\/#\/schema\/logo\/image\/\",\"url\":\"https:\/\/ruishengglassco.com\/wp-content\/uploads\/2023\/09\/ruisheng_logo_icon.webp\",\"contentUrl\":\"https:\/\/ruishengglassco.com\/wp-content\/uploads\/2023\/09\/ruisheng_logo_icon.webp\",\"width\":400,\"height\":233,\"caption\":\"Shandong Yuncheng Ruisheng Glass Co., Ltd\"},\"image\":{\"@id\":\"https:\/\/ruishengglassco.com\/#\/schema\/logo\/image\/\"},\"sameAs\":[\"https:\/\/www.facebook.com\/ruishengglassbottles\",\"https:\/\/www.instagram.com\/Ruishengglassbottlewholesales\/\",\"https:\/\/www.youtube.com\/channel\/UCMmbMNGwsL-XrtjfSFLCdVQ\"]}]}<\/script>\n<!-- \/ Yoast SEO plugin. -->","yoast_head_json":{"title":"Empty Mini Liquor Bottles Bulk | 50ml Transparent Glass Bottle Suppliers","description":"Do you want to buy empty mini liquor bottles bulk from China 50ml transparent glass bottle suppliers? Factory Outlet With Wholesale Price! Get Quote Now.","robots":{"index":"index","follow":"follow","max-snippet":"max-snippet:-1","max-image-preview":"max-image-preview:large","max-video-preview":"max-video-preview:-1"},"canonical":"https:\/\/ruishengglassco.com\/de\/produkt\/rs055-miniatur-glasflaschen-50ml-100ml-transparente-glasflasche-fur-spirituosen","og_locale":"de_DE","og_type":"article","og_title":"Empty Mini Liquor Bottles Bulk | 50ml Transparent Glass Bottle Suppliers","og_description":"Do you want to buy empty mini liquor bottles bulk from China 50ml transparent glass bottle suppliers? Factory Outlet With Wholesale Price! Get Quote Now.","og_url":"https:\/\/ruishengglassco.com\/de\/produkt\/rs055-miniatur-glasflaschen-50ml-100ml-transparente-glasflasche-fur-spirituosen","article_publisher":"https:\/\/www.facebook.com\/ruishengglassbottles","article_modified_time":"2025-07-17T06:24:48+00:00","og_image":[{"width":800,"height":800,"url":"https:\/\/ruishengglassco.com\/wp-content\/uploads\/2025\/03\/RS055-Miniature-Glass-Bottles-50ml-100ml-Transparent-Glass-Bottle-For-Liquor.webp","type":"image\/webp"}],"twitter_card":"summary_large_image","twitter_misc":{"Gesch\u00e4tzte Lesezeit":"2\u00a0Minuten"},"schema":{"@context":"https:\/\/schema.org","@graph":[{"@type":"WebPage","@id":"https:\/\/ruishengglassco.com\/product\/rs055-miniature-glass-bottles-50ml-100ml-transparent-glass-bottle-for-liquor","url":"https:\/\/ruishengglassco.com\/product\/rs055-miniature-glass-bottles-50ml-100ml-transparent-glass-bottle-for-liquor","name":"Empty Mini Liquor Bottles Bulk | 50ml Transparent Glass Bottle Suppliers","isPartOf":{"@id":"https:\/\/ruishengglassco.com\/#website"},"datePublished":"2025-03-15T03:53:32+00:00","dateModified":"2025-07-17T06:24:48+00:00","description":"Do you want to buy empty mini liquor bottles bulk from China 50ml transparent glass bottle suppliers? Factory Outlet With Wholesale Price! Get Quote Now.","breadcrumb":{"@id":"https:\/\/ruishengglassco.com\/product\/rs055-miniature-glass-bottles-50ml-100ml-transparent-glass-bottle-for-liquor#breadcrumb"},"inLanguage":"de","potentialAction":[{"@type":"ReadAction","target":["https:\/\/ruishengglassco.com\/product\/rs055-miniature-glass-bottles-50ml-100ml-transparent-glass-bottle-for-liquor"]}]},{"@type":"BreadcrumbList","@id":"https:\/\/ruishengglassco.com\/product\/rs055-miniature-glass-bottles-50ml-100ml-transparent-glass-bottle-for-liquor#breadcrumb","itemListElement":[{"@type":"ListItem","position":1,"name":"Home","item":"https:\/\/ruishengglassco.com\/"},{"@type":"ListItem","position":2,"name":"Products","item":"https:\/\/ruishengglassco.com\/products"},{"@type":"ListItem","position":3,"name":"RS055: Miniature Glass Bottles 50ml 100ml Transparent Glass Bottle For Liquor"}]},{"@type":"WebSite","@id":"https:\/\/ruishengglassco.com\/#website","url":"https:\/\/ruishengglassco.com\/","name":"Ruisheng Glass","description":"","publisher":{"@id":"https:\/\/ruishengglassco.com\/#organization"},"potentialAction":[{"@type":"SearchAction","target":{"@type":"EntryPoint","urlTemplate":"https:\/\/ruishengglassco.com\/?s={search_term_string}"},"query-input":"required name=search_term_string"}],"inLanguage":"de"},{"@type":"Organization","@id":"https:\/\/ruishengglassco.com\/#organization","name":"Shandong Yuncheng Ruisheng Glass Co., Ltd","url":"https:\/\/ruishengglassco.com\/","logo":{"@type":"ImageObject","inLanguage":"de","@id":"https:\/\/ruishengglassco.com\/#\/schema\/logo\/image\/","url":"https:\/\/ruishengglassco.com\/wp-content\/uploads\/2023\/09\/ruisheng_logo_icon.webp","contentUrl":"https:\/\/ruishengglassco.com\/wp-content\/uploads\/2023\/09\/ruisheng_logo_icon.webp","width":400,"height":233,"caption":"Shandong Yuncheng Ruisheng Glass Co., Ltd"},"image":{"@id":"https:\/\/ruishengglassco.com\/#\/schema\/logo\/image\/"},"sameAs":["https:\/\/www.facebook.com\/ruishengglassbottles","https:\/\/www.instagram.com\/Ruishengglassbottlewholesales\/","https:\/\/www.youtube.com\/channel\/UCMmbMNGwsL-XrtjfSFLCdVQ"]}]}},"_links":{"self":[{"href":"https:\/\/ruishengglassco.com\/de\/wp-json\/wp\/v2\/product\/4286","targetHints":{"allow":["GET"]}}],"collection":[{"href":"https:\/\/ruishengglassco.com\/de\/wp-json\/wp\/v2\/product"}],"about":[{"href":"https:\/\/ruishengglassco.com\/de\/wp-json\/wp\/v2\/types\/product"}],"replies":[{"embeddable":true,"href":"https:\/\/ruishengglassco.com\/de\/wp-json\/wp\/v2\/comments?post=4286"}],"wp:featuredmedia":[{"embeddable":true,"href":"https:\/\/ruishengglassco.com\/de\/wp-json\/wp\/v2\/media\/4287"}],"wp:attachment":[{"href":"https:\/\/ruishengglassco.com\/de\/wp-json\/wp\/v2\/media?parent=4286"}],"wp:term":[{"taxonomy":"product_cat","embeddable":true,"href":"https:\/\/ruishengglassco.com\/de\/wp-json\/wp\/v2\/product_cat?post=4286"}],"curies":[{"name":"wp","href":"https:\/\/api.w.org\/{rel}","templated":true}]}}