{"id":4284,"date":"2025-03-15T11:43:44","date_gmt":"2025-03-15T03:43:44","guid":{"rendered":"https:\/\/ruishengglassco.com\/?post_type=product&#038;p=4284"},"modified":"2025-07-17T14:23:50","modified_gmt":"2025-07-17T06:23:50","slug":"rs056-750ml-benutzerdefinierte-glasflasche-hersteller","status":"publish","type":"product","link":"https:\/\/ruishengglassco.com\/de\/produkt\/rs056-750ml-benutzerdefinierte-glasflasche-hersteller","title":{"rendered":"RS056: Hersteller von 750-ml-Glasflaschen"},"content":{"rendered":"<p>Diese 750ml benutzerdefinierte Glasflaschen Gro\u00dfhandel sind unsere neuesten speziellen Flaschen. Und wir k\u00f6nnen Ihr Logo auf sie zu drucken, oder mischen Sie Farben, wie Sie wollen. Diese 750ml Lik\u00f6r Glasflasche der Oberfl\u00e4che hat ein geschnitztes Muster. So ist es sehr beliebt bei den Verbrauchern.<\/p>\n<p>Unser Werk verf\u00fcgt \u00fcber ein umfassendes Team, das effektiv zusammenarbeitet und uns eine schnelle Produktion von Getr\u00e4nkeflaschen aus Glas erm\u00f6glicht. Au\u00dferdem haben wir einen erstklassigen Kundendienst und k\u00f6nnen alle Fragen beantworten, die Sie haben.<\/p>\n<p>Diese 750-ml-Glasflaschen zum Verkauf sind mit einem Stopfen versehen; sie k\u00f6nnen mit einem Holzstopfen oder einem Stopfen aus einem anderen Material verschlossen werden. Wenn Sie einen anderen Flaschenhals wollen, k\u00f6nnen wir es auch \u00e4ndern.<\/p>\n<h2>750ml kundenspezifische Glasflaschen Hersteller<\/h2>\n<p>Die Informationen \u00fcber die Glasflasche wie unten:<\/p>\n<ul>\n<li>Hauptmaterial: Glas mit hohem Feuersteinanteil<\/li>\n<li>Verschluss: Schraubverschluss<\/li>\n<li>Referenz: RS056<\/li>\n<li>MOQ: 10000 PCS<\/li>\n<li>Fassungsverm\u00f6gen: 750ml<\/li>\n<li>St\u00fcck\/Gebinde: 24 St\u00fcck<\/li>\n<li>Herkunft des Ortes: Shandong, China<\/li>\n<li>Besonderheit: Umweltfreundlich<\/li>\n<\/ul>\n<p>Wir k\u00f6nnen ein gr\u00f6\u00dferes Fassungsverm\u00f6gen f\u00fcr diese Spirituosen-Glasflasche herstellen, z. B. 500 ml, 550 ml, 700 ml und 1000 ml. Wir k\u00f6nnen es tun. Wir k\u00f6nnen die Flasche nach Ihren Anforderungen \u00e4ndern.<\/p>\n<p>Unser Unternehmen kann diese Flasche gr\u00fcndlich bearbeiten, einschlie\u00dflich Aufbringen von Aufklebern, Bedrucken und Glasieren. Unsere 750ml Schnapsflaschen aus Glas zum Verkauf werden standardm\u00e4\u00dfig verpackt. Und die Flaschen zerbrechen nicht so leicht beim Transport, weil unsere Flaschen vor dem Versand gemessen werden. Unser Unternehmen priorisiert immer die Qualit\u00e4t. Wir haben einen guten Ruf in der Flaschenindustrie, und viele Kunden kommen zu uns, um Flaschen zu kaufen.<\/p>\n<p>Wir k\u00f6nnen auch kundenspezifische Flaschen akzeptieren. Wenn Sie uns eine Zeichnung der Glasflasche zur Verf\u00fcgung stellen k\u00f6nnen, k\u00f6nnen wir dieselbe herstellen.<\/p>\n<p>Sie k\u00f6nnen uns vertrauen und machen uns sehr zuversichtlich. Wenn Sie hierher kommen m\u00f6chten, um Flaschen zu machen, sind wir immer willkommen.<\/p>\n<p>Wir hei\u00dfen Kunden aus der ganzen Welt herzlich willkommen, unser Werk zu besuchen und mit uns zusammenzuarbeiten.<\/p>\n<p>Wenn Sie sich f\u00fcr eines unserer Produkte interessieren, k\u00f6nnen Sie sich gerne f\u00fcr weitere Informationen an uns wenden. Wir werden die Details, die Sie wissen m\u00f6chten, beantworten. Ich hoffe, dass Sie diese Glasflasche m\u00f6gen und eine Bestellung aufgeben k\u00f6nnen.<\/p>","protected":false},"excerpt":{"rendered":"<p data-block-id=\"6f9d5f50-4787-4b8f-b52e-4e5b0f1df3bf\" data-pm-slice=\"1 3 []\">Die 750-ml-Glasflasche der Serie Rs-019 hat ein einzigartiges H\u00f6hlendesign. Dieses Design hilft, die Flasche zu dekorieren und erh\u00f6ht die Griffigkeit. Sie ist speziell f\u00fcr die Verpackung von Whiskey, Wodka, Brandy und anderen alkoholischen Getr\u00e4nken geeignet. Kristallglas in atemberaubender Optik, geschliffenes Klarglas mit lichtreflektierendem Muster.<\/p>\n<p data-block-id=\"be2fbf11-bd17-4094-960f-707f644c407d\">Kundenspezifische Glasflasche f\u00fcr Spirituosenverpackungen:<\/p>\n<ul data-block-id=\"33c66e36-3d6c-4b87-8b23-c9e6e4da4634\">\n<li>\n<p data-block-id=\"1bdf760f-86a3-4832-956f-1e5f983850cf\">Artikel: RS056<\/p>\n<\/li>\n<li>\n<p data-block-id=\"ae440700-790a-403f-99db-c5147c2b3b42\">OEM\/ODM-Service f\u00fcr 750ml Glas Lik\u00f6rflasche Gro\u00dfhandel<\/p>\n<\/li>\n<li>\n<p data-block-id=\"806ffc93-ff88-4259-904f-8c002926599d\">Verschluss: Schraubverschluss oder kundenspezifisch<\/p>\n<\/li>\n<li>\n<p data-block-id=\"2939f365-afa8-412b-a431-193771b80a26\">Gewicht: 680g<\/p>\n<\/li>\n<li>\n<p data-block-id=\"ec2b6684-91e1-4959-8fd2-3de2efc0c370\">H\u00f6he der Flasche: 225mm<\/p>\n<\/li>\n<li>\n<p data-block-id=\"204e59bf-124c-42ef-9a06-31622f7068d8\">Breite der Flasche: 100mm<\/p>\n<\/li>\n<\/ul>","protected":false},"featured_media":4285,"comment_status":"closed","ping_status":"closed","template":"","meta":[],"product_cat":[40,45],"class_list":{"0":"post-4284","1":"product","2":"type-product","3":"status-publish","4":"has-post-thumbnail","6":"product_cat-750ml-liquor-bottle-manufacturer","7":"product_cat-custom-glass-bottle","9":"first","10":"instock","11":"shipping-taxable","12":"product-type-simple"},"yoast_head":"<!-- This site is optimized with the Yoast SEO plugin v22.0 - https:\/\/yoast.com\/wordpress\/plugins\/seo\/ -->\n<title>Custom Glass Bottles Manufacturers | Bulk Alcohol Bottles Factory Outlet<\/title>\n<meta name=\"description\" content=\"Want to buy bulk alcohol bottles at a factory outlet? Top China Liquor Bottle Manufacturers, Provide Custom Glass Bottles Manufacturers Service Here.\" \/>\n<meta name=\"robots\" content=\"index, follow, max-snippet:-1, max-image-preview:large, max-video-preview:-1\" \/>\n<link rel=\"canonical\" href=\"https:\/\/ruishengglassco.com\/de\/produkt\/rs056-750ml-benutzerdefinierte-glasflasche-hersteller\" \/>\n<meta property=\"og:locale\" content=\"de_DE\" \/>\n<meta property=\"og:type\" content=\"article\" \/>\n<meta property=\"og:title\" content=\"Custom Glass Bottles Manufacturers | Bulk Alcohol Bottles Factory Outlet\" \/>\n<meta property=\"og:description\" content=\"Want to buy bulk alcohol bottles at a factory outlet? Top China Liquor Bottle Manufacturers, Provide Custom Glass Bottles Manufacturers Service Here.\" \/>\n<meta property=\"og:url\" content=\"https:\/\/ruishengglassco.com\/de\/produkt\/rs056-750ml-benutzerdefinierte-glasflasche-hersteller\" \/>\n<meta property=\"article:publisher\" content=\"https:\/\/www.facebook.com\/ruishengglassbottles\" \/>\n<meta property=\"article:modified_time\" content=\"2025-07-17T06:23:50+00:00\" \/>\n<meta property=\"og:image\" content=\"https:\/\/ruishengglassco.com\/wp-content\/uploads\/2025\/03\/RS056-750ml-Custom-Glass-Bottle-Wholesale-Company.webp\" \/>\n\t<meta property=\"og:image:width\" content=\"800\" \/>\n\t<meta property=\"og:image:height\" content=\"800\" \/>\n\t<meta property=\"og:image:type\" content=\"image\/webp\" \/>\n<meta name=\"twitter:card\" content=\"summary_large_image\" \/>\n<meta name=\"twitter:label1\" content=\"Gesch\u00e4tzte Lesezeit\" \/>\n\t<meta name=\"twitter:data1\" content=\"2\u00a0Minuten\" \/>\n<script type=\"application\/ld+json\" class=\"yoast-schema-graph\">{\"@context\":\"https:\/\/schema.org\",\"@graph\":[{\"@type\":\"WebPage\",\"@id\":\"https:\/\/ruishengglassco.com\/product\/rs056-750ml-custom-glass-bottle-manufacturers\",\"url\":\"https:\/\/ruishengglassco.com\/product\/rs056-750ml-custom-glass-bottle-manufacturers\",\"name\":\"Custom Glass Bottles Manufacturers | Bulk Alcohol Bottles Factory Outlet\",\"isPartOf\":{\"@id\":\"https:\/\/ruishengglassco.com\/#website\"},\"datePublished\":\"2025-03-15T03:43:44+00:00\",\"dateModified\":\"2025-07-17T06:23:50+00:00\",\"description\":\"Want to buy bulk alcohol bottles at a factory outlet? Top China Liquor Bottle Manufacturers, Provide Custom Glass Bottles Manufacturers Service Here.\",\"breadcrumb\":{\"@id\":\"https:\/\/ruishengglassco.com\/product\/rs056-750ml-custom-glass-bottle-manufacturers#breadcrumb\"},\"inLanguage\":\"de\",\"potentialAction\":[{\"@type\":\"ReadAction\",\"target\":[\"https:\/\/ruishengglassco.com\/product\/rs056-750ml-custom-glass-bottle-manufacturers\"]}]},{\"@type\":\"BreadcrumbList\",\"@id\":\"https:\/\/ruishengglassco.com\/product\/rs056-750ml-custom-glass-bottle-manufacturers#breadcrumb\",\"itemListElement\":[{\"@type\":\"ListItem\",\"position\":1,\"name\":\"Home\",\"item\":\"https:\/\/ruishengglassco.com\/\"},{\"@type\":\"ListItem\",\"position\":2,\"name\":\"Products\",\"item\":\"https:\/\/ruishengglassco.com\/products\"},{\"@type\":\"ListItem\",\"position\":3,\"name\":\"RS056: 750ml Custom Glass Bottle Manufacturers\"}]},{\"@type\":\"WebSite\",\"@id\":\"https:\/\/ruishengglassco.com\/#website\",\"url\":\"https:\/\/ruishengglassco.com\/\",\"name\":\"Ruisheng Glass\",\"description\":\"\",\"publisher\":{\"@id\":\"https:\/\/ruishengglassco.com\/#organization\"},\"potentialAction\":[{\"@type\":\"SearchAction\",\"target\":{\"@type\":\"EntryPoint\",\"urlTemplate\":\"https:\/\/ruishengglassco.com\/?s={search_term_string}\"},\"query-input\":\"required name=search_term_string\"}],\"inLanguage\":\"de\"},{\"@type\":\"Organization\",\"@id\":\"https:\/\/ruishengglassco.com\/#organization\",\"name\":\"Shandong Yuncheng Ruisheng Glass Co., Ltd\",\"url\":\"https:\/\/ruishengglassco.com\/\",\"logo\":{\"@type\":\"ImageObject\",\"inLanguage\":\"de\",\"@id\":\"https:\/\/ruishengglassco.com\/#\/schema\/logo\/image\/\",\"url\":\"https:\/\/ruishengglassco.com\/wp-content\/uploads\/2023\/09\/ruisheng_logo_icon.webp\",\"contentUrl\":\"https:\/\/ruishengglassco.com\/wp-content\/uploads\/2023\/09\/ruisheng_logo_icon.webp\",\"width\":400,\"height\":233,\"caption\":\"Shandong Yuncheng Ruisheng Glass Co., Ltd\"},\"image\":{\"@id\":\"https:\/\/ruishengglassco.com\/#\/schema\/logo\/image\/\"},\"sameAs\":[\"https:\/\/www.facebook.com\/ruishengglassbottles\",\"https:\/\/www.instagram.com\/Ruishengglassbottlewholesales\/\",\"https:\/\/www.youtube.com\/channel\/UCMmbMNGwsL-XrtjfSFLCdVQ\"]}]}<\/script>\n<!-- \/ Yoast SEO plugin. -->","yoast_head_json":{"title":"Custom Glass Bottles Manufacturers | Bulk Alcohol Bottles Factory Outlet","description":"Want to buy bulk alcohol bottles at a factory outlet? Top China Liquor Bottle Manufacturers, Provide Custom Glass Bottles Manufacturers Service Here.","robots":{"index":"index","follow":"follow","max-snippet":"max-snippet:-1","max-image-preview":"max-image-preview:large","max-video-preview":"max-video-preview:-1"},"canonical":"https:\/\/ruishengglassco.com\/de\/produkt\/rs056-750ml-benutzerdefinierte-glasflasche-hersteller","og_locale":"de_DE","og_type":"article","og_title":"Custom Glass Bottles Manufacturers | Bulk Alcohol Bottles Factory Outlet","og_description":"Want to buy bulk alcohol bottles at a factory outlet? Top China Liquor Bottle Manufacturers, Provide Custom Glass Bottles Manufacturers Service Here.","og_url":"https:\/\/ruishengglassco.com\/de\/produkt\/rs056-750ml-benutzerdefinierte-glasflasche-hersteller","article_publisher":"https:\/\/www.facebook.com\/ruishengglassbottles","article_modified_time":"2025-07-17T06:23:50+00:00","og_image":[{"width":800,"height":800,"url":"https:\/\/ruishengglassco.com\/wp-content\/uploads\/2025\/03\/RS056-750ml-Custom-Glass-Bottle-Wholesale-Company.webp","type":"image\/webp"}],"twitter_card":"summary_large_image","twitter_misc":{"Gesch\u00e4tzte Lesezeit":"2\u00a0Minuten"},"schema":{"@context":"https:\/\/schema.org","@graph":[{"@type":"WebPage","@id":"https:\/\/ruishengglassco.com\/product\/rs056-750ml-custom-glass-bottle-manufacturers","url":"https:\/\/ruishengglassco.com\/product\/rs056-750ml-custom-glass-bottle-manufacturers","name":"Custom Glass Bottles Manufacturers | Bulk Alcohol Bottles Factory Outlet","isPartOf":{"@id":"https:\/\/ruishengglassco.com\/#website"},"datePublished":"2025-03-15T03:43:44+00:00","dateModified":"2025-07-17T06:23:50+00:00","description":"Want to buy bulk alcohol bottles at a factory outlet? Top China Liquor Bottle Manufacturers, Provide Custom Glass Bottles Manufacturers Service Here.","breadcrumb":{"@id":"https:\/\/ruishengglassco.com\/product\/rs056-750ml-custom-glass-bottle-manufacturers#breadcrumb"},"inLanguage":"de","potentialAction":[{"@type":"ReadAction","target":["https:\/\/ruishengglassco.com\/product\/rs056-750ml-custom-glass-bottle-manufacturers"]}]},{"@type":"BreadcrumbList","@id":"https:\/\/ruishengglassco.com\/product\/rs056-750ml-custom-glass-bottle-manufacturers#breadcrumb","itemListElement":[{"@type":"ListItem","position":1,"name":"Home","item":"https:\/\/ruishengglassco.com\/"},{"@type":"ListItem","position":2,"name":"Products","item":"https:\/\/ruishengglassco.com\/products"},{"@type":"ListItem","position":3,"name":"RS056: 750ml Custom Glass Bottle Manufacturers"}]},{"@type":"WebSite","@id":"https:\/\/ruishengglassco.com\/#website","url":"https:\/\/ruishengglassco.com\/","name":"Ruisheng Glass","description":"","publisher":{"@id":"https:\/\/ruishengglassco.com\/#organization"},"potentialAction":[{"@type":"SearchAction","target":{"@type":"EntryPoint","urlTemplate":"https:\/\/ruishengglassco.com\/?s={search_term_string}"},"query-input":"required name=search_term_string"}],"inLanguage":"de"},{"@type":"Organization","@id":"https:\/\/ruishengglassco.com\/#organization","name":"Shandong Yuncheng Ruisheng Glass Co., Ltd","url":"https:\/\/ruishengglassco.com\/","logo":{"@type":"ImageObject","inLanguage":"de","@id":"https:\/\/ruishengglassco.com\/#\/schema\/logo\/image\/","url":"https:\/\/ruishengglassco.com\/wp-content\/uploads\/2023\/09\/ruisheng_logo_icon.webp","contentUrl":"https:\/\/ruishengglassco.com\/wp-content\/uploads\/2023\/09\/ruisheng_logo_icon.webp","width":400,"height":233,"caption":"Shandong Yuncheng Ruisheng Glass Co., Ltd"},"image":{"@id":"https:\/\/ruishengglassco.com\/#\/schema\/logo\/image\/"},"sameAs":["https:\/\/www.facebook.com\/ruishengglassbottles","https:\/\/www.instagram.com\/Ruishengglassbottlewholesales\/","https:\/\/www.youtube.com\/channel\/UCMmbMNGwsL-XrtjfSFLCdVQ"]}]}},"_links":{"self":[{"href":"https:\/\/ruishengglassco.com\/de\/wp-json\/wp\/v2\/product\/4284","targetHints":{"allow":["GET"]}}],"collection":[{"href":"https:\/\/ruishengglassco.com\/de\/wp-json\/wp\/v2\/product"}],"about":[{"href":"https:\/\/ruishengglassco.com\/de\/wp-json\/wp\/v2\/types\/product"}],"replies":[{"embeddable":true,"href":"https:\/\/ruishengglassco.com\/de\/wp-json\/wp\/v2\/comments?post=4284"}],"wp:featuredmedia":[{"embeddable":true,"href":"https:\/\/ruishengglassco.com\/de\/wp-json\/wp\/v2\/media\/4285"}],"wp:attachment":[{"href":"https:\/\/ruishengglassco.com\/de\/wp-json\/wp\/v2\/media?parent=4284"}],"wp:term":[{"taxonomy":"product_cat","embeddable":true,"href":"https:\/\/ruishengglassco.com\/de\/wp-json\/wp\/v2\/product_cat?post=4284"}],"curies":[{"name":"wp","href":"https:\/\/api.w.org\/{rel}","templated":true}]}}