{"id":4276,"date":"2025-03-15T11:33:25","date_gmt":"2025-03-15T03:33:25","guid":{"rendered":"https:\/\/ruishengglassco.com\/?post_type=product&#038;p=4276"},"modified":"2025-09-11T16:28:03","modified_gmt":"2025-09-11T08:28:03","slug":"rs060-personalisierte-alkoholflaschen-groshandel-700ml","status":"publish","type":"product","link":"https:\/\/ruishengglassco.com\/de\/produkt\/rs060-personalisierte-alkoholflaschen-groshandel-700ml","title":{"rendered":"RS060: Personalisierte Alkoholflaschen Hersteller 700ml"},"content":{"rendered":"<p>Diese individuell bedruckten Glasflaschen f\u00fcr Spirituosen werden von dem Spitzenhersteller Shandong Yuncheng Ruisheng Glass Co. hergestellt.<\/p>\n<p>Wir verwenden hochwertiges Flintglas-Rohmaterial zur Herstellung dieser 700ml-Glasflaschen. Unsere Gro\u00dfhandelsflaschen sind klarer, haltbarer und glatter als die Glasflaschen aus anderen Fabriken. Diese Bulk-Glasflaschen sind in erster Linie f\u00fcr die Verpackung und Konservierung von Spirituosen, Whiskey, Schnaps, Rum, Getr\u00e4nke und andere Getr\u00e4nke verwendet. Sie haben eine gute Dichtigkeit, Lichtdurchl\u00e4ssigkeit und \u00c4sthetik. Es kann nicht nur die urspr\u00fcngliche Qualit\u00e4t der Fl\u00fcssigkeit bewahren, sondern auch den Wert von Spirituosen, Whiskey, Brandy, Rum, Getr\u00e4nken und anderen Getr\u00e4nken verbessern. Halten Sie Ihre Fl\u00fcssigkeit trotz monatelanger Taufe echt.<\/p>\n<p>Wir haben strenge Qualit\u00e4tskontrollen f\u00fcr diese Glasflaschen. Unser Unternehmen besch\u00e4ftigt mehr als 500 Mitarbeiter, darunter etwa 30 Mitarbeiter in der Qualit\u00e4tskontrolle und ein Team von qualifizierten Ingenieuren. Dank unserer langj\u00e4hrigen Erfahrung haben wir weltweit einen guten Ruf.<\/p>\n<h2>Die Details der individuell bedruckten Glasflaschenhersteller<\/h2>\n<p>Die Informationen der 700ml Glasflasche sind wie ein Blasebalg:<\/p>\n<ul>\n<li>Hauptmaterial: Glas mit hohem Feuersteinanteil<\/li>\n<li>Kappe: Kork<\/li>\n<li>Referenz: RS060<\/li>\n<li>MOQ: 10000 PCS<\/li>\n<li>Fassungsverm\u00f6gen: 700ml<\/li>\n<li>St\u00fcck\/Gebinde: 24 St\u00fcck<\/li>\n<li>Herkunft des Ortes: Shandong, China<\/li>\n<li>Besonderheit: Umweltfreundlich<\/li>\n<\/ul>\n<p>Da es zwei Zuglinien von unserer Stadt nach Qingdao gibt, k\u00f6nnen wir die Klarglasflaschen jederzeit zum Hafen von Qingdao schicken. Mit dieser g\u00fcnstigen Verkehrslage k\u00f6nnen wir die Glasflaschen \u00fcberall auf der Welt rechtzeitig versenden und sicherstellen, dass der Kunde sie bald erh\u00e4lt.<\/p>\n<p>Unsere Hauptprodukte sind hochwertige Gro\u00dfhandelsflaschen und -gl\u00e4ser, darunter eine Wodkaflasche aus Glas, eine klare Schnapsflasche, eine ausgefallene Whiskeyflasche, eine Lik\u00f6rglasflasche, eine Rumflasche und vieles mehr. Wir k\u00f6nnen auch andere kundenspezifische farbige Glasflaschen anbieten, wie z.B. gr\u00fcn, dunkelgr\u00fcn und so weiter. Unser Hauptmarkt sind Europa, die USA und Australien. Alle unsere Produkte genie\u00dfen einen ausgezeichneten Ruf in Bezug auf Innovation und Funktionalit\u00e4t.<\/p>\n<p>Wenn Sie sich \u00fcber unseren Gro\u00dfhandelsservice f\u00fcr individuell bedruckte Glasflaschen erkundigen m\u00f6chten, kontaktieren Sie uns bitte. Wir werden Ihnen innerhalb von 24 Stunden antworten und unser Bestes f\u00fcr Sie tun.<\/p>\n<p>Vertrauen Sie uns, und Sie erhalten die besten 700-ml-Glasflaschen oder individuell gestaltete Glasflaschen.<\/p>","protected":false},"excerpt":{"rendered":"<table class=\"tg\">\n<tbody>\n<tr>\n<th class=\"tg-24i8\" colspan=\"2\">700ml individuell bedruckte Glasflaschen Gro\u00dfhandel<\/th>\n<\/tr>\n<tr>\n<td class=\"tg-b7b8\">Referenz:<\/td>\n<td class=\"tg-b7b8\">RS060<\/td>\n<\/tr>\n<tr>\n<td class=\"tg-yw4l\">Hauptmaterial:<\/td>\n<td class=\"tg-yw4l\">Hochwertiges Flintglas<\/td>\n<\/tr>\n<tr>\n<td class=\"tg-b7b8\">Kappe:<\/td>\n<td class=\"tg-b7b8\">Schraubkappe<\/td>\n<\/tr>\n<tr>\n<td class=\"tg-yw4l\">Kapazit\u00e4t:<\/td>\n<td class=\"tg-yw4l\">700ml<\/td>\n<\/tr>\n<tr>\n<td class=\"tg-b7b8\">Merkmal:<\/td>\n<td class=\"tg-b7b8\">Umweltfreundlich<\/td>\n<\/tr>\n<tr>\n<td class=\"tg-yw4l\"><strong>MOQ:<\/strong><\/td>\n<td class=\"tg-yw4l\"><strong>10000 PCS<\/strong><\/td>\n<\/tr>\n<tr>\n<td class=\"tg-b7b8\">Versandart:<\/td>\n<td class=\"tg-b7b8\">Schiff, Express<\/td>\n<\/tr>\n<tr>\n<td class=\"tg-yw4l\">Farbe<\/td>\n<td class=\"tg-yw4l\">Klar\/Transparent<\/td>\n<\/tr>\n<tr>\n<td class=\"tg-b7b8\">H\u00f6he:<\/td>\n<td class=\"tg-b7b8\">230MM\u00b12MM<\/td>\n<\/tr>\n<tr>\n<td class=\"tg-yw4l\">Durchmesser<\/td>\n<td class=\"tg-yw4l\">92MM\u00b12MM<\/td>\n<\/tr>\n<\/tbody>\n<\/table>","protected":false},"featured_media":4277,"comment_status":"closed","ping_status":"closed","template":"","meta":[],"product_cat":[44,45],"class_list":{"0":"post-4276","1":"product","2":"type-product","3":"status-publish","4":"has-post-thumbnail","6":"product_cat-700ml-liquor-bottle-manufacturer","7":"product_cat-custom-glass-bottle","9":"first","10":"instock","11":"shipping-taxable","12":"product-type-simple"},"yoast_head":"<!-- This site is optimized with the Yoast SEO plugin v22.0 - https:\/\/yoast.com\/wordpress\/plugins\/seo\/ -->\n<title>Custom Printed Glass Bottles Manufacturers | Clear Spirit Bottle Manufacturer<\/title>\n<meta name=\"description\" content=\"Ruisheng(RS), a top clear spirit bottle manufacturer, provide custom printed glass bottles wholesale service for liquor brands, companiesetc.\" \/>\n<meta name=\"robots\" content=\"index, follow, max-snippet:-1, max-image-preview:large, max-video-preview:-1\" \/>\n<link rel=\"canonical\" href=\"https:\/\/ruishengglassco.com\/de\/produkt\/rs060-personalisierte-alkoholflaschen-groshandel-700ml\" \/>\n<meta property=\"og:locale\" content=\"de_DE\" \/>\n<meta property=\"og:type\" content=\"article\" \/>\n<meta property=\"og:title\" content=\"Custom Printed Glass Bottles Manufacturers | Clear Spirit Bottle Manufacturer\" \/>\n<meta property=\"og:description\" content=\"Ruisheng(RS), a top clear spirit bottle manufacturer, provide custom printed glass bottles wholesale service for liquor brands, companiesetc.\" \/>\n<meta property=\"og:url\" content=\"https:\/\/ruishengglassco.com\/de\/produkt\/rs060-personalisierte-alkoholflaschen-groshandel-700ml\" \/>\n<meta property=\"article:publisher\" content=\"https:\/\/www.facebook.com\/ruishengglassbottles\" \/>\n<meta property=\"article:modified_time\" content=\"2025-09-11T08:28:03+00:00\" \/>\n<meta property=\"og:image\" content=\"https:\/\/ruishengglassco.com\/wp-content\/uploads\/2025\/03\/RS060-Personalized-Alcohol-Bottles-Wholesale-700ml.webp\" \/>\n\t<meta property=\"og:image:width\" content=\"800\" \/>\n\t<meta property=\"og:image:height\" content=\"800\" \/>\n\t<meta property=\"og:image:type\" content=\"image\/webp\" \/>\n<meta name=\"twitter:card\" content=\"summary_large_image\" \/>\n<meta name=\"twitter:label1\" content=\"Gesch\u00e4tzte Lesezeit\" \/>\n\t<meta name=\"twitter:data1\" content=\"2\u00a0Minuten\" \/>\n<script type=\"application\/ld+json\" class=\"yoast-schema-graph\">{\"@context\":\"https:\/\/schema.org\",\"@graph\":[{\"@type\":\"WebPage\",\"@id\":\"https:\/\/ruishengglassco.com\/product\/rs060-personalized-alcohol-bottles-wholesale-700ml\",\"url\":\"https:\/\/ruishengglassco.com\/product\/rs060-personalized-alcohol-bottles-wholesale-700ml\",\"name\":\"Custom Printed Glass Bottles Manufacturers | Clear Spirit Bottle Manufacturer\",\"isPartOf\":{\"@id\":\"https:\/\/ruishengglassco.com\/#website\"},\"datePublished\":\"2025-03-15T03:33:25+00:00\",\"dateModified\":\"2025-09-11T08:28:03+00:00\",\"description\":\"Ruisheng(RS), a top clear spirit bottle manufacturer, provide custom printed glass bottles wholesale service for liquor brands, companiesetc.\",\"breadcrumb\":{\"@id\":\"https:\/\/ruishengglassco.com\/product\/rs060-personalized-alcohol-bottles-wholesale-700ml#breadcrumb\"},\"inLanguage\":\"de\",\"potentialAction\":[{\"@type\":\"ReadAction\",\"target\":[\"https:\/\/ruishengglassco.com\/product\/rs060-personalized-alcohol-bottles-wholesale-700ml\"]}]},{\"@type\":\"BreadcrumbList\",\"@id\":\"https:\/\/ruishengglassco.com\/product\/rs060-personalized-alcohol-bottles-wholesale-700ml#breadcrumb\",\"itemListElement\":[{\"@type\":\"ListItem\",\"position\":1,\"name\":\"Home\",\"item\":\"https:\/\/ruishengglassco.com\/\"},{\"@type\":\"ListItem\",\"position\":2,\"name\":\"Products\",\"item\":\"https:\/\/ruishengglassco.com\/products\"},{\"@type\":\"ListItem\",\"position\":3,\"name\":\"RS060: Personalized Alcohol Bottles Manufacturers 700ml\"}]},{\"@type\":\"WebSite\",\"@id\":\"https:\/\/ruishengglassco.com\/#website\",\"url\":\"https:\/\/ruishengglassco.com\/\",\"name\":\"Ruisheng Glass\",\"description\":\"\",\"publisher\":{\"@id\":\"https:\/\/ruishengglassco.com\/#organization\"},\"potentialAction\":[{\"@type\":\"SearchAction\",\"target\":{\"@type\":\"EntryPoint\",\"urlTemplate\":\"https:\/\/ruishengglassco.com\/?s={search_term_string}\"},\"query-input\":\"required name=search_term_string\"}],\"inLanguage\":\"de\"},{\"@type\":\"Organization\",\"@id\":\"https:\/\/ruishengglassco.com\/#organization\",\"name\":\"Shandong Yuncheng Ruisheng Glass Co., Ltd\",\"url\":\"https:\/\/ruishengglassco.com\/\",\"logo\":{\"@type\":\"ImageObject\",\"inLanguage\":\"de\",\"@id\":\"https:\/\/ruishengglassco.com\/#\/schema\/logo\/image\/\",\"url\":\"https:\/\/ruishengglassco.com\/wp-content\/uploads\/2023\/09\/ruisheng_logo_icon.webp\",\"contentUrl\":\"https:\/\/ruishengglassco.com\/wp-content\/uploads\/2023\/09\/ruisheng_logo_icon.webp\",\"width\":400,\"height\":233,\"caption\":\"Shandong Yuncheng Ruisheng Glass Co., Ltd\"},\"image\":{\"@id\":\"https:\/\/ruishengglassco.com\/#\/schema\/logo\/image\/\"},\"sameAs\":[\"https:\/\/www.facebook.com\/ruishengglassbottles\",\"https:\/\/www.instagram.com\/Ruishengglassbottlewholesales\/\",\"https:\/\/www.youtube.com\/channel\/UCMmbMNGwsL-XrtjfSFLCdVQ\"]}]}<\/script>\n<!-- \/ Yoast SEO plugin. -->","yoast_head_json":{"title":"Custom Printed Glass Bottles Manufacturers | Clear Spirit Bottle Manufacturer","description":"Ruisheng(RS), a top clear spirit bottle manufacturer, provide custom printed glass bottles wholesale service for liquor brands, companiesetc.","robots":{"index":"index","follow":"follow","max-snippet":"max-snippet:-1","max-image-preview":"max-image-preview:large","max-video-preview":"max-video-preview:-1"},"canonical":"https:\/\/ruishengglassco.com\/de\/produkt\/rs060-personalisierte-alkoholflaschen-groshandel-700ml","og_locale":"de_DE","og_type":"article","og_title":"Custom Printed Glass Bottles Manufacturers | Clear Spirit Bottle Manufacturer","og_description":"Ruisheng(RS), a top clear spirit bottle manufacturer, provide custom printed glass bottles wholesale service for liquor brands, companiesetc.","og_url":"https:\/\/ruishengglassco.com\/de\/produkt\/rs060-personalisierte-alkoholflaschen-groshandel-700ml","article_publisher":"https:\/\/www.facebook.com\/ruishengglassbottles","article_modified_time":"2025-09-11T08:28:03+00:00","og_image":[{"width":800,"height":800,"url":"https:\/\/ruishengglassco.com\/wp-content\/uploads\/2025\/03\/RS060-Personalized-Alcohol-Bottles-Wholesale-700ml.webp","type":"image\/webp"}],"twitter_card":"summary_large_image","twitter_misc":{"Gesch\u00e4tzte Lesezeit":"2\u00a0Minuten"},"schema":{"@context":"https:\/\/schema.org","@graph":[{"@type":"WebPage","@id":"https:\/\/ruishengglassco.com\/product\/rs060-personalized-alcohol-bottles-wholesale-700ml","url":"https:\/\/ruishengglassco.com\/product\/rs060-personalized-alcohol-bottles-wholesale-700ml","name":"Custom Printed Glass Bottles Manufacturers | Clear Spirit Bottle Manufacturer","isPartOf":{"@id":"https:\/\/ruishengglassco.com\/#website"},"datePublished":"2025-03-15T03:33:25+00:00","dateModified":"2025-09-11T08:28:03+00:00","description":"Ruisheng(RS), a top clear spirit bottle manufacturer, provide custom printed glass bottles wholesale service for liquor brands, companiesetc.","breadcrumb":{"@id":"https:\/\/ruishengglassco.com\/product\/rs060-personalized-alcohol-bottles-wholesale-700ml#breadcrumb"},"inLanguage":"de","potentialAction":[{"@type":"ReadAction","target":["https:\/\/ruishengglassco.com\/product\/rs060-personalized-alcohol-bottles-wholesale-700ml"]}]},{"@type":"BreadcrumbList","@id":"https:\/\/ruishengglassco.com\/product\/rs060-personalized-alcohol-bottles-wholesale-700ml#breadcrumb","itemListElement":[{"@type":"ListItem","position":1,"name":"Home","item":"https:\/\/ruishengglassco.com\/"},{"@type":"ListItem","position":2,"name":"Products","item":"https:\/\/ruishengglassco.com\/products"},{"@type":"ListItem","position":3,"name":"RS060: Personalized Alcohol Bottles Manufacturers 700ml"}]},{"@type":"WebSite","@id":"https:\/\/ruishengglassco.com\/#website","url":"https:\/\/ruishengglassco.com\/","name":"Ruisheng Glass","description":"","publisher":{"@id":"https:\/\/ruishengglassco.com\/#organization"},"potentialAction":[{"@type":"SearchAction","target":{"@type":"EntryPoint","urlTemplate":"https:\/\/ruishengglassco.com\/?s={search_term_string}"},"query-input":"required name=search_term_string"}],"inLanguage":"de"},{"@type":"Organization","@id":"https:\/\/ruishengglassco.com\/#organization","name":"Shandong Yuncheng Ruisheng Glass Co., Ltd","url":"https:\/\/ruishengglassco.com\/","logo":{"@type":"ImageObject","inLanguage":"de","@id":"https:\/\/ruishengglassco.com\/#\/schema\/logo\/image\/","url":"https:\/\/ruishengglassco.com\/wp-content\/uploads\/2023\/09\/ruisheng_logo_icon.webp","contentUrl":"https:\/\/ruishengglassco.com\/wp-content\/uploads\/2023\/09\/ruisheng_logo_icon.webp","width":400,"height":233,"caption":"Shandong Yuncheng Ruisheng Glass Co., Ltd"},"image":{"@id":"https:\/\/ruishengglassco.com\/#\/schema\/logo\/image\/"},"sameAs":["https:\/\/www.facebook.com\/ruishengglassbottles","https:\/\/www.instagram.com\/Ruishengglassbottlewholesales\/","https:\/\/www.youtube.com\/channel\/UCMmbMNGwsL-XrtjfSFLCdVQ"]}]}},"_links":{"self":[{"href":"https:\/\/ruishengglassco.com\/de\/wp-json\/wp\/v2\/product\/4276","targetHints":{"allow":["GET"]}}],"collection":[{"href":"https:\/\/ruishengglassco.com\/de\/wp-json\/wp\/v2\/product"}],"about":[{"href":"https:\/\/ruishengglassco.com\/de\/wp-json\/wp\/v2\/types\/product"}],"replies":[{"embeddable":true,"href":"https:\/\/ruishengglassco.com\/de\/wp-json\/wp\/v2\/comments?post=4276"}],"wp:featuredmedia":[{"embeddable":true,"href":"https:\/\/ruishengglassco.com\/de\/wp-json\/wp\/v2\/media\/4277"}],"wp:attachment":[{"href":"https:\/\/ruishengglassco.com\/de\/wp-json\/wp\/v2\/media?parent=4276"}],"wp:term":[{"taxonomy":"product_cat","embeddable":true,"href":"https:\/\/ruishengglassco.com\/de\/wp-json\/wp\/v2\/product_cat?post=4276"}],"curies":[{"name":"wp","href":"https:\/\/api.w.org\/{rel}","templated":true}]}}