{"id":4272,"date":"2025-03-15T11:27:32","date_gmt":"2025-03-15T03:27:32","guid":{"rendered":"https:\/\/ruishengglassco.com\/?post_type=product&#038;p=4272"},"modified":"2025-03-26T14:53:49","modified_gmt":"2025-03-26T06:53:49","slug":"rs062-1-liter-glas-wodka-flaschen-hersteller-mit-korken","status":"publish","type":"product","link":"https:\/\/ruishengglassco.com\/de\/produkt\/rs062-1-liter-glas-wodka-flaschen-hersteller-mit-korken","title":{"rendered":"RS062: 1 Liter Glas Wodka-Flaschen Hersteller mit Korken"},"content":{"rendered":"<p>Ruisheng, einer der gr\u00f6\u00dften Wodka-Flaschen Lieferanten aus China, bieten diese gro\u00dfe Flasche Wodka Gro\u00dfhandelspreis. Diese 1000ml Glasflasche mit Kork ist eine der gro\u00dfen Flasche Wodka.<\/p>\n<p>Wir bieten eine breite Palette von 1000ml Glasflaschen wie Schnapsflaschen, Rumflaschen, Wodkaflaschen, Whiskeyflaschen, Ginflaschen und Weinflaschen etc. Es ist in allen Formen, Gr\u00f6\u00dfen und Farben erh\u00e4ltlich, wie z.B. von 50ml bis 3000ml, von normaler Form bis zu kundenspezifischer Form, von Feuersteinfarbe bis zu schwarzer Farbe. Es gibt 12 Produktionslinien in unserer Fabrik, dies stellt sicher, dass wir die Produktion von Qualit\u00e4tsprodukten auf dem Markt gew\u00e4hrleisten k\u00f6nnen.<\/p>\n<p>Die gro\u00dfe Wodkaflasche ist eine hohe Glasflasche mit Feuerstein. Es ist in der Regel zu halten Wodka, aber Sie k\u00f6nnen auch verwenden, um Whisky, Schnaps und andere Fl\u00fcssigkeit zu halten. Unsere einzigartigen Wodkaflaschen werden mit einer fortschrittlichen Glasflaschenmaschine hergestellt - der IS-Maschine. Diese Maschine ist vollautomatisch, nicht brauchen so viele Menschen.<\/p>\n<p>Es gibt viele \u00e4hnliche Gro\u00dfhandel Glasflaschen f\u00fcr diese Flaschen, wie 250ml, 375ml, 500ml, 700ml und so weiter. Diese Glasflasche Verschluss ist Kork. Wir bieten den Korken f\u00fcr verschiedene Gr\u00f6\u00dfen, verschiedene Materialien, verschiedene Farben. Wir k\u00f6nnen jeden Korken bieten Sie wollen.83mm.<\/p>\n<h2>Die Details dieser gro\u00dfen Flasche Wodka Hersteller Preis<\/h2>\n<p>Diese 1000ml Glasflasche mit Korken ist durch die hohe Feuerstein Glas \/ Kristall wei\u00dfes Glas Material gemacht. Sein Glas Gewicht ist 850g, und diese Wodka-Flasche mit Dicke Boden, das machen die Glasflasche in eine hohe Qualit\u00e4t. Die Gr\u00f6\u00dfe dieser gro\u00dfen Wodkaflasche betr\u00e4gt 90 x 283 mm. Der \u00e4u\u00dfere Munddurchmesser betr\u00e4gt 34,5 mm und der innere Munddurchmesser 21,2 mm. Diese beste Wodkaflasche ist f\u00fcr einen 22,5 mm T-Korken geeignet. Und der Korken kann jeder sein, den Sie wollen.<\/p>\n<p>In unserer Fabrik gibt es mehr als 10 QC-Mitarbeiter und Designer. Wir begr\u00fc\u00dfen auch OEM-Bestellung. Egal, welche Flasche Sie wollen, k\u00f6nnen Sie uns sagen, als wir Zeichnung und machen es nach Ihren Anforderungen.<\/p>\n<p>&nbsp;<\/p>","protected":false},"excerpt":{"rendered":"<table class=\"tg\">\n<tbody>\n<tr>\n<th class=\"tg-hjji\" colspan=\"2\">Gro\u00dfe Flasche Wodka Gro\u00dfhandelspreis<\/th>\n<\/tr>\n<tr>\n<td class=\"tg-b7b8\">Kapazit\u00e4t<\/td>\n<td class=\"tg-b7b8\">1000ml 1.5L<\/td>\n<\/tr>\n<tr>\n<td class=\"tg-yw4l\">Material<\/td>\n<td class=\"tg-yw4l\">Superflint-Glasmaterial,Hochflint-Glasmaterial<\/td>\n<\/tr>\n<tr>\n<td class=\"tg-b7b8\">Dichtungsart<\/td>\n<td class=\"tg-b7b8\">Kork, Guala-Kappe, Schraubverschluss<\/td>\n<\/tr>\n<tr>\n<td class=\"tg-yw4l\">Oberfl\u00e4che<\/td>\n<td class=\"tg-yw4l\">Frost, Abziehbild, Malerei, Hei\u00dfpr\u00e4gung, Pr\u00e4gung, Druck, Glden, Siebdruck<\/td>\n<\/tr>\n<tr>\n<td class=\"tg-b7b8\">Muster<\/td>\n<td class=\"tg-b7b8\">Frei unter Verwendung unserer bestehenden Form<\/td>\n<\/tr>\n<tr>\n<td class=\"tg-yw4l\">Vorlaufzeit<\/td>\n<td class=\"tg-yw4l\">20-30 Tage f\u00fcr Massenprodukte<\/td>\n<\/tr>\n<tr>\n<td class=\"tg-b7b8\">Hafen<\/td>\n<td class=\"tg-b7b8\">Qingdao, China<\/td>\n<\/tr>\n<tr>\n<td class=\"tg-yw4l\">Zahlung<\/td>\n<td class=\"tg-yw4l\">T\/T, Paypal, Trande Versicherung<\/td>\n<\/tr>\n<\/tbody>\n<\/table>","protected":false},"featured_media":4273,"comment_status":"closed","ping_status":"closed","template":"","meta":[],"product_cat":[43,52],"class_list":{"0":"post-4272","1":"product","2":"type-product","3":"status-publish","4":"has-post-thumbnail","6":"product_cat-1000ml-liquor-bottle-manufacturer","7":"product_cat-vodka-bottle","9":"first","10":"instock","11":"shipping-taxable","12":"product-type-simple"},"yoast_head":"<!-- This site is optimized with the Yoast SEO plugin v22.0 - https:\/\/yoast.com\/wordpress\/plugins\/seo\/ -->\n<title>Big Bottle of Vodka Manufacturers Price|1 liter Glass Bottle With Corks<\/title>\n<meta name=\"description\" content=\"Big Bottle of Vodka Factory Price. 100% quality assurance.Also provide 1000ml glass bottle wholesale for brandy, rum , vodka, whiksey, gin and wine ect.\" \/>\n<meta name=\"robots\" content=\"index, follow, max-snippet:-1, max-image-preview:large, max-video-preview:-1\" \/>\n<link rel=\"canonical\" href=\"https:\/\/ruishengglassco.com\/de\/produkt\/rs062-1-liter-glas-wodka-flaschen-hersteller-mit-korken\" \/>\n<meta property=\"og:locale\" content=\"de_DE\" \/>\n<meta property=\"og:type\" content=\"article\" \/>\n<meta property=\"og:title\" content=\"Big Bottle of Vodka Manufacturers Price|1 liter Glass Bottle With Corks\" \/>\n<meta property=\"og:description\" content=\"Big Bottle of Vodka Factory Price. 100% quality assurance.Also provide 1000ml glass bottle wholesale for brandy, rum , vodka, whiksey, gin and wine ect.\" \/>\n<meta property=\"og:url\" content=\"https:\/\/ruishengglassco.com\/de\/produkt\/rs062-1-liter-glas-wodka-flaschen-hersteller-mit-korken\" \/>\n<meta property=\"article:publisher\" content=\"https:\/\/www.facebook.com\/ruishengglassbottles\" \/>\n<meta property=\"article:modified_time\" content=\"2025-03-26T06:53:49+00:00\" \/>\n<meta property=\"og:image\" content=\"https:\/\/ruishengglassco.com\/wp-content\/uploads\/2025\/03\/RS062-1-Liter-Glass-Vodka-Bottles-Wholesale-With-Corks.webp\" \/>\n\t<meta property=\"og:image:width\" content=\"800\" \/>\n\t<meta property=\"og:image:height\" content=\"800\" \/>\n\t<meta property=\"og:image:type\" content=\"image\/webp\" \/>\n<meta name=\"twitter:card\" content=\"summary_large_image\" \/>\n<meta name=\"twitter:label1\" content=\"Gesch\u00e4tzte Lesezeit\" \/>\n\t<meta name=\"twitter:data1\" content=\"2\u00a0Minuten\" \/>\n<script type=\"application\/ld+json\" class=\"yoast-schema-graph\">{\"@context\":\"https:\/\/schema.org\",\"@graph\":[{\"@type\":\"WebPage\",\"@id\":\"https:\/\/ruishengglassco.com\/product\/rs062-1-liter-glass-vodka-bottles-manufacturers-with-corks\",\"url\":\"https:\/\/ruishengglassco.com\/product\/rs062-1-liter-glass-vodka-bottles-manufacturers-with-corks\",\"name\":\"Big Bottle of Vodka Manufacturers Price|1 liter Glass Bottle With Corks\",\"isPartOf\":{\"@id\":\"https:\/\/ruishengglassco.com\/#website\"},\"datePublished\":\"2025-03-15T03:27:32+00:00\",\"dateModified\":\"2025-03-26T06:53:49+00:00\",\"description\":\"Big Bottle of Vodka Factory Price. 100% quality assurance.Also provide 1000ml glass bottle wholesale for brandy, rum , vodka, whiksey, gin and wine ect.\",\"breadcrumb\":{\"@id\":\"https:\/\/ruishengglassco.com\/product\/rs062-1-liter-glass-vodka-bottles-manufacturers-with-corks#breadcrumb\"},\"inLanguage\":\"de\",\"potentialAction\":[{\"@type\":\"ReadAction\",\"target\":[\"https:\/\/ruishengglassco.com\/product\/rs062-1-liter-glass-vodka-bottles-manufacturers-with-corks\"]}]},{\"@type\":\"BreadcrumbList\",\"@id\":\"https:\/\/ruishengglassco.com\/product\/rs062-1-liter-glass-vodka-bottles-manufacturers-with-corks#breadcrumb\",\"itemListElement\":[{\"@type\":\"ListItem\",\"position\":1,\"name\":\"Home\",\"item\":\"https:\/\/ruishengglassco.com\/\"},{\"@type\":\"ListItem\",\"position\":2,\"name\":\"Products\",\"item\":\"https:\/\/ruishengglassco.com\/products\"},{\"@type\":\"ListItem\",\"position\":3,\"name\":\"RS062: 1 Liter Glass Vodka Bottles Manufacturers With Corks\"}]},{\"@type\":\"WebSite\",\"@id\":\"https:\/\/ruishengglassco.com\/#website\",\"url\":\"https:\/\/ruishengglassco.com\/\",\"name\":\"Ruisheng Glass\",\"description\":\"\",\"publisher\":{\"@id\":\"https:\/\/ruishengglassco.com\/#organization\"},\"potentialAction\":[{\"@type\":\"SearchAction\",\"target\":{\"@type\":\"EntryPoint\",\"urlTemplate\":\"https:\/\/ruishengglassco.com\/?s={search_term_string}\"},\"query-input\":\"required name=search_term_string\"}],\"inLanguage\":\"de\"},{\"@type\":\"Organization\",\"@id\":\"https:\/\/ruishengglassco.com\/#organization\",\"name\":\"Shandong Yuncheng Ruisheng Glass Co., Ltd\",\"url\":\"https:\/\/ruishengglassco.com\/\",\"logo\":{\"@type\":\"ImageObject\",\"inLanguage\":\"de\",\"@id\":\"https:\/\/ruishengglassco.com\/#\/schema\/logo\/image\/\",\"url\":\"https:\/\/ruishengglassco.com\/wp-content\/uploads\/2023\/09\/ruisheng_logo_icon.webp\",\"contentUrl\":\"https:\/\/ruishengglassco.com\/wp-content\/uploads\/2023\/09\/ruisheng_logo_icon.webp\",\"width\":400,\"height\":233,\"caption\":\"Shandong Yuncheng Ruisheng Glass Co., Ltd\"},\"image\":{\"@id\":\"https:\/\/ruishengglassco.com\/#\/schema\/logo\/image\/\"},\"sameAs\":[\"https:\/\/www.facebook.com\/ruishengglassbottles\",\"https:\/\/www.instagram.com\/Ruishengglassbottlewholesales\/\",\"https:\/\/www.youtube.com\/channel\/UCMmbMNGwsL-XrtjfSFLCdVQ\"]}]}<\/script>\n<!-- \/ Yoast SEO plugin. -->","yoast_head_json":{"title":"Big Bottle of Vodka Manufacturers Price|1 liter Glass Bottle With Corks","description":"Big Bottle of Vodka Factory Price. 100% quality assurance.Also provide 1000ml glass bottle wholesale for brandy, rum , vodka, whiksey, gin and wine ect.","robots":{"index":"index","follow":"follow","max-snippet":"max-snippet:-1","max-image-preview":"max-image-preview:large","max-video-preview":"max-video-preview:-1"},"canonical":"https:\/\/ruishengglassco.com\/de\/produkt\/rs062-1-liter-glas-wodka-flaschen-hersteller-mit-korken","og_locale":"de_DE","og_type":"article","og_title":"Big Bottle of Vodka Manufacturers Price|1 liter Glass Bottle With Corks","og_description":"Big Bottle of Vodka Factory Price. 100% quality assurance.Also provide 1000ml glass bottle wholesale for brandy, rum , vodka, whiksey, gin and wine ect.","og_url":"https:\/\/ruishengglassco.com\/de\/produkt\/rs062-1-liter-glas-wodka-flaschen-hersteller-mit-korken","article_publisher":"https:\/\/www.facebook.com\/ruishengglassbottles","article_modified_time":"2025-03-26T06:53:49+00:00","og_image":[{"width":800,"height":800,"url":"https:\/\/ruishengglassco.com\/wp-content\/uploads\/2025\/03\/RS062-1-Liter-Glass-Vodka-Bottles-Wholesale-With-Corks.webp","type":"image\/webp"}],"twitter_card":"summary_large_image","twitter_misc":{"Gesch\u00e4tzte Lesezeit":"2\u00a0Minuten"},"schema":{"@context":"https:\/\/schema.org","@graph":[{"@type":"WebPage","@id":"https:\/\/ruishengglassco.com\/product\/rs062-1-liter-glass-vodka-bottles-manufacturers-with-corks","url":"https:\/\/ruishengglassco.com\/product\/rs062-1-liter-glass-vodka-bottles-manufacturers-with-corks","name":"Big Bottle of Vodka Manufacturers Price|1 liter Glass Bottle With Corks","isPartOf":{"@id":"https:\/\/ruishengglassco.com\/#website"},"datePublished":"2025-03-15T03:27:32+00:00","dateModified":"2025-03-26T06:53:49+00:00","description":"Big Bottle of Vodka Factory Price. 100% quality assurance.Also provide 1000ml glass bottle wholesale for brandy, rum , vodka, whiksey, gin and wine ect.","breadcrumb":{"@id":"https:\/\/ruishengglassco.com\/product\/rs062-1-liter-glass-vodka-bottles-manufacturers-with-corks#breadcrumb"},"inLanguage":"de","potentialAction":[{"@type":"ReadAction","target":["https:\/\/ruishengglassco.com\/product\/rs062-1-liter-glass-vodka-bottles-manufacturers-with-corks"]}]},{"@type":"BreadcrumbList","@id":"https:\/\/ruishengglassco.com\/product\/rs062-1-liter-glass-vodka-bottles-manufacturers-with-corks#breadcrumb","itemListElement":[{"@type":"ListItem","position":1,"name":"Home","item":"https:\/\/ruishengglassco.com\/"},{"@type":"ListItem","position":2,"name":"Products","item":"https:\/\/ruishengglassco.com\/products"},{"@type":"ListItem","position":3,"name":"RS062: 1 Liter Glass Vodka Bottles Manufacturers With Corks"}]},{"@type":"WebSite","@id":"https:\/\/ruishengglassco.com\/#website","url":"https:\/\/ruishengglassco.com\/","name":"Ruisheng Glass","description":"","publisher":{"@id":"https:\/\/ruishengglassco.com\/#organization"},"potentialAction":[{"@type":"SearchAction","target":{"@type":"EntryPoint","urlTemplate":"https:\/\/ruishengglassco.com\/?s={search_term_string}"},"query-input":"required name=search_term_string"}],"inLanguage":"de"},{"@type":"Organization","@id":"https:\/\/ruishengglassco.com\/#organization","name":"Shandong Yuncheng Ruisheng Glass Co., Ltd","url":"https:\/\/ruishengglassco.com\/","logo":{"@type":"ImageObject","inLanguage":"de","@id":"https:\/\/ruishengglassco.com\/#\/schema\/logo\/image\/","url":"https:\/\/ruishengglassco.com\/wp-content\/uploads\/2023\/09\/ruisheng_logo_icon.webp","contentUrl":"https:\/\/ruishengglassco.com\/wp-content\/uploads\/2023\/09\/ruisheng_logo_icon.webp","width":400,"height":233,"caption":"Shandong Yuncheng Ruisheng Glass Co., Ltd"},"image":{"@id":"https:\/\/ruishengglassco.com\/#\/schema\/logo\/image\/"},"sameAs":["https:\/\/www.facebook.com\/ruishengglassbottles","https:\/\/www.instagram.com\/Ruishengglassbottlewholesales\/","https:\/\/www.youtube.com\/channel\/UCMmbMNGwsL-XrtjfSFLCdVQ"]}]}},"_links":{"self":[{"href":"https:\/\/ruishengglassco.com\/de\/wp-json\/wp\/v2\/product\/4272","targetHints":{"allow":["GET"]}}],"collection":[{"href":"https:\/\/ruishengglassco.com\/de\/wp-json\/wp\/v2\/product"}],"about":[{"href":"https:\/\/ruishengglassco.com\/de\/wp-json\/wp\/v2\/types\/product"}],"replies":[{"embeddable":true,"href":"https:\/\/ruishengglassco.com\/de\/wp-json\/wp\/v2\/comments?post=4272"}],"wp:featuredmedia":[{"embeddable":true,"href":"https:\/\/ruishengglassco.com\/de\/wp-json\/wp\/v2\/media\/4273"}],"wp:attachment":[{"href":"https:\/\/ruishengglassco.com\/de\/wp-json\/wp\/v2\/media?parent=4272"}],"wp:term":[{"taxonomy":"product_cat","embeddable":true,"href":"https:\/\/ruishengglassco.com\/de\/wp-json\/wp\/v2\/product_cat?post=4272"}],"curies":[{"name":"wp","href":"https:\/\/api.w.org\/{rel}","templated":true}]}}