{"id":4268,"date":"2025-03-15T11:21:24","date_gmt":"2025-03-15T03:21:24","guid":{"rendered":"https:\/\/ruishengglassco.com\/?post_type=product&#038;p=4268"},"modified":"2025-09-11T16:22:36","modified_gmt":"2025-09-11T08:22:36","slug":"700ml-leere-glasflaschen-lose","status":"publish","type":"product","link":"https:\/\/ruishengglassco.com\/de\/produkt\/700ml-leere-glasflaschen-lose","title":{"rendered":"700ml Leere Glasflaschen Bulk"},"content":{"rendered":"<p>Als einer der gr\u00f6\u00dften 70cl Glas Spirituosenflaschen Hersteller, Ruisheng konzentriert sich auf Spirituosenflaschen Produktion seit 2009. Diese 700ml leere Spirituosenflaschen bulk ist eine der hei\u00dfen Verk\u00e4ufe Glasflaschen in unserer Fabrik. Diese Glasflaschen f\u00fcr Spirituosen ist durch seinen dicken Glasboden hervorgehoben. Sein Material ist kristallwei\u00dfes Glas. Und diese 700ml Glas Spirituosenflaschen sind sehr glatt und langlebig. Diese solide Glasflasche ist perfekt f\u00fcr die Verpackung von Wodka, Getr\u00e4nken und anderen Fl\u00fcssigkeiten.<\/p>\n<p>Diese 700ml Glas Lik\u00f6rflasche werden von dem gr\u00f6\u00dften Super Flint Glasflaschenlieferanten in China hergestellt. Das Ziel unseres Unternehmens ist es, eine hochwertige Glasflasche zu machen und bieten den besten Service. Wir k\u00f6nnen die Ein-Schritt-Lik\u00f6r-Glasflaschen-Versorgungsservice f\u00fcr Sie anbieten. Wie z.B. Zeichnung der Flasche, Druck des Logos, Dekoration des Etiketts, Verschlusskappe, farbige Schachtel, und andere.<\/p>\n<h2>Die Informationen \u00fcber die 700ml leeren Schnapsflaschen Bulk<\/h2>\n<p>Diese 70cl Spirituosenflasche 's Gewicht ist 580g. Und es ist von Kristall wei\u00dfes Glas Material, die Glasflasche zum Verkauf mit einem schweren Boden gemacht. Es macht die Kundenprodukte in einer hohen Qualit\u00e4t.<\/p>\n<p>Die Gr\u00f6\u00dfe dieser 700ml Glasflasche im Gro\u00dfhandel ist 62,6\u00d7340 mm. Die klare Flasche hat einen Durchmesser von 62,6 mm und eine H\u00f6he von 340 mm. Der Dichtungstyp dieser 70cl Lik\u00f6rflasche ist T-Kork. Wir k\u00f6nnen verschiedene Gr\u00f6\u00dfen und die verschiedenen Farben f\u00fcr diesen Korken anbieten. \u00dcber seine Gr\u00f6\u00dfe, k\u00f6nnen wir kleine Korken, mittlere Korken, gro\u00dfe Korken und so weiter machen. \u00dcber seine Farbe, k\u00f6nnen wir goldene Farbe Korken, silberne Farbe Korken, rote Farbe Korken, und andere kundenspezifische Farbe Korken.<\/p>\n<p>Unsere leeren Glasflaschen werden in viele L\u00e4nder und Regionen verkauft. Wie z.B. USA, Australien, Schweiz, Neuseeland, Peru. Wir haben einen guten Ruf von ihnen auf der ganzen Welt bekommen.<\/p>\n<p>Unsere Fabrik bietet auch OEM-Bestellungen an. Es gibt mehr als 10 Designer in unserer Fabrik, wir k\u00f6nnen die benutzerdefinierten Glasflaschen von der Zeichnung bis zum Versand machen.<\/p>\n<p>Unsere 700ml leere Schnapsflaschen ist nur eine unserer bestehenden Glasflaschen, wenn Sie mehr ben\u00f6tigen, kontaktieren Sie uns bitte.<\/p>","protected":false},"excerpt":{"rendered":"<table>\n<tbody>\n<tr>\n<th colspan=\"2\">700ml Leere Glasflaschen Bulk<\/th>\n<\/tr>\n<tr>\n<td>Referenz:<\/td>\n<td>R-042<\/td>\n<\/tr>\n<tr>\n<td>Hauptmaterial:<\/td>\n<td>Superflintglas (dieses Material wird auch als kristallwei\u00dfes Glas bezeichnet)<\/td>\n<\/tr>\n<tr>\n<td>Anwendung:<\/td>\n<td>Lik\u00f6r, Whiskey, Wodka, Brandy, XO, etc<\/td>\n<\/tr>\n<tr>\n<td>Kappe:<\/td>\n<td>Kork\/Kr\u00e4henkappe<\/td>\n<\/tr>\n<tr>\n<td>Kapazit\u00e4t:<\/td>\n<td>700ml<\/td>\n<\/tr>\n<tr>\n<td>Merkmal:<\/td>\n<td>Umweltfreundlich<\/td>\n<\/tr>\n<tr>\n<td>MOQ:<\/td>\n<td>10000 PCS<\/td>\n<\/tr>\n<tr>\n<td>Art der Verpackung:<\/td>\n<td>Export Standardkarton \/ Palette \/ Export Standardkarton und Palette<\/td>\n<\/tr>\n<tr>\n<td>OEM\/ODM:<\/td>\n<td>Willkommen<\/td>\n<\/tr>\n<tr>\n<td>Herkunft des Ortes:<\/td>\n<td>Shandong, China<\/td>\n<\/tr>\n<tr>\n<td>Stck.\/Ktn:<\/td>\n<td>24 St\u00fcck oder nach Kundenwunsch<\/td>\n<\/tr>\n<\/tbody>\n<\/table>","protected":false},"featured_media":4269,"comment_status":"closed","ping_status":"closed","template":"","meta":[],"product_cat":[44],"class_list":{"0":"post-4268","1":"product","2":"type-product","3":"status-publish","4":"has-post-thumbnail","6":"product_cat-700ml-liquor-bottle-manufacturer","8":"first","9":"instock","10":"shipping-taxable","11":"product-type-simple"},"yoast_head":"<!-- This site is optimized with the Yoast SEO plugin v22.0 - https:\/\/yoast.com\/wordpress\/plugins\/seo\/ -->\n<title>Buy Empty Liquor Bottles Bulk | 70cl Glass Spirit Bottles Manufacturer<\/title>\n<meta name=\"description\" content=\"Do you want to buy empty liquor bottles bulk from China glass spirit bottles manufacturer? Factory Outlet&amp;Quality Assurance.\" \/>\n<meta name=\"robots\" content=\"index, follow, max-snippet:-1, max-image-preview:large, max-video-preview:-1\" \/>\n<link rel=\"canonical\" href=\"https:\/\/ruishengglassco.com\/de\/produkt\/700ml-leere-glasflaschen-lose\" \/>\n<meta property=\"og:locale\" content=\"de_DE\" \/>\n<meta property=\"og:type\" content=\"article\" \/>\n<meta property=\"og:title\" content=\"Buy Empty Liquor Bottles Bulk | 70cl Glass Spirit Bottles Manufacturer\" \/>\n<meta property=\"og:description\" content=\"Do you want to buy empty liquor bottles bulk from China glass spirit bottles manufacturer? Factory Outlet&amp;Quality Assurance.\" \/>\n<meta property=\"og:url\" content=\"https:\/\/ruishengglassco.com\/de\/produkt\/700ml-leere-glasflaschen-lose\" \/>\n<meta property=\"article:publisher\" content=\"https:\/\/www.facebook.com\/ruishengglassbottles\" \/>\n<meta property=\"article:modified_time\" content=\"2025-09-11T08:22:36+00:00\" \/>\n<meta property=\"og:image\" content=\"https:\/\/ruishengglassco.com\/wp-content\/uploads\/2025\/03\/700ml-Empty-Glass-Bottles-Bulk.webp\" \/>\n\t<meta property=\"og:image:width\" content=\"605\" \/>\n\t<meta property=\"og:image:height\" content=\"606\" \/>\n\t<meta property=\"og:image:type\" content=\"image\/webp\" \/>\n<meta name=\"twitter:card\" content=\"summary_large_image\" \/>\n<meta name=\"twitter:label1\" content=\"Gesch\u00e4tzte Lesezeit\" \/>\n\t<meta name=\"twitter:data1\" content=\"2\u00a0Minuten\" \/>\n<script type=\"application\/ld+json\" class=\"yoast-schema-graph\">{\"@context\":\"https:\/\/schema.org\",\"@graph\":[{\"@type\":\"WebPage\",\"@id\":\"https:\/\/ruishengglassco.com\/product\/700ml-empty-glass-bottles-bulk\",\"url\":\"https:\/\/ruishengglassco.com\/product\/700ml-empty-glass-bottles-bulk\",\"name\":\"Buy Empty Liquor Bottles Bulk | 70cl Glass Spirit Bottles Manufacturer\",\"isPartOf\":{\"@id\":\"https:\/\/ruishengglassco.com\/#website\"},\"datePublished\":\"2025-03-15T03:21:24+00:00\",\"dateModified\":\"2025-09-11T08:22:36+00:00\",\"description\":\"Do you want to buy empty liquor bottles bulk from China glass spirit bottles manufacturer? Factory Outlet&Quality Assurance.\",\"breadcrumb\":{\"@id\":\"https:\/\/ruishengglassco.com\/product\/700ml-empty-glass-bottles-bulk#breadcrumb\"},\"inLanguage\":\"de\",\"potentialAction\":[{\"@type\":\"ReadAction\",\"target\":[\"https:\/\/ruishengglassco.com\/product\/700ml-empty-glass-bottles-bulk\"]}]},{\"@type\":\"BreadcrumbList\",\"@id\":\"https:\/\/ruishengglassco.com\/product\/700ml-empty-glass-bottles-bulk#breadcrumb\",\"itemListElement\":[{\"@type\":\"ListItem\",\"position\":1,\"name\":\"Home\",\"item\":\"https:\/\/ruishengglassco.com\/\"},{\"@type\":\"ListItem\",\"position\":2,\"name\":\"Products\",\"item\":\"https:\/\/ruishengglassco.com\/products\"},{\"@type\":\"ListItem\",\"position\":3,\"name\":\"700ml Empty Glass Bottles Bulk\"}]},{\"@type\":\"WebSite\",\"@id\":\"https:\/\/ruishengglassco.com\/#website\",\"url\":\"https:\/\/ruishengglassco.com\/\",\"name\":\"Ruisheng Glass\",\"description\":\"\",\"publisher\":{\"@id\":\"https:\/\/ruishengglassco.com\/#organization\"},\"potentialAction\":[{\"@type\":\"SearchAction\",\"target\":{\"@type\":\"EntryPoint\",\"urlTemplate\":\"https:\/\/ruishengglassco.com\/?s={search_term_string}\"},\"query-input\":\"required name=search_term_string\"}],\"inLanguage\":\"de\"},{\"@type\":\"Organization\",\"@id\":\"https:\/\/ruishengglassco.com\/#organization\",\"name\":\"Shandong Yuncheng Ruisheng Glass Co., Ltd\",\"url\":\"https:\/\/ruishengglassco.com\/\",\"logo\":{\"@type\":\"ImageObject\",\"inLanguage\":\"de\",\"@id\":\"https:\/\/ruishengglassco.com\/#\/schema\/logo\/image\/\",\"url\":\"https:\/\/ruishengglassco.com\/wp-content\/uploads\/2023\/09\/ruisheng_logo_icon.webp\",\"contentUrl\":\"https:\/\/ruishengglassco.com\/wp-content\/uploads\/2023\/09\/ruisheng_logo_icon.webp\",\"width\":400,\"height\":233,\"caption\":\"Shandong Yuncheng Ruisheng Glass Co., Ltd\"},\"image\":{\"@id\":\"https:\/\/ruishengglassco.com\/#\/schema\/logo\/image\/\"},\"sameAs\":[\"https:\/\/www.facebook.com\/ruishengglassbottles\",\"https:\/\/www.instagram.com\/Ruishengglassbottlewholesales\/\",\"https:\/\/www.youtube.com\/channel\/UCMmbMNGwsL-XrtjfSFLCdVQ\"]}]}<\/script>\n<!-- \/ Yoast SEO plugin. -->","yoast_head_json":{"title":"Buy Empty Liquor Bottles Bulk | 70cl Glass Spirit Bottles Manufacturer","description":"Do you want to buy empty liquor bottles bulk from China glass spirit bottles manufacturer? Factory Outlet&Quality Assurance.","robots":{"index":"index","follow":"follow","max-snippet":"max-snippet:-1","max-image-preview":"max-image-preview:large","max-video-preview":"max-video-preview:-1"},"canonical":"https:\/\/ruishengglassco.com\/de\/produkt\/700ml-leere-glasflaschen-lose","og_locale":"de_DE","og_type":"article","og_title":"Buy Empty Liquor Bottles Bulk | 70cl Glass Spirit Bottles Manufacturer","og_description":"Do you want to buy empty liquor bottles bulk from China glass spirit bottles manufacturer? Factory Outlet&Quality Assurance.","og_url":"https:\/\/ruishengglassco.com\/de\/produkt\/700ml-leere-glasflaschen-lose","article_publisher":"https:\/\/www.facebook.com\/ruishengglassbottles","article_modified_time":"2025-09-11T08:22:36+00:00","og_image":[{"width":605,"height":606,"url":"https:\/\/ruishengglassco.com\/wp-content\/uploads\/2025\/03\/700ml-Empty-Glass-Bottles-Bulk.webp","type":"image\/webp"}],"twitter_card":"summary_large_image","twitter_misc":{"Gesch\u00e4tzte Lesezeit":"2\u00a0Minuten"},"schema":{"@context":"https:\/\/schema.org","@graph":[{"@type":"WebPage","@id":"https:\/\/ruishengglassco.com\/product\/700ml-empty-glass-bottles-bulk","url":"https:\/\/ruishengglassco.com\/product\/700ml-empty-glass-bottles-bulk","name":"Buy Empty Liquor Bottles Bulk | 70cl Glass Spirit Bottles Manufacturer","isPartOf":{"@id":"https:\/\/ruishengglassco.com\/#website"},"datePublished":"2025-03-15T03:21:24+00:00","dateModified":"2025-09-11T08:22:36+00:00","description":"Do you want to buy empty liquor bottles bulk from China glass spirit bottles manufacturer? Factory Outlet&Quality Assurance.","breadcrumb":{"@id":"https:\/\/ruishengglassco.com\/product\/700ml-empty-glass-bottles-bulk#breadcrumb"},"inLanguage":"de","potentialAction":[{"@type":"ReadAction","target":["https:\/\/ruishengglassco.com\/product\/700ml-empty-glass-bottles-bulk"]}]},{"@type":"BreadcrumbList","@id":"https:\/\/ruishengglassco.com\/product\/700ml-empty-glass-bottles-bulk#breadcrumb","itemListElement":[{"@type":"ListItem","position":1,"name":"Home","item":"https:\/\/ruishengglassco.com\/"},{"@type":"ListItem","position":2,"name":"Products","item":"https:\/\/ruishengglassco.com\/products"},{"@type":"ListItem","position":3,"name":"700ml Empty Glass Bottles Bulk"}]},{"@type":"WebSite","@id":"https:\/\/ruishengglassco.com\/#website","url":"https:\/\/ruishengglassco.com\/","name":"Ruisheng Glass","description":"","publisher":{"@id":"https:\/\/ruishengglassco.com\/#organization"},"potentialAction":[{"@type":"SearchAction","target":{"@type":"EntryPoint","urlTemplate":"https:\/\/ruishengglassco.com\/?s={search_term_string}"},"query-input":"required name=search_term_string"}],"inLanguage":"de"},{"@type":"Organization","@id":"https:\/\/ruishengglassco.com\/#organization","name":"Shandong Yuncheng Ruisheng Glass Co., Ltd","url":"https:\/\/ruishengglassco.com\/","logo":{"@type":"ImageObject","inLanguage":"de","@id":"https:\/\/ruishengglassco.com\/#\/schema\/logo\/image\/","url":"https:\/\/ruishengglassco.com\/wp-content\/uploads\/2023\/09\/ruisheng_logo_icon.webp","contentUrl":"https:\/\/ruishengglassco.com\/wp-content\/uploads\/2023\/09\/ruisheng_logo_icon.webp","width":400,"height":233,"caption":"Shandong Yuncheng Ruisheng Glass Co., Ltd"},"image":{"@id":"https:\/\/ruishengglassco.com\/#\/schema\/logo\/image\/"},"sameAs":["https:\/\/www.facebook.com\/ruishengglassbottles","https:\/\/www.instagram.com\/Ruishengglassbottlewholesales\/","https:\/\/www.youtube.com\/channel\/UCMmbMNGwsL-XrtjfSFLCdVQ"]}]}},"_links":{"self":[{"href":"https:\/\/ruishengglassco.com\/de\/wp-json\/wp\/v2\/product\/4268","targetHints":{"allow":["GET"]}}],"collection":[{"href":"https:\/\/ruishengglassco.com\/de\/wp-json\/wp\/v2\/product"}],"about":[{"href":"https:\/\/ruishengglassco.com\/de\/wp-json\/wp\/v2\/types\/product"}],"replies":[{"embeddable":true,"href":"https:\/\/ruishengglassco.com\/de\/wp-json\/wp\/v2\/comments?post=4268"}],"wp:featuredmedia":[{"embeddable":true,"href":"https:\/\/ruishengglassco.com\/de\/wp-json\/wp\/v2\/media\/4269"}],"wp:attachment":[{"href":"https:\/\/ruishengglassco.com\/de\/wp-json\/wp\/v2\/media?parent=4268"}],"wp:term":[{"taxonomy":"product_cat","embeddable":true,"href":"https:\/\/ruishengglassco.com\/de\/wp-json\/wp\/v2\/product_cat?post=4268"}],"curies":[{"name":"wp","href":"https:\/\/api.w.org\/{rel}","templated":true}]}}