{"id":4266,"date":"2025-03-15T11:18:57","date_gmt":"2025-03-15T03:18:57","guid":{"rendered":"https:\/\/ruishengglassco.com\/?post_type=product&#038;p=4266"},"modified":"2025-03-26T14:54:07","modified_gmt":"2025-03-26T06:54:07","slug":"rs066-700ml-klare-flaschen-groshandel","status":"publish","type":"product","link":"https:\/\/ruishengglassco.com\/de\/produkt\/rs066-700ml-klare-flaschen-groshandel","title":{"rendered":"RS066: 700ml klare Flaschen Hersteller"},"content":{"rendered":"<p>Diese Serie von 700-ml-Alkoholflaschen ist speziell f\u00fcr die Verpackung von Spirituosen konzipiert. Diese transparente Glasflaschen k\u00f6nnen alle Arten von Fl\u00fcssigkeiten, wie Wein, Getr\u00e4nke, \u00d6l, Obst Essig und so weiter halten.<\/p>\n<p>Unsere 700ml klaren Spezialglasflaschen haben einen langen Hals und einen dicken Boden. Auf den Lik\u00f6rglasflaschen befindet sich ein runder Kreis. Sie k\u00f6nnen Ihr Logo darauf setzen, egal ob es das Papier-Logo, Kunststoff-Logo, Metall-Logo oder ein anderes Logo ist.<\/p>\n<p>Unser Unternehmen kann viele Arten von einzigartigen Glasflaschen herstellen, egal ob es sich um hochpreisige Glasflaschen wie Wodkaflaschen oder Schnapsflaschen oder um mittelpreisige Glasflaschen wie Getr\u00e4nkeflaschen handelt. Wir k\u00f6nnen auch jede Farbe auf die Glasflaschen malen, da unsere Glasflaschen Feuerstein-Glasflaschen sind.<\/p>\n<h2>Die Details von 700ml Clear Alcohol Bottles Bulk<\/h2>\n<p>Diese 700ml klaren Spezialglasflaschen werden aus hochwertigem Flintglas hergestellt. Unsere diese Fl\u00fcssigkeit Glasflasche ist sehr klar und langlebig. Das Gewicht dieser Glasflasche ist 620g. Sein Boden ist Dicke, und seine Gr\u00f6\u00dfe ist etwa 10 mm. Diese Glasflasche Dichtung Typ ist der Schraubverschluss. Wir k\u00f6nnen den Aluminium-Schraubverschluss und Aluminium-Kunststoff-Schraubverschluss anbieten. Und \u00fcber die Glasflaschen Schraubverschluss, k\u00f6nnen wir eine Anti-F\u00e4lschung Kappe und eine gemeinsame Kappe bieten. Welche Sie brauchen, sagen Sie uns bitte, dann k\u00f6nnen wir Ihnen anbieten.<\/p>\n<p>Wir k\u00f6nnen diese Glasflaschen Gro\u00dfhandel mit drei Arten von Verpackung Weg bieten. Der erste Weg ist der Standard-Export-Karton. Wir machen in der Regel Kunststoff-Papier eingewickelt das Glas u setzen sie auf den Karton durch den Karton geteilt. Wir setzen normalerweise 24pcs Flaschen pro Karton. Wenn Sie irgendwelche Anforderungen \u00fcber den Verpackungskasten haben, k\u00f6nnen wir auch einen kundenspezifischen Karton f\u00fcr den Kunden machen.<\/p>\n<p>Die zweite M\u00f6glichkeit ist die Palettenverpackung. Wir stellen die Glasflaschen auf die Palette und umwickeln sie dann mit dem Plastikpapier.<\/p>\n<p>Wenn Sie 700ml klare Spezialglasflaschen im Gro\u00dfhandel kaufen m\u00f6chten, k\u00f6nnen wir auch OEM-Bestellungen akzeptieren. Wenn Sie irgendwelche Fragen \u00fcber diesen Wein Glasflaschen haben, kontaktieren Sie uns bitte \u00fcber die E-Mail und Tel, wir werden Ihnen so schnell wie m\u00f6glich zu beantworten<br \/>\nDie dritte M\u00f6glichkeit ist Karton und Palette. Wir legen die Glasflaschen auf den Karton und stellen sie dann auf die Palette.<br \/>\n.<\/p>","protected":false},"excerpt":{"rendered":"<table class=\"tg\">\n<tbody>\n<tr>\n<th class=\"tg-24i8\" colspan=\"2\">700ml klare Spezialglasflaschen Gro\u00dfhandel<\/th>\n<\/tr>\n<tr>\n<td class=\"tg-b7b8\">Hauptmaterial:<\/td>\n<td class=\"tg-b7b8\">Hohes Flintglas<\/td>\n<\/tr>\n<tr>\n<td class=\"tg-yw4l\">Kappe:<\/td>\n<td class=\"tg-yw4l\">Schraubkappe<\/td>\n<\/tr>\n<tr>\n<td class=\"tg-b7b8\">Kapazit\u00e4t:<\/td>\n<td class=\"tg-b7b8\">700ml<\/td>\n<\/tr>\n<tr>\n<td class=\"tg-yw4l\">Merkmal:<\/td>\n<td class=\"tg-yw4l\">Umweltfreundlich<\/td>\n<\/tr>\n<tr>\n<td class=\"tg-b7b8\">MOQ:<\/td>\n<td class=\"tg-b7b8\">10000 PCS<\/td>\n<\/tr>\n<tr>\n<td class=\"tg-yw4l\">Art der Verpackung:<\/td>\n<td class=\"tg-yw4l\">Export Standardkarton \/ Palette \/ Export Standardkarton und Palette<\/td>\n<\/tr>\n<tr>\n<td class=\"tg-b7b8\">OEM\/ODM:<\/td>\n<td class=\"tg-b7b8\">Willkommen<\/td>\n<\/tr>\n<tr>\n<td class=\"tg-yw4l\">Herkunft des Ortes:<\/td>\n<td class=\"tg-yw4l\">Shandong, China<\/td>\n<\/tr>\n<tr>\n<td class=\"tg-b7b8\">Stck.\/Ktn:<\/td>\n<td class=\"tg-b7b8\">24St\u00fcck \/ 20St\u00fcck<\/td>\n<\/tr>\n<\/tbody>\n<\/table>","protected":false},"featured_media":4267,"comment_status":"closed","ping_status":"closed","template":"","meta":[],"product_cat":[44],"class_list":{"0":"post-4266","1":"product","2":"type-product","3":"status-publish","4":"has-post-thumbnail","6":"product_cat-700ml-liquor-bottle-manufacturer","8":"first","9":"instock","10":"shipping-taxable","11":"product-type-simple"},"yoast_head":"<!-- This site is optimized with the Yoast SEO plugin v22.0 - https:\/\/yoast.com\/wordpress\/plugins\/seo\/ -->\n<title>700ml Clear Alcohol Bottles Bulk | Custom Special Glass Bottle<\/title>\n<meta name=\"description\" content=\"Ruisheng, sales 700ml clear alcohol bottles bulk in factory outlet price. Primary liquor bottle manufacturer, provide custon special glass bottle service.\" \/>\n<meta name=\"robots\" content=\"index, follow, max-snippet:-1, max-image-preview:large, max-video-preview:-1\" \/>\n<link rel=\"canonical\" href=\"https:\/\/ruishengglassco.com\/de\/produkt\/rs066-700ml-klare-flaschen-groshandel\" \/>\n<meta property=\"og:locale\" content=\"de_DE\" \/>\n<meta property=\"og:type\" content=\"article\" \/>\n<meta property=\"og:title\" content=\"700ml Clear Alcohol Bottles Bulk | Custom Special Glass Bottle\" \/>\n<meta property=\"og:description\" content=\"Ruisheng, sales 700ml clear alcohol bottles bulk in factory outlet price. Primary liquor bottle manufacturer, provide custon special glass bottle service.\" \/>\n<meta property=\"og:url\" content=\"https:\/\/ruishengglassco.com\/de\/produkt\/rs066-700ml-klare-flaschen-groshandel\" \/>\n<meta property=\"article:publisher\" content=\"https:\/\/www.facebook.com\/ruishengglassbottles\" \/>\n<meta property=\"article:modified_time\" content=\"2025-03-26T06:54:07+00:00\" \/>\n<meta property=\"og:image\" content=\"https:\/\/ruishengglassco.com\/wp-content\/uploads\/2025\/03\/RS066-700ml-Clear-Bottles-Wholesale.webp\" \/>\n\t<meta property=\"og:image:width\" content=\"800\" \/>\n\t<meta property=\"og:image:height\" content=\"800\" \/>\n\t<meta property=\"og:image:type\" content=\"image\/webp\" \/>\n<meta name=\"twitter:card\" content=\"summary_large_image\" \/>\n<meta name=\"twitter:label1\" content=\"Gesch\u00e4tzte Lesezeit\" \/>\n\t<meta name=\"twitter:data1\" content=\"2\u00a0Minuten\" \/>\n<script type=\"application\/ld+json\" class=\"yoast-schema-graph\">{\"@context\":\"https:\/\/schema.org\",\"@graph\":[{\"@type\":\"WebPage\",\"@id\":\"https:\/\/ruishengglassco.com\/product\/rs066-700ml-clear-bottles-wholesale\",\"url\":\"https:\/\/ruishengglassco.com\/product\/rs066-700ml-clear-bottles-wholesale\",\"name\":\"700ml Clear Alcohol Bottles Bulk | Custom Special Glass Bottle\",\"isPartOf\":{\"@id\":\"https:\/\/ruishengglassco.com\/#website\"},\"datePublished\":\"2025-03-15T03:18:57+00:00\",\"dateModified\":\"2025-03-26T06:54:07+00:00\",\"description\":\"Ruisheng, sales 700ml clear alcohol bottles bulk in factory outlet price. Primary liquor bottle manufacturer, provide custon special glass bottle service.\",\"breadcrumb\":{\"@id\":\"https:\/\/ruishengglassco.com\/product\/rs066-700ml-clear-bottles-wholesale#breadcrumb\"},\"inLanguage\":\"de\",\"potentialAction\":[{\"@type\":\"ReadAction\",\"target\":[\"https:\/\/ruishengglassco.com\/product\/rs066-700ml-clear-bottles-wholesale\"]}]},{\"@type\":\"BreadcrumbList\",\"@id\":\"https:\/\/ruishengglassco.com\/product\/rs066-700ml-clear-bottles-wholesale#breadcrumb\",\"itemListElement\":[{\"@type\":\"ListItem\",\"position\":1,\"name\":\"Home\",\"item\":\"https:\/\/ruishengglassco.com\/\"},{\"@type\":\"ListItem\",\"position\":2,\"name\":\"Products\",\"item\":\"https:\/\/ruishengglassco.com\/products\"},{\"@type\":\"ListItem\",\"position\":3,\"name\":\"RS066: 700ml Clear Bottles Manufacturers\"}]},{\"@type\":\"WebSite\",\"@id\":\"https:\/\/ruishengglassco.com\/#website\",\"url\":\"https:\/\/ruishengglassco.com\/\",\"name\":\"Ruisheng Glass\",\"description\":\"\",\"publisher\":{\"@id\":\"https:\/\/ruishengglassco.com\/#organization\"},\"potentialAction\":[{\"@type\":\"SearchAction\",\"target\":{\"@type\":\"EntryPoint\",\"urlTemplate\":\"https:\/\/ruishengglassco.com\/?s={search_term_string}\"},\"query-input\":\"required name=search_term_string\"}],\"inLanguage\":\"de\"},{\"@type\":\"Organization\",\"@id\":\"https:\/\/ruishengglassco.com\/#organization\",\"name\":\"Shandong Yuncheng Ruisheng Glass Co., Ltd\",\"url\":\"https:\/\/ruishengglassco.com\/\",\"logo\":{\"@type\":\"ImageObject\",\"inLanguage\":\"de\",\"@id\":\"https:\/\/ruishengglassco.com\/#\/schema\/logo\/image\/\",\"url\":\"https:\/\/ruishengglassco.com\/wp-content\/uploads\/2023\/09\/ruisheng_logo_icon.webp\",\"contentUrl\":\"https:\/\/ruishengglassco.com\/wp-content\/uploads\/2023\/09\/ruisheng_logo_icon.webp\",\"width\":400,\"height\":233,\"caption\":\"Shandong Yuncheng Ruisheng Glass Co., Ltd\"},\"image\":{\"@id\":\"https:\/\/ruishengglassco.com\/#\/schema\/logo\/image\/\"},\"sameAs\":[\"https:\/\/www.facebook.com\/ruishengglassbottles\",\"https:\/\/www.instagram.com\/Ruishengglassbottlewholesales\/\",\"https:\/\/www.youtube.com\/channel\/UCMmbMNGwsL-XrtjfSFLCdVQ\"]}]}<\/script>\n<!-- \/ Yoast SEO plugin. -->","yoast_head_json":{"title":"700ml Clear Alcohol Bottles Bulk | Custom Special Glass Bottle","description":"Ruisheng, sales 700ml clear alcohol bottles bulk in factory outlet price. Primary liquor bottle manufacturer, provide custon special glass bottle service.","robots":{"index":"index","follow":"follow","max-snippet":"max-snippet:-1","max-image-preview":"max-image-preview:large","max-video-preview":"max-video-preview:-1"},"canonical":"https:\/\/ruishengglassco.com\/de\/produkt\/rs066-700ml-klare-flaschen-groshandel","og_locale":"de_DE","og_type":"article","og_title":"700ml Clear Alcohol Bottles Bulk | Custom Special Glass Bottle","og_description":"Ruisheng, sales 700ml clear alcohol bottles bulk in factory outlet price. Primary liquor bottle manufacturer, provide custon special glass bottle service.","og_url":"https:\/\/ruishengglassco.com\/de\/produkt\/rs066-700ml-klare-flaschen-groshandel","article_publisher":"https:\/\/www.facebook.com\/ruishengglassbottles","article_modified_time":"2025-03-26T06:54:07+00:00","og_image":[{"width":800,"height":800,"url":"https:\/\/ruishengglassco.com\/wp-content\/uploads\/2025\/03\/RS066-700ml-Clear-Bottles-Wholesale.webp","type":"image\/webp"}],"twitter_card":"summary_large_image","twitter_misc":{"Gesch\u00e4tzte Lesezeit":"2\u00a0Minuten"},"schema":{"@context":"https:\/\/schema.org","@graph":[{"@type":"WebPage","@id":"https:\/\/ruishengglassco.com\/product\/rs066-700ml-clear-bottles-wholesale","url":"https:\/\/ruishengglassco.com\/product\/rs066-700ml-clear-bottles-wholesale","name":"700ml Clear Alcohol Bottles Bulk | Custom Special Glass Bottle","isPartOf":{"@id":"https:\/\/ruishengglassco.com\/#website"},"datePublished":"2025-03-15T03:18:57+00:00","dateModified":"2025-03-26T06:54:07+00:00","description":"Ruisheng, sales 700ml clear alcohol bottles bulk in factory outlet price. Primary liquor bottle manufacturer, provide custon special glass bottle service.","breadcrumb":{"@id":"https:\/\/ruishengglassco.com\/product\/rs066-700ml-clear-bottles-wholesale#breadcrumb"},"inLanguage":"de","potentialAction":[{"@type":"ReadAction","target":["https:\/\/ruishengglassco.com\/product\/rs066-700ml-clear-bottles-wholesale"]}]},{"@type":"BreadcrumbList","@id":"https:\/\/ruishengglassco.com\/product\/rs066-700ml-clear-bottles-wholesale#breadcrumb","itemListElement":[{"@type":"ListItem","position":1,"name":"Home","item":"https:\/\/ruishengglassco.com\/"},{"@type":"ListItem","position":2,"name":"Products","item":"https:\/\/ruishengglassco.com\/products"},{"@type":"ListItem","position":3,"name":"RS066: 700ml Clear Bottles Manufacturers"}]},{"@type":"WebSite","@id":"https:\/\/ruishengglassco.com\/#website","url":"https:\/\/ruishengglassco.com\/","name":"Ruisheng Glass","description":"","publisher":{"@id":"https:\/\/ruishengglassco.com\/#organization"},"potentialAction":[{"@type":"SearchAction","target":{"@type":"EntryPoint","urlTemplate":"https:\/\/ruishengglassco.com\/?s={search_term_string}"},"query-input":"required name=search_term_string"}],"inLanguage":"de"},{"@type":"Organization","@id":"https:\/\/ruishengglassco.com\/#organization","name":"Shandong Yuncheng Ruisheng Glass Co., Ltd","url":"https:\/\/ruishengglassco.com\/","logo":{"@type":"ImageObject","inLanguage":"de","@id":"https:\/\/ruishengglassco.com\/#\/schema\/logo\/image\/","url":"https:\/\/ruishengglassco.com\/wp-content\/uploads\/2023\/09\/ruisheng_logo_icon.webp","contentUrl":"https:\/\/ruishengglassco.com\/wp-content\/uploads\/2023\/09\/ruisheng_logo_icon.webp","width":400,"height":233,"caption":"Shandong Yuncheng Ruisheng Glass Co., Ltd"},"image":{"@id":"https:\/\/ruishengglassco.com\/#\/schema\/logo\/image\/"},"sameAs":["https:\/\/www.facebook.com\/ruishengglassbottles","https:\/\/www.instagram.com\/Ruishengglassbottlewholesales\/","https:\/\/www.youtube.com\/channel\/UCMmbMNGwsL-XrtjfSFLCdVQ"]}]}},"_links":{"self":[{"href":"https:\/\/ruishengglassco.com\/de\/wp-json\/wp\/v2\/product\/4266","targetHints":{"allow":["GET"]}}],"collection":[{"href":"https:\/\/ruishengglassco.com\/de\/wp-json\/wp\/v2\/product"}],"about":[{"href":"https:\/\/ruishengglassco.com\/de\/wp-json\/wp\/v2\/types\/product"}],"replies":[{"embeddable":true,"href":"https:\/\/ruishengglassco.com\/de\/wp-json\/wp\/v2\/comments?post=4266"}],"wp:featuredmedia":[{"embeddable":true,"href":"https:\/\/ruishengglassco.com\/de\/wp-json\/wp\/v2\/media\/4267"}],"wp:attachment":[{"href":"https:\/\/ruishengglassco.com\/de\/wp-json\/wp\/v2\/media?parent=4266"}],"wp:term":[{"taxonomy":"product_cat","embeddable":true,"href":"https:\/\/ruishengglassco.com\/de\/wp-json\/wp\/v2\/product_cat?post=4266"}],"curies":[{"name":"wp","href":"https:\/\/api.w.org\/{rel}","templated":true}]}}