{"id":4263,"date":"2025-03-15T11:12:58","date_gmt":"2025-03-15T03:12:58","guid":{"rendered":"https:\/\/ruishengglassco.com\/?post_type=product&#038;p=4263"},"modified":"2025-07-17T14:16:19","modified_gmt":"2025-07-17T06:16:19","slug":"rs068-groshandel-mini-rum-flaschen-bulk-zum-verkauf","status":"publish","type":"product","link":"https:\/\/ruishengglassco.com\/de\/produkt\/rs068-groshandel-mini-rum-flaschen-bulk-zum-verkauf","title":{"rendered":"RS068: Mini-Rum-Flaschen Bulk zu verkaufen"},"content":{"rendered":"<p>Zus\u00e4tzlich zu den Hauptprodukten wie 500ml, 700ml, 750ml Schnapsflaschen, die von unserer Fabrik hergestellt werden, bieten wir auch <strong>Gro\u00dfhandel Mini Schnapsflaschen zu verkaufen<\/strong>. Wir stellen seit \u00fcber einem Jahrzehnt Flaschen her, und unsere Fabrik ist in China sehr bekannt.<\/p>\n<p>\u00dcber diese 50ml Mini Schnapsflaschen Gro\u00dfhandel, haben wir eine Menge von Formen, wie flach, Herzform, Turm Form, und andere.<br \/>\nWir akzeptieren auch die benutzerdefinierte Flasche, wenn Sie mir die Flasche Zeichnungen geben k\u00f6nnen, k\u00f6nnen wir das gleiche tun.<\/p>\n<p>Unsere Fabrik hat qualifizierte Arbeiter, die sehr erfahren sind. Wir haben sehr hochwertige Anforderungen f\u00fcr Glasflaschen, so vertrauen Sie bitte unsere Qualit\u00e4t. Unsere Flaschen wurden nach dem Standard kalibriert, so dass die Qualit\u00e4t garantiert ist.<\/p>\n<p>Wir haben zwei Materialien in dieser Flasche: High Flint Glas und Super Flint Glas. sp\u00e4ter eine ist besser. Wir werden Rohstoffe streng ausw\u00e4hlen. Und wir haben ausgezeichnete After-Sales-Service, werden wir Ihre Fragen online zu beantworten.<\/p>\n<h2>Auftragsdetails \u00fcber Gro\u00dfhandel Mini Liquor Flaschen Bulk<\/h2>\n<ul>\n<li>Artikel: RS-068 50ml Mini-Lik\u00f6rflaschen<\/li>\n<li>Marke: Ruisheng Glas<\/li>\n<li><span style=\"color: #ff6600;\">MOQ: <strong><span class=\"mceItemHidden\">10000 PCS\u00a0<\/span><\/strong><\/span><\/li>\n<li>Hauptmaterial: Glas mit hohem Feuersteinanteil<\/li>\n<li>Verschluss: Schraubverschluss<\/li>\n<li>Fassungsverm\u00f6gen: 50ml<\/li>\n<li>St\u00fcck\/Gebinde: 24 St\u00fcck<\/li>\n<li>Herkunft des Ortes: Shandong, China<\/li>\n<li>Besonderheit: Umweltfreundlich<\/li>\n<\/ul>\n<p>F\u00fcr unser Unternehmen steht Qualit\u00e4t immer an erster Stelle, wir haben strenge Anforderungen an die Qualit\u00e4t der Flaschen. Unser Unternehmen umfasst eine Menge Boden, es gibt mehr als f\u00fcnfhundert Arbeiter, sie sind alle sehr erfahren.<\/p>\n<p>Wenn Sie an den Preisen unserer Mini-Alkoholflaschen interessiert sind, k\u00f6nnen Sie unsere Website besuchen. Es gibt viele Produkte auf unserer Website. Sie k\u00f6nnen w\u00e4hlen, was Sie m\u00f6gen. Wir k\u00f6nnen auch tiefe Verarbeitung auf der Flasche, wie Abziehbild, Druck, Malerei und andere tun.<\/p>\n<p>Wir laden Sie ein, unsere Fabrik zur Herstellung von Lik\u00f6rflaschen zu besichtigen, wir zeigen Ihnen die Fabrik. Wir k\u00f6nnen Sie rund um unsere Produktion Werkstatt zeigen. Sie k\u00f6nnen einige Proben w\u00e4hlen und sie nehmen.<\/p>\n<p>Wenn Sie weitere Fragen haben, k\u00f6nnen Sie uns gerne kontaktieren.<\/p>","protected":false},"excerpt":{"rendered":"<p>Einzigartiges Design Gro\u00dfhandel Mini-Glasflasche f\u00fcr Spirituosen. 50ml Mini Lik\u00f6rflaschen f\u00fcr den Gro\u00dfhandel. Sie sind klar und zeigen die Spirituose sch\u00f6n. Bleifreies Glasmaterial, Gesundheits- und Umweltschutz, wird keine schlechte Wirkung auf die Qualit\u00e4t und Lagerung von Spirituosen haben. Wenn Sie an unseren winzigen Schnapsflaschen interessiert sind, hinterlassen Sie bitte eine Nachricht f\u00fcr uns.<\/p>","protected":false},"featured_media":4264,"comment_status":"closed","ping_status":"closed","template":"","meta":[],"product_cat":[48,57],"class_list":{"0":"post-4263","1":"product","2":"type-product","3":"status-publish","4":"has-post-thumbnail","6":"product_cat-50ml-mini-liquor-bottle-manufacturer","7":"product_cat-rum-bottle","9":"first","10":"instock","11":"shipping-taxable","12":"product-type-simple"},"yoast_head":"<!-- This site is optimized with the Yoast SEO plugin v22.0 - https:\/\/yoast.com\/wordpress\/plugins\/seo\/ -->\n<title>Mini Liquor Bottles For Sale | Tiny Spirit Bottle Manufacturers<\/title>\n<meta name=\"description\" content=\"Do you want to buy wholesale mini liquor bottles for sale outlet from China spirit bottle manufacturers? Free Sample&amp;Quality Assurance.\" \/>\n<meta name=\"robots\" content=\"index, follow, max-snippet:-1, max-image-preview:large, max-video-preview:-1\" \/>\n<link rel=\"canonical\" href=\"https:\/\/ruishengglassco.com\/de\/produkt\/rs068-groshandel-mini-rum-flaschen-bulk-zum-verkauf\" \/>\n<meta property=\"og:locale\" content=\"de_DE\" \/>\n<meta property=\"og:type\" content=\"article\" \/>\n<meta property=\"og:title\" content=\"Mini Liquor Bottles For Sale | Tiny Spirit Bottle Manufacturers\" \/>\n<meta property=\"og:description\" content=\"Do you want to buy wholesale mini liquor bottles for sale outlet from China spirit bottle manufacturers? Free Sample&amp;Quality Assurance.\" \/>\n<meta property=\"og:url\" content=\"https:\/\/ruishengglassco.com\/de\/produkt\/rs068-groshandel-mini-rum-flaschen-bulk-zum-verkauf\" \/>\n<meta property=\"article:publisher\" content=\"https:\/\/www.facebook.com\/ruishengglassbottles\" \/>\n<meta property=\"article:modified_time\" content=\"2025-07-17T06:16:19+00:00\" \/>\n<meta property=\"og:image\" content=\"https:\/\/ruishengglassco.com\/wp-content\/uploads\/2025\/03\/RS068-Wholesale-Mini-Rum-Bottles-Bulk-For-Sale.webp\" \/>\n\t<meta property=\"og:image:width\" content=\"311\" \/>\n\t<meta property=\"og:image:height\" content=\"350\" \/>\n\t<meta property=\"og:image:type\" content=\"image\/webp\" \/>\n<meta name=\"twitter:card\" content=\"summary_large_image\" \/>\n<meta name=\"twitter:label1\" content=\"Gesch\u00e4tzte Lesezeit\" \/>\n\t<meta name=\"twitter:data1\" content=\"2\u00a0Minuten\" \/>\n<script type=\"application\/ld+json\" class=\"yoast-schema-graph\">{\"@context\":\"https:\/\/schema.org\",\"@graph\":[{\"@type\":\"WebPage\",\"@id\":\"https:\/\/ruishengglassco.com\/product\/rs068-wholesale-mini-rum-bottles-bulk-for-sale\",\"url\":\"https:\/\/ruishengglassco.com\/product\/rs068-wholesale-mini-rum-bottles-bulk-for-sale\",\"name\":\"Mini Liquor Bottles For Sale | Tiny Spirit Bottle Manufacturers\",\"isPartOf\":{\"@id\":\"https:\/\/ruishengglassco.com\/#website\"},\"datePublished\":\"2025-03-15T03:12:58+00:00\",\"dateModified\":\"2025-07-17T06:16:19+00:00\",\"description\":\"Do you want to buy wholesale mini liquor bottles for sale outlet from China spirit bottle manufacturers? Free Sample&Quality Assurance.\",\"breadcrumb\":{\"@id\":\"https:\/\/ruishengglassco.com\/product\/rs068-wholesale-mini-rum-bottles-bulk-for-sale#breadcrumb\"},\"inLanguage\":\"de\",\"potentialAction\":[{\"@type\":\"ReadAction\",\"target\":[\"https:\/\/ruishengglassco.com\/product\/rs068-wholesale-mini-rum-bottles-bulk-for-sale\"]}]},{\"@type\":\"BreadcrumbList\",\"@id\":\"https:\/\/ruishengglassco.com\/product\/rs068-wholesale-mini-rum-bottles-bulk-for-sale#breadcrumb\",\"itemListElement\":[{\"@type\":\"ListItem\",\"position\":1,\"name\":\"Home\",\"item\":\"https:\/\/ruishengglassco.com\/\"},{\"@type\":\"ListItem\",\"position\":2,\"name\":\"Products\",\"item\":\"https:\/\/ruishengglassco.com\/products\"},{\"@type\":\"ListItem\",\"position\":3,\"name\":\"RS068: Mini Rum Bottles Bulk For Sale\"}]},{\"@type\":\"WebSite\",\"@id\":\"https:\/\/ruishengglassco.com\/#website\",\"url\":\"https:\/\/ruishengglassco.com\/\",\"name\":\"Ruisheng Glass\",\"description\":\"\",\"publisher\":{\"@id\":\"https:\/\/ruishengglassco.com\/#organization\"},\"potentialAction\":[{\"@type\":\"SearchAction\",\"target\":{\"@type\":\"EntryPoint\",\"urlTemplate\":\"https:\/\/ruishengglassco.com\/?s={search_term_string}\"},\"query-input\":\"required name=search_term_string\"}],\"inLanguage\":\"de\"},{\"@type\":\"Organization\",\"@id\":\"https:\/\/ruishengglassco.com\/#organization\",\"name\":\"Shandong Yuncheng Ruisheng Glass Co., Ltd\",\"url\":\"https:\/\/ruishengglassco.com\/\",\"logo\":{\"@type\":\"ImageObject\",\"inLanguage\":\"de\",\"@id\":\"https:\/\/ruishengglassco.com\/#\/schema\/logo\/image\/\",\"url\":\"https:\/\/ruishengglassco.com\/wp-content\/uploads\/2023\/09\/ruisheng_logo_icon.webp\",\"contentUrl\":\"https:\/\/ruishengglassco.com\/wp-content\/uploads\/2023\/09\/ruisheng_logo_icon.webp\",\"width\":400,\"height\":233,\"caption\":\"Shandong Yuncheng Ruisheng Glass Co., Ltd\"},\"image\":{\"@id\":\"https:\/\/ruishengglassco.com\/#\/schema\/logo\/image\/\"},\"sameAs\":[\"https:\/\/www.facebook.com\/ruishengglassbottles\",\"https:\/\/www.instagram.com\/Ruishengglassbottlewholesales\/\",\"https:\/\/www.youtube.com\/channel\/UCMmbMNGwsL-XrtjfSFLCdVQ\"]}]}<\/script>\n<!-- \/ Yoast SEO plugin. -->","yoast_head_json":{"title":"Mini Liquor Bottles For Sale | Tiny Spirit Bottle Manufacturers","description":"Do you want to buy wholesale mini liquor bottles for sale outlet from China spirit bottle manufacturers? Free Sample&Quality Assurance.","robots":{"index":"index","follow":"follow","max-snippet":"max-snippet:-1","max-image-preview":"max-image-preview:large","max-video-preview":"max-video-preview:-1"},"canonical":"https:\/\/ruishengglassco.com\/de\/produkt\/rs068-groshandel-mini-rum-flaschen-bulk-zum-verkauf","og_locale":"de_DE","og_type":"article","og_title":"Mini Liquor Bottles For Sale | Tiny Spirit Bottle Manufacturers","og_description":"Do you want to buy wholesale mini liquor bottles for sale outlet from China spirit bottle manufacturers? Free Sample&Quality Assurance.","og_url":"https:\/\/ruishengglassco.com\/de\/produkt\/rs068-groshandel-mini-rum-flaschen-bulk-zum-verkauf","article_publisher":"https:\/\/www.facebook.com\/ruishengglassbottles","article_modified_time":"2025-07-17T06:16:19+00:00","og_image":[{"width":311,"height":350,"url":"https:\/\/ruishengglassco.com\/wp-content\/uploads\/2025\/03\/RS068-Wholesale-Mini-Rum-Bottles-Bulk-For-Sale.webp","type":"image\/webp"}],"twitter_card":"summary_large_image","twitter_misc":{"Gesch\u00e4tzte Lesezeit":"2\u00a0Minuten"},"schema":{"@context":"https:\/\/schema.org","@graph":[{"@type":"WebPage","@id":"https:\/\/ruishengglassco.com\/product\/rs068-wholesale-mini-rum-bottles-bulk-for-sale","url":"https:\/\/ruishengglassco.com\/product\/rs068-wholesale-mini-rum-bottles-bulk-for-sale","name":"Mini Liquor Bottles For Sale | Tiny Spirit Bottle Manufacturers","isPartOf":{"@id":"https:\/\/ruishengglassco.com\/#website"},"datePublished":"2025-03-15T03:12:58+00:00","dateModified":"2025-07-17T06:16:19+00:00","description":"Do you want to buy wholesale mini liquor bottles for sale outlet from China spirit bottle manufacturers? Free Sample&Quality Assurance.","breadcrumb":{"@id":"https:\/\/ruishengglassco.com\/product\/rs068-wholesale-mini-rum-bottles-bulk-for-sale#breadcrumb"},"inLanguage":"de","potentialAction":[{"@type":"ReadAction","target":["https:\/\/ruishengglassco.com\/product\/rs068-wholesale-mini-rum-bottles-bulk-for-sale"]}]},{"@type":"BreadcrumbList","@id":"https:\/\/ruishengglassco.com\/product\/rs068-wholesale-mini-rum-bottles-bulk-for-sale#breadcrumb","itemListElement":[{"@type":"ListItem","position":1,"name":"Home","item":"https:\/\/ruishengglassco.com\/"},{"@type":"ListItem","position":2,"name":"Products","item":"https:\/\/ruishengglassco.com\/products"},{"@type":"ListItem","position":3,"name":"RS068: Mini Rum Bottles Bulk For Sale"}]},{"@type":"WebSite","@id":"https:\/\/ruishengglassco.com\/#website","url":"https:\/\/ruishengglassco.com\/","name":"Ruisheng Glass","description":"","publisher":{"@id":"https:\/\/ruishengglassco.com\/#organization"},"potentialAction":[{"@type":"SearchAction","target":{"@type":"EntryPoint","urlTemplate":"https:\/\/ruishengglassco.com\/?s={search_term_string}"},"query-input":"required name=search_term_string"}],"inLanguage":"de"},{"@type":"Organization","@id":"https:\/\/ruishengglassco.com\/#organization","name":"Shandong Yuncheng Ruisheng Glass Co., Ltd","url":"https:\/\/ruishengglassco.com\/","logo":{"@type":"ImageObject","inLanguage":"de","@id":"https:\/\/ruishengglassco.com\/#\/schema\/logo\/image\/","url":"https:\/\/ruishengglassco.com\/wp-content\/uploads\/2023\/09\/ruisheng_logo_icon.webp","contentUrl":"https:\/\/ruishengglassco.com\/wp-content\/uploads\/2023\/09\/ruisheng_logo_icon.webp","width":400,"height":233,"caption":"Shandong Yuncheng Ruisheng Glass Co., Ltd"},"image":{"@id":"https:\/\/ruishengglassco.com\/#\/schema\/logo\/image\/"},"sameAs":["https:\/\/www.facebook.com\/ruishengglassbottles","https:\/\/www.instagram.com\/Ruishengglassbottlewholesales\/","https:\/\/www.youtube.com\/channel\/UCMmbMNGwsL-XrtjfSFLCdVQ"]}]}},"_links":{"self":[{"href":"https:\/\/ruishengglassco.com\/de\/wp-json\/wp\/v2\/product\/4263","targetHints":{"allow":["GET"]}}],"collection":[{"href":"https:\/\/ruishengglassco.com\/de\/wp-json\/wp\/v2\/product"}],"about":[{"href":"https:\/\/ruishengglassco.com\/de\/wp-json\/wp\/v2\/types\/product"}],"replies":[{"embeddable":true,"href":"https:\/\/ruishengglassco.com\/de\/wp-json\/wp\/v2\/comments?post=4263"}],"wp:featuredmedia":[{"embeddable":true,"href":"https:\/\/ruishengglassco.com\/de\/wp-json\/wp\/v2\/media\/4264"}],"wp:attachment":[{"href":"https:\/\/ruishengglassco.com\/de\/wp-json\/wp\/v2\/media?parent=4263"}],"wp:term":[{"taxonomy":"product_cat","embeddable":true,"href":"https:\/\/ruishengglassco.com\/de\/wp-json\/wp\/v2\/product_cat?post=4263"}],"curies":[{"name":"wp","href":"https:\/\/api.w.org\/{rel}","templated":true}]}}