{"id":4261,"date":"2025-03-15T11:11:06","date_gmt":"2025-03-15T03:11:06","guid":{"rendered":"https:\/\/ruishengglassco.com\/?post_type=product&#038;p=4261"},"modified":"2025-09-11T16:15:43","modified_gmt":"2025-09-11T08:15:43","slug":"rs069-benutzerdefinierte-500ml-flussigkeit-glasflaschen-lieferant","status":"publish","type":"product","link":"https:\/\/ruishengglassco.com\/de\/produkt\/rs069-benutzerdefinierte-500ml-flussigkeit-glasflaschen-lieferant","title":{"rendered":"RS069: Benutzerdefinierte 500ml Fl\u00fcssigkeit Glasflaschen Lieferant"},"content":{"rendered":"<p>Die 500ml Fl\u00fcssigkeit Glasflaschen Gro\u00dfhandel ist in Shandong Yuncheng Ruisheng Glass Co. gemacht, Ltd. Unser Unternehmen ist einer der gr\u00f6\u00dften Super Flint Spiritus Glas benutzerdefinierte Flasche Hersteller in China. Wir haben auf die Produktion von verschiedenen Arten von fl\u00fcssigen Glasflaschen gearbeitet.<\/p>\n<p>Als professioneller Lieferant von kundenspezifischen Flaschen hat Ruisheng in 2 Produktionslinien der modernsten vollautomatischen 8S-Maschine, 3 Produktionslinien von manuellen CNC-Maschinen und 4 Produktionslinien von halbautomatischen CNC-Maschinen investiert. Unsere Fabrik hat auch 2 S\u00e4tze von IS-Maschinen. Die 8S-Maschine und die CNC-Maschinen werden zur Herstellung von erstklassigen Glasflaschen - Supperflint-Glasflaschen - verwendet. Der t\u00e4gliche Aussto\u00df betr\u00e4gt 120.000 St\u00fcck. Die IS-Maschinen werden f\u00fcr die Herstellung von Glasflaschen mittlerer Qualit\u00e4t verwendet, und ihre Tagesproduktion betr\u00e4gt 200.000 St\u00fcck. Unser Unternehmen hat mehr als 500 Mitarbeiter und eine Gruppe von qualifizierten Ingenieuren. Dank der reichen Erfahrung und der fortschrittlichen Technologie haben wir einen guten Ruf bei unseren Kunden in der ganzen Welt.<\/p>\n<p>Unsere 500ml Glasflasche Gro\u00dfhandel ist f\u00fcr die Aufnahme von Wodka, Whiskey, Gin, Rum, Schnaps, Getr\u00e4nk, und andere Spirituosen verwendet. Wir machen nicht nur diese klare Fl\u00fcssigkeit Glasflasche, sondern k\u00f6nnen auch hellgr\u00fcn und dunkelgr\u00fcn Glasflaschen produzieren. Und wir k\u00f6nnen den passenden Korken oder die passende Kappe anbieten.<\/p>\n<p>F\u00fcr die Herstellung der leeren 500-ml-Fl\u00fcssigglasflaschen verwenden wir das Rohmaterial Flintglas. Dieses Rohmaterial macht die Glasflasche klarer, haltbarer und glatter.<\/p>\n<h2>Die Details der 500ml Fl\u00fcssigglasflaschen Lieferant<\/h2>\n<ul>\n<li>Hauptmaterial: Hochflintglas (dieses Material wird auch als kristallwei\u00dfes Glas bezeichnet)<\/li>\n<li>Kappe: Kork (wir k\u00f6nnen verschiedene Farben und verschiedene Materialien anbieten, wie z.B. goldene Farbe, silberne Farbe, hochpolymeres Material, komplexes Material, Holzmaterial)<\/li>\n<li>Referenz: RS069<\/li>\n<li>MOQ: 10000 PCS<\/li>\n<li>Fassungsverm\u00f6gen: 500ml (andere Fassungsverm\u00f6gen sind m\u00f6glich, z.B. 700ml, 750ml und so weiter)<\/li>\n<li>Gewicht: 580g<\/li>\n<li>Pcs\/Ctn: 24pcs (benutzerdefinierte farbige Box ist akzeptabel)<\/li>\n<li>Hafen: Qingdao, China<\/li>\n<li>Herkunft des Ortes: Shandong, China<\/li>\n<li>Besonderheit: Umweltfreundlich<\/li>\n<\/ul>\n<p>Und wie man e-Fl\u00fcssigkeit Glasflaschen w\u00e4hlen? W\u00e4hlen Sie die richtige Spiritus 500ml Glasflasche, die erste ist die Qualit\u00e4t der Fl\u00fcssigkeit Flaschen, hochwertige Glasflasche ist in der Lage, Spirituosen Qualit\u00e4t zu gew\u00e4hrleisten und ihr Ventil zu verbessern. Dar\u00fcber hinaus m\u00fcssen die Kunden auch die Aufmerksamkeit auf die Qualit\u00e4t der Spirituosen-Produkte, Spirituosen-Aromen und kulturelle Propaganda zu zahlen, um eine E-Fl\u00fcssigkeit Glasflasche w\u00e4hlen. Zus\u00e4tzliche, w\u00e4hlen und kaufen Spirituosenflasche Produkt m\u00fcssen eine regelm\u00e4\u00dfige Spirituosenflasche Hersteller w\u00e4hlen, um die Qualit\u00e4t und den Preis von Alkohol-Flaschen zu gew\u00e4hrleisten.<\/p>\n<p>Wenn Sie das Zubeh\u00f6r nicht bei verschiedenen Firmen kaufen wollen, k\u00f6nnen wir Ihnen auch einen One-Stop-Service anbieten. Sie sagen uns einfach Ihre Anforderungen, wir k\u00f6nnen das Zubeh\u00f6r f\u00fcr Sie anbieten. Wir k\u00f6nnen die tiefe Verarbeitung auf der Flasche wie gefrostet, Abziehbild, gemalt und so weiter machen.<\/p>\n<p>Neben 500ml Fl\u00fcssigkeit Glasflaschen Gro\u00dfhandel, Shandong Yuncheng Ruisheng hat 250ml Lik\u00f6rflaschen, 375ml Spirituosenflasche, 700ml Glasflaschen, 750ml Glas Lik\u00f6rflaschen, 1000ml Glasflaschen mit Korken, 1,5-Liter Glasflasche und etc. Nat\u00fcrlich k\u00f6nnen wir als Hersteller von kundenspezifischen Flaschen das Fassungsverm\u00f6gen nach Ihren Anforderungen gestalten.<\/p>","protected":false},"excerpt":{"rendered":"<table class=\"tg\">\n<tbody>\n<tr>\n<th class=\"tg-24i8\" colspan=\"2\">500ml Fl\u00fcssigglasflaschen Gro\u00dfhandel<\/th>\n<\/tr>\n<tr>\n<td class=\"tg-b7b8\">Referenz:<\/td>\n<td class=\"tg-b7b8\">RS069<\/td>\n<\/tr>\n<tr>\n<td class=\"tg-yw4l\">Hauptmaterial:<\/td>\n<td class=\"tg-yw4l\">Hochflintglas (dieses Material wird auch als kristallwei\u00dfes Glas bezeichnet)<\/td>\n<\/tr>\n<tr>\n<td class=\"tg-b7b8\">Kappe:<\/td>\n<td class=\"tg-b7b8\">Kork<\/td>\n<\/tr>\n<tr>\n<td class=\"tg-yw4l\">Kapazit\u00e4t:<\/td>\n<td class=\"tg-yw4l\">500ml<\/td>\n<\/tr>\n<tr>\n<td class=\"tg-b7b8\">Merkmal:<\/td>\n<td class=\"tg-b7b8\">Umweltfreundlich<\/td>\n<\/tr>\n<tr>\n<td class=\"tg-yw4l\">MOQ:<\/td>\n<td class=\"tg-yw4l\">10000 PCS<\/td>\n<\/tr>\n<tr>\n<td class=\"tg-b7b8\">Art der Verpackung:<\/td>\n<td class=\"tg-b7b8\">Export Standardkarton \/ Palette \/ Export Standardkarton und Palette<\/td>\n<\/tr>\n<tr>\n<td class=\"tg-yw4l\">OEM\/ODM:<\/td>\n<td class=\"tg-yw4l\">Willkommen<\/td>\n<\/tr>\n<tr>\n<td class=\"tg-b7b8\">Herkunft des Ortes:<\/td>\n<td class=\"tg-b7b8\">Shandong, China<\/td>\n<\/tr>\n<tr>\n<td class=\"tg-yw4l\">Stck.\/Ktn:<\/td>\n<td class=\"tg-yw4l\">24 St\u00fcck oder nach Kundenwunsch<\/td>\n<\/tr>\n<\/tbody>\n<\/table>","protected":false},"featured_media":4262,"comment_status":"closed","ping_status":"closed","template":"","meta":[],"product_cat":[41],"class_list":{"0":"post-4261","1":"product","2":"type-product","3":"status-publish","4":"has-post-thumbnail","6":"product_cat-500ml-liquor-bottle-manufacturer","8":"first","9":"instock","10":"shipping-taxable","11":"product-type-simple"},"yoast_head":"<!-- This site is optimized with the Yoast SEO plugin v22.0 - https:\/\/yoast.com\/wordpress\/plugins\/seo\/ -->\n<title>500ml Liquid Glass Bottles Wholesale | Empty Spirit Bottle Manufacturer<\/title>\n<meta name=\"description\" content=\"Ruisheng, a professional China Spirit Bottle Manufacturer, provide 500ml Liquid Glass Bottles Supplier For spirit. Factory Outlet&amp;Free Sample.\" \/>\n<meta name=\"robots\" content=\"index, follow, max-snippet:-1, max-image-preview:large, max-video-preview:-1\" \/>\n<link rel=\"canonical\" href=\"https:\/\/ruishengglassco.com\/de\/produkt\/rs069-benutzerdefinierte-500ml-flussigkeit-glasflaschen-lieferant\" \/>\n<meta property=\"og:locale\" content=\"de_DE\" \/>\n<meta property=\"og:type\" content=\"article\" \/>\n<meta property=\"og:title\" content=\"500ml Liquid Glass Bottles Wholesale | Empty Spirit Bottle Manufacturer\" \/>\n<meta property=\"og:description\" content=\"Ruisheng, a professional China Spirit Bottle Manufacturer, provide 500ml Liquid Glass Bottles Supplier For spirit. Factory Outlet&amp;Free Sample.\" \/>\n<meta property=\"og:url\" content=\"https:\/\/ruishengglassco.com\/de\/produkt\/rs069-benutzerdefinierte-500ml-flussigkeit-glasflaschen-lieferant\" \/>\n<meta property=\"article:publisher\" content=\"https:\/\/www.facebook.com\/ruishengglassbottles\" \/>\n<meta property=\"article:modified_time\" content=\"2025-09-11T08:15:43+00:00\" \/>\n<meta property=\"og:image\" content=\"https:\/\/ruishengglassco.com\/wp-content\/uploads\/2025\/03\/RS069-Custom-500ml-Liquid-Glass-Bottles-Wholesale.webp\" \/>\n\t<meta property=\"og:image:width\" content=\"800\" \/>\n\t<meta property=\"og:image:height\" content=\"800\" \/>\n\t<meta property=\"og:image:type\" content=\"image\/webp\" \/>\n<meta name=\"twitter:card\" content=\"summary_large_image\" \/>\n<meta name=\"twitter:label1\" content=\"Gesch\u00e4tzte Lesezeit\" \/>\n\t<meta name=\"twitter:data1\" content=\"3\u00a0Minuten\" \/>\n<script type=\"application\/ld+json\" class=\"yoast-schema-graph\">{\"@context\":\"https:\/\/schema.org\",\"@graph\":[{\"@type\":\"WebPage\",\"@id\":\"https:\/\/ruishengglassco.com\/product\/rs069-custom-500ml-liquid-glass-bottles-supplier\",\"url\":\"https:\/\/ruishengglassco.com\/product\/rs069-custom-500ml-liquid-glass-bottles-supplier\",\"name\":\"500ml Liquid Glass Bottles Wholesale | Empty Spirit Bottle Manufacturer\",\"isPartOf\":{\"@id\":\"https:\/\/ruishengglassco.com\/#website\"},\"datePublished\":\"2025-03-15T03:11:06+00:00\",\"dateModified\":\"2025-09-11T08:15:43+00:00\",\"description\":\"Ruisheng, a professional China Spirit Bottle Manufacturer, provide 500ml Liquid Glass Bottles Supplier For spirit. Factory Outlet&Free Sample.\",\"breadcrumb\":{\"@id\":\"https:\/\/ruishengglassco.com\/product\/rs069-custom-500ml-liquid-glass-bottles-supplier#breadcrumb\"},\"inLanguage\":\"de\",\"potentialAction\":[{\"@type\":\"ReadAction\",\"target\":[\"https:\/\/ruishengglassco.com\/product\/rs069-custom-500ml-liquid-glass-bottles-supplier\"]}]},{\"@type\":\"BreadcrumbList\",\"@id\":\"https:\/\/ruishengglassco.com\/product\/rs069-custom-500ml-liquid-glass-bottles-supplier#breadcrumb\",\"itemListElement\":[{\"@type\":\"ListItem\",\"position\":1,\"name\":\"Home\",\"item\":\"https:\/\/ruishengglassco.com\/\"},{\"@type\":\"ListItem\",\"position\":2,\"name\":\"Products\",\"item\":\"https:\/\/ruishengglassco.com\/products\"},{\"@type\":\"ListItem\",\"position\":3,\"name\":\"RS069: Custom 500ml Liquid Glass Bottles Supplier\"}]},{\"@type\":\"WebSite\",\"@id\":\"https:\/\/ruishengglassco.com\/#website\",\"url\":\"https:\/\/ruishengglassco.com\/\",\"name\":\"Ruisheng Glass\",\"description\":\"\",\"publisher\":{\"@id\":\"https:\/\/ruishengglassco.com\/#organization\"},\"potentialAction\":[{\"@type\":\"SearchAction\",\"target\":{\"@type\":\"EntryPoint\",\"urlTemplate\":\"https:\/\/ruishengglassco.com\/?s={search_term_string}\"},\"query-input\":\"required name=search_term_string\"}],\"inLanguage\":\"de\"},{\"@type\":\"Organization\",\"@id\":\"https:\/\/ruishengglassco.com\/#organization\",\"name\":\"Shandong Yuncheng Ruisheng Glass Co., Ltd\",\"url\":\"https:\/\/ruishengglassco.com\/\",\"logo\":{\"@type\":\"ImageObject\",\"inLanguage\":\"de\",\"@id\":\"https:\/\/ruishengglassco.com\/#\/schema\/logo\/image\/\",\"url\":\"https:\/\/ruishengglassco.com\/wp-content\/uploads\/2023\/09\/ruisheng_logo_icon.webp\",\"contentUrl\":\"https:\/\/ruishengglassco.com\/wp-content\/uploads\/2023\/09\/ruisheng_logo_icon.webp\",\"width\":400,\"height\":233,\"caption\":\"Shandong Yuncheng Ruisheng Glass Co., Ltd\"},\"image\":{\"@id\":\"https:\/\/ruishengglassco.com\/#\/schema\/logo\/image\/\"},\"sameAs\":[\"https:\/\/www.facebook.com\/ruishengglassbottles\",\"https:\/\/www.instagram.com\/Ruishengglassbottlewholesales\/\",\"https:\/\/www.youtube.com\/channel\/UCMmbMNGwsL-XrtjfSFLCdVQ\"]}]}<\/script>\n<!-- \/ Yoast SEO plugin. -->","yoast_head_json":{"title":"500ml Liquid Glass Bottles Wholesale | Empty Spirit Bottle Manufacturer","description":"Ruisheng, a professional China Spirit Bottle Manufacturer, provide 500ml Liquid Glass Bottles Supplier For spirit. Factory Outlet&Free Sample.","robots":{"index":"index","follow":"follow","max-snippet":"max-snippet:-1","max-image-preview":"max-image-preview:large","max-video-preview":"max-video-preview:-1"},"canonical":"https:\/\/ruishengglassco.com\/de\/produkt\/rs069-benutzerdefinierte-500ml-flussigkeit-glasflaschen-lieferant","og_locale":"de_DE","og_type":"article","og_title":"500ml Liquid Glass Bottles Wholesale | Empty Spirit Bottle Manufacturer","og_description":"Ruisheng, a professional China Spirit Bottle Manufacturer, provide 500ml Liquid Glass Bottles Supplier For spirit. Factory Outlet&Free Sample.","og_url":"https:\/\/ruishengglassco.com\/de\/produkt\/rs069-benutzerdefinierte-500ml-flussigkeit-glasflaschen-lieferant","article_publisher":"https:\/\/www.facebook.com\/ruishengglassbottles","article_modified_time":"2025-09-11T08:15:43+00:00","og_image":[{"width":800,"height":800,"url":"https:\/\/ruishengglassco.com\/wp-content\/uploads\/2025\/03\/RS069-Custom-500ml-Liquid-Glass-Bottles-Wholesale.webp","type":"image\/webp"}],"twitter_card":"summary_large_image","twitter_misc":{"Gesch\u00e4tzte Lesezeit":"3\u00a0Minuten"},"schema":{"@context":"https:\/\/schema.org","@graph":[{"@type":"WebPage","@id":"https:\/\/ruishengglassco.com\/product\/rs069-custom-500ml-liquid-glass-bottles-supplier","url":"https:\/\/ruishengglassco.com\/product\/rs069-custom-500ml-liquid-glass-bottles-supplier","name":"500ml Liquid Glass Bottles Wholesale | Empty Spirit Bottle Manufacturer","isPartOf":{"@id":"https:\/\/ruishengglassco.com\/#website"},"datePublished":"2025-03-15T03:11:06+00:00","dateModified":"2025-09-11T08:15:43+00:00","description":"Ruisheng, a professional China Spirit Bottle Manufacturer, provide 500ml Liquid Glass Bottles Supplier For spirit. Factory Outlet&Free Sample.","breadcrumb":{"@id":"https:\/\/ruishengglassco.com\/product\/rs069-custom-500ml-liquid-glass-bottles-supplier#breadcrumb"},"inLanguage":"de","potentialAction":[{"@type":"ReadAction","target":["https:\/\/ruishengglassco.com\/product\/rs069-custom-500ml-liquid-glass-bottles-supplier"]}]},{"@type":"BreadcrumbList","@id":"https:\/\/ruishengglassco.com\/product\/rs069-custom-500ml-liquid-glass-bottles-supplier#breadcrumb","itemListElement":[{"@type":"ListItem","position":1,"name":"Home","item":"https:\/\/ruishengglassco.com\/"},{"@type":"ListItem","position":2,"name":"Products","item":"https:\/\/ruishengglassco.com\/products"},{"@type":"ListItem","position":3,"name":"RS069: Custom 500ml Liquid Glass Bottles Supplier"}]},{"@type":"WebSite","@id":"https:\/\/ruishengglassco.com\/#website","url":"https:\/\/ruishengglassco.com\/","name":"Ruisheng Glass","description":"","publisher":{"@id":"https:\/\/ruishengglassco.com\/#organization"},"potentialAction":[{"@type":"SearchAction","target":{"@type":"EntryPoint","urlTemplate":"https:\/\/ruishengglassco.com\/?s={search_term_string}"},"query-input":"required name=search_term_string"}],"inLanguage":"de"},{"@type":"Organization","@id":"https:\/\/ruishengglassco.com\/#organization","name":"Shandong Yuncheng Ruisheng Glass Co., Ltd","url":"https:\/\/ruishengglassco.com\/","logo":{"@type":"ImageObject","inLanguage":"de","@id":"https:\/\/ruishengglassco.com\/#\/schema\/logo\/image\/","url":"https:\/\/ruishengglassco.com\/wp-content\/uploads\/2023\/09\/ruisheng_logo_icon.webp","contentUrl":"https:\/\/ruishengglassco.com\/wp-content\/uploads\/2023\/09\/ruisheng_logo_icon.webp","width":400,"height":233,"caption":"Shandong Yuncheng Ruisheng Glass Co., Ltd"},"image":{"@id":"https:\/\/ruishengglassco.com\/#\/schema\/logo\/image\/"},"sameAs":["https:\/\/www.facebook.com\/ruishengglassbottles","https:\/\/www.instagram.com\/Ruishengglassbottlewholesales\/","https:\/\/www.youtube.com\/channel\/UCMmbMNGwsL-XrtjfSFLCdVQ"]}]}},"_links":{"self":[{"href":"https:\/\/ruishengglassco.com\/de\/wp-json\/wp\/v2\/product\/4261","targetHints":{"allow":["GET"]}}],"collection":[{"href":"https:\/\/ruishengglassco.com\/de\/wp-json\/wp\/v2\/product"}],"about":[{"href":"https:\/\/ruishengglassco.com\/de\/wp-json\/wp\/v2\/types\/product"}],"replies":[{"embeddable":true,"href":"https:\/\/ruishengglassco.com\/de\/wp-json\/wp\/v2\/comments?post=4261"}],"wp:featuredmedia":[{"embeddable":true,"href":"https:\/\/ruishengglassco.com\/de\/wp-json\/wp\/v2\/media\/4262"}],"wp:attachment":[{"href":"https:\/\/ruishengglassco.com\/de\/wp-json\/wp\/v2\/media?parent=4261"}],"wp:term":[{"taxonomy":"product_cat","embeddable":true,"href":"https:\/\/ruishengglassco.com\/de\/wp-json\/wp\/v2\/product_cat?post=4261"}],"curies":[{"name":"wp","href":"https:\/\/api.w.org\/{rel}","templated":true}]}}