{"id":4254,"date":"2025-03-15T11:04:10","date_gmt":"2025-03-15T03:04:10","guid":{"rendered":"https:\/\/ruishengglassco.com\/?post_type=product&#038;p=4254"},"modified":"2025-07-17T14:14:16","modified_gmt":"2025-07-17T06:14:16","slug":"rs074-500ml-einzigartige-glasflaschen-groshandel","status":"publish","type":"product","link":"https:\/\/ruishengglassco.com\/de\/produkt\/rs074-500ml-einzigartige-glasflaschen-groshandel","title":{"rendered":"RS074: 500ml Einzigartige Glasflaschen Hersteller"},"content":{"rendered":"<p>Die 500ml einzigartige Glasflaschen Gro\u00dfhandel ist in China hergestellt. Diese Glasflasche ist das perfekte Zuhause nicht nur f\u00fcr Whisky, sondern f\u00fcr alle Arten von Spirituosen und mehr. Diese besondere Glasflaschen werden von einem der gr\u00f6\u00dften Glasflaschen Lieferanten-Ruisheng gemacht. Und Export nach Europa, USA, Australien, Amerika etc.<\/p>\n<p>Diese 500ml einzigartige Glasflaschen Gro\u00dfhandel sind durch vollautomatische Maschinen gemacht. Es gibt 12 Produktionslinie in unserer Fabrik, und unsere Produktion ist etwa 120.000 St\u00fcck pro Tag. Wir k\u00f6nnen alle Auftr\u00e4ge p\u00fcnktlich fertigstellen. Machen Sie sich also keine Sorgen \u00fcber unsere Lieferzeit f\u00fcr die Glasflaschen.<\/p>\n<p>Unsere Fabrik bietet hochwertige Glasflaschen f\u00fcr eine Vielzahl von Verwendungszwecken an: Lebensmittel und Getr\u00e4nke, Gro\u00dfhandelsverpackungen, Hochzeitsgeschenke, Kunsthandwerk und vieles mehr. Ganz gleich, ob Sie Verpackungen f\u00fcr eine neue Getr\u00e4nkelinie oder f\u00fcr die Verpackung Ihrer bestehenden Produkte ben\u00f6tigen.<\/p>\n<h2>Die Details von 500ml Einzigartige Glasflaschen Gro\u00dfhandel<\/h2>\n<p>Diese 500ml einzigartige Glasflasche wird durch hohe Feuerstein Glasmaterial, das die Glasflasche klarer, haltbarer und glatter macht gemacht. Das Glas Gewicht ist 620g und mit einer Dicke Boden.<\/p>\n<p>Wir k\u00f6nnen tiefe Verarbeitung auf diese Glasflaschen Gro\u00dfhandel machen. Wie Abziehbild Logo, gefrostet, Malerei Farbe, Aufkleber Etikett und andere tiefe Verarbeitung auf den Glasflaschen. Wir k\u00f6nnen auch verschiedene Farben und verschiedene Material T- Kork f\u00fcr diese 500ml einzigartige Glasflaschen Gro\u00dfhandel bieten. \u00dcber die Farbe der T - Korken, k\u00f6nnen wir es mit roter Farbe, goldene Farbe, silberne Farbe, und eine andere benutzerdefinierte Farbe. \u00dcber das Material der T- Kork, k\u00f6nnen wir hohe Polymer-Kork, komplexe Kork und Holzkork bieten.<\/p>\n<p>Da wir ein professioneller Hersteller von Glasflaschen sind, k\u00f6nnen wir die besten Fl\u00fcssigglasflaschen f\u00fcr den Kunden anbieten, egal ob es sich um bestehende Glasflaschen oder um ma\u00dfgeschneiderte Glasflaschen handelt. Und alle der Glasflaschen w\u00e4re ein angemessener Preis sein.<\/p>\n<p>Wenn Sie Glasflaschen 500ml einzigartige Glasflaschen oder kundenspezifische Glasflaschen kaufen m\u00f6chten, kontaktieren Sie uns bitte. Wir w\u00fcrden unser Bestes f\u00fcr Sie tun.<\/p>","protected":false},"excerpt":{"rendered":"<p>Unsere Hauptprodukte sind hochwertige Glasflaschen wie Wodkaflaschen, Schnapsflaschen, Whiskeyflaschen, Lik\u00f6rflaschen, Marmeladenflaschen und so weiter. Wir k\u00f6nnen auch Braunglasflaschen, gr\u00fcne Flaschen und Wasserflaschen anbieten. Unsere Hauptm\u00e4rkte sind Europa, die USA, Australien und Amerika. Alle unsere Produkte sind f\u00fcr ihre Innovation und Funktionalit\u00e4t bekannt.<\/p>","protected":false},"featured_media":4255,"comment_status":"closed","ping_status":"closed","template":"","meta":[],"product_cat":[41],"class_list":{"0":"post-4254","1":"product","2":"type-product","3":"status-publish","4":"has-post-thumbnail","6":"product_cat-500ml-liquor-bottle-manufacturer","8":"first","9":"instock","10":"shipping-taxable","11":"product-type-simple"},"yoast_head":"<!-- This site is optimized with the Yoast SEO plugin v22.0 - https:\/\/yoast.com\/wordpress\/plugins\/seo\/ -->\n<title>500ml Unique Glass Bottles Manufacturers | China Alcohol Bottle Suppliers<\/title>\n<meta name=\"description\" content=\"Do you want to buy 500ml unique glass bottles Manufacturers from China Alcohol bottle suppliers? Factory Outlet&amp;Cheap Price. Custom Service Offered.\" \/>\n<meta name=\"robots\" content=\"index, follow, max-snippet:-1, max-image-preview:large, max-video-preview:-1\" \/>\n<link rel=\"canonical\" href=\"https:\/\/ruishengglassco.com\/de\/produkt\/rs074-500ml-einzigartige-glasflaschen-groshandel\" \/>\n<meta property=\"og:locale\" content=\"de_DE\" \/>\n<meta property=\"og:type\" content=\"article\" \/>\n<meta property=\"og:title\" content=\"500ml Unique Glass Bottles Manufacturers | China Alcohol Bottle Suppliers\" \/>\n<meta property=\"og:description\" content=\"Do you want to buy 500ml unique glass bottles Manufacturers from China Alcohol bottle suppliers? Factory Outlet&amp;Cheap Price. Custom Service Offered.\" \/>\n<meta property=\"og:url\" content=\"https:\/\/ruishengglassco.com\/de\/produkt\/rs074-500ml-einzigartige-glasflaschen-groshandel\" \/>\n<meta property=\"article:publisher\" content=\"https:\/\/www.facebook.com\/ruishengglassbottles\" \/>\n<meta property=\"article:modified_time\" content=\"2025-07-17T06:14:16+00:00\" \/>\n<meta property=\"og:image\" content=\"https:\/\/ruishengglassco.com\/wp-content\/uploads\/2025\/03\/RS074-500ml-Unique-Glass-Bottles-Wholesale.webp\" \/>\n\t<meta property=\"og:image:width\" content=\"800\" \/>\n\t<meta property=\"og:image:height\" content=\"800\" \/>\n\t<meta property=\"og:image:type\" content=\"image\/webp\" \/>\n<meta name=\"twitter:card\" content=\"summary_large_image\" \/>\n<meta name=\"twitter:label1\" content=\"Gesch\u00e4tzte Lesezeit\" \/>\n\t<meta name=\"twitter:data1\" content=\"2\u00a0Minuten\" \/>\n<script type=\"application\/ld+json\" class=\"yoast-schema-graph\">{\"@context\":\"https:\/\/schema.org\",\"@graph\":[{\"@type\":\"WebPage\",\"@id\":\"https:\/\/ruishengglassco.com\/product\/rs074-500ml-unique-glass-bottles-wholesale\",\"url\":\"https:\/\/ruishengglassco.com\/product\/rs074-500ml-unique-glass-bottles-wholesale\",\"name\":\"500ml Unique Glass Bottles Manufacturers | China Alcohol Bottle Suppliers\",\"isPartOf\":{\"@id\":\"https:\/\/ruishengglassco.com\/#website\"},\"datePublished\":\"2025-03-15T03:04:10+00:00\",\"dateModified\":\"2025-07-17T06:14:16+00:00\",\"description\":\"Do you want to buy 500ml unique glass bottles Manufacturers from China Alcohol bottle suppliers? Factory Outlet&Cheap Price. Custom Service Offered.\",\"breadcrumb\":{\"@id\":\"https:\/\/ruishengglassco.com\/product\/rs074-500ml-unique-glass-bottles-wholesale#breadcrumb\"},\"inLanguage\":\"de\",\"potentialAction\":[{\"@type\":\"ReadAction\",\"target\":[\"https:\/\/ruishengglassco.com\/product\/rs074-500ml-unique-glass-bottles-wholesale\"]}]},{\"@type\":\"BreadcrumbList\",\"@id\":\"https:\/\/ruishengglassco.com\/product\/rs074-500ml-unique-glass-bottles-wholesale#breadcrumb\",\"itemListElement\":[{\"@type\":\"ListItem\",\"position\":1,\"name\":\"Home\",\"item\":\"https:\/\/ruishengglassco.com\/\"},{\"@type\":\"ListItem\",\"position\":2,\"name\":\"Products\",\"item\":\"https:\/\/ruishengglassco.com\/products\"},{\"@type\":\"ListItem\",\"position\":3,\"name\":\"RS074: 500ml Unique Glass Bottles Manufacturers\"}]},{\"@type\":\"WebSite\",\"@id\":\"https:\/\/ruishengglassco.com\/#website\",\"url\":\"https:\/\/ruishengglassco.com\/\",\"name\":\"Ruisheng Glass\",\"description\":\"\",\"publisher\":{\"@id\":\"https:\/\/ruishengglassco.com\/#organization\"},\"potentialAction\":[{\"@type\":\"SearchAction\",\"target\":{\"@type\":\"EntryPoint\",\"urlTemplate\":\"https:\/\/ruishengglassco.com\/?s={search_term_string}\"},\"query-input\":\"required name=search_term_string\"}],\"inLanguage\":\"de\"},{\"@type\":\"Organization\",\"@id\":\"https:\/\/ruishengglassco.com\/#organization\",\"name\":\"Shandong Yuncheng Ruisheng Glass Co., Ltd\",\"url\":\"https:\/\/ruishengglassco.com\/\",\"logo\":{\"@type\":\"ImageObject\",\"inLanguage\":\"de\",\"@id\":\"https:\/\/ruishengglassco.com\/#\/schema\/logo\/image\/\",\"url\":\"https:\/\/ruishengglassco.com\/wp-content\/uploads\/2023\/09\/ruisheng_logo_icon.webp\",\"contentUrl\":\"https:\/\/ruishengglassco.com\/wp-content\/uploads\/2023\/09\/ruisheng_logo_icon.webp\",\"width\":400,\"height\":233,\"caption\":\"Shandong Yuncheng Ruisheng Glass Co., Ltd\"},\"image\":{\"@id\":\"https:\/\/ruishengglassco.com\/#\/schema\/logo\/image\/\"},\"sameAs\":[\"https:\/\/www.facebook.com\/ruishengglassbottles\",\"https:\/\/www.instagram.com\/Ruishengglassbottlewholesales\/\",\"https:\/\/www.youtube.com\/channel\/UCMmbMNGwsL-XrtjfSFLCdVQ\"]}]}<\/script>\n<!-- \/ Yoast SEO plugin. -->","yoast_head_json":{"title":"500ml Unique Glass Bottles Manufacturers | China Alcohol Bottle Suppliers","description":"Do you want to buy 500ml unique glass bottles Manufacturers from China Alcohol bottle suppliers? Factory Outlet&Cheap Price. Custom Service Offered.","robots":{"index":"index","follow":"follow","max-snippet":"max-snippet:-1","max-image-preview":"max-image-preview:large","max-video-preview":"max-video-preview:-1"},"canonical":"https:\/\/ruishengglassco.com\/de\/produkt\/rs074-500ml-einzigartige-glasflaschen-groshandel","og_locale":"de_DE","og_type":"article","og_title":"500ml Unique Glass Bottles Manufacturers | China Alcohol Bottle Suppliers","og_description":"Do you want to buy 500ml unique glass bottles Manufacturers from China Alcohol bottle suppliers? Factory Outlet&Cheap Price. Custom Service Offered.","og_url":"https:\/\/ruishengglassco.com\/de\/produkt\/rs074-500ml-einzigartige-glasflaschen-groshandel","article_publisher":"https:\/\/www.facebook.com\/ruishengglassbottles","article_modified_time":"2025-07-17T06:14:16+00:00","og_image":[{"width":800,"height":800,"url":"https:\/\/ruishengglassco.com\/wp-content\/uploads\/2025\/03\/RS074-500ml-Unique-Glass-Bottles-Wholesale.webp","type":"image\/webp"}],"twitter_card":"summary_large_image","twitter_misc":{"Gesch\u00e4tzte Lesezeit":"2\u00a0Minuten"},"schema":{"@context":"https:\/\/schema.org","@graph":[{"@type":"WebPage","@id":"https:\/\/ruishengglassco.com\/product\/rs074-500ml-unique-glass-bottles-wholesale","url":"https:\/\/ruishengglassco.com\/product\/rs074-500ml-unique-glass-bottles-wholesale","name":"500ml Unique Glass Bottles Manufacturers | China Alcohol Bottle Suppliers","isPartOf":{"@id":"https:\/\/ruishengglassco.com\/#website"},"datePublished":"2025-03-15T03:04:10+00:00","dateModified":"2025-07-17T06:14:16+00:00","description":"Do you want to buy 500ml unique glass bottles Manufacturers from China Alcohol bottle suppliers? Factory Outlet&Cheap Price. Custom Service Offered.","breadcrumb":{"@id":"https:\/\/ruishengglassco.com\/product\/rs074-500ml-unique-glass-bottles-wholesale#breadcrumb"},"inLanguage":"de","potentialAction":[{"@type":"ReadAction","target":["https:\/\/ruishengglassco.com\/product\/rs074-500ml-unique-glass-bottles-wholesale"]}]},{"@type":"BreadcrumbList","@id":"https:\/\/ruishengglassco.com\/product\/rs074-500ml-unique-glass-bottles-wholesale#breadcrumb","itemListElement":[{"@type":"ListItem","position":1,"name":"Home","item":"https:\/\/ruishengglassco.com\/"},{"@type":"ListItem","position":2,"name":"Products","item":"https:\/\/ruishengglassco.com\/products"},{"@type":"ListItem","position":3,"name":"RS074: 500ml Unique Glass Bottles Manufacturers"}]},{"@type":"WebSite","@id":"https:\/\/ruishengglassco.com\/#website","url":"https:\/\/ruishengglassco.com\/","name":"Ruisheng Glass","description":"","publisher":{"@id":"https:\/\/ruishengglassco.com\/#organization"},"potentialAction":[{"@type":"SearchAction","target":{"@type":"EntryPoint","urlTemplate":"https:\/\/ruishengglassco.com\/?s={search_term_string}"},"query-input":"required name=search_term_string"}],"inLanguage":"de"},{"@type":"Organization","@id":"https:\/\/ruishengglassco.com\/#organization","name":"Shandong Yuncheng Ruisheng Glass Co., Ltd","url":"https:\/\/ruishengglassco.com\/","logo":{"@type":"ImageObject","inLanguage":"de","@id":"https:\/\/ruishengglassco.com\/#\/schema\/logo\/image\/","url":"https:\/\/ruishengglassco.com\/wp-content\/uploads\/2023\/09\/ruisheng_logo_icon.webp","contentUrl":"https:\/\/ruishengglassco.com\/wp-content\/uploads\/2023\/09\/ruisheng_logo_icon.webp","width":400,"height":233,"caption":"Shandong Yuncheng Ruisheng Glass Co., Ltd"},"image":{"@id":"https:\/\/ruishengglassco.com\/#\/schema\/logo\/image\/"},"sameAs":["https:\/\/www.facebook.com\/ruishengglassbottles","https:\/\/www.instagram.com\/Ruishengglassbottlewholesales\/","https:\/\/www.youtube.com\/channel\/UCMmbMNGwsL-XrtjfSFLCdVQ"]}]}},"_links":{"self":[{"href":"https:\/\/ruishengglassco.com\/de\/wp-json\/wp\/v2\/product\/4254","targetHints":{"allow":["GET"]}}],"collection":[{"href":"https:\/\/ruishengglassco.com\/de\/wp-json\/wp\/v2\/product"}],"about":[{"href":"https:\/\/ruishengglassco.com\/de\/wp-json\/wp\/v2\/types\/product"}],"replies":[{"embeddable":true,"href":"https:\/\/ruishengglassco.com\/de\/wp-json\/wp\/v2\/comments?post=4254"}],"wp:featuredmedia":[{"embeddable":true,"href":"https:\/\/ruishengglassco.com\/de\/wp-json\/wp\/v2\/media\/4255"}],"wp:attachment":[{"href":"https:\/\/ruishengglassco.com\/de\/wp-json\/wp\/v2\/media?parent=4254"}],"wp:term":[{"taxonomy":"product_cat","embeddable":true,"href":"https:\/\/ruishengglassco.com\/de\/wp-json\/wp\/v2\/product_cat?post=4254"}],"curies":[{"name":"wp","href":"https:\/\/api.w.org\/{rel}","templated":true}]}}