{"id":4246,"date":"2025-03-15T10:47:47","date_gmt":"2025-03-15T02:47:47","guid":{"rendered":"https:\/\/ruishengglassco.com\/?post_type=product&#038;p=4246"},"modified":"2025-09-11T16:19:06","modified_gmt":"2025-09-11T08:19:06","slug":"rs079-500ml-glasflasche-mit-stopfen-groshandel","status":"publish","type":"product","link":"https:\/\/ruishengglassco.com\/de\/produkt\/rs079-500ml-glasflasche-mit-stopfen-groshandel","title":{"rendered":"RS079: 500ml Glasflasche mit Stopfen Hersteller"},"content":{"rendered":"<p>Die 500ml Glasflasche mit Stopfen Gro\u00dfhandel ist in Shandong Yuncheng Ruisheng Glass Co. gemacht, Ltd. Es ist eines unserer hei\u00dfen Verkaufsprodukte. Das Material dieser Glasflasche ist super Feuerstein Material.<\/p>\n<p>Ruisheng Glasflasche zum Verkauf wird durch hohe Feuerstein Glasmaterial, das die Glasflasche mehr klar, mehr haltbar und mehr glatt macht gemacht. Wenn Sie das Design dieser Flasche m\u00f6gen, aber nicht mit seiner Kapazit\u00e4t zufrieden sind, k\u00f6nnen wir die Kapazit\u00e4t \u00e4ndern.<\/p>\n<p>Unsere Hauptprodukte sind hochwertige Glasflaschen mit Stopfen wie Wodkaflaschen, Schnapsflaschen, Whiskeyflaschen, Lik\u00f6rflaschen, Marmeladenflaschen und so weiter. Wir k\u00f6nnen auch Braunglasflaschen, gr\u00fcne Flaschen und Wasserflaschen anbieten. OEM- und ODM-Bestellungen sind willkommen, wir entwerfen oder produzieren gerne Ihre eigenen Flaschen nach Ma\u00df, genau wie Ihre Idee und Zeichnung. Was wir tun wollen, ist ein One-Stop-Service f\u00fcr jeden Freund zu bieten.<\/p>\n<p>Die Produktion von 500ml Glasflaschen Gro\u00dfhandel wurde streng von Materialien ausgew\u00e4hlt, bringen wir in Materialien aus dem Herkunftsland, au\u00dferdem verwenden wir fortschrittliche Maschinen zu verarbeiten und Glasflaschen zu machen.<\/p>\n<h2>Die Informationen der 500ml Glasflasche mit Stopper Gro\u00dfhandel:<\/h2>\n<ul>\n<li>Hauptmaterial: Glas mit hohem Feuersteinanteil<\/li>\n<li>Verschluss: Schraubverschluss<\/li>\n<li>Referenz: RS079<\/li>\n<li>MOQ: 10000 PCS<\/li>\n<li>Fassungsverm\u00f6gen: 500ml<\/li>\n<li>St\u00fcck\/Gebinde: 24 St\u00fcck<\/li>\n<li>Herkunft des Ortes: Shandong, China<\/li>\n<li>Besonderheit: Umweltfreundlich<\/li>\n<\/ul>\n<p>Wenn Sie mit dieser einzigartigen Form Weinflasche zufrieden sind, kontaktieren Sie mich bitte in der Zeit. Wenn Sie es nicht m\u00f6gen, k\u00f6nnen Sie sich unsere anderen Flaschen ansehen. Oder ich gebe Ihnen den Katalog, Sie k\u00f6nnen w\u00e4hlen, was Sie m\u00f6gen. Wenn Sie die 500ml Glasflasche mit Stopfen Gro\u00dfhandelspreis erhalten m\u00f6chten, kontaktieren Sie uns bitte. Wir werden Ihnen innerhalb von 24 Stunden antworten.<\/p>","protected":false},"excerpt":{"rendered":"<p>Die zum Verkauf stehenden Klarglas-Weinflaschen werden aus hochwertigem Flintglas hergestellt, das die Glasflaschen klarer, haltbarer und glatter macht.<\/p>","protected":false},"featured_media":4247,"comment_status":"closed","ping_status":"closed","template":"","meta":[],"product_cat":[41],"class_list":{"0":"post-4246","1":"product","2":"type-product","3":"status-publish","4":"has-post-thumbnail","6":"product_cat-500ml-liquor-bottle-manufacturer","8":"first","9":"instock","10":"shipping-taxable","11":"product-type-simple"},"yoast_head":"<!-- This site is optimized with the Yoast SEO plugin v22.0 - https:\/\/yoast.com\/wordpress\/plugins\/seo\/ -->\n<title>500ml Glass Bottle With Stopper Manufacturers | Unique Shape Wine Bottle<\/title>\n<meta name=\"description\" content=\"The 500ml glass bottle with stopper wholesale is made in Shandong Yuncheng Ruisheng Glass Co., Ltd. Factory Outlet&amp;Global Shipping Service.\" \/>\n<meta name=\"robots\" content=\"index, follow, max-snippet:-1, max-image-preview:large, max-video-preview:-1\" \/>\n<link rel=\"canonical\" href=\"https:\/\/ruishengglassco.com\/de\/produkt\/rs079-500ml-glasflasche-mit-stopfen-groshandel\" \/>\n<meta property=\"og:locale\" content=\"de_DE\" \/>\n<meta property=\"og:type\" content=\"article\" \/>\n<meta property=\"og:title\" content=\"500ml Glass Bottle With Stopper Manufacturers | Unique Shape Wine Bottle\" \/>\n<meta property=\"og:description\" content=\"The 500ml glass bottle with stopper wholesale is made in Shandong Yuncheng Ruisheng Glass Co., Ltd. Factory Outlet&amp;Global Shipping Service.\" \/>\n<meta property=\"og:url\" content=\"https:\/\/ruishengglassco.com\/de\/produkt\/rs079-500ml-glasflasche-mit-stopfen-groshandel\" \/>\n<meta property=\"article:publisher\" content=\"https:\/\/www.facebook.com\/ruishengglassbottles\" \/>\n<meta property=\"article:modified_time\" content=\"2025-09-11T08:19:06+00:00\" \/>\n<meta property=\"og:image\" content=\"https:\/\/ruishengglassco.com\/wp-content\/uploads\/2025\/03\/RS079-500ml-Glass-Bottle-With-Stopper-Wholesale.webp\" \/>\n\t<meta property=\"og:image:width\" content=\"800\" \/>\n\t<meta property=\"og:image:height\" content=\"800\" \/>\n\t<meta property=\"og:image:type\" content=\"image\/webp\" \/>\n<meta name=\"twitter:card\" content=\"summary_large_image\" \/>\n<meta name=\"twitter:label1\" content=\"Gesch\u00e4tzte Lesezeit\" \/>\n\t<meta name=\"twitter:data1\" content=\"2\u00a0Minuten\" \/>\n<script type=\"application\/ld+json\" class=\"yoast-schema-graph\">{\"@context\":\"https:\/\/schema.org\",\"@graph\":[{\"@type\":\"WebPage\",\"@id\":\"https:\/\/ruishengglassco.com\/product\/rs079-500ml-glass-bottle-with-stopper-wholesale\",\"url\":\"https:\/\/ruishengglassco.com\/product\/rs079-500ml-glass-bottle-with-stopper-wholesale\",\"name\":\"500ml Glass Bottle With Stopper Manufacturers | Unique Shape Wine Bottle\",\"isPartOf\":{\"@id\":\"https:\/\/ruishengglassco.com\/#website\"},\"datePublished\":\"2025-03-15T02:47:47+00:00\",\"dateModified\":\"2025-09-11T08:19:06+00:00\",\"description\":\"The 500ml glass bottle with stopper wholesale is made in Shandong Yuncheng Ruisheng Glass Co., Ltd. Factory Outlet&Global Shipping Service.\",\"breadcrumb\":{\"@id\":\"https:\/\/ruishengglassco.com\/product\/rs079-500ml-glass-bottle-with-stopper-wholesale#breadcrumb\"},\"inLanguage\":\"de\",\"potentialAction\":[{\"@type\":\"ReadAction\",\"target\":[\"https:\/\/ruishengglassco.com\/product\/rs079-500ml-glass-bottle-with-stopper-wholesale\"]}]},{\"@type\":\"BreadcrumbList\",\"@id\":\"https:\/\/ruishengglassco.com\/product\/rs079-500ml-glass-bottle-with-stopper-wholesale#breadcrumb\",\"itemListElement\":[{\"@type\":\"ListItem\",\"position\":1,\"name\":\"Home\",\"item\":\"https:\/\/ruishengglassco.com\/\"},{\"@type\":\"ListItem\",\"position\":2,\"name\":\"Products\",\"item\":\"https:\/\/ruishengglassco.com\/products\"},{\"@type\":\"ListItem\",\"position\":3,\"name\":\"RS079: 500ml Glass Bottle With Stopper Manufacturers\"}]},{\"@type\":\"WebSite\",\"@id\":\"https:\/\/ruishengglassco.com\/#website\",\"url\":\"https:\/\/ruishengglassco.com\/\",\"name\":\"Ruisheng Glass\",\"description\":\"\",\"publisher\":{\"@id\":\"https:\/\/ruishengglassco.com\/#organization\"},\"potentialAction\":[{\"@type\":\"SearchAction\",\"target\":{\"@type\":\"EntryPoint\",\"urlTemplate\":\"https:\/\/ruishengglassco.com\/?s={search_term_string}\"},\"query-input\":\"required name=search_term_string\"}],\"inLanguage\":\"de\"},{\"@type\":\"Organization\",\"@id\":\"https:\/\/ruishengglassco.com\/#organization\",\"name\":\"Shandong Yuncheng Ruisheng Glass Co., Ltd\",\"url\":\"https:\/\/ruishengglassco.com\/\",\"logo\":{\"@type\":\"ImageObject\",\"inLanguage\":\"de\",\"@id\":\"https:\/\/ruishengglassco.com\/#\/schema\/logo\/image\/\",\"url\":\"https:\/\/ruishengglassco.com\/wp-content\/uploads\/2023\/09\/ruisheng_logo_icon.webp\",\"contentUrl\":\"https:\/\/ruishengglassco.com\/wp-content\/uploads\/2023\/09\/ruisheng_logo_icon.webp\",\"width\":400,\"height\":233,\"caption\":\"Shandong Yuncheng Ruisheng Glass Co., Ltd\"},\"image\":{\"@id\":\"https:\/\/ruishengglassco.com\/#\/schema\/logo\/image\/\"},\"sameAs\":[\"https:\/\/www.facebook.com\/ruishengglassbottles\",\"https:\/\/www.instagram.com\/Ruishengglassbottlewholesales\/\",\"https:\/\/www.youtube.com\/channel\/UCMmbMNGwsL-XrtjfSFLCdVQ\"]}]}<\/script>\n<!-- \/ Yoast SEO plugin. -->","yoast_head_json":{"title":"500ml Glass Bottle With Stopper Manufacturers | Unique Shape Wine Bottle","description":"The 500ml glass bottle with stopper wholesale is made in Shandong Yuncheng Ruisheng Glass Co., Ltd. Factory Outlet&Global Shipping Service.","robots":{"index":"index","follow":"follow","max-snippet":"max-snippet:-1","max-image-preview":"max-image-preview:large","max-video-preview":"max-video-preview:-1"},"canonical":"https:\/\/ruishengglassco.com\/de\/produkt\/rs079-500ml-glasflasche-mit-stopfen-groshandel","og_locale":"de_DE","og_type":"article","og_title":"500ml Glass Bottle With Stopper Manufacturers | Unique Shape Wine Bottle","og_description":"The 500ml glass bottle with stopper wholesale is made in Shandong Yuncheng Ruisheng Glass Co., Ltd. Factory Outlet&Global Shipping Service.","og_url":"https:\/\/ruishengglassco.com\/de\/produkt\/rs079-500ml-glasflasche-mit-stopfen-groshandel","article_publisher":"https:\/\/www.facebook.com\/ruishengglassbottles","article_modified_time":"2025-09-11T08:19:06+00:00","og_image":[{"width":800,"height":800,"url":"https:\/\/ruishengglassco.com\/wp-content\/uploads\/2025\/03\/RS079-500ml-Glass-Bottle-With-Stopper-Wholesale.webp","type":"image\/webp"}],"twitter_card":"summary_large_image","twitter_misc":{"Gesch\u00e4tzte Lesezeit":"2\u00a0Minuten"},"schema":{"@context":"https:\/\/schema.org","@graph":[{"@type":"WebPage","@id":"https:\/\/ruishengglassco.com\/product\/rs079-500ml-glass-bottle-with-stopper-wholesale","url":"https:\/\/ruishengglassco.com\/product\/rs079-500ml-glass-bottle-with-stopper-wholesale","name":"500ml Glass Bottle With Stopper Manufacturers | Unique Shape Wine Bottle","isPartOf":{"@id":"https:\/\/ruishengglassco.com\/#website"},"datePublished":"2025-03-15T02:47:47+00:00","dateModified":"2025-09-11T08:19:06+00:00","description":"The 500ml glass bottle with stopper wholesale is made in Shandong Yuncheng Ruisheng Glass Co., Ltd. Factory Outlet&Global Shipping Service.","breadcrumb":{"@id":"https:\/\/ruishengglassco.com\/product\/rs079-500ml-glass-bottle-with-stopper-wholesale#breadcrumb"},"inLanguage":"de","potentialAction":[{"@type":"ReadAction","target":["https:\/\/ruishengglassco.com\/product\/rs079-500ml-glass-bottle-with-stopper-wholesale"]}]},{"@type":"BreadcrumbList","@id":"https:\/\/ruishengglassco.com\/product\/rs079-500ml-glass-bottle-with-stopper-wholesale#breadcrumb","itemListElement":[{"@type":"ListItem","position":1,"name":"Home","item":"https:\/\/ruishengglassco.com\/"},{"@type":"ListItem","position":2,"name":"Products","item":"https:\/\/ruishengglassco.com\/products"},{"@type":"ListItem","position":3,"name":"RS079: 500ml Glass Bottle With Stopper Manufacturers"}]},{"@type":"WebSite","@id":"https:\/\/ruishengglassco.com\/#website","url":"https:\/\/ruishengglassco.com\/","name":"Ruisheng Glass","description":"","publisher":{"@id":"https:\/\/ruishengglassco.com\/#organization"},"potentialAction":[{"@type":"SearchAction","target":{"@type":"EntryPoint","urlTemplate":"https:\/\/ruishengglassco.com\/?s={search_term_string}"},"query-input":"required name=search_term_string"}],"inLanguage":"de"},{"@type":"Organization","@id":"https:\/\/ruishengglassco.com\/#organization","name":"Shandong Yuncheng Ruisheng Glass Co., Ltd","url":"https:\/\/ruishengglassco.com\/","logo":{"@type":"ImageObject","inLanguage":"de","@id":"https:\/\/ruishengglassco.com\/#\/schema\/logo\/image\/","url":"https:\/\/ruishengglassco.com\/wp-content\/uploads\/2023\/09\/ruisheng_logo_icon.webp","contentUrl":"https:\/\/ruishengglassco.com\/wp-content\/uploads\/2023\/09\/ruisheng_logo_icon.webp","width":400,"height":233,"caption":"Shandong Yuncheng Ruisheng Glass Co., Ltd"},"image":{"@id":"https:\/\/ruishengglassco.com\/#\/schema\/logo\/image\/"},"sameAs":["https:\/\/www.facebook.com\/ruishengglassbottles","https:\/\/www.instagram.com\/Ruishengglassbottlewholesales\/","https:\/\/www.youtube.com\/channel\/UCMmbMNGwsL-XrtjfSFLCdVQ"]}]}},"_links":{"self":[{"href":"https:\/\/ruishengglassco.com\/de\/wp-json\/wp\/v2\/product\/4246","targetHints":{"allow":["GET"]}}],"collection":[{"href":"https:\/\/ruishengglassco.com\/de\/wp-json\/wp\/v2\/product"}],"about":[{"href":"https:\/\/ruishengglassco.com\/de\/wp-json\/wp\/v2\/types\/product"}],"replies":[{"embeddable":true,"href":"https:\/\/ruishengglassco.com\/de\/wp-json\/wp\/v2\/comments?post=4246"}],"wp:featuredmedia":[{"embeddable":true,"href":"https:\/\/ruishengglassco.com\/de\/wp-json\/wp\/v2\/media\/4247"}],"wp:attachment":[{"href":"https:\/\/ruishengglassco.com\/de\/wp-json\/wp\/v2\/media?parent=4246"}],"wp:term":[{"taxonomy":"product_cat","embeddable":true,"href":"https:\/\/ruishengglassco.com\/de\/wp-json\/wp\/v2\/product_cat?post=4246"}],"curies":[{"name":"wp","href":"https:\/\/api.w.org\/{rel}","templated":true}]}}