{"id":4243,"date":"2025-03-15T10:39:42","date_gmt":"2025-03-15T02:39:42","guid":{"rendered":"https:\/\/ruishengglassco.com\/?post_type=product&#038;p=4243"},"modified":"2025-03-26T14:58:31","modified_gmt":"2025-03-26T06:58:31","slug":"rs080-375ml-milchglasflasche-groshandel","status":"publish","type":"product","link":"https:\/\/ruishengglassco.com\/de\/produkt\/rs080-375ml-milchglasflasche-groshandel","title":{"rendered":"RS080: 375ml Milchglasflasche Hersteller"},"content":{"rendered":"<h2>Willkommen Ihre Gro\u00dfbestellung f\u00fcr die 375ml Milchglasflasche Hersteller<\/h2>\n<div class=\"tab_content\">\n<p>Diese Serie 375ml Milchglasflasche Gro\u00dfhandel wird von Shandong Yuncheng Ruisheng Glass Co., Ltd, einer der gr\u00f6\u00dften Glasflaschenhersteller in China gemacht. Diese runden Glasflaschen werden durch hohe Feuerstein Glasmaterial, das unsere Glasflasche mehr klar, transparent und nicht leicht zu brechen macht.<\/p>\n<p>Unsere 375ml Glasflaschen mit Korken Gro\u00dfhandel sind weit verbreitet als Glas Spirituosenflaschen, Whiskey Glasflasche, Brandy-Flasche, Wodka-Flasche, Rum-Flasche, Gin-Flasche, etc. und sie sind von der Chateau, Spirituosen Unternehmen, Glasflaschen Gro\u00dfh\u00e4ndler, Supermarkt, und Online-Shops begr\u00fc\u00dft.<\/p>\n<h2>Details \u00fcber 375ml Milchglasflaschen Hersteller<\/h2>\n<p>Die Gr\u00f6\u00dfe dieser 375ml runden Glasflaschen ist 57mm Durchmesser und 330mm H\u00f6he.  Sein Hauptmaterial ist hohes Flintglas. Und sein Gewicht ist 550g. Der Dichtungstyp dieser Flasche ist Kork. Es gibt drei Verpackungsarten f\u00fcr diese Flasche. Die erste M\u00f6glichkeit ist die Verpackung in einem Standard-Exportkarton.  Die zweite Art ist durch die Palette verpackt. Und der letzte Weg ist durch Karton und Palette verpackt.<\/p>\n<p>Unsere 375-ml-Glasflaschen mit Korken haben viele Vorteile. Zum Beispiel ist es einfach zu tragen, weil das richtige Volumen und Gr\u00f6\u00dfe. Und wir haben verschiedene Kapazit\u00e4ten dieser billigen Glasflaschen wie 375ml, 500ml, 700ml, 750ml, und 1000ml (2 oz, 4 oz, 6oz, 8oz, 16oz, 32oz, etc). Wir k\u00f6nnen alle von ihnen bieten, die Sie nach Ihren Bed\u00fcrfnissen w\u00e4hlen k\u00f6nnen. Und unsere diese einzigartige Glasflasche Gro\u00dfhandel ist umweltfreundlich, wir kennen die Bedeutung des Umweltschutzes, verwenden wir umweltfreundliches Material. Was mehr ist, haben die runden Glas Schnapsflaschen mit Korken ein sch\u00f6nes Aussehen, das mit vielen Weing\u00fctern beliebt ist.<\/p>\n<p>Unser Unternehmen verf\u00fcgt \u00fcber 2 Produktionslinien der modernsten vollautomatischen 8S-Maschine, 3 Produktionslinien von manuellen CNC-Maschinen und 4 Produktionslinien von halbautomatischen CNC-Maschinen. Unsere Fabrik hat auch 2 S\u00e4tze von IS-Maschinen. Die 8S-Maschine und die CNC-Maschinen werden zur Herstellung von erstklassigen Glasflaschen - Supperflint-Glasflaschen - verwendet. Der t\u00e4gliche Aussto\u00df betr\u00e4gt 120.000 St\u00fcck. Die IS-Maschinen werden f\u00fcr die Herstellung von Glasflaschen mittlerer Qualit\u00e4t verwendet, und ihre Tagesproduktion betr\u00e4gt 200.000 St\u00fcck.<\/p>\n<p>Wenn Sie an unseren Milchglasflaschen im Gro\u00dfhandel interessiert sind oder Lik\u00f6rflaschen mit Korken in gro\u00dfen Mengen kaufen m\u00f6chten, kontaktieren Sie uns bitte.<\/p>\n<\/div>","protected":false},"excerpt":{"rendered":"<p>Willkommen Ihre Bulk-Bestellung f\u00fcr die 375ml Milchglasflasche Hersteller Diese Serie 375ml Milchglasflasche Gro\u00dfhandel wird von Shandong Yuncheng Ruisheng Glass Co., Ltd, einer der gr\u00f6\u00dften Glasflaschenhersteller in China gemacht. Diese runden Glasflaschen werden durch hohe Feuerstein Glasmaterial, das unsere Glasflasche mehr klar, transparent und nicht...<\/p>","protected":false},"featured_media":4244,"comment_status":"closed","ping_status":"closed","template":"","meta":[],"product_cat":[55],"class_list":{"0":"post-4243","1":"product","2":"type-product","3":"status-publish","4":"has-post-thumbnail","6":"product_cat-375ml-liquor-bottle-manufacturer","8":"first","9":"instock","10":"shipping-taxable","11":"product-type-simple"},"yoast_head":"<!-- This site is optimized with the Yoast SEO plugin v22.0 - https:\/\/yoast.com\/wordpress\/plugins\/seo\/ -->\n<title>375ml Frosted Glass Bottle Manufacturers | Liquor Bottles With Corks In Bulk<\/title>\n<meta name=\"description\" content=\"Ruisheng, a famous China glass liquor bottles manufacturer, sales 375ml Frosted Glass Bottle Wholesale. If you want to buy liquor bottles with corks in bulk, click here!\" \/>\n<meta name=\"robots\" content=\"index, follow, max-snippet:-1, max-image-preview:large, max-video-preview:-1\" \/>\n<link rel=\"canonical\" href=\"https:\/\/ruishengglassco.com\/de\/produkt\/rs080-375ml-milchglasflasche-groshandel\" \/>\n<meta property=\"og:locale\" content=\"de_DE\" \/>\n<meta property=\"og:type\" content=\"article\" \/>\n<meta property=\"og:title\" content=\"375ml Frosted Glass Bottle Manufacturers | Liquor Bottles With Corks In Bulk\" \/>\n<meta property=\"og:description\" content=\"Ruisheng, a famous China glass liquor bottles manufacturer, sales 375ml Frosted Glass Bottle Wholesale. If you want to buy liquor bottles with corks in bulk, click here!\" \/>\n<meta property=\"og:url\" content=\"https:\/\/ruishengglassco.com\/de\/produkt\/rs080-375ml-milchglasflasche-groshandel\" \/>\n<meta property=\"article:publisher\" content=\"https:\/\/www.facebook.com\/ruishengglassbottles\" \/>\n<meta property=\"article:modified_time\" content=\"2025-03-26T06:58:31+00:00\" \/>\n<meta property=\"og:image\" content=\"https:\/\/ruishengglassco.com\/wp-content\/uploads\/2025\/03\/RS080-375ml-Frosted-Glass-Bottle-Wholesale.webp\" \/>\n\t<meta property=\"og:image:width\" content=\"800\" \/>\n\t<meta property=\"og:image:height\" content=\"800\" \/>\n\t<meta property=\"og:image:type\" content=\"image\/webp\" \/>\n<meta name=\"twitter:card\" content=\"summary_large_image\" \/>\n<meta name=\"twitter:label1\" content=\"Gesch\u00e4tzte Lesezeit\" \/>\n\t<meta name=\"twitter:data1\" content=\"2\u00a0Minuten\" \/>\n<script type=\"application\/ld+json\" class=\"yoast-schema-graph\">{\"@context\":\"https:\/\/schema.org\",\"@graph\":[{\"@type\":\"WebPage\",\"@id\":\"https:\/\/ruishengglassco.com\/product\/rs080-375ml-frosted-glass-bottle-wholesale\",\"url\":\"https:\/\/ruishengglassco.com\/product\/rs080-375ml-frosted-glass-bottle-wholesale\",\"name\":\"375ml Frosted Glass Bottle Manufacturers | Liquor Bottles With Corks In Bulk\",\"isPartOf\":{\"@id\":\"https:\/\/ruishengglassco.com\/#website\"},\"datePublished\":\"2025-03-15T02:39:42+00:00\",\"dateModified\":\"2025-03-26T06:58:31+00:00\",\"description\":\"Ruisheng, a famous China glass liquor bottles manufacturer, sales 375ml Frosted Glass Bottle Wholesale. If you want to buy liquor bottles with corks in bulk, click here!\",\"breadcrumb\":{\"@id\":\"https:\/\/ruishengglassco.com\/product\/rs080-375ml-frosted-glass-bottle-wholesale#breadcrumb\"},\"inLanguage\":\"de\",\"potentialAction\":[{\"@type\":\"ReadAction\",\"target\":[\"https:\/\/ruishengglassco.com\/product\/rs080-375ml-frosted-glass-bottle-wholesale\"]}]},{\"@type\":\"BreadcrumbList\",\"@id\":\"https:\/\/ruishengglassco.com\/product\/rs080-375ml-frosted-glass-bottle-wholesale#breadcrumb\",\"itemListElement\":[{\"@type\":\"ListItem\",\"position\":1,\"name\":\"Home\",\"item\":\"https:\/\/ruishengglassco.com\/\"},{\"@type\":\"ListItem\",\"position\":2,\"name\":\"Products\",\"item\":\"https:\/\/ruishengglassco.com\/products\"},{\"@type\":\"ListItem\",\"position\":3,\"name\":\"RS080: 375ml Frosted Glass Bottle Manufacturers\"}]},{\"@type\":\"WebSite\",\"@id\":\"https:\/\/ruishengglassco.com\/#website\",\"url\":\"https:\/\/ruishengglassco.com\/\",\"name\":\"Ruisheng Glass\",\"description\":\"\",\"publisher\":{\"@id\":\"https:\/\/ruishengglassco.com\/#organization\"},\"potentialAction\":[{\"@type\":\"SearchAction\",\"target\":{\"@type\":\"EntryPoint\",\"urlTemplate\":\"https:\/\/ruishengglassco.com\/?s={search_term_string}\"},\"query-input\":\"required name=search_term_string\"}],\"inLanguage\":\"de\"},{\"@type\":\"Organization\",\"@id\":\"https:\/\/ruishengglassco.com\/#organization\",\"name\":\"Shandong Yuncheng Ruisheng Glass Co., Ltd\",\"url\":\"https:\/\/ruishengglassco.com\/\",\"logo\":{\"@type\":\"ImageObject\",\"inLanguage\":\"de\",\"@id\":\"https:\/\/ruishengglassco.com\/#\/schema\/logo\/image\/\",\"url\":\"https:\/\/ruishengglassco.com\/wp-content\/uploads\/2023\/09\/ruisheng_logo_icon.webp\",\"contentUrl\":\"https:\/\/ruishengglassco.com\/wp-content\/uploads\/2023\/09\/ruisheng_logo_icon.webp\",\"width\":400,\"height\":233,\"caption\":\"Shandong Yuncheng Ruisheng Glass Co., Ltd\"},\"image\":{\"@id\":\"https:\/\/ruishengglassco.com\/#\/schema\/logo\/image\/\"},\"sameAs\":[\"https:\/\/www.facebook.com\/ruishengglassbottles\",\"https:\/\/www.instagram.com\/Ruishengglassbottlewholesales\/\",\"https:\/\/www.youtube.com\/channel\/UCMmbMNGwsL-XrtjfSFLCdVQ\"]}]}<\/script>\n<!-- \/ Yoast SEO plugin. -->","yoast_head_json":{"title":"375ml Frosted Glass Bottle Manufacturers | Liquor Bottles With Corks In Bulk","description":"Ruisheng, a famous China glass liquor bottles manufacturer, sales 375ml Frosted Glass Bottle Wholesale. If you want to buy liquor bottles with corks in bulk, click here!","robots":{"index":"index","follow":"follow","max-snippet":"max-snippet:-1","max-image-preview":"max-image-preview:large","max-video-preview":"max-video-preview:-1"},"canonical":"https:\/\/ruishengglassco.com\/de\/produkt\/rs080-375ml-milchglasflasche-groshandel","og_locale":"de_DE","og_type":"article","og_title":"375ml Frosted Glass Bottle Manufacturers | Liquor Bottles With Corks In Bulk","og_description":"Ruisheng, a famous China glass liquor bottles manufacturer, sales 375ml Frosted Glass Bottle Wholesale. If you want to buy liquor bottles with corks in bulk, click here!","og_url":"https:\/\/ruishengglassco.com\/de\/produkt\/rs080-375ml-milchglasflasche-groshandel","article_publisher":"https:\/\/www.facebook.com\/ruishengglassbottles","article_modified_time":"2025-03-26T06:58:31+00:00","og_image":[{"width":800,"height":800,"url":"https:\/\/ruishengglassco.com\/wp-content\/uploads\/2025\/03\/RS080-375ml-Frosted-Glass-Bottle-Wholesale.webp","type":"image\/webp"}],"twitter_card":"summary_large_image","twitter_misc":{"Gesch\u00e4tzte Lesezeit":"2\u00a0Minuten"},"schema":{"@context":"https:\/\/schema.org","@graph":[{"@type":"WebPage","@id":"https:\/\/ruishengglassco.com\/product\/rs080-375ml-frosted-glass-bottle-wholesale","url":"https:\/\/ruishengglassco.com\/product\/rs080-375ml-frosted-glass-bottle-wholesale","name":"375ml Frosted Glass Bottle Manufacturers | Liquor Bottles With Corks In Bulk","isPartOf":{"@id":"https:\/\/ruishengglassco.com\/#website"},"datePublished":"2025-03-15T02:39:42+00:00","dateModified":"2025-03-26T06:58:31+00:00","description":"Ruisheng, a famous China glass liquor bottles manufacturer, sales 375ml Frosted Glass Bottle Wholesale. If you want to buy liquor bottles with corks in bulk, click here!","breadcrumb":{"@id":"https:\/\/ruishengglassco.com\/product\/rs080-375ml-frosted-glass-bottle-wholesale#breadcrumb"},"inLanguage":"de","potentialAction":[{"@type":"ReadAction","target":["https:\/\/ruishengglassco.com\/product\/rs080-375ml-frosted-glass-bottle-wholesale"]}]},{"@type":"BreadcrumbList","@id":"https:\/\/ruishengglassco.com\/product\/rs080-375ml-frosted-glass-bottle-wholesale#breadcrumb","itemListElement":[{"@type":"ListItem","position":1,"name":"Home","item":"https:\/\/ruishengglassco.com\/"},{"@type":"ListItem","position":2,"name":"Products","item":"https:\/\/ruishengglassco.com\/products"},{"@type":"ListItem","position":3,"name":"RS080: 375ml Frosted Glass Bottle Manufacturers"}]},{"@type":"WebSite","@id":"https:\/\/ruishengglassco.com\/#website","url":"https:\/\/ruishengglassco.com\/","name":"Ruisheng Glass","description":"","publisher":{"@id":"https:\/\/ruishengglassco.com\/#organization"},"potentialAction":[{"@type":"SearchAction","target":{"@type":"EntryPoint","urlTemplate":"https:\/\/ruishengglassco.com\/?s={search_term_string}"},"query-input":"required name=search_term_string"}],"inLanguage":"de"},{"@type":"Organization","@id":"https:\/\/ruishengglassco.com\/#organization","name":"Shandong Yuncheng Ruisheng Glass Co., Ltd","url":"https:\/\/ruishengglassco.com\/","logo":{"@type":"ImageObject","inLanguage":"de","@id":"https:\/\/ruishengglassco.com\/#\/schema\/logo\/image\/","url":"https:\/\/ruishengglassco.com\/wp-content\/uploads\/2023\/09\/ruisheng_logo_icon.webp","contentUrl":"https:\/\/ruishengglassco.com\/wp-content\/uploads\/2023\/09\/ruisheng_logo_icon.webp","width":400,"height":233,"caption":"Shandong Yuncheng Ruisheng Glass Co., Ltd"},"image":{"@id":"https:\/\/ruishengglassco.com\/#\/schema\/logo\/image\/"},"sameAs":["https:\/\/www.facebook.com\/ruishengglassbottles","https:\/\/www.instagram.com\/Ruishengglassbottlewholesales\/","https:\/\/www.youtube.com\/channel\/UCMmbMNGwsL-XrtjfSFLCdVQ"]}]}},"_links":{"self":[{"href":"https:\/\/ruishengglassco.com\/de\/wp-json\/wp\/v2\/product\/4243","targetHints":{"allow":["GET"]}}],"collection":[{"href":"https:\/\/ruishengglassco.com\/de\/wp-json\/wp\/v2\/product"}],"about":[{"href":"https:\/\/ruishengglassco.com\/de\/wp-json\/wp\/v2\/types\/product"}],"replies":[{"embeddable":true,"href":"https:\/\/ruishengglassco.com\/de\/wp-json\/wp\/v2\/comments?post=4243"}],"wp:featuredmedia":[{"embeddable":true,"href":"https:\/\/ruishengglassco.com\/de\/wp-json\/wp\/v2\/media\/4244"}],"wp:attachment":[{"href":"https:\/\/ruishengglassco.com\/de\/wp-json\/wp\/v2\/media?parent=4243"}],"wp:term":[{"taxonomy":"product_cat","embeddable":true,"href":"https:\/\/ruishengglassco.com\/de\/wp-json\/wp\/v2\/product_cat?post=4243"}],"curies":[{"name":"wp","href":"https:\/\/api.w.org\/{rel}","templated":true}]}}