{"id":4241,"date":"2025-03-15T10:35:58","date_gmt":"2025-03-15T02:35:58","guid":{"rendered":"https:\/\/ruishengglassco.com\/?post_type=product&#038;p=4241"},"modified":"2025-03-26T14:59:50","modified_gmt":"2025-03-26T06:59:50","slug":"rs081-boston-runde-glasflaschen-lieferant","status":"publish","type":"product","link":"https:\/\/ruishengglassco.com\/de\/produkt\/rs081-boston-runde-glasflaschen-lieferant","title":{"rendered":"RS081: Boston Runde Glasflaschen Lieferant"},"content":{"rendered":"<h2 style=\"text-align: center;\">Willkommen Ihre Bulk-Bestellung f\u00fcr Boston Runde Glasflaschen Lieferant<\/h2>\n<p>Baureihe RS-069 <strong>Boston Runde Glasflaschen<\/strong>\uff08auch bekannt als <strong>Glaskolbenflaschen<\/strong>), ist von Shandong Yuncheng Ruisheng Glass Co. gemacht, Ltd, einer der gr\u00f6\u00dften Glasflaschenhersteller in China. Diese Boston runde Glasflaschen Gro\u00dfhandel sind durch hohe Feuerstein Glasmaterial, das unsere Glasflasche mehr klar, transparent und nicht leicht zu brechen macht.<\/p>\n<p>Unsere Boston-Glasflaschen sind weit verbreitet als Glasschnapsflaschen, Whiskey-Glasflaschen, Brandy-Flaschen, Wodka-Flaschen, Rum-Flaschen, Gin-Flaschen, etc. und sie werden von den Schl\u00f6ssern, Spirituosenfirmen, Glasflaschen-Gro\u00dfh\u00e4ndler, Supermarkt und Online-Shops begr\u00fc\u00dft.<\/p>\n<h2>Details \u00fcber Boston Runde Glasflaschen Lieferant<\/h2>\n<p>Die Gr\u00f6\u00dfe dieser 375ml runden Glasflaschen ist 75mm Durchmesser und 175mm H\u00f6he.  Sein Hauptmaterial ist hoch Flint Glas. Und sein Gewicht ist 420g. Der Dichtungstyp dieser Flasche ist Kork. Es gibt drei Verpackungsarten f\u00fcr diese Flasche. Die erste M\u00f6glichkeit ist die Verpackung in einem Standard-Exportkarton.  Die zweite Art ist durch die Palette verpackt. Und der letzte Weg ist durch Karton und Palette verpackt.<\/p>\n<p>Es gibt viele Vorteile f\u00fcr unsere runden Glasflaschen im Gro\u00dfhandel. Zum Beispiel ist es leicht zu tragen, weil das richtige Volumen und Gr\u00f6\u00dfe. Und wir haben verschiedene Kapazit\u00e4t dieser Lik\u00f6r Glasflaschen wie 375ml, 500ml, 700ml, 750ml, und 1000ml (2 oz, 4 oz, 6oz, 8oz, 16oz, 32oz, etc). Wir k\u00f6nnen alle von ihnen bieten, die Sie nach Ihren Bed\u00fcrfnissen w\u00e4hlen k\u00f6nnen. Und unsere diese einzigartige Glasflasche Gro\u00dfhandel sind umweltfreundlich, wir kennen die Bedeutung des Umweltschutzes, verwenden wir umweltfreundliches Material. Was mehr ist, haben die runden Glas Schnapsflaschen mit Korken ein sch\u00f6nes Aussehen, das mit vielen Weing\u00fctern beliebt ist.<\/p>\n<p>Unser Unternehmen verf\u00fcgt \u00fcber 2 Produktionslinien der modernsten vollautomatischen 8S-Maschine, 3 Produktionslinien von manuellen CNC-Maschinen und 4 Produktionslinien von halbautomatischen CNC-Maschinen. Unsere Fabrik hat auch 2 S\u00e4tze von IS-Maschinen. Die 8S-Maschine und die CNC-Maschinen werden zur Herstellung von erstklassigen Glasflaschen - Supperflint-Glasflaschen - verwendet. Der t\u00e4gliche Aussto\u00df betr\u00e4gt 120.000 St\u00fcck. Die IS-Maschinen werden f\u00fcr die Herstellung von Glasflaschen mittlerer Qualit\u00e4t verwendet, und ihre Tagesproduktion betr\u00e4gt 200.000 St\u00fcck.<\/p>\n<p>Wenn Sie an unseren Boston Round Glass Bottles Wholesale interessiert sind oder leere Alkoholflaschen in gro\u00dfen Mengen kaufen m\u00f6chten, kontaktieren Sie uns bitte.<\/p>","protected":false},"excerpt":{"rendered":"<table class=\"tg\">\n<tbody>\n<tr>\n<th class=\"tg-24i8\" colspan=\"2\">Boston Runde Glasflaschen Gro\u00dfhandel<\/th>\n<\/tr>\n<tr>\n<td class=\"tg-b7b8\">Referenz:<\/td>\n<td class=\"tg-b7b8\">RS081<\/td>\n<\/tr>\n<tr>\n<td class=\"tg-yw4l\">Hauptmaterial:<\/td>\n<td class=\"tg-yw4l\">Hochflintglas (dieses Material wird auch als kristallwei\u00dfes Glas bezeichnet)<\/td>\n<\/tr>\n<tr>\n<td class=\"tg-b7b8\">Kappe:<\/td>\n<td class=\"tg-b7b8\">Kork<\/td>\n<\/tr>\n<tr>\n<td class=\"tg-yw4l\">Kapazit\u00e4t:<\/td>\n<td class=\"tg-yw4l\">50ml, 375ml, 500ml, 750ml, etc<\/td>\n<\/tr>\n<tr>\n<td class=\"tg-b7b8\">Gewicht<\/td>\n<td class=\"tg-b7b8\">420g<\/td>\n<\/tr>\n<tr>\n<td class=\"tg-yw4l\">MOQ:<\/td>\n<td class=\"tg-yw4l\">10000 PCS<\/td>\n<\/tr>\n<tr>\n<td class=\"tg-b7b8\">H\u00f6he<\/td>\n<td class=\"tg-b7b8\">175mm<\/td>\n<\/tr>\n<tr>\n<td class=\"tg-yw4l\">Durchmesser<\/td>\n<td class=\"tg-yw4l\">75mm<\/td>\n<\/tr>\n<tr>\n<td class=\"tg-b7b8\">Herkunft des Ortes:<\/td>\n<td class=\"tg-b7b8\">Shandong, China<\/td>\n<\/tr>\n<tr>\n<td class=\"tg-yw4l\">Stck.\/Ktn:<\/td>\n<td class=\"tg-yw4l\">24 St\u00fcck oder nach Kundenwunsch<\/td>\n<\/tr>\n<\/tbody>\n<\/table>","protected":false},"featured_media":4242,"comment_status":"closed","ping_status":"closed","template":"","meta":[],"product_cat":[44,40,50],"class_list":{"0":"post-4241","1":"product","2":"type-product","3":"status-publish","4":"has-post-thumbnail","6":"product_cat-700ml-liquor-bottle-manufacturer","7":"product_cat-750ml-liquor-bottle-manufacturer","8":"product_cat-gin-bottle","10":"first","11":"instock","12":"shipping-taxable","13":"product-type-simple"},"yoast_head":"<!-- This site is optimized with the Yoast SEO plugin v22.0 - https:\/\/yoast.com\/wordpress\/plugins\/seo\/ -->\n<title>Boston Round Glass Bottles Supplier | Empty Alcohol Bottles Bulk<\/title>\n<meta name=\"description\" content=\"Factory Outlet Boston Round Glass Bottles Supplier From China Empty Alcohol Bottles Manufacturer. Quality Assurance&amp;Bulk Price.\" \/>\n<meta name=\"robots\" content=\"index, follow, max-snippet:-1, max-image-preview:large, max-video-preview:-1\" \/>\n<link rel=\"canonical\" href=\"https:\/\/ruishengglassco.com\/de\/produkt\/rs081-boston-runde-glasflaschen-lieferant\" \/>\n<meta property=\"og:locale\" content=\"de_DE\" \/>\n<meta property=\"og:type\" content=\"article\" \/>\n<meta property=\"og:title\" content=\"Boston Round Glass Bottles Supplier | Empty Alcohol Bottles Bulk\" \/>\n<meta property=\"og:description\" content=\"Factory Outlet Boston Round Glass Bottles Supplier From China Empty Alcohol Bottles Manufacturer. Quality Assurance&amp;Bulk Price.\" \/>\n<meta property=\"og:url\" content=\"https:\/\/ruishengglassco.com\/de\/produkt\/rs081-boston-runde-glasflaschen-lieferant\" \/>\n<meta property=\"article:publisher\" content=\"https:\/\/www.facebook.com\/ruishengglassbottles\" \/>\n<meta property=\"article:modified_time\" content=\"2025-03-26T06:59:50+00:00\" \/>\n<meta property=\"og:image\" content=\"https:\/\/ruishengglassco.com\/wp-content\/uploads\/2025\/03\/RS081-Boston-Round-Glass-Bottles-Wholesale.webp\" \/>\n\t<meta property=\"og:image:width\" content=\"800\" \/>\n\t<meta property=\"og:image:height\" content=\"800\" \/>\n\t<meta property=\"og:image:type\" content=\"image\/webp\" \/>\n<meta name=\"twitter:card\" content=\"summary_large_image\" \/>\n<meta name=\"twitter:label1\" content=\"Gesch\u00e4tzte Lesezeit\" \/>\n\t<meta name=\"twitter:data1\" content=\"2\u00a0Minuten\" \/>\n<script type=\"application\/ld+json\" class=\"yoast-schema-graph\">{\"@context\":\"https:\/\/schema.org\",\"@graph\":[{\"@type\":\"WebPage\",\"@id\":\"https:\/\/ruishengglassco.com\/product\/rs081-boston-round-glass-bottles-supplier\",\"url\":\"https:\/\/ruishengglassco.com\/product\/rs081-boston-round-glass-bottles-supplier\",\"name\":\"Boston Round Glass Bottles Supplier | Empty Alcohol Bottles Bulk\",\"isPartOf\":{\"@id\":\"https:\/\/ruishengglassco.com\/#website\"},\"datePublished\":\"2025-03-15T02:35:58+00:00\",\"dateModified\":\"2025-03-26T06:59:50+00:00\",\"description\":\"Factory Outlet Boston Round Glass Bottles Supplier From China Empty Alcohol Bottles Manufacturer. Quality Assurance&Bulk Price.\",\"breadcrumb\":{\"@id\":\"https:\/\/ruishengglassco.com\/product\/rs081-boston-round-glass-bottles-supplier#breadcrumb\"},\"inLanguage\":\"de\",\"potentialAction\":[{\"@type\":\"ReadAction\",\"target\":[\"https:\/\/ruishengglassco.com\/product\/rs081-boston-round-glass-bottles-supplier\"]}]},{\"@type\":\"BreadcrumbList\",\"@id\":\"https:\/\/ruishengglassco.com\/product\/rs081-boston-round-glass-bottles-supplier#breadcrumb\",\"itemListElement\":[{\"@type\":\"ListItem\",\"position\":1,\"name\":\"Home\",\"item\":\"https:\/\/ruishengglassco.com\/\"},{\"@type\":\"ListItem\",\"position\":2,\"name\":\"Products\",\"item\":\"https:\/\/ruishengglassco.com\/products\"},{\"@type\":\"ListItem\",\"position\":3,\"name\":\"RS081: Boston Round Glass Bottles Supplier\"}]},{\"@type\":\"WebSite\",\"@id\":\"https:\/\/ruishengglassco.com\/#website\",\"url\":\"https:\/\/ruishengglassco.com\/\",\"name\":\"Ruisheng Glass\",\"description\":\"\",\"publisher\":{\"@id\":\"https:\/\/ruishengglassco.com\/#organization\"},\"potentialAction\":[{\"@type\":\"SearchAction\",\"target\":{\"@type\":\"EntryPoint\",\"urlTemplate\":\"https:\/\/ruishengglassco.com\/?s={search_term_string}\"},\"query-input\":\"required name=search_term_string\"}],\"inLanguage\":\"de\"},{\"@type\":\"Organization\",\"@id\":\"https:\/\/ruishengglassco.com\/#organization\",\"name\":\"Shandong Yuncheng Ruisheng Glass Co., Ltd\",\"url\":\"https:\/\/ruishengglassco.com\/\",\"logo\":{\"@type\":\"ImageObject\",\"inLanguage\":\"de\",\"@id\":\"https:\/\/ruishengglassco.com\/#\/schema\/logo\/image\/\",\"url\":\"https:\/\/ruishengglassco.com\/wp-content\/uploads\/2023\/09\/ruisheng_logo_icon.webp\",\"contentUrl\":\"https:\/\/ruishengglassco.com\/wp-content\/uploads\/2023\/09\/ruisheng_logo_icon.webp\",\"width\":400,\"height\":233,\"caption\":\"Shandong Yuncheng Ruisheng Glass Co., Ltd\"},\"image\":{\"@id\":\"https:\/\/ruishengglassco.com\/#\/schema\/logo\/image\/\"},\"sameAs\":[\"https:\/\/www.facebook.com\/ruishengglassbottles\",\"https:\/\/www.instagram.com\/Ruishengglassbottlewholesales\/\",\"https:\/\/www.youtube.com\/channel\/UCMmbMNGwsL-XrtjfSFLCdVQ\"]}]}<\/script>\n<!-- \/ Yoast SEO plugin. -->","yoast_head_json":{"title":"Boston Round Glass Bottles Supplier | Empty Alcohol Bottles Bulk","description":"Factory Outlet Boston Round Glass Bottles Supplier From China Empty Alcohol Bottles Manufacturer. Quality Assurance&Bulk Price.","robots":{"index":"index","follow":"follow","max-snippet":"max-snippet:-1","max-image-preview":"max-image-preview:large","max-video-preview":"max-video-preview:-1"},"canonical":"https:\/\/ruishengglassco.com\/de\/produkt\/rs081-boston-runde-glasflaschen-lieferant","og_locale":"de_DE","og_type":"article","og_title":"Boston Round Glass Bottles Supplier | Empty Alcohol Bottles Bulk","og_description":"Factory Outlet Boston Round Glass Bottles Supplier From China Empty Alcohol Bottles Manufacturer. Quality Assurance&Bulk Price.","og_url":"https:\/\/ruishengglassco.com\/de\/produkt\/rs081-boston-runde-glasflaschen-lieferant","article_publisher":"https:\/\/www.facebook.com\/ruishengglassbottles","article_modified_time":"2025-03-26T06:59:50+00:00","og_image":[{"width":800,"height":800,"url":"https:\/\/ruishengglassco.com\/wp-content\/uploads\/2025\/03\/RS081-Boston-Round-Glass-Bottles-Wholesale.webp","type":"image\/webp"}],"twitter_card":"summary_large_image","twitter_misc":{"Gesch\u00e4tzte Lesezeit":"2\u00a0Minuten"},"schema":{"@context":"https:\/\/schema.org","@graph":[{"@type":"WebPage","@id":"https:\/\/ruishengglassco.com\/product\/rs081-boston-round-glass-bottles-supplier","url":"https:\/\/ruishengglassco.com\/product\/rs081-boston-round-glass-bottles-supplier","name":"Boston Round Glass Bottles Supplier | Empty Alcohol Bottles Bulk","isPartOf":{"@id":"https:\/\/ruishengglassco.com\/#website"},"datePublished":"2025-03-15T02:35:58+00:00","dateModified":"2025-03-26T06:59:50+00:00","description":"Factory Outlet Boston Round Glass Bottles Supplier From China Empty Alcohol Bottles Manufacturer. Quality Assurance&Bulk Price.","breadcrumb":{"@id":"https:\/\/ruishengglassco.com\/product\/rs081-boston-round-glass-bottles-supplier#breadcrumb"},"inLanguage":"de","potentialAction":[{"@type":"ReadAction","target":["https:\/\/ruishengglassco.com\/product\/rs081-boston-round-glass-bottles-supplier"]}]},{"@type":"BreadcrumbList","@id":"https:\/\/ruishengglassco.com\/product\/rs081-boston-round-glass-bottles-supplier#breadcrumb","itemListElement":[{"@type":"ListItem","position":1,"name":"Home","item":"https:\/\/ruishengglassco.com\/"},{"@type":"ListItem","position":2,"name":"Products","item":"https:\/\/ruishengglassco.com\/products"},{"@type":"ListItem","position":3,"name":"RS081: Boston Round Glass Bottles Supplier"}]},{"@type":"WebSite","@id":"https:\/\/ruishengglassco.com\/#website","url":"https:\/\/ruishengglassco.com\/","name":"Ruisheng Glass","description":"","publisher":{"@id":"https:\/\/ruishengglassco.com\/#organization"},"potentialAction":[{"@type":"SearchAction","target":{"@type":"EntryPoint","urlTemplate":"https:\/\/ruishengglassco.com\/?s={search_term_string}"},"query-input":"required name=search_term_string"}],"inLanguage":"de"},{"@type":"Organization","@id":"https:\/\/ruishengglassco.com\/#organization","name":"Shandong Yuncheng Ruisheng Glass Co., Ltd","url":"https:\/\/ruishengglassco.com\/","logo":{"@type":"ImageObject","inLanguage":"de","@id":"https:\/\/ruishengglassco.com\/#\/schema\/logo\/image\/","url":"https:\/\/ruishengglassco.com\/wp-content\/uploads\/2023\/09\/ruisheng_logo_icon.webp","contentUrl":"https:\/\/ruishengglassco.com\/wp-content\/uploads\/2023\/09\/ruisheng_logo_icon.webp","width":400,"height":233,"caption":"Shandong Yuncheng Ruisheng Glass Co., Ltd"},"image":{"@id":"https:\/\/ruishengglassco.com\/#\/schema\/logo\/image\/"},"sameAs":["https:\/\/www.facebook.com\/ruishengglassbottles","https:\/\/www.instagram.com\/Ruishengglassbottlewholesales\/","https:\/\/www.youtube.com\/channel\/UCMmbMNGwsL-XrtjfSFLCdVQ"]}]}},"_links":{"self":[{"href":"https:\/\/ruishengglassco.com\/de\/wp-json\/wp\/v2\/product\/4241","targetHints":{"allow":["GET"]}}],"collection":[{"href":"https:\/\/ruishengglassco.com\/de\/wp-json\/wp\/v2\/product"}],"about":[{"href":"https:\/\/ruishengglassco.com\/de\/wp-json\/wp\/v2\/types\/product"}],"replies":[{"embeddable":true,"href":"https:\/\/ruishengglassco.com\/de\/wp-json\/wp\/v2\/comments?post=4241"}],"wp:featuredmedia":[{"embeddable":true,"href":"https:\/\/ruishengglassco.com\/de\/wp-json\/wp\/v2\/media\/4242"}],"wp:attachment":[{"href":"https:\/\/ruishengglassco.com\/de\/wp-json\/wp\/v2\/media?parent=4241"}],"wp:term":[{"taxonomy":"product_cat","embeddable":true,"href":"https:\/\/ruishengglassco.com\/de\/wp-json\/wp\/v2\/product_cat?post=4241"}],"curies":[{"name":"wp","href":"https:\/\/api.w.org\/{rel}","templated":true}]}}