{"id":4239,"date":"2025-03-15T10:33:44","date_gmt":"2025-03-15T02:33:44","guid":{"rendered":"https:\/\/ruishengglassco.com\/?post_type=product&#038;p=4239"},"modified":"2025-07-17T14:04:46","modified_gmt":"2025-07-17T06:04:46","slug":"hochwertige-50ml-quadratische-glasflaschen-im-groshandel","status":"publish","type":"product","link":"https:\/\/ruishengglassco.com\/de\/produkt\/hochwertige-50ml-quadratische-glasflaschen-im-groshandel","title":{"rendered":"Top Grade 50ml Quadratische Glasflaschen Hersteller"},"content":{"rendered":"<p>Die <strong>Top Grade 50ml Glasflaschen Gro\u00dfhandel <\/strong>wird in Shandong Yuncheng Ruisheng Glass Co, Ltd. hergestellt. Unser Unternehmen ist einer der gr\u00f6\u00dften Hersteller von Super-Flint-Glasflaschen in China. Unser Unternehmen hat mehr als 500 Mitarbeiter und eine Gruppe von qualifizierten Ingenieuren. Mit reicher Erfahrung haben wir einen guten Ruf in der ganzen Welt.<\/p>\n<p>Als ein Top-Gro\u00dfhandel Spirituosenflasche mit Korken Hersteller, Ruisheng konzentriert sich auf hochwertige Glasflasche Herstellung wie Wodka-Flasche, Brandy-Flasche, Whiskey-Flasche, Lik\u00f6r-Flasche, Marmelade Flasche und so weiter. Wir k\u00f6nnen auch verschiedene Farbe Spirituosenflasche Gro\u00dfhandel wie Braunglasflaschen, gr\u00fcne Flaschen, Wei\u00dfglasflaschen, transparente Glasflaschen, etc. anbieten. Unser Hauptmarkt ist das Vereinigte K\u00f6nigreich, die USA, Australien, Kanada und viele andere L\u00e4nder. Und alle Produkte genie\u00dfen ein hohes Ansehen f\u00fcr Innovation und Funktionalit\u00e4t.<\/p>\n<p>Wir hatten im Exportgesch\u00e4ft f\u00fcr viele Jahre besch\u00e4ftigt, haben wir streng Qualit\u00e4tskontrolle und Lieferzeit, wir sind ein spezialisiertes internationales Gesch\u00e4ft Abteilung, k\u00f6nnen wir die besten vor und nach dem Verkauf Service wird Ihnen in der Zeit zu beantworten, wenn Sie einige Zweifel haben. Und wir hatten Flaschen f\u00fcr Jahre gemacht, die Flasche Preis ist Standard. Wir glauben, dass unser Preis angemessen ist, basierend auf unserer Flaschenqualit\u00e4t.<\/p>\n<p>Die hochwertige 50ml Glasflasche mit Korken wird aus hochwertigem Flintglas hergestellt, was die Glasflasche klarer, haltbarer und glatter macht.  Welche ist geeignet f\u00fcr das Paket von Schnaps, Wodka, Schnaps, Whiskey, Marmelade und so weiter.<\/p>\n<h2>Details \u00fcber Top Grade 50ml Glasflaschen Hersteller<\/h2>\n<ul>\n<li>Hauptmaterial: Glas mit hohem Feuersteinanteil<\/li>\n<li>Verschluss: Kork<\/li>\n<li>Referenz: R-0704<\/li>\n<li>MOQ: 10000 PCS<\/li>\n<li>Fassungsverm\u00f6gen: 50ml<\/li>\n<li>St\u00fcck\/Gebinde: 24 St\u00fcck<\/li>\n<li>Herkunft des Ortes: Shandong, China<\/li>\n<li>Besonderheit: Umweltfreundlich<\/li>\n<\/ul>\n<p>Und wie w\u00e4hlt man E-Liquid-Glasflaschen? W\u00e4hlen Sie die richtige Miniatur-Liquid-Flaschen Bulk, der erste ist die Qualit\u00e4t der Fl\u00fcssigkeit Flaschen, hochwertige Glasflasche ist in der Lage, Spirituosen Qualit\u00e4t zu gew\u00e4hrleisten und ihren Wert zu verbessern. Dar\u00fcber hinaus m\u00fcssen die Kunden auch die Aufmerksamkeit auf die Qualit\u00e4t der Spirituosen-Produkte, Spirituosen-Geschmack und kulturelle Propaganda zu w\u00e4hlen e Fl\u00fcssigkeit Glasflasche zu zahlen. Zus\u00e4tzliche, w\u00e4hlen und kaufen Lik\u00f6r Flasche Produkt m\u00fcssen eine regelm\u00e4\u00dfige Lik\u00f6r Flasche Hersteller w\u00e4hlen, um die Qualit\u00e4t und den Preis von Alkohol-Flaschen zu gew\u00e4hrleisten.<\/p>\n<p>Wenn Sie an unseren Top Grade 50ml Glasflaschen Gro\u00dfhandel interessiert sind, kontaktieren Sie uns bitte. Wir werden Ihnen innerhalb von 24 Stunden antworten.<\/p>","protected":false},"excerpt":{"rendered":"<p>Die hochwertige 50-ml-Glasflasche mit Korken ist aus hochwertigem Flintglas hergestellt. Dieses Glas ist klarer, haltbarer und glatter. Es ist perfekt f\u00fcr die Verpackung von Schnaps, Wodka, Brandy, Whiskey, Marmelade und mehr.<\/p>","protected":false},"featured_media":4240,"comment_status":"closed","ping_status":"closed","template":"","meta":[],"product_cat":[48],"class_list":{"0":"post-4239","1":"product","2":"type-product","3":"status-publish","4":"has-post-thumbnail","6":"product_cat-50ml-mini-liquor-bottle-manufacturer","8":"first","9":"instock","10":"shipping-taxable","11":"product-type-simple"},"yoast_head":"<!-- This site is optimized with the Yoast SEO plugin v22.0 - https:\/\/yoast.com\/wordpress\/plugins\/seo\/ -->\n<title>Top Grade 50ml Glass Bottles Manufacturers | Miniature Liquor Bottles Bulk<\/title>\n<meta name=\"description\" content=\"Buy Top Grade 50ml Glass Bottles Wholesale From China Liquor Bottle Factory. Outlet Cheap Price&amp;Free Sample. Get Miniature Liquor Bottles Bulk Price Now.\" \/>\n<meta name=\"robots\" content=\"index, follow, max-snippet:-1, max-image-preview:large, max-video-preview:-1\" \/>\n<link rel=\"canonical\" href=\"https:\/\/ruishengglassco.com\/de\/produkt\/hochwertige-50ml-quadratische-glasflaschen-im-groshandel\" \/>\n<meta property=\"og:locale\" content=\"de_DE\" \/>\n<meta property=\"og:type\" content=\"article\" \/>\n<meta property=\"og:title\" content=\"Top Grade 50ml Glass Bottles Manufacturers | Miniature Liquor Bottles Bulk\" \/>\n<meta property=\"og:description\" content=\"Buy Top Grade 50ml Glass Bottles Wholesale From China Liquor Bottle Factory. Outlet Cheap Price&amp;Free Sample. Get Miniature Liquor Bottles Bulk Price Now.\" \/>\n<meta property=\"og:url\" content=\"https:\/\/ruishengglassco.com\/de\/produkt\/hochwertige-50ml-quadratische-glasflaschen-im-groshandel\" \/>\n<meta property=\"article:publisher\" content=\"https:\/\/www.facebook.com\/ruishengglassbottles\" \/>\n<meta property=\"article:modified_time\" content=\"2025-07-17T06:04:46+00:00\" \/>\n<meta property=\"og:image\" content=\"https:\/\/ruishengglassco.com\/wp-content\/uploads\/2025\/03\/Top-Grade-50ml-Square-Glass-Bottles-Wholesale.webp\" \/>\n\t<meta property=\"og:image:width\" content=\"800\" \/>\n\t<meta property=\"og:image:height\" content=\"800\" \/>\n\t<meta property=\"og:image:type\" content=\"image\/webp\" \/>\n<meta name=\"twitter:card\" content=\"summary_large_image\" \/>\n<meta name=\"twitter:label1\" content=\"Gesch\u00e4tzte Lesezeit\" \/>\n\t<meta name=\"twitter:data1\" content=\"2\u00a0Minuten\" \/>\n<script type=\"application\/ld+json\" class=\"yoast-schema-graph\">{\"@context\":\"https:\/\/schema.org\",\"@graph\":[{\"@type\":\"WebPage\",\"@id\":\"https:\/\/ruishengglassco.com\/product\/top-grade-50ml-square-glass-bottles-wholesale\",\"url\":\"https:\/\/ruishengglassco.com\/product\/top-grade-50ml-square-glass-bottles-wholesale\",\"name\":\"Top Grade 50ml Glass Bottles Manufacturers | Miniature Liquor Bottles Bulk\",\"isPartOf\":{\"@id\":\"https:\/\/ruishengglassco.com\/#website\"},\"datePublished\":\"2025-03-15T02:33:44+00:00\",\"dateModified\":\"2025-07-17T06:04:46+00:00\",\"description\":\"Buy Top Grade 50ml Glass Bottles Wholesale From China Liquor Bottle Factory. Outlet Cheap Price&Free Sample. Get Miniature Liquor Bottles Bulk Price Now.\",\"breadcrumb\":{\"@id\":\"https:\/\/ruishengglassco.com\/product\/top-grade-50ml-square-glass-bottles-wholesale#breadcrumb\"},\"inLanguage\":\"de\",\"potentialAction\":[{\"@type\":\"ReadAction\",\"target\":[\"https:\/\/ruishengglassco.com\/product\/top-grade-50ml-square-glass-bottles-wholesale\"]}]},{\"@type\":\"BreadcrumbList\",\"@id\":\"https:\/\/ruishengglassco.com\/product\/top-grade-50ml-square-glass-bottles-wholesale#breadcrumb\",\"itemListElement\":[{\"@type\":\"ListItem\",\"position\":1,\"name\":\"Home\",\"item\":\"https:\/\/ruishengglassco.com\/\"},{\"@type\":\"ListItem\",\"position\":2,\"name\":\"Products\",\"item\":\"https:\/\/ruishengglassco.com\/products\"},{\"@type\":\"ListItem\",\"position\":3,\"name\":\"Top Grade 50ml Square Glass Bottles Manufacturers\"}]},{\"@type\":\"WebSite\",\"@id\":\"https:\/\/ruishengglassco.com\/#website\",\"url\":\"https:\/\/ruishengglassco.com\/\",\"name\":\"Ruisheng Glass\",\"description\":\"\",\"publisher\":{\"@id\":\"https:\/\/ruishengglassco.com\/#organization\"},\"potentialAction\":[{\"@type\":\"SearchAction\",\"target\":{\"@type\":\"EntryPoint\",\"urlTemplate\":\"https:\/\/ruishengglassco.com\/?s={search_term_string}\"},\"query-input\":\"required name=search_term_string\"}],\"inLanguage\":\"de\"},{\"@type\":\"Organization\",\"@id\":\"https:\/\/ruishengglassco.com\/#organization\",\"name\":\"Shandong Yuncheng Ruisheng Glass Co., Ltd\",\"url\":\"https:\/\/ruishengglassco.com\/\",\"logo\":{\"@type\":\"ImageObject\",\"inLanguage\":\"de\",\"@id\":\"https:\/\/ruishengglassco.com\/#\/schema\/logo\/image\/\",\"url\":\"https:\/\/ruishengglassco.com\/wp-content\/uploads\/2023\/09\/ruisheng_logo_icon.webp\",\"contentUrl\":\"https:\/\/ruishengglassco.com\/wp-content\/uploads\/2023\/09\/ruisheng_logo_icon.webp\",\"width\":400,\"height\":233,\"caption\":\"Shandong Yuncheng Ruisheng Glass Co., Ltd\"},\"image\":{\"@id\":\"https:\/\/ruishengglassco.com\/#\/schema\/logo\/image\/\"},\"sameAs\":[\"https:\/\/www.facebook.com\/ruishengglassbottles\",\"https:\/\/www.instagram.com\/Ruishengglassbottlewholesales\/\",\"https:\/\/www.youtube.com\/channel\/UCMmbMNGwsL-XrtjfSFLCdVQ\"]}]}<\/script>\n<!-- \/ Yoast SEO plugin. -->","yoast_head_json":{"title":"Top Grade 50ml Glass Bottles Manufacturers | Miniature Liquor Bottles Bulk","description":"Buy Top Grade 50ml Glass Bottles Wholesale From China Liquor Bottle Factory. Outlet Cheap Price&Free Sample. Get Miniature Liquor Bottles Bulk Price Now.","robots":{"index":"index","follow":"follow","max-snippet":"max-snippet:-1","max-image-preview":"max-image-preview:large","max-video-preview":"max-video-preview:-1"},"canonical":"https:\/\/ruishengglassco.com\/de\/produkt\/hochwertige-50ml-quadratische-glasflaschen-im-groshandel","og_locale":"de_DE","og_type":"article","og_title":"Top Grade 50ml Glass Bottles Manufacturers | Miniature Liquor Bottles Bulk","og_description":"Buy Top Grade 50ml Glass Bottles Wholesale From China Liquor Bottle Factory. Outlet Cheap Price&Free Sample. Get Miniature Liquor Bottles Bulk Price Now.","og_url":"https:\/\/ruishengglassco.com\/de\/produkt\/hochwertige-50ml-quadratische-glasflaschen-im-groshandel","article_publisher":"https:\/\/www.facebook.com\/ruishengglassbottles","article_modified_time":"2025-07-17T06:04:46+00:00","og_image":[{"width":800,"height":800,"url":"https:\/\/ruishengglassco.com\/wp-content\/uploads\/2025\/03\/Top-Grade-50ml-Square-Glass-Bottles-Wholesale.webp","type":"image\/webp"}],"twitter_card":"summary_large_image","twitter_misc":{"Gesch\u00e4tzte Lesezeit":"2\u00a0Minuten"},"schema":{"@context":"https:\/\/schema.org","@graph":[{"@type":"WebPage","@id":"https:\/\/ruishengglassco.com\/product\/top-grade-50ml-square-glass-bottles-wholesale","url":"https:\/\/ruishengglassco.com\/product\/top-grade-50ml-square-glass-bottles-wholesale","name":"Top Grade 50ml Glass Bottles Manufacturers | Miniature Liquor Bottles Bulk","isPartOf":{"@id":"https:\/\/ruishengglassco.com\/#website"},"datePublished":"2025-03-15T02:33:44+00:00","dateModified":"2025-07-17T06:04:46+00:00","description":"Buy Top Grade 50ml Glass Bottles Wholesale From China Liquor Bottle Factory. Outlet Cheap Price&Free Sample. Get Miniature Liquor Bottles Bulk Price Now.","breadcrumb":{"@id":"https:\/\/ruishengglassco.com\/product\/top-grade-50ml-square-glass-bottles-wholesale#breadcrumb"},"inLanguage":"de","potentialAction":[{"@type":"ReadAction","target":["https:\/\/ruishengglassco.com\/product\/top-grade-50ml-square-glass-bottles-wholesale"]}]},{"@type":"BreadcrumbList","@id":"https:\/\/ruishengglassco.com\/product\/top-grade-50ml-square-glass-bottles-wholesale#breadcrumb","itemListElement":[{"@type":"ListItem","position":1,"name":"Home","item":"https:\/\/ruishengglassco.com\/"},{"@type":"ListItem","position":2,"name":"Products","item":"https:\/\/ruishengglassco.com\/products"},{"@type":"ListItem","position":3,"name":"Top Grade 50ml Square Glass Bottles Manufacturers"}]},{"@type":"WebSite","@id":"https:\/\/ruishengglassco.com\/#website","url":"https:\/\/ruishengglassco.com\/","name":"Ruisheng Glass","description":"","publisher":{"@id":"https:\/\/ruishengglassco.com\/#organization"},"potentialAction":[{"@type":"SearchAction","target":{"@type":"EntryPoint","urlTemplate":"https:\/\/ruishengglassco.com\/?s={search_term_string}"},"query-input":"required name=search_term_string"}],"inLanguage":"de"},{"@type":"Organization","@id":"https:\/\/ruishengglassco.com\/#organization","name":"Shandong Yuncheng Ruisheng Glass Co., Ltd","url":"https:\/\/ruishengglassco.com\/","logo":{"@type":"ImageObject","inLanguage":"de","@id":"https:\/\/ruishengglassco.com\/#\/schema\/logo\/image\/","url":"https:\/\/ruishengglassco.com\/wp-content\/uploads\/2023\/09\/ruisheng_logo_icon.webp","contentUrl":"https:\/\/ruishengglassco.com\/wp-content\/uploads\/2023\/09\/ruisheng_logo_icon.webp","width":400,"height":233,"caption":"Shandong Yuncheng Ruisheng Glass Co., Ltd"},"image":{"@id":"https:\/\/ruishengglassco.com\/#\/schema\/logo\/image\/"},"sameAs":["https:\/\/www.facebook.com\/ruishengglassbottles","https:\/\/www.instagram.com\/Ruishengglassbottlewholesales\/","https:\/\/www.youtube.com\/channel\/UCMmbMNGwsL-XrtjfSFLCdVQ"]}]}},"_links":{"self":[{"href":"https:\/\/ruishengglassco.com\/de\/wp-json\/wp\/v2\/product\/4239","targetHints":{"allow":["GET"]}}],"collection":[{"href":"https:\/\/ruishengglassco.com\/de\/wp-json\/wp\/v2\/product"}],"about":[{"href":"https:\/\/ruishengglassco.com\/de\/wp-json\/wp\/v2\/types\/product"}],"replies":[{"embeddable":true,"href":"https:\/\/ruishengglassco.com\/de\/wp-json\/wp\/v2\/comments?post=4239"}],"wp:featuredmedia":[{"embeddable":true,"href":"https:\/\/ruishengglassco.com\/de\/wp-json\/wp\/v2\/media\/4240"}],"wp:attachment":[{"href":"https:\/\/ruishengglassco.com\/de\/wp-json\/wp\/v2\/media?parent=4239"}],"wp:term":[{"taxonomy":"product_cat","embeddable":true,"href":"https:\/\/ruishengglassco.com\/de\/wp-json\/wp\/v2\/product_cat?post=4239"}],"curies":[{"name":"wp","href":"https:\/\/api.w.org\/{rel}","templated":true}]}}