{"id":4237,"date":"2025-03-15T10:29:31","date_gmt":"2025-03-15T02:29:31","guid":{"rendered":"https:\/\/ruishengglassco.com\/?post_type=product&#038;p=4237"},"modified":"2025-07-17T14:03:27","modified_gmt":"2025-07-17T06:03:27","slug":"rs082-50ml-billige-kleine-tequila-flaschen-mini-tequila-flaschen-bulk","status":"publish","type":"product","link":"https:\/\/ruishengglassco.com\/de\/produkt\/rs082-50ml-billige-kleine-tequila-flaschen-mini-tequila-flaschen-bulk","title":{"rendered":"RS082: 50ml G\u00fcnstige kleine Tequila-Flaschen\/Mini Tequila-Flaschen Bulk"},"content":{"rendered":"<p><strong>50ml quadratische Glasflaschen Gro\u00dfhandel, <\/strong>Die Glasflasche ist klarer, haltbarer und glatter als andere Glasflaschen und wird haupts\u00e4chlich f\u00fcr Spirituosen, Whiskey, Wodka, Getr\u00e4nke, Wasser und andere Fl\u00fcssigkeitsverpackungen verwendet.<\/p>\n<p>Als professioneller Hersteller von Spirituosenflaschen bieten wir auch einen kundenspezifischen Glasflaschenservice an. In diesem kundenspezifischen Glasflaschenservice k\u00f6nnen Sie verschiedene Glasflaschenformen, wie runde Form, quadratische Form, Stromlinienform, Sch\u00e4delform und etc. Verschiedene Glasflaschenkapazit\u00e4ten sind verf\u00fcgbar: 50ml, 100ml, 250ml, 350ml, 500ml, 700ml, 750ml, 1000ml, 1,5 L und andere. Und wir akzeptieren auch benutzerdefinierte private Label und Logo Service. Was Sie brauchen, ist das, was wir anbieten k\u00f6nnen!<\/p>\n<h2>\u00dcber 50ml Quadrat Glasflaschen Gro\u00dfhandel<\/h2>\n<ul>\n<li>Herkunftsland\uff1aChina<\/li>\n<li>Hauptmaterial: Glas mit hohem Feuersteinanteil<\/li>\n<li>Deckel: Kork ( Wir k\u00f6nnen die Kappe in eine Schraubkappe umwandeln, wenn Sie es w\u00fcnschen )<\/li>\n<li>Referenz: RS082<\/li>\n<li>MOQ: 1x 40\u2033 GP<\/li>\n<li>Fassungsverm\u00f6gen: 50ml<\/li>\n<li>Art der Verpackung: Export Standardkarton\/Palette\/Export Standardkarton und Palette<\/li>\n<li>Herkunft des Ortes: Shandong, China<\/li>\n<li>Besonderheit: Umweltfreundlich<\/li>\n<\/ul>\n<p>Es gibt etwa mehr als 500 Mitarbeiter in unserer Fabrik, und etwa 30 QC, um die Glasflaschen Gro\u00dfhandel Qualit\u00e4t zu \u00fcberpr\u00fcfen. Alle 50ml Glasflaschen Gro\u00dfhandel werden exportiert, nachdem es die QC passiert.<\/p>\n<p>Und es gibt auch eine Gruppe von qualifizierten Ingenieuren, und sie werden die Arbeit f\u00fcr die Flasche Zeichnung, Etiketten-Design und l\u00f6sen die Fragen zwischen dem Vertrieb und Kunden. Mit der reichen Erfahrung, haben wir einen guten Ruf auf der ganzen Welt bekommen.<\/p>\n<p>Unsere Hauptprodukte sind hochwertige Glasflaschen wie Wodkaflaschen, Brandyflaschen, Whiskeyflaschen, Lik\u00f6rflaschen, Rumflaschen und so weiter. Wir k\u00f6nnen auch Braunglasflaschen, gr\u00fcne Flaschen und transparente Flaschen anbieten. Unser Hauptmarkt ist das Vereinigte K\u00f6nigreich, die USA, Australien, Frankreich usw. Und alle Produkte genie\u00dfen ein hohes Ansehen f\u00fcr Innovation und Funktionalit\u00e4t.<\/p>\n<p>Wenn Sie an unseren 50ml quadratischen Glasflaschen im Gro\u00dfhandel interessiert sind, kontaktieren Sie uns bitte. Wenn Sie benutzerdefinierte Glasflaschen machen wollen, kontaktieren Sie uns bitte auch. Wir sind sehr froh, Ihre Anfrage f\u00fcr die beste Glaswasserflasche zu erhalten.<\/p>","protected":false},"excerpt":{"rendered":"<p>Sind Sie auf der Suche nach quadratischen Mini-Glasflaschen f\u00fcr Spirituosen im Gro\u00dfhandel?  Unsere 50ml Mini-Glasflasche ist mit einer klaren, transparenten, quadratischen Form gef\u00fcllt. Mit einer Breite von 90 Zentimetern, ist es einfach zu halten. Die kleine Form ist unwiderstehlich und auch bequem f\u00fcr die Menschen zu trinken aus. Wenn Sie mehr \u00fcber unsere Mini quadratische Glasflaschen Gro\u00dfhandel wissen wollen, bitte hinterlassen Sie eine Nachricht f\u00fcr uns.<\/p>","protected":false},"featured_media":4238,"comment_status":"closed","ping_status":"closed","template":"","meta":[],"product_cat":[48,52,56],"class_list":{"0":"post-4237","1":"product","2":"type-product","3":"status-publish","4":"has-post-thumbnail","6":"product_cat-50ml-mini-liquor-bottle-manufacturer","7":"product_cat-vodka-bottle","8":"product_cat-xo-brandy-bottle","10":"first","11":"instock","12":"shipping-taxable","13":"product-type-simple"},"yoast_head":"<!-- This site is optimized with the Yoast SEO plugin v22.0 - https:\/\/yoast.com\/wordpress\/plugins\/seo\/ -->\n<title>50ml Square Glass Bottles Wholesale | Cheap Liquor Bottle Supplier<\/title>\n<meta name=\"description\" content=\"Buy 50ml Square Glass Bottles Wholesale From China Cheap Liquor Bottle Supplier. Factory Outlet&amp;Quality Assurance. Free Sample Here.\" \/>\n<meta name=\"robots\" content=\"index, follow, max-snippet:-1, max-image-preview:large, max-video-preview:-1\" \/>\n<link rel=\"canonical\" href=\"https:\/\/ruishengglassco.com\/de\/produkt\/rs082-50ml-billige-kleine-tequila-flaschen-mini-tequila-flaschen-bulk\" \/>\n<meta property=\"og:locale\" content=\"de_DE\" \/>\n<meta property=\"og:type\" content=\"article\" \/>\n<meta property=\"og:title\" content=\"50ml Square Glass Bottles Wholesale | Cheap Liquor Bottle Supplier\" \/>\n<meta property=\"og:description\" content=\"Buy 50ml Square Glass Bottles Wholesale From China Cheap Liquor Bottle Supplier. Factory Outlet&amp;Quality Assurance. Free Sample Here.\" \/>\n<meta property=\"og:url\" content=\"https:\/\/ruishengglassco.com\/de\/produkt\/rs082-50ml-billige-kleine-tequila-flaschen-mini-tequila-flaschen-bulk\" \/>\n<meta property=\"article:publisher\" content=\"https:\/\/www.facebook.com\/ruishengglassbottles\" \/>\n<meta property=\"article:modified_time\" content=\"2025-07-17T06:03:27+00:00\" \/>\n<meta property=\"og:image\" content=\"https:\/\/ruishengglassco.com\/wp-content\/uploads\/2025\/03\/RS082-50ml-Cheap-Little-Tequila-Bottles-Mini-Tequila-Bottles-Bulk.webp\" \/>\n\t<meta property=\"og:image:width\" content=\"800\" \/>\n\t<meta property=\"og:image:height\" content=\"800\" \/>\n\t<meta property=\"og:image:type\" content=\"image\/webp\" \/>\n<meta name=\"twitter:card\" content=\"summary_large_image\" \/>\n<meta name=\"twitter:label1\" content=\"Gesch\u00e4tzte Lesezeit\" \/>\n\t<meta name=\"twitter:data1\" content=\"2\u00a0Minuten\" \/>\n<script type=\"application\/ld+json\" class=\"yoast-schema-graph\">{\"@context\":\"https:\/\/schema.org\",\"@graph\":[{\"@type\":\"WebPage\",\"@id\":\"https:\/\/ruishengglassco.com\/product\/rs082-50ml-cheap-little-tequila-bottles-mini-tequila-bottles-bulk\",\"url\":\"https:\/\/ruishengglassco.com\/product\/rs082-50ml-cheap-little-tequila-bottles-mini-tequila-bottles-bulk\",\"name\":\"50ml Square Glass Bottles Wholesale | Cheap Liquor Bottle Supplier\",\"isPartOf\":{\"@id\":\"https:\/\/ruishengglassco.com\/#website\"},\"datePublished\":\"2025-03-15T02:29:31+00:00\",\"dateModified\":\"2025-07-17T06:03:27+00:00\",\"description\":\"Buy 50ml Square Glass Bottles Wholesale From China Cheap Liquor Bottle Supplier. Factory Outlet&Quality Assurance. Free Sample Here.\",\"breadcrumb\":{\"@id\":\"https:\/\/ruishengglassco.com\/product\/rs082-50ml-cheap-little-tequila-bottles-mini-tequila-bottles-bulk#breadcrumb\"},\"inLanguage\":\"de\",\"potentialAction\":[{\"@type\":\"ReadAction\",\"target\":[\"https:\/\/ruishengglassco.com\/product\/rs082-50ml-cheap-little-tequila-bottles-mini-tequila-bottles-bulk\"]}]},{\"@type\":\"BreadcrumbList\",\"@id\":\"https:\/\/ruishengglassco.com\/product\/rs082-50ml-cheap-little-tequila-bottles-mini-tequila-bottles-bulk#breadcrumb\",\"itemListElement\":[{\"@type\":\"ListItem\",\"position\":1,\"name\":\"Home\",\"item\":\"https:\/\/ruishengglassco.com\/\"},{\"@type\":\"ListItem\",\"position\":2,\"name\":\"Products\",\"item\":\"https:\/\/ruishengglassco.com\/products\"},{\"@type\":\"ListItem\",\"position\":3,\"name\":\"RS082: 50ml Cheap Little Tequila Bottles\/Mini Tequila Bottles Bulk\"}]},{\"@type\":\"WebSite\",\"@id\":\"https:\/\/ruishengglassco.com\/#website\",\"url\":\"https:\/\/ruishengglassco.com\/\",\"name\":\"Ruisheng Glass\",\"description\":\"\",\"publisher\":{\"@id\":\"https:\/\/ruishengglassco.com\/#organization\"},\"potentialAction\":[{\"@type\":\"SearchAction\",\"target\":{\"@type\":\"EntryPoint\",\"urlTemplate\":\"https:\/\/ruishengglassco.com\/?s={search_term_string}\"},\"query-input\":\"required name=search_term_string\"}],\"inLanguage\":\"de\"},{\"@type\":\"Organization\",\"@id\":\"https:\/\/ruishengglassco.com\/#organization\",\"name\":\"Shandong Yuncheng Ruisheng Glass Co., Ltd\",\"url\":\"https:\/\/ruishengglassco.com\/\",\"logo\":{\"@type\":\"ImageObject\",\"inLanguage\":\"de\",\"@id\":\"https:\/\/ruishengglassco.com\/#\/schema\/logo\/image\/\",\"url\":\"https:\/\/ruishengglassco.com\/wp-content\/uploads\/2023\/09\/ruisheng_logo_icon.webp\",\"contentUrl\":\"https:\/\/ruishengglassco.com\/wp-content\/uploads\/2023\/09\/ruisheng_logo_icon.webp\",\"width\":400,\"height\":233,\"caption\":\"Shandong Yuncheng Ruisheng Glass Co., Ltd\"},\"image\":{\"@id\":\"https:\/\/ruishengglassco.com\/#\/schema\/logo\/image\/\"},\"sameAs\":[\"https:\/\/www.facebook.com\/ruishengglassbottles\",\"https:\/\/www.instagram.com\/Ruishengglassbottlewholesales\/\",\"https:\/\/www.youtube.com\/channel\/UCMmbMNGwsL-XrtjfSFLCdVQ\"]}]}<\/script>\n<!-- \/ Yoast SEO plugin. -->","yoast_head_json":{"title":"50ml Square Glass Bottles Wholesale | Cheap Liquor Bottle Supplier","description":"Buy 50ml Square Glass Bottles Wholesale From China Cheap Liquor Bottle Supplier. Factory Outlet&Quality Assurance. Free Sample Here.","robots":{"index":"index","follow":"follow","max-snippet":"max-snippet:-1","max-image-preview":"max-image-preview:large","max-video-preview":"max-video-preview:-1"},"canonical":"https:\/\/ruishengglassco.com\/de\/produkt\/rs082-50ml-billige-kleine-tequila-flaschen-mini-tequila-flaschen-bulk","og_locale":"de_DE","og_type":"article","og_title":"50ml Square Glass Bottles Wholesale | Cheap Liquor Bottle Supplier","og_description":"Buy 50ml Square Glass Bottles Wholesale From China Cheap Liquor Bottle Supplier. Factory Outlet&Quality Assurance. Free Sample Here.","og_url":"https:\/\/ruishengglassco.com\/de\/produkt\/rs082-50ml-billige-kleine-tequila-flaschen-mini-tequila-flaschen-bulk","article_publisher":"https:\/\/www.facebook.com\/ruishengglassbottles","article_modified_time":"2025-07-17T06:03:27+00:00","og_image":[{"width":800,"height":800,"url":"https:\/\/ruishengglassco.com\/wp-content\/uploads\/2025\/03\/RS082-50ml-Cheap-Little-Tequila-Bottles-Mini-Tequila-Bottles-Bulk.webp","type":"image\/webp"}],"twitter_card":"summary_large_image","twitter_misc":{"Gesch\u00e4tzte Lesezeit":"2\u00a0Minuten"},"schema":{"@context":"https:\/\/schema.org","@graph":[{"@type":"WebPage","@id":"https:\/\/ruishengglassco.com\/product\/rs082-50ml-cheap-little-tequila-bottles-mini-tequila-bottles-bulk","url":"https:\/\/ruishengglassco.com\/product\/rs082-50ml-cheap-little-tequila-bottles-mini-tequila-bottles-bulk","name":"50ml Square Glass Bottles Wholesale | Cheap Liquor Bottle Supplier","isPartOf":{"@id":"https:\/\/ruishengglassco.com\/#website"},"datePublished":"2025-03-15T02:29:31+00:00","dateModified":"2025-07-17T06:03:27+00:00","description":"Buy 50ml Square Glass Bottles Wholesale From China Cheap Liquor Bottle Supplier. Factory Outlet&Quality Assurance. Free Sample Here.","breadcrumb":{"@id":"https:\/\/ruishengglassco.com\/product\/rs082-50ml-cheap-little-tequila-bottles-mini-tequila-bottles-bulk#breadcrumb"},"inLanguage":"de","potentialAction":[{"@type":"ReadAction","target":["https:\/\/ruishengglassco.com\/product\/rs082-50ml-cheap-little-tequila-bottles-mini-tequila-bottles-bulk"]}]},{"@type":"BreadcrumbList","@id":"https:\/\/ruishengglassco.com\/product\/rs082-50ml-cheap-little-tequila-bottles-mini-tequila-bottles-bulk#breadcrumb","itemListElement":[{"@type":"ListItem","position":1,"name":"Home","item":"https:\/\/ruishengglassco.com\/"},{"@type":"ListItem","position":2,"name":"Products","item":"https:\/\/ruishengglassco.com\/products"},{"@type":"ListItem","position":3,"name":"RS082: 50ml Cheap Little Tequila Bottles\/Mini Tequila Bottles Bulk"}]},{"@type":"WebSite","@id":"https:\/\/ruishengglassco.com\/#website","url":"https:\/\/ruishengglassco.com\/","name":"Ruisheng Glass","description":"","publisher":{"@id":"https:\/\/ruishengglassco.com\/#organization"},"potentialAction":[{"@type":"SearchAction","target":{"@type":"EntryPoint","urlTemplate":"https:\/\/ruishengglassco.com\/?s={search_term_string}"},"query-input":"required name=search_term_string"}],"inLanguage":"de"},{"@type":"Organization","@id":"https:\/\/ruishengglassco.com\/#organization","name":"Shandong Yuncheng Ruisheng Glass Co., Ltd","url":"https:\/\/ruishengglassco.com\/","logo":{"@type":"ImageObject","inLanguage":"de","@id":"https:\/\/ruishengglassco.com\/#\/schema\/logo\/image\/","url":"https:\/\/ruishengglassco.com\/wp-content\/uploads\/2023\/09\/ruisheng_logo_icon.webp","contentUrl":"https:\/\/ruishengglassco.com\/wp-content\/uploads\/2023\/09\/ruisheng_logo_icon.webp","width":400,"height":233,"caption":"Shandong Yuncheng Ruisheng Glass Co., Ltd"},"image":{"@id":"https:\/\/ruishengglassco.com\/#\/schema\/logo\/image\/"},"sameAs":["https:\/\/www.facebook.com\/ruishengglassbottles","https:\/\/www.instagram.com\/Ruishengglassbottlewholesales\/","https:\/\/www.youtube.com\/channel\/UCMmbMNGwsL-XrtjfSFLCdVQ"]}]}},"_links":{"self":[{"href":"https:\/\/ruishengglassco.com\/de\/wp-json\/wp\/v2\/product\/4237","targetHints":{"allow":["GET"]}}],"collection":[{"href":"https:\/\/ruishengglassco.com\/de\/wp-json\/wp\/v2\/product"}],"about":[{"href":"https:\/\/ruishengglassco.com\/de\/wp-json\/wp\/v2\/types\/product"}],"replies":[{"embeddable":true,"href":"https:\/\/ruishengglassco.com\/de\/wp-json\/wp\/v2\/comments?post=4237"}],"wp:featuredmedia":[{"embeddable":true,"href":"https:\/\/ruishengglassco.com\/de\/wp-json\/wp\/v2\/media\/4238"}],"wp:attachment":[{"href":"https:\/\/ruishengglassco.com\/de\/wp-json\/wp\/v2\/media?parent=4237"}],"wp:term":[{"taxonomy":"product_cat","embeddable":true,"href":"https:\/\/ruishengglassco.com\/de\/wp-json\/wp\/v2\/product_cat?post=4237"}],"curies":[{"name":"wp","href":"https:\/\/api.w.org\/{rel}","templated":true}]}}