{"id":4235,"date":"2025-03-15T10:23:40","date_gmt":"2025-03-15T02:23:40","guid":{"rendered":"https:\/\/ruishengglassco.com\/?post_type=product&#038;p=4235"},"modified":"2025-07-17T14:02:11","modified_gmt":"2025-07-17T06:02:11","slug":"rs083-50ml-klare-mini-glasflaschen-groshandel","status":"publish","type":"product","link":"https:\/\/ruishengglassco.com\/de\/produkt\/rs083-50ml-klare-mini-glasflaschen-groshandel","title":{"rendered":"RS083: 50ml klare Mini-Glasflaschen Hersteller"},"content":{"rendered":"<p>Shandong Yuncheng Ruisheng Glass Co, Ltd, einer der gr\u00f6\u00dften Glasflaschenhersteller in China, verkauft 50ml klare Lik\u00f6rflaschen im Gro\u00dfhandel f\u00fcr Marken, Unternehmen, Glasflaschenlieferanten, Gro\u00dfh\u00e4ndler, Verteiler und etc.<\/p>\n<p>Wir sind spezialisiert auf den Export von Wei\u00dfglasflaschen, z.B. Wodka, Whiskey, Brandy, Lik\u00f6r, Wasser, \u00d6l, Getr\u00e4nke und andere Flaschen. Au\u00dferdem haben unsere Produkte eine hohe Qualit\u00e4t und einen angemessenen Preis. Wir haben Partnerschaften mit den USA, Russland, dem Nahen Osten und s\u00fcdostasiatischen L\u00e4ndern, willkommen zu OEM\/ODM. Wir freuen uns \u00fcber jede R\u00fcckmeldung.<\/p>\n<p>Die 50ml Klarglas Schnapsflaschen mit Korken sind aus hochwertigem Flintglas hergestellt, was unsere Glasflasche klarer, transparenter und nicht leicht zu brechen macht. Wenn Sie das Design dieser Flasche m\u00f6gen, aber nicht zufrieden mit seiner Kapazit\u00e4t, dann k\u00f6nnen wir die Kapazit\u00e4t nach Ihren Anforderungen \u00e4ndern.<\/p>\n<h2>Details \u00fcber 50ml klare Lik\u00f6rflaschen Hersteller<\/h2>\n<ul>\n<li><strong>Marke:<\/strong> Ruisheng<\/li>\n<li><strong>Hauptmaterial:<\/strong> Hochwertiges Flintglas<\/li>\n<li><strong>Hauptfarbe:<\/strong> Transparent<\/li>\n<li><strong>Die Form:\u00a0 <\/strong>Quadratische Lik\u00f6rflaschen<\/li>\n<li><strong>Kapazit\u00e4t:<\/strong> 50ml<\/li>\n<li><strong>Art der Versiegelung:\u00a0 <\/strong>Schraubverschluss\/Kork<\/li>\n<li><strong>Merkmal:<\/strong> Umweltfreundlich<\/li>\n<li><strong>Stck.\/Ktn:<\/strong> 24St\u00fcck<\/li>\n<li><strong>MOQ:<\/strong> 1x40GP<\/li>\n<\/ul>\n<p>Wenn Sie denken, dass diese Mini-Spirituosenflaschen lose ist gut, kontaktieren Sie mich bitte in der Zeit. Allerdings, wenn Sie es nicht m\u00f6gen, k\u00f6nnen Sie auf unsere anderen Flaschen zu suchen. Oder ich gebe Ihnen den Katalog, Sie k\u00f6nnen w\u00e4hlen, was Sie m\u00f6gen. Wenn Sie an dieser Klarglasflasche interessiert sind, kontaktieren Sie uns bitte. Wir werden Ihnen innerhalb von 24 Stunden antworten. Es wird uns eine gro\u00dfe Freude sein, wenn wir Ihnen in naher Zukunft zu Diensten sein k\u00f6nnen!<\/p>\n<p>&nbsp;<\/p>\n<p style=\"text-align: center;\">","protected":false},"excerpt":{"rendered":"<p>Diese Art von Flaschen wird in Shandong Yuncheng Ruisheng Glass Co. hergestellt, einem der gr\u00f6\u00dften Glasflaschenhersteller in China.<\/p>","protected":false},"featured_media":4236,"comment_status":"closed","ping_status":"closed","template":"","meta":[],"product_cat":[48],"class_list":{"0":"post-4235","1":"product","2":"type-product","3":"status-publish","4":"has-post-thumbnail","6":"product_cat-50ml-mini-liquor-bottle-manufacturer","8":"first","9":"instock","10":"shipping-taxable","11":"product-type-simple"},"yoast_head":"<!-- This site is optimized with the Yoast SEO plugin v22.0 - https:\/\/yoast.com\/wordpress\/plugins\/seo\/ -->\n<title>50ml Clear Liquor Bottles Manufacturers | Mini Spirits Bottles Bulk<\/title>\n<meta name=\"description\" content=\"Buy 50ml Clear Liquor Bottles Wholesale In Factory Outlet Price. China Glass Bottle Manufacturer, Sales Mini Spirits Bottles Bulk Around The World.\" \/>\n<meta name=\"robots\" content=\"index, follow, max-snippet:-1, max-image-preview:large, max-video-preview:-1\" \/>\n<link rel=\"canonical\" href=\"https:\/\/ruishengglassco.com\/de\/produkt\/rs083-50ml-klare-mini-glasflaschen-groshandel\" \/>\n<meta property=\"og:locale\" content=\"de_DE\" \/>\n<meta property=\"og:type\" content=\"article\" \/>\n<meta property=\"og:title\" content=\"50ml Clear Liquor Bottles Manufacturers | Mini Spirits Bottles Bulk\" \/>\n<meta property=\"og:description\" content=\"Buy 50ml Clear Liquor Bottles Wholesale In Factory Outlet Price. China Glass Bottle Manufacturer, Sales Mini Spirits Bottles Bulk Around The World.\" \/>\n<meta property=\"og:url\" content=\"https:\/\/ruishengglassco.com\/de\/produkt\/rs083-50ml-klare-mini-glasflaschen-groshandel\" \/>\n<meta property=\"article:publisher\" content=\"https:\/\/www.facebook.com\/ruishengglassbottles\" \/>\n<meta property=\"article:modified_time\" content=\"2025-07-17T06:02:11+00:00\" \/>\n<meta property=\"og:image\" content=\"https:\/\/ruishengglassco.com\/wp-content\/uploads\/2025\/03\/RS083-50ml-Clear-Mini-Glass-Bottles-Wholesale.webp\" \/>\n\t<meta property=\"og:image:width\" content=\"800\" \/>\n\t<meta property=\"og:image:height\" content=\"800\" \/>\n\t<meta property=\"og:image:type\" content=\"image\/webp\" \/>\n<meta name=\"twitter:card\" content=\"summary_large_image\" \/>\n<meta name=\"twitter:label1\" content=\"Gesch\u00e4tzte Lesezeit\" \/>\n\t<meta name=\"twitter:data1\" content=\"2\u00a0Minuten\" \/>\n<script type=\"application\/ld+json\" class=\"yoast-schema-graph\">{\"@context\":\"https:\/\/schema.org\",\"@graph\":[{\"@type\":\"WebPage\",\"@id\":\"https:\/\/ruishengglassco.com\/product\/rs083-50ml-clear-mini-glass-bottles-wholesale\",\"url\":\"https:\/\/ruishengglassco.com\/product\/rs083-50ml-clear-mini-glass-bottles-wholesale\",\"name\":\"50ml Clear Liquor Bottles Manufacturers | Mini Spirits Bottles Bulk\",\"isPartOf\":{\"@id\":\"https:\/\/ruishengglassco.com\/#website\"},\"datePublished\":\"2025-03-15T02:23:40+00:00\",\"dateModified\":\"2025-07-17T06:02:11+00:00\",\"description\":\"Buy 50ml Clear Liquor Bottles Wholesale In Factory Outlet Price. China Glass Bottle Manufacturer, Sales Mini Spirits Bottles Bulk Around The World.\",\"breadcrumb\":{\"@id\":\"https:\/\/ruishengglassco.com\/product\/rs083-50ml-clear-mini-glass-bottles-wholesale#breadcrumb\"},\"inLanguage\":\"de\",\"potentialAction\":[{\"@type\":\"ReadAction\",\"target\":[\"https:\/\/ruishengglassco.com\/product\/rs083-50ml-clear-mini-glass-bottles-wholesale\"]}]},{\"@type\":\"BreadcrumbList\",\"@id\":\"https:\/\/ruishengglassco.com\/product\/rs083-50ml-clear-mini-glass-bottles-wholesale#breadcrumb\",\"itemListElement\":[{\"@type\":\"ListItem\",\"position\":1,\"name\":\"Home\",\"item\":\"https:\/\/ruishengglassco.com\/\"},{\"@type\":\"ListItem\",\"position\":2,\"name\":\"Products\",\"item\":\"https:\/\/ruishengglassco.com\/products\"},{\"@type\":\"ListItem\",\"position\":3,\"name\":\"RS083: 50ml Clear Mini Glass Bottles Manufacturers\"}]},{\"@type\":\"WebSite\",\"@id\":\"https:\/\/ruishengglassco.com\/#website\",\"url\":\"https:\/\/ruishengglassco.com\/\",\"name\":\"Ruisheng Glass\",\"description\":\"\",\"publisher\":{\"@id\":\"https:\/\/ruishengglassco.com\/#organization\"},\"potentialAction\":[{\"@type\":\"SearchAction\",\"target\":{\"@type\":\"EntryPoint\",\"urlTemplate\":\"https:\/\/ruishengglassco.com\/?s={search_term_string}\"},\"query-input\":\"required name=search_term_string\"}],\"inLanguage\":\"de\"},{\"@type\":\"Organization\",\"@id\":\"https:\/\/ruishengglassco.com\/#organization\",\"name\":\"Shandong Yuncheng Ruisheng Glass Co., Ltd\",\"url\":\"https:\/\/ruishengglassco.com\/\",\"logo\":{\"@type\":\"ImageObject\",\"inLanguage\":\"de\",\"@id\":\"https:\/\/ruishengglassco.com\/#\/schema\/logo\/image\/\",\"url\":\"https:\/\/ruishengglassco.com\/wp-content\/uploads\/2023\/09\/ruisheng_logo_icon.webp\",\"contentUrl\":\"https:\/\/ruishengglassco.com\/wp-content\/uploads\/2023\/09\/ruisheng_logo_icon.webp\",\"width\":400,\"height\":233,\"caption\":\"Shandong Yuncheng Ruisheng Glass Co., Ltd\"},\"image\":{\"@id\":\"https:\/\/ruishengglassco.com\/#\/schema\/logo\/image\/\"},\"sameAs\":[\"https:\/\/www.facebook.com\/ruishengglassbottles\",\"https:\/\/www.instagram.com\/Ruishengglassbottlewholesales\/\",\"https:\/\/www.youtube.com\/channel\/UCMmbMNGwsL-XrtjfSFLCdVQ\"]}]}<\/script>\n<!-- \/ Yoast SEO plugin. -->","yoast_head_json":{"title":"50ml Clear Liquor Bottles Manufacturers | Mini Spirits Bottles Bulk","description":"Buy 50ml Clear Liquor Bottles Wholesale In Factory Outlet Price. China Glass Bottle Manufacturer, Sales Mini Spirits Bottles Bulk Around The World.","robots":{"index":"index","follow":"follow","max-snippet":"max-snippet:-1","max-image-preview":"max-image-preview:large","max-video-preview":"max-video-preview:-1"},"canonical":"https:\/\/ruishengglassco.com\/de\/produkt\/rs083-50ml-klare-mini-glasflaschen-groshandel","og_locale":"de_DE","og_type":"article","og_title":"50ml Clear Liquor Bottles Manufacturers | Mini Spirits Bottles Bulk","og_description":"Buy 50ml Clear Liquor Bottles Wholesale In Factory Outlet Price. China Glass Bottle Manufacturer, Sales Mini Spirits Bottles Bulk Around The World.","og_url":"https:\/\/ruishengglassco.com\/de\/produkt\/rs083-50ml-klare-mini-glasflaschen-groshandel","article_publisher":"https:\/\/www.facebook.com\/ruishengglassbottles","article_modified_time":"2025-07-17T06:02:11+00:00","og_image":[{"width":800,"height":800,"url":"https:\/\/ruishengglassco.com\/wp-content\/uploads\/2025\/03\/RS083-50ml-Clear-Mini-Glass-Bottles-Wholesale.webp","type":"image\/webp"}],"twitter_card":"summary_large_image","twitter_misc":{"Gesch\u00e4tzte Lesezeit":"2\u00a0Minuten"},"schema":{"@context":"https:\/\/schema.org","@graph":[{"@type":"WebPage","@id":"https:\/\/ruishengglassco.com\/product\/rs083-50ml-clear-mini-glass-bottles-wholesale","url":"https:\/\/ruishengglassco.com\/product\/rs083-50ml-clear-mini-glass-bottles-wholesale","name":"50ml Clear Liquor Bottles Manufacturers | Mini Spirits Bottles Bulk","isPartOf":{"@id":"https:\/\/ruishengglassco.com\/#website"},"datePublished":"2025-03-15T02:23:40+00:00","dateModified":"2025-07-17T06:02:11+00:00","description":"Buy 50ml Clear Liquor Bottles Wholesale In Factory Outlet Price. China Glass Bottle Manufacturer, Sales Mini Spirits Bottles Bulk Around The World.","breadcrumb":{"@id":"https:\/\/ruishengglassco.com\/product\/rs083-50ml-clear-mini-glass-bottles-wholesale#breadcrumb"},"inLanguage":"de","potentialAction":[{"@type":"ReadAction","target":["https:\/\/ruishengglassco.com\/product\/rs083-50ml-clear-mini-glass-bottles-wholesale"]}]},{"@type":"BreadcrumbList","@id":"https:\/\/ruishengglassco.com\/product\/rs083-50ml-clear-mini-glass-bottles-wholesale#breadcrumb","itemListElement":[{"@type":"ListItem","position":1,"name":"Home","item":"https:\/\/ruishengglassco.com\/"},{"@type":"ListItem","position":2,"name":"Products","item":"https:\/\/ruishengglassco.com\/products"},{"@type":"ListItem","position":3,"name":"RS083: 50ml Clear Mini Glass Bottles Manufacturers"}]},{"@type":"WebSite","@id":"https:\/\/ruishengglassco.com\/#website","url":"https:\/\/ruishengglassco.com\/","name":"Ruisheng Glass","description":"","publisher":{"@id":"https:\/\/ruishengglassco.com\/#organization"},"potentialAction":[{"@type":"SearchAction","target":{"@type":"EntryPoint","urlTemplate":"https:\/\/ruishengglassco.com\/?s={search_term_string}"},"query-input":"required name=search_term_string"}],"inLanguage":"de"},{"@type":"Organization","@id":"https:\/\/ruishengglassco.com\/#organization","name":"Shandong Yuncheng Ruisheng Glass Co., Ltd","url":"https:\/\/ruishengglassco.com\/","logo":{"@type":"ImageObject","inLanguage":"de","@id":"https:\/\/ruishengglassco.com\/#\/schema\/logo\/image\/","url":"https:\/\/ruishengglassco.com\/wp-content\/uploads\/2023\/09\/ruisheng_logo_icon.webp","contentUrl":"https:\/\/ruishengglassco.com\/wp-content\/uploads\/2023\/09\/ruisheng_logo_icon.webp","width":400,"height":233,"caption":"Shandong Yuncheng Ruisheng Glass Co., Ltd"},"image":{"@id":"https:\/\/ruishengglassco.com\/#\/schema\/logo\/image\/"},"sameAs":["https:\/\/www.facebook.com\/ruishengglassbottles","https:\/\/www.instagram.com\/Ruishengglassbottlewholesales\/","https:\/\/www.youtube.com\/channel\/UCMmbMNGwsL-XrtjfSFLCdVQ"]}]}},"_links":{"self":[{"href":"https:\/\/ruishengglassco.com\/de\/wp-json\/wp\/v2\/product\/4235","targetHints":{"allow":["GET"]}}],"collection":[{"href":"https:\/\/ruishengglassco.com\/de\/wp-json\/wp\/v2\/product"}],"about":[{"href":"https:\/\/ruishengglassco.com\/de\/wp-json\/wp\/v2\/types\/product"}],"replies":[{"embeddable":true,"href":"https:\/\/ruishengglassco.com\/de\/wp-json\/wp\/v2\/comments?post=4235"}],"wp:featuredmedia":[{"embeddable":true,"href":"https:\/\/ruishengglassco.com\/de\/wp-json\/wp\/v2\/media\/4236"}],"wp:attachment":[{"href":"https:\/\/ruishengglassco.com\/de\/wp-json\/wp\/v2\/media?parent=4235"}],"wp:term":[{"taxonomy":"product_cat","embeddable":true,"href":"https:\/\/ruishengglassco.com\/de\/wp-json\/wp\/v2\/product_cat?post=4235"}],"curies":[{"name":"wp","href":"https:\/\/api.w.org\/{rel}","templated":true}]}}