{"id":4232,"date":"2025-03-15T10:16:17","date_gmt":"2025-03-15T02:16:17","guid":{"rendered":"https:\/\/ruishengglassco.com\/?post_type=product&#038;p=4232"},"modified":"2025-03-15T10:16:18","modified_gmt":"2025-03-15T02:16:18","slug":"rs084-50ml-miniatur-alkoholflaschen-lose-kaufen","status":"publish","type":"product","link":"https:\/\/ruishengglassco.com\/de\/produkt\/rs084-50ml-miniatur-alkoholflaschen-lose-kaufen","title":{"rendered":"RS084: 50ml Miniatur-Alkoholflaschen Gro\u00dfeinkauf"},"content":{"rendered":"<p>Ruisheng 50ml Miniatur-Alkoholflaschen Bulk ist die wichtigste Produktserie, die in europ\u00e4ischen L\u00e4ndern verkauft wird. Sie zeichnet sich durch eine klare runde Form aus und eignet sich f\u00fcr die Verpackung von Lik\u00f6r, Whiskey, Brandy, Wodka, Gin, Tequila und anderen alkoholischen Getr\u00e4nken. Wir vertreiben diese leeren Glasflaschen haupts\u00e4chlich an Spirituosenmarken, Unternehmen, Glasflaschenlieferanten, Gro\u00dfh\u00e4ndler, Superm\u00e4rkte und andere.<\/p>\n<p>Diese 50ml-Mini-Lik\u00f6rflaschen k\u00f6nnen auch mit einem individuellen Glasflaschenservice versehen werden. In diesem kundenspezifischen Glasflaschenservice k\u00f6nnen Sie verschiedene Glasflaschenformen, wie runde Form, quadratische Form, Stromlinienform, Sch\u00e4delform und etc. Verschiedene Glasflaschenkapazit\u00e4ten sind verf\u00fcgbar: 50ml, 100ml, 250ml, 350ml, 500ml, 700ml, 750ml, 1000ml, 1,5 L und andere. Und wir akzeptieren auch benutzerdefinierte private Label und Logo Service. Was Sie brauchen, ist das, was wir anbieten k\u00f6nnen!<\/p>\n<h2>\u00dcber 50ml Miniatur-Alkoholflaschen Bulk<\/h2>\n<ul>\n<li>Marke: RS<\/li>\n<li>Form: Rund oder individuell<\/li>\n<li>Material: Gl\u00e4ser mit hohem Feuersteinanteil<\/li>\n<li>Verschlusstyp: Guala-Verschl\u00fcsse\/Schraubverschl\u00fcsse\/Korken<\/li>\n<li>Merkmale:  Umweltfreundlich, 100% sicher f\u00fcr die Gesundheit, mit SGS, TUV, ISO-Zertifikate<\/li>\n<\/ul>\n<p>Aufgrund der hohen Qualit\u00e4t und des guten Rufs wurden unsere leeren Minilik\u00f6rflaschen in die USA, nach Kanada, Gro\u00dfbritannien, Frankreich, Australien, Argentinien, S\u00fcdafrika usw. exportiert. Unsere Kunden gaben unseren Mini-Lik\u00f6rflaschen eine hohe Bewertung und unterzeichneten einen langfristigen Kaufvertrag.<\/p>\n<p>Wenn Sie mit dieser 50ml Lik\u00f6rflasche zufrieden sind, kontaktieren Sie mich bitte rechtzeitig. Wenn Sie es nicht m\u00f6gen, k\u00f6nnen Sie sich unsere anderen Flaschen ansehen. Oder ich werde Ihnen den Katalog geben, Sie k\u00f6nnen w\u00e4hlen, was Sie m\u00f6gen. Wenn Sie an unseren hermetischen Alkoholflaschen interessiert sind, kontaktieren Sie uns bitte. Wir werden Ihnen innerhalb von 24 Stunden antworten.<\/p>","protected":false},"excerpt":{"rendered":"<table class=\"tg\">\n<tbody>\n<tr>\n<th class=\"tg-24i8\" colspan=\"2\">50ml Miniatur-Alkoholflaschen Bulk<\/th>\n<\/tr>\n<tr>\n<td class=\"tg-b7b8\">Hauptmaterial:<\/td>\n<td class=\"tg-b7b8\">Hochwertiges Flintglas<\/td>\n<\/tr>\n<tr>\n<td class=\"tg-yw4l\">Kappe:<\/td>\n<td class=\"tg-yw4l\">Guala-Verschl\u00fcsse\/ Schraubverschl\u00fcsse\/ Korken<\/td>\n<\/tr>\n<tr>\n<td class=\"tg-b7b8\">Art der Verpackung<\/td>\n<td class=\"tg-b7b8\">Kartons, Paletten, Kartons und Paletten<\/td>\n<\/tr>\n<tr>\n<td class=\"tg-yw4l\">Merkmal:<\/td>\n<td class=\"tg-yw4l\">Umweltfreundlich<\/td>\n<\/tr>\n<tr>\n<td class=\"tg-b7b8\">MOQ:<\/td>\n<td class=\"tg-b7b8\">10000 PCS<\/td>\n<\/tr>\n<tr>\n<td class=\"tg-yw4l\">Herkunft des Ortes:<\/td>\n<td class=\"tg-yw4l\">Shandong, China<\/td>\n<\/tr>\n<tr>\n<td class=\"tg-b7b8\">Stck.\/Ktn:<\/td>\n<td class=\"tg-b7b8\">24St\u00fcck<\/td>\n<\/tr>\n<tr>\n<td class=\"tg-yw4l\">Referenz:<\/td>\n<td class=\"tg-yw4l\">RS084<\/td>\n<\/tr>\n<tr>\n<td class=\"tg-b7b8\">Versandart:<\/td>\n<td class=\"tg-b7b8\">Schiff,Express<\/td>\n<\/tr>\n<tr>\n<td class=\"tg-yw4l\">OEM\/ODM:<\/td>\n<td class=\"tg-yw4l\">Willkommen<\/td>\n<\/tr>\n<\/tbody>\n<\/table>","protected":false},"featured_media":4233,"comment_status":"closed","ping_status":"closed","template":"","meta":[],"product_cat":[48],"class_list":{"0":"post-4232","1":"product","2":"type-product","3":"status-publish","4":"has-post-thumbnail","6":"product_cat-50ml-mini-liquor-bottle-manufacturer","8":"first","9":"instock","10":"shipping-taxable","11":"product-type-simple"},"yoast_head":"<!-- This site is optimized with the Yoast SEO plugin v22.0 - https:\/\/yoast.com\/wordpress\/plugins\/seo\/ -->\n<title>50ml Miniature Alcohol Bottles Bulk | Empty Spirit Bottles Manufacturer<\/title>\n<meta name=\"description\" content=\"Ruisheng, a professional empty spirit bottles manufacturer, wholesale 50ml miniature alcohol bottles bulk in factory outlet price.\" \/>\n<meta name=\"robots\" content=\"index, follow, max-snippet:-1, max-image-preview:large, max-video-preview:-1\" \/>\n<link rel=\"canonical\" href=\"https:\/\/ruishengglassco.com\/de\/produkt\/rs084-50ml-miniatur-alkoholflaschen-lose-kaufen\" \/>\n<meta property=\"og:locale\" content=\"de_DE\" \/>\n<meta property=\"og:type\" content=\"article\" \/>\n<meta property=\"og:title\" content=\"50ml Miniature Alcohol Bottles Bulk | Empty Spirit Bottles Manufacturer\" \/>\n<meta property=\"og:description\" content=\"Ruisheng, a professional empty spirit bottles manufacturer, wholesale 50ml miniature alcohol bottles bulk in factory outlet price.\" \/>\n<meta property=\"og:url\" content=\"https:\/\/ruishengglassco.com\/de\/produkt\/rs084-50ml-miniatur-alkoholflaschen-lose-kaufen\" \/>\n<meta property=\"article:publisher\" content=\"https:\/\/www.facebook.com\/ruishengglassbottles\" \/>\n<meta property=\"article:modified_time\" content=\"2025-03-15T02:16:18+00:00\" \/>\n<meta property=\"og:image\" content=\"https:\/\/ruishengglassco.com\/wp-content\/uploads\/2025\/03\/RS084-50ml-Miniature-Alcohol-Bottles-Bulk-Buy.webp\" \/>\n\t<meta property=\"og:image:width\" content=\"800\" \/>\n\t<meta property=\"og:image:height\" content=\"800\" \/>\n\t<meta property=\"og:image:type\" content=\"image\/webp\" \/>\n<meta name=\"twitter:card\" content=\"summary_large_image\" \/>\n<meta name=\"twitter:label1\" content=\"Gesch\u00e4tzte Lesezeit\" \/>\n\t<meta name=\"twitter:data1\" content=\"2\u00a0Minuten\" \/>\n<script type=\"application\/ld+json\" class=\"yoast-schema-graph\">{\"@context\":\"https:\/\/schema.org\",\"@graph\":[{\"@type\":\"WebPage\",\"@id\":\"https:\/\/ruishengglassco.com\/product\/rs084-50ml-miniature-alcohol-bottles-bulk-buy\",\"url\":\"https:\/\/ruishengglassco.com\/product\/rs084-50ml-miniature-alcohol-bottles-bulk-buy\",\"name\":\"50ml Miniature Alcohol Bottles Bulk | Empty Spirit Bottles Manufacturer\",\"isPartOf\":{\"@id\":\"https:\/\/ruishengglassco.com\/#website\"},\"datePublished\":\"2025-03-15T02:16:17+00:00\",\"dateModified\":\"2025-03-15T02:16:18+00:00\",\"description\":\"Ruisheng, a professional empty spirit bottles manufacturer, wholesale 50ml miniature alcohol bottles bulk in factory outlet price.\",\"breadcrumb\":{\"@id\":\"https:\/\/ruishengglassco.com\/product\/rs084-50ml-miniature-alcohol-bottles-bulk-buy#breadcrumb\"},\"inLanguage\":\"de\",\"potentialAction\":[{\"@type\":\"ReadAction\",\"target\":[\"https:\/\/ruishengglassco.com\/product\/rs084-50ml-miniature-alcohol-bottles-bulk-buy\"]}]},{\"@type\":\"BreadcrumbList\",\"@id\":\"https:\/\/ruishengglassco.com\/product\/rs084-50ml-miniature-alcohol-bottles-bulk-buy#breadcrumb\",\"itemListElement\":[{\"@type\":\"ListItem\",\"position\":1,\"name\":\"Home\",\"item\":\"https:\/\/ruishengglassco.com\/\"},{\"@type\":\"ListItem\",\"position\":2,\"name\":\"Products\",\"item\":\"https:\/\/ruishengglassco.com\/products\"},{\"@type\":\"ListItem\",\"position\":3,\"name\":\"RS084: 50ml Miniature Alcohol Bottles Bulk Buy\"}]},{\"@type\":\"WebSite\",\"@id\":\"https:\/\/ruishengglassco.com\/#website\",\"url\":\"https:\/\/ruishengglassco.com\/\",\"name\":\"Ruisheng Glass\",\"description\":\"\",\"publisher\":{\"@id\":\"https:\/\/ruishengglassco.com\/#organization\"},\"potentialAction\":[{\"@type\":\"SearchAction\",\"target\":{\"@type\":\"EntryPoint\",\"urlTemplate\":\"https:\/\/ruishengglassco.com\/?s={search_term_string}\"},\"query-input\":\"required name=search_term_string\"}],\"inLanguage\":\"de\"},{\"@type\":\"Organization\",\"@id\":\"https:\/\/ruishengglassco.com\/#organization\",\"name\":\"Shandong Yuncheng Ruisheng Glass Co., Ltd\",\"url\":\"https:\/\/ruishengglassco.com\/\",\"logo\":{\"@type\":\"ImageObject\",\"inLanguage\":\"de\",\"@id\":\"https:\/\/ruishengglassco.com\/#\/schema\/logo\/image\/\",\"url\":\"https:\/\/ruishengglassco.com\/wp-content\/uploads\/2023\/09\/ruisheng_logo_icon.webp\",\"contentUrl\":\"https:\/\/ruishengglassco.com\/wp-content\/uploads\/2023\/09\/ruisheng_logo_icon.webp\",\"width\":400,\"height\":233,\"caption\":\"Shandong Yuncheng Ruisheng Glass Co., Ltd\"},\"image\":{\"@id\":\"https:\/\/ruishengglassco.com\/#\/schema\/logo\/image\/\"},\"sameAs\":[\"https:\/\/www.facebook.com\/ruishengglassbottles\",\"https:\/\/www.instagram.com\/Ruishengglassbottlewholesales\/\",\"https:\/\/www.youtube.com\/channel\/UCMmbMNGwsL-XrtjfSFLCdVQ\"]}]}<\/script>\n<!-- \/ Yoast SEO plugin. -->","yoast_head_json":{"title":"50ml Miniature Alcohol Bottles Bulk | Empty Spirit Bottles Manufacturer","description":"Ruisheng, a professional empty spirit bottles manufacturer, wholesale 50ml miniature alcohol bottles bulk in factory outlet price.","robots":{"index":"index","follow":"follow","max-snippet":"max-snippet:-1","max-image-preview":"max-image-preview:large","max-video-preview":"max-video-preview:-1"},"canonical":"https:\/\/ruishengglassco.com\/de\/produkt\/rs084-50ml-miniatur-alkoholflaschen-lose-kaufen","og_locale":"de_DE","og_type":"article","og_title":"50ml Miniature Alcohol Bottles Bulk | Empty Spirit Bottles Manufacturer","og_description":"Ruisheng, a professional empty spirit bottles manufacturer, wholesale 50ml miniature alcohol bottles bulk in factory outlet price.","og_url":"https:\/\/ruishengglassco.com\/de\/produkt\/rs084-50ml-miniatur-alkoholflaschen-lose-kaufen","article_publisher":"https:\/\/www.facebook.com\/ruishengglassbottles","article_modified_time":"2025-03-15T02:16:18+00:00","og_image":[{"width":800,"height":800,"url":"https:\/\/ruishengglassco.com\/wp-content\/uploads\/2025\/03\/RS084-50ml-Miniature-Alcohol-Bottles-Bulk-Buy.webp","type":"image\/webp"}],"twitter_card":"summary_large_image","twitter_misc":{"Gesch\u00e4tzte Lesezeit":"2\u00a0Minuten"},"schema":{"@context":"https:\/\/schema.org","@graph":[{"@type":"WebPage","@id":"https:\/\/ruishengglassco.com\/product\/rs084-50ml-miniature-alcohol-bottles-bulk-buy","url":"https:\/\/ruishengglassco.com\/product\/rs084-50ml-miniature-alcohol-bottles-bulk-buy","name":"50ml Miniature Alcohol Bottles Bulk | Empty Spirit Bottles Manufacturer","isPartOf":{"@id":"https:\/\/ruishengglassco.com\/#website"},"datePublished":"2025-03-15T02:16:17+00:00","dateModified":"2025-03-15T02:16:18+00:00","description":"Ruisheng, a professional empty spirit bottles manufacturer, wholesale 50ml miniature alcohol bottles bulk in factory outlet price.","breadcrumb":{"@id":"https:\/\/ruishengglassco.com\/product\/rs084-50ml-miniature-alcohol-bottles-bulk-buy#breadcrumb"},"inLanguage":"de","potentialAction":[{"@type":"ReadAction","target":["https:\/\/ruishengglassco.com\/product\/rs084-50ml-miniature-alcohol-bottles-bulk-buy"]}]},{"@type":"BreadcrumbList","@id":"https:\/\/ruishengglassco.com\/product\/rs084-50ml-miniature-alcohol-bottles-bulk-buy#breadcrumb","itemListElement":[{"@type":"ListItem","position":1,"name":"Home","item":"https:\/\/ruishengglassco.com\/"},{"@type":"ListItem","position":2,"name":"Products","item":"https:\/\/ruishengglassco.com\/products"},{"@type":"ListItem","position":3,"name":"RS084: 50ml Miniature Alcohol Bottles Bulk Buy"}]},{"@type":"WebSite","@id":"https:\/\/ruishengglassco.com\/#website","url":"https:\/\/ruishengglassco.com\/","name":"Ruisheng Glass","description":"","publisher":{"@id":"https:\/\/ruishengglassco.com\/#organization"},"potentialAction":[{"@type":"SearchAction","target":{"@type":"EntryPoint","urlTemplate":"https:\/\/ruishengglassco.com\/?s={search_term_string}"},"query-input":"required name=search_term_string"}],"inLanguage":"de"},{"@type":"Organization","@id":"https:\/\/ruishengglassco.com\/#organization","name":"Shandong Yuncheng Ruisheng Glass Co., Ltd","url":"https:\/\/ruishengglassco.com\/","logo":{"@type":"ImageObject","inLanguage":"de","@id":"https:\/\/ruishengglassco.com\/#\/schema\/logo\/image\/","url":"https:\/\/ruishengglassco.com\/wp-content\/uploads\/2023\/09\/ruisheng_logo_icon.webp","contentUrl":"https:\/\/ruishengglassco.com\/wp-content\/uploads\/2023\/09\/ruisheng_logo_icon.webp","width":400,"height":233,"caption":"Shandong Yuncheng Ruisheng Glass Co., Ltd"},"image":{"@id":"https:\/\/ruishengglassco.com\/#\/schema\/logo\/image\/"},"sameAs":["https:\/\/www.facebook.com\/ruishengglassbottles","https:\/\/www.instagram.com\/Ruishengglassbottlewholesales\/","https:\/\/www.youtube.com\/channel\/UCMmbMNGwsL-XrtjfSFLCdVQ"]}]}},"_links":{"self":[{"href":"https:\/\/ruishengglassco.com\/de\/wp-json\/wp\/v2\/product\/4232","targetHints":{"allow":["GET"]}}],"collection":[{"href":"https:\/\/ruishengglassco.com\/de\/wp-json\/wp\/v2\/product"}],"about":[{"href":"https:\/\/ruishengglassco.com\/de\/wp-json\/wp\/v2\/types\/product"}],"replies":[{"embeddable":true,"href":"https:\/\/ruishengglassco.com\/de\/wp-json\/wp\/v2\/comments?post=4232"}],"wp:featuredmedia":[{"embeddable":true,"href":"https:\/\/ruishengglassco.com\/de\/wp-json\/wp\/v2\/media\/4233"}],"wp:attachment":[{"href":"https:\/\/ruishengglassco.com\/de\/wp-json\/wp\/v2\/media?parent=4232"}],"wp:term":[{"taxonomy":"product_cat","embeddable":true,"href":"https:\/\/ruishengglassco.com\/de\/wp-json\/wp\/v2\/product_cat?post=4232"}],"curies":[{"name":"wp","href":"https:\/\/api.w.org\/{rel}","templated":true}]}}