{"id":4230,"date":"2025-03-15T10:11:50","date_gmt":"2025-03-15T02:11:50","guid":{"rendered":"https:\/\/ruishengglassco.com\/?post_type=product&#038;p=4230"},"modified":"2025-09-11T16:11:41","modified_gmt":"2025-09-11T08:11:41","slug":"rs085-groshandel-375ml-glasflaschen-mit-schraubdeckel","status":"publish","type":"product","link":"https:\/\/ruishengglassco.com\/de\/produkt\/rs085-groshandel-375ml-glasflaschen-mit-schraubdeckel","title":{"rendered":"RS085: 375ml Glasflaschen mit Schraubdeckel"},"content":{"rendered":"<p>Diese 375ml Glasflaschen mit Schraubverschluss im Gro\u00dfhandel werden in Shandong Yuncheng Ruisheng Glass Co, Ltd. hergestellt. Diese kleinen Glasflaschen k\u00f6nnen verschiedene Arten von Fl\u00fcssigkeiten enthalten, einschlie\u00dflich Lik\u00f6r, Whiskey, Wodka, Brandy, Rum, Gin und andere Getr\u00e4nke. Es ist erw\u00e4hnenswert, dass diese kleine Glasflasche einen Schraubverschluss hat.<\/p>\n<p>Diese 375ml-Flaschen im Gro\u00dfhandel sind zylinderf\u00f6rmig, und ihr Verschlusstyp ist ein Schraubverschluss. Wir k\u00f6nnen zwei Arten von Kappen f\u00fcr diese kleinen Fl\u00fcssigkeitsflaschen anbieten. Der eine ist ein gef\u00e4lschungssicherer kurzer Schraubverschluss und der andere ist ein gew\u00f6hnlicher kurzer Schraubverschluss. Wenn Sie diesen Verschluss nicht w\u00fcnschen, k\u00f6nnen wir ihn auch in Kork umwandeln.<\/p>\n<p>Wir k\u00f6nnen tiefe Dekorationen auf diesen 375ml Glas Spirituosenflaschen mit Schraubverschl\u00fcssen Gro\u00dfhandel machen. Wenn Sie eine One-Stop-Gro\u00dfhandel Glasflasche Service aus unserer Fabrik m\u00f6gen, k\u00f6nnen wir den Druck eines Logos auf der Milchglasflasche, Spr\u00fchen Farbe auf der klaren Oberfl\u00e4che und UV-Galvanik Farben auf die Spiritusflaschen bieten.<\/p>\n<h2>Die Details dieser 375ml Glasflaschen mit Schraubverschluss<\/h2>\n<ul>\n<li>Hauptmaterial: Glas mit hohem Feuersteinanteil<\/li>\n<li>Verschluss: Schraubverschluss<\/li>\n<li>Referenz: RS085<\/li>\n<li>MOQ: 10000 PCS<\/li>\n<li>Fassungsverm\u00f6gen:375ml<\/li>\n<li>St\u00fcck\/Gebinde: 24 St\u00fcck \/20 St\u00fcck\/ 12 St\u00fcck \/6 St\u00fcck<\/li>\n<li>Herkunft des Ortes: Shandong, China<\/li>\n<li>Besonderheit: Umweltfreundlich<\/li>\n<\/ul>\n<h2>\u00dcber Glasflaschenverpackungen<\/h2>\n<p>In unserer Fabrik gibt es drei M\u00f6glichkeiten, eine 375-ml-Flasche zu verpacken:<\/p>\n<p>Der erste Weg ist die Kartonverpackung. Wir k\u00f6nnen Standard-Karton-Verpackung f\u00fcr diese 375ml Lik\u00f6r-Flasche zum Verkauf, und es gibt in der Regel etwa 15\/20\/24, oder 24 Flaschen pro Karton. Dieser Karton ist genau wie die Transportverpackung. Wenn Sie den Karton nach der Verwendung der leeren Glasflaschen nicht wechseln m\u00f6chten, k\u00f6nnen wir Ihnen auch einen Karton in einer Ihren Bed\u00fcrfnissen entsprechenden Farbe anbieten. Die Brennerei verwendet normalerweise entweder sechs oder 12 Flaschen pro Karton.<\/p>\n<p>Die zweite M\u00f6glichkeit ist die Palettenverpackung. Unsere Palette wird nicht begast. Wir legen das Papiertablett auf die Palette und wickeln die Paletten ein, nachdem die 375ml-Klarglasflaschen darauf verpackt sind.<\/p>\n<p>Die dritte M\u00f6glichkeit ist die Verpackung in Karton und Palette. Hier bieten wir Karton und Palette f\u00fcr die Verpackung der Glasflaschen mit Schraubverschluss an. Auf diese Weise sind sie sicherer und leichter zu transportieren.<\/p>\n<p>Als gr\u00f6\u00dfter Anbieter von Spirituosenflaschen aus Glas haben wir unsere Glasflaschen nach Europa, in die USA, nach Australien und in andere Regionen exportiert. Alle Produkte genie\u00dfen ein hohes Ansehen f\u00fcr Innovation<br \/>\nund Funktionalit\u00e4t.<\/p>\n<p><em><strong>Wenn Sie an dieser 375ml Glasflasche mit Schraubverschluss interessiert sind, kontaktieren Sie uns bitte jetzt.<\/strong><\/em><\/p>","protected":false},"excerpt":{"rendered":"<table class=\"tg\">\n<tbody>\n<tr>\n<th class=\"tg-24i8\" colspan=\"2\">Gro\u00dfhandel 375ml Glasflaschen mit Schraubverschluss<\/th>\n<\/tr>\n<tr>\n<td class=\"tg-b7b8\">Referenz:<\/td>\n<td class=\"tg-b7b8\">RS085<\/td>\n<\/tr>\n<tr>\n<td class=\"tg-yw4l\">Hauptmaterial:<\/td>\n<td class=\"tg-yw4l\">Hochflintglas (dieses Material wird auch als kristallwei\u00dfes Glas bezeichnet)<\/td>\n<\/tr>\n<tr>\n<td class=\"tg-b7b8\">Kappe:<\/td>\n<td class=\"tg-b7b8\">Schorfm\u00fctze<\/td>\n<\/tr>\n<tr>\n<td class=\"tg-yw4l\">Kapazit\u00e4t:<\/td>\n<td class=\"tg-yw4l\">375ml<\/td>\n<\/tr>\n<tr>\n<td class=\"tg-b7b8\">Merkmal:<\/td>\n<td class=\"tg-b7b8\">Umweltfreundlich<\/td>\n<\/tr>\n<tr>\n<td class=\"tg-yw4l\">MOQ:<\/td>\n<td class=\"tg-yw4l\">10000 PCS<\/td>\n<\/tr>\n<tr>\n<td class=\"tg-b7b8\">Art der Verpackung:<\/td>\n<td class=\"tg-b7b8\">Export Standardkarton \/ Palette \/ Export Standardkarton und Palette<\/td>\n<\/tr>\n<tr>\n<td class=\"tg-yw4l\">OEM\/ODM:<\/td>\n<td class=\"tg-yw4l\">Willkommen<\/td>\n<\/tr>\n<tr>\n<td class=\"tg-b7b8\">Herkunft des Ortes:<\/td>\n<td class=\"tg-b7b8\">Shandong, China<\/td>\n<\/tr>\n<tr>\n<td class=\"tg-yw4l\">Stck.\/Ktn:<\/td>\n<td class=\"tg-yw4l\">24 St\u00fcck oder nach Kundenwunsch<\/td>\n<\/tr>\n<\/tbody>\n<\/table>","protected":false},"featured_media":4231,"comment_status":"closed","ping_status":"closed","template":"","meta":[],"product_cat":[55],"class_list":{"0":"post-4230","1":"product","2":"type-product","3":"status-publish","4":"has-post-thumbnail","6":"product_cat-375ml-liquor-bottle-manufacturer","8":"first","9":"instock","10":"shipping-taxable","11":"product-type-simple"},"yoast_head":"<!-- This site is optimized with the Yoast SEO plugin v22.0 - https:\/\/yoast.com\/wordpress\/plugins\/seo\/ -->\n<title>375ml Glass Liquor Bottles With Screw Top Manufacturers In Bulk Price<\/title>\n<meta name=\"description\" content=\"Ruisheng, one of China glass bottle manufacturer, provide 375ml glass liquor bottles with screw top wholesale in factory price. OEM Order Offered.\" \/>\n<meta name=\"robots\" content=\"index, follow, max-snippet:-1, max-image-preview:large, max-video-preview:-1\" \/>\n<link rel=\"canonical\" href=\"https:\/\/ruishengglassco.com\/de\/produkt\/rs085-groshandel-375ml-glasflaschen-mit-schraubdeckel\" \/>\n<meta property=\"og:locale\" content=\"de_DE\" \/>\n<meta property=\"og:type\" content=\"article\" \/>\n<meta property=\"og:title\" content=\"375ml Glass Liquor Bottles With Screw Top Manufacturers In Bulk Price\" \/>\n<meta property=\"og:description\" content=\"Ruisheng, one of China glass bottle manufacturer, provide 375ml glass liquor bottles with screw top wholesale in factory price. OEM Order Offered.\" \/>\n<meta property=\"og:url\" content=\"https:\/\/ruishengglassco.com\/de\/produkt\/rs085-groshandel-375ml-glasflaschen-mit-schraubdeckel\" \/>\n<meta property=\"article:publisher\" content=\"https:\/\/www.facebook.com\/ruishengglassbottles\" \/>\n<meta property=\"article:modified_time\" content=\"2025-09-11T08:11:41+00:00\" \/>\n<meta property=\"og:image\" content=\"https:\/\/ruishengglassco.com\/wp-content\/uploads\/2025\/03\/RS085-Wholesale-375ml-Glass-Bottles-With-Screw-Top-Lids.webp\" \/>\n\t<meta property=\"og:image:width\" content=\"800\" \/>\n\t<meta property=\"og:image:height\" content=\"800\" \/>\n\t<meta property=\"og:image:type\" content=\"image\/webp\" \/>\n<meta name=\"twitter:card\" content=\"summary_large_image\" \/>\n<meta name=\"twitter:label1\" content=\"Gesch\u00e4tzte Lesezeit\" \/>\n\t<meta name=\"twitter:data1\" content=\"2\u00a0Minuten\" \/>\n<script type=\"application\/ld+json\" class=\"yoast-schema-graph\">{\"@context\":\"https:\/\/schema.org\",\"@graph\":[{\"@type\":\"WebPage\",\"@id\":\"https:\/\/ruishengglassco.com\/product\/rs085-wholesale-375ml-glass-bottles-with-screw-top-lids\",\"url\":\"https:\/\/ruishengglassco.com\/product\/rs085-wholesale-375ml-glass-bottles-with-screw-top-lids\",\"name\":\"375ml Glass Liquor Bottles With Screw Top Manufacturers In Bulk Price\",\"isPartOf\":{\"@id\":\"https:\/\/ruishengglassco.com\/#website\"},\"datePublished\":\"2025-03-15T02:11:50+00:00\",\"dateModified\":\"2025-09-11T08:11:41+00:00\",\"description\":\"Ruisheng, one of China glass bottle manufacturer, provide 375ml glass liquor bottles with screw top wholesale in factory price. OEM Order Offered.\",\"breadcrumb\":{\"@id\":\"https:\/\/ruishengglassco.com\/product\/rs085-wholesale-375ml-glass-bottles-with-screw-top-lids#breadcrumb\"},\"inLanguage\":\"de\",\"potentialAction\":[{\"@type\":\"ReadAction\",\"target\":[\"https:\/\/ruishengglassco.com\/product\/rs085-wholesale-375ml-glass-bottles-with-screw-top-lids\"]}]},{\"@type\":\"BreadcrumbList\",\"@id\":\"https:\/\/ruishengglassco.com\/product\/rs085-wholesale-375ml-glass-bottles-with-screw-top-lids#breadcrumb\",\"itemListElement\":[{\"@type\":\"ListItem\",\"position\":1,\"name\":\"Home\",\"item\":\"https:\/\/ruishengglassco.com\/\"},{\"@type\":\"ListItem\",\"position\":2,\"name\":\"Products\",\"item\":\"https:\/\/ruishengglassco.com\/products\"},{\"@type\":\"ListItem\",\"position\":3,\"name\":\"RS085: 375ml Glass Bottles With Screw Top Lids\"}]},{\"@type\":\"WebSite\",\"@id\":\"https:\/\/ruishengglassco.com\/#website\",\"url\":\"https:\/\/ruishengglassco.com\/\",\"name\":\"Ruisheng Glass\",\"description\":\"\",\"publisher\":{\"@id\":\"https:\/\/ruishengglassco.com\/#organization\"},\"potentialAction\":[{\"@type\":\"SearchAction\",\"target\":{\"@type\":\"EntryPoint\",\"urlTemplate\":\"https:\/\/ruishengglassco.com\/?s={search_term_string}\"},\"query-input\":\"required name=search_term_string\"}],\"inLanguage\":\"de\"},{\"@type\":\"Organization\",\"@id\":\"https:\/\/ruishengglassco.com\/#organization\",\"name\":\"Shandong Yuncheng Ruisheng Glass Co., Ltd\",\"url\":\"https:\/\/ruishengglassco.com\/\",\"logo\":{\"@type\":\"ImageObject\",\"inLanguage\":\"de\",\"@id\":\"https:\/\/ruishengglassco.com\/#\/schema\/logo\/image\/\",\"url\":\"https:\/\/ruishengglassco.com\/wp-content\/uploads\/2023\/09\/ruisheng_logo_icon.webp\",\"contentUrl\":\"https:\/\/ruishengglassco.com\/wp-content\/uploads\/2023\/09\/ruisheng_logo_icon.webp\",\"width\":400,\"height\":233,\"caption\":\"Shandong Yuncheng Ruisheng Glass Co., Ltd\"},\"image\":{\"@id\":\"https:\/\/ruishengglassco.com\/#\/schema\/logo\/image\/\"},\"sameAs\":[\"https:\/\/www.facebook.com\/ruishengglassbottles\",\"https:\/\/www.instagram.com\/Ruishengglassbottlewholesales\/\",\"https:\/\/www.youtube.com\/channel\/UCMmbMNGwsL-XrtjfSFLCdVQ\"]}]}<\/script>\n<!-- \/ Yoast SEO plugin. -->","yoast_head_json":{"title":"375ml Glass Liquor Bottles With Screw Top Manufacturers In Bulk Price","description":"Ruisheng, one of China glass bottle manufacturer, provide 375ml glass liquor bottles with screw top wholesale in factory price. OEM Order Offered.","robots":{"index":"index","follow":"follow","max-snippet":"max-snippet:-1","max-image-preview":"max-image-preview:large","max-video-preview":"max-video-preview:-1"},"canonical":"https:\/\/ruishengglassco.com\/de\/produkt\/rs085-groshandel-375ml-glasflaschen-mit-schraubdeckel","og_locale":"de_DE","og_type":"article","og_title":"375ml Glass Liquor Bottles With Screw Top Manufacturers In Bulk Price","og_description":"Ruisheng, one of China glass bottle manufacturer, provide 375ml glass liquor bottles with screw top wholesale in factory price. OEM Order Offered.","og_url":"https:\/\/ruishengglassco.com\/de\/produkt\/rs085-groshandel-375ml-glasflaschen-mit-schraubdeckel","article_publisher":"https:\/\/www.facebook.com\/ruishengglassbottles","article_modified_time":"2025-09-11T08:11:41+00:00","og_image":[{"width":800,"height":800,"url":"https:\/\/ruishengglassco.com\/wp-content\/uploads\/2025\/03\/RS085-Wholesale-375ml-Glass-Bottles-With-Screw-Top-Lids.webp","type":"image\/webp"}],"twitter_card":"summary_large_image","twitter_misc":{"Gesch\u00e4tzte Lesezeit":"2\u00a0Minuten"},"schema":{"@context":"https:\/\/schema.org","@graph":[{"@type":"WebPage","@id":"https:\/\/ruishengglassco.com\/product\/rs085-wholesale-375ml-glass-bottles-with-screw-top-lids","url":"https:\/\/ruishengglassco.com\/product\/rs085-wholesale-375ml-glass-bottles-with-screw-top-lids","name":"375ml Glass Liquor Bottles With Screw Top Manufacturers In Bulk Price","isPartOf":{"@id":"https:\/\/ruishengglassco.com\/#website"},"datePublished":"2025-03-15T02:11:50+00:00","dateModified":"2025-09-11T08:11:41+00:00","description":"Ruisheng, one of China glass bottle manufacturer, provide 375ml glass liquor bottles with screw top wholesale in factory price. OEM Order Offered.","breadcrumb":{"@id":"https:\/\/ruishengglassco.com\/product\/rs085-wholesale-375ml-glass-bottles-with-screw-top-lids#breadcrumb"},"inLanguage":"de","potentialAction":[{"@type":"ReadAction","target":["https:\/\/ruishengglassco.com\/product\/rs085-wholesale-375ml-glass-bottles-with-screw-top-lids"]}]},{"@type":"BreadcrumbList","@id":"https:\/\/ruishengglassco.com\/product\/rs085-wholesale-375ml-glass-bottles-with-screw-top-lids#breadcrumb","itemListElement":[{"@type":"ListItem","position":1,"name":"Home","item":"https:\/\/ruishengglassco.com\/"},{"@type":"ListItem","position":2,"name":"Products","item":"https:\/\/ruishengglassco.com\/products"},{"@type":"ListItem","position":3,"name":"RS085: 375ml Glass Bottles With Screw Top Lids"}]},{"@type":"WebSite","@id":"https:\/\/ruishengglassco.com\/#website","url":"https:\/\/ruishengglassco.com\/","name":"Ruisheng Glass","description":"","publisher":{"@id":"https:\/\/ruishengglassco.com\/#organization"},"potentialAction":[{"@type":"SearchAction","target":{"@type":"EntryPoint","urlTemplate":"https:\/\/ruishengglassco.com\/?s={search_term_string}"},"query-input":"required name=search_term_string"}],"inLanguage":"de"},{"@type":"Organization","@id":"https:\/\/ruishengglassco.com\/#organization","name":"Shandong Yuncheng Ruisheng Glass Co., Ltd","url":"https:\/\/ruishengglassco.com\/","logo":{"@type":"ImageObject","inLanguage":"de","@id":"https:\/\/ruishengglassco.com\/#\/schema\/logo\/image\/","url":"https:\/\/ruishengglassco.com\/wp-content\/uploads\/2023\/09\/ruisheng_logo_icon.webp","contentUrl":"https:\/\/ruishengglassco.com\/wp-content\/uploads\/2023\/09\/ruisheng_logo_icon.webp","width":400,"height":233,"caption":"Shandong Yuncheng Ruisheng Glass Co., Ltd"},"image":{"@id":"https:\/\/ruishengglassco.com\/#\/schema\/logo\/image\/"},"sameAs":["https:\/\/www.facebook.com\/ruishengglassbottles","https:\/\/www.instagram.com\/Ruishengglassbottlewholesales\/","https:\/\/www.youtube.com\/channel\/UCMmbMNGwsL-XrtjfSFLCdVQ"]}]}},"_links":{"self":[{"href":"https:\/\/ruishengglassco.com\/de\/wp-json\/wp\/v2\/product\/4230","targetHints":{"allow":["GET"]}}],"collection":[{"href":"https:\/\/ruishengglassco.com\/de\/wp-json\/wp\/v2\/product"}],"about":[{"href":"https:\/\/ruishengglassco.com\/de\/wp-json\/wp\/v2\/types\/product"}],"replies":[{"embeddable":true,"href":"https:\/\/ruishengglassco.com\/de\/wp-json\/wp\/v2\/comments?post=4230"}],"wp:featuredmedia":[{"embeddable":true,"href":"https:\/\/ruishengglassco.com\/de\/wp-json\/wp\/v2\/media\/4231"}],"wp:attachment":[{"href":"https:\/\/ruishengglassco.com\/de\/wp-json\/wp\/v2\/media?parent=4230"}],"wp:term":[{"taxonomy":"product_cat","embeddable":true,"href":"https:\/\/ruishengglassco.com\/de\/wp-json\/wp\/v2\/product_cat?post=4230"}],"curies":[{"name":"wp","href":"https:\/\/api.w.org\/{rel}","templated":true}]}}