{"id":4228,"date":"2025-03-15T10:09:11","date_gmt":"2025-03-15T02:09:11","guid":{"rendered":"https:\/\/ruishengglassco.com\/?post_type=product&#038;p=4228"},"modified":"2025-07-17T14:00:46","modified_gmt":"2025-07-17T06:00:46","slug":"rs086-groshandel-70cl-langen-hals-runde-whiskey-flasche-verkorkt","status":"publish","type":"product","link":"https:\/\/ruishengglassco.com\/de\/produkt\/rs086-groshandel-70cl-langen-hals-runde-whiskey-flasche-verkorkt","title":{"rendered":"RS086: 70cl Langer Hals Runde Whiskey-Flasche verkorkt"},"content":{"rendered":"<p><span data-preserver-spaces=\"true\">Die Whiskeyflaschen von RS haben einen Inhalt von 70cl und sind aus High-Flint-Glas hergestellt. Dieses Material macht die Flaschen klarer, st\u00e4rker und glatter als Flaschen aus anderen Materialien. Sie <\/span><span data-preserver-spaces=\"true\">werden haupts\u00e4chlich verwendet<\/span><span data-preserver-spaces=\"true\"> f\u00fcr Lik\u00f6r, Whiskey, Wodka, Getr\u00e4nke, Wasser und andere Fl\u00fcssigkeiten.<\/span><\/p>\n<p><span data-preserver-spaces=\"true\">Diese runden 70cl-Whiskeyflaschen haben einen langen Hals. Wir akzeptieren auch benutzerdefinierte Whiskey Glasflasche Service. <\/span><span data-preserver-spaces=\"true\">Bei diesem individuellen Glasflaschenservice k\u00f6nnen Sie <\/span><span data-preserver-spaces=\"true\">unterschiedlich anpassen<\/span><span data-preserver-spaces=\"true\"> Glasflaschenformen, <\/span><span data-preserver-spaces=\"true\">wie zum Beispiel<\/span><span data-preserver-spaces=\"true\"> rund <\/span><span data-preserver-spaces=\"true\">Form<\/span><span data-preserver-spaces=\"true\">quadratisch <\/span><span data-preserver-spaces=\"true\">Form<\/span><span data-preserver-spaces=\"true\">, stromlinienf\u00f6rmig <\/span><span data-preserver-spaces=\"true\">Form<\/span><span data-preserver-spaces=\"true\">Sch\u00e4del <\/span><span data-preserver-spaces=\"true\">Form, etc.<\/span><span data-preserver-spaces=\"true\">.<\/span><span data-preserver-spaces=\"true\"> Verschiedene Glasflaschen mit einem Fassungsverm\u00f6gen von 50ml, 100ml, 250ml, 350ml, 500ml, 700ml, 750ml, 1000ml, 1,5 L und andere sind erh\u00e4ltlich. <\/span><span data-preserver-spaces=\"true\">Und wir<\/span><span data-preserver-spaces=\"true\"> akzeptieren auch kundenspezifische Eigenmarken und <\/span><span data-preserver-spaces=\"true\">Logo-Dienstleistung<\/span><span data-preserver-spaces=\"true\">.<\/span><span data-preserver-spaces=\"true\"> Was Sie brauchen, k\u00f6nnen wir Ihnen bieten!<\/span><\/p>\n<h2><span data-preserver-spaces=\"true\">\u00a0<\/span><\/h2>\n<p><span style=\"font-size: 23.04px; color: #333333;\">Informationen \u00fcber den Preis von Whiskeyflaschen in loser Sch\u00fcttung<\/span><\/p>\n<ul>\n<li>Name: Glas Whiskey-Flaschen Gro\u00dfhandel<\/li>\n<li>Herkunftsland\uff1aChina<\/li>\n<li>Hauptmaterial: Glas mit hohem Feuersteinanteil<\/li>\n<li>Deckel: Kork ( Wir k\u00f6nnen die Kappe in eine Schraubkappe umwandeln, wenn Sie es w\u00fcnschen )<\/li>\n<li>Referenz: RS086<\/li>\n<li>MOQ: 1x 40\u2033 GP<\/li>\n<li>Fassungsverm\u00f6gen: 700ml<\/li>\n<li>Art der Verpackung: Export Standardkarton\/Palette\/Export Standardkarton und Palette<\/li>\n<li>Herkunft des Ortes: Shandong, China<\/li>\n<li>Besonderheit: Umweltfreundlich<\/li>\n<\/ul>\n<p>Es gibt mehr als 500 Mitarbeiter in unserer Fabrik, und etwa 30 QC-Mitglieder, die die Qualit\u00e4t der Glasflaschen Gro\u00dfhandel zu \u00fcberpr\u00fcfen. Alle leeren Whiskey-Flaschen werden exportiert, nachdem sie die QC passieren.<\/p>\n<p>Dar\u00fcber hinaus gibt es eine Gruppe qualifizierter Ingenieure, die sich um Aufgaben wie die Zeichnung von Flaschen und die Gestaltung von Etiketten k\u00fcmmern und alle Fragen zwischen Vertrieb und Kunden beantworten. Dank unserer reichen Erfahrung haben wir einen guten Ruf in der ganzen Welt.<\/p>\n<p>Unsere Hauptprodukte sind hochwertige Glasflaschen wie Wodkaflaschen, Brandyflaschen, Whiskeyflaschen, Lik\u00f6rflaschen, Rumflaschen und so weiter. Wir k\u00f6nnen auch Braunglasflaschen, gr\u00fcne Flaschen und transparente Flaschen anbieten.<\/p>\n<p>Wenn Sie an unseren runden 70cl-Whiskeyflaschen mit langem Hals und Deckel interessiert sind, kontaktieren Sie uns bitte. Wenn Sie individuelle Glasflaschen herstellen m\u00f6chten, z\u00f6gern Sie bitte nicht, uns zu kontaktieren. Wir freuen uns auf Ihre Anfrage bez\u00fcglich der besten Whiskey-Glasflaschen.<\/p>","protected":false},"excerpt":{"rendered":"<p>Ruisheng ist ein Whiskeyflaschenhersteller mit \u00fcber 10 Jahren Erfahrung in der Herstellung von Glasflaschen. Wir stellen hochwertige Glasflaschen f\u00fcr Lik\u00f6r, Whiskey, Brandy, Wodka und mehr her. Wir haben eine Fabrik, die sich auf die Herstellung von Whiskeyflaschen konzentriert. Unsere Whiskeyflaschen werden haupts\u00e4chlich in die USA, nach Gro\u00dfbritannien, Russland, Australien usw. exportiert. Wenn Sie an den Preisen f\u00fcr Whiskeyflaschen in gro\u00dfen Mengen interessiert sind, k\u00f6nnen Sie mich gerne kontaktieren.<\/p>","protected":false},"featured_media":4229,"comment_status":"closed","ping_status":"closed","template":"","meta":[],"product_cat":[45,54],"class_list":{"0":"post-4228","1":"product","2":"type-product","3":"status-publish","4":"has-post-thumbnail","6":"product_cat-custom-glass-bottle","7":"product_cat-whiskey-bottle","9":"first","10":"instock","11":"shipping-taxable","12":"product-type-simple"},"yoast_head":"<!-- This site is optimized with the Yoast SEO plugin v22.0 - https:\/\/yoast.com\/wordpress\/plugins\/seo\/ -->\n<title>Bulk Whiskey Bottles Price | Custom Long Neck Glass Bottles-RS<\/title>\n<meta name=\"description\" content=\"Ruisheng, top liquor bottle manufacturer, custom long neck glass bottles for Whsikey, Brandy, Vodka, and other liquor. Get Bulk Whiskey Bottles Price Here.\" \/>\n<meta name=\"robots\" content=\"index, follow, max-snippet:-1, max-image-preview:large, max-video-preview:-1\" \/>\n<link rel=\"canonical\" href=\"https:\/\/ruishengglassco.com\/de\/produkt\/rs086-groshandel-70cl-langen-hals-runde-whiskey-flasche-verkorkt\" \/>\n<meta property=\"og:locale\" content=\"de_DE\" \/>\n<meta property=\"og:type\" content=\"article\" \/>\n<meta property=\"og:title\" content=\"Bulk Whiskey Bottles Price | Custom Long Neck Glass Bottles-RS\" \/>\n<meta property=\"og:description\" content=\"Ruisheng, top liquor bottle manufacturer, custom long neck glass bottles for Whsikey, Brandy, Vodka, and other liquor. Get Bulk Whiskey Bottles Price Here.\" \/>\n<meta property=\"og:url\" content=\"https:\/\/ruishengglassco.com\/de\/produkt\/rs086-groshandel-70cl-langen-hals-runde-whiskey-flasche-verkorkt\" \/>\n<meta property=\"article:publisher\" content=\"https:\/\/www.facebook.com\/ruishengglassbottles\" \/>\n<meta property=\"article:modified_time\" content=\"2025-07-17T06:00:46+00:00\" \/>\n<meta property=\"og:image\" content=\"https:\/\/ruishengglassco.com\/wp-content\/uploads\/2025\/03\/RS086-Wholesale-70cl-Long-Neck-Round-Whiskey-Bottle-Corked.webp\" \/>\n\t<meta property=\"og:image:width\" content=\"400\" \/>\n\t<meta property=\"og:image:height\" content=\"400\" \/>\n\t<meta property=\"og:image:type\" content=\"image\/webp\" \/>\n<meta name=\"twitter:card\" content=\"summary_large_image\" \/>\n<meta name=\"twitter:label1\" content=\"Gesch\u00e4tzte Lesezeit\" \/>\n\t<meta name=\"twitter:data1\" content=\"2\u00a0Minuten\" \/>\n<script type=\"application\/ld+json\" class=\"yoast-schema-graph\">{\"@context\":\"https:\/\/schema.org\",\"@graph\":[{\"@type\":\"WebPage\",\"@id\":\"https:\/\/ruishengglassco.com\/product\/rs086-wholesale-70cl-long-neck-round-whiskey-bottle-corked\",\"url\":\"https:\/\/ruishengglassco.com\/product\/rs086-wholesale-70cl-long-neck-round-whiskey-bottle-corked\",\"name\":\"Bulk Whiskey Bottles Price | Custom Long Neck Glass Bottles-RS\",\"isPartOf\":{\"@id\":\"https:\/\/ruishengglassco.com\/#website\"},\"datePublished\":\"2025-03-15T02:09:11+00:00\",\"dateModified\":\"2025-07-17T06:00:46+00:00\",\"description\":\"Ruisheng, top liquor bottle manufacturer, custom long neck glass bottles for Whsikey, Brandy, Vodka, and other liquor. Get Bulk Whiskey Bottles Price Here.\",\"breadcrumb\":{\"@id\":\"https:\/\/ruishengglassco.com\/product\/rs086-wholesale-70cl-long-neck-round-whiskey-bottle-corked#breadcrumb\"},\"inLanguage\":\"de\",\"potentialAction\":[{\"@type\":\"ReadAction\",\"target\":[\"https:\/\/ruishengglassco.com\/product\/rs086-wholesale-70cl-long-neck-round-whiskey-bottle-corked\"]}]},{\"@type\":\"BreadcrumbList\",\"@id\":\"https:\/\/ruishengglassco.com\/product\/rs086-wholesale-70cl-long-neck-round-whiskey-bottle-corked#breadcrumb\",\"itemListElement\":[{\"@type\":\"ListItem\",\"position\":1,\"name\":\"Home\",\"item\":\"https:\/\/ruishengglassco.com\/\"},{\"@type\":\"ListItem\",\"position\":2,\"name\":\"Products\",\"item\":\"https:\/\/ruishengglassco.com\/products\"},{\"@type\":\"ListItem\",\"position\":3,\"name\":\"RS086: 70cl Long Neck Round Whiskey Bottle Corked\"}]},{\"@type\":\"WebSite\",\"@id\":\"https:\/\/ruishengglassco.com\/#website\",\"url\":\"https:\/\/ruishengglassco.com\/\",\"name\":\"Ruisheng Glass\",\"description\":\"\",\"publisher\":{\"@id\":\"https:\/\/ruishengglassco.com\/#organization\"},\"potentialAction\":[{\"@type\":\"SearchAction\",\"target\":{\"@type\":\"EntryPoint\",\"urlTemplate\":\"https:\/\/ruishengglassco.com\/?s={search_term_string}\"},\"query-input\":\"required name=search_term_string\"}],\"inLanguage\":\"de\"},{\"@type\":\"Organization\",\"@id\":\"https:\/\/ruishengglassco.com\/#organization\",\"name\":\"Shandong Yuncheng Ruisheng Glass Co., Ltd\",\"url\":\"https:\/\/ruishengglassco.com\/\",\"logo\":{\"@type\":\"ImageObject\",\"inLanguage\":\"de\",\"@id\":\"https:\/\/ruishengglassco.com\/#\/schema\/logo\/image\/\",\"url\":\"https:\/\/ruishengglassco.com\/wp-content\/uploads\/2023\/09\/ruisheng_logo_icon.webp\",\"contentUrl\":\"https:\/\/ruishengglassco.com\/wp-content\/uploads\/2023\/09\/ruisheng_logo_icon.webp\",\"width\":400,\"height\":233,\"caption\":\"Shandong Yuncheng Ruisheng Glass Co., Ltd\"},\"image\":{\"@id\":\"https:\/\/ruishengglassco.com\/#\/schema\/logo\/image\/\"},\"sameAs\":[\"https:\/\/www.facebook.com\/ruishengglassbottles\",\"https:\/\/www.instagram.com\/Ruishengglassbottlewholesales\/\",\"https:\/\/www.youtube.com\/channel\/UCMmbMNGwsL-XrtjfSFLCdVQ\"]}]}<\/script>\n<!-- \/ Yoast SEO plugin. -->","yoast_head_json":{"title":"Bulk Whiskey Bottles Price | Custom Long Neck Glass Bottles-RS","description":"Ruisheng, top liquor bottle manufacturer, custom long neck glass bottles for Whsikey, Brandy, Vodka, and other liquor. Get Bulk Whiskey Bottles Price Here.","robots":{"index":"index","follow":"follow","max-snippet":"max-snippet:-1","max-image-preview":"max-image-preview:large","max-video-preview":"max-video-preview:-1"},"canonical":"https:\/\/ruishengglassco.com\/de\/produkt\/rs086-groshandel-70cl-langen-hals-runde-whiskey-flasche-verkorkt","og_locale":"de_DE","og_type":"article","og_title":"Bulk Whiskey Bottles Price | Custom Long Neck Glass Bottles-RS","og_description":"Ruisheng, top liquor bottle manufacturer, custom long neck glass bottles for Whsikey, Brandy, Vodka, and other liquor. Get Bulk Whiskey Bottles Price Here.","og_url":"https:\/\/ruishengglassco.com\/de\/produkt\/rs086-groshandel-70cl-langen-hals-runde-whiskey-flasche-verkorkt","article_publisher":"https:\/\/www.facebook.com\/ruishengglassbottles","article_modified_time":"2025-07-17T06:00:46+00:00","og_image":[{"width":400,"height":400,"url":"https:\/\/ruishengglassco.com\/wp-content\/uploads\/2025\/03\/RS086-Wholesale-70cl-Long-Neck-Round-Whiskey-Bottle-Corked.webp","type":"image\/webp"}],"twitter_card":"summary_large_image","twitter_misc":{"Gesch\u00e4tzte Lesezeit":"2\u00a0Minuten"},"schema":{"@context":"https:\/\/schema.org","@graph":[{"@type":"WebPage","@id":"https:\/\/ruishengglassco.com\/product\/rs086-wholesale-70cl-long-neck-round-whiskey-bottle-corked","url":"https:\/\/ruishengglassco.com\/product\/rs086-wholesale-70cl-long-neck-round-whiskey-bottle-corked","name":"Bulk Whiskey Bottles Price | Custom Long Neck Glass Bottles-RS","isPartOf":{"@id":"https:\/\/ruishengglassco.com\/#website"},"datePublished":"2025-03-15T02:09:11+00:00","dateModified":"2025-07-17T06:00:46+00:00","description":"Ruisheng, top liquor bottle manufacturer, custom long neck glass bottles for Whsikey, Brandy, Vodka, and other liquor. Get Bulk Whiskey Bottles Price Here.","breadcrumb":{"@id":"https:\/\/ruishengglassco.com\/product\/rs086-wholesale-70cl-long-neck-round-whiskey-bottle-corked#breadcrumb"},"inLanguage":"de","potentialAction":[{"@type":"ReadAction","target":["https:\/\/ruishengglassco.com\/product\/rs086-wholesale-70cl-long-neck-round-whiskey-bottle-corked"]}]},{"@type":"BreadcrumbList","@id":"https:\/\/ruishengglassco.com\/product\/rs086-wholesale-70cl-long-neck-round-whiskey-bottle-corked#breadcrumb","itemListElement":[{"@type":"ListItem","position":1,"name":"Home","item":"https:\/\/ruishengglassco.com\/"},{"@type":"ListItem","position":2,"name":"Products","item":"https:\/\/ruishengglassco.com\/products"},{"@type":"ListItem","position":3,"name":"RS086: 70cl Long Neck Round Whiskey Bottle Corked"}]},{"@type":"WebSite","@id":"https:\/\/ruishengglassco.com\/#website","url":"https:\/\/ruishengglassco.com\/","name":"Ruisheng Glass","description":"","publisher":{"@id":"https:\/\/ruishengglassco.com\/#organization"},"potentialAction":[{"@type":"SearchAction","target":{"@type":"EntryPoint","urlTemplate":"https:\/\/ruishengglassco.com\/?s={search_term_string}"},"query-input":"required name=search_term_string"}],"inLanguage":"de"},{"@type":"Organization","@id":"https:\/\/ruishengglassco.com\/#organization","name":"Shandong Yuncheng Ruisheng Glass Co., Ltd","url":"https:\/\/ruishengglassco.com\/","logo":{"@type":"ImageObject","inLanguage":"de","@id":"https:\/\/ruishengglassco.com\/#\/schema\/logo\/image\/","url":"https:\/\/ruishengglassco.com\/wp-content\/uploads\/2023\/09\/ruisheng_logo_icon.webp","contentUrl":"https:\/\/ruishengglassco.com\/wp-content\/uploads\/2023\/09\/ruisheng_logo_icon.webp","width":400,"height":233,"caption":"Shandong Yuncheng Ruisheng Glass Co., Ltd"},"image":{"@id":"https:\/\/ruishengglassco.com\/#\/schema\/logo\/image\/"},"sameAs":["https:\/\/www.facebook.com\/ruishengglassbottles","https:\/\/www.instagram.com\/Ruishengglassbottlewholesales\/","https:\/\/www.youtube.com\/channel\/UCMmbMNGwsL-XrtjfSFLCdVQ"]}]}},"_links":{"self":[{"href":"https:\/\/ruishengglassco.com\/de\/wp-json\/wp\/v2\/product\/4228","targetHints":{"allow":["GET"]}}],"collection":[{"href":"https:\/\/ruishengglassco.com\/de\/wp-json\/wp\/v2\/product"}],"about":[{"href":"https:\/\/ruishengglassco.com\/de\/wp-json\/wp\/v2\/types\/product"}],"replies":[{"embeddable":true,"href":"https:\/\/ruishengglassco.com\/de\/wp-json\/wp\/v2\/comments?post=4228"}],"wp:featuredmedia":[{"embeddable":true,"href":"https:\/\/ruishengglassco.com\/de\/wp-json\/wp\/v2\/media\/4229"}],"wp:attachment":[{"href":"https:\/\/ruishengglassco.com\/de\/wp-json\/wp\/v2\/media?parent=4228"}],"wp:term":[{"taxonomy":"product_cat","embeddable":true,"href":"https:\/\/ruishengglassco.com\/de\/wp-json\/wp\/v2\/product_cat?post=4228"}],"curies":[{"name":"wp","href":"https:\/\/api.w.org\/{rel}","templated":true}]}}