{"id":4226,"date":"2025-03-15T10:03:51","date_gmt":"2025-03-15T02:03:51","guid":{"rendered":"https:\/\/ruishengglassco.com\/?post_type=product&#038;p=4226"},"modified":"2025-07-16T17:20:56","modified_gmt":"2025-07-16T09:20:56","slug":"rs087-groshandel-farbigen-glasflaschen-benutzerdefinierte-whiskey-flaschen","status":"publish","type":"product","link":"https:\/\/ruishengglassco.com\/de\/produkt\/rs087-groshandel-farbigen-glasflaschen-benutzerdefinierte-whiskey-flaschen","title":{"rendered":"RS087: Farbige Glasflaschen Individuelle Whiskeyflaschen"},"content":{"rendered":"<p>Der Gro\u00dfhandel farbigen Glasflaschen benutzerdefinierte Whiskey-Flasche Form ist schick, seine Form ist sehr neu. Als professioneller Glasflaschenlieferant produzieren wir eine breite Palette von kundenspezifischen Glasflaschen. Wir haben unseren eigenen einzigartigen Stil der Produktion.<\/p>\n<p>Wir haben eine Form f\u00fcr die Gestaltung von Glasflaschen, die es uns erm\u00f6glicht, Ihr Markenzeichen aufzudrucken und die Farbe nach Ihrer Wahl zu \u00e4ndern. Unsere Designer sind sehr kenntnisreich \u00fcber die Glasflaschenindustrie; es hat ein einzigartiges Gef\u00fchl f\u00fcr Glasflaschen.<\/p>\n<p>Unser Unternehmen hat viele erfahrene Mitarbeiter, die mit dem Produktionsprozess der Whiskey-Glasflasche sehr vertraut sind. Daher ist die Qualit\u00e4t unserer Produkte sehr hoch.<\/p>\n<h2>Gro\u00dfhandel farbige Glasflaschen benutzerdefinierte Whiskey-Flaschen<\/h2>\n<p>Die Informationen der Glasflasche wie unten:<\/p>\n<ul>\n<li>Hauptmaterial: Glas mit hohem Feuersteinanteil<\/li>\n<li>Kappe: Kork<\/li>\n<li>Referenz: RS087<\/li>\n<li>MOQ: 10000 PCS<\/li>\n<li>Kapazit\u00e4t: kundenspezifisch<\/li>\n<li>St\u00fcck\/Gebinde: 24 St\u00fcck<\/li>\n<li>Herkunft des Ortes: Shandong, China<\/li>\n<li>Besonderheit: Umweltfreundlich<\/li>\n<\/ul>\n<p>Unsere Hauptprodukte sind hochwertige Glasflaschen mit Stopfen, darunter Wodkaflaschen, Schnapsflaschen, Whiskeyflaschen, Lik\u00f6rflaschen, Marmeladenflaschen und vieles mehr. Wir k\u00f6nnen auch Braunglasflaschen, gr\u00fcne Flaschen und Wasserflaschen anbieten. Unsere wichtigsten M\u00e4rkte sind Europa, die Vereinigten Staaten, Australien und Kanada. Alle unsere Produkte sind f\u00fcr ihre Innovation und Funktionalit\u00e4t bekannt.<\/p>\n<p>Wir k\u00f6nnen verschiedene Gr\u00f6\u00dfen f\u00fcr diese leere Glasflasche herstellen, wie 500ml, 700ml, 750ml und 1000ml. Au\u00dferdem k\u00f6nnen wir die Flasche tiefgehend bearbeiten. Dazu geh\u00f6ren Druck, Glasur und mehr.<\/p>\n<p>Wenn Sie an dieser individuellen Whiskeyflasche interessiert sind, z\u00f6gern Sie bitte nicht, uns zu kontaktieren. Wenn Sie nicht wie diese Flasche, k\u00f6nnen wir Ihnen die Website unseres Unternehmens, und Sie k\u00f6nnen jemanden, den Sie m\u00f6gen, zu w\u00e4hlen.<\/p>\n<p>Au\u00dferdem laden wir Sie ein, unser Werk zu besichtigen, wo Sie jemand durch die Anlage f\u00fchren wird.<\/p>\n<p>Ich hoffe, dass Ihnen diese Flasche gef\u00e4llt und Sie sie bestellen k\u00f6nnen.<\/p>\n<p>Wenn Sie an unseren farbigen Glasflaschen f\u00fcr den Gro\u00dfhandel und kundenspezifischen Whiskeyflaschen interessiert sind, kontaktieren Sie uns bitte. Wir werden Ihnen innerhalb von 24 Stunden antworten.<\/p>","protected":false},"excerpt":{"rendered":"<table class=\"tg\">\n<tbody>\n<tr>\n<th class=\"tg-24i8\" colspan=\"2\">Gro\u00dfhandel farbige Glasflaschen benutzerdefinierte Whiskey-Flaschen<\/th>\n<\/tr>\n<tr>\n<td class=\"tg-b7b8\">Referenz:<\/td>\n<td class=\"tg-b7b8\">RS087<\/td>\n<\/tr>\n<tr>\n<td class=\"tg-yw4l\">Hauptmaterial:<\/td>\n<td class=\"tg-yw4l\">Hochflintglas (dieses Material wird auch als kristallwei\u00dfes Glas bezeichnet)<\/td>\n<\/tr>\n<tr>\n<td class=\"tg-b7b8\">Kappe:<\/td>\n<td class=\"tg-b7b8\">Kork<\/td>\n<\/tr>\n<tr>\n<td class=\"tg-yw4l\">Kapazit\u00e4t:<\/td>\n<td class=\"tg-yw4l\">Benutzerdefiniert<\/td>\n<\/tr>\n<tr>\n<td class=\"tg-b7b8\">Merkmal:<\/td>\n<td class=\"tg-b7b8\">Umweltfreundlich<\/td>\n<\/tr>\n<tr>\n<td class=\"tg-yw4l\">MOQ:<\/td>\n<td class=\"tg-yw4l\">10000 PCS<\/td>\n<\/tr>\n<tr>\n<td class=\"tg-b7b8\">Art der Verpackung:<\/td>\n<td class=\"tg-b7b8\">Export Standardkarton \/ Palette \/ Export Standardkarton und Palette<\/td>\n<\/tr>\n<tr>\n<td class=\"tg-yw4l\">OEM\/ODM:<\/td>\n<td class=\"tg-yw4l\">Willkommen<\/td>\n<\/tr>\n<tr>\n<td class=\"tg-b7b8\">Herkunft des Ortes:<\/td>\n<td class=\"tg-b7b8\">Shandong, China<\/td>\n<\/tr>\n<tr>\n<td class=\"tg-yw4l\">Stck.\/Ktn:<\/td>\n<td class=\"tg-yw4l\">24 St\u00fcck oder nach Kundenwunsch<\/td>\n<\/tr>\n<\/tbody>\n<\/table>","protected":false},"featured_media":4227,"comment_status":"closed","ping_status":"closed","template":"","meta":[],"product_cat":[45,54],"class_list":{"0":"post-4226","1":"product","2":"type-product","3":"status-publish","4":"has-post-thumbnail","6":"product_cat-custom-glass-bottle","7":"product_cat-whiskey-bottle","9":"first","10":"instock","11":"shipping-taxable","12":"product-type-simple"},"yoast_head":"<!-- This site is optimized with the Yoast SEO plugin v22.0 - https:\/\/yoast.com\/wordpress\/plugins\/seo\/ -->\n<title>Colored Glass Bottles Custom Whiskey Bottles<\/title>\n<meta name=\"description\" content=\"The wholesale colored glass bottles custom whiskey bottles shape is fancy,its shape is very novel.Main material: high flint glass\" \/>\n<meta name=\"robots\" content=\"index, follow, max-snippet:-1, max-image-preview:large, max-video-preview:-1\" \/>\n<link rel=\"canonical\" href=\"https:\/\/ruishengglassco.com\/de\/produkt\/rs087-groshandel-farbigen-glasflaschen-benutzerdefinierte-whiskey-flaschen\" \/>\n<meta property=\"og:locale\" content=\"de_DE\" \/>\n<meta property=\"og:type\" content=\"article\" \/>\n<meta property=\"og:title\" content=\"Colored Glass Bottles Custom Whiskey Bottles\" \/>\n<meta property=\"og:description\" content=\"The wholesale colored glass bottles custom whiskey bottles shape is fancy,its shape is very novel.Main material: high flint glass\" \/>\n<meta property=\"og:url\" content=\"https:\/\/ruishengglassco.com\/de\/produkt\/rs087-groshandel-farbigen-glasflaschen-benutzerdefinierte-whiskey-flaschen\" \/>\n<meta property=\"article:publisher\" content=\"https:\/\/www.facebook.com\/ruishengglassbottles\" \/>\n<meta property=\"article:modified_time\" content=\"2025-07-16T09:20:56+00:00\" \/>\n<meta property=\"og:image\" content=\"https:\/\/ruishengglassco.com\/wp-content\/uploads\/2025\/03\/RS087-Wholesale-Colored-Glass-Bottles-Custom-Whiskey-Bottles.webp\" \/>\n\t<meta property=\"og:image:width\" content=\"400\" \/>\n\t<meta property=\"og:image:height\" content=\"400\" \/>\n\t<meta property=\"og:image:type\" content=\"image\/webp\" \/>\n<meta name=\"twitter:card\" content=\"summary_large_image\" \/>\n<meta name=\"twitter:label1\" content=\"Gesch\u00e4tzte Lesezeit\" \/>\n\t<meta name=\"twitter:data1\" content=\"2\u00a0Minuten\" \/>\n<script type=\"application\/ld+json\" class=\"yoast-schema-graph\">{\"@context\":\"https:\/\/schema.org\",\"@graph\":[{\"@type\":\"WebPage\",\"@id\":\"https:\/\/ruishengglassco.com\/product\/rs087-wholesale-colored-glass-bottles-custom-whiskey-bottles\",\"url\":\"https:\/\/ruishengglassco.com\/product\/rs087-wholesale-colored-glass-bottles-custom-whiskey-bottles\",\"name\":\"Colored Glass Bottles Custom Whiskey Bottles\",\"isPartOf\":{\"@id\":\"https:\/\/ruishengglassco.com\/#website\"},\"datePublished\":\"2025-03-15T02:03:51+00:00\",\"dateModified\":\"2025-07-16T09:20:56+00:00\",\"description\":\"The wholesale colored glass bottles custom whiskey bottles shape is fancy,its shape is very novel.Main material: high flint glass\",\"breadcrumb\":{\"@id\":\"https:\/\/ruishengglassco.com\/product\/rs087-wholesale-colored-glass-bottles-custom-whiskey-bottles#breadcrumb\"},\"inLanguage\":\"de\",\"potentialAction\":[{\"@type\":\"ReadAction\",\"target\":[\"https:\/\/ruishengglassco.com\/product\/rs087-wholesale-colored-glass-bottles-custom-whiskey-bottles\"]}]},{\"@type\":\"BreadcrumbList\",\"@id\":\"https:\/\/ruishengglassco.com\/product\/rs087-wholesale-colored-glass-bottles-custom-whiskey-bottles#breadcrumb\",\"itemListElement\":[{\"@type\":\"ListItem\",\"position\":1,\"name\":\"Home\",\"item\":\"https:\/\/ruishengglassco.com\/\"},{\"@type\":\"ListItem\",\"position\":2,\"name\":\"Products\",\"item\":\"https:\/\/ruishengglassco.com\/products\"},{\"@type\":\"ListItem\",\"position\":3,\"name\":\"RS087: Colored Glass Bottles Custom Whiskey Bottles\"}]},{\"@type\":\"WebSite\",\"@id\":\"https:\/\/ruishengglassco.com\/#website\",\"url\":\"https:\/\/ruishengglassco.com\/\",\"name\":\"Ruisheng Glass\",\"description\":\"\",\"publisher\":{\"@id\":\"https:\/\/ruishengglassco.com\/#organization\"},\"potentialAction\":[{\"@type\":\"SearchAction\",\"target\":{\"@type\":\"EntryPoint\",\"urlTemplate\":\"https:\/\/ruishengglassco.com\/?s={search_term_string}\"},\"query-input\":\"required name=search_term_string\"}],\"inLanguage\":\"de\"},{\"@type\":\"Organization\",\"@id\":\"https:\/\/ruishengglassco.com\/#organization\",\"name\":\"Shandong Yuncheng Ruisheng Glass Co., Ltd\",\"url\":\"https:\/\/ruishengglassco.com\/\",\"logo\":{\"@type\":\"ImageObject\",\"inLanguage\":\"de\",\"@id\":\"https:\/\/ruishengglassco.com\/#\/schema\/logo\/image\/\",\"url\":\"https:\/\/ruishengglassco.com\/wp-content\/uploads\/2023\/09\/ruisheng_logo_icon.webp\",\"contentUrl\":\"https:\/\/ruishengglassco.com\/wp-content\/uploads\/2023\/09\/ruisheng_logo_icon.webp\",\"width\":400,\"height\":233,\"caption\":\"Shandong Yuncheng Ruisheng Glass Co., Ltd\"},\"image\":{\"@id\":\"https:\/\/ruishengglassco.com\/#\/schema\/logo\/image\/\"},\"sameAs\":[\"https:\/\/www.facebook.com\/ruishengglassbottles\",\"https:\/\/www.instagram.com\/Ruishengglassbottlewholesales\/\",\"https:\/\/www.youtube.com\/channel\/UCMmbMNGwsL-XrtjfSFLCdVQ\"]}]}<\/script>\n<!-- \/ Yoast SEO plugin. -->","yoast_head_json":{"title":"Colored Glass Bottles Custom Whiskey Bottles","description":"The wholesale colored glass bottles custom whiskey bottles shape is fancy,its shape is very novel.Main material: high flint glass","robots":{"index":"index","follow":"follow","max-snippet":"max-snippet:-1","max-image-preview":"max-image-preview:large","max-video-preview":"max-video-preview:-1"},"canonical":"https:\/\/ruishengglassco.com\/de\/produkt\/rs087-groshandel-farbigen-glasflaschen-benutzerdefinierte-whiskey-flaschen","og_locale":"de_DE","og_type":"article","og_title":"Colored Glass Bottles Custom Whiskey Bottles","og_description":"The wholesale colored glass bottles custom whiskey bottles shape is fancy,its shape is very novel.Main material: high flint glass","og_url":"https:\/\/ruishengglassco.com\/de\/produkt\/rs087-groshandel-farbigen-glasflaschen-benutzerdefinierte-whiskey-flaschen","article_publisher":"https:\/\/www.facebook.com\/ruishengglassbottles","article_modified_time":"2025-07-16T09:20:56+00:00","og_image":[{"width":400,"height":400,"url":"https:\/\/ruishengglassco.com\/wp-content\/uploads\/2025\/03\/RS087-Wholesale-Colored-Glass-Bottles-Custom-Whiskey-Bottles.webp","type":"image\/webp"}],"twitter_card":"summary_large_image","twitter_misc":{"Gesch\u00e4tzte Lesezeit":"2\u00a0Minuten"},"schema":{"@context":"https:\/\/schema.org","@graph":[{"@type":"WebPage","@id":"https:\/\/ruishengglassco.com\/product\/rs087-wholesale-colored-glass-bottles-custom-whiskey-bottles","url":"https:\/\/ruishengglassco.com\/product\/rs087-wholesale-colored-glass-bottles-custom-whiskey-bottles","name":"Colored Glass Bottles Custom Whiskey Bottles","isPartOf":{"@id":"https:\/\/ruishengglassco.com\/#website"},"datePublished":"2025-03-15T02:03:51+00:00","dateModified":"2025-07-16T09:20:56+00:00","description":"The wholesale colored glass bottles custom whiskey bottles shape is fancy,its shape is very novel.Main material: high flint glass","breadcrumb":{"@id":"https:\/\/ruishengglassco.com\/product\/rs087-wholesale-colored-glass-bottles-custom-whiskey-bottles#breadcrumb"},"inLanguage":"de","potentialAction":[{"@type":"ReadAction","target":["https:\/\/ruishengglassco.com\/product\/rs087-wholesale-colored-glass-bottles-custom-whiskey-bottles"]}]},{"@type":"BreadcrumbList","@id":"https:\/\/ruishengglassco.com\/product\/rs087-wholesale-colored-glass-bottles-custom-whiskey-bottles#breadcrumb","itemListElement":[{"@type":"ListItem","position":1,"name":"Home","item":"https:\/\/ruishengglassco.com\/"},{"@type":"ListItem","position":2,"name":"Products","item":"https:\/\/ruishengglassco.com\/products"},{"@type":"ListItem","position":3,"name":"RS087: Colored Glass Bottles Custom Whiskey Bottles"}]},{"@type":"WebSite","@id":"https:\/\/ruishengglassco.com\/#website","url":"https:\/\/ruishengglassco.com\/","name":"Ruisheng Glass","description":"","publisher":{"@id":"https:\/\/ruishengglassco.com\/#organization"},"potentialAction":[{"@type":"SearchAction","target":{"@type":"EntryPoint","urlTemplate":"https:\/\/ruishengglassco.com\/?s={search_term_string}"},"query-input":"required name=search_term_string"}],"inLanguage":"de"},{"@type":"Organization","@id":"https:\/\/ruishengglassco.com\/#organization","name":"Shandong Yuncheng Ruisheng Glass Co., Ltd","url":"https:\/\/ruishengglassco.com\/","logo":{"@type":"ImageObject","inLanguage":"de","@id":"https:\/\/ruishengglassco.com\/#\/schema\/logo\/image\/","url":"https:\/\/ruishengglassco.com\/wp-content\/uploads\/2023\/09\/ruisheng_logo_icon.webp","contentUrl":"https:\/\/ruishengglassco.com\/wp-content\/uploads\/2023\/09\/ruisheng_logo_icon.webp","width":400,"height":233,"caption":"Shandong Yuncheng Ruisheng Glass Co., Ltd"},"image":{"@id":"https:\/\/ruishengglassco.com\/#\/schema\/logo\/image\/"},"sameAs":["https:\/\/www.facebook.com\/ruishengglassbottles","https:\/\/www.instagram.com\/Ruishengglassbottlewholesales\/","https:\/\/www.youtube.com\/channel\/UCMmbMNGwsL-XrtjfSFLCdVQ"]}]}},"_links":{"self":[{"href":"https:\/\/ruishengglassco.com\/de\/wp-json\/wp\/v2\/product\/4226","targetHints":{"allow":["GET"]}}],"collection":[{"href":"https:\/\/ruishengglassco.com\/de\/wp-json\/wp\/v2\/product"}],"about":[{"href":"https:\/\/ruishengglassco.com\/de\/wp-json\/wp\/v2\/types\/product"}],"replies":[{"embeddable":true,"href":"https:\/\/ruishengglassco.com\/de\/wp-json\/wp\/v2\/comments?post=4226"}],"wp:featuredmedia":[{"embeddable":true,"href":"https:\/\/ruishengglassco.com\/de\/wp-json\/wp\/v2\/media\/4227"}],"wp:attachment":[{"href":"https:\/\/ruishengglassco.com\/de\/wp-json\/wp\/v2\/media?parent=4226"}],"wp:term":[{"taxonomy":"product_cat","embeddable":true,"href":"https:\/\/ruishengglassco.com\/de\/wp-json\/wp\/v2\/product_cat?post=4226"}],"curies":[{"name":"wp","href":"https:\/\/api.w.org\/{rel}","templated":true}]}}