{"id":4224,"date":"2025-03-15T10:01:04","date_gmt":"2025-03-15T02:01:04","guid":{"rendered":"https:\/\/ruishengglassco.com\/?post_type=product&#038;p=4224"},"modified":"2025-07-17T13:58:10","modified_gmt":"2025-07-17T05:58:10","slug":"rs088-750ml-whiskey-glasflasche-hersteller","status":"publish","type":"product","link":"https:\/\/ruishengglassco.com\/de\/produkt\/rs088-750ml-whiskey-glasflasche-hersteller","title":{"rendered":"RS088: 750ml Whiskey Glasflaschen Hersteller"},"content":{"rendered":"<p><span data-preserver-spaces=\"true\">Die\u00a0<\/span><strong><span data-preserver-spaces=\"true\">750ml Whiskey Glasflasche Gro\u00dfhandel<\/span><\/strong><span data-preserver-spaces=\"true\"> zu verkaufen <\/span><span data-preserver-spaces=\"true\">hergestellt wird<\/span><span data-preserver-spaces=\"true\"> von Shandong Yuncheng Ruisheng Glass Co., Ltd. Unser Unternehmen ist einer der gr\u00f6\u00dften Hersteller von 750-ml-Whiskey-Flaschen in China.<\/span><\/p>\n<p><span data-preserver-spaces=\"true\">Die 750ml leere Whiskey-Flaschen zu verkaufen <\/span><span data-preserver-spaces=\"true\">gemacht werden<\/span><span data-preserver-spaces=\"true\"> aus hochwertigem Flintglas, das die Glasflaschen klarer, haltbarer und glatter macht.<\/span><\/p>\n<p><span data-preserver-spaces=\"true\">Als Fachmann\u00a0<\/span><strong><em><span data-preserver-spaces=\"true\">Lieferant f\u00fcr Whiskeyflaschen aus Glas<\/span><\/em><\/strong><span data-preserver-spaces=\"true\">Unser Unternehmen besch\u00e4ftigt \u00fcber 500 Mitarbeiter und verf\u00fcgt \u00fcber ein Team von qualifizierten Ingenieuren. <\/span><span data-preserver-spaces=\"true\">Mit <\/span><span data-preserver-spaces=\"true\">reich<\/span><span data-preserver-spaces=\"true\"> Erfahrung, haben wir eine <\/span><span data-preserver-spaces=\"true\">gut<\/span><span data-preserver-spaces=\"true\"> Ruf <\/span><span data-preserver-spaces=\"true\">\u00fcberall auf der Welt<\/span><span data-preserver-spaces=\"true\">.<\/span><\/p>\n<p><span data-preserver-spaces=\"true\">Unsere Hauptprodukte sind hochwertige Getr\u00e4nkeflaschen aus Glas<\/span><span data-preserver-spaces=\"true\">, <\/span><span data-preserver-spaces=\"true\">einschlie\u00dflich Wodkaflaschen, Schnapsflaschen, Whiskeyflaschen, Lik\u00f6rflaschen, Marmeladenflaschen und mehr. Wir k\u00f6nnen auch Braunglasflaschen, gr\u00fcne Flaschen und Wasserflaschen anbieten. <\/span><span data-preserver-spaces=\"true\">Unser <\/span><span data-preserver-spaces=\"true\">Haupt<\/span><span data-preserver-spaces=\"true\"> M\u00e4rkte <\/span><span data-preserver-spaces=\"true\">sind<\/span><span data-preserver-spaces=\"true\"> Europa, <\/span><span data-preserver-spaces=\"true\">die <\/span><span data-preserver-spaces=\"true\">USA, Australien, <\/span><span data-preserver-spaces=\"true\">usw.<\/span><span data-preserver-spaces=\"true\">.<\/span><span data-preserver-spaces=\"true\"> Und alle<\/span><\/p>\n<p><span style=\"font-size: 14.4px;\">Produkte genie\u00dfen einen guten Ruf f\u00fcr Innovation und Funktionalit\u00e4t.<\/span><\/p>\n<h2>750ml Whiskey Glasflasche Gro\u00dfhandel<\/h2>\n<p>Die Informationen \u00fcber die 750ml Glasflaschen zum Verkauf wie unten:<\/p>\n<ul>\n<li>Hauptmaterial: Glas mit hohem Feuersteinanteil<\/li>\n<li>Verschluss: Schraubverschluss<\/li>\n<li>Referenz: RS088<\/li>\n<li>MOQ: 10000 PCS<\/li>\n<li>Fassungsverm\u00f6gen: 750ml<\/li>\n<li>St\u00fcck\/Gebinde: 24 St\u00fcck<\/li>\n<li>Herkunft des Ortes: Shandong, China<\/li>\n<li>Besonderheit: Umweltfreundlich<\/li>\n<\/ul>\n<p>Wir bieten mehr als nur 750ml Whiskey-Glasflaschen. Sehen Sie sich unsere 100ml und 250ml Whiskeyflaschen mit Stopfen an. Wir haben auch 375ml klare Whiskeyflaschen und 1000ml Spirituosenflaschen. Wenn Sie eine pers\u00f6nliche Note w\u00fcnschen, k\u00f6nnen wir die Flaschengr\u00f6\u00dfe, die Glasart und das Etikett f\u00fcr Ihre Whiskey-Karaffe individuell gestalten. Unser Ziel ist es, die besten Whiskey-Dekanter herzustellen und Kunden aus der ganzen Welt den besten Service zu bieten.<\/p>\n<p>Wenn Sie mehr \u00fcber unsere 750ml Whiskey-Glasflaschen erfahren m\u00f6chten, z\u00f6gern Sie bitte nicht, uns zu kontaktieren. Wir werden Ihnen innerhalb von 24 Stunden antworten.<\/p>","protected":false},"excerpt":{"rendered":"<p>750ml (25oz) Whiskey Glasflasche Gro\u00dfhandel. Sie hat ein auslaufsicheres Design und Schraubdeckel. Hergestellt aus haltbarem, High-Flint-Glas, ist es ideal f\u00fcr die Speicherung von Top-Qualit\u00e4t Whiskey.<\/p>\n<p>Individuelle Bestellung f\u00fcr Whiskey-Glasflaschen:<\/p>\n<ul>\n<li>Referenz: RS088<\/li>\n<li><strong>OEM\/ODM Service angeboten. MOQ:10000pcs(10000 PCS)<\/strong><\/li>\n<li>Verschluss: Schraubverschluss oder kundenspezifisch<\/li>\n<li>Material: Hochwertiges Flintglas<\/li>\n<li>H\u00f6he der Flasche:220mm<\/li>\n<li>Flaschendurchmesser: 90mm<\/li>\n<\/ul>","protected":false},"featured_media":4225,"comment_status":"closed","ping_status":"closed","template":"","meta":[],"product_cat":[40,54],"class_list":{"0":"post-4224","1":"product","2":"type-product","3":"status-publish","4":"has-post-thumbnail","6":"product_cat-750ml-liquor-bottle-manufacturer","7":"product_cat-whiskey-bottle","9":"first","10":"instock","11":"shipping-taxable","12":"product-type-simple"},"yoast_head":"<!-- This site is optimized with the Yoast SEO plugin v22.0 - https:\/\/yoast.com\/wordpress\/plugins\/seo\/ -->\n<title>Whiskey Glass Bottle Wholesale | Empty Whsikey Bottle Manufacturers<\/title>\n<meta name=\"description\" content=\"Buy Whiskey Glass Bottle Wholesale From China Empty Whsikey Bottle Manufacturers. Factory Outlet&amp;Bulk Price\" \/>\n<meta name=\"robots\" content=\"index, follow, max-snippet:-1, max-image-preview:large, max-video-preview:-1\" \/>\n<link rel=\"canonical\" href=\"https:\/\/ruishengglassco.com\/de\/produkt\/rs088-750ml-whiskey-glasflasche-hersteller\" \/>\n<meta property=\"og:locale\" content=\"de_DE\" \/>\n<meta property=\"og:type\" content=\"article\" \/>\n<meta property=\"og:title\" content=\"Whiskey Glass Bottle Wholesale | Empty Whsikey Bottle Manufacturers\" \/>\n<meta property=\"og:description\" content=\"Buy Whiskey Glass Bottle Wholesale From China Empty Whsikey Bottle Manufacturers. Factory Outlet&amp;Bulk Price\" \/>\n<meta property=\"og:url\" content=\"https:\/\/ruishengglassco.com\/de\/produkt\/rs088-750ml-whiskey-glasflasche-hersteller\" \/>\n<meta property=\"article:publisher\" content=\"https:\/\/www.facebook.com\/ruishengglassbottles\" \/>\n<meta property=\"article:modified_time\" content=\"2025-07-17T05:58:10+00:00\" \/>\n<meta property=\"og:image\" content=\"https:\/\/ruishengglassco.com\/wp-content\/uploads\/2025\/03\/RS088-750ml-Whiskey-Glass-Bottle-Manufacturers.webp\" \/>\n\t<meta property=\"og:image:width\" content=\"800\" \/>\n\t<meta property=\"og:image:height\" content=\"800\" \/>\n\t<meta property=\"og:image:type\" content=\"image\/webp\" \/>\n<meta name=\"twitter:card\" content=\"summary_large_image\" \/>\n<meta name=\"twitter:label1\" content=\"Gesch\u00e4tzte Lesezeit\" \/>\n\t<meta name=\"twitter:data1\" content=\"2\u00a0Minuten\" \/>\n<script type=\"application\/ld+json\" class=\"yoast-schema-graph\">{\"@context\":\"https:\/\/schema.org\",\"@graph\":[{\"@type\":\"WebPage\",\"@id\":\"https:\/\/ruishengglassco.com\/product\/rs088-750ml-whiskey-glass-bottle-manufacturers\",\"url\":\"https:\/\/ruishengglassco.com\/product\/rs088-750ml-whiskey-glass-bottle-manufacturers\",\"name\":\"Whiskey Glass Bottle Wholesale | Empty Whsikey Bottle Manufacturers\",\"isPartOf\":{\"@id\":\"https:\/\/ruishengglassco.com\/#website\"},\"datePublished\":\"2025-03-15T02:01:04+00:00\",\"dateModified\":\"2025-07-17T05:58:10+00:00\",\"description\":\"Buy Whiskey Glass Bottle Wholesale From China Empty Whsikey Bottle Manufacturers. Factory Outlet&Bulk Price\",\"breadcrumb\":{\"@id\":\"https:\/\/ruishengglassco.com\/product\/rs088-750ml-whiskey-glass-bottle-manufacturers#breadcrumb\"},\"inLanguage\":\"de\",\"potentialAction\":[{\"@type\":\"ReadAction\",\"target\":[\"https:\/\/ruishengglassco.com\/product\/rs088-750ml-whiskey-glass-bottle-manufacturers\"]}]},{\"@type\":\"BreadcrumbList\",\"@id\":\"https:\/\/ruishengglassco.com\/product\/rs088-750ml-whiskey-glass-bottle-manufacturers#breadcrumb\",\"itemListElement\":[{\"@type\":\"ListItem\",\"position\":1,\"name\":\"Home\",\"item\":\"https:\/\/ruishengglassco.com\/\"},{\"@type\":\"ListItem\",\"position\":2,\"name\":\"Products\",\"item\":\"https:\/\/ruishengglassco.com\/products\"},{\"@type\":\"ListItem\",\"position\":3,\"name\":\"RS088: 750ml Whiskey Glass Bottle Manufacturers\"}]},{\"@type\":\"WebSite\",\"@id\":\"https:\/\/ruishengglassco.com\/#website\",\"url\":\"https:\/\/ruishengglassco.com\/\",\"name\":\"Ruisheng Glass\",\"description\":\"\",\"publisher\":{\"@id\":\"https:\/\/ruishengglassco.com\/#organization\"},\"potentialAction\":[{\"@type\":\"SearchAction\",\"target\":{\"@type\":\"EntryPoint\",\"urlTemplate\":\"https:\/\/ruishengglassco.com\/?s={search_term_string}\"},\"query-input\":\"required name=search_term_string\"}],\"inLanguage\":\"de\"},{\"@type\":\"Organization\",\"@id\":\"https:\/\/ruishengglassco.com\/#organization\",\"name\":\"Shandong Yuncheng Ruisheng Glass Co., Ltd\",\"url\":\"https:\/\/ruishengglassco.com\/\",\"logo\":{\"@type\":\"ImageObject\",\"inLanguage\":\"de\",\"@id\":\"https:\/\/ruishengglassco.com\/#\/schema\/logo\/image\/\",\"url\":\"https:\/\/ruishengglassco.com\/wp-content\/uploads\/2023\/09\/ruisheng_logo_icon.webp\",\"contentUrl\":\"https:\/\/ruishengglassco.com\/wp-content\/uploads\/2023\/09\/ruisheng_logo_icon.webp\",\"width\":400,\"height\":233,\"caption\":\"Shandong Yuncheng Ruisheng Glass Co., Ltd\"},\"image\":{\"@id\":\"https:\/\/ruishengglassco.com\/#\/schema\/logo\/image\/\"},\"sameAs\":[\"https:\/\/www.facebook.com\/ruishengglassbottles\",\"https:\/\/www.instagram.com\/Ruishengglassbottlewholesales\/\",\"https:\/\/www.youtube.com\/channel\/UCMmbMNGwsL-XrtjfSFLCdVQ\"]}]}<\/script>\n<!-- \/ Yoast SEO plugin. -->","yoast_head_json":{"title":"Whiskey Glass Bottle Wholesale | Empty Whsikey Bottle Manufacturers","description":"Buy Whiskey Glass Bottle Wholesale From China Empty Whsikey Bottle Manufacturers. Factory Outlet&Bulk Price","robots":{"index":"index","follow":"follow","max-snippet":"max-snippet:-1","max-image-preview":"max-image-preview:large","max-video-preview":"max-video-preview:-1"},"canonical":"https:\/\/ruishengglassco.com\/de\/produkt\/rs088-750ml-whiskey-glasflasche-hersteller","og_locale":"de_DE","og_type":"article","og_title":"Whiskey Glass Bottle Wholesale | Empty Whsikey Bottle Manufacturers","og_description":"Buy Whiskey Glass Bottle Wholesale From China Empty Whsikey Bottle Manufacturers. Factory Outlet&Bulk Price","og_url":"https:\/\/ruishengglassco.com\/de\/produkt\/rs088-750ml-whiskey-glasflasche-hersteller","article_publisher":"https:\/\/www.facebook.com\/ruishengglassbottles","article_modified_time":"2025-07-17T05:58:10+00:00","og_image":[{"width":800,"height":800,"url":"https:\/\/ruishengglassco.com\/wp-content\/uploads\/2025\/03\/RS088-750ml-Whiskey-Glass-Bottle-Manufacturers.webp","type":"image\/webp"}],"twitter_card":"summary_large_image","twitter_misc":{"Gesch\u00e4tzte Lesezeit":"2\u00a0Minuten"},"schema":{"@context":"https:\/\/schema.org","@graph":[{"@type":"WebPage","@id":"https:\/\/ruishengglassco.com\/product\/rs088-750ml-whiskey-glass-bottle-manufacturers","url":"https:\/\/ruishengglassco.com\/product\/rs088-750ml-whiskey-glass-bottle-manufacturers","name":"Whiskey Glass Bottle Wholesale | Empty Whsikey Bottle Manufacturers","isPartOf":{"@id":"https:\/\/ruishengglassco.com\/#website"},"datePublished":"2025-03-15T02:01:04+00:00","dateModified":"2025-07-17T05:58:10+00:00","description":"Buy Whiskey Glass Bottle Wholesale From China Empty Whsikey Bottle Manufacturers. Factory Outlet&Bulk Price","breadcrumb":{"@id":"https:\/\/ruishengglassco.com\/product\/rs088-750ml-whiskey-glass-bottle-manufacturers#breadcrumb"},"inLanguage":"de","potentialAction":[{"@type":"ReadAction","target":["https:\/\/ruishengglassco.com\/product\/rs088-750ml-whiskey-glass-bottle-manufacturers"]}]},{"@type":"BreadcrumbList","@id":"https:\/\/ruishengglassco.com\/product\/rs088-750ml-whiskey-glass-bottle-manufacturers#breadcrumb","itemListElement":[{"@type":"ListItem","position":1,"name":"Home","item":"https:\/\/ruishengglassco.com\/"},{"@type":"ListItem","position":2,"name":"Products","item":"https:\/\/ruishengglassco.com\/products"},{"@type":"ListItem","position":3,"name":"RS088: 750ml Whiskey Glass Bottle Manufacturers"}]},{"@type":"WebSite","@id":"https:\/\/ruishengglassco.com\/#website","url":"https:\/\/ruishengglassco.com\/","name":"Ruisheng Glass","description":"","publisher":{"@id":"https:\/\/ruishengglassco.com\/#organization"},"potentialAction":[{"@type":"SearchAction","target":{"@type":"EntryPoint","urlTemplate":"https:\/\/ruishengglassco.com\/?s={search_term_string}"},"query-input":"required name=search_term_string"}],"inLanguage":"de"},{"@type":"Organization","@id":"https:\/\/ruishengglassco.com\/#organization","name":"Shandong Yuncheng Ruisheng Glass Co., Ltd","url":"https:\/\/ruishengglassco.com\/","logo":{"@type":"ImageObject","inLanguage":"de","@id":"https:\/\/ruishengglassco.com\/#\/schema\/logo\/image\/","url":"https:\/\/ruishengglassco.com\/wp-content\/uploads\/2023\/09\/ruisheng_logo_icon.webp","contentUrl":"https:\/\/ruishengglassco.com\/wp-content\/uploads\/2023\/09\/ruisheng_logo_icon.webp","width":400,"height":233,"caption":"Shandong Yuncheng Ruisheng Glass Co., Ltd"},"image":{"@id":"https:\/\/ruishengglassco.com\/#\/schema\/logo\/image\/"},"sameAs":["https:\/\/www.facebook.com\/ruishengglassbottles","https:\/\/www.instagram.com\/Ruishengglassbottlewholesales\/","https:\/\/www.youtube.com\/channel\/UCMmbMNGwsL-XrtjfSFLCdVQ"]}]}},"_links":{"self":[{"href":"https:\/\/ruishengglassco.com\/de\/wp-json\/wp\/v2\/product\/4224","targetHints":{"allow":["GET"]}}],"collection":[{"href":"https:\/\/ruishengglassco.com\/de\/wp-json\/wp\/v2\/product"}],"about":[{"href":"https:\/\/ruishengglassco.com\/de\/wp-json\/wp\/v2\/types\/product"}],"replies":[{"embeddable":true,"href":"https:\/\/ruishengglassco.com\/de\/wp-json\/wp\/v2\/comments?post=4224"}],"wp:featuredmedia":[{"embeddable":true,"href":"https:\/\/ruishengglassco.com\/de\/wp-json\/wp\/v2\/media\/4225"}],"wp:attachment":[{"href":"https:\/\/ruishengglassco.com\/de\/wp-json\/wp\/v2\/media?parent=4224"}],"wp:term":[{"taxonomy":"product_cat","embeddable":true,"href":"https:\/\/ruishengglassco.com\/de\/wp-json\/wp\/v2\/product_cat?post=4224"}],"curies":[{"name":"wp","href":"https:\/\/api.w.org\/{rel}","templated":true}]}}