{"id":4221,"date":"2025-03-15T09:58:11","date_gmt":"2025-03-15T01:58:11","guid":{"rendered":"https:\/\/ruishengglassco.com\/?post_type=product&#038;p=4221"},"modified":"2025-07-16T17:07:43","modified_gmt":"2025-07-16T09:07:43","slug":"rs089-1500ml-grose-flasche-wodka","status":"publish","type":"product","link":"https:\/\/ruishengglassco.com\/de\/produkt\/rs089-1500ml-grose-flasche-wodka","title":{"rendered":"RS089: 1500ml gro\u00dfe Flasche Wodka"},"content":{"rendered":"<p>Ruisheng ist ein professioneller Hersteller von Glasflaschen. Wir bieten seit 2009 Design- und Herstellungsdienstleistungen f\u00fcr gro\u00dfe Glasflaschen an. Unser Hauptprodukt ist leere Spirituosenflaschen f\u00fcr Alkohol, Whiskey, Wodka, Brandy, Rum, Gin, etc. Wir akzeptieren auch OEM\/ODM Service.<\/p>\n<p>Diese 1500ml Big Bottle of Vodka Wholesale verwendet Super Flint Glas. Dies macht die Flasche klar, glatt und transparent. Wir bieten gro\u00dfe Glasflaschen mit Deckeln f\u00fcr Weinkellereien, Einkaufszentren, Superm\u00e4rkte und Flaschengro\u00dfh\u00e4ndler. Hier sind einige Details \u00fcber diese extragro\u00dfen Glasflaschen.<\/p>\n<h2>\u00dcber 1500ml gro\u00dfe Flasche Wodka Gro\u00dfhandel<\/h2>\n<ul>\n<li><strong>Name des Produkts:<\/strong>\u00a01500ml gro\u00dfe Flasche Wodka<\/li>\n<li><strong>Marke:<\/strong>\u00a0Ruisheng<\/li>\n<li><strong>Kapazit\u00e4t:<\/strong>\u00a01.5L (auch 100ml, 25oml, 350ml, 700ml, 1000ml, etc. erh\u00e4ltlich)<\/li>\n<li><strong>Material:<\/strong>\u00a0Superflintglas-Materialien<\/li>\n<li><strong>Art der Versiegelung:<\/strong>\u00a0Kork, Guala-M\u00fctze, Crewing-M\u00fctze<\/li>\n<li><strong>Oberfl\u00e4che:<\/strong>\u00a0Frostdecal, Malerei, Hei\u00dfpr\u00e4gung, Pr\u00e4gung, Druck, golden, Siebdruck<\/li>\n<li><strong>Beispiel:<\/strong>\u00a0Frei unter Verwendung unserer bestehenden Form<\/li>\n<li><strong>Vorlaufzeit:<\/strong>\u00a020-30 Tage f\u00fcr Massenprodukte<\/li>\n<li><strong>Hafen\uff1a<\/strong>\u00a0Qingdao, China<\/li>\n<li><strong>Bezahlung\uff1a<\/strong>\u00a0T\/T, Paypal, Handelsversicherung<\/li>\n<\/ul>\n<p>Wenn Sie gro\u00dfe Glasflaschen mit Korken ben\u00f6tigen, wenden Sie sich bitte an uns! Unser Vertrieb wird Ihnen so schnell wie m\u00f6glich antworten.<\/p>","protected":false},"excerpt":{"rendered":"<table class=\"tg\">\n<colgroup>\n<col \/>\n<col \/><\/colgroup>\n<tbody>\n<tr>\n<th class=\"tg-wrg0\" colspan=\"2\">1500ml Gro\u00dfe Flasche Wodka Gro\u00dfhandel<\/th>\n<\/tr>\n<tr>\n<td class=\"tg-b7b8\">Hauptmaterial:<\/td>\n<td class=\"tg-b7b8\">Super-Flintglas<\/td>\n<\/tr>\n<tr>\n<td class=\"tg-yw4l\">Kappe:<\/td>\n<td class=\"tg-yw4l\">Kork<\/td>\n<\/tr>\n<tr>\n<td class=\"tg-b7b8\">Kapazit\u00e4t:<\/td>\n<td class=\"tg-b7b8\">1500ml<\/td>\n<\/tr>\n<tr>\n<td class=\"tg-yw4l\">Merkmal:<\/td>\n<td class=\"tg-yw4l\">Umweltfreundlich<\/td>\n<\/tr>\n<tr>\n<td class=\"tg-b7b8\">MOQ:<\/td>\n<td class=\"tg-b7b8\">10000 PCS<\/td>\n<\/tr>\n<tr>\n<td class=\"tg-yw4l\">Herkunft des Ortes:<\/td>\n<td class=\"tg-yw4l\">Shandong, China<\/td>\n<\/tr>\n<tr>\n<td class=\"tg-b7b8\">Stck.\/Ktn:<\/td>\n<td class=\"tg-b7b8\">24St\u00fcck<\/td>\n<\/tr>\n<tr>\n<td class=\"tg-yw4l\">Referenz:<\/td>\n<td class=\"tg-yw4l\">RS089<\/td>\n<\/tr>\n<\/tbody>\n<\/table>","protected":false},"featured_media":4222,"comment_status":"closed","ping_status":"closed","template":"","meta":[],"product_cat":[49,52],"class_list":{"0":"post-4221","1":"product","2":"type-product","3":"status-publish","4":"has-post-thumbnail","6":"product_cat-1500ml-liquor-bottle-manufacturer","7":"product_cat-vodka-bottle","9":"first","10":"instock","11":"shipping-taxable","12":"product-type-simple"},"yoast_head":"<!-- This site is optimized with the Yoast SEO plugin v22.0 - https:\/\/yoast.com\/wordpress\/plugins\/seo\/ -->\n<title>1500ml Big Bottle of Vodka Wholesale | Large Glass Bottle Manufacturer<\/title>\n<meta name=\"description\" content=\"1500ml Big Bottle of Vodka Wholesale Alway in Loweast Price! High Quality Large Glass Bottle from China Glass Botttle Manufacturers Here!\" \/>\n<meta name=\"robots\" content=\"index, follow, max-snippet:-1, max-image-preview:large, max-video-preview:-1\" \/>\n<link rel=\"canonical\" href=\"https:\/\/ruishengglassco.com\/de\/produkt\/rs089-1500ml-grose-flasche-wodka\" \/>\n<meta property=\"og:locale\" content=\"de_DE\" \/>\n<meta property=\"og:type\" content=\"article\" \/>\n<meta property=\"og:title\" content=\"1500ml Big Bottle of Vodka Wholesale | Large Glass Bottle Manufacturer\" \/>\n<meta property=\"og:description\" content=\"1500ml Big Bottle of Vodka Wholesale Alway in Loweast Price! High Quality Large Glass Bottle from China Glass Botttle Manufacturers Here!\" \/>\n<meta property=\"og:url\" content=\"https:\/\/ruishengglassco.com\/de\/produkt\/rs089-1500ml-grose-flasche-wodka\" \/>\n<meta property=\"article:publisher\" content=\"https:\/\/www.facebook.com\/ruishengglassbottles\" \/>\n<meta property=\"article:modified_time\" content=\"2025-07-16T09:07:43+00:00\" \/>\n<meta property=\"og:image\" content=\"https:\/\/ruishengglassco.com\/wp-content\/uploads\/2025\/03\/RS089-1500ml-Big-Bottle-of-Vodka.webp\" \/>\n\t<meta property=\"og:image:width\" content=\"640\" \/>\n\t<meta property=\"og:image:height\" content=\"640\" \/>\n\t<meta property=\"og:image:type\" content=\"image\/webp\" \/>\n<meta name=\"twitter:card\" content=\"summary_large_image\" \/>\n<meta name=\"twitter:label1\" content=\"Gesch\u00e4tzte Lesezeit\" \/>\n\t<meta name=\"twitter:data1\" content=\"1\u00a0Minute\" \/>\n<script type=\"application\/ld+json\" class=\"yoast-schema-graph\">{\"@context\":\"https:\/\/schema.org\",\"@graph\":[{\"@type\":\"WebPage\",\"@id\":\"https:\/\/ruishengglassco.com\/product\/rs089-1500ml-big-bottle-of-vodka\",\"url\":\"https:\/\/ruishengglassco.com\/product\/rs089-1500ml-big-bottle-of-vodka\",\"name\":\"1500ml Big Bottle of Vodka Wholesale | Large Glass Bottle Manufacturer\",\"isPartOf\":{\"@id\":\"https:\/\/ruishengglassco.com\/#website\"},\"datePublished\":\"2025-03-15T01:58:11+00:00\",\"dateModified\":\"2025-07-16T09:07:43+00:00\",\"description\":\"1500ml Big Bottle of Vodka Wholesale Alway in Loweast Price! High Quality Large Glass Bottle from China Glass Botttle Manufacturers Here!\",\"breadcrumb\":{\"@id\":\"https:\/\/ruishengglassco.com\/product\/rs089-1500ml-big-bottle-of-vodka#breadcrumb\"},\"inLanguage\":\"de\",\"potentialAction\":[{\"@type\":\"ReadAction\",\"target\":[\"https:\/\/ruishengglassco.com\/product\/rs089-1500ml-big-bottle-of-vodka\"]}]},{\"@type\":\"BreadcrumbList\",\"@id\":\"https:\/\/ruishengglassco.com\/product\/rs089-1500ml-big-bottle-of-vodka#breadcrumb\",\"itemListElement\":[{\"@type\":\"ListItem\",\"position\":1,\"name\":\"Home\",\"item\":\"https:\/\/ruishengglassco.com\/\"},{\"@type\":\"ListItem\",\"position\":2,\"name\":\"Products\",\"item\":\"https:\/\/ruishengglassco.com\/products\"},{\"@type\":\"ListItem\",\"position\":3,\"name\":\"RS089: 1500ml Big Bottle of Vodka\"}]},{\"@type\":\"WebSite\",\"@id\":\"https:\/\/ruishengglassco.com\/#website\",\"url\":\"https:\/\/ruishengglassco.com\/\",\"name\":\"Ruisheng Glass\",\"description\":\"\",\"publisher\":{\"@id\":\"https:\/\/ruishengglassco.com\/#organization\"},\"potentialAction\":[{\"@type\":\"SearchAction\",\"target\":{\"@type\":\"EntryPoint\",\"urlTemplate\":\"https:\/\/ruishengglassco.com\/?s={search_term_string}\"},\"query-input\":\"required name=search_term_string\"}],\"inLanguage\":\"de\"},{\"@type\":\"Organization\",\"@id\":\"https:\/\/ruishengglassco.com\/#organization\",\"name\":\"Shandong Yuncheng Ruisheng Glass Co., Ltd\",\"url\":\"https:\/\/ruishengglassco.com\/\",\"logo\":{\"@type\":\"ImageObject\",\"inLanguage\":\"de\",\"@id\":\"https:\/\/ruishengglassco.com\/#\/schema\/logo\/image\/\",\"url\":\"https:\/\/ruishengglassco.com\/wp-content\/uploads\/2023\/09\/ruisheng_logo_icon.webp\",\"contentUrl\":\"https:\/\/ruishengglassco.com\/wp-content\/uploads\/2023\/09\/ruisheng_logo_icon.webp\",\"width\":400,\"height\":233,\"caption\":\"Shandong Yuncheng Ruisheng Glass Co., Ltd\"},\"image\":{\"@id\":\"https:\/\/ruishengglassco.com\/#\/schema\/logo\/image\/\"},\"sameAs\":[\"https:\/\/www.facebook.com\/ruishengglassbottles\",\"https:\/\/www.instagram.com\/Ruishengglassbottlewholesales\/\",\"https:\/\/www.youtube.com\/channel\/UCMmbMNGwsL-XrtjfSFLCdVQ\"]}]}<\/script>\n<!-- \/ Yoast SEO plugin. -->","yoast_head_json":{"title":"1500ml Big Bottle of Vodka Wholesale | Large Glass Bottle Manufacturer","description":"1500ml Big Bottle of Vodka Wholesale Alway in Loweast Price! High Quality Large Glass Bottle from China Glass Botttle Manufacturers Here!","robots":{"index":"index","follow":"follow","max-snippet":"max-snippet:-1","max-image-preview":"max-image-preview:large","max-video-preview":"max-video-preview:-1"},"canonical":"https:\/\/ruishengglassco.com\/de\/produkt\/rs089-1500ml-grose-flasche-wodka","og_locale":"de_DE","og_type":"article","og_title":"1500ml Big Bottle of Vodka Wholesale | Large Glass Bottle Manufacturer","og_description":"1500ml Big Bottle of Vodka Wholesale Alway in Loweast Price! High Quality Large Glass Bottle from China Glass Botttle Manufacturers Here!","og_url":"https:\/\/ruishengglassco.com\/de\/produkt\/rs089-1500ml-grose-flasche-wodka","article_publisher":"https:\/\/www.facebook.com\/ruishengglassbottles","article_modified_time":"2025-07-16T09:07:43+00:00","og_image":[{"width":640,"height":640,"url":"https:\/\/ruishengglassco.com\/wp-content\/uploads\/2025\/03\/RS089-1500ml-Big-Bottle-of-Vodka.webp","type":"image\/webp"}],"twitter_card":"summary_large_image","twitter_misc":{"Gesch\u00e4tzte Lesezeit":"1\u00a0Minute"},"schema":{"@context":"https:\/\/schema.org","@graph":[{"@type":"WebPage","@id":"https:\/\/ruishengglassco.com\/product\/rs089-1500ml-big-bottle-of-vodka","url":"https:\/\/ruishengglassco.com\/product\/rs089-1500ml-big-bottle-of-vodka","name":"1500ml Big Bottle of Vodka Wholesale | Large Glass Bottle Manufacturer","isPartOf":{"@id":"https:\/\/ruishengglassco.com\/#website"},"datePublished":"2025-03-15T01:58:11+00:00","dateModified":"2025-07-16T09:07:43+00:00","description":"1500ml Big Bottle of Vodka Wholesale Alway in Loweast Price! High Quality Large Glass Bottle from China Glass Botttle Manufacturers Here!","breadcrumb":{"@id":"https:\/\/ruishengglassco.com\/product\/rs089-1500ml-big-bottle-of-vodka#breadcrumb"},"inLanguage":"de","potentialAction":[{"@type":"ReadAction","target":["https:\/\/ruishengglassco.com\/product\/rs089-1500ml-big-bottle-of-vodka"]}]},{"@type":"BreadcrumbList","@id":"https:\/\/ruishengglassco.com\/product\/rs089-1500ml-big-bottle-of-vodka#breadcrumb","itemListElement":[{"@type":"ListItem","position":1,"name":"Home","item":"https:\/\/ruishengglassco.com\/"},{"@type":"ListItem","position":2,"name":"Products","item":"https:\/\/ruishengglassco.com\/products"},{"@type":"ListItem","position":3,"name":"RS089: 1500ml Big Bottle of Vodka"}]},{"@type":"WebSite","@id":"https:\/\/ruishengglassco.com\/#website","url":"https:\/\/ruishengglassco.com\/","name":"Ruisheng Glass","description":"","publisher":{"@id":"https:\/\/ruishengglassco.com\/#organization"},"potentialAction":[{"@type":"SearchAction","target":{"@type":"EntryPoint","urlTemplate":"https:\/\/ruishengglassco.com\/?s={search_term_string}"},"query-input":"required name=search_term_string"}],"inLanguage":"de"},{"@type":"Organization","@id":"https:\/\/ruishengglassco.com\/#organization","name":"Shandong Yuncheng Ruisheng Glass Co., Ltd","url":"https:\/\/ruishengglassco.com\/","logo":{"@type":"ImageObject","inLanguage":"de","@id":"https:\/\/ruishengglassco.com\/#\/schema\/logo\/image\/","url":"https:\/\/ruishengglassco.com\/wp-content\/uploads\/2023\/09\/ruisheng_logo_icon.webp","contentUrl":"https:\/\/ruishengglassco.com\/wp-content\/uploads\/2023\/09\/ruisheng_logo_icon.webp","width":400,"height":233,"caption":"Shandong Yuncheng Ruisheng Glass Co., Ltd"},"image":{"@id":"https:\/\/ruishengglassco.com\/#\/schema\/logo\/image\/"},"sameAs":["https:\/\/www.facebook.com\/ruishengglassbottles","https:\/\/www.instagram.com\/Ruishengglassbottlewholesales\/","https:\/\/www.youtube.com\/channel\/UCMmbMNGwsL-XrtjfSFLCdVQ"]}]}},"_links":{"self":[{"href":"https:\/\/ruishengglassco.com\/de\/wp-json\/wp\/v2\/product\/4221","targetHints":{"allow":["GET"]}}],"collection":[{"href":"https:\/\/ruishengglassco.com\/de\/wp-json\/wp\/v2\/product"}],"about":[{"href":"https:\/\/ruishengglassco.com\/de\/wp-json\/wp\/v2\/types\/product"}],"replies":[{"embeddable":true,"href":"https:\/\/ruishengglassco.com\/de\/wp-json\/wp\/v2\/comments?post=4221"}],"wp:featuredmedia":[{"embeddable":true,"href":"https:\/\/ruishengglassco.com\/de\/wp-json\/wp\/v2\/media\/4222"}],"wp:attachment":[{"href":"https:\/\/ruishengglassco.com\/de\/wp-json\/wp\/v2\/media?parent=4221"}],"wp:term":[{"taxonomy":"product_cat","embeddable":true,"href":"https:\/\/ruishengglassco.com\/de\/wp-json\/wp\/v2\/product_cat?post=4221"}],"curies":[{"name":"wp","href":"https:\/\/api.w.org\/{rel}","templated":true}]}}