{"id":4219,"date":"2025-03-15T09:55:03","date_gmt":"2025-03-15T01:55:03","guid":{"rendered":"https:\/\/ruishengglassco.com\/?post_type=product&#038;p=4219"},"modified":"2025-09-11T16:06:28","modified_gmt":"2025-09-11T08:06:28","slug":"rs091-250ml-leere-wodka-glasflasche","status":"publish","type":"product","link":"https:\/\/ruishengglassco.com\/de\/produkt\/rs091-250ml-leere-wodka-glasflasche","title":{"rendered":"RS091: 250ml leere Wodka-Glasflasche"},"content":{"rendered":"<p>Diese 250ml leere Wodka Glasflasche Gro\u00dfhandel ist eine unserer wichtigsten klaren Glasflaschen. Die leere Glasflasche ist mit einem Korken abgeschlossen. Seine elegante, runde Form macht die 250ml leere Wodka-Flaschen eine gute Wahl f\u00fcr ein Getr\u00e4nk.<\/p>\n<p>Diese Mini-Glasflasche mit Stopfen ist sehr klar, so dass man die Fl\u00fcssigkeit im Inneren gut sehen kann. Sie k\u00f6nnen die Fl\u00fcssigkeit sch\u00e4tzen, w\u00e4hrend Sie den Wodka genie\u00dfen. Diese Schnapsflasche ist f\u00fcr den Gro\u00dfhandel sehr haltbar. Nachdem Sie die Fl\u00fcssigkeit getrunken haben, k\u00f6nnen Sie diese Glasflasche verwenden, um eine DIY-Dekoration zu schaffen.<\/p>\n<p>Die Verschlussart dieser 250ml leeren Wodka-Glasflasche ist Kork. Sie k\u00f6nnen den Hochpolymer-Korken, den Holzkorken oder den komplexen Korken w\u00e4hlen. Wenn Sie einen Glaskorken f\u00fcr diese Flasche ben\u00f6tigen, k\u00f6nnen wir ihn Ihnen auch anbieten.<\/p>\n<h4>Die Details der 250ml leere Wodka Glasflasche<\/h4>\n<p>Die Informationen der Glasflaschen als Br\u00fcllen:<\/p>\n<ul>\n<li>Hauptmaterial: Hochwertiges Flintglas<\/li>\n<li>Kappe: Kork<\/li>\n<li>Referenz: RS091<\/li>\n<li>MOQ: 10000 PCS<\/li>\n<li>Fassungsverm\u00f6gen: 250ml<\/li>\n<li>Art der Verpackung: Karton, Palette, Karton und Palette<\/li>\n<li>Herkunft des Ortes: Shandong, China<\/li>\n<li>Besonderheit: Umweltfreundlich<\/li>\n<\/ul>\n<p>Wenn Sie f\u00fcr diese 250-ml-Glasschnapsflasche eine tiefergehende Bearbeitung w\u00fcnschen, lassen Sie es uns bitte wissen. Sie haben die Wahl zwischen Aufklebern, Siebdruck, Glasur, Bemalung und mehr. Wir k\u00f6nnen die Flasche in jeder von Ihnen gew\u00fcnschten Farbe bemalen, auch in Gr\u00fcn oder Braun.<\/p>\n<p>Es gibt ungef\u00e4hr 500 Mitarbeiter und ein Team von qualifiziertem QC-Personal, das sicherstellt, dass alle leeren Spirituosenflaschen die Fabrik verlassen, nachdem sie unsere QC-Kontrollen bestanden haben. Unsere Gro\u00dfhandelsspirituosenflaschen werden in viele Orte und L\u00e4nder exportiert, wie z.B. Europa, Australien, Amerika, Neuseeland, und andere. Viele Kunden geben hohes Lob f\u00fcr unsere Weinglasflaschen.<\/p>\n<p>Angenommen, Sie sind daran interessiert, 250ml Wodka-Glasflaschen im Gro\u00dfhandel zu einem Gro\u00dfhandelspreis zu kaufen. Willkommen, uns zu kontaktieren. Wir werden unser Bestes f\u00fcr Sie tun. Was wir tun wollen, ist ein One-Stop-Service f\u00fcr jeden Freund auf der ganzen Welt zu bieten.<\/p>","protected":false},"excerpt":{"rendered":"<table class=\"tg\">\n<tbody>\n<tr>\n<th class=\"tg-24i8\" colspan=\"2\">250ml leere Wodka-Glasflasche<\/th>\n<\/tr>\n<tr>\n<td class=\"tg-b7b8\">Hauptmaterial:<\/td>\n<td class=\"tg-b7b8\">Hochwertiges Flintglas<\/td>\n<\/tr>\n<tr>\n<td class=\"tg-yw4l\">Kappe:<\/td>\n<td class=\"tg-yw4l\">Schraubverschluss<\/td>\n<\/tr>\n<tr>\n<td class=\"tg-b7b8\">Art der Verpackung<\/td>\n<td class=\"tg-b7b8\">Kartons, Paletten, Kartons und Paletten<\/td>\n<\/tr>\n<tr>\n<td class=\"tg-yw4l\">Merkmal:<\/td>\n<td class=\"tg-yw4l\">Umweltfreundlich<\/td>\n<\/tr>\n<tr>\n<td class=\"tg-b7b8\">MOQ:<\/td>\n<td class=\"tg-b7b8\">10000 PCS<\/td>\n<\/tr>\n<tr>\n<td class=\"tg-yw4l\">Herkunft des Ortes:<\/td>\n<td class=\"tg-yw4l\">Shandong, China<\/td>\n<\/tr>\n<tr>\n<td class=\"tg-b7b8\">Stck.\/Ktn:<\/td>\n<td class=\"tg-b7b8\">24St\u00fcck<\/td>\n<\/tr>\n<tr>\n<td class=\"tg-yw4l\">Referenz:<\/td>\n<td class=\"tg-yw4l\">RS091<\/td>\n<\/tr>\n<tr>\n<td class=\"tg-b7b8\">Versandart:<\/td>\n<td class=\"tg-b7b8\">Schiff,Express<\/td>\n<\/tr>\n<tr>\n<td class=\"tg-yw4l\">OEM\/ODM:<\/td>\n<td class=\"tg-yw4l\">Willkommen<\/td>\n<\/tr>\n<\/tbody>\n<\/table>","protected":false},"featured_media":4220,"comment_status":"closed","ping_status":"closed","template":"","meta":[],"product_cat":[47,52],"class_list":{"0":"post-4219","1":"product","2":"type-product","3":"status-publish","4":"has-post-thumbnail","6":"product_cat-250ml-liquor-bottle-manufacturer","7":"product_cat-vodka-bottle","9":"first","10":"instock","11":"shipping-taxable","12":"product-type-simple"},"yoast_head":"<!-- This site is optimized with the Yoast SEO plugin v22.0 - https:\/\/yoast.com\/wordpress\/plugins\/seo\/ -->\n<title>Buy 250ml Empty Vodka Glass Bottles In Bulk Wholesale Price<\/title>\n<meta name=\"description\" content=\"Buy 250ml Empty Vodka Glass Bottle In Bulk Wholesale Price From China Liquor Bottle Mnaufacturing Factory. Elegant, Round Shape, And High Quality.\" \/>\n<meta name=\"robots\" content=\"index, follow, max-snippet:-1, max-image-preview:large, max-video-preview:-1\" \/>\n<link rel=\"canonical\" href=\"https:\/\/ruishengglassco.com\/de\/produkt\/rs091-250ml-leere-wodka-glasflasche\" \/>\n<meta property=\"og:locale\" content=\"de_DE\" \/>\n<meta property=\"og:type\" content=\"article\" \/>\n<meta property=\"og:title\" content=\"Buy 250ml Empty Vodka Glass Bottles In Bulk Wholesale Price\" \/>\n<meta property=\"og:description\" content=\"Buy 250ml Empty Vodka Glass Bottle In Bulk Wholesale Price From China Liquor Bottle Mnaufacturing Factory. Elegant, Round Shape, And High Quality.\" \/>\n<meta property=\"og:url\" content=\"https:\/\/ruishengglassco.com\/de\/produkt\/rs091-250ml-leere-wodka-glasflasche\" \/>\n<meta property=\"article:publisher\" content=\"https:\/\/www.facebook.com\/ruishengglassbottles\" \/>\n<meta property=\"article:modified_time\" content=\"2025-09-11T08:06:28+00:00\" \/>\n<meta property=\"og:image\" content=\"https:\/\/ruishengglassco.com\/wp-content\/uploads\/2025\/03\/RS091-250ml-Empty-Vodka-Glass-Bottle.webp\" \/>\n\t<meta property=\"og:image:width\" content=\"800\" \/>\n\t<meta property=\"og:image:height\" content=\"800\" \/>\n\t<meta property=\"og:image:type\" content=\"image\/webp\" \/>\n<meta name=\"twitter:card\" content=\"summary_large_image\" \/>\n<meta name=\"twitter:label1\" content=\"Gesch\u00e4tzte Lesezeit\" \/>\n\t<meta name=\"twitter:data1\" content=\"2\u00a0Minuten\" \/>\n<script type=\"application\/ld+json\" class=\"yoast-schema-graph\">{\"@context\":\"https:\/\/schema.org\",\"@graph\":[{\"@type\":\"WebPage\",\"@id\":\"https:\/\/ruishengglassco.com\/product\/rs091-250ml-empty-vodka-glass-bottle\",\"url\":\"https:\/\/ruishengglassco.com\/product\/rs091-250ml-empty-vodka-glass-bottle\",\"name\":\"Buy 250ml Empty Vodka Glass Bottles In Bulk Wholesale Price\",\"isPartOf\":{\"@id\":\"https:\/\/ruishengglassco.com\/#website\"},\"datePublished\":\"2025-03-15T01:55:03+00:00\",\"dateModified\":\"2025-09-11T08:06:28+00:00\",\"description\":\"Buy 250ml Empty Vodka Glass Bottle In Bulk Wholesale Price From China Liquor Bottle Mnaufacturing Factory. Elegant, Round Shape, And High Quality.\",\"breadcrumb\":{\"@id\":\"https:\/\/ruishengglassco.com\/product\/rs091-250ml-empty-vodka-glass-bottle#breadcrumb\"},\"inLanguage\":\"de\",\"potentialAction\":[{\"@type\":\"ReadAction\",\"target\":[\"https:\/\/ruishengglassco.com\/product\/rs091-250ml-empty-vodka-glass-bottle\"]}]},{\"@type\":\"BreadcrumbList\",\"@id\":\"https:\/\/ruishengglassco.com\/product\/rs091-250ml-empty-vodka-glass-bottle#breadcrumb\",\"itemListElement\":[{\"@type\":\"ListItem\",\"position\":1,\"name\":\"Home\",\"item\":\"https:\/\/ruishengglassco.com\/\"},{\"@type\":\"ListItem\",\"position\":2,\"name\":\"Products\",\"item\":\"https:\/\/ruishengglassco.com\/products\"},{\"@type\":\"ListItem\",\"position\":3,\"name\":\"RS091: 250ml Empty Vodka Glass Bottle\"}]},{\"@type\":\"WebSite\",\"@id\":\"https:\/\/ruishengglassco.com\/#website\",\"url\":\"https:\/\/ruishengglassco.com\/\",\"name\":\"Ruisheng Glass\",\"description\":\"\",\"publisher\":{\"@id\":\"https:\/\/ruishengglassco.com\/#organization\"},\"potentialAction\":[{\"@type\":\"SearchAction\",\"target\":{\"@type\":\"EntryPoint\",\"urlTemplate\":\"https:\/\/ruishengglassco.com\/?s={search_term_string}\"},\"query-input\":\"required name=search_term_string\"}],\"inLanguage\":\"de\"},{\"@type\":\"Organization\",\"@id\":\"https:\/\/ruishengglassco.com\/#organization\",\"name\":\"Shandong Yuncheng Ruisheng Glass Co., Ltd\",\"url\":\"https:\/\/ruishengglassco.com\/\",\"logo\":{\"@type\":\"ImageObject\",\"inLanguage\":\"de\",\"@id\":\"https:\/\/ruishengglassco.com\/#\/schema\/logo\/image\/\",\"url\":\"https:\/\/ruishengglassco.com\/wp-content\/uploads\/2023\/09\/ruisheng_logo_icon.webp\",\"contentUrl\":\"https:\/\/ruishengglassco.com\/wp-content\/uploads\/2023\/09\/ruisheng_logo_icon.webp\",\"width\":400,\"height\":233,\"caption\":\"Shandong Yuncheng Ruisheng Glass Co., Ltd\"},\"image\":{\"@id\":\"https:\/\/ruishengglassco.com\/#\/schema\/logo\/image\/\"},\"sameAs\":[\"https:\/\/www.facebook.com\/ruishengglassbottles\",\"https:\/\/www.instagram.com\/Ruishengglassbottlewholesales\/\",\"https:\/\/www.youtube.com\/channel\/UCMmbMNGwsL-XrtjfSFLCdVQ\"]}]}<\/script>\n<!-- \/ Yoast SEO plugin. -->","yoast_head_json":{"title":"Buy 250ml Empty Vodka Glass Bottles In Bulk Wholesale Price","description":"Buy 250ml Empty Vodka Glass Bottle In Bulk Wholesale Price From China Liquor Bottle Mnaufacturing Factory. Elegant, Round Shape, And High Quality.","robots":{"index":"index","follow":"follow","max-snippet":"max-snippet:-1","max-image-preview":"max-image-preview:large","max-video-preview":"max-video-preview:-1"},"canonical":"https:\/\/ruishengglassco.com\/de\/produkt\/rs091-250ml-leere-wodka-glasflasche","og_locale":"de_DE","og_type":"article","og_title":"Buy 250ml Empty Vodka Glass Bottles In Bulk Wholesale Price","og_description":"Buy 250ml Empty Vodka Glass Bottle In Bulk Wholesale Price From China Liquor Bottle Mnaufacturing Factory. Elegant, Round Shape, And High Quality.","og_url":"https:\/\/ruishengglassco.com\/de\/produkt\/rs091-250ml-leere-wodka-glasflasche","article_publisher":"https:\/\/www.facebook.com\/ruishengglassbottles","article_modified_time":"2025-09-11T08:06:28+00:00","og_image":[{"width":800,"height":800,"url":"https:\/\/ruishengglassco.com\/wp-content\/uploads\/2025\/03\/RS091-250ml-Empty-Vodka-Glass-Bottle.webp","type":"image\/webp"}],"twitter_card":"summary_large_image","twitter_misc":{"Gesch\u00e4tzte Lesezeit":"2\u00a0Minuten"},"schema":{"@context":"https:\/\/schema.org","@graph":[{"@type":"WebPage","@id":"https:\/\/ruishengglassco.com\/product\/rs091-250ml-empty-vodka-glass-bottle","url":"https:\/\/ruishengglassco.com\/product\/rs091-250ml-empty-vodka-glass-bottle","name":"Buy 250ml Empty Vodka Glass Bottles In Bulk Wholesale Price","isPartOf":{"@id":"https:\/\/ruishengglassco.com\/#website"},"datePublished":"2025-03-15T01:55:03+00:00","dateModified":"2025-09-11T08:06:28+00:00","description":"Buy 250ml Empty Vodka Glass Bottle In Bulk Wholesale Price From China Liquor Bottle Mnaufacturing Factory. Elegant, Round Shape, And High Quality.","breadcrumb":{"@id":"https:\/\/ruishengglassco.com\/product\/rs091-250ml-empty-vodka-glass-bottle#breadcrumb"},"inLanguage":"de","potentialAction":[{"@type":"ReadAction","target":["https:\/\/ruishengglassco.com\/product\/rs091-250ml-empty-vodka-glass-bottle"]}]},{"@type":"BreadcrumbList","@id":"https:\/\/ruishengglassco.com\/product\/rs091-250ml-empty-vodka-glass-bottle#breadcrumb","itemListElement":[{"@type":"ListItem","position":1,"name":"Home","item":"https:\/\/ruishengglassco.com\/"},{"@type":"ListItem","position":2,"name":"Products","item":"https:\/\/ruishengglassco.com\/products"},{"@type":"ListItem","position":3,"name":"RS091: 250ml Empty Vodka Glass Bottle"}]},{"@type":"WebSite","@id":"https:\/\/ruishengglassco.com\/#website","url":"https:\/\/ruishengglassco.com\/","name":"Ruisheng Glass","description":"","publisher":{"@id":"https:\/\/ruishengglassco.com\/#organization"},"potentialAction":[{"@type":"SearchAction","target":{"@type":"EntryPoint","urlTemplate":"https:\/\/ruishengglassco.com\/?s={search_term_string}"},"query-input":"required name=search_term_string"}],"inLanguage":"de"},{"@type":"Organization","@id":"https:\/\/ruishengglassco.com\/#organization","name":"Shandong Yuncheng Ruisheng Glass Co., Ltd","url":"https:\/\/ruishengglassco.com\/","logo":{"@type":"ImageObject","inLanguage":"de","@id":"https:\/\/ruishengglassco.com\/#\/schema\/logo\/image\/","url":"https:\/\/ruishengglassco.com\/wp-content\/uploads\/2023\/09\/ruisheng_logo_icon.webp","contentUrl":"https:\/\/ruishengglassco.com\/wp-content\/uploads\/2023\/09\/ruisheng_logo_icon.webp","width":400,"height":233,"caption":"Shandong Yuncheng Ruisheng Glass Co., Ltd"},"image":{"@id":"https:\/\/ruishengglassco.com\/#\/schema\/logo\/image\/"},"sameAs":["https:\/\/www.facebook.com\/ruishengglassbottles","https:\/\/www.instagram.com\/Ruishengglassbottlewholesales\/","https:\/\/www.youtube.com\/channel\/UCMmbMNGwsL-XrtjfSFLCdVQ"]}]}},"_links":{"self":[{"href":"https:\/\/ruishengglassco.com\/de\/wp-json\/wp\/v2\/product\/4219","targetHints":{"allow":["GET"]}}],"collection":[{"href":"https:\/\/ruishengglassco.com\/de\/wp-json\/wp\/v2\/product"}],"about":[{"href":"https:\/\/ruishengglassco.com\/de\/wp-json\/wp\/v2\/types\/product"}],"replies":[{"embeddable":true,"href":"https:\/\/ruishengglassco.com\/de\/wp-json\/wp\/v2\/comments?post=4219"}],"wp:featuredmedia":[{"embeddable":true,"href":"https:\/\/ruishengglassco.com\/de\/wp-json\/wp\/v2\/media\/4220"}],"wp:attachment":[{"href":"https:\/\/ruishengglassco.com\/de\/wp-json\/wp\/v2\/media?parent=4219"}],"wp:term":[{"taxonomy":"product_cat","embeddable":true,"href":"https:\/\/ruishengglassco.com\/de\/wp-json\/wp\/v2\/product_cat?post=4219"}],"curies":[{"name":"wp","href":"https:\/\/api.w.org\/{rel}","templated":true}]}}