{"id":4217,"date":"2025-03-15T09:52:30","date_gmt":"2025-03-15T01:52:30","guid":{"rendered":"https:\/\/ruishengglassco.com\/?post_type=product&#038;p=4217"},"modified":"2025-09-11T17:01:43","modified_gmt":"2025-09-11T09:01:43","slug":"rs093-1000ml-boston-runde-glasflaschen-groshandel-wodka","status":"publish","type":"product","link":"https:\/\/ruishengglassco.com\/de\/produkt\/rs093-1000ml-boston-runde-glasflaschen-groshandel-wodka","title":{"rendered":"RS093: 1000ml Boston Runde Glasflaschen Hersteller Wodka"},"content":{"rendered":"<h2>Detaillierte Informationen \u00fcber Boston Runde Glasflaschen Hersteller<\/h2>\n<p>Diese 1000ml Boston Rundglasflaschen sind in vier Gr\u00f6\u00dfen erh\u00e4ltlich: 1000ml, 750ml, 700ml und 500ml. Wir haben auch \u00e4hnlich geformte Wodkaflaschen f\u00fcr 375ml. Diese Wodka-Glasflasche ist eines unserer meistverkauften Produkte. Unsere klaren, runden Boston-Glasflaschen sind in vielen L\u00e4ndern beliebt. Sie werden in den Vereinigten Staaten, dem Vereinigten K\u00f6nigreich, Australien, Neuseeland, Kanada und anderen europ\u00e4ischen und amerikanischen L\u00e4ndern verkauft. Sie sind f\u00fcr ihre Innovation und Funktionalit\u00e4t bekannt.<\/p>\n<p>Als einer der gr\u00f6\u00dften Wodkaflaschenhersteller in China konzentriert sich Ruisheng seit etwa 10 Jahren auf die Herstellung von Spirituosenflaschen. CNC manuelle Maschinen werden verwendet, um unsere Boston Flaschen Gro\u00dfhandel zu produzieren. Wir verwenden diese Maschine, um hochwertige, kristallklare Glasflaschen zu produzieren. Dies gew\u00e4hrleistet, dass die Glasflaschen von perfekter Qualit\u00e4t sind, mit hoher Transparenz und einer glatten Oberfl\u00e4che.<\/p>\n<p>Diese 1000ml Boston runden Glasflaschen Gro\u00dfhandel zum Verkauf sind mit einem Korken fertig. Wenn Sie es brauchen, k\u00f6nnen wir auch seine \u00d6ffnung zu einem Schraubverschluss \u00e4ndern. Unsere Fabrik produziert Hochpolymer-Korken, nat\u00fcrliche Holzkorken, komplexe Korken, Glaskorken und Schraubverschl\u00fcsse verschiedener Gr\u00f6\u00dfe. Bei Bedarf k\u00f6nnen wir auch die passenden Verschl\u00fcsse f\u00fcr die Glasflaschen anbieten.<\/p>\n<p><img decoding=\"async\" class=\"aligncenter wp-image-2429 size-full\" src=\"https:\/\/glassbottlewholesale.com\/wp-content\/uploads\/2020\/12\/WX20201229-154422-1.png\" alt=\"Glasflaschenkappen Gro\u00dfhandel\" width=\"752\" height=\"452\" \/><\/p>\n<p>In unserem Werk sind mehr als 500 Mitarbeiter besch\u00e4ftigt, darunter etwa 30 Qualit\u00e4tskontrolleure und eine Gruppe qualifizierter Ingenieure. Wir k\u00f6nnen OEM- und ODM-Auftr\u00e4ge annehmen. Sie k\u00f6nnen einfach ein Foto anbieten oder uns die Anforderungen \u00fcber das Wodka-Flaschen-Design, das Sie wollen, sagen, wir k\u00f6nnen personalisierten Wodka-Flaschen-Service f\u00fcr Sie bereitstellen. Wir k\u00f6nnen die Glasflaschen nicht aus unserer Fabrik senden, bis sie den QC-Test bestehen.<\/p>\n<h2>Die Details unserer Dies 1 Liter Boston Runde Glasflaschen Hersteller<\/h2>\n<p>Die Informationen \u00fcber die Glasflasche wie folgt:<\/p>\n<ul>\n<li>Artikel: 1000ml Bostom runde Flaschen Gro\u00dfhandel<\/li>\n<li>Hauptmaterial: Hochflintglas (kristallwei\u00dfes Glas)<\/li>\n<li>Kappe: Kork (Hochpolymer-Kork, komplexer Kork, nat\u00fcrlicher Holzkork)<\/li>\n<li>Referenz: RS093<\/li>\n<li>MOQ: 10000 PCS<\/li>\n<li>Fassungsverm\u00f6gen: 500ml \/ 700ml\/ 750ml \/1000ml<\/li>\n<li>Verpackungsart: Karton\/Palette\/Palette und Karton<\/li>\n<li>St\u00fcck\/Gebinde: 24 St\u00fcck \/ 20 St\u00fcck \/ 15 St\u00fcck<\/li>\n<li>Herkunft des Ortes: Shandong, China<\/li>\n<li>Besonderheit: Umweltfreundlich<\/li>\n<\/ul>\n<p>Wenn Sie mehr Informationen \u00fcber diese 1000ml Boston runden Glasflaschen Gro\u00dfhandel wissen wollen oder wollen benutzerdefinierte Glasflaschen zu machen, kontaktieren Sie uns bitte. Wir werden unser Bestes f\u00fcr Sie tun.<\/p>","protected":false},"excerpt":{"rendered":"<p>Ruisheng Brand bietet hochbelastbare, klare<strong> Boston-Runde<\/strong> <strong>Glasflaschen<\/strong>. Hergestellt aus High-Flint-Kristall wei\u00dfem Glas, sind sie ideal f\u00fcr die F\u00fcllung mit Wodka und anderen alkoholischen Getr\u00e4nken. Fabrikverkauf Glasflasche Gro\u00dfhandel mit Qualit\u00e4tssicherung &amp; Bulk Preis<\/p>\n<p>Informationen \u00fcber Boston Runde Glasflaschen Gro\u00dfhandel bestellen<\/p>\n<ul>\n<li>Referenz: RS093<\/li>\n<li><strong>OEM\/ODM Service angeboten. MOQ:10000pcs(10000 PCS)<\/strong><\/li>\n<li>Capacity: 500ml\/700ml\/750ml\/1000ml\/custom<\/li>\n<li>Kappe: Kork oder individuell<\/li>\n<li>Material: Kristallwei\u00dfes Glas<\/li>\n<\/ul>\n<p data-block-id=\"cf255d49-0436-49e0-9121-8d6e8606e3a5\" data-pm-slice=\"1 1 []\">Wenn Sie eine Boston Round Glass Bottle For Vodka kaufen m\u00f6chten, kontaktieren Sie uns bitte.<\/p>","protected":false},"featured_media":4218,"comment_status":"closed","ping_status":"closed","template":"","meta":[],"product_cat":[43,52],"class_list":{"0":"post-4217","1":"product","2":"type-product","3":"status-publish","4":"has-post-thumbnail","6":"product_cat-1000ml-liquor-bottle-manufacturer","7":"product_cat-vodka-bottle","9":"first","10":"instock","11":"shipping-taxable","12":"product-type-simple"},"yoast_head":"<!-- This site is optimized with the Yoast SEO plugin v22.0 - https:\/\/yoast.com\/wordpress\/plugins\/seo\/ -->\n<title>Boston Round Glass Bottles Manufacturers | Vodka Bottle Manufacturers<\/title>\n<meta name=\"description\" content=\"This boston round glass bottles wholesale are a set of glass bottles for 1000ml, 750ml, 700ml and 500ml. Factory Outlet From Vodka Bottle Manufacturers.\" \/>\n<meta name=\"robots\" content=\"index, follow, max-snippet:-1, max-image-preview:large, max-video-preview:-1\" \/>\n<link rel=\"canonical\" href=\"https:\/\/ruishengglassco.com\/de\/produkt\/rs093-1000ml-boston-runde-glasflaschen-groshandel-wodka\" \/>\n<meta property=\"og:locale\" content=\"de_DE\" \/>\n<meta property=\"og:type\" content=\"article\" \/>\n<meta property=\"og:title\" content=\"Boston Round Glass Bottles Manufacturers | Vodka Bottle Manufacturers\" \/>\n<meta property=\"og:description\" content=\"This boston round glass bottles wholesale are a set of glass bottles for 1000ml, 750ml, 700ml and 500ml. Factory Outlet From Vodka Bottle Manufacturers.\" \/>\n<meta property=\"og:url\" content=\"https:\/\/ruishengglassco.com\/de\/produkt\/rs093-1000ml-boston-runde-glasflaschen-groshandel-wodka\" \/>\n<meta property=\"article:publisher\" content=\"https:\/\/www.facebook.com\/ruishengglassbottles\" \/>\n<meta property=\"article:modified_time\" content=\"2025-09-11T09:01:43+00:00\" \/>\n<meta property=\"og:image\" content=\"https:\/\/ruishengglassco.com\/wp-content\/uploads\/2025\/03\/RS093-1000ml-Boston-Round-Glass-Bottles-Wholesale-Vodka.webp\" \/>\n\t<meta property=\"og:image:width\" content=\"800\" \/>\n\t<meta property=\"og:image:height\" content=\"800\" \/>\n\t<meta property=\"og:image:type\" content=\"image\/webp\" \/>\n<meta name=\"twitter:card\" content=\"summary_large_image\" \/>\n<meta name=\"twitter:label1\" content=\"Gesch\u00e4tzte Lesezeit\" \/>\n\t<meta name=\"twitter:data1\" content=\"3\u00a0Minuten\" \/>\n<script type=\"application\/ld+json\" class=\"yoast-schema-graph\">{\"@context\":\"https:\/\/schema.org\",\"@graph\":[{\"@type\":\"WebPage\",\"@id\":\"https:\/\/ruishengglassco.com\/product\/rs093-1000ml-boston-round-glass-bottles-wholesale-vodka\",\"url\":\"https:\/\/ruishengglassco.com\/product\/rs093-1000ml-boston-round-glass-bottles-wholesale-vodka\",\"name\":\"Boston Round Glass Bottles Manufacturers | Vodka Bottle Manufacturers\",\"isPartOf\":{\"@id\":\"https:\/\/ruishengglassco.com\/#website\"},\"datePublished\":\"2025-03-15T01:52:30+00:00\",\"dateModified\":\"2025-09-11T09:01:43+00:00\",\"description\":\"This boston round glass bottles wholesale are a set of glass bottles for 1000ml, 750ml, 700ml and 500ml. Factory Outlet From Vodka Bottle Manufacturers.\",\"breadcrumb\":{\"@id\":\"https:\/\/ruishengglassco.com\/product\/rs093-1000ml-boston-round-glass-bottles-wholesale-vodka#breadcrumb\"},\"inLanguage\":\"de\",\"potentialAction\":[{\"@type\":\"ReadAction\",\"target\":[\"https:\/\/ruishengglassco.com\/product\/rs093-1000ml-boston-round-glass-bottles-wholesale-vodka\"]}]},{\"@type\":\"BreadcrumbList\",\"@id\":\"https:\/\/ruishengglassco.com\/product\/rs093-1000ml-boston-round-glass-bottles-wholesale-vodka#breadcrumb\",\"itemListElement\":[{\"@type\":\"ListItem\",\"position\":1,\"name\":\"Home\",\"item\":\"https:\/\/ruishengglassco.com\/\"},{\"@type\":\"ListItem\",\"position\":2,\"name\":\"Products\",\"item\":\"https:\/\/ruishengglassco.com\/products\"},{\"@type\":\"ListItem\",\"position\":3,\"name\":\"RS093: 1000ml Boston Round Glass Bottles Manufacturers Vodka\"}]},{\"@type\":\"WebSite\",\"@id\":\"https:\/\/ruishengglassco.com\/#website\",\"url\":\"https:\/\/ruishengglassco.com\/\",\"name\":\"Ruisheng Glass\",\"description\":\"\",\"publisher\":{\"@id\":\"https:\/\/ruishengglassco.com\/#organization\"},\"potentialAction\":[{\"@type\":\"SearchAction\",\"target\":{\"@type\":\"EntryPoint\",\"urlTemplate\":\"https:\/\/ruishengglassco.com\/?s={search_term_string}\"},\"query-input\":\"required name=search_term_string\"}],\"inLanguage\":\"de\"},{\"@type\":\"Organization\",\"@id\":\"https:\/\/ruishengglassco.com\/#organization\",\"name\":\"Shandong Yuncheng Ruisheng Glass Co., Ltd\",\"url\":\"https:\/\/ruishengglassco.com\/\",\"logo\":{\"@type\":\"ImageObject\",\"inLanguage\":\"de\",\"@id\":\"https:\/\/ruishengglassco.com\/#\/schema\/logo\/image\/\",\"url\":\"https:\/\/ruishengglassco.com\/wp-content\/uploads\/2023\/09\/ruisheng_logo_icon.webp\",\"contentUrl\":\"https:\/\/ruishengglassco.com\/wp-content\/uploads\/2023\/09\/ruisheng_logo_icon.webp\",\"width\":400,\"height\":233,\"caption\":\"Shandong Yuncheng Ruisheng Glass Co., Ltd\"},\"image\":{\"@id\":\"https:\/\/ruishengglassco.com\/#\/schema\/logo\/image\/\"},\"sameAs\":[\"https:\/\/www.facebook.com\/ruishengglassbottles\",\"https:\/\/www.instagram.com\/Ruishengglassbottlewholesales\/\",\"https:\/\/www.youtube.com\/channel\/UCMmbMNGwsL-XrtjfSFLCdVQ\"]}]}<\/script>\n<!-- \/ Yoast SEO plugin. -->","yoast_head_json":{"title":"Boston Round Glass Bottles Manufacturers | Vodka Bottle Manufacturers","description":"This boston round glass bottles wholesale are a set of glass bottles for 1000ml, 750ml, 700ml and 500ml. Factory Outlet From Vodka Bottle Manufacturers.","robots":{"index":"index","follow":"follow","max-snippet":"max-snippet:-1","max-image-preview":"max-image-preview:large","max-video-preview":"max-video-preview:-1"},"canonical":"https:\/\/ruishengglassco.com\/de\/produkt\/rs093-1000ml-boston-runde-glasflaschen-groshandel-wodka","og_locale":"de_DE","og_type":"article","og_title":"Boston Round Glass Bottles Manufacturers | Vodka Bottle Manufacturers","og_description":"This boston round glass bottles wholesale are a set of glass bottles for 1000ml, 750ml, 700ml and 500ml. Factory Outlet From Vodka Bottle Manufacturers.","og_url":"https:\/\/ruishengglassco.com\/de\/produkt\/rs093-1000ml-boston-runde-glasflaschen-groshandel-wodka","article_publisher":"https:\/\/www.facebook.com\/ruishengglassbottles","article_modified_time":"2025-09-11T09:01:43+00:00","og_image":[{"width":800,"height":800,"url":"https:\/\/ruishengglassco.com\/wp-content\/uploads\/2025\/03\/RS093-1000ml-Boston-Round-Glass-Bottles-Wholesale-Vodka.webp","type":"image\/webp"}],"twitter_card":"summary_large_image","twitter_misc":{"Gesch\u00e4tzte Lesezeit":"3\u00a0Minuten"},"schema":{"@context":"https:\/\/schema.org","@graph":[{"@type":"WebPage","@id":"https:\/\/ruishengglassco.com\/product\/rs093-1000ml-boston-round-glass-bottles-wholesale-vodka","url":"https:\/\/ruishengglassco.com\/product\/rs093-1000ml-boston-round-glass-bottles-wholesale-vodka","name":"Boston Round Glass Bottles Manufacturers | Vodka Bottle Manufacturers","isPartOf":{"@id":"https:\/\/ruishengglassco.com\/#website"},"datePublished":"2025-03-15T01:52:30+00:00","dateModified":"2025-09-11T09:01:43+00:00","description":"This boston round glass bottles wholesale are a set of glass bottles for 1000ml, 750ml, 700ml and 500ml. Factory Outlet From Vodka Bottle Manufacturers.","breadcrumb":{"@id":"https:\/\/ruishengglassco.com\/product\/rs093-1000ml-boston-round-glass-bottles-wholesale-vodka#breadcrumb"},"inLanguage":"de","potentialAction":[{"@type":"ReadAction","target":["https:\/\/ruishengglassco.com\/product\/rs093-1000ml-boston-round-glass-bottles-wholesale-vodka"]}]},{"@type":"BreadcrumbList","@id":"https:\/\/ruishengglassco.com\/product\/rs093-1000ml-boston-round-glass-bottles-wholesale-vodka#breadcrumb","itemListElement":[{"@type":"ListItem","position":1,"name":"Home","item":"https:\/\/ruishengglassco.com\/"},{"@type":"ListItem","position":2,"name":"Products","item":"https:\/\/ruishengglassco.com\/products"},{"@type":"ListItem","position":3,"name":"RS093: 1000ml Boston Round Glass Bottles Manufacturers Vodka"}]},{"@type":"WebSite","@id":"https:\/\/ruishengglassco.com\/#website","url":"https:\/\/ruishengglassco.com\/","name":"Ruisheng Glass","description":"","publisher":{"@id":"https:\/\/ruishengglassco.com\/#organization"},"potentialAction":[{"@type":"SearchAction","target":{"@type":"EntryPoint","urlTemplate":"https:\/\/ruishengglassco.com\/?s={search_term_string}"},"query-input":"required name=search_term_string"}],"inLanguage":"de"},{"@type":"Organization","@id":"https:\/\/ruishengglassco.com\/#organization","name":"Shandong Yuncheng Ruisheng Glass Co., Ltd","url":"https:\/\/ruishengglassco.com\/","logo":{"@type":"ImageObject","inLanguage":"de","@id":"https:\/\/ruishengglassco.com\/#\/schema\/logo\/image\/","url":"https:\/\/ruishengglassco.com\/wp-content\/uploads\/2023\/09\/ruisheng_logo_icon.webp","contentUrl":"https:\/\/ruishengglassco.com\/wp-content\/uploads\/2023\/09\/ruisheng_logo_icon.webp","width":400,"height":233,"caption":"Shandong Yuncheng Ruisheng Glass Co., Ltd"},"image":{"@id":"https:\/\/ruishengglassco.com\/#\/schema\/logo\/image\/"},"sameAs":["https:\/\/www.facebook.com\/ruishengglassbottles","https:\/\/www.instagram.com\/Ruishengglassbottlewholesales\/","https:\/\/www.youtube.com\/channel\/UCMmbMNGwsL-XrtjfSFLCdVQ"]}]}},"_links":{"self":[{"href":"https:\/\/ruishengglassco.com\/de\/wp-json\/wp\/v2\/product\/4217","targetHints":{"allow":["GET"]}}],"collection":[{"href":"https:\/\/ruishengglassco.com\/de\/wp-json\/wp\/v2\/product"}],"about":[{"href":"https:\/\/ruishengglassco.com\/de\/wp-json\/wp\/v2\/types\/product"}],"replies":[{"embeddable":true,"href":"https:\/\/ruishengglassco.com\/de\/wp-json\/wp\/v2\/comments?post=4217"}],"wp:featuredmedia":[{"embeddable":true,"href":"https:\/\/ruishengglassco.com\/de\/wp-json\/wp\/v2\/media\/4218"}],"wp:attachment":[{"href":"https:\/\/ruishengglassco.com\/de\/wp-json\/wp\/v2\/media?parent=4217"}],"wp:term":[{"taxonomy":"product_cat","embeddable":true,"href":"https:\/\/ruishengglassco.com\/de\/wp-json\/wp\/v2\/product_cat?post=4217"}],"curies":[{"name":"wp","href":"https:\/\/api.w.org\/{rel}","templated":true}]}}