{"id":4215,"date":"2025-03-15T09:50:03","date_gmt":"2025-03-15T01:50:03","guid":{"rendered":"https:\/\/ruishengglassco.com\/?post_type=product&#038;p=4215"},"modified":"2025-07-16T16:49:37","modified_gmt":"2025-07-16T08:49:37","slug":"rs094-750ml-tequila-schadel-flaschen-groshandel","status":"publish","type":"product","link":"https:\/\/ruishengglassco.com\/de\/produkt\/rs094-750ml-tequila-schadel-flaschen-groshandel","title":{"rendered":"RS094: 750ml Tequila Sch\u00e4del Flaschen Hersteller"},"content":{"rendered":"<p><span data-preserver-spaces=\"true\">750ml Tequila Sch\u00e4del Flaschen Gro\u00dfhandel oder Tequila Sch\u00e4del Dekanter <\/span><span data-preserver-spaces=\"true\">ist<\/span><span data-preserver-spaces=\"true\"> gemacht<\/span> <span data-preserver-spaces=\"true\">in<\/span><span data-preserver-spaces=\"true\"> Ruisheng Glasflasche, einer der <\/span><span data-preserver-spaces=\"true\">gr\u00f6\u00dfte<\/span><span data-preserver-spaces=\"true\">\u00a0Chinesische Hersteller und Lieferanten von Glasflaschen.<\/span><\/p>\n<p><span data-preserver-spaces=\"true\">Diese Tequila-Flaschen <\/span><span data-preserver-spaces=\"true\">\u00fcbernehmen.<\/span><span data-preserver-spaces=\"true\"> hochwertiges Flintglasmaterial, das das Glas transparenter, klarer und glatter macht. Unser Unternehmen bietet Totenkopfschnapsflaschen in verschiedenen Gr\u00f6\u00dfen an: 750ml, 700ml, 100ml, und mehr. Sie k\u00f6nnen aus verschiedenen Farben w\u00e4hlen, darunter wei\u00df, schwarz, blau, gr\u00fcn, lila und transparent. Wir bieten auch einen individuellen Glasflaschenservice an.<\/span><\/p>\n<p><span data-preserver-spaces=\"true\">Dank unserer langj\u00e4hrigen Erfahrung haben wir uns weltweit einen guten Ruf erworben.  Unsere Kah-Tequila-Flaschen wurden in die USA, nach Gro\u00dfbritannien, Australien, Frankreich, S\u00fcdafrika und in viele andere L\u00e4nder exportiert und haben bei unseren Kunden einen guten Ruf erworben.<\/span><\/p>\n<h2><strong><span data-preserver-spaces=\"true\">\u00dcber Tequila Sch\u00e4del Flaschen Hersteller<\/span><\/strong><\/h2>\n<ul>\n<li><span data-preserver-spaces=\"true\">Name: 750ml Tequila-Totenkopf-Flasche<\/span><\/li>\n<li><span data-preserver-spaces=\"true\">Herkunft des Ortes: Shandong, China<\/span><\/li>\n<li><span data-preserver-spaces=\"true\">Prim\u00e4res Material: Glas mit hohem Flintanteil<\/span><\/li>\n<li><span data-preserver-spaces=\"true\">Verschluss: Kork, Schraubverschluss<\/span><\/li>\n<li><strong><span data-preserver-spaces=\"true\">MOQ: 10000 PCS<\/span><\/strong><\/li>\n<li><span data-preserver-spaces=\"true\">Fassungsverm\u00f6gen: 750ml<\/span><\/li>\n<li><span data-preserver-spaces=\"true\">St\u00fcck\/Gebinde: 24 St\u00fcck<\/span><\/li>\n<li><span data-preserver-spaces=\"true\">Besonderheit: Umweltfreundlich<\/span><\/li>\n<\/ul>\n<p><span data-preserver-spaces=\"true\">Neben diesem 750ml Kristallsch\u00e4del<\/span><span data-preserver-spaces=\"true\"> Neben der Tequila-Flasche bieten wir auch leere Glasflaschen mit unterschiedlichem Fassungsverm\u00f6gen f\u00fcr Lik\u00f6r, Wermut, Wodka, Whiskey, Brandy, Rum, Gin und andere Spirituosen.<\/span><\/p>\n<p><span data-preserver-spaces=\"true\">Wenn Sie mit dieser Klarglasflasche zufrieden sind, lassen Sie es mich bitte umgehend wissen. Wenn sie Ihnen nicht gef\u00e4llt, k\u00f6nnen Sie sich unsere anderen Flaschen ansehen. Oder ich gebe Ihnen den Katalog, und<\/span> <span data-preserver-spaces=\"true\">Sie k\u00f6nnen sich aussuchen, was Sie wollen. <\/span><span data-preserver-spaces=\"true\">Wenn Sie an unseren hermetischen Alkoholflaschen interessiert sind, <\/span><span data-preserver-spaces=\"true\">Bitte kontaktieren Sie uns<\/span><span data-preserver-spaces=\"true\">.<\/span><span data-preserver-spaces=\"true\"> Wir werden Ihnen innerhalb von 24 Stunden antworten.<\/span><\/p>","protected":false},"excerpt":{"rendered":"<table>\n<colgroup>\n<col \/>\n<col \/><\/colgroup>\n<tbody>\n<tr>\n<th colspan=\"2\">750ml Tequila Totenkopf-Flaschen Gro\u00dfhandel<\/th>\n<\/tr>\n<tr>\n<td>Hauptmaterial:<\/td>\n<td>Hochwertiges Flintglas<\/td>\n<\/tr>\n<tr>\n<td>Kappe:<\/td>\n<td>Schraubverschluss<\/td>\n<\/tr>\n<tr>\n<td>Kapazit\u00e4t:<\/td>\n<td>750ml<\/td>\n<\/tr>\n<tr>\n<td>Merkmal:<\/td>\n<td>Umweltfreundlich<\/td>\n<\/tr>\n<tr>\n<td>MOQ:<\/td>\n<td>10000 PCS<\/td>\n<\/tr>\n<tr>\n<td>Versandart:<\/td>\n<td>Schiff,Express<\/td>\n<\/tr>\n<tr>\n<td>OEM\/ODM:<\/td>\n<td>Willkommen<\/td>\n<\/tr>\n<tr>\n<td>Herkunft des Ortes:<\/td>\n<td>Shandong, China<\/td>\n<\/tr>\n<tr>\n<td>Stck.\/Ktn:<\/td>\n<td>24St\u00fcck<\/td>\n<\/tr>\n<\/tbody>\n<\/table>","protected":false},"featured_media":4216,"comment_status":"closed","ping_status":"closed","template":"","meta":[],"product_cat":[40,46],"class_list":{"0":"post-4215","1":"product","2":"type-product","3":"status-publish","4":"has-post-thumbnail","6":"product_cat-750ml-liquor-bottle-manufacturer","7":"product_cat-tequila-bottle","9":"first","10":"instock","11":"shipping-taxable","12":"product-type-simple"},"yoast_head":"<!-- This site is optimized with the Yoast SEO plugin v22.0 - https:\/\/yoast.com\/wordpress\/plugins\/seo\/ -->\n<title>750ml Tequila Skull Bottles Manufacturers | Custom Made Glass Bottle<\/title>\n<meta name=\"description\" content=\"Ruisheng, one of the largest glass bottle manufacturers and suppliers in China, sales different capacity tequila skull bottles wholesale in factory price.\" \/>\n<meta name=\"robots\" content=\"index, follow, max-snippet:-1, max-image-preview:large, max-video-preview:-1\" \/>\n<link rel=\"canonical\" href=\"https:\/\/ruishengglassco.com\/de\/produkt\/rs094-750ml-tequila-schadel-flaschen-groshandel\" \/>\n<meta property=\"og:locale\" content=\"de_DE\" \/>\n<meta property=\"og:type\" content=\"article\" \/>\n<meta property=\"og:title\" content=\"750ml Tequila Skull Bottles Manufacturers | Custom Made Glass Bottle\" \/>\n<meta property=\"og:description\" content=\"Ruisheng, one of the largest glass bottle manufacturers and suppliers in China, sales different capacity tequila skull bottles wholesale in factory price.\" \/>\n<meta property=\"og:url\" content=\"https:\/\/ruishengglassco.com\/de\/produkt\/rs094-750ml-tequila-schadel-flaschen-groshandel\" \/>\n<meta property=\"article:publisher\" content=\"https:\/\/www.facebook.com\/ruishengglassbottles\" \/>\n<meta property=\"article:modified_time\" content=\"2025-07-16T08:49:37+00:00\" \/>\n<meta property=\"og:image\" content=\"https:\/\/ruishengglassco.com\/wp-content\/uploads\/2025\/03\/RS094-750ml-Tequila-Skull-Bottles-Wholesale.webp\" \/>\n\t<meta property=\"og:image:width\" content=\"500\" \/>\n\t<meta property=\"og:image:height\" content=\"500\" \/>\n\t<meta property=\"og:image:type\" content=\"image\/webp\" \/>\n<meta name=\"twitter:card\" content=\"summary_large_image\" \/>\n<meta name=\"twitter:label1\" content=\"Gesch\u00e4tzte Lesezeit\" \/>\n\t<meta name=\"twitter:data1\" content=\"2\u00a0Minuten\" \/>\n<script type=\"application\/ld+json\" class=\"yoast-schema-graph\">{\"@context\":\"https:\/\/schema.org\",\"@graph\":[{\"@type\":\"WebPage\",\"@id\":\"https:\/\/ruishengglassco.com\/product\/rs094-750ml-tequila-skull-bottles-wholesale\",\"url\":\"https:\/\/ruishengglassco.com\/product\/rs094-750ml-tequila-skull-bottles-wholesale\",\"name\":\"750ml Tequila Skull Bottles Manufacturers | Custom Made Glass Bottle\",\"isPartOf\":{\"@id\":\"https:\/\/ruishengglassco.com\/#website\"},\"datePublished\":\"2025-03-15T01:50:03+00:00\",\"dateModified\":\"2025-07-16T08:49:37+00:00\",\"description\":\"Ruisheng, one of the largest glass bottle manufacturers and suppliers in China, sales different capacity tequila skull bottles wholesale in factory price.\",\"breadcrumb\":{\"@id\":\"https:\/\/ruishengglassco.com\/product\/rs094-750ml-tequila-skull-bottles-wholesale#breadcrumb\"},\"inLanguage\":\"de\",\"potentialAction\":[{\"@type\":\"ReadAction\",\"target\":[\"https:\/\/ruishengglassco.com\/product\/rs094-750ml-tequila-skull-bottles-wholesale\"]}]},{\"@type\":\"BreadcrumbList\",\"@id\":\"https:\/\/ruishengglassco.com\/product\/rs094-750ml-tequila-skull-bottles-wholesale#breadcrumb\",\"itemListElement\":[{\"@type\":\"ListItem\",\"position\":1,\"name\":\"Home\",\"item\":\"https:\/\/ruishengglassco.com\/\"},{\"@type\":\"ListItem\",\"position\":2,\"name\":\"Products\",\"item\":\"https:\/\/ruishengglassco.com\/products\"},{\"@type\":\"ListItem\",\"position\":3,\"name\":\"RS094: 750ml Tequila Skull Bottles Manufacturers\"}]},{\"@type\":\"WebSite\",\"@id\":\"https:\/\/ruishengglassco.com\/#website\",\"url\":\"https:\/\/ruishengglassco.com\/\",\"name\":\"Ruisheng Glass\",\"description\":\"\",\"publisher\":{\"@id\":\"https:\/\/ruishengglassco.com\/#organization\"},\"potentialAction\":[{\"@type\":\"SearchAction\",\"target\":{\"@type\":\"EntryPoint\",\"urlTemplate\":\"https:\/\/ruishengglassco.com\/?s={search_term_string}\"},\"query-input\":\"required name=search_term_string\"}],\"inLanguage\":\"de\"},{\"@type\":\"Organization\",\"@id\":\"https:\/\/ruishengglassco.com\/#organization\",\"name\":\"Shandong Yuncheng Ruisheng Glass Co., Ltd\",\"url\":\"https:\/\/ruishengglassco.com\/\",\"logo\":{\"@type\":\"ImageObject\",\"inLanguage\":\"de\",\"@id\":\"https:\/\/ruishengglassco.com\/#\/schema\/logo\/image\/\",\"url\":\"https:\/\/ruishengglassco.com\/wp-content\/uploads\/2023\/09\/ruisheng_logo_icon.webp\",\"contentUrl\":\"https:\/\/ruishengglassco.com\/wp-content\/uploads\/2023\/09\/ruisheng_logo_icon.webp\",\"width\":400,\"height\":233,\"caption\":\"Shandong Yuncheng Ruisheng Glass Co., Ltd\"},\"image\":{\"@id\":\"https:\/\/ruishengglassco.com\/#\/schema\/logo\/image\/\"},\"sameAs\":[\"https:\/\/www.facebook.com\/ruishengglassbottles\",\"https:\/\/www.instagram.com\/Ruishengglassbottlewholesales\/\",\"https:\/\/www.youtube.com\/channel\/UCMmbMNGwsL-XrtjfSFLCdVQ\"]}]}<\/script>\n<!-- \/ Yoast SEO plugin. -->","yoast_head_json":{"title":"750ml Tequila Skull Bottles Manufacturers | Custom Made Glass Bottle","description":"Ruisheng, one of the largest glass bottle manufacturers and suppliers in China, sales different capacity tequila skull bottles wholesale in factory price.","robots":{"index":"index","follow":"follow","max-snippet":"max-snippet:-1","max-image-preview":"max-image-preview:large","max-video-preview":"max-video-preview:-1"},"canonical":"https:\/\/ruishengglassco.com\/de\/produkt\/rs094-750ml-tequila-schadel-flaschen-groshandel","og_locale":"de_DE","og_type":"article","og_title":"750ml Tequila Skull Bottles Manufacturers | Custom Made Glass Bottle","og_description":"Ruisheng, one of the largest glass bottle manufacturers and suppliers in China, sales different capacity tequila skull bottles wholesale in factory price.","og_url":"https:\/\/ruishengglassco.com\/de\/produkt\/rs094-750ml-tequila-schadel-flaschen-groshandel","article_publisher":"https:\/\/www.facebook.com\/ruishengglassbottles","article_modified_time":"2025-07-16T08:49:37+00:00","og_image":[{"width":500,"height":500,"url":"https:\/\/ruishengglassco.com\/wp-content\/uploads\/2025\/03\/RS094-750ml-Tequila-Skull-Bottles-Wholesale.webp","type":"image\/webp"}],"twitter_card":"summary_large_image","twitter_misc":{"Gesch\u00e4tzte Lesezeit":"2\u00a0Minuten"},"schema":{"@context":"https:\/\/schema.org","@graph":[{"@type":"WebPage","@id":"https:\/\/ruishengglassco.com\/product\/rs094-750ml-tequila-skull-bottles-wholesale","url":"https:\/\/ruishengglassco.com\/product\/rs094-750ml-tequila-skull-bottles-wholesale","name":"750ml Tequila Skull Bottles Manufacturers | Custom Made Glass Bottle","isPartOf":{"@id":"https:\/\/ruishengglassco.com\/#website"},"datePublished":"2025-03-15T01:50:03+00:00","dateModified":"2025-07-16T08:49:37+00:00","description":"Ruisheng, one of the largest glass bottle manufacturers and suppliers in China, sales different capacity tequila skull bottles wholesale in factory price.","breadcrumb":{"@id":"https:\/\/ruishengglassco.com\/product\/rs094-750ml-tequila-skull-bottles-wholesale#breadcrumb"},"inLanguage":"de","potentialAction":[{"@type":"ReadAction","target":["https:\/\/ruishengglassco.com\/product\/rs094-750ml-tequila-skull-bottles-wholesale"]}]},{"@type":"BreadcrumbList","@id":"https:\/\/ruishengglassco.com\/product\/rs094-750ml-tequila-skull-bottles-wholesale#breadcrumb","itemListElement":[{"@type":"ListItem","position":1,"name":"Home","item":"https:\/\/ruishengglassco.com\/"},{"@type":"ListItem","position":2,"name":"Products","item":"https:\/\/ruishengglassco.com\/products"},{"@type":"ListItem","position":3,"name":"RS094: 750ml Tequila Skull Bottles Manufacturers"}]},{"@type":"WebSite","@id":"https:\/\/ruishengglassco.com\/#website","url":"https:\/\/ruishengglassco.com\/","name":"Ruisheng Glass","description":"","publisher":{"@id":"https:\/\/ruishengglassco.com\/#organization"},"potentialAction":[{"@type":"SearchAction","target":{"@type":"EntryPoint","urlTemplate":"https:\/\/ruishengglassco.com\/?s={search_term_string}"},"query-input":"required name=search_term_string"}],"inLanguage":"de"},{"@type":"Organization","@id":"https:\/\/ruishengglassco.com\/#organization","name":"Shandong Yuncheng Ruisheng Glass Co., Ltd","url":"https:\/\/ruishengglassco.com\/","logo":{"@type":"ImageObject","inLanguage":"de","@id":"https:\/\/ruishengglassco.com\/#\/schema\/logo\/image\/","url":"https:\/\/ruishengglassco.com\/wp-content\/uploads\/2023\/09\/ruisheng_logo_icon.webp","contentUrl":"https:\/\/ruishengglassco.com\/wp-content\/uploads\/2023\/09\/ruisheng_logo_icon.webp","width":400,"height":233,"caption":"Shandong Yuncheng Ruisheng Glass Co., Ltd"},"image":{"@id":"https:\/\/ruishengglassco.com\/#\/schema\/logo\/image\/"},"sameAs":["https:\/\/www.facebook.com\/ruishengglassbottles","https:\/\/www.instagram.com\/Ruishengglassbottlewholesales\/","https:\/\/www.youtube.com\/channel\/UCMmbMNGwsL-XrtjfSFLCdVQ"]}]}},"_links":{"self":[{"href":"https:\/\/ruishengglassco.com\/de\/wp-json\/wp\/v2\/product\/4215","targetHints":{"allow":["GET"]}}],"collection":[{"href":"https:\/\/ruishengglassco.com\/de\/wp-json\/wp\/v2\/product"}],"about":[{"href":"https:\/\/ruishengglassco.com\/de\/wp-json\/wp\/v2\/types\/product"}],"replies":[{"embeddable":true,"href":"https:\/\/ruishengglassco.com\/de\/wp-json\/wp\/v2\/comments?post=4215"}],"wp:featuredmedia":[{"embeddable":true,"href":"https:\/\/ruishengglassco.com\/de\/wp-json\/wp\/v2\/media\/4216"}],"wp:attachment":[{"href":"https:\/\/ruishengglassco.com\/de\/wp-json\/wp\/v2\/media?parent=4215"}],"wp:term":[{"taxonomy":"product_cat","embeddable":true,"href":"https:\/\/ruishengglassco.com\/de\/wp-json\/wp\/v2\/product_cat?post=4215"}],"curies":[{"name":"wp","href":"https:\/\/api.w.org\/{rel}","templated":true}]}}