{"id":4213,"date":"2025-03-15T09:47:58","date_gmt":"2025-03-15T01:47:58","guid":{"rendered":"https:\/\/ruishengglassco.com\/?post_type=product&#038;p=4213"},"modified":"2025-07-17T13:53:45","modified_gmt":"2025-07-17T05:53:45","slug":"rs095-groshandel-700ml-klare-gin-flaschen-mit-korken","status":"publish","type":"product","link":"https:\/\/ruishengglassco.com\/de\/produkt\/rs095-groshandel-700ml-klare-gin-flaschen-mit-korken","title":{"rendered":"RS095: 700ml klare Gin-Flaschen mit Korken"},"content":{"rendered":"<p><span data-preserver-spaces=\"true\">Die 700-ml-Ginflasche im Gro\u00dfhandel ist eines unserer erfolgreichsten Projekte; wir haben in viele Gebiete exportiert und einhelliges Lob erhalten. Als professioneller Hersteller von Spirituosenflaschen k\u00f6nnen wir die Produktion von hochwertigen Fl\u00fcssigglasflaschen garantieren.<\/span><\/p>\n<p><span data-preserver-spaces=\"true\">\u00dcber<\/span><span data-preserver-spaces=\"true\"> die klare 700-ml-Ginflasche, <\/span><span data-preserver-spaces=\"true\">diese Flasche ist<\/span><span data-preserver-spaces=\"true\"> die Form ist rund<\/span><span data-preserver-spaces=\"true\">, <\/span><span data-preserver-spaces=\"true\">und <\/span><span data-preserver-spaces=\"true\">es<\/span><span data-preserver-spaces=\"true\"> kann verwendet werden<\/span><span data-preserver-spaces=\"true\"> f\u00fcr Wodka, Brandy, XO, Whiskey und <\/span><span data-preserver-spaces=\"true\">und so weiter<\/span><span data-preserver-spaces=\"true\">.<\/span><\/p>\n<h2><span data-preserver-spaces=\"true\">700ml klare Gin-Flasche Hersteller<\/span><\/h2>\n<p><span data-preserver-spaces=\"true\">Die Informationen \u00fcber die Glasflasche lauten wie folgt:<\/span><\/p>\n<ul>\n<li><span data-preserver-spaces=\"true\">Hauptseite<\/span><span data-preserver-spaces=\"true\"> Material: Superflintglas<\/span><\/li>\n<li><span data-preserver-spaces=\"true\">Verschluss: Kork<\/span><\/li>\n<li><span data-preserver-spaces=\"true\">Referenz: RS095<\/span><\/li>\n<li><span data-preserver-spaces=\"true\">MOQ: 10000 PCS<\/span><\/li>\n<li><span data-preserver-spaces=\"true\">Fassungsverm\u00f6gen: 700ml<\/span><\/li>\n<li><span data-preserver-spaces=\"true\">St\u00fcck\/Gebinde: 24 St\u00fcck<\/span><\/li>\n<li><span data-preserver-spaces=\"true\">Herkunft des Ortes: Shandong, China<\/span><\/li>\n<li><span data-preserver-spaces=\"true\">Besonderheit: Umweltfreundlich<\/span><\/li>\n<\/ul>\n<p><span data-preserver-spaces=\"true\">Unser Unternehmen besch\u00e4ftigt \u00fcber 500 Mitarbeiter, von denen viele \u00fcber umfangreiche Erfahrungen in der Glasflaschenherstellung verf\u00fcgen. Wir haben auch hochprofessionelle Qualit\u00e4tsinspektoren und<\/span> <span data-preserver-spaces=\"true\">stellen wir sicher, dass jede Glasflasche einer strengen Qualit\u00e4tskontrolle unterzogen wird. Au\u00dferdem entsprechen unsere Verpackungen streng den nationalen Normen.<\/span><\/p>\n<p><span data-preserver-spaces=\"true\">Eine klare 700-ml-Ginflasche mit Korken ist das Hauptprodukt unseres Unternehmens, daher sind wir sehr zuversichtlich, dass wir sie gut herstellen k\u00f6nnen.<\/span><\/p>\n<p><span data-preserver-spaces=\"true\">Vor allem aber k\u00f6nnen wir die Glasflasche tiefgreifend bearbeiten, z. B. bedrucken, hei\u00df pr\u00e4gen, glasieren und vieles mehr. Welche Farbe Sie auch immer w\u00fcnschen, wir k\u00f6nnen es tun.<\/span><\/p>\n<p><span data-preserver-spaces=\"true\">Wenn Sie unser Werk besuchen m\u00f6chten, sind wir jederzeit willkommen. <\/span><span data-preserver-spaces=\"true\">Wir arrangieren spezielles Personal, das Sie am Flughafen abholt, und<\/span> <span data-preserver-spaces=\"true\">haben wir auch <\/span><span data-preserver-spaces=\"true\">Fachpersonal<\/span><span data-preserver-spaces=\"true\"> um Sie durch die Fabrik zu f\u00fchren.<\/span><\/p>\n<p><span data-preserver-spaces=\"true\">Wir produzieren auch eine Vielzahl von kundenspezifischen Glasflaschen, erh\u00e4ltlich in <\/span><span data-preserver-spaces=\"true\">alle<\/span><span data-preserver-spaces=\"true\"> Gr\u00f6\u00dfen. <\/span><span data-preserver-spaces=\"true\">Wir k\u00f6nnen <\/span><span data-preserver-spaces=\"true\">produzieren<\/span> <span data-preserver-spaces=\"true\">verschiedene Formen<\/span><span data-preserver-spaces=\"true\"> von Wasserglasflaschen.<\/span><span data-preserver-spaces=\"true\"> Wenn Sie die Flasche individuell gestalten m\u00f6chten, k\u00f6nnen wir auch Ihren Wunsch erf\u00fcllen. Wenn Sie uns eine Zeichnung zur Verf\u00fcgung stellen, k\u00f6nnen wir eine identische Flasche herstellen.<\/span><\/p>\n<p><span data-preserver-spaces=\"true\">Wir hoffen, dass Ihnen diese Weinbrandglasflasche gef\u00e4llt und <\/span><span data-preserver-spaces=\"true\">Ort<\/span><span data-preserver-spaces=\"true\"> eine Bestellung. Und willkommen, unsere Fabrik zu besuchen.<\/span><\/p>\n<p><span data-preserver-spaces=\"true\">Wenn Sie daran interessiert sind, 700ml klare Gin-Flaschen im Gro\u00dfhandel zu kaufen oder Gin-Flaschen mit Korken in gro\u00dfen Mengen zu verkaufen, setzen Sie sich bitte mit uns in Verbindung. Wir werden Ihnen innerhalb von 24 Stunden antworten.<\/span><\/p>","protected":false},"excerpt":{"rendered":"<p>Die 700-ml-Ginflasche hat eine runde Form und kann f\u00fcr Wodka, Brandy, XO, Whiskey usw. verwendet werden.<\/p>","protected":false},"featured_media":4214,"comment_status":"closed","ping_status":"closed","template":"","meta":[],"product_cat":[44,50],"class_list":{"0":"post-4213","1":"product","2":"type-product","3":"status-publish","4":"has-post-thumbnail","6":"product_cat-700ml-liquor-bottle-manufacturer","7":"product_cat-gin-bottle","9":"first","10":"instock","11":"shipping-taxable","12":"product-type-simple"},"yoast_head":"<!-- This site is optimized with the Yoast SEO plugin v22.0 - https:\/\/yoast.com\/wordpress\/plugins\/seo\/ -->\n<title>700ml Clear Gin Bottle Manufacturers | Bulk Gin Bottle With Cork For Sale<\/title>\n<meta name=\"description\" content=\"Buy 700ml Clear Gin Bottle Wholesale From China Ruisheng Glass Bottle Manufacturer. Factory Ouelt&amp;Cheap Price. Buy Bulk Gin Bottle With Cork For Sale Now\" \/>\n<meta name=\"robots\" content=\"index, follow, max-snippet:-1, max-image-preview:large, max-video-preview:-1\" \/>\n<link rel=\"canonical\" href=\"https:\/\/ruishengglassco.com\/de\/produkt\/rs095-groshandel-700ml-klare-gin-flaschen-mit-korken\" \/>\n<meta property=\"og:locale\" content=\"de_DE\" \/>\n<meta property=\"og:type\" content=\"article\" \/>\n<meta property=\"og:title\" content=\"700ml Clear Gin Bottle Manufacturers | Bulk Gin Bottle With Cork For Sale\" \/>\n<meta property=\"og:description\" content=\"Buy 700ml Clear Gin Bottle Wholesale From China Ruisheng Glass Bottle Manufacturer. Factory Ouelt&amp;Cheap Price. Buy Bulk Gin Bottle With Cork For Sale Now\" \/>\n<meta property=\"og:url\" content=\"https:\/\/ruishengglassco.com\/de\/produkt\/rs095-groshandel-700ml-klare-gin-flaschen-mit-korken\" \/>\n<meta property=\"article:publisher\" content=\"https:\/\/www.facebook.com\/ruishengglassbottles\" \/>\n<meta property=\"article:modified_time\" content=\"2025-07-17T05:53:45+00:00\" \/>\n<meta property=\"og:image\" content=\"https:\/\/ruishengglassco.com\/wp-content\/uploads\/2025\/03\/RS095-Wholesale-700ml-Clear-Gin-Bottles-With-Corks.webp\" \/>\n\t<meta property=\"og:image:width\" content=\"800\" \/>\n\t<meta property=\"og:image:height\" content=\"800\" \/>\n\t<meta property=\"og:image:type\" content=\"image\/webp\" \/>\n<meta name=\"twitter:card\" content=\"summary_large_image\" \/>\n<meta name=\"twitter:label1\" content=\"Gesch\u00e4tzte Lesezeit\" \/>\n\t<meta name=\"twitter:data1\" content=\"2\u00a0Minuten\" \/>\n<script type=\"application\/ld+json\" class=\"yoast-schema-graph\">{\"@context\":\"https:\/\/schema.org\",\"@graph\":[{\"@type\":\"WebPage\",\"@id\":\"https:\/\/ruishengglassco.com\/product\/rs095-wholesale-700ml-clear-gin-bottles-with-corks\",\"url\":\"https:\/\/ruishengglassco.com\/product\/rs095-wholesale-700ml-clear-gin-bottles-with-corks\",\"name\":\"700ml Clear Gin Bottle Manufacturers | Bulk Gin Bottle With Cork For Sale\",\"isPartOf\":{\"@id\":\"https:\/\/ruishengglassco.com\/#website\"},\"datePublished\":\"2025-03-15T01:47:58+00:00\",\"dateModified\":\"2025-07-17T05:53:45+00:00\",\"description\":\"Buy 700ml Clear Gin Bottle Wholesale From China Ruisheng Glass Bottle Manufacturer. Factory Ouelt&Cheap Price. Buy Bulk Gin Bottle With Cork For Sale Now\",\"breadcrumb\":{\"@id\":\"https:\/\/ruishengglassco.com\/product\/rs095-wholesale-700ml-clear-gin-bottles-with-corks#breadcrumb\"},\"inLanguage\":\"de\",\"potentialAction\":[{\"@type\":\"ReadAction\",\"target\":[\"https:\/\/ruishengglassco.com\/product\/rs095-wholesale-700ml-clear-gin-bottles-with-corks\"]}]},{\"@type\":\"BreadcrumbList\",\"@id\":\"https:\/\/ruishengglassco.com\/product\/rs095-wholesale-700ml-clear-gin-bottles-with-corks#breadcrumb\",\"itemListElement\":[{\"@type\":\"ListItem\",\"position\":1,\"name\":\"Home\",\"item\":\"https:\/\/ruishengglassco.com\/\"},{\"@type\":\"ListItem\",\"position\":2,\"name\":\"Products\",\"item\":\"https:\/\/ruishengglassco.com\/products\"},{\"@type\":\"ListItem\",\"position\":3,\"name\":\"RS095: 700ml Clear Gin Bottles With Corks\"}]},{\"@type\":\"WebSite\",\"@id\":\"https:\/\/ruishengglassco.com\/#website\",\"url\":\"https:\/\/ruishengglassco.com\/\",\"name\":\"Ruisheng Glass\",\"description\":\"\",\"publisher\":{\"@id\":\"https:\/\/ruishengglassco.com\/#organization\"},\"potentialAction\":[{\"@type\":\"SearchAction\",\"target\":{\"@type\":\"EntryPoint\",\"urlTemplate\":\"https:\/\/ruishengglassco.com\/?s={search_term_string}\"},\"query-input\":\"required name=search_term_string\"}],\"inLanguage\":\"de\"},{\"@type\":\"Organization\",\"@id\":\"https:\/\/ruishengglassco.com\/#organization\",\"name\":\"Shandong Yuncheng Ruisheng Glass Co., Ltd\",\"url\":\"https:\/\/ruishengglassco.com\/\",\"logo\":{\"@type\":\"ImageObject\",\"inLanguage\":\"de\",\"@id\":\"https:\/\/ruishengglassco.com\/#\/schema\/logo\/image\/\",\"url\":\"https:\/\/ruishengglassco.com\/wp-content\/uploads\/2023\/09\/ruisheng_logo_icon.webp\",\"contentUrl\":\"https:\/\/ruishengglassco.com\/wp-content\/uploads\/2023\/09\/ruisheng_logo_icon.webp\",\"width\":400,\"height\":233,\"caption\":\"Shandong Yuncheng Ruisheng Glass Co., Ltd\"},\"image\":{\"@id\":\"https:\/\/ruishengglassco.com\/#\/schema\/logo\/image\/\"},\"sameAs\":[\"https:\/\/www.facebook.com\/ruishengglassbottles\",\"https:\/\/www.instagram.com\/Ruishengglassbottlewholesales\/\",\"https:\/\/www.youtube.com\/channel\/UCMmbMNGwsL-XrtjfSFLCdVQ\"]}]}<\/script>\n<!-- \/ Yoast SEO plugin. -->","yoast_head_json":{"title":"700ml Clear Gin Bottle Manufacturers | Bulk Gin Bottle With Cork For Sale","description":"Buy 700ml Clear Gin Bottle Wholesale From China Ruisheng Glass Bottle Manufacturer. Factory Ouelt&Cheap Price. Buy Bulk Gin Bottle With Cork For Sale Now","robots":{"index":"index","follow":"follow","max-snippet":"max-snippet:-1","max-image-preview":"max-image-preview:large","max-video-preview":"max-video-preview:-1"},"canonical":"https:\/\/ruishengglassco.com\/de\/produkt\/rs095-groshandel-700ml-klare-gin-flaschen-mit-korken","og_locale":"de_DE","og_type":"article","og_title":"700ml Clear Gin Bottle Manufacturers | Bulk Gin Bottle With Cork For Sale","og_description":"Buy 700ml Clear Gin Bottle Wholesale From China Ruisheng Glass Bottle Manufacturer. Factory Ouelt&Cheap Price. Buy Bulk Gin Bottle With Cork For Sale Now","og_url":"https:\/\/ruishengglassco.com\/de\/produkt\/rs095-groshandel-700ml-klare-gin-flaschen-mit-korken","article_publisher":"https:\/\/www.facebook.com\/ruishengglassbottles","article_modified_time":"2025-07-17T05:53:45+00:00","og_image":[{"width":800,"height":800,"url":"https:\/\/ruishengglassco.com\/wp-content\/uploads\/2025\/03\/RS095-Wholesale-700ml-Clear-Gin-Bottles-With-Corks.webp","type":"image\/webp"}],"twitter_card":"summary_large_image","twitter_misc":{"Gesch\u00e4tzte Lesezeit":"2\u00a0Minuten"},"schema":{"@context":"https:\/\/schema.org","@graph":[{"@type":"WebPage","@id":"https:\/\/ruishengglassco.com\/product\/rs095-wholesale-700ml-clear-gin-bottles-with-corks","url":"https:\/\/ruishengglassco.com\/product\/rs095-wholesale-700ml-clear-gin-bottles-with-corks","name":"700ml Clear Gin Bottle Manufacturers | Bulk Gin Bottle With Cork For Sale","isPartOf":{"@id":"https:\/\/ruishengglassco.com\/#website"},"datePublished":"2025-03-15T01:47:58+00:00","dateModified":"2025-07-17T05:53:45+00:00","description":"Buy 700ml Clear Gin Bottle Wholesale From China Ruisheng Glass Bottle Manufacturer. Factory Ouelt&Cheap Price. Buy Bulk Gin Bottle With Cork For Sale Now","breadcrumb":{"@id":"https:\/\/ruishengglassco.com\/product\/rs095-wholesale-700ml-clear-gin-bottles-with-corks#breadcrumb"},"inLanguage":"de","potentialAction":[{"@type":"ReadAction","target":["https:\/\/ruishengglassco.com\/product\/rs095-wholesale-700ml-clear-gin-bottles-with-corks"]}]},{"@type":"BreadcrumbList","@id":"https:\/\/ruishengglassco.com\/product\/rs095-wholesale-700ml-clear-gin-bottles-with-corks#breadcrumb","itemListElement":[{"@type":"ListItem","position":1,"name":"Home","item":"https:\/\/ruishengglassco.com\/"},{"@type":"ListItem","position":2,"name":"Products","item":"https:\/\/ruishengglassco.com\/products"},{"@type":"ListItem","position":3,"name":"RS095: 700ml Clear Gin Bottles With Corks"}]},{"@type":"WebSite","@id":"https:\/\/ruishengglassco.com\/#website","url":"https:\/\/ruishengglassco.com\/","name":"Ruisheng Glass","description":"","publisher":{"@id":"https:\/\/ruishengglassco.com\/#organization"},"potentialAction":[{"@type":"SearchAction","target":{"@type":"EntryPoint","urlTemplate":"https:\/\/ruishengglassco.com\/?s={search_term_string}"},"query-input":"required name=search_term_string"}],"inLanguage":"de"},{"@type":"Organization","@id":"https:\/\/ruishengglassco.com\/#organization","name":"Shandong Yuncheng Ruisheng Glass Co., Ltd","url":"https:\/\/ruishengglassco.com\/","logo":{"@type":"ImageObject","inLanguage":"de","@id":"https:\/\/ruishengglassco.com\/#\/schema\/logo\/image\/","url":"https:\/\/ruishengglassco.com\/wp-content\/uploads\/2023\/09\/ruisheng_logo_icon.webp","contentUrl":"https:\/\/ruishengglassco.com\/wp-content\/uploads\/2023\/09\/ruisheng_logo_icon.webp","width":400,"height":233,"caption":"Shandong Yuncheng Ruisheng Glass Co., Ltd"},"image":{"@id":"https:\/\/ruishengglassco.com\/#\/schema\/logo\/image\/"},"sameAs":["https:\/\/www.facebook.com\/ruishengglassbottles","https:\/\/www.instagram.com\/Ruishengglassbottlewholesales\/","https:\/\/www.youtube.com\/channel\/UCMmbMNGwsL-XrtjfSFLCdVQ"]}]}},"_links":{"self":[{"href":"https:\/\/ruishengglassco.com\/de\/wp-json\/wp\/v2\/product\/4213","targetHints":{"allow":["GET"]}}],"collection":[{"href":"https:\/\/ruishengglassco.com\/de\/wp-json\/wp\/v2\/product"}],"about":[{"href":"https:\/\/ruishengglassco.com\/de\/wp-json\/wp\/v2\/types\/product"}],"replies":[{"embeddable":true,"href":"https:\/\/ruishengglassco.com\/de\/wp-json\/wp\/v2\/comments?post=4213"}],"wp:featuredmedia":[{"embeddable":true,"href":"https:\/\/ruishengglassco.com\/de\/wp-json\/wp\/v2\/media\/4214"}],"wp:attachment":[{"href":"https:\/\/ruishengglassco.com\/de\/wp-json\/wp\/v2\/media?parent=4213"}],"wp:term":[{"taxonomy":"product_cat","embeddable":true,"href":"https:\/\/ruishengglassco.com\/de\/wp-json\/wp\/v2\/product_cat?post=4213"}],"curies":[{"name":"wp","href":"https:\/\/api.w.org\/{rel}","templated":true}]}}