{"id":4194,"date":"2025-03-15T09:32:03","date_gmt":"2025-03-15T01:32:03","guid":{"rendered":"https:\/\/ruishengglassco.com\/?post_type=product&#038;p=4194"},"modified":"2025-09-12T09:00:35","modified_gmt":"2025-09-12T01:00:35","slug":"rs0971000ml-klarglasflaschen-lieferant-mit-stopfen","status":"publish","type":"product","link":"https:\/\/ruishengglassco.com\/de\/produkt\/rs0971000ml-klarglasflaschen-lieferant-mit-stopfen","title":{"rendered":"RS097:1000ml Klarglasflaschen Lieferant mit Stopfen"},"content":{"rendered":"<p><span data-preserver-spaces=\"true\">Die modernsten CNC-Maschinen <\/span><span data-preserver-spaces=\"true\">machen.<\/span><span data-preserver-spaces=\"true\"> diese 1000ml Klarglasflaschen im Gro\u00dfhandel.<\/span><span data-preserver-spaces=\"true\"> Wir verwenden diese Maschinen in der Regel zur Herstellung von Glasflaschen h\u00f6chster Qualit\u00e4t. Unsere Klarglasflaschen im Gro\u00dfhandel <\/span><span data-preserver-spaces=\"true\">gemacht werden<\/span><span data-preserver-spaces=\"true\"> aus hochwertigem Glas. Diese Glasflasche mit Korken ist sehr glatt und <\/span><span data-preserver-spaces=\"true\">klar<\/span><span data-preserver-spaces=\"true\">.<\/span><\/p>\n<p><span data-preserver-spaces=\"true\">Diese 1-Liter-Glasflasche f\u00fcr Spirituosen ist rund und wird mit einem Korken verschlossen. <\/span><span data-preserver-spaces=\"true\">Wir <\/span><span data-preserver-spaces=\"true\">kann<\/span><span data-preserver-spaces=\"true\"> Angebot <\/span><span data-preserver-spaces=\"true\">verschiedene<\/span><span data-preserver-spaces=\"true\"> Farben und <\/span><span data-preserver-spaces=\"true\">verschiedene<\/span><span data-preserver-spaces=\"true\"> Materialien <\/span><span data-preserver-spaces=\"true\">von<\/span> <span data-preserver-spaces=\"true\">Kork, <\/span><span data-preserver-spaces=\"true\">wie zum Beispiel<\/span><span data-preserver-spaces=\"true\"> schwarz\/gold\/silberne Kappen mit <\/span><span data-preserver-spaces=\"true\">Hochpolymer<\/span><span data-preserver-spaces=\"true\"> Korken, schwarze Kappen mit komplexem Korken, schwarze Kappen mit Holzkorken, Holzkappen <\/span><span data-preserver-spaces=\"true\">und<\/span><span data-preserver-spaces=\"true\"> Holzkorken und andere Korken.<\/span><\/p>\n<h2><span data-preserver-spaces=\"true\">Die Informationen der 1000ml Klarglasflaschen Lieferant<\/span><\/h2>\n<ul>\n<li><span data-preserver-spaces=\"true\">Hauptseite<\/span><span data-preserver-spaces=\"true\"> Material: kristallwei\u00dfes \/ hohes Flintglas<\/span><\/li>\n<li><span data-preserver-spaces=\"true\">Verschluss: Blackcap mit Hochpolymer-Kork<\/span><\/li>\n<li><span data-preserver-spaces=\"true\">Referenz: RS097<\/span><\/li>\n<li><span data-preserver-spaces=\"true\">MOQ: 10000 PCS<\/span><\/li>\n<li><span data-preserver-spaces=\"true\">Fassungsverm\u00f6gen: 1000ml<\/span><\/li>\n<li><span data-preserver-spaces=\"true\">St\u00fcck\/Gebinde: 24 St\u00fcck oder nach Kundenwunsch<\/span><\/li>\n<li><span data-preserver-spaces=\"true\">Herkunft des Ortes: Shandong, China<\/span><\/li>\n<li><span data-preserver-spaces=\"true\">Besonderheit: Umweltfreundlich und wiederverwendbar<\/span><\/li>\n<\/ul>\n<p><span data-preserver-spaces=\"true\">Wenn Sie andere Verschlussarten f\u00fcr diese 1000ml-Glasflaschen bevorzugen, k\u00f6nnen wir sie mit einem Schraubverschluss versehen. Wenn Sie kundenspezifische Glasflaschen ben\u00f6tigen, z\u00f6gern Sie bitte nicht, uns zu kontaktieren. Wir k\u00f6nnen OEM oder ODM Auftr\u00e4ge akzeptieren. <\/span><span data-preserver-spaces=\"true\">Unser <\/span><span data-preserver-spaces=\"true\">Betrieb<\/span><span data-preserver-spaces=\"true\"> Prinzip ist <\/span><span data-preserver-spaces=\"true\">von<\/span><span data-preserver-spaces=\"true\"> hohe Qualit\u00e4t und hohe Aufl\u00f6sung.<\/span><span data-preserver-spaces=\"true\"> Es gibt vier Produktionslinien f\u00fcr manuelle CNC-Maschinen zur Herstellung von Wei\u00dfglasflaschen und zwei vollautomatische IS-Maschinen zur Herstellung von Wei\u00dfglasflaschen.<\/span><\/p>\n<p><span data-preserver-spaces=\"true\">Diese <\/span><span data-preserver-spaces=\"true\">1-Liter<\/span><span data-preserver-spaces=\"true\"> Glasflaschen mit Korkdose <\/span><span data-preserver-spaces=\"true\">verwendet werden<\/span><span data-preserver-spaces=\"true\"> wie Lik\u00f6rflaschen, Kaugummiflaschen und andere Getr\u00e4nkeflaschen. Wir k\u00f6nnen sicherstellen, dass alle unsere Flaschen sowohl attraktiv als auch preislich konkurrenzf\u00e4hig sind, was die Qualit\u00e4t angeht. Zu unseren wichtigsten M\u00e4rkten geh\u00f6ren Europa, die USA, Australien und andere. Und alle Produkte genie\u00dfen einen guten Ruf in Bezug auf Innovation und Funktionalit\u00e4t.<\/span><\/p>\n<p><span data-preserver-spaces=\"true\">Wenn Sie an unseren 1000ml Klarglasflaschen f\u00fcr den Gro\u00dfhandel interessiert sind oder Lik\u00f6rflaschen in gro\u00dfen Mengen kaufen m\u00f6chten, kontaktieren Sie uns bitte, und wir werden unser Bestes tun, um Ihnen zu helfen.<\/span><\/p>","protected":false},"excerpt":{"rendered":"<table class=\"tg\">\n<tbody>\n<tr>\n<th class=\"tg-24i8\" colspan=\"2\">1000ml Klarglasflasche mit Kork Gro\u00dfhandel<\/th>\n<\/tr>\n<tr>\n<td class=\"tg-b7b8\">Referenz:<\/td>\n<td class=\"tg-b7b8\">RS097<\/td>\n<\/tr>\n<tr>\n<td class=\"tg-yw4l\">Hauptmaterial:<\/td>\n<td class=\"tg-yw4l\">kristallwei\u00df \/ hohes Flintglas<\/td>\n<\/tr>\n<tr>\n<td class=\"tg-b7b8\">Kappe:<\/td>\n<td class=\"tg-b7b8\">Schwarze Kappe mit hochpolymerem Korken<\/td>\n<\/tr>\n<tr>\n<td class=\"tg-yw4l\">Kapazit\u00e4t:<\/td>\n<td class=\"tg-yw4l\">1000ml<\/td>\n<\/tr>\n<tr>\n<td class=\"tg-b7b8\">Merkmal:<\/td>\n<td class=\"tg-b7b8\">Umweltfreundlich<\/td>\n<\/tr>\n<tr>\n<td class=\"tg-yw4l\">MOQ:<\/td>\n<td class=\"tg-yw4l\">10000 PCS<\/td>\n<\/tr>\n<tr>\n<td class=\"tg-b7b8\">Art der Verpackung:<\/td>\n<td class=\"tg-b7b8\">Export Standardkarton \/ Palette \/ Export Standardkarton und Palette<\/td>\n<\/tr>\n<tr>\n<td class=\"tg-yw4l\">OEM\/ODM:<\/td>\n<td class=\"tg-yw4l\">Willkommen<\/td>\n<\/tr>\n<tr>\n<td class=\"tg-b7b8\">Herkunft des Ortes:<\/td>\n<td class=\"tg-b7b8\">Shandong, China<\/td>\n<\/tr>\n<tr>\n<td class=\"tg-yw4l\">Stck.\/Ktn:<\/td>\n<td class=\"tg-yw4l\">24 St\u00fcck oder nach Kundenwunsch<\/td>\n<\/tr>\n<\/tbody>\n<\/table>","protected":false},"featured_media":4195,"comment_status":"closed","ping_status":"closed","template":"","meta":[],"product_cat":[50],"class_list":{"0":"post-4194","1":"product","2":"type-product","3":"status-publish","4":"has-post-thumbnail","6":"product_cat-gin-bottle","8":"first","9":"instock","10":"shipping-taxable","11":"product-type-simple"},"yoast_head":"<!-- This site is optimized with the Yoast SEO plugin v22.0 - https:\/\/yoast.com\/wordpress\/plugins\/seo\/ -->\n<title>1000ml Clear Glass Bottles Supplier | China Liquor Bottle Manufacturer<\/title>\n<meta name=\"description\" content=\"Ruisheng, one of best China Liquor Bottle Manufacturer, sales bulk 1000ml clear glass bottles wholesale for spirit. Factory Outlet&amp;Quality Assurance.\" \/>\n<meta name=\"robots\" content=\"index, follow, max-snippet:-1, max-image-preview:large, max-video-preview:-1\" \/>\n<link rel=\"canonical\" href=\"https:\/\/ruishengglassco.com\/de\/produkt\/rs0971000ml-klarglasflaschen-lieferant-mit-stopfen\" \/>\n<meta property=\"og:locale\" content=\"de_DE\" \/>\n<meta property=\"og:type\" content=\"article\" \/>\n<meta property=\"og:title\" content=\"1000ml Clear Glass Bottles Supplier | China Liquor Bottle Manufacturer\" \/>\n<meta property=\"og:description\" content=\"Ruisheng, one of best China Liquor Bottle Manufacturer, sales bulk 1000ml clear glass bottles wholesale for spirit. Factory Outlet&amp;Quality Assurance.\" \/>\n<meta property=\"og:url\" content=\"https:\/\/ruishengglassco.com\/de\/produkt\/rs0971000ml-klarglasflaschen-lieferant-mit-stopfen\" \/>\n<meta property=\"article:publisher\" content=\"https:\/\/www.facebook.com\/ruishengglassbottles\" \/>\n<meta property=\"article:modified_time\" content=\"2025-09-12T01:00:35+00:00\" \/>\n<meta property=\"og:image\" content=\"https:\/\/ruishengglassco.com\/wp-content\/uploads\/2025\/03\/RS097-1000ml-Clear-Glass-Bottles-Wholesale-With-Stoppers.webp\" \/>\n\t<meta property=\"og:image:width\" content=\"800\" \/>\n\t<meta property=\"og:image:height\" content=\"800\" \/>\n\t<meta property=\"og:image:type\" content=\"image\/webp\" \/>\n<meta name=\"twitter:card\" content=\"summary_large_image\" \/>\n<meta name=\"twitter:label1\" content=\"Gesch\u00e4tzte Lesezeit\" \/>\n\t<meta name=\"twitter:data1\" content=\"2\u00a0Minuten\" \/>\n<script type=\"application\/ld+json\" class=\"yoast-schema-graph\">{\"@context\":\"https:\/\/schema.org\",\"@graph\":[{\"@type\":\"WebPage\",\"@id\":\"https:\/\/ruishengglassco.com\/product\/rs0971000ml-clear-glass-bottles-supplier-with-stoppers\",\"url\":\"https:\/\/ruishengglassco.com\/product\/rs0971000ml-clear-glass-bottles-supplier-with-stoppers\",\"name\":\"1000ml Clear Glass Bottles Supplier | China Liquor Bottle Manufacturer\",\"isPartOf\":{\"@id\":\"https:\/\/ruishengglassco.com\/#website\"},\"datePublished\":\"2025-03-15T01:32:03+00:00\",\"dateModified\":\"2025-09-12T01:00:35+00:00\",\"description\":\"Ruisheng, one of best China Liquor Bottle Manufacturer, sales bulk 1000ml clear glass bottles wholesale for spirit. Factory Outlet&Quality Assurance.\",\"breadcrumb\":{\"@id\":\"https:\/\/ruishengglassco.com\/product\/rs0971000ml-clear-glass-bottles-supplier-with-stoppers#breadcrumb\"},\"inLanguage\":\"de\",\"potentialAction\":[{\"@type\":\"ReadAction\",\"target\":[\"https:\/\/ruishengglassco.com\/product\/rs0971000ml-clear-glass-bottles-supplier-with-stoppers\"]}]},{\"@type\":\"BreadcrumbList\",\"@id\":\"https:\/\/ruishengglassco.com\/product\/rs0971000ml-clear-glass-bottles-supplier-with-stoppers#breadcrumb\",\"itemListElement\":[{\"@type\":\"ListItem\",\"position\":1,\"name\":\"Home\",\"item\":\"https:\/\/ruishengglassco.com\/\"},{\"@type\":\"ListItem\",\"position\":2,\"name\":\"Products\",\"item\":\"https:\/\/ruishengglassco.com\/products\"},{\"@type\":\"ListItem\",\"position\":3,\"name\":\"RS097:1000ml Clear Glass Bottles Supplier With Stoppers\"}]},{\"@type\":\"WebSite\",\"@id\":\"https:\/\/ruishengglassco.com\/#website\",\"url\":\"https:\/\/ruishengglassco.com\/\",\"name\":\"Ruisheng Glass\",\"description\":\"\",\"publisher\":{\"@id\":\"https:\/\/ruishengglassco.com\/#organization\"},\"potentialAction\":[{\"@type\":\"SearchAction\",\"target\":{\"@type\":\"EntryPoint\",\"urlTemplate\":\"https:\/\/ruishengglassco.com\/?s={search_term_string}\"},\"query-input\":\"required name=search_term_string\"}],\"inLanguage\":\"de\"},{\"@type\":\"Organization\",\"@id\":\"https:\/\/ruishengglassco.com\/#organization\",\"name\":\"Shandong Yuncheng Ruisheng Glass Co., Ltd\",\"url\":\"https:\/\/ruishengglassco.com\/\",\"logo\":{\"@type\":\"ImageObject\",\"inLanguage\":\"de\",\"@id\":\"https:\/\/ruishengglassco.com\/#\/schema\/logo\/image\/\",\"url\":\"https:\/\/ruishengglassco.com\/wp-content\/uploads\/2023\/09\/ruisheng_logo_icon.webp\",\"contentUrl\":\"https:\/\/ruishengglassco.com\/wp-content\/uploads\/2023\/09\/ruisheng_logo_icon.webp\",\"width\":400,\"height\":233,\"caption\":\"Shandong Yuncheng Ruisheng Glass Co., Ltd\"},\"image\":{\"@id\":\"https:\/\/ruishengglassco.com\/#\/schema\/logo\/image\/\"},\"sameAs\":[\"https:\/\/www.facebook.com\/ruishengglassbottles\",\"https:\/\/www.instagram.com\/Ruishengglassbottlewholesales\/\",\"https:\/\/www.youtube.com\/channel\/UCMmbMNGwsL-XrtjfSFLCdVQ\"]}]}<\/script>\n<!-- \/ Yoast SEO plugin. -->","yoast_head_json":{"title":"1000ml Clear Glass Bottles Supplier | China Liquor Bottle Manufacturer","description":"Ruisheng, one of best China Liquor Bottle Manufacturer, sales bulk 1000ml clear glass bottles wholesale for spirit. Factory Outlet&Quality Assurance.","robots":{"index":"index","follow":"follow","max-snippet":"max-snippet:-1","max-image-preview":"max-image-preview:large","max-video-preview":"max-video-preview:-1"},"canonical":"https:\/\/ruishengglassco.com\/de\/produkt\/rs0971000ml-klarglasflaschen-lieferant-mit-stopfen","og_locale":"de_DE","og_type":"article","og_title":"1000ml Clear Glass Bottles Supplier | China Liquor Bottle Manufacturer","og_description":"Ruisheng, one of best China Liquor Bottle Manufacturer, sales bulk 1000ml clear glass bottles wholesale for spirit. Factory Outlet&Quality Assurance.","og_url":"https:\/\/ruishengglassco.com\/de\/produkt\/rs0971000ml-klarglasflaschen-lieferant-mit-stopfen","article_publisher":"https:\/\/www.facebook.com\/ruishengglassbottles","article_modified_time":"2025-09-12T01:00:35+00:00","og_image":[{"width":800,"height":800,"url":"https:\/\/ruishengglassco.com\/wp-content\/uploads\/2025\/03\/RS097-1000ml-Clear-Glass-Bottles-Wholesale-With-Stoppers.webp","type":"image\/webp"}],"twitter_card":"summary_large_image","twitter_misc":{"Gesch\u00e4tzte Lesezeit":"2\u00a0Minuten"},"schema":{"@context":"https:\/\/schema.org","@graph":[{"@type":"WebPage","@id":"https:\/\/ruishengglassco.com\/product\/rs0971000ml-clear-glass-bottles-supplier-with-stoppers","url":"https:\/\/ruishengglassco.com\/product\/rs0971000ml-clear-glass-bottles-supplier-with-stoppers","name":"1000ml Clear Glass Bottles Supplier | China Liquor Bottle Manufacturer","isPartOf":{"@id":"https:\/\/ruishengglassco.com\/#website"},"datePublished":"2025-03-15T01:32:03+00:00","dateModified":"2025-09-12T01:00:35+00:00","description":"Ruisheng, one of best China Liquor Bottle Manufacturer, sales bulk 1000ml clear glass bottles wholesale for spirit. Factory Outlet&Quality Assurance.","breadcrumb":{"@id":"https:\/\/ruishengglassco.com\/product\/rs0971000ml-clear-glass-bottles-supplier-with-stoppers#breadcrumb"},"inLanguage":"de","potentialAction":[{"@type":"ReadAction","target":["https:\/\/ruishengglassco.com\/product\/rs0971000ml-clear-glass-bottles-supplier-with-stoppers"]}]},{"@type":"BreadcrumbList","@id":"https:\/\/ruishengglassco.com\/product\/rs0971000ml-clear-glass-bottles-supplier-with-stoppers#breadcrumb","itemListElement":[{"@type":"ListItem","position":1,"name":"Home","item":"https:\/\/ruishengglassco.com\/"},{"@type":"ListItem","position":2,"name":"Products","item":"https:\/\/ruishengglassco.com\/products"},{"@type":"ListItem","position":3,"name":"RS097:1000ml Clear Glass Bottles Supplier With Stoppers"}]},{"@type":"WebSite","@id":"https:\/\/ruishengglassco.com\/#website","url":"https:\/\/ruishengglassco.com\/","name":"Ruisheng Glass","description":"","publisher":{"@id":"https:\/\/ruishengglassco.com\/#organization"},"potentialAction":[{"@type":"SearchAction","target":{"@type":"EntryPoint","urlTemplate":"https:\/\/ruishengglassco.com\/?s={search_term_string}"},"query-input":"required name=search_term_string"}],"inLanguage":"de"},{"@type":"Organization","@id":"https:\/\/ruishengglassco.com\/#organization","name":"Shandong Yuncheng Ruisheng Glass Co., Ltd","url":"https:\/\/ruishengglassco.com\/","logo":{"@type":"ImageObject","inLanguage":"de","@id":"https:\/\/ruishengglassco.com\/#\/schema\/logo\/image\/","url":"https:\/\/ruishengglassco.com\/wp-content\/uploads\/2023\/09\/ruisheng_logo_icon.webp","contentUrl":"https:\/\/ruishengglassco.com\/wp-content\/uploads\/2023\/09\/ruisheng_logo_icon.webp","width":400,"height":233,"caption":"Shandong Yuncheng Ruisheng Glass Co., Ltd"},"image":{"@id":"https:\/\/ruishengglassco.com\/#\/schema\/logo\/image\/"},"sameAs":["https:\/\/www.facebook.com\/ruishengglassbottles","https:\/\/www.instagram.com\/Ruishengglassbottlewholesales\/","https:\/\/www.youtube.com\/channel\/UCMmbMNGwsL-XrtjfSFLCdVQ"]}]}},"_links":{"self":[{"href":"https:\/\/ruishengglassco.com\/de\/wp-json\/wp\/v2\/product\/4194","targetHints":{"allow":["GET"]}}],"collection":[{"href":"https:\/\/ruishengglassco.com\/de\/wp-json\/wp\/v2\/product"}],"about":[{"href":"https:\/\/ruishengglassco.com\/de\/wp-json\/wp\/v2\/types\/product"}],"replies":[{"embeddable":true,"href":"https:\/\/ruishengglassco.com\/de\/wp-json\/wp\/v2\/comments?post=4194"}],"wp:featuredmedia":[{"embeddable":true,"href":"https:\/\/ruishengglassco.com\/de\/wp-json\/wp\/v2\/media\/4195"}],"wp:attachment":[{"href":"https:\/\/ruishengglassco.com\/de\/wp-json\/wp\/v2\/media?parent=4194"}],"wp:term":[{"taxonomy":"product_cat","embeddable":true,"href":"https:\/\/ruishengglassco.com\/de\/wp-json\/wp\/v2\/product_cat?post=4194"}],"curies":[{"name":"wp","href":"https:\/\/api.w.org\/{rel}","templated":true}]}}