{"id":4192,"date":"2025-03-15T09:23:51","date_gmt":"2025-03-15T01:23:51","guid":{"rendered":"https:\/\/ruishengglassco.com\/?post_type=product&#038;p=4192"},"modified":"2025-09-11T16:19:37","modified_gmt":"2025-09-11T08:19:37","slug":"rs09850cl-boston-runde-glasflaschen-groshandel","status":"publish","type":"product","link":"https:\/\/ruishengglassco.com\/de\/produkt\/rs09850cl-boston-runde-glasflaschen-groshandel","title":{"rendered":"RS098:50cl Boston Runde Glasflaschen Hersteller"},"content":{"rendered":"<p><span data-preserver-spaces=\"true\">Die runden 50cl Boston-Glasflaschen <\/span><span data-preserver-spaces=\"true\">hergestellt werden<\/span><span data-preserver-spaces=\"true\"> in hochwertigem Glas aus China f\u00fcr den Gro\u00dfhandel. Diese billigen Schnapsflaschen Gro\u00dfhandel <\/span><span data-preserver-spaces=\"true\">verwendet werden<\/span><span data-preserver-spaces=\"true\"> zur Aufnahme von Wodka, Whiskey, Lik\u00f6r, Getr\u00e4nken und anderen Fl\u00fcssigkeiten.<\/span><\/p>\n<p><span data-preserver-spaces=\"true\">Unsere Fabrik, Shandong Yuncheng Ruisheng Glass Co., Ltd, befindet sich im Landkreis Yuncheng, der f\u00fcr sein Fachwissen im Bereich der Spirituosenverpackung bekannt ist. Unser Werk bietet eine Reihe von Dienstleistungen an, von der Herstellung von Klarglasflaschen bis hin zur Tiefenbearbeitung der Flaschen.<\/span><\/p>\n<p><span data-preserver-spaces=\"true\">Es gibt<\/span><span data-preserver-spaces=\"true\"> 12 Produktionslinien f\u00fcr <\/span><span data-preserver-spaces=\"true\">die<\/span><span data-preserver-spaces=\"true\"> Glasflaschen <\/span><span data-preserver-spaces=\"true\">in unserer Fabrik<\/span><span data-preserver-spaces=\"true\">beide vollautomatisch <\/span><span data-preserver-spaces=\"true\">Maschinen<\/span><span data-preserver-spaces=\"true\"> und halbautomatische Maschinen.<\/span><span data-preserver-spaces=\"true\"> Unser t\u00e4glicher Aussto\u00df betr\u00e4gt etwa 120.000 St\u00fcck. Egal, wie viele Lik\u00f6rglasflaschen Sie bestellen, wir k\u00f6nnen sie alle rechtzeitig fertigstellen. Unsere Fabrik hat mehr als 500 Mitarbeiter und eine Gruppe von qualifizierten QC und Designer. <\/span><span data-preserver-spaces=\"true\">Wir k\u00f6nnen entwerfen und <\/span><span data-preserver-spaces=\"true\">machen die<\/span><span data-preserver-spaces=\"true\"> individuelle Glasflaschen nach <\/span><span data-preserver-spaces=\"true\">unter<\/span><span data-preserver-spaces=\"true\"> Ihr Foto oder Ihre Idee.<\/span><\/p>\n<h2><span data-preserver-spaces=\"true\">Die Details der 50cl Boston Rundglasflaschen<\/span><\/h2>\n<p><span data-preserver-spaces=\"true\">Diese 50cl Boston runde Glasflaschen Gro\u00dfhandel <\/span><span data-preserver-spaces=\"true\">gemacht werden<\/span><span data-preserver-spaces=\"true\"> aus hochwertigem Flintglas. Dieses Material ist die beste Qualit\u00e4t f\u00fcr den t\u00e4glichen Gebrauch von Glasflaschen. <\/span><span data-preserver-spaces=\"true\">Das Gewicht dieser Glasflasche betr\u00e4gt 580 \u00b1 10 g, und ihr Fassungsverm\u00f6gen betr\u00e4gt 520 \u00b1 <\/span><span data-preserver-spaces=\"true\">10ml<\/span><span data-preserver-spaces=\"true\">.<\/span><span data-preserver-spaces=\"true\"> Die Gr\u00f6\u00dfe der Glasflasche betr\u00e4gt 84,2 x 192,2 mm. <\/span><span data-preserver-spaces=\"true\">Sein Durchmesser betr\u00e4gt <\/span><span data-preserver-spaces=\"true\">84,2 mm<\/span><span data-preserver-spaces=\"true\">und seine H\u00f6he betr\u00e4gt <\/span><span data-preserver-spaces=\"true\">192,2 mm<\/span><span data-preserver-spaces=\"true\">.<\/span><span data-preserver-spaces=\"true\"> Und die Dicke des Bodens betr\u00e4gt 19\u00b12 mm.<\/span><\/p>\n<h2><span data-preserver-spaces=\"true\">Die Lieferzeit dieser billigen Lik\u00f6rflaschen von den Herstellern<\/span><\/h2>\n<p><span data-preserver-spaces=\"true\">Vorr\u00e4tige Glasflaschen<\/span><\/p>\n<p><span data-preserver-spaces=\"true\">Wir k\u00f6nnen sie sofort verschicken. Und die Ankunftszeit h\u00e4ngt von der Transitzeit bis zum endg\u00fcltigen Bestimmungsort ab.<\/span><\/p>\n<p><span data-preserver-spaces=\"true\">Die bestehende Form Glasflaschen<\/span><\/p>\n<p><span data-preserver-spaces=\"true\">Diese Glasflaschen werden verschickt<\/span><span data-preserver-spaces=\"true\"> innerhalb von 20 bis 30 Tagen. Und die Ankunftszeit h\u00e4ngt von der Transitzeit zum endg\u00fcltigen Bestimmungsort ab.<\/span><\/p>\n<p><span data-preserver-spaces=\"true\">Die individuellen Glasflaschen<\/span><\/p>\n<p><span data-preserver-spaces=\"true\">Die Gie\u00dfzeit betr\u00e4gt etwa 15-20 Tage, und die Lieferzeit f\u00fcr die Massenproduktion betr\u00e4gt etwa 20-30 Tage. <\/span><span data-preserver-spaces=\"true\">basiert<\/span><span data-preserver-spaces=\"true\"> nach unserem Produktionsplan. Die Ankunftszeit h\u00e4ngt von der Transitzeit bis zum Bestimmungsort ab.<\/span><\/p>\n<p><span data-preserver-spaces=\"true\">Wenn Sie 50cl Boston Round Glass Bottles oder Glasflaschen im Gro\u00dfhandel kaufen m\u00f6chten, kontaktieren Sie uns bitte \u00fcber den Kontakt auf unserer Website.<\/span><span data-preserver-spaces=\"true\"> Form, und<\/span><span data-preserver-spaces=\"true\"> wir werden so schnell wie m\u00f6glich antworten.<\/span><\/p>","protected":false},"excerpt":{"rendered":"<p>Wenn Sie an unseren 500ml Boston Glasflaschen interessiert sind, kontaktieren Sie uns bitte. Wir werden Ihnen innerhalb von 24 Stunden antworten.<\/p>","protected":false},"featured_media":4193,"comment_status":"closed","ping_status":"closed","template":"","meta":[],"product_cat":[41,50],"class_list":{"0":"post-4192","1":"product","2":"type-product","3":"status-publish","4":"has-post-thumbnail","6":"product_cat-500ml-liquor-bottle-manufacturer","7":"product_cat-gin-bottle","9":"first","10":"instock","11":"shipping-taxable","12":"product-type-simple"},"yoast_head":"<!-- This site is optimized with the Yoast SEO plugin v22.0 - https:\/\/yoast.com\/wordpress\/plugins\/seo\/ -->\n<title>Cheap Liquor Bottles Manufacturers | 50cl Boston Round Glass Bottles Bulk<\/title>\n<meta name=\"description\" content=\"Want To Buy Cheap Liquor Bottles Wholesale? Click here to know 50cl Boston Round Glass Bottles Bulk From China Liquor Bottle Manufacturing Factory.\" \/>\n<meta name=\"robots\" content=\"index, follow, max-snippet:-1, max-image-preview:large, max-video-preview:-1\" \/>\n<link rel=\"canonical\" href=\"https:\/\/ruishengglassco.com\/de\/produkt\/rs09850cl-boston-runde-glasflaschen-groshandel\" \/>\n<meta property=\"og:locale\" content=\"de_DE\" \/>\n<meta property=\"og:type\" content=\"article\" \/>\n<meta property=\"og:title\" content=\"Cheap Liquor Bottles Manufacturers | 50cl Boston Round Glass Bottles Bulk\" \/>\n<meta property=\"og:description\" content=\"Want To Buy Cheap Liquor Bottles Wholesale? Click here to know 50cl Boston Round Glass Bottles Bulk From China Liquor Bottle Manufacturing Factory.\" \/>\n<meta property=\"og:url\" content=\"https:\/\/ruishengglassco.com\/de\/produkt\/rs09850cl-boston-runde-glasflaschen-groshandel\" \/>\n<meta property=\"article:publisher\" content=\"https:\/\/www.facebook.com\/ruishengglassbottles\" \/>\n<meta property=\"article:modified_time\" content=\"2025-09-11T08:19:37+00:00\" \/>\n<meta property=\"og:image\" content=\"https:\/\/ruishengglassco.com\/wp-content\/uploads\/2025\/03\/RS098-50cl-Boston-Round-Glass-Bottles-Wholesale.webp\" \/>\n\t<meta property=\"og:image:width\" content=\"400\" \/>\n\t<meta property=\"og:image:height\" content=\"400\" \/>\n\t<meta property=\"og:image:type\" content=\"image\/webp\" \/>\n<meta name=\"twitter:card\" content=\"summary_large_image\" \/>\n<meta name=\"twitter:label1\" content=\"Gesch\u00e4tzte Lesezeit\" \/>\n\t<meta name=\"twitter:data1\" content=\"2\u00a0Minuten\" \/>\n<script type=\"application\/ld+json\" class=\"yoast-schema-graph\">{\"@context\":\"https:\/\/schema.org\",\"@graph\":[{\"@type\":\"WebPage\",\"@id\":\"https:\/\/ruishengglassco.com\/product\/rs09850cl-boston-round-glass-bottles-wholesale\",\"url\":\"https:\/\/ruishengglassco.com\/product\/rs09850cl-boston-round-glass-bottles-wholesale\",\"name\":\"Cheap Liquor Bottles Manufacturers | 50cl Boston Round Glass Bottles Bulk\",\"isPartOf\":{\"@id\":\"https:\/\/ruishengglassco.com\/#website\"},\"datePublished\":\"2025-03-15T01:23:51+00:00\",\"dateModified\":\"2025-09-11T08:19:37+00:00\",\"description\":\"Want To Buy Cheap Liquor Bottles Wholesale? Click here to know 50cl Boston Round Glass Bottles Bulk From China Liquor Bottle Manufacturing Factory.\",\"breadcrumb\":{\"@id\":\"https:\/\/ruishengglassco.com\/product\/rs09850cl-boston-round-glass-bottles-wholesale#breadcrumb\"},\"inLanguage\":\"de\",\"potentialAction\":[{\"@type\":\"ReadAction\",\"target\":[\"https:\/\/ruishengglassco.com\/product\/rs09850cl-boston-round-glass-bottles-wholesale\"]}]},{\"@type\":\"BreadcrumbList\",\"@id\":\"https:\/\/ruishengglassco.com\/product\/rs09850cl-boston-round-glass-bottles-wholesale#breadcrumb\",\"itemListElement\":[{\"@type\":\"ListItem\",\"position\":1,\"name\":\"Home\",\"item\":\"https:\/\/ruishengglassco.com\/\"},{\"@type\":\"ListItem\",\"position\":2,\"name\":\"Products\",\"item\":\"https:\/\/ruishengglassco.com\/products\"},{\"@type\":\"ListItem\",\"position\":3,\"name\":\"RS098:50cl Boston Round Glass Bottles Manufacturers\"}]},{\"@type\":\"WebSite\",\"@id\":\"https:\/\/ruishengglassco.com\/#website\",\"url\":\"https:\/\/ruishengglassco.com\/\",\"name\":\"Ruisheng Glass\",\"description\":\"\",\"publisher\":{\"@id\":\"https:\/\/ruishengglassco.com\/#organization\"},\"potentialAction\":[{\"@type\":\"SearchAction\",\"target\":{\"@type\":\"EntryPoint\",\"urlTemplate\":\"https:\/\/ruishengglassco.com\/?s={search_term_string}\"},\"query-input\":\"required name=search_term_string\"}],\"inLanguage\":\"de\"},{\"@type\":\"Organization\",\"@id\":\"https:\/\/ruishengglassco.com\/#organization\",\"name\":\"Shandong Yuncheng Ruisheng Glass Co., Ltd\",\"url\":\"https:\/\/ruishengglassco.com\/\",\"logo\":{\"@type\":\"ImageObject\",\"inLanguage\":\"de\",\"@id\":\"https:\/\/ruishengglassco.com\/#\/schema\/logo\/image\/\",\"url\":\"https:\/\/ruishengglassco.com\/wp-content\/uploads\/2023\/09\/ruisheng_logo_icon.webp\",\"contentUrl\":\"https:\/\/ruishengglassco.com\/wp-content\/uploads\/2023\/09\/ruisheng_logo_icon.webp\",\"width\":400,\"height\":233,\"caption\":\"Shandong Yuncheng Ruisheng Glass Co., Ltd\"},\"image\":{\"@id\":\"https:\/\/ruishengglassco.com\/#\/schema\/logo\/image\/\"},\"sameAs\":[\"https:\/\/www.facebook.com\/ruishengglassbottles\",\"https:\/\/www.instagram.com\/Ruishengglassbottlewholesales\/\",\"https:\/\/www.youtube.com\/channel\/UCMmbMNGwsL-XrtjfSFLCdVQ\"]}]}<\/script>\n<!-- \/ Yoast SEO plugin. -->","yoast_head_json":{"title":"Cheap Liquor Bottles Manufacturers | 50cl Boston Round Glass Bottles Bulk","description":"Want To Buy Cheap Liquor Bottles Wholesale? Click here to know 50cl Boston Round Glass Bottles Bulk From China Liquor Bottle Manufacturing Factory.","robots":{"index":"index","follow":"follow","max-snippet":"max-snippet:-1","max-image-preview":"max-image-preview:large","max-video-preview":"max-video-preview:-1"},"canonical":"https:\/\/ruishengglassco.com\/de\/produkt\/rs09850cl-boston-runde-glasflaschen-groshandel","og_locale":"de_DE","og_type":"article","og_title":"Cheap Liquor Bottles Manufacturers | 50cl Boston Round Glass Bottles Bulk","og_description":"Want To Buy Cheap Liquor Bottles Wholesale? Click here to know 50cl Boston Round Glass Bottles Bulk From China Liquor Bottle Manufacturing Factory.","og_url":"https:\/\/ruishengglassco.com\/de\/produkt\/rs09850cl-boston-runde-glasflaschen-groshandel","article_publisher":"https:\/\/www.facebook.com\/ruishengglassbottles","article_modified_time":"2025-09-11T08:19:37+00:00","og_image":[{"width":400,"height":400,"url":"https:\/\/ruishengglassco.com\/wp-content\/uploads\/2025\/03\/RS098-50cl-Boston-Round-Glass-Bottles-Wholesale.webp","type":"image\/webp"}],"twitter_card":"summary_large_image","twitter_misc":{"Gesch\u00e4tzte Lesezeit":"2\u00a0Minuten"},"schema":{"@context":"https:\/\/schema.org","@graph":[{"@type":"WebPage","@id":"https:\/\/ruishengglassco.com\/product\/rs09850cl-boston-round-glass-bottles-wholesale","url":"https:\/\/ruishengglassco.com\/product\/rs09850cl-boston-round-glass-bottles-wholesale","name":"Cheap Liquor Bottles Manufacturers | 50cl Boston Round Glass Bottles Bulk","isPartOf":{"@id":"https:\/\/ruishengglassco.com\/#website"},"datePublished":"2025-03-15T01:23:51+00:00","dateModified":"2025-09-11T08:19:37+00:00","description":"Want To Buy Cheap Liquor Bottles Wholesale? Click here to know 50cl Boston Round Glass Bottles Bulk From China Liquor Bottle Manufacturing Factory.","breadcrumb":{"@id":"https:\/\/ruishengglassco.com\/product\/rs09850cl-boston-round-glass-bottles-wholesale#breadcrumb"},"inLanguage":"de","potentialAction":[{"@type":"ReadAction","target":["https:\/\/ruishengglassco.com\/product\/rs09850cl-boston-round-glass-bottles-wholesale"]}]},{"@type":"BreadcrumbList","@id":"https:\/\/ruishengglassco.com\/product\/rs09850cl-boston-round-glass-bottles-wholesale#breadcrumb","itemListElement":[{"@type":"ListItem","position":1,"name":"Home","item":"https:\/\/ruishengglassco.com\/"},{"@type":"ListItem","position":2,"name":"Products","item":"https:\/\/ruishengglassco.com\/products"},{"@type":"ListItem","position":3,"name":"RS098:50cl Boston Round Glass Bottles Manufacturers"}]},{"@type":"WebSite","@id":"https:\/\/ruishengglassco.com\/#website","url":"https:\/\/ruishengglassco.com\/","name":"Ruisheng Glass","description":"","publisher":{"@id":"https:\/\/ruishengglassco.com\/#organization"},"potentialAction":[{"@type":"SearchAction","target":{"@type":"EntryPoint","urlTemplate":"https:\/\/ruishengglassco.com\/?s={search_term_string}"},"query-input":"required name=search_term_string"}],"inLanguage":"de"},{"@type":"Organization","@id":"https:\/\/ruishengglassco.com\/#organization","name":"Shandong Yuncheng Ruisheng Glass Co., Ltd","url":"https:\/\/ruishengglassco.com\/","logo":{"@type":"ImageObject","inLanguage":"de","@id":"https:\/\/ruishengglassco.com\/#\/schema\/logo\/image\/","url":"https:\/\/ruishengglassco.com\/wp-content\/uploads\/2023\/09\/ruisheng_logo_icon.webp","contentUrl":"https:\/\/ruishengglassco.com\/wp-content\/uploads\/2023\/09\/ruisheng_logo_icon.webp","width":400,"height":233,"caption":"Shandong Yuncheng Ruisheng Glass Co., Ltd"},"image":{"@id":"https:\/\/ruishengglassco.com\/#\/schema\/logo\/image\/"},"sameAs":["https:\/\/www.facebook.com\/ruishengglassbottles","https:\/\/www.instagram.com\/Ruishengglassbottlewholesales\/","https:\/\/www.youtube.com\/channel\/UCMmbMNGwsL-XrtjfSFLCdVQ"]}]}},"_links":{"self":[{"href":"https:\/\/ruishengglassco.com\/de\/wp-json\/wp\/v2\/product\/4192","targetHints":{"allow":["GET"]}}],"collection":[{"href":"https:\/\/ruishengglassco.com\/de\/wp-json\/wp\/v2\/product"}],"about":[{"href":"https:\/\/ruishengglassco.com\/de\/wp-json\/wp\/v2\/types\/product"}],"replies":[{"embeddable":true,"href":"https:\/\/ruishengglassco.com\/de\/wp-json\/wp\/v2\/comments?post=4192"}],"wp:featuredmedia":[{"embeddable":true,"href":"https:\/\/ruishengglassco.com\/de\/wp-json\/wp\/v2\/media\/4193"}],"wp:attachment":[{"href":"https:\/\/ruishengglassco.com\/de\/wp-json\/wp\/v2\/media?parent=4192"}],"wp:term":[{"taxonomy":"product_cat","embeddable":true,"href":"https:\/\/ruishengglassco.com\/de\/wp-json\/wp\/v2\/product_cat?post=4192"}],"curies":[{"name":"wp","href":"https:\/\/api.w.org\/{rel}","templated":true}]}}