{"id":4186,"date":"2025-03-15T09:14:31","date_gmt":"2025-03-15T01:14:31","guid":{"rendered":"https:\/\/ruishengglassco.com\/?post_type=product&#038;p=4186"},"modified":"2025-09-11T16:00:06","modified_gmt":"2025-09-11T08:00:06","slug":"rs10350ml-runde-schnapsflasche-in-loser-schuttung","status":"publish","type":"product","link":"https:\/\/ruishengglassco.com\/de\/produkt\/rs10350ml-runde-schnapsflasche-in-loser-schuttung","title":{"rendered":"RS103:50ml Runde Lik\u00f6rflasche in Bulk"},"content":{"rendered":"<p>Sind Sie auf der Suche nach runden Glasflaschen im Gro\u00dfhandel f\u00fcr Ihre Spirituosenmarke?  Diese 50ml Schnapsflaschen in der Masse sind Feuerstein Glasflaschen. Wir k\u00f6nnen jede Farbe auf dieser Glasflasche malen, wenn Sie es brauchen, wie gr\u00fcn, schwarz, gold, und so weiter. Es gibt eine runde Zone auf den Glasflaschen, wo wir Ihr Logo platzieren k\u00f6nnen, unabh\u00e4ngig davon, ob es ein Papierlogo, ein Plastiklogo, ein Metalllogo oder eine andere Art ist.<\/p>\n<p>Unsere 50ml runde Glasflasche Gro\u00dfhandel ist mit fortschrittlichen 8S vollautomatischen Maschinen hergestellt. Es gibt vier Produktionslinien pro Maschine, und wir haben 2 St\u00fcck 8S vollautomatische Maschinen und 1 St\u00fcck 6S halbautomatische Maschinen. Unsere Fabrik verf\u00fcgt \u00fcber 12 Produktionslinien, und wir produzieren 120.000 Flaschen pro Tag. Unabh\u00e4ngig davon, ob Ihre Bestellung klein oder gro\u00df ist, k\u00f6nnen wir sie auch fertigstellen und rechtzeitig an Sie versenden.<\/p>\n<h2>Die Informationen der Gro\u00dfhandel Runde Glasflaschen wie unten:<\/h2>\n<ul>\n<li>Hauptmaterial: Kristallwei\u00dfes Glas, Glas<\/li>\n<li>Verschluss: Schraubverschluss<\/li>\n<li>Referenz: RS103<\/li>\n<li>MOQ: 10000 PCS<\/li>\n<li><span class=\"attr-name J-attr-name\" title=\"Kapazit\u00e4t\">Kapazit\u00e4t<\/span>: 50ml\/ 100ml\/375ml\/500ml\/700ml\/750ml\/Custom<\/li>\n<li>St\u00fcck\/Gebinde: 24 St\u00fcck<\/li>\n<li>Herkunft des Ortes: Shandong, China<\/li>\n<li>Besonderheit: Umweltfreundlich<\/li>\n<\/ul>\n<p>Wenn Sie mit dieser 50ml Lik\u00f6rflaschen bulk zufrieden sind, kontaktieren Sie mich bitte rechtzeitig. Wenn Sie es nicht m\u00f6gen, k\u00f6nnen Sie sich unsere anderen Flaschen ansehen. Oder ich gebe Ihnen den Katalog, Sie k\u00f6nnen w\u00e4hlen, was Sie m\u00f6gen. Wenn Sie an unseren hermetischen Alkoholflaschen interessiert sind, kontaktieren Sie uns bitte. Wir werden Ihnen innerhalb von 24 Stunden antworten.<\/p>","protected":false},"excerpt":{"rendered":"<div class=\"col col-sm-6 col-xs-12\">\n<div id=\"slider-4570-product-image-carosel\" class=\"rt-carousel carousel-holder clearfix product-image-carosel rt-image-carousel\" data-item-width=\"1\" data-nav=\"true\" data-dots=\"false\" data-margin=\"15\" data-autoplay=\"true\" data-timeout=\"7500\" data-loop=\"false\" data-tablet-item-width=\"\" data-mobile-item-width=\"1\">\n<div class=\"owl-carousel owl-loaded owl-drag\">\n<div class=\"owl-nav\">\n<div class=\"owl-next\">Gro\u00dfe runde Glasflaschen mit Stopfen von einem chinesischen Hersteller von Spirituosenflaschen. Eine klare, transparente K\u00f6rperfarbe wird die Qualit\u00e4t des Inhalts in der Flasche deutlich anzeigen. Verdickter Flaschenboden Design, f\u00f6rderlich f\u00fcr die Platzierung von Flaschen. Diese 50ml-Flasche bietet drei Verschlussoptionen: Schraubverschluss, Kork und Guala Cap. Jeder Typ wurde auf Dichtigkeit getestet. Sie bewahren den urspr\u00fcnglichen Geschmack des Lik\u00f6rs effektiv.<\/div>\n<div><\/div>\n<div class=\"owl-next\">Wenn Sie daran interessiert sind, 50ml Schnapsflaschen in gro\u00dfen Mengen zu kaufen, k\u00f6nnen Sie uns gerne kontaktieren.<\/div>\n<\/div>\n<\/div>\n<\/div>\n<\/div>","protected":false},"featured_media":4187,"comment_status":"closed","ping_status":"closed","template":"","meta":[],"product_cat":[48],"class_list":{"0":"post-4186","1":"product","2":"type-product","3":"status-publish","4":"has-post-thumbnail","6":"product_cat-50ml-mini-liquor-bottle-manufacturer","8":"first","9":"instock","10":"shipping-taxable","11":"product-type-simple"},"yoast_head":"<!-- This site is optimized with the Yoast SEO plugin v22.0 - https:\/\/yoast.com\/wordpress\/plugins\/seo\/ -->\n<title>Wholesale Round Glass Bottles With Stoppers | 50ml Liquor Bottles Bulk<\/title>\n<meta name=\"description\" content=\"Buy Wholesale Round Glass Bottles With Stoopers Factory Outlet&amp;Cheap Price. High Quality 50ml Liquor Bottles Bulk With Free Sample. Get Quote Now\" \/>\n<meta name=\"robots\" content=\"index, follow, max-snippet:-1, max-image-preview:large, max-video-preview:-1\" \/>\n<link rel=\"canonical\" href=\"https:\/\/ruishengglassco.com\/de\/produkt\/rs10350ml-runde-schnapsflasche-in-loser-schuttung\" \/>\n<meta property=\"og:locale\" content=\"de_DE\" \/>\n<meta property=\"og:type\" content=\"article\" \/>\n<meta property=\"og:title\" content=\"Wholesale Round Glass Bottles With Stoppers | 50ml Liquor Bottles Bulk\" \/>\n<meta property=\"og:description\" content=\"Buy Wholesale Round Glass Bottles With Stoopers Factory Outlet&amp;Cheap Price. High Quality 50ml Liquor Bottles Bulk With Free Sample. Get Quote Now\" \/>\n<meta property=\"og:url\" content=\"https:\/\/ruishengglassco.com\/de\/produkt\/rs10350ml-runde-schnapsflasche-in-loser-schuttung\" \/>\n<meta property=\"article:publisher\" content=\"https:\/\/www.facebook.com\/ruishengglassbottles\" \/>\n<meta property=\"article:modified_time\" content=\"2025-09-11T08:00:06+00:00\" \/>\n<meta property=\"og:image\" content=\"https:\/\/ruishengglassco.com\/wp-content\/uploads\/2025\/03\/RS103-50ml-Round-Liquor-Bottle-In-Bulk.webp\" \/>\n\t<meta property=\"og:image:width\" content=\"400\" \/>\n\t<meta property=\"og:image:height\" content=\"400\" \/>\n\t<meta property=\"og:image:type\" content=\"image\/webp\" \/>\n<meta name=\"twitter:card\" content=\"summary_large_image\" \/>\n<meta name=\"twitter:label1\" content=\"Gesch\u00e4tzte Lesezeit\" \/>\n\t<meta name=\"twitter:data1\" content=\"2\u00a0Minuten\" \/>\n<script type=\"application\/ld+json\" class=\"yoast-schema-graph\">{\"@context\":\"https:\/\/schema.org\",\"@graph\":[{\"@type\":\"WebPage\",\"@id\":\"https:\/\/ruishengglassco.com\/product\/rs10350ml-round-liquor-bottle-in-bulk\",\"url\":\"https:\/\/ruishengglassco.com\/product\/rs10350ml-round-liquor-bottle-in-bulk\",\"name\":\"Wholesale Round Glass Bottles With Stoppers | 50ml Liquor Bottles Bulk\",\"isPartOf\":{\"@id\":\"https:\/\/ruishengglassco.com\/#website\"},\"datePublished\":\"2025-03-15T01:14:31+00:00\",\"dateModified\":\"2025-09-11T08:00:06+00:00\",\"description\":\"Buy Wholesale Round Glass Bottles With Stoopers Factory Outlet&Cheap Price. High Quality 50ml Liquor Bottles Bulk With Free Sample. Get Quote Now\",\"breadcrumb\":{\"@id\":\"https:\/\/ruishengglassco.com\/product\/rs10350ml-round-liquor-bottle-in-bulk#breadcrumb\"},\"inLanguage\":\"de\",\"potentialAction\":[{\"@type\":\"ReadAction\",\"target\":[\"https:\/\/ruishengglassco.com\/product\/rs10350ml-round-liquor-bottle-in-bulk\"]}]},{\"@type\":\"BreadcrumbList\",\"@id\":\"https:\/\/ruishengglassco.com\/product\/rs10350ml-round-liquor-bottle-in-bulk#breadcrumb\",\"itemListElement\":[{\"@type\":\"ListItem\",\"position\":1,\"name\":\"Home\",\"item\":\"https:\/\/ruishengglassco.com\/\"},{\"@type\":\"ListItem\",\"position\":2,\"name\":\"Products\",\"item\":\"https:\/\/ruishengglassco.com\/products\"},{\"@type\":\"ListItem\",\"position\":3,\"name\":\"RS103:50ml Round Liquor Bottle In Bulk\"}]},{\"@type\":\"WebSite\",\"@id\":\"https:\/\/ruishengglassco.com\/#website\",\"url\":\"https:\/\/ruishengglassco.com\/\",\"name\":\"Ruisheng Glass\",\"description\":\"\",\"publisher\":{\"@id\":\"https:\/\/ruishengglassco.com\/#organization\"},\"potentialAction\":[{\"@type\":\"SearchAction\",\"target\":{\"@type\":\"EntryPoint\",\"urlTemplate\":\"https:\/\/ruishengglassco.com\/?s={search_term_string}\"},\"query-input\":\"required name=search_term_string\"}],\"inLanguage\":\"de\"},{\"@type\":\"Organization\",\"@id\":\"https:\/\/ruishengglassco.com\/#organization\",\"name\":\"Shandong Yuncheng Ruisheng Glass Co., Ltd\",\"url\":\"https:\/\/ruishengglassco.com\/\",\"logo\":{\"@type\":\"ImageObject\",\"inLanguage\":\"de\",\"@id\":\"https:\/\/ruishengglassco.com\/#\/schema\/logo\/image\/\",\"url\":\"https:\/\/ruishengglassco.com\/wp-content\/uploads\/2023\/09\/ruisheng_logo_icon.webp\",\"contentUrl\":\"https:\/\/ruishengglassco.com\/wp-content\/uploads\/2023\/09\/ruisheng_logo_icon.webp\",\"width\":400,\"height\":233,\"caption\":\"Shandong Yuncheng Ruisheng Glass Co., Ltd\"},\"image\":{\"@id\":\"https:\/\/ruishengglassco.com\/#\/schema\/logo\/image\/\"},\"sameAs\":[\"https:\/\/www.facebook.com\/ruishengglassbottles\",\"https:\/\/www.instagram.com\/Ruishengglassbottlewholesales\/\",\"https:\/\/www.youtube.com\/channel\/UCMmbMNGwsL-XrtjfSFLCdVQ\"]}]}<\/script>\n<!-- \/ Yoast SEO plugin. -->","yoast_head_json":{"title":"Wholesale Round Glass Bottles With Stoppers | 50ml Liquor Bottles Bulk","description":"Buy Wholesale Round Glass Bottles With Stoopers Factory Outlet&Cheap Price. High Quality 50ml Liquor Bottles Bulk With Free Sample. Get Quote Now","robots":{"index":"index","follow":"follow","max-snippet":"max-snippet:-1","max-image-preview":"max-image-preview:large","max-video-preview":"max-video-preview:-1"},"canonical":"https:\/\/ruishengglassco.com\/de\/produkt\/rs10350ml-runde-schnapsflasche-in-loser-schuttung","og_locale":"de_DE","og_type":"article","og_title":"Wholesale Round Glass Bottles With Stoppers | 50ml Liquor Bottles Bulk","og_description":"Buy Wholesale Round Glass Bottles With Stoopers Factory Outlet&Cheap Price. High Quality 50ml Liquor Bottles Bulk With Free Sample. Get Quote Now","og_url":"https:\/\/ruishengglassco.com\/de\/produkt\/rs10350ml-runde-schnapsflasche-in-loser-schuttung","article_publisher":"https:\/\/www.facebook.com\/ruishengglassbottles","article_modified_time":"2025-09-11T08:00:06+00:00","og_image":[{"width":400,"height":400,"url":"https:\/\/ruishengglassco.com\/wp-content\/uploads\/2025\/03\/RS103-50ml-Round-Liquor-Bottle-In-Bulk.webp","type":"image\/webp"}],"twitter_card":"summary_large_image","twitter_misc":{"Gesch\u00e4tzte Lesezeit":"2\u00a0Minuten"},"schema":{"@context":"https:\/\/schema.org","@graph":[{"@type":"WebPage","@id":"https:\/\/ruishengglassco.com\/product\/rs10350ml-round-liquor-bottle-in-bulk","url":"https:\/\/ruishengglassco.com\/product\/rs10350ml-round-liquor-bottle-in-bulk","name":"Wholesale Round Glass Bottles With Stoppers | 50ml Liquor Bottles Bulk","isPartOf":{"@id":"https:\/\/ruishengglassco.com\/#website"},"datePublished":"2025-03-15T01:14:31+00:00","dateModified":"2025-09-11T08:00:06+00:00","description":"Buy Wholesale Round Glass Bottles With Stoopers Factory Outlet&Cheap Price. High Quality 50ml Liquor Bottles Bulk With Free Sample. Get Quote Now","breadcrumb":{"@id":"https:\/\/ruishengglassco.com\/product\/rs10350ml-round-liquor-bottle-in-bulk#breadcrumb"},"inLanguage":"de","potentialAction":[{"@type":"ReadAction","target":["https:\/\/ruishengglassco.com\/product\/rs10350ml-round-liquor-bottle-in-bulk"]}]},{"@type":"BreadcrumbList","@id":"https:\/\/ruishengglassco.com\/product\/rs10350ml-round-liquor-bottle-in-bulk#breadcrumb","itemListElement":[{"@type":"ListItem","position":1,"name":"Home","item":"https:\/\/ruishengglassco.com\/"},{"@type":"ListItem","position":2,"name":"Products","item":"https:\/\/ruishengglassco.com\/products"},{"@type":"ListItem","position":3,"name":"RS103:50ml Round Liquor Bottle In Bulk"}]},{"@type":"WebSite","@id":"https:\/\/ruishengglassco.com\/#website","url":"https:\/\/ruishengglassco.com\/","name":"Ruisheng Glass","description":"","publisher":{"@id":"https:\/\/ruishengglassco.com\/#organization"},"potentialAction":[{"@type":"SearchAction","target":{"@type":"EntryPoint","urlTemplate":"https:\/\/ruishengglassco.com\/?s={search_term_string}"},"query-input":"required name=search_term_string"}],"inLanguage":"de"},{"@type":"Organization","@id":"https:\/\/ruishengglassco.com\/#organization","name":"Shandong Yuncheng Ruisheng Glass Co., Ltd","url":"https:\/\/ruishengglassco.com\/","logo":{"@type":"ImageObject","inLanguage":"de","@id":"https:\/\/ruishengglassco.com\/#\/schema\/logo\/image\/","url":"https:\/\/ruishengglassco.com\/wp-content\/uploads\/2023\/09\/ruisheng_logo_icon.webp","contentUrl":"https:\/\/ruishengglassco.com\/wp-content\/uploads\/2023\/09\/ruisheng_logo_icon.webp","width":400,"height":233,"caption":"Shandong Yuncheng Ruisheng Glass Co., Ltd"},"image":{"@id":"https:\/\/ruishengglassco.com\/#\/schema\/logo\/image\/"},"sameAs":["https:\/\/www.facebook.com\/ruishengglassbottles","https:\/\/www.instagram.com\/Ruishengglassbottlewholesales\/","https:\/\/www.youtube.com\/channel\/UCMmbMNGwsL-XrtjfSFLCdVQ"]}]}},"_links":{"self":[{"href":"https:\/\/ruishengglassco.com\/de\/wp-json\/wp\/v2\/product\/4186","targetHints":{"allow":["GET"]}}],"collection":[{"href":"https:\/\/ruishengglassco.com\/de\/wp-json\/wp\/v2\/product"}],"about":[{"href":"https:\/\/ruishengglassco.com\/de\/wp-json\/wp\/v2\/types\/product"}],"replies":[{"embeddable":true,"href":"https:\/\/ruishengglassco.com\/de\/wp-json\/wp\/v2\/comments?post=4186"}],"wp:featuredmedia":[{"embeddable":true,"href":"https:\/\/ruishengglassco.com\/de\/wp-json\/wp\/v2\/media\/4187"}],"wp:attachment":[{"href":"https:\/\/ruishengglassco.com\/de\/wp-json\/wp\/v2\/media?parent=4186"}],"wp:term":[{"taxonomy":"product_cat","embeddable":true,"href":"https:\/\/ruishengglassco.com\/de\/wp-json\/wp\/v2\/product_cat?post=4186"}],"curies":[{"name":"wp","href":"https:\/\/api.w.org\/{rel}","templated":true}]}}