{"id":4183,"date":"2025-03-15T00:30:26","date_gmt":"2025-03-14T16:30:26","guid":{"rendered":"https:\/\/ruishengglassco.com\/?post_type=product&#038;p=4183"},"modified":"2025-09-11T16:51:37","modified_gmt":"2025-09-11T08:51:37","slug":"rs104-bulk-glas-spirituosenflaschen-mit-korken-groshandel","status":"publish","type":"product","link":"https:\/\/ruishengglassco.com\/de\/produkt\/rs104-bulk-glas-spirituosenflaschen-mit-korken-groshandel","title":{"rendered":"RS104: Bulk Glas Lik\u00f6r Flaschen mit Korken Hersteller"},"content":{"rendered":"<p>Diese Serie von losen Glasflaschen mit Korken ist eines unserer meistverkauften Produkte. Das Material dieser klaren runden Schnapsflasche ist extrem wei\u00dfes Kristall. Klare Glasschnapsflaschen lassen die Kunden die Qualit\u00e4t Ihres Schnapses sehen. Dies kann mehr K\u00e4ufer anziehen.<\/p>\n<p>Unser Unternehmen ist gut in der Herstellung von hochwertigen Glasflaschen, so dass wir garantieren, dass wir hochwertige Glasflaschen produzieren k\u00f6nnen. Wenn Ihnen das Design dieser Flasche gef\u00e4llt, Sie aber mit ihrem Fassungsverm\u00f6gen nicht zufrieden sind, k\u00f6nnen wir das Fassungsverm\u00f6gen \u00e4ndern.<\/p>\n<p>Wir bieten haupts\u00e4chlich hochwertige Glasflaschen mit Korken an. Zu unseren Produkten geh\u00f6ren Wodka-, Schnaps-, Whiskey- und Lik\u00f6rflaschen sowie Marmeladenflaschen und mehr. Wir k\u00f6nnen auch Braunglasflaschen, gr\u00fcne Flaschen und Wasserflaschen anbieten. Unsere Hauptabsatzm\u00e4rkte sind Europa, die USA, Australien usw. Und alle Produkte genie\u00dfen einen guten Ruf f\u00fcr ihre Innovation und Funktionalit\u00e4t.<\/p>\n<p>Wir w\u00e4hlen die Materialien f\u00fcr unsere leeren 750-ml-Glasflaschen sorgf\u00e4ltig aus. Wir beziehen diese Materialien aus ihrem Herkunftsland. Dann verwenden wir fortschrittliche Maschinen, um sie zu Glasflaschen zu verarbeiten.<\/p>\n<h2>Die Informationen \u00fcber Glasflaschen mit Korken<\/h2>\n<ul>\n<li>Hauptmaterial: kristallwei\u00dfes Material extrem wei\u00dfes Material<\/li>\n<li>Kappe: Kork<\/li>\n<li>Referenz: RS104<\/li>\n<li>MOQ: 10000 PCS<\/li>\n<li>Fassungsverm\u00f6gen: 750ml<\/li>\n<li>St\u00fcck\/Gebinde: 24 St\u00fcck<\/li>\n<li>Herkunft des Ortes: Shandong, China<\/li>\n<li>Besonderheit: Umweltfreundlich<\/li>\n<\/ul>\n<p>Wir haben diese Flasche auf Lager, und Sie k\u00f6nnen damit rechnen, sie sehr bald zu erhalten, wenn Sie Ihre Bestellung aufgeben. Wir k\u00f6nnen auch Ihr Logo auf dieser Flasche anbringen. Wir k\u00f6nnen diese Flasche auf verschiedene Arten bearbeiten, wie z.B. bedrucken, glasieren, bemalen, und andere. Wir hei\u00dfen Freunde aus der ganzen Welt willkommen, uns zu besuchen! Wir werden einen Empfang f\u00fcr Sie arrangieren.<\/p>\n<p>Diese einzigartige Glasflasche hat einen Deckel, den wir auswechseln k\u00f6nnen; wir k\u00f6nnen ihre \u00d6ffnung in etwas anderes verwandeln.<\/p>\n<p>Wenn Sie ein Muster einschnitzen m\u00f6chten, k\u00f6nnen wir das tun; wir k\u00f6nnen das gew\u00fcnschte Muster erstellen.<\/p>\n<p>Wenn Sie mit dieser runden, klaren Schnapsflasche zufrieden sind, setzen Sie sich bitte rechtzeitig mit mir in Verbindung. Wenn sie Ihnen nicht gef\u00e4llt, k\u00f6nnen Sie sich unsere anderen Flaschen ansehen. Oder ich gebe Ihnen den Katalog, und Sie k\u00f6nnen sich aussuchen, was Ihnen gef\u00e4llt. Wenn Sie an losen Glasflaschen mit Korken interessiert sind, setzen Sie sich bitte mit uns in Verbindung. Wir werden Ihnen innerhalb von 24 Stunden antworten.<\/p>","protected":false},"excerpt":{"rendered":"<p>Wir sind ein professioneller Hersteller und eine Fabrik f\u00fcr Glasflaschen mit \u00fcber 10 Jahren Erfahrung in der Herstellung. Wir verkaufen lose Glasflaschen mit Korken. Unser Hauptprodukt sind hochwertige Lik\u00f6rflaschen. Unsere Spirituosenflaschen eignen sich f\u00fcr die Verpackung von Whiskey, Wodka, Brandy, XO und Tequila.<\/p>\n<p>Diese Serie von runden Glasflaschen Gro\u00dfhandel ist eines der beliebtesten Produkte, die in die USA, Gro\u00dfbritannien, Kanada, Russland, Italien, Deutschland, etc. exportiert worden ist.<\/p>\n<p>Wenn Sie an den Gro\u00dfhandelspreisen f\u00fcr runde Glasflaschen interessiert sind, k\u00f6nnen Sie uns gerne kontaktieren.<\/p>","protected":false},"featured_media":4184,"comment_status":"closed","ping_status":"closed","template":"","meta":[],"product_cat":[40],"class_list":{"0":"post-4183","1":"product","2":"type-product","3":"status-publish","4":"has-post-thumbnail","6":"product_cat-750ml-liquor-bottle-manufacturer","8":"first","9":"instock","10":"shipping-taxable","11":"product-type-simple"},"yoast_head":"<!-- This site is optimized with the Yoast SEO plugin v22.0 - https:\/\/yoast.com\/wordpress\/plugins\/seo\/ -->\n<title>Bulk Glass Bottles With Corks | Round Clear Liquor Bottle Supplier<\/title>\n<meta name=\"description\" content=\"Are you searching for to buy round clear liquor bottles? Click here to bulk glass bottles with corks for liquor. Factory outlet&amp;Quality Assurance.\" \/>\n<meta name=\"robots\" content=\"index, follow, max-snippet:-1, max-image-preview:large, max-video-preview:-1\" \/>\n<link rel=\"canonical\" href=\"https:\/\/ruishengglassco.com\/de\/produkt\/rs104-bulk-glas-spirituosenflaschen-mit-korken-groshandel\" \/>\n<meta property=\"og:locale\" content=\"de_DE\" \/>\n<meta property=\"og:type\" content=\"article\" \/>\n<meta property=\"og:title\" content=\"Bulk Glass Bottles With Corks | Round Clear Liquor Bottle Supplier\" \/>\n<meta property=\"og:description\" content=\"Are you searching for to buy round clear liquor bottles? Click here to bulk glass bottles with corks for liquor. Factory outlet&amp;Quality Assurance.\" \/>\n<meta property=\"og:url\" content=\"https:\/\/ruishengglassco.com\/de\/produkt\/rs104-bulk-glas-spirituosenflaschen-mit-korken-groshandel\" \/>\n<meta property=\"article:publisher\" content=\"https:\/\/www.facebook.com\/ruishengglassbottles\" \/>\n<meta property=\"article:modified_time\" content=\"2025-09-11T08:51:37+00:00\" \/>\n<meta property=\"og:image\" content=\"https:\/\/ruishengglassco.com\/wp-content\/uploads\/2025\/03\/RS104-Bulk-Glass-Liquor-Bottles-With-Corks-Wholesale.webp\" \/>\n\t<meta property=\"og:image:width\" content=\"800\" \/>\n\t<meta property=\"og:image:height\" content=\"800\" \/>\n\t<meta property=\"og:image:type\" content=\"image\/webp\" \/>\n<meta name=\"twitter:card\" content=\"summary_large_image\" \/>\n<meta name=\"twitter:label1\" content=\"Gesch\u00e4tzte Lesezeit\" \/>\n\t<meta name=\"twitter:data1\" content=\"2\u00a0Minuten\" \/>\n<script type=\"application\/ld+json\" class=\"yoast-schema-graph\">{\"@context\":\"https:\/\/schema.org\",\"@graph\":[{\"@type\":\"WebPage\",\"@id\":\"https:\/\/ruishengglassco.com\/product\/rs104-bulk-glass-liquor-bottles-with-corks-wholesale\",\"url\":\"https:\/\/ruishengglassco.com\/product\/rs104-bulk-glass-liquor-bottles-with-corks-wholesale\",\"name\":\"Bulk Glass Bottles With Corks | Round Clear Liquor Bottle Supplier\",\"isPartOf\":{\"@id\":\"https:\/\/ruishengglassco.com\/#website\"},\"datePublished\":\"2025-03-14T16:30:26+00:00\",\"dateModified\":\"2025-09-11T08:51:37+00:00\",\"description\":\"Are you searching for to buy round clear liquor bottles? Click here to bulk glass bottles with corks for liquor. Factory outlet&Quality Assurance.\",\"breadcrumb\":{\"@id\":\"https:\/\/ruishengglassco.com\/product\/rs104-bulk-glass-liquor-bottles-with-corks-wholesale#breadcrumb\"},\"inLanguage\":\"de\",\"potentialAction\":[{\"@type\":\"ReadAction\",\"target\":[\"https:\/\/ruishengglassco.com\/product\/rs104-bulk-glass-liquor-bottles-with-corks-wholesale\"]}]},{\"@type\":\"BreadcrumbList\",\"@id\":\"https:\/\/ruishengglassco.com\/product\/rs104-bulk-glass-liquor-bottles-with-corks-wholesale#breadcrumb\",\"itemListElement\":[{\"@type\":\"ListItem\",\"position\":1,\"name\":\"Home\",\"item\":\"https:\/\/ruishengglassco.com\/\"},{\"@type\":\"ListItem\",\"position\":2,\"name\":\"Products\",\"item\":\"https:\/\/ruishengglassco.com\/products\"},{\"@type\":\"ListItem\",\"position\":3,\"name\":\"RS104: Bulk Glass Liquor Bottles With Corks Manufacturers\"}]},{\"@type\":\"WebSite\",\"@id\":\"https:\/\/ruishengglassco.com\/#website\",\"url\":\"https:\/\/ruishengglassco.com\/\",\"name\":\"Ruisheng Glass\",\"description\":\"\",\"publisher\":{\"@id\":\"https:\/\/ruishengglassco.com\/#organization\"},\"potentialAction\":[{\"@type\":\"SearchAction\",\"target\":{\"@type\":\"EntryPoint\",\"urlTemplate\":\"https:\/\/ruishengglassco.com\/?s={search_term_string}\"},\"query-input\":\"required name=search_term_string\"}],\"inLanguage\":\"de\"},{\"@type\":\"Organization\",\"@id\":\"https:\/\/ruishengglassco.com\/#organization\",\"name\":\"Shandong Yuncheng Ruisheng Glass Co., Ltd\",\"url\":\"https:\/\/ruishengglassco.com\/\",\"logo\":{\"@type\":\"ImageObject\",\"inLanguage\":\"de\",\"@id\":\"https:\/\/ruishengglassco.com\/#\/schema\/logo\/image\/\",\"url\":\"https:\/\/ruishengglassco.com\/wp-content\/uploads\/2023\/09\/ruisheng_logo_icon.webp\",\"contentUrl\":\"https:\/\/ruishengglassco.com\/wp-content\/uploads\/2023\/09\/ruisheng_logo_icon.webp\",\"width\":400,\"height\":233,\"caption\":\"Shandong Yuncheng Ruisheng Glass Co., Ltd\"},\"image\":{\"@id\":\"https:\/\/ruishengglassco.com\/#\/schema\/logo\/image\/\"},\"sameAs\":[\"https:\/\/www.facebook.com\/ruishengglassbottles\",\"https:\/\/www.instagram.com\/Ruishengglassbottlewholesales\/\",\"https:\/\/www.youtube.com\/channel\/UCMmbMNGwsL-XrtjfSFLCdVQ\"]}]}<\/script>\n<!-- \/ Yoast SEO plugin. -->","yoast_head_json":{"title":"Bulk Glass Bottles With Corks | Round Clear Liquor Bottle Supplier","description":"Are you searching for to buy round clear liquor bottles? Click here to bulk glass bottles with corks for liquor. Factory outlet&Quality Assurance.","robots":{"index":"index","follow":"follow","max-snippet":"max-snippet:-1","max-image-preview":"max-image-preview:large","max-video-preview":"max-video-preview:-1"},"canonical":"https:\/\/ruishengglassco.com\/de\/produkt\/rs104-bulk-glas-spirituosenflaschen-mit-korken-groshandel","og_locale":"de_DE","og_type":"article","og_title":"Bulk Glass Bottles With Corks | Round Clear Liquor Bottle Supplier","og_description":"Are you searching for to buy round clear liquor bottles? Click here to bulk glass bottles with corks for liquor. Factory outlet&Quality Assurance.","og_url":"https:\/\/ruishengglassco.com\/de\/produkt\/rs104-bulk-glas-spirituosenflaschen-mit-korken-groshandel","article_publisher":"https:\/\/www.facebook.com\/ruishengglassbottles","article_modified_time":"2025-09-11T08:51:37+00:00","og_image":[{"width":800,"height":800,"url":"https:\/\/ruishengglassco.com\/wp-content\/uploads\/2025\/03\/RS104-Bulk-Glass-Liquor-Bottles-With-Corks-Wholesale.webp","type":"image\/webp"}],"twitter_card":"summary_large_image","twitter_misc":{"Gesch\u00e4tzte Lesezeit":"2\u00a0Minuten"},"schema":{"@context":"https:\/\/schema.org","@graph":[{"@type":"WebPage","@id":"https:\/\/ruishengglassco.com\/product\/rs104-bulk-glass-liquor-bottles-with-corks-wholesale","url":"https:\/\/ruishengglassco.com\/product\/rs104-bulk-glass-liquor-bottles-with-corks-wholesale","name":"Bulk Glass Bottles With Corks | Round Clear Liquor Bottle Supplier","isPartOf":{"@id":"https:\/\/ruishengglassco.com\/#website"},"datePublished":"2025-03-14T16:30:26+00:00","dateModified":"2025-09-11T08:51:37+00:00","description":"Are you searching for to buy round clear liquor bottles? Click here to bulk glass bottles with corks for liquor. Factory outlet&Quality Assurance.","breadcrumb":{"@id":"https:\/\/ruishengglassco.com\/product\/rs104-bulk-glass-liquor-bottles-with-corks-wholesale#breadcrumb"},"inLanguage":"de","potentialAction":[{"@type":"ReadAction","target":["https:\/\/ruishengglassco.com\/product\/rs104-bulk-glass-liquor-bottles-with-corks-wholesale"]}]},{"@type":"BreadcrumbList","@id":"https:\/\/ruishengglassco.com\/product\/rs104-bulk-glass-liquor-bottles-with-corks-wholesale#breadcrumb","itemListElement":[{"@type":"ListItem","position":1,"name":"Home","item":"https:\/\/ruishengglassco.com\/"},{"@type":"ListItem","position":2,"name":"Products","item":"https:\/\/ruishengglassco.com\/products"},{"@type":"ListItem","position":3,"name":"RS104: Bulk Glass Liquor Bottles With Corks Manufacturers"}]},{"@type":"WebSite","@id":"https:\/\/ruishengglassco.com\/#website","url":"https:\/\/ruishengglassco.com\/","name":"Ruisheng Glass","description":"","publisher":{"@id":"https:\/\/ruishengglassco.com\/#organization"},"potentialAction":[{"@type":"SearchAction","target":{"@type":"EntryPoint","urlTemplate":"https:\/\/ruishengglassco.com\/?s={search_term_string}"},"query-input":"required name=search_term_string"}],"inLanguage":"de"},{"@type":"Organization","@id":"https:\/\/ruishengglassco.com\/#organization","name":"Shandong Yuncheng Ruisheng Glass Co., Ltd","url":"https:\/\/ruishengglassco.com\/","logo":{"@type":"ImageObject","inLanguage":"de","@id":"https:\/\/ruishengglassco.com\/#\/schema\/logo\/image\/","url":"https:\/\/ruishengglassco.com\/wp-content\/uploads\/2023\/09\/ruisheng_logo_icon.webp","contentUrl":"https:\/\/ruishengglassco.com\/wp-content\/uploads\/2023\/09\/ruisheng_logo_icon.webp","width":400,"height":233,"caption":"Shandong Yuncheng Ruisheng Glass Co., Ltd"},"image":{"@id":"https:\/\/ruishengglassco.com\/#\/schema\/logo\/image\/"},"sameAs":["https:\/\/www.facebook.com\/ruishengglassbottles","https:\/\/www.instagram.com\/Ruishengglassbottlewholesales\/","https:\/\/www.youtube.com\/channel\/UCMmbMNGwsL-XrtjfSFLCdVQ"]}]}},"_links":{"self":[{"href":"https:\/\/ruishengglassco.com\/de\/wp-json\/wp\/v2\/product\/4183","targetHints":{"allow":["GET"]}}],"collection":[{"href":"https:\/\/ruishengglassco.com\/de\/wp-json\/wp\/v2\/product"}],"about":[{"href":"https:\/\/ruishengglassco.com\/de\/wp-json\/wp\/v2\/types\/product"}],"replies":[{"embeddable":true,"href":"https:\/\/ruishengglassco.com\/de\/wp-json\/wp\/v2\/comments?post=4183"}],"wp:featuredmedia":[{"embeddable":true,"href":"https:\/\/ruishengglassco.com\/de\/wp-json\/wp\/v2\/media\/4184"}],"wp:attachment":[{"href":"https:\/\/ruishengglassco.com\/de\/wp-json\/wp\/v2\/media?parent=4183"}],"wp:term":[{"taxonomy":"product_cat","embeddable":true,"href":"https:\/\/ruishengglassco.com\/de\/wp-json\/wp\/v2\/product_cat?post=4183"}],"curies":[{"name":"wp","href":"https:\/\/api.w.org\/{rel}","templated":true}]}}