{"id":4181,"date":"2025-03-15T00:27:41","date_gmt":"2025-03-14T16:27:41","guid":{"rendered":"https:\/\/ruishengglassco.com\/?post_type=product&#038;p=4181"},"modified":"2025-07-16T16:11:45","modified_gmt":"2025-07-16T08:11:45","slug":"rs105-1500ml-alkohol-glasflaschen-mit-deckel","status":"publish","type":"product","link":"https:\/\/ruishengglassco.com\/de\/produkt\/rs105-1500ml-alkohol-glasflaschen-mit-deckel","title":{"rendered":"RS105: 1500ml-Alkohol-Glasflaschen mit Deckeln"},"content":{"rendered":"<p><span style=\"font-size: 14.4px;\">Ruisheng, ein professioneller Hersteller von Glasflaschen in China, produziert gro\u00dfe Glasflaschen mit Deckel f\u00fcr Alkohol. Die Fabrik konzentriert sich seit 2009 auf die Herstellung hochwertiger Glasflaschen. Unsere verkorkten Glasflaschen sind perfekt f\u00fcr Spirituosen. Sie k\u00f6nnen als Whiskey-, Brandy-, Wodka-, Rum- oder Gin-Flaschen verwendet werden. Weinkellereien, Einkaufszentren, Superm\u00e4rkte und Gro\u00dfh\u00e4ndler f\u00fcr Glasflaschen entscheiden sich oft f\u00fcr sie.<\/span><\/p>\n<p><span style=\"font-size: 14.4px;\"><br \/>Ruisheng, ein Anbieter von Glasflaschen, verwendet Superflintglas f\u00fcr die Herstellung seiner Flaschen mit Stopfen. Dieses Material macht die Flaschen klar, transparent und glatt. Ruisheng bietet drei Arten von Deckeln zur Auswahl: Kork, Schraubverschluss und Guala Cap. In der Zwischenzeit bieten wir einen kundenspezifischen Glasflaschenservice: Glasflaschenvorlage, Farbe, Kapazit\u00e4t, Logo und andere. Hier sind einige Details \u00fcber unsere Glasflasche Gro\u00dfhandel:<\/span><\/p>\n<h2>\u00dcber 1500ml Alkoholflaschen Gro\u00dfhandel<\/h2>\n<ul>\n<li><strong>Name:\u00a0<\/strong>\u00a01500ml Alkohol-Glasflaschen<\/li>\n<li><strong>Marke:<\/strong>\u00a0RS<\/li>\n<li><strong>Farbe:<\/strong>\u00a0Klar<\/li>\n<li><strong>Material:<\/strong>\u00a0Kristallwei\u00dfes Material, extrem wei\u00dfes Material<\/li>\n<li><strong>MOQ:<\/strong>\u00a010000 PCS<\/li>\n<li><strong>Merkmal:<\/strong>\u00a0Hochwertig, transparent, unzerbrechlich, recycelbar<\/li>\n<li><strong>Standard:<\/strong>\u00a0ISO9001:2008, ISO14001:2004, FDA<\/li>\n<li><strong>Verpackungsmethode:<\/strong>\u00a0Standard-Export-Verpackung oder kundenspezifische Verpackung<\/li>\n<li><strong>Zahlungsfrist:<\/strong>\u00a0T\/T, L\/C, Western Union, Paypal.<\/li>\n<li><strong>Lieferfrist:<\/strong>\u00a0Innerhalb von 20-30 Tagen je nach gew\u00fcnschter Gr\u00f6\u00dfe und Menge.<\/li>\n<li><strong>Bieten Sie kostenlose Muster an, wenn wir<\/strong><\/li>\n<\/ul>\n<p><span style=\"font-size: 14.4px;\">Ruisheng hat sich nach fast 10 Jahren Entwicklung zu einem gro\u00dfen internationalen Unternehmen entwickelt. Es erstreckt sich \u00fcber 300.000 Hektar und produziert t\u00e4glich mehr als 120.000 Flaschen. Unsere Glasflaschen mit Korken werden in die USA, Gro\u00dfbritannien, Frankreich, \u00c4gypten, die Vereinigten Arabischen Emirate, Argentinien, S\u00fcdamerika und andere L\u00e4nder exportiert.<\/span><\/p>\n<p><span style=\"font-size: 14.4px;\"><br \/>Wenn Sie an losen Glasflaschen mit Deckel interessiert sind, k\u00f6nnen Sie uns gerne kontaktieren. Wir werden Ihnen innerhalb von 24 Stunden antworten. Sie k\u00f6nnen auch eine Nachricht f\u00fcr uns hinterlassen, wir werden Sie so schnell wie m\u00f6glich kontaktieren.<\/span><\/p>","protected":false},"excerpt":{"rendered":"<table class=\"tg\">\n<tbody>\n<tr>\n<th class=\"tg-24i8\" colspan=\"2\">1500ml Alkohol Glasflaschen mit Deckel<\/th>\n<\/tr>\n<tr>\n<td class=\"tg-b7b8\">Referenz:<\/td>\n<td class=\"tg-b7b8\">RS105<\/td>\n<\/tr>\n<tr>\n<td class=\"tg-yw4l\">Hauptmaterial:<\/td>\n<td class=\"tg-yw4l\">Hochwertiges Flintglas (,dieses Material wird auch als kristallwei\u00dfes Glas bezeichnet )<\/td>\n<\/tr>\n<tr>\n<td class=\"tg-b7b8\">Kappe:<\/td>\n<td class=\"tg-b7b8\">Kork, Schraubverschluss, Guala Cap.<\/td>\n<\/tr>\n<tr>\n<td class=\"tg-yw4l\">Kapazit\u00e4t:<\/td>\n<td class=\"tg-yw4l\">1500ML<\/td>\n<\/tr>\n<tr>\n<td class=\"tg-b7b8\">Merkmal:<\/td>\n<td class=\"tg-b7b8\">Umweltfreundlich<\/td>\n<\/tr>\n<tr>\n<td class=\"tg-yw4l\">MOQ:<\/td>\n<td class=\"tg-yw4l\">10000 PCS<\/td>\n<\/tr>\n<tr>\n<td class=\"tg-b7b8\">Art der Verpackung:<\/td>\n<td class=\"tg-b7b8\">Export Standardkarton \/ Palette \/ Export Standardkarton und Palette<\/td>\n<\/tr>\n<tr>\n<td class=\"tg-yw4l\">OEM\/ODM:<\/td>\n<td class=\"tg-yw4l\">Willkommen<\/td>\n<\/tr>\n<tr>\n<td class=\"tg-b7b8\">Herkunft des Ortes:<\/td>\n<td class=\"tg-b7b8\">Shandong, China<\/td>\n<\/tr>\n<tr>\n<td class=\"tg-yw4l\">Stck.\/Ktn:<\/td>\n<td class=\"tg-yw4l\">24 St\u00fcck oder nach Kundenwunsch<\/td>\n<\/tr>\n<\/tbody>\n<\/table>","protected":false},"featured_media":4182,"comment_status":"closed","ping_status":"closed","template":"","meta":[],"product_cat":[49],"class_list":{"0":"post-4181","1":"product","2":"type-product","3":"status-publish","4":"has-post-thumbnail","6":"product_cat-1500ml-liquor-bottle-manufacturer","8":"first","9":"instock","10":"shipping-taxable","11":"product-type-simple"},"yoast_head":"<!-- This site is optimized with the Yoast SEO plugin v22.0 - https:\/\/yoast.com\/wordpress\/plugins\/seo\/ -->\n<title>Bulk Glass Bottles With Lids | 1500ml Alcohol Bottles Wholesale-RS<\/title>\n<meta name=\"description\" content=\"Bulk Glass Bottles with Lids in Wholesale Price! High Quality 1500ml Alcohol Glass Bottles With Free Sample&amp;5 Years Warranty.\" \/>\n<meta name=\"robots\" content=\"index, follow, max-snippet:-1, max-image-preview:large, max-video-preview:-1\" \/>\n<link rel=\"canonical\" href=\"https:\/\/ruishengglassco.com\/de\/produkt\/rs105-1500ml-alkohol-glasflaschen-mit-deckel\" \/>\n<meta property=\"og:locale\" content=\"de_DE\" \/>\n<meta property=\"og:type\" content=\"article\" \/>\n<meta property=\"og:title\" content=\"Bulk Glass Bottles With Lids | 1500ml Alcohol Bottles Wholesale-RS\" \/>\n<meta property=\"og:description\" content=\"Bulk Glass Bottles with Lids in Wholesale Price! High Quality 1500ml Alcohol Glass Bottles With Free Sample&amp;5 Years Warranty.\" \/>\n<meta property=\"og:url\" content=\"https:\/\/ruishengglassco.com\/de\/produkt\/rs105-1500ml-alkohol-glasflaschen-mit-deckel\" \/>\n<meta property=\"article:publisher\" content=\"https:\/\/www.facebook.com\/ruishengglassbottles\" \/>\n<meta property=\"article:modified_time\" content=\"2025-07-16T08:11:45+00:00\" \/>\n<meta property=\"og:image\" content=\"https:\/\/ruishengglassco.com\/wp-content\/uploads\/2025\/03\/RS105-1500ml-Alcohol-Glass-Bottles-With-Lids.webp\" \/>\n\t<meta property=\"og:image:width\" content=\"640\" \/>\n\t<meta property=\"og:image:height\" content=\"640\" \/>\n\t<meta property=\"og:image:type\" content=\"image\/webp\" \/>\n<meta name=\"twitter:card\" content=\"summary_large_image\" \/>\n<meta name=\"twitter:label1\" content=\"Gesch\u00e4tzte Lesezeit\" \/>\n\t<meta name=\"twitter:data1\" content=\"2\u00a0Minuten\" \/>\n<script type=\"application\/ld+json\" class=\"yoast-schema-graph\">{\"@context\":\"https:\/\/schema.org\",\"@graph\":[{\"@type\":\"WebPage\",\"@id\":\"https:\/\/ruishengglassco.com\/product\/rs105-1500ml-alcohol-glass-bottles-with-lids\",\"url\":\"https:\/\/ruishengglassco.com\/product\/rs105-1500ml-alcohol-glass-bottles-with-lids\",\"name\":\"Bulk Glass Bottles With Lids | 1500ml Alcohol Bottles Wholesale-RS\",\"isPartOf\":{\"@id\":\"https:\/\/ruishengglassco.com\/#website\"},\"datePublished\":\"2025-03-14T16:27:41+00:00\",\"dateModified\":\"2025-07-16T08:11:45+00:00\",\"description\":\"Bulk Glass Bottles with Lids in Wholesale Price! High Quality 1500ml Alcohol Glass Bottles With Free Sample&5 Years Warranty.\",\"breadcrumb\":{\"@id\":\"https:\/\/ruishengglassco.com\/product\/rs105-1500ml-alcohol-glass-bottles-with-lids#breadcrumb\"},\"inLanguage\":\"de\",\"potentialAction\":[{\"@type\":\"ReadAction\",\"target\":[\"https:\/\/ruishengglassco.com\/product\/rs105-1500ml-alcohol-glass-bottles-with-lids\"]}]},{\"@type\":\"BreadcrumbList\",\"@id\":\"https:\/\/ruishengglassco.com\/product\/rs105-1500ml-alcohol-glass-bottles-with-lids#breadcrumb\",\"itemListElement\":[{\"@type\":\"ListItem\",\"position\":1,\"name\":\"Home\",\"item\":\"https:\/\/ruishengglassco.com\/\"},{\"@type\":\"ListItem\",\"position\":2,\"name\":\"Products\",\"item\":\"https:\/\/ruishengglassco.com\/products\"},{\"@type\":\"ListItem\",\"position\":3,\"name\":\"RS105: 1500ml Alcohol Glass Bottles With Lids\"}]},{\"@type\":\"WebSite\",\"@id\":\"https:\/\/ruishengglassco.com\/#website\",\"url\":\"https:\/\/ruishengglassco.com\/\",\"name\":\"Ruisheng Glass\",\"description\":\"\",\"publisher\":{\"@id\":\"https:\/\/ruishengglassco.com\/#organization\"},\"potentialAction\":[{\"@type\":\"SearchAction\",\"target\":{\"@type\":\"EntryPoint\",\"urlTemplate\":\"https:\/\/ruishengglassco.com\/?s={search_term_string}\"},\"query-input\":\"required name=search_term_string\"}],\"inLanguage\":\"de\"},{\"@type\":\"Organization\",\"@id\":\"https:\/\/ruishengglassco.com\/#organization\",\"name\":\"Shandong Yuncheng Ruisheng Glass Co., Ltd\",\"url\":\"https:\/\/ruishengglassco.com\/\",\"logo\":{\"@type\":\"ImageObject\",\"inLanguage\":\"de\",\"@id\":\"https:\/\/ruishengglassco.com\/#\/schema\/logo\/image\/\",\"url\":\"https:\/\/ruishengglassco.com\/wp-content\/uploads\/2023\/09\/ruisheng_logo_icon.webp\",\"contentUrl\":\"https:\/\/ruishengglassco.com\/wp-content\/uploads\/2023\/09\/ruisheng_logo_icon.webp\",\"width\":400,\"height\":233,\"caption\":\"Shandong Yuncheng Ruisheng Glass Co., Ltd\"},\"image\":{\"@id\":\"https:\/\/ruishengglassco.com\/#\/schema\/logo\/image\/\"},\"sameAs\":[\"https:\/\/www.facebook.com\/ruishengglassbottles\",\"https:\/\/www.instagram.com\/Ruishengglassbottlewholesales\/\",\"https:\/\/www.youtube.com\/channel\/UCMmbMNGwsL-XrtjfSFLCdVQ\"]}]}<\/script>\n<!-- \/ Yoast SEO plugin. -->","yoast_head_json":{"title":"Bulk Glass Bottles With Lids | 1500ml Alcohol Bottles Wholesale-RS","description":"Bulk Glass Bottles with Lids in Wholesale Price! High Quality 1500ml Alcohol Glass Bottles With Free Sample&5 Years Warranty.","robots":{"index":"index","follow":"follow","max-snippet":"max-snippet:-1","max-image-preview":"max-image-preview:large","max-video-preview":"max-video-preview:-1"},"canonical":"https:\/\/ruishengglassco.com\/de\/produkt\/rs105-1500ml-alkohol-glasflaschen-mit-deckel","og_locale":"de_DE","og_type":"article","og_title":"Bulk Glass Bottles With Lids | 1500ml Alcohol Bottles Wholesale-RS","og_description":"Bulk Glass Bottles with Lids in Wholesale Price! High Quality 1500ml Alcohol Glass Bottles With Free Sample&5 Years Warranty.","og_url":"https:\/\/ruishengglassco.com\/de\/produkt\/rs105-1500ml-alkohol-glasflaschen-mit-deckel","article_publisher":"https:\/\/www.facebook.com\/ruishengglassbottles","article_modified_time":"2025-07-16T08:11:45+00:00","og_image":[{"width":640,"height":640,"url":"https:\/\/ruishengglassco.com\/wp-content\/uploads\/2025\/03\/RS105-1500ml-Alcohol-Glass-Bottles-With-Lids.webp","type":"image\/webp"}],"twitter_card":"summary_large_image","twitter_misc":{"Gesch\u00e4tzte Lesezeit":"2\u00a0Minuten"},"schema":{"@context":"https:\/\/schema.org","@graph":[{"@type":"WebPage","@id":"https:\/\/ruishengglassco.com\/product\/rs105-1500ml-alcohol-glass-bottles-with-lids","url":"https:\/\/ruishengglassco.com\/product\/rs105-1500ml-alcohol-glass-bottles-with-lids","name":"Bulk Glass Bottles With Lids | 1500ml Alcohol Bottles Wholesale-RS","isPartOf":{"@id":"https:\/\/ruishengglassco.com\/#website"},"datePublished":"2025-03-14T16:27:41+00:00","dateModified":"2025-07-16T08:11:45+00:00","description":"Bulk Glass Bottles with Lids in Wholesale Price! High Quality 1500ml Alcohol Glass Bottles With Free Sample&5 Years Warranty.","breadcrumb":{"@id":"https:\/\/ruishengglassco.com\/product\/rs105-1500ml-alcohol-glass-bottles-with-lids#breadcrumb"},"inLanguage":"de","potentialAction":[{"@type":"ReadAction","target":["https:\/\/ruishengglassco.com\/product\/rs105-1500ml-alcohol-glass-bottles-with-lids"]}]},{"@type":"BreadcrumbList","@id":"https:\/\/ruishengglassco.com\/product\/rs105-1500ml-alcohol-glass-bottles-with-lids#breadcrumb","itemListElement":[{"@type":"ListItem","position":1,"name":"Home","item":"https:\/\/ruishengglassco.com\/"},{"@type":"ListItem","position":2,"name":"Products","item":"https:\/\/ruishengglassco.com\/products"},{"@type":"ListItem","position":3,"name":"RS105: 1500ml Alcohol Glass Bottles With Lids"}]},{"@type":"WebSite","@id":"https:\/\/ruishengglassco.com\/#website","url":"https:\/\/ruishengglassco.com\/","name":"Ruisheng Glass","description":"","publisher":{"@id":"https:\/\/ruishengglassco.com\/#organization"},"potentialAction":[{"@type":"SearchAction","target":{"@type":"EntryPoint","urlTemplate":"https:\/\/ruishengglassco.com\/?s={search_term_string}"},"query-input":"required name=search_term_string"}],"inLanguage":"de"},{"@type":"Organization","@id":"https:\/\/ruishengglassco.com\/#organization","name":"Shandong Yuncheng Ruisheng Glass Co., Ltd","url":"https:\/\/ruishengglassco.com\/","logo":{"@type":"ImageObject","inLanguage":"de","@id":"https:\/\/ruishengglassco.com\/#\/schema\/logo\/image\/","url":"https:\/\/ruishengglassco.com\/wp-content\/uploads\/2023\/09\/ruisheng_logo_icon.webp","contentUrl":"https:\/\/ruishengglassco.com\/wp-content\/uploads\/2023\/09\/ruisheng_logo_icon.webp","width":400,"height":233,"caption":"Shandong Yuncheng Ruisheng Glass Co., Ltd"},"image":{"@id":"https:\/\/ruishengglassco.com\/#\/schema\/logo\/image\/"},"sameAs":["https:\/\/www.facebook.com\/ruishengglassbottles","https:\/\/www.instagram.com\/Ruishengglassbottlewholesales\/","https:\/\/www.youtube.com\/channel\/UCMmbMNGwsL-XrtjfSFLCdVQ"]}]}},"_links":{"self":[{"href":"https:\/\/ruishengglassco.com\/de\/wp-json\/wp\/v2\/product\/4181","targetHints":{"allow":["GET"]}}],"collection":[{"href":"https:\/\/ruishengglassco.com\/de\/wp-json\/wp\/v2\/product"}],"about":[{"href":"https:\/\/ruishengglassco.com\/de\/wp-json\/wp\/v2\/types\/product"}],"replies":[{"embeddable":true,"href":"https:\/\/ruishengglassco.com\/de\/wp-json\/wp\/v2\/comments?post=4181"}],"wp:featuredmedia":[{"embeddable":true,"href":"https:\/\/ruishengglassco.com\/de\/wp-json\/wp\/v2\/media\/4182"}],"wp:attachment":[{"href":"https:\/\/ruishengglassco.com\/de\/wp-json\/wp\/v2\/media?parent=4181"}],"wp:term":[{"taxonomy":"product_cat","embeddable":true,"href":"https:\/\/ruishengglassco.com\/de\/wp-json\/wp\/v2\/product_cat?post=4181"}],"curies":[{"name":"wp","href":"https:\/\/api.w.org\/{rel}","templated":true}]}}