{"id":4177,"date":"2025-03-15T00:23:46","date_gmt":"2025-03-14T16:23:46","guid":{"rendered":"https:\/\/ruishengglassco.com\/?post_type=product&#038;p=4177"},"modified":"2025-07-16T15:33:40","modified_gmt":"2025-07-16T07:33:40","slug":"rs107-lose-glasflaschen-mit-deckeln-hersteller","status":"publish","type":"product","link":"https:\/\/ruishengglassco.com\/de\/produkt\/rs107-lose-glasflaschen-mit-deckeln-hersteller","title":{"rendered":"RS107: Bulk-Glasflaschen mit Deckeln Hersteller"},"content":{"rendered":"<p>M\u00f6chten Sie leere Spirituosenflaschen in gro\u00dfen Mengen verkaufen? Ruisheng, ein f\u00fchrender Hersteller von verkorkten Glasflaschen, bietet eine Reihe von Gro\u00dfhandels-Glasflaschen mit Deckeln an. Sie bieten Boston runde Glasflaschen, quadratische Glasflaschen und individuell geformte Flaschen. Sie bieten auch spezielle verkorkte Flaschen f\u00fcr Spirituosen, einschlie\u00dflich Whiskey, Brandy, Rum und Wodka.<\/p>\n<p>W\u00e4hlen Sie eine kleinere Glasflasche oder eine gr\u00f6\u00dfere Glasflasche f\u00fcr den Gro\u00dfhandel, um Ihre Kunden zu beeindrucken. Gr\u00f6\u00dfen sind von 50ml bis 1500ml erh\u00e4ltlich. Kundenspezifische Bestellungen k\u00f6nnen angenommen werden.  Die meisten Glasflaschen zum Verkauf sind aus hochflie\u00dfendem Glasmaterial hergestellt, das den K\u00f6rper der Schnapsflasche st\u00e4rker und sch\u00f6ner macht. Wir garantieren, dass alle klaren Glasflaschen mit Deckel ungiftig, 100% recycelbar, wiederverwendbar und umweltvertr\u00e4glich sind.<\/p>\n<p>Diese 750ml Glasflasche Gro\u00dfhandel hat eine einzigartige Form; die Spitze ist breit, und der Boden ist d\u00fcnn, und es hat ein Muster auf der Seite. Wir k\u00f6nnen auch die Flaschen nach den Zeichnungen anpassen, die Sie zur Verf\u00fcgung gestellt haben; wir k\u00f6nnen jede Flasche machen, die Sie wollen.<\/p>\n<h2>Die Informationen von Bulk Empty Liquor Bottles For Sale:<\/h2>\n<ul>\n<li>Hauptmaterial: Glas mit hohem Feuersteinanteil<\/li>\n<li>Verschluss: Schraubverschluss<\/li>\n<li>Referenz: RS107<\/li>\n<li>MOQ: 10000 PCS<\/li>\n<li>Fassungsverm\u00f6gen: 700ml 750ml<\/li>\n<li>St\u00fcck\/Gebinde: 24 St\u00fcck<\/li>\n<li>Herkunft des Ortes: Shandong, China<\/li>\n<li>Besonderheit: Umweltfreundlich<\/li>\n<\/ul>\n<p>Ruisheng hat eine lange Tradition in der Herstellung von 700-ml-Glasflaschen. Unser Team ist sehr erfahren, daher sind wir zuversichtlich, dass wir ein Produkt herstellen k\u00f6nnen, das Sie lieben werden. Die transparenten Glasflaschen von Ruisheng sind in Europa, den USA, Australien und anderen L\u00e4ndern beliebt. Alle Produkte sind f\u00fcr ihre Innovation und Funktionalit\u00e4t bekannt.<\/p>\n<p>Ruisheng Glass Bottle hat jetzt seinen Standort erweitert und fortschrittliche Maschinen eingef\u00fchrt, was zu einer wesentlich h\u00f6heren Produktionsgeschwindigkeit f\u00fchrt als zuvor. Wir werden also zum vereinbarten Termin gute Flaschen herstellen und die Ware an Sie liefern.<\/p>\n<p>Wenn Sie leere Schnapsflaschen in gro\u00dfen Mengen kaufen m\u00f6chten, setzen Sie sich bitte mit uns in Verbindung. Wir werden Ihnen innerhalb von 24 Stunden antworten.<br \/>Ich hoffe, Sie k\u00f6nnen eine Bestellung aufgeben.<\/p>","protected":false},"excerpt":{"rendered":"<table class=\"tg\">\n<tbody>\n<tr>\n<th class=\"tg-24i8\" colspan=\"2\">700ml Glasflaschen und 750ml Klarglasflaschen<\/th>\n<\/tr>\n<tr>\n<td class=\"tg-b7b8\">Hauptmaterial:<\/td>\n<td class=\"tg-b7b8\">Hochwertiges Flintglas<\/td>\n<\/tr>\n<tr>\n<td class=\"tg-yw4l\">Kappe:<\/td>\n<td class=\"tg-yw4l\">Schraubverschluss<\/td>\n<\/tr>\n<tr>\n<td class=\"tg-b7b8\">Kapazit\u00e4t:<\/td>\n<td class=\"tg-b7b8\">700ml 750ml<\/td>\n<\/tr>\n<tr>\n<td class=\"tg-yw4l\">Merkmal:<\/td>\n<td class=\"tg-yw4l\">Umweltfreundlich<\/td>\n<\/tr>\n<tr>\n<td class=\"tg-b7b8\">MOQ:<\/td>\n<td class=\"tg-b7b8\">10000 PCS<\/td>\n<\/tr>\n<tr>\n<td class=\"tg-yw4l\">Herkunft des Ortes:<\/td>\n<td class=\"tg-yw4l\">Shandong, China<\/td>\n<\/tr>\n<tr>\n<td class=\"tg-b7b8\">Stck.\/Ktn:<\/td>\n<td class=\"tg-b7b8\">24St\u00fcck<\/td>\n<\/tr>\n<tr>\n<td class=\"tg-yw4l\">Referenz:<\/td>\n<td class=\"tg-yw4l\">RS107<\/td>\n<\/tr>\n<tr>\n<td class=\"tg-b7b8\">Versandart:<\/td>\n<td class=\"tg-b7b8\">Schiff,Express<\/td>\n<\/tr>\n<tr>\n<td class=\"tg-yw4l\">OEM\/ODM:<\/td>\n<td class=\"tg-yw4l\">Alle<\/td>\n<\/tr>\n<\/tbody>\n<\/table>","protected":false},"featured_media":4178,"comment_status":"closed","ping_status":"closed","template":"","meta":[],"product_cat":[44,40],"class_list":{"0":"post-4177","1":"product","2":"type-product","3":"status-publish","4":"has-post-thumbnail","6":"product_cat-700ml-liquor-bottle-manufacturer","7":"product_cat-750ml-liquor-bottle-manufacturer","9":"first","10":"instock","11":"shipping-taxable","12":"product-type-simple"},"yoast_head":"<!-- This site is optimized with the Yoast SEO plugin v22.0 - https:\/\/yoast.com\/wordpress\/plugins\/seo\/ -->\n<title>Bulk Empty Liquor Bottles For Sale | Glass Bottles With Lids<\/title>\n<meta name=\"description\" content=\"Do you want to bulk empty liquor ottles for sale? Click here to wholesale glass bottles with lids for spirit. Factory Outlet Price&amp;Free Sample.\" \/>\n<meta name=\"robots\" content=\"index, follow, max-snippet:-1, max-image-preview:large, max-video-preview:-1\" \/>\n<link rel=\"canonical\" href=\"https:\/\/ruishengglassco.com\/de\/produkt\/rs107-lose-glasflaschen-mit-deckeln-hersteller\" \/>\n<meta property=\"og:locale\" content=\"de_DE\" \/>\n<meta property=\"og:type\" content=\"article\" \/>\n<meta property=\"og:title\" content=\"Bulk Empty Liquor Bottles For Sale | Glass Bottles With Lids\" \/>\n<meta property=\"og:description\" content=\"Do you want to bulk empty liquor ottles for sale? Click here to wholesale glass bottles with lids for spirit. Factory Outlet Price&amp;Free Sample.\" \/>\n<meta property=\"og:url\" content=\"https:\/\/ruishengglassco.com\/de\/produkt\/rs107-lose-glasflaschen-mit-deckeln-hersteller\" \/>\n<meta property=\"article:publisher\" content=\"https:\/\/www.facebook.com\/ruishengglassbottles\" \/>\n<meta property=\"article:modified_time\" content=\"2025-07-16T07:33:40+00:00\" \/>\n<meta property=\"og:image\" content=\"https:\/\/ruishengglassco.com\/wp-content\/uploads\/2025\/03\/RS107-Bulk-Glass-Bottles-With-Lids-Wholesale.webp\" \/>\n\t<meta property=\"og:image:width\" content=\"800\" \/>\n\t<meta property=\"og:image:height\" content=\"800\" \/>\n\t<meta property=\"og:image:type\" content=\"image\/webp\" \/>\n<meta name=\"twitter:card\" content=\"summary_large_image\" \/>\n<meta name=\"twitter:label1\" content=\"Gesch\u00e4tzte Lesezeit\" \/>\n\t<meta name=\"twitter:data1\" content=\"2\u00a0Minuten\" \/>\n<script type=\"application\/ld+json\" class=\"yoast-schema-graph\">{\"@context\":\"https:\/\/schema.org\",\"@graph\":[{\"@type\":\"WebPage\",\"@id\":\"https:\/\/ruishengglassco.com\/product\/rs107-bulk-glass-bottles-with-lids-manufacturers\",\"url\":\"https:\/\/ruishengglassco.com\/product\/rs107-bulk-glass-bottles-with-lids-manufacturers\",\"name\":\"Bulk Empty Liquor Bottles For Sale | Glass Bottles With Lids\",\"isPartOf\":{\"@id\":\"https:\/\/ruishengglassco.com\/#website\"},\"datePublished\":\"2025-03-14T16:23:46+00:00\",\"dateModified\":\"2025-07-16T07:33:40+00:00\",\"description\":\"Do you want to bulk empty liquor ottles for sale? Click here to wholesale glass bottles with lids for spirit. Factory Outlet Price&Free Sample.\",\"breadcrumb\":{\"@id\":\"https:\/\/ruishengglassco.com\/product\/rs107-bulk-glass-bottles-with-lids-manufacturers#breadcrumb\"},\"inLanguage\":\"de\",\"potentialAction\":[{\"@type\":\"ReadAction\",\"target\":[\"https:\/\/ruishengglassco.com\/product\/rs107-bulk-glass-bottles-with-lids-manufacturers\"]}]},{\"@type\":\"BreadcrumbList\",\"@id\":\"https:\/\/ruishengglassco.com\/product\/rs107-bulk-glass-bottles-with-lids-manufacturers#breadcrumb\",\"itemListElement\":[{\"@type\":\"ListItem\",\"position\":1,\"name\":\"Home\",\"item\":\"https:\/\/ruishengglassco.com\/\"},{\"@type\":\"ListItem\",\"position\":2,\"name\":\"Products\",\"item\":\"https:\/\/ruishengglassco.com\/products\"},{\"@type\":\"ListItem\",\"position\":3,\"name\":\"RS107: Bulk Glass Bottles With Lids Manufacturers\"}]},{\"@type\":\"WebSite\",\"@id\":\"https:\/\/ruishengglassco.com\/#website\",\"url\":\"https:\/\/ruishengglassco.com\/\",\"name\":\"Ruisheng Glass\",\"description\":\"\",\"publisher\":{\"@id\":\"https:\/\/ruishengglassco.com\/#organization\"},\"potentialAction\":[{\"@type\":\"SearchAction\",\"target\":{\"@type\":\"EntryPoint\",\"urlTemplate\":\"https:\/\/ruishengglassco.com\/?s={search_term_string}\"},\"query-input\":\"required name=search_term_string\"}],\"inLanguage\":\"de\"},{\"@type\":\"Organization\",\"@id\":\"https:\/\/ruishengglassco.com\/#organization\",\"name\":\"Shandong Yuncheng Ruisheng Glass Co., Ltd\",\"url\":\"https:\/\/ruishengglassco.com\/\",\"logo\":{\"@type\":\"ImageObject\",\"inLanguage\":\"de\",\"@id\":\"https:\/\/ruishengglassco.com\/#\/schema\/logo\/image\/\",\"url\":\"https:\/\/ruishengglassco.com\/wp-content\/uploads\/2023\/09\/ruisheng_logo_icon.webp\",\"contentUrl\":\"https:\/\/ruishengglassco.com\/wp-content\/uploads\/2023\/09\/ruisheng_logo_icon.webp\",\"width\":400,\"height\":233,\"caption\":\"Shandong Yuncheng Ruisheng Glass Co., Ltd\"},\"image\":{\"@id\":\"https:\/\/ruishengglassco.com\/#\/schema\/logo\/image\/\"},\"sameAs\":[\"https:\/\/www.facebook.com\/ruishengglassbottles\",\"https:\/\/www.instagram.com\/Ruishengglassbottlewholesales\/\",\"https:\/\/www.youtube.com\/channel\/UCMmbMNGwsL-XrtjfSFLCdVQ\"]}]}<\/script>\n<!-- \/ Yoast SEO plugin. -->","yoast_head_json":{"title":"Bulk Empty Liquor Bottles For Sale | Glass Bottles With Lids","description":"Do you want to bulk empty liquor ottles for sale? Click here to wholesale glass bottles with lids for spirit. Factory Outlet Price&Free Sample.","robots":{"index":"index","follow":"follow","max-snippet":"max-snippet:-1","max-image-preview":"max-image-preview:large","max-video-preview":"max-video-preview:-1"},"canonical":"https:\/\/ruishengglassco.com\/de\/produkt\/rs107-lose-glasflaschen-mit-deckeln-hersteller","og_locale":"de_DE","og_type":"article","og_title":"Bulk Empty Liquor Bottles For Sale | Glass Bottles With Lids","og_description":"Do you want to bulk empty liquor ottles for sale? Click here to wholesale glass bottles with lids for spirit. Factory Outlet Price&Free Sample.","og_url":"https:\/\/ruishengglassco.com\/de\/produkt\/rs107-lose-glasflaschen-mit-deckeln-hersteller","article_publisher":"https:\/\/www.facebook.com\/ruishengglassbottles","article_modified_time":"2025-07-16T07:33:40+00:00","og_image":[{"width":800,"height":800,"url":"https:\/\/ruishengglassco.com\/wp-content\/uploads\/2025\/03\/RS107-Bulk-Glass-Bottles-With-Lids-Wholesale.webp","type":"image\/webp"}],"twitter_card":"summary_large_image","twitter_misc":{"Gesch\u00e4tzte Lesezeit":"2\u00a0Minuten"},"schema":{"@context":"https:\/\/schema.org","@graph":[{"@type":"WebPage","@id":"https:\/\/ruishengglassco.com\/product\/rs107-bulk-glass-bottles-with-lids-manufacturers","url":"https:\/\/ruishengglassco.com\/product\/rs107-bulk-glass-bottles-with-lids-manufacturers","name":"Bulk Empty Liquor Bottles For Sale | Glass Bottles With Lids","isPartOf":{"@id":"https:\/\/ruishengglassco.com\/#website"},"datePublished":"2025-03-14T16:23:46+00:00","dateModified":"2025-07-16T07:33:40+00:00","description":"Do you want to bulk empty liquor ottles for sale? Click here to wholesale glass bottles with lids for spirit. Factory Outlet Price&Free Sample.","breadcrumb":{"@id":"https:\/\/ruishengglassco.com\/product\/rs107-bulk-glass-bottles-with-lids-manufacturers#breadcrumb"},"inLanguage":"de","potentialAction":[{"@type":"ReadAction","target":["https:\/\/ruishengglassco.com\/product\/rs107-bulk-glass-bottles-with-lids-manufacturers"]}]},{"@type":"BreadcrumbList","@id":"https:\/\/ruishengglassco.com\/product\/rs107-bulk-glass-bottles-with-lids-manufacturers#breadcrumb","itemListElement":[{"@type":"ListItem","position":1,"name":"Home","item":"https:\/\/ruishengglassco.com\/"},{"@type":"ListItem","position":2,"name":"Products","item":"https:\/\/ruishengglassco.com\/products"},{"@type":"ListItem","position":3,"name":"RS107: Bulk Glass Bottles With Lids Manufacturers"}]},{"@type":"WebSite","@id":"https:\/\/ruishengglassco.com\/#website","url":"https:\/\/ruishengglassco.com\/","name":"Ruisheng Glass","description":"","publisher":{"@id":"https:\/\/ruishengglassco.com\/#organization"},"potentialAction":[{"@type":"SearchAction","target":{"@type":"EntryPoint","urlTemplate":"https:\/\/ruishengglassco.com\/?s={search_term_string}"},"query-input":"required name=search_term_string"}],"inLanguage":"de"},{"@type":"Organization","@id":"https:\/\/ruishengglassco.com\/#organization","name":"Shandong Yuncheng Ruisheng Glass Co., Ltd","url":"https:\/\/ruishengglassco.com\/","logo":{"@type":"ImageObject","inLanguage":"de","@id":"https:\/\/ruishengglassco.com\/#\/schema\/logo\/image\/","url":"https:\/\/ruishengglassco.com\/wp-content\/uploads\/2023\/09\/ruisheng_logo_icon.webp","contentUrl":"https:\/\/ruishengglassco.com\/wp-content\/uploads\/2023\/09\/ruisheng_logo_icon.webp","width":400,"height":233,"caption":"Shandong Yuncheng Ruisheng Glass Co., Ltd"},"image":{"@id":"https:\/\/ruishengglassco.com\/#\/schema\/logo\/image\/"},"sameAs":["https:\/\/www.facebook.com\/ruishengglassbottles","https:\/\/www.instagram.com\/Ruishengglassbottlewholesales\/","https:\/\/www.youtube.com\/channel\/UCMmbMNGwsL-XrtjfSFLCdVQ"]}]}},"_links":{"self":[{"href":"https:\/\/ruishengglassco.com\/de\/wp-json\/wp\/v2\/product\/4177","targetHints":{"allow":["GET"]}}],"collection":[{"href":"https:\/\/ruishengglassco.com\/de\/wp-json\/wp\/v2\/product"}],"about":[{"href":"https:\/\/ruishengglassco.com\/de\/wp-json\/wp\/v2\/types\/product"}],"replies":[{"embeddable":true,"href":"https:\/\/ruishengglassco.com\/de\/wp-json\/wp\/v2\/comments?post=4177"}],"wp:featuredmedia":[{"embeddable":true,"href":"https:\/\/ruishengglassco.com\/de\/wp-json\/wp\/v2\/media\/4178"}],"wp:attachment":[{"href":"https:\/\/ruishengglassco.com\/de\/wp-json\/wp\/v2\/media?parent=4177"}],"wp:term":[{"taxonomy":"product_cat","embeddable":true,"href":"https:\/\/ruishengglassco.com\/de\/wp-json\/wp\/v2\/product_cat?post=4177"}],"curies":[{"name":"wp","href":"https:\/\/api.w.org\/{rel}","templated":true}]}}