{"id":4173,"date":"2025-03-15T00:19:29","date_gmt":"2025-03-14T16:19:29","guid":{"rendered":"https:\/\/ruishengglassco.com\/?post_type=product&#038;p=4173"},"modified":"2025-07-16T15:28:37","modified_gmt":"2025-07-16T07:28:37","slug":"rs109700ml-1000ml-glas-spirituosenflasche-lieferanten","status":"publish","type":"product","link":"https:\/\/ruishengglassco.com\/de\/produkt\/rs109700ml-1000ml-glas-spirituosenflasche-lieferanten","title":{"rendered":"RS109:700ml 1000ml Glas Spirituosenflasche Lieferanten"},"content":{"rendered":"<div class=\"\" data-block=\"true\" data-editor=\"fjt74\" data-offset-key=\"de3pj-0-0\">\n<div class=\"public-DraftStyleDefault-block public-DraftStyleDefault-ltr\" data-offset-key=\"de3pj-0-0\">\n<p><span data-preserver-spaces=\"true\">Shandong Yuncheng Ruisheng Glass Co, <\/span><span data-preserver-spaces=\"true\">Ltd<\/span><span data-preserver-spaces=\"true\"> ist eine der Spirituosengl\u00e4ser <\/span><span data-preserver-spaces=\"true\">Flaschenlieferanten<\/span><span data-preserver-spaces=\"true\">, <\/span><strong><em><span data-preserver-spaces=\"true\">Gro\u00dfhandel Spirituosenflaschen<\/span><\/em><\/strong><span data-preserver-spaces=\"true\"> 700ml<\/span><span data-preserver-spaces=\"true\">, 750ml,<\/span><span data-preserver-spaces=\"true\"> 1000ml, <\/span><span data-preserver-spaces=\"true\">und<\/span><span data-preserver-spaces=\"true\"> viele andere <\/span><span data-preserver-spaces=\"true\">Kapazit\u00e4t Glasflaschen<\/span><span data-preserver-spaces=\"true\"> f\u00fcr alkoholische Getr\u00e4nke.<\/span><span data-preserver-spaces=\"true\">\u00a0 In unserer Fabrik produzieren wir eine Vielzahl von fl\u00fcssigen<\/span><span data-preserver-spaces=\"true\"> Glasflaschen, einschlie\u00dflich Wodka- und Schnapsflaschen aus Glas, <\/span><span data-preserver-spaces=\"true\">Gin-Flaschen und mehr. Wir produzieren nicht nur hochwertige Glasflaschen, sondern auch Glasflaschen mittlerer Qualit\u00e4t.<\/span><\/p>\n<p><span data-preserver-spaces=\"true\">\u00a0<\/span><\/p>\n<p><span data-preserver-spaces=\"true\">Hier werden Sie eine Reihe von runden Glasflaschen sehen <\/span><span data-preserver-spaces=\"true\">wie 500ml<\/span><span data-preserver-spaces=\"true\">, <\/span><span data-preserver-spaces=\"true\">700ml, 750ml, und<\/span><span data-preserver-spaces=\"true\"> 1000ml.<\/span> <span data-preserver-spaces=\"true\">Wir k\u00f6nnen nackte Glasflaschen, Milchglasflaschen und<\/span> <span data-preserver-spaces=\"true\">bemalte Glasflaschen<\/span><span data-preserver-spaces=\"true\">; dies ist nach<\/span><span data-preserver-spaces=\"true\"> zu Ihrem <\/span><span data-preserver-spaces=\"true\">fordert<\/span><span data-preserver-spaces=\"true\">.<\/span><span data-preserver-spaces=\"true\"> Wenn Sie ein Logo ben\u00f6tigen, k\u00f6nnen wir auch ein Logo im Siebdruckverfahren, ein Aufkleberlogo oder ein<\/span> <span data-preserver-spaces=\"true\">Hei\u00dfpr\u00e4gestempel pr\u00e4gen das Logo auf die Flaschen.<\/span><\/p>\n<p><span data-preserver-spaces=\"true\">\u00a0<\/span><\/p>\n<p><span data-preserver-spaces=\"true\">Diese Lik\u00f6rflasche aus Glas ist mit Kork veredelt; wir verwenden in der Regel Hochpolymer-Korken, komplexe Korken, Holzkorken und andere Arten von Korken. <\/span><span data-preserver-spaces=\"true\">Unsere 1000ml Glasflaschen <\/span><span data-preserver-spaces=\"true\">auch<\/span><span data-preserver-spaces=\"true\"> k\u00f6nnen ihren Mundschutz wechseln <\/span><span data-preserver-spaces=\"true\">f\u00fcr die<\/span><span data-preserver-spaces=\"true\"> Schraubverschluss.<\/span> <span data-preserver-spaces=\"true\">Und \u00fcber<\/span><span data-preserver-spaces=\"true\"> den Schraubverschluss, wir <\/span><span data-preserver-spaces=\"true\">kann<\/span><span data-preserver-spaces=\"true\"> bieten einen kurzen Schraubverschluss, einen mittleren Schraubverschluss und einen langen Schraubverschluss.<\/span><\/p>\n<p><span data-preserver-spaces=\"true\">\u00a0<\/span><\/p>\n<p><span data-preserver-spaces=\"true\">Wir haben eine Reihe strenger Qualit\u00e4tsmanagementsysteme f\u00fcr diese Glasflaschen. <\/span><span data-preserver-spaces=\"true\">Alle Glasflaschen werden <\/span><span data-preserver-spaces=\"true\">ausgesendet werden<\/span><span data-preserver-spaces=\"true\"> von unserem B\u00fcro, bevor sie den QC-Test bestehen. Alle unsere Produkte genie\u00dfen bei Kunden in aller Welt ein hohes Ansehen f\u00fcr Innovation und Funktionalit\u00e4t.<\/span><\/p>\n<p><span data-preserver-spaces=\"true\">\u00a0<\/span><\/p>\n<p><span data-preserver-spaces=\"true\">Wir begr\u00fc\u00dfen OEM- und ODM-Bestellungen. <\/span><span data-preserver-spaces=\"true\">Wenn Sie <\/span><span data-preserver-spaces=\"true\">wollen<\/span><span data-preserver-spaces=\"true\"> zu <\/span><span data-preserver-spaces=\"true\">machen.<\/span><span data-preserver-spaces=\"true\"> Glasflaschen nach Ma\u00df, k\u00f6nnen wir auch <\/span><span data-preserver-spaces=\"true\">machen.<\/span><span data-preserver-spaces=\"true\"> sie f\u00fcr Sie.<\/span><span data-preserver-spaces=\"true\"> Es gen\u00fcgt, wenn Sie Fotos oder Muster anbieten.<\/span><\/p>\n<\/div>\n<\/div>\n<h2 class=\"public-DraftStyleDefault-block public-DraftStyleDefault-ltr\" data-offset-key=\"8ln21-0-0\"><span data-offset-key=\"8ln21-0-0\">Die Details des Gro\u00dfhandels Lik\u00f6rflaschen<\/span><\/h2>\n<div class=\"\" data-block=\"true\" data-editor=\"fjt74\" data-offset-key=\"a9lcl-0-0\">\n<div class=\"public-DraftStyleDefault-block public-DraftStyleDefault-ltr\" data-offset-key=\"a9lcl-0-0\"><span data-offset-key=\"a9lcl-0-0\">\u00a0<\/span><\/div>\n<\/div>\n<ul>\n<li class=\"public-DraftStyleDefault-block public-DraftStyleDefault-ltr\" data-offset-key=\"36vqo-0-0\"><span data-offset-key=\"36vqo-0-0\">Hauptmaterial: Glas mit hohem Feuersteinanteil<\/span><span data-offset-key=\"fu6iu-0-0\"><br data-text=\"true\" \/><\/span><\/li>\n<li class=\"public-DraftStyleDefault-block public-DraftStyleDefault-ltr\" data-offset-key=\"5mmf-0-0\"><span data-offset-key=\"5mmf-0-0\">Kappe: Kork<\/span><\/li>\n<li data-block=\"true\" data-editor=\"fjt74\" data-offset-key=\"9fcta-0-0\"><span data-offset-key=\"80bg6-0-0\">Referenz: RS109<\/span><\/li>\n<li data-block=\"true\" data-editor=\"fjt74\" data-offset-key=\"asnef-0-0\"><span data-offset-key=\"5l13k-0-0\">MOQ: 10000 PCS<\/span><\/li>\n<li data-block=\"true\" data-editor=\"fjt74\" data-offset-key=\"2uifl-0-0\"><span data-offset-key=\"fb1pn-0-0\">Fassungsverm\u00f6gen: 500ml 700ml 750ml 1000ml<\/span><\/li>\n<li data-block=\"true\" data-editor=\"fjt74\" data-offset-key=\"9sgma-0-0\"><span data-offset-key=\"93ppb-0-0\">St\u00fcck\/Gebinde: 24 St\u00fcck oder 20 St\u00fcck<\/span><\/li>\n<li data-block=\"true\" data-editor=\"fjt74\" data-offset-key=\"e3qd7-0-0\"><span data-offset-key=\"8sp57-0-0\">Herkunft des Ortes: Shandong, China<\/span><\/li>\n<li data-block=\"true\" data-editor=\"fjt74\" data-offset-key=\"a6c0-0-0\"><span data-offset-key=\"73gcj-0-0\">Merkmal: <\/span><span class=\"adverb\"><span data-offset-key=\"73gcj-1-0\">Umweltfreundlich<\/span><\/span><\/li>\n<\/ul>\n<div class=\"\" data-block=\"true\" data-editor=\"fjt74\" data-offset-key=\"dp5u9-0-0\">\n<div class=\"public-DraftStyleDefault-block public-DraftStyleDefault-ltr\" data-offset-key=\"dp5u9-0-0\"><span data-offset-key=\"dp5u9-0-0\">\u00a0<\/span><\/div>\n<\/div>\n<div class=\"\" data-block=\"true\" data-editor=\"fjt74\" data-offset-key=\"arq5a-0-0\">\n<div class=\"public-DraftStyleDefault-block public-DraftStyleDefault-ltr\" data-offset-key=\"arq5a-0-0\"><span data-offset-key=\"arq5a-0-0\">Wenn Sie <\/span><span class=\"passivevoice\"><span data-offset-key=\"arq5a-1-0\">interessiert sind<\/span><\/span><span data-offset-key=\"arq5a-2-0\"> im Gro\u00dfhandel Spirituosenflaschen Preis, kontaktieren Sie uns bitte. Wir werden unser Bestes f\u00fcr Sie tun.<\/span><\/div>\n<\/div>","protected":false},"excerpt":{"rendered":"<table class=\"tg\">\n<tbody>\n<tr>\n<th class=\"tg-24i8\" colspan=\"2\">Gro\u00dfhandel Spirituosenflaschen 700ml 1000ml<\/th>\n<\/tr>\n<tr>\n<td class=\"tg-b7b8\">Referenz:<\/td>\n<td class=\"tg-b7b8\">RS109<\/td>\n<\/tr>\n<tr>\n<td class=\"tg-yw4l\">Hauptmaterial:<\/td>\n<td class=\"tg-yw4l\">Hochwertiges Flintglas<\/td>\n<\/tr>\n<tr>\n<td class=\"tg-b7b8\">Kappe:<\/td>\n<td class=\"tg-b7b8\">Schraubkappe<\/td>\n<\/tr>\n<tr>\n<td class=\"tg-yw4l\">Kapazit\u00e4t:<\/td>\n<td class=\"tg-yw4l\">500ml 700ml 750ml 1000ml<\/td>\n<\/tr>\n<tr>\n<td class=\"tg-b7b8\">Merkmal:<\/td>\n<td class=\"tg-b7b8\">Umweltfreundlich<\/td>\n<\/tr>\n<tr>\n<td class=\"tg-yw4l\">MOQ:<\/td>\n<td class=\"tg-yw4l\">10000 PCS<\/td>\n<\/tr>\n<tr>\n<td class=\"tg-b7b8\">Versandart:<\/td>\n<td class=\"tg-b7b8\">Schiff, Express<\/td>\n<\/tr>\n<tr>\n<td class=\"tg-yw4l\">OEM\/ODM:<\/td>\n<td class=\"tg-yw4l\">Willkommen<\/td>\n<\/tr>\n<tr>\n<td class=\"tg-b7b8\">Herkunft des Ortes:<\/td>\n<td class=\"tg-b7b8\">Shandong, China<\/td>\n<\/tr>\n<tr>\n<td class=\"tg-yw4l\">Stck.\/Ktn:<\/td>\n<td class=\"tg-yw4l\">24St\u00fcck oder 20St\u00fcck<\/td>\n<\/tr>\n<\/tbody>\n<\/table>","protected":false},"featured_media":4174,"comment_status":"closed","ping_status":"closed","template":"","meta":[],"product_cat":[44,43],"class_list":{"0":"post-4173","1":"product","2":"type-product","3":"status-publish","4":"has-post-thumbnail","6":"product_cat-700ml-liquor-bottle-manufacturer","7":"product_cat-1000ml-liquor-bottle-manufacturer","9":"first","10":"instock","11":"shipping-taxable","12":"product-type-simple"},"yoast_head":"<!-- This site is optimized with the Yoast SEO plugin v22.0 - https:\/\/yoast.com\/wordpress\/plugins\/seo\/ -->\n<title>Wholesale Liquor Bottles 700ml 1000ml | Spirit Glass Bottle Suppliers<\/title>\n<meta name=\"description\" content=\"Shandong Yuncheng Ruisheng Glass Co., Ltd is One Of The Spirit Glass Bottle Suppliers, Wholesale Liquor Bottles 700ml 1000ml In Bulk Cheap Price.\" \/>\n<meta name=\"robots\" content=\"index, follow, max-snippet:-1, max-image-preview:large, max-video-preview:-1\" \/>\n<link rel=\"canonical\" href=\"https:\/\/ruishengglassco.com\/de\/produkt\/rs109700ml-1000ml-glas-spirituosenflasche-lieferanten\" \/>\n<meta property=\"og:locale\" content=\"de_DE\" \/>\n<meta property=\"og:type\" content=\"article\" \/>\n<meta property=\"og:title\" content=\"Wholesale Liquor Bottles 700ml 1000ml | Spirit Glass Bottle Suppliers\" \/>\n<meta property=\"og:description\" content=\"Shandong Yuncheng Ruisheng Glass Co., Ltd is One Of The Spirit Glass Bottle Suppliers, Wholesale Liquor Bottles 700ml 1000ml In Bulk Cheap Price.\" \/>\n<meta property=\"og:url\" content=\"https:\/\/ruishengglassco.com\/de\/produkt\/rs109700ml-1000ml-glas-spirituosenflasche-lieferanten\" \/>\n<meta property=\"article:publisher\" content=\"https:\/\/www.facebook.com\/ruishengglassbottles\" \/>\n<meta property=\"article:modified_time\" content=\"2025-07-16T07:28:37+00:00\" \/>\n<meta property=\"og:image\" content=\"https:\/\/ruishengglassco.com\/wp-content\/uploads\/2025\/03\/RS109-700ml-1000ml-Glass-Liquor-Bottle-Suppliers.webp\" \/>\n\t<meta property=\"og:image:width\" content=\"800\" \/>\n\t<meta property=\"og:image:height\" content=\"800\" \/>\n\t<meta property=\"og:image:type\" content=\"image\/webp\" \/>\n<meta name=\"twitter:card\" content=\"summary_large_image\" \/>\n<meta name=\"twitter:label1\" content=\"Gesch\u00e4tzte Lesezeit\" \/>\n\t<meta name=\"twitter:data1\" content=\"2\u00a0Minuten\" \/>\n<script type=\"application\/ld+json\" class=\"yoast-schema-graph\">{\"@context\":\"https:\/\/schema.org\",\"@graph\":[{\"@type\":\"WebPage\",\"@id\":\"https:\/\/ruishengglassco.com\/product\/rs109700ml-1000ml-glass-liquor-bottle-suppliers\",\"url\":\"https:\/\/ruishengglassco.com\/product\/rs109700ml-1000ml-glass-liquor-bottle-suppliers\",\"name\":\"Wholesale Liquor Bottles 700ml 1000ml | Spirit Glass Bottle Suppliers\",\"isPartOf\":{\"@id\":\"https:\/\/ruishengglassco.com\/#website\"},\"datePublished\":\"2025-03-14T16:19:29+00:00\",\"dateModified\":\"2025-07-16T07:28:37+00:00\",\"description\":\"Shandong Yuncheng Ruisheng Glass Co., Ltd is One Of The Spirit Glass Bottle Suppliers, Wholesale Liquor Bottles 700ml 1000ml In Bulk Cheap Price.\",\"breadcrumb\":{\"@id\":\"https:\/\/ruishengglassco.com\/product\/rs109700ml-1000ml-glass-liquor-bottle-suppliers#breadcrumb\"},\"inLanguage\":\"de\",\"potentialAction\":[{\"@type\":\"ReadAction\",\"target\":[\"https:\/\/ruishengglassco.com\/product\/rs109700ml-1000ml-glass-liquor-bottle-suppliers\"]}]},{\"@type\":\"BreadcrumbList\",\"@id\":\"https:\/\/ruishengglassco.com\/product\/rs109700ml-1000ml-glass-liquor-bottle-suppliers#breadcrumb\",\"itemListElement\":[{\"@type\":\"ListItem\",\"position\":1,\"name\":\"Home\",\"item\":\"https:\/\/ruishengglassco.com\/\"},{\"@type\":\"ListItem\",\"position\":2,\"name\":\"Products\",\"item\":\"https:\/\/ruishengglassco.com\/products\"},{\"@type\":\"ListItem\",\"position\":3,\"name\":\"RS109:700ml 1000ml Glass Liquor Bottle Suppliers\"}]},{\"@type\":\"WebSite\",\"@id\":\"https:\/\/ruishengglassco.com\/#website\",\"url\":\"https:\/\/ruishengglassco.com\/\",\"name\":\"Ruisheng Glass\",\"description\":\"\",\"publisher\":{\"@id\":\"https:\/\/ruishengglassco.com\/#organization\"},\"potentialAction\":[{\"@type\":\"SearchAction\",\"target\":{\"@type\":\"EntryPoint\",\"urlTemplate\":\"https:\/\/ruishengglassco.com\/?s={search_term_string}\"},\"query-input\":\"required name=search_term_string\"}],\"inLanguage\":\"de\"},{\"@type\":\"Organization\",\"@id\":\"https:\/\/ruishengglassco.com\/#organization\",\"name\":\"Shandong Yuncheng Ruisheng Glass Co., Ltd\",\"url\":\"https:\/\/ruishengglassco.com\/\",\"logo\":{\"@type\":\"ImageObject\",\"inLanguage\":\"de\",\"@id\":\"https:\/\/ruishengglassco.com\/#\/schema\/logo\/image\/\",\"url\":\"https:\/\/ruishengglassco.com\/wp-content\/uploads\/2023\/09\/ruisheng_logo_icon.webp\",\"contentUrl\":\"https:\/\/ruishengglassco.com\/wp-content\/uploads\/2023\/09\/ruisheng_logo_icon.webp\",\"width\":400,\"height\":233,\"caption\":\"Shandong Yuncheng Ruisheng Glass Co., Ltd\"},\"image\":{\"@id\":\"https:\/\/ruishengglassco.com\/#\/schema\/logo\/image\/\"},\"sameAs\":[\"https:\/\/www.facebook.com\/ruishengglassbottles\",\"https:\/\/www.instagram.com\/Ruishengglassbottlewholesales\/\",\"https:\/\/www.youtube.com\/channel\/UCMmbMNGwsL-XrtjfSFLCdVQ\"]}]}<\/script>\n<!-- \/ Yoast SEO plugin. -->","yoast_head_json":{"title":"Wholesale Liquor Bottles 700ml 1000ml | Spirit Glass Bottle Suppliers","description":"Shandong Yuncheng Ruisheng Glass Co., Ltd is One Of The Spirit Glass Bottle Suppliers, Wholesale Liquor Bottles 700ml 1000ml In Bulk Cheap Price.","robots":{"index":"index","follow":"follow","max-snippet":"max-snippet:-1","max-image-preview":"max-image-preview:large","max-video-preview":"max-video-preview:-1"},"canonical":"https:\/\/ruishengglassco.com\/de\/produkt\/rs109700ml-1000ml-glas-spirituosenflasche-lieferanten","og_locale":"de_DE","og_type":"article","og_title":"Wholesale Liquor Bottles 700ml 1000ml | Spirit Glass Bottle Suppliers","og_description":"Shandong Yuncheng Ruisheng Glass Co., Ltd is One Of The Spirit Glass Bottle Suppliers, Wholesale Liquor Bottles 700ml 1000ml In Bulk Cheap Price.","og_url":"https:\/\/ruishengglassco.com\/de\/produkt\/rs109700ml-1000ml-glas-spirituosenflasche-lieferanten","article_publisher":"https:\/\/www.facebook.com\/ruishengglassbottles","article_modified_time":"2025-07-16T07:28:37+00:00","og_image":[{"width":800,"height":800,"url":"https:\/\/ruishengglassco.com\/wp-content\/uploads\/2025\/03\/RS109-700ml-1000ml-Glass-Liquor-Bottle-Suppliers.webp","type":"image\/webp"}],"twitter_card":"summary_large_image","twitter_misc":{"Gesch\u00e4tzte Lesezeit":"2\u00a0Minuten"},"schema":{"@context":"https:\/\/schema.org","@graph":[{"@type":"WebPage","@id":"https:\/\/ruishengglassco.com\/product\/rs109700ml-1000ml-glass-liquor-bottle-suppliers","url":"https:\/\/ruishengglassco.com\/product\/rs109700ml-1000ml-glass-liquor-bottle-suppliers","name":"Wholesale Liquor Bottles 700ml 1000ml | Spirit Glass Bottle Suppliers","isPartOf":{"@id":"https:\/\/ruishengglassco.com\/#website"},"datePublished":"2025-03-14T16:19:29+00:00","dateModified":"2025-07-16T07:28:37+00:00","description":"Shandong Yuncheng Ruisheng Glass Co., Ltd is One Of The Spirit Glass Bottle Suppliers, Wholesale Liquor Bottles 700ml 1000ml In Bulk Cheap Price.","breadcrumb":{"@id":"https:\/\/ruishengglassco.com\/product\/rs109700ml-1000ml-glass-liquor-bottle-suppliers#breadcrumb"},"inLanguage":"de","potentialAction":[{"@type":"ReadAction","target":["https:\/\/ruishengglassco.com\/product\/rs109700ml-1000ml-glass-liquor-bottle-suppliers"]}]},{"@type":"BreadcrumbList","@id":"https:\/\/ruishengglassco.com\/product\/rs109700ml-1000ml-glass-liquor-bottle-suppliers#breadcrumb","itemListElement":[{"@type":"ListItem","position":1,"name":"Home","item":"https:\/\/ruishengglassco.com\/"},{"@type":"ListItem","position":2,"name":"Products","item":"https:\/\/ruishengglassco.com\/products"},{"@type":"ListItem","position":3,"name":"RS109:700ml 1000ml Glass Liquor Bottle Suppliers"}]},{"@type":"WebSite","@id":"https:\/\/ruishengglassco.com\/#website","url":"https:\/\/ruishengglassco.com\/","name":"Ruisheng Glass","description":"","publisher":{"@id":"https:\/\/ruishengglassco.com\/#organization"},"potentialAction":[{"@type":"SearchAction","target":{"@type":"EntryPoint","urlTemplate":"https:\/\/ruishengglassco.com\/?s={search_term_string}"},"query-input":"required name=search_term_string"}],"inLanguage":"de"},{"@type":"Organization","@id":"https:\/\/ruishengglassco.com\/#organization","name":"Shandong Yuncheng Ruisheng Glass Co., Ltd","url":"https:\/\/ruishengglassco.com\/","logo":{"@type":"ImageObject","inLanguage":"de","@id":"https:\/\/ruishengglassco.com\/#\/schema\/logo\/image\/","url":"https:\/\/ruishengglassco.com\/wp-content\/uploads\/2023\/09\/ruisheng_logo_icon.webp","contentUrl":"https:\/\/ruishengglassco.com\/wp-content\/uploads\/2023\/09\/ruisheng_logo_icon.webp","width":400,"height":233,"caption":"Shandong Yuncheng Ruisheng Glass Co., Ltd"},"image":{"@id":"https:\/\/ruishengglassco.com\/#\/schema\/logo\/image\/"},"sameAs":["https:\/\/www.facebook.com\/ruishengglassbottles","https:\/\/www.instagram.com\/Ruishengglassbottlewholesales\/","https:\/\/www.youtube.com\/channel\/UCMmbMNGwsL-XrtjfSFLCdVQ"]}]}},"_links":{"self":[{"href":"https:\/\/ruishengglassco.com\/de\/wp-json\/wp\/v2\/product\/4173","targetHints":{"allow":["GET"]}}],"collection":[{"href":"https:\/\/ruishengglassco.com\/de\/wp-json\/wp\/v2\/product"}],"about":[{"href":"https:\/\/ruishengglassco.com\/de\/wp-json\/wp\/v2\/types\/product"}],"replies":[{"embeddable":true,"href":"https:\/\/ruishengglassco.com\/de\/wp-json\/wp\/v2\/comments?post=4173"}],"wp:featuredmedia":[{"embeddable":true,"href":"https:\/\/ruishengglassco.com\/de\/wp-json\/wp\/v2\/media\/4174"}],"wp:attachment":[{"href":"https:\/\/ruishengglassco.com\/de\/wp-json\/wp\/v2\/media?parent=4173"}],"wp:term":[{"taxonomy":"product_cat","embeddable":true,"href":"https:\/\/ruishengglassco.com\/de\/wp-json\/wp\/v2\/product_cat?post=4173"}],"curies":[{"name":"wp","href":"https:\/\/api.w.org\/{rel}","templated":true}]}}