{"id":4171,"date":"2025-03-15T00:17:11","date_gmt":"2025-03-14T16:17:11","guid":{"rendered":"https:\/\/ruishengglassco.com\/?post_type=product&#038;p=4171"},"modified":"2025-09-11T16:08:31","modified_gmt":"2025-09-11T08:08:31","slug":"rs110-groshandel-250ml-grun-likor-flasche-fabrikverkauf","status":"publish","type":"product","link":"https:\/\/ruishengglassco.com\/de\/produkt\/rs110-groshandel-250ml-grun-likor-flasche-fabrikverkauf","title":{"rendered":"RS110: Gro\u00dfhandel 250ml gr\u00fcn Lik\u00f6r Flasche Factory Outlet"},"content":{"rendered":"<h2>250ml Gr\u00fcnglasflasche Gro\u00dfhandel<\/h2>\n<p>250ml Gr\u00fcnglasflaschen Gro\u00dfhandel ist eines der Produkte in unserem Unternehmen; wir. Wir fertigen auch 500ml, 700ml, 750ml, und 1000ml gr\u00fcne Glasflaschen f\u00fcr Spirituosen.<\/p>\n<p>Wir verwenden die Spr\u00fchtechnik f\u00fcr diese runden Glasflaschen und verf\u00fcgen \u00fcber fortschrittliche Produktionsanlagen zur Herstellung der Flaschen. Unsere Flaschen werden schnell und auf hohem Niveau hergestellt.<\/p>\n<p>Ruishsheng Glass Bottle ist ein f\u00fchrender Hersteller von leeren Spirituosenflaschen und Lieferant von Glasflaschen. Wenn Sie andere Farben und Kapazit\u00e4ten bevorzugen, k\u00f6nnen wir auch benutzerdefinierte Glasflaschen f\u00fcr Sie.<\/p>\n<h2>Die Informationen \u00fcber Bulk 250ml kleine Glasflaschen zu verkaufen<\/h2>\n<ul>\n<li>Hauptmaterial: Glas mit hohem Feuersteinanteil<\/li>\n<li>Verschluss: Schraubverschluss<\/li>\n<li>Referenz: RS110<\/li>\n<li>MOQ: 10000 PCS<\/li>\n<li>Fassungsverm\u00f6gen: 200ml<\/li>\n<li>St\u00fcck\/Gebinde: 24 St\u00fcck<\/li>\n<li>Herkunft des Ortes: Shandong, China<\/li>\n<li>Besonderheit: Umweltfreundlich<\/li>\n<\/ul>\n<p>Diese runde Boston-Flasche aus Klarglas kann in Weinglasflaschen, Wodkaflaschen, Schnapsflaschen und anderen Flaschen verwendet werden. Viele Kunden m\u00f6gen diese Glasflasche, weil sie darin ihren Saft aufbewahren wollen. Wenn Sie mehr Flaschen f\u00fcr Getr\u00e4nke wollen, k\u00f6nnen wir Ihnen auch Glasflaschen f\u00fcr Getr\u00e4nke im Gro\u00dfhandel anbieten.<\/p>\n<p>Unsere Produkte bestehen die nationale Qualit\u00e4tskontrolle, so dass die Qualit\u00e4t jeder Flasche garantiert ist.<\/p>\n<p>Dar\u00fcber hinaus bietet unser Unternehmen einen erstklassigen Kundendienst; wir k\u00fcmmern uns um alle Probleme, die Sie haben.<\/p>\n<p>Unsere Hauptprodukte sind hochwertige Glasflaschen, darunter Wodkaflaschen, Schnapsflaschen, Whiskeyflaschen, Lik\u00f6rflaschen, Marmeladenflaschen und vieles mehr. Wir k\u00f6nnen auch Braunglasflaschen, gr\u00fcne Flaschen und Wasserflaschen anbieten. Unser Hauptabsatzmarkt ist Europa, die USA, Australien, Amerika, usw. Alle Produkte genie\u00dfen ein hohes Ansehen f\u00fcr Innovation und Funktionalit\u00e4t.<\/p>\n<p>Wenn Sie an einer unserer kleinen Glasflaschen mit Korken interessiert sind, k\u00f6nnen Sie sich gerne mit uns in Verbindung setzen, um weitere Einzelheiten zu erfahren.<\/p>\n<p>Wir k\u00f6nnen Ihnen auch unseren Katalog zur Verf\u00fcgung stellen, aus dem Sie eine Person ausw\u00e4hlen k\u00f6nnen, die Ihnen gef\u00e4llt.<\/p>\n<p>Wir laden Sie herzlich ein, unser Unternehmen zu besuchen und eine Bestellung aufzugeben. Wir werden spezielles Personal haben, das uns dorthin bringt.<\/p>\n<p>Bitte beachten Sie diese Mini-Klarglasflaschen, 250ml Glasflaschen, zu verkaufen.<br \/>\nSie k\u00f6nnen sich jederzeit mit uns in Verbindung setzen. Wir werden Ihnen innerhalb von 24 Stunden antworten.<\/p>","protected":false},"excerpt":{"rendered":"<table class=\"tg\">\n<tbody>\n<tr>\n<th class=\"tg-24i8\" colspan=\"2\">250ml Gr\u00fcnglasflasche Gro\u00dfhandel<\/th>\n<\/tr>\n<tr>\n<td class=\"tg-b7b8\">Referenz:<\/td>\n<td class=\"tg-b7b8\">RS110<\/td>\n<\/tr>\n<tr>\n<td class=\"tg-yw4l\">Hauptmaterial:<\/td>\n<td class=\"tg-yw4l\">Hohes Flintglas<\/td>\n<\/tr>\n<tr>\n<td class=\"tg-b7b8\">Kappe:<\/td>\n<td class=\"tg-b7b8\">Schraubkappe<\/td>\n<\/tr>\n<tr>\n<td class=\"tg-yw4l\">Kapazit\u00e4t:<\/td>\n<td class=\"tg-yw4l\">200ml 250ml<\/td>\n<\/tr>\n<tr>\n<td class=\"tg-b7b8\">Merkmal:<\/td>\n<td class=\"tg-b7b8\">Umweltfreundlich<\/td>\n<\/tr>\n<tr>\n<td class=\"tg-yw4l\">MOQ:<\/td>\n<td class=\"tg-yw4l\">10000 PCS<\/td>\n<\/tr>\n<tr>\n<td class=\"tg-b7b8\">Versandart:<\/td>\n<td class=\"tg-b7b8\">Schiff,Express<\/td>\n<\/tr>\n<tr>\n<td class=\"tg-yw4l\">OEM\/ODM:<\/td>\n<td class=\"tg-yw4l\">Willkommen<\/td>\n<\/tr>\n<tr>\n<td class=\"tg-b7b8\">Herkunft des Ortes:<\/td>\n<td class=\"tg-b7b8\">Shandong, China<\/td>\n<\/tr>\n<tr>\n<td class=\"tg-yw4l\">Stck.\/Ktn:<\/td>\n<td class=\"tg-yw4l\">24St\u00fcck \/ 20St\u00fcck \/ 15St\u00fcck<\/td>\n<\/tr>\n<\/tbody>\n<\/table>","protected":false},"featured_media":4172,"comment_status":"closed","ping_status":"closed","template":"","meta":[],"product_cat":[47],"class_list":{"0":"post-4171","1":"product","2":"type-product","3":"status-publish","4":"has-post-thumbnail","6":"product_cat-250ml-liquor-bottle-manufacturer","8":"first","9":"instock","10":"shipping-taxable","11":"product-type-simple"},"yoast_head":"<!-- This site is optimized with the Yoast SEO plugin v22.0 - https:\/\/yoast.com\/wordpress\/plugins\/seo\/ -->\n<title>250ml Green Glass Bottle Wholesale | Empty Liquor Bottles Manufacturer<\/title>\n<meta name=\"description\" content=\"Ruisheng Glass Bottle, A professional Empty Liquor Bottles Manufacturer, sales 250ml Green Glass Bottle Wholesale in Factory Outlet Bulk Price.\" \/>\n<meta name=\"robots\" content=\"index, follow, max-snippet:-1, max-image-preview:large, max-video-preview:-1\" \/>\n<link rel=\"canonical\" href=\"https:\/\/ruishengglassco.com\/de\/produkt\/rs110-groshandel-250ml-grun-likor-flasche-fabrikverkauf\" \/>\n<meta property=\"og:locale\" content=\"de_DE\" \/>\n<meta property=\"og:type\" content=\"article\" \/>\n<meta property=\"og:title\" content=\"250ml Green Glass Bottle Wholesale | Empty Liquor Bottles Manufacturer\" \/>\n<meta property=\"og:description\" content=\"Ruisheng Glass Bottle, A professional Empty Liquor Bottles Manufacturer, sales 250ml Green Glass Bottle Wholesale in Factory Outlet Bulk Price.\" \/>\n<meta property=\"og:url\" content=\"https:\/\/ruishengglassco.com\/de\/produkt\/rs110-groshandel-250ml-grun-likor-flasche-fabrikverkauf\" \/>\n<meta property=\"article:publisher\" content=\"https:\/\/www.facebook.com\/ruishengglassbottles\" \/>\n<meta property=\"article:modified_time\" content=\"2025-09-11T08:08:31+00:00\" \/>\n<meta property=\"og:image\" content=\"https:\/\/ruishengglassco.com\/wp-content\/uploads\/2025\/03\/RS110-Wholesale-250ml-Green-Liquor-Bottle-Factory-Outlet.webp\" \/>\n\t<meta property=\"og:image:width\" content=\"400\" \/>\n\t<meta property=\"og:image:height\" content=\"400\" \/>\n\t<meta property=\"og:image:type\" content=\"image\/webp\" \/>\n<meta name=\"twitter:card\" content=\"summary_large_image\" \/>\n<meta name=\"twitter:label1\" content=\"Gesch\u00e4tzte Lesezeit\" \/>\n\t<meta name=\"twitter:data1\" content=\"2\u00a0Minuten\" \/>\n<script type=\"application\/ld+json\" class=\"yoast-schema-graph\">{\"@context\":\"https:\/\/schema.org\",\"@graph\":[{\"@type\":\"WebPage\",\"@id\":\"https:\/\/ruishengglassco.com\/product\/rs110-wholesale-250ml-green-liquor-bottle-factory-outlet\",\"url\":\"https:\/\/ruishengglassco.com\/product\/rs110-wholesale-250ml-green-liquor-bottle-factory-outlet\",\"name\":\"250ml Green Glass Bottle Wholesale | Empty Liquor Bottles Manufacturer\",\"isPartOf\":{\"@id\":\"https:\/\/ruishengglassco.com\/#website\"},\"datePublished\":\"2025-03-14T16:17:11+00:00\",\"dateModified\":\"2025-09-11T08:08:31+00:00\",\"description\":\"Ruisheng Glass Bottle, A professional Empty Liquor Bottles Manufacturer, sales 250ml Green Glass Bottle Wholesale in Factory Outlet Bulk Price.\",\"breadcrumb\":{\"@id\":\"https:\/\/ruishengglassco.com\/product\/rs110-wholesale-250ml-green-liquor-bottle-factory-outlet#breadcrumb\"},\"inLanguage\":\"de\",\"potentialAction\":[{\"@type\":\"ReadAction\",\"target\":[\"https:\/\/ruishengglassco.com\/product\/rs110-wholesale-250ml-green-liquor-bottle-factory-outlet\"]}]},{\"@type\":\"BreadcrumbList\",\"@id\":\"https:\/\/ruishengglassco.com\/product\/rs110-wholesale-250ml-green-liquor-bottle-factory-outlet#breadcrumb\",\"itemListElement\":[{\"@type\":\"ListItem\",\"position\":1,\"name\":\"Home\",\"item\":\"https:\/\/ruishengglassco.com\/\"},{\"@type\":\"ListItem\",\"position\":2,\"name\":\"Products\",\"item\":\"https:\/\/ruishengglassco.com\/products\"},{\"@type\":\"ListItem\",\"position\":3,\"name\":\"RS110: Wholesale 250ml Green Liquor Bottle Factory Outlet\"}]},{\"@type\":\"WebSite\",\"@id\":\"https:\/\/ruishengglassco.com\/#website\",\"url\":\"https:\/\/ruishengglassco.com\/\",\"name\":\"Ruisheng Glass\",\"description\":\"\",\"publisher\":{\"@id\":\"https:\/\/ruishengglassco.com\/#organization\"},\"potentialAction\":[{\"@type\":\"SearchAction\",\"target\":{\"@type\":\"EntryPoint\",\"urlTemplate\":\"https:\/\/ruishengglassco.com\/?s={search_term_string}\"},\"query-input\":\"required name=search_term_string\"}],\"inLanguage\":\"de\"},{\"@type\":\"Organization\",\"@id\":\"https:\/\/ruishengglassco.com\/#organization\",\"name\":\"Shandong Yuncheng Ruisheng Glass Co., Ltd\",\"url\":\"https:\/\/ruishengglassco.com\/\",\"logo\":{\"@type\":\"ImageObject\",\"inLanguage\":\"de\",\"@id\":\"https:\/\/ruishengglassco.com\/#\/schema\/logo\/image\/\",\"url\":\"https:\/\/ruishengglassco.com\/wp-content\/uploads\/2023\/09\/ruisheng_logo_icon.webp\",\"contentUrl\":\"https:\/\/ruishengglassco.com\/wp-content\/uploads\/2023\/09\/ruisheng_logo_icon.webp\",\"width\":400,\"height\":233,\"caption\":\"Shandong Yuncheng Ruisheng Glass Co., Ltd\"},\"image\":{\"@id\":\"https:\/\/ruishengglassco.com\/#\/schema\/logo\/image\/\"},\"sameAs\":[\"https:\/\/www.facebook.com\/ruishengglassbottles\",\"https:\/\/www.instagram.com\/Ruishengglassbottlewholesales\/\",\"https:\/\/www.youtube.com\/channel\/UCMmbMNGwsL-XrtjfSFLCdVQ\"]}]}<\/script>\n<!-- \/ Yoast SEO plugin. -->","yoast_head_json":{"title":"250ml Green Glass Bottle Wholesale | Empty Liquor Bottles Manufacturer","description":"Ruisheng Glass Bottle, A professional Empty Liquor Bottles Manufacturer, sales 250ml Green Glass Bottle Wholesale in Factory Outlet Bulk Price.","robots":{"index":"index","follow":"follow","max-snippet":"max-snippet:-1","max-image-preview":"max-image-preview:large","max-video-preview":"max-video-preview:-1"},"canonical":"https:\/\/ruishengglassco.com\/de\/produkt\/rs110-groshandel-250ml-grun-likor-flasche-fabrikverkauf","og_locale":"de_DE","og_type":"article","og_title":"250ml Green Glass Bottle Wholesale | Empty Liquor Bottles Manufacturer","og_description":"Ruisheng Glass Bottle, A professional Empty Liquor Bottles Manufacturer, sales 250ml Green Glass Bottle Wholesale in Factory Outlet Bulk Price.","og_url":"https:\/\/ruishengglassco.com\/de\/produkt\/rs110-groshandel-250ml-grun-likor-flasche-fabrikverkauf","article_publisher":"https:\/\/www.facebook.com\/ruishengglassbottles","article_modified_time":"2025-09-11T08:08:31+00:00","og_image":[{"width":400,"height":400,"url":"https:\/\/ruishengglassco.com\/wp-content\/uploads\/2025\/03\/RS110-Wholesale-250ml-Green-Liquor-Bottle-Factory-Outlet.webp","type":"image\/webp"}],"twitter_card":"summary_large_image","twitter_misc":{"Gesch\u00e4tzte Lesezeit":"2\u00a0Minuten"},"schema":{"@context":"https:\/\/schema.org","@graph":[{"@type":"WebPage","@id":"https:\/\/ruishengglassco.com\/product\/rs110-wholesale-250ml-green-liquor-bottle-factory-outlet","url":"https:\/\/ruishengglassco.com\/product\/rs110-wholesale-250ml-green-liquor-bottle-factory-outlet","name":"250ml Green Glass Bottle Wholesale | Empty Liquor Bottles Manufacturer","isPartOf":{"@id":"https:\/\/ruishengglassco.com\/#website"},"datePublished":"2025-03-14T16:17:11+00:00","dateModified":"2025-09-11T08:08:31+00:00","description":"Ruisheng Glass Bottle, A professional Empty Liquor Bottles Manufacturer, sales 250ml Green Glass Bottle Wholesale in Factory Outlet Bulk Price.","breadcrumb":{"@id":"https:\/\/ruishengglassco.com\/product\/rs110-wholesale-250ml-green-liquor-bottle-factory-outlet#breadcrumb"},"inLanguage":"de","potentialAction":[{"@type":"ReadAction","target":["https:\/\/ruishengglassco.com\/product\/rs110-wholesale-250ml-green-liquor-bottle-factory-outlet"]}]},{"@type":"BreadcrumbList","@id":"https:\/\/ruishengglassco.com\/product\/rs110-wholesale-250ml-green-liquor-bottle-factory-outlet#breadcrumb","itemListElement":[{"@type":"ListItem","position":1,"name":"Home","item":"https:\/\/ruishengglassco.com\/"},{"@type":"ListItem","position":2,"name":"Products","item":"https:\/\/ruishengglassco.com\/products"},{"@type":"ListItem","position":3,"name":"RS110: Wholesale 250ml Green Liquor Bottle Factory Outlet"}]},{"@type":"WebSite","@id":"https:\/\/ruishengglassco.com\/#website","url":"https:\/\/ruishengglassco.com\/","name":"Ruisheng Glass","description":"","publisher":{"@id":"https:\/\/ruishengglassco.com\/#organization"},"potentialAction":[{"@type":"SearchAction","target":{"@type":"EntryPoint","urlTemplate":"https:\/\/ruishengglassco.com\/?s={search_term_string}"},"query-input":"required name=search_term_string"}],"inLanguage":"de"},{"@type":"Organization","@id":"https:\/\/ruishengglassco.com\/#organization","name":"Shandong Yuncheng Ruisheng Glass Co., Ltd","url":"https:\/\/ruishengglassco.com\/","logo":{"@type":"ImageObject","inLanguage":"de","@id":"https:\/\/ruishengglassco.com\/#\/schema\/logo\/image\/","url":"https:\/\/ruishengglassco.com\/wp-content\/uploads\/2023\/09\/ruisheng_logo_icon.webp","contentUrl":"https:\/\/ruishengglassco.com\/wp-content\/uploads\/2023\/09\/ruisheng_logo_icon.webp","width":400,"height":233,"caption":"Shandong Yuncheng Ruisheng Glass Co., Ltd"},"image":{"@id":"https:\/\/ruishengglassco.com\/#\/schema\/logo\/image\/"},"sameAs":["https:\/\/www.facebook.com\/ruishengglassbottles","https:\/\/www.instagram.com\/Ruishengglassbottlewholesales\/","https:\/\/www.youtube.com\/channel\/UCMmbMNGwsL-XrtjfSFLCdVQ"]}]}},"_links":{"self":[{"href":"https:\/\/ruishengglassco.com\/de\/wp-json\/wp\/v2\/product\/4171","targetHints":{"allow":["GET"]}}],"collection":[{"href":"https:\/\/ruishengglassco.com\/de\/wp-json\/wp\/v2\/product"}],"about":[{"href":"https:\/\/ruishengglassco.com\/de\/wp-json\/wp\/v2\/types\/product"}],"replies":[{"embeddable":true,"href":"https:\/\/ruishengglassco.com\/de\/wp-json\/wp\/v2\/comments?post=4171"}],"wp:featuredmedia":[{"embeddable":true,"href":"https:\/\/ruishengglassco.com\/de\/wp-json\/wp\/v2\/media\/4172"}],"wp:attachment":[{"href":"https:\/\/ruishengglassco.com\/de\/wp-json\/wp\/v2\/media?parent=4171"}],"wp:term":[{"taxonomy":"product_cat","embeddable":true,"href":"https:\/\/ruishengglassco.com\/de\/wp-json\/wp\/v2\/product_cat?post=4171"}],"curies":[{"name":"wp","href":"https:\/\/api.w.org\/{rel}","templated":true}]}}