{"id":4169,"date":"2025-03-15T00:14:47","date_gmt":"2025-03-14T16:14:47","guid":{"rendered":"https:\/\/ruishengglassco.com\/?post_type=product&#038;p=4169"},"modified":"2025-07-17T13:43:18","modified_gmt":"2025-07-17T05:43:18","slug":"rs111-50cl-benutzerdefinierte-spirituosen-glasflasche-lieferanten","status":"publish","type":"product","link":"https:\/\/ruishengglassco.com\/de\/produkt\/rs111-50cl-benutzerdefinierte-spirituosen-glasflasche-lieferanten","title":{"rendered":"RS111: 50cl benutzerdefinierte Lik\u00f6r Glasflasche Lieferanten"},"content":{"rendered":"<p><span data-preserver-spaces=\"true\">Ruisheng Glass Company ist einer der f\u00fchrenden Hersteller von 50cl-Gl\u00e4sern f\u00fcr Spirituosen <\/span><span data-preserver-spaces=\"true\">Flaschenlieferanten<\/span><span data-preserver-spaces=\"true\">.<\/span><span data-preserver-spaces=\"true\"> Dieses Unternehmen bietet eine Vielzahl von Spirituosenglasflaschen an. Die meisten Spirituosen-Glasflaschen sind entweder in gr\u00fcn oder klar ( flint) erh\u00e4ltlich. Die Gr\u00f6\u00dfe der Glasflaschen reicht von 50 ml bis zu 3 Litern. Glas bietet eine ausgezeichnete Festigkeit und Kompatibilit\u00e4t mit Materialien, die <\/span><span data-preserver-spaces=\"true\">kann nicht gespeichert werden<\/span><span data-preserver-spaces=\"true\"> in Plastikbeh\u00e4ltern. <\/span><span data-preserver-spaces=\"true\">Die Glasflaschen sind ungiftig, 100% recycelbar, wiederverwendbar und <\/span><span data-preserver-spaces=\"true\">sicher f\u00fcr den Planeten<\/span><span data-preserver-spaces=\"true\">.<\/span><\/p>\n<p><span data-preserver-spaces=\"true\">Diese 50-cl-Glasflasche f\u00fcr Spirituosen <\/span><span data-preserver-spaces=\"true\">wird gemacht<\/span><span data-preserver-spaces=\"true\"> aus hochwertigem Flintglas. Durch ihre Dicke geben diese Glasflaschen ein hochwertigeres Gef\u00fchl. Die Verschlussart dieser Glasflaschen ist ein Gala-Deckel. Diese Glasflasche hat eine quadratische Form.<\/span><\/p>\n<p><span data-preserver-spaces=\"true\">Ruisheng Glass Company widmet sich der Herstellung hochwertiger Schnapsflaschen aus Glas. In unserer Fabrik gibt es viele Formen. Wie zum Beispiel runde Formen, abgeflachte Formen, quadratische Formen und andere kundenspezifische Formen. Die Gr\u00f6\u00dfe unserer Glasflaschen ist 50ml, 100ml, 125ml, 250ml, 375ml, 500ml, 700ml, 750ml, 1000ml, 3000ml und andere kundenspezifische Gr\u00f6\u00dfe wie 187ml. Alle unsere Produkte sind zu Gro\u00dfhandels- und Massenpreisen erh\u00e4ltlich.<\/span><\/p>\n<h5><span data-preserver-spaces=\"true\">Die Details der 50cl Custom Liquor Glasflasche<\/span><\/h5>\n<p><span data-preserver-spaces=\"true\">Diese 50cl benutzerdefinierte Lik\u00f6r Glasflasche ist 580g. Und diese Flasche hat einen schweren Boden. <\/span><span data-preserver-spaces=\"true\">Es gibt eine <\/span><span data-preserver-spaces=\"true\">Bogenform auf der<\/span><span data-preserver-spaces=\"true\"> unten.<\/span> <span data-preserver-spaces=\"true\">Die Flasche <\/span><span data-preserver-spaces=\"true\">sieht aus wie<\/span><span data-preserver-spaces=\"true\"> einer alten Stadtmauer; die \u00e4u\u00dfere Schulter ist niedriger als die <\/span><span data-preserver-spaces=\"true\">innerhalb<\/span><span data-preserver-spaces=\"true\"> Schulter.<\/span> <span data-preserver-spaces=\"true\">Der Verschlusstyp dieser Flasche ist ein Gala-Verschluss; wir k\u00f6nnen Kunststoff <\/span><span data-preserver-spaces=\"true\">g<\/span><span data-preserver-spaces=\"true\">ala-Kappen und Aluminium-Kunststoff <\/span><span data-preserver-spaces=\"true\">Gala <\/span><span data-preserver-spaces=\"true\">M\u00fctzen, <\/span><span data-preserver-spaces=\"true\">dies ist laut<\/span><span data-preserver-spaces=\"true\"> Kunde <\/span><span data-preserver-spaces=\"true\">fordert<\/span><span data-preserver-spaces=\"true\">.<\/span><\/p>\n<p><span data-preserver-spaces=\"true\">Als Hersteller von Glasflaschen mit einem Team von erfahrenen Designern akzeptieren wir OEM-Bestellungen. <\/span><span data-preserver-spaces=\"true\">Sie k\u00f6nnen <\/span><span data-preserver-spaces=\"true\">geben.<\/span><span data-preserver-spaces=\"true\"> uns Ihr Muster oder <\/span><span data-preserver-spaces=\"true\">Ihr<\/span><span data-preserver-spaces=\"true\"> Idee <\/span><span data-preserver-spaces=\"true\">\u00fcber<\/span> <span data-preserver-spaces=\"true\">50cl<\/span><span data-preserver-spaces=\"true\"> benutzerdefinierte Spirituosen-Glasflasche, <\/span><span data-preserver-spaces=\"true\">wir<\/span> <span data-preserver-spaces=\"true\">w\u00fcrde<\/span><span data-preserver-spaces=\"true\"> Design und <\/span><span data-preserver-spaces=\"true\">machen.<\/span><span data-preserver-spaces=\"true\"> Ihre individuellen Glasflaschen.<\/span><span data-preserver-spaces=\"true\"> Wir bieten auch kundenspezifische Dienstleistungen aus einer Hand.<\/span><\/p>","protected":false},"excerpt":{"rendered":"<p>Ruisheng Glass Company ist einer der Anbieter von 50cl-Glasflaschen f\u00fcr Spirituosen. Dieses Unternehmen bietet eine Vielzahl von Spirituosenglasflaschen an. Die meisten Spirituosenglasflaschen sind entweder in gr\u00fcn oder klar (Feuerstein) erh\u00e4ltlich. Die Gr\u00f6\u00dfe der Glasflaschen reicht von 50 ml bis zu 3 Litern. Glas bietet eine hervorragende Festigkeit, Haltbarkeit und Kompatibilit\u00e4t f\u00fcr Stoffe, die nicht in Kunststoffbeh\u00e4ltern gelagert werden k\u00f6nnen. Die Glasflaschen sind ungiftig, 100% recycelbar, wiederverwendbar und sicher f\u00fcr den Planeten.<\/p>","protected":false},"featured_media":4170,"comment_status":"closed","ping_status":"closed","template":"","meta":[],"product_cat":[41],"class_list":{"0":"post-4169","1":"product","2":"type-product","3":"status-publish","4":"has-post-thumbnail","6":"product_cat-500ml-liquor-bottle-manufacturer","8":"first","9":"instock","10":"shipping-taxable","11":"product-type-simple"},"yoast_head":"<!-- This site is optimized with the Yoast SEO plugin v22.0 - https:\/\/yoast.com\/wordpress\/plugins\/seo\/ -->\n<title>Custom Liquor Bottle Suppliers | Engraved Alcohol Bottles Wholesale<\/title>\n<meta name=\"description\" content=\"Custom Liquor Bottle From China Glass Bottle Manufacturer&amp;Supplier. Engraved Alcohol Bottles Wholesale With Factory Outlet Price.\" \/>\n<meta name=\"robots\" content=\"index, follow, max-snippet:-1, max-image-preview:large, max-video-preview:-1\" \/>\n<link rel=\"canonical\" href=\"https:\/\/ruishengglassco.com\/de\/produkt\/rs111-50cl-benutzerdefinierte-spirituosen-glasflasche-lieferanten\" \/>\n<meta property=\"og:locale\" content=\"de_DE\" \/>\n<meta property=\"og:type\" content=\"article\" \/>\n<meta property=\"og:title\" content=\"Custom Liquor Bottle Suppliers | Engraved Alcohol Bottles Wholesale\" \/>\n<meta property=\"og:description\" content=\"Custom Liquor Bottle From China Glass Bottle Manufacturer&amp;Supplier. Engraved Alcohol Bottles Wholesale With Factory Outlet Price.\" \/>\n<meta property=\"og:url\" content=\"https:\/\/ruishengglassco.com\/de\/produkt\/rs111-50cl-benutzerdefinierte-spirituosen-glasflasche-lieferanten\" \/>\n<meta property=\"article:publisher\" content=\"https:\/\/www.facebook.com\/ruishengglassbottles\" \/>\n<meta property=\"article:modified_time\" content=\"2025-07-17T05:43:18+00:00\" \/>\n<meta property=\"og:image\" content=\"https:\/\/ruishengglassco.com\/wp-content\/uploads\/2025\/03\/RS111-50cl-Custom-Liquor-Glass-Bottle-Suppliers.webp\" \/>\n\t<meta property=\"og:image:width\" content=\"400\" \/>\n\t<meta property=\"og:image:height\" content=\"400\" \/>\n\t<meta property=\"og:image:type\" content=\"image\/webp\" \/>\n<meta name=\"twitter:card\" content=\"summary_large_image\" \/>\n<meta name=\"twitter:label1\" content=\"Gesch\u00e4tzte Lesezeit\" \/>\n\t<meta name=\"twitter:data1\" content=\"2\u00a0Minuten\" \/>\n<script type=\"application\/ld+json\" class=\"yoast-schema-graph\">{\"@context\":\"https:\/\/schema.org\",\"@graph\":[{\"@type\":\"WebPage\",\"@id\":\"https:\/\/ruishengglassco.com\/product\/rs111-50cl-custom-liquor-glass-bottle-suppliers\",\"url\":\"https:\/\/ruishengglassco.com\/product\/rs111-50cl-custom-liquor-glass-bottle-suppliers\",\"name\":\"Custom Liquor Bottle Suppliers | Engraved Alcohol Bottles Wholesale\",\"isPartOf\":{\"@id\":\"https:\/\/ruishengglassco.com\/#website\"},\"datePublished\":\"2025-03-14T16:14:47+00:00\",\"dateModified\":\"2025-07-17T05:43:18+00:00\",\"description\":\"Custom Liquor Bottle From China Glass Bottle Manufacturer&Supplier. Engraved Alcohol Bottles Wholesale With Factory Outlet Price.\",\"breadcrumb\":{\"@id\":\"https:\/\/ruishengglassco.com\/product\/rs111-50cl-custom-liquor-glass-bottle-suppliers#breadcrumb\"},\"inLanguage\":\"de\",\"potentialAction\":[{\"@type\":\"ReadAction\",\"target\":[\"https:\/\/ruishengglassco.com\/product\/rs111-50cl-custom-liquor-glass-bottle-suppliers\"]}]},{\"@type\":\"BreadcrumbList\",\"@id\":\"https:\/\/ruishengglassco.com\/product\/rs111-50cl-custom-liquor-glass-bottle-suppliers#breadcrumb\",\"itemListElement\":[{\"@type\":\"ListItem\",\"position\":1,\"name\":\"Home\",\"item\":\"https:\/\/ruishengglassco.com\/\"},{\"@type\":\"ListItem\",\"position\":2,\"name\":\"Products\",\"item\":\"https:\/\/ruishengglassco.com\/products\"},{\"@type\":\"ListItem\",\"position\":3,\"name\":\"RS111: 50cl Custom Liquor Glass Bottle Suppliers\"}]},{\"@type\":\"WebSite\",\"@id\":\"https:\/\/ruishengglassco.com\/#website\",\"url\":\"https:\/\/ruishengglassco.com\/\",\"name\":\"Ruisheng Glass\",\"description\":\"\",\"publisher\":{\"@id\":\"https:\/\/ruishengglassco.com\/#organization\"},\"potentialAction\":[{\"@type\":\"SearchAction\",\"target\":{\"@type\":\"EntryPoint\",\"urlTemplate\":\"https:\/\/ruishengglassco.com\/?s={search_term_string}\"},\"query-input\":\"required name=search_term_string\"}],\"inLanguage\":\"de\"},{\"@type\":\"Organization\",\"@id\":\"https:\/\/ruishengglassco.com\/#organization\",\"name\":\"Shandong Yuncheng Ruisheng Glass Co., Ltd\",\"url\":\"https:\/\/ruishengglassco.com\/\",\"logo\":{\"@type\":\"ImageObject\",\"inLanguage\":\"de\",\"@id\":\"https:\/\/ruishengglassco.com\/#\/schema\/logo\/image\/\",\"url\":\"https:\/\/ruishengglassco.com\/wp-content\/uploads\/2023\/09\/ruisheng_logo_icon.webp\",\"contentUrl\":\"https:\/\/ruishengglassco.com\/wp-content\/uploads\/2023\/09\/ruisheng_logo_icon.webp\",\"width\":400,\"height\":233,\"caption\":\"Shandong Yuncheng Ruisheng Glass Co., Ltd\"},\"image\":{\"@id\":\"https:\/\/ruishengglassco.com\/#\/schema\/logo\/image\/\"},\"sameAs\":[\"https:\/\/www.facebook.com\/ruishengglassbottles\",\"https:\/\/www.instagram.com\/Ruishengglassbottlewholesales\/\",\"https:\/\/www.youtube.com\/channel\/UCMmbMNGwsL-XrtjfSFLCdVQ\"]}]}<\/script>\n<!-- \/ Yoast SEO plugin. -->","yoast_head_json":{"title":"Custom Liquor Bottle Suppliers | Engraved Alcohol Bottles Wholesale","description":"Custom Liquor Bottle From China Glass Bottle Manufacturer&Supplier. Engraved Alcohol Bottles Wholesale With Factory Outlet Price.","robots":{"index":"index","follow":"follow","max-snippet":"max-snippet:-1","max-image-preview":"max-image-preview:large","max-video-preview":"max-video-preview:-1"},"canonical":"https:\/\/ruishengglassco.com\/de\/produkt\/rs111-50cl-benutzerdefinierte-spirituosen-glasflasche-lieferanten","og_locale":"de_DE","og_type":"article","og_title":"Custom Liquor Bottle Suppliers | Engraved Alcohol Bottles Wholesale","og_description":"Custom Liquor Bottle From China Glass Bottle Manufacturer&Supplier. Engraved Alcohol Bottles Wholesale With Factory Outlet Price.","og_url":"https:\/\/ruishengglassco.com\/de\/produkt\/rs111-50cl-benutzerdefinierte-spirituosen-glasflasche-lieferanten","article_publisher":"https:\/\/www.facebook.com\/ruishengglassbottles","article_modified_time":"2025-07-17T05:43:18+00:00","og_image":[{"width":400,"height":400,"url":"https:\/\/ruishengglassco.com\/wp-content\/uploads\/2025\/03\/RS111-50cl-Custom-Liquor-Glass-Bottle-Suppliers.webp","type":"image\/webp"}],"twitter_card":"summary_large_image","twitter_misc":{"Gesch\u00e4tzte Lesezeit":"2\u00a0Minuten"},"schema":{"@context":"https:\/\/schema.org","@graph":[{"@type":"WebPage","@id":"https:\/\/ruishengglassco.com\/product\/rs111-50cl-custom-liquor-glass-bottle-suppliers","url":"https:\/\/ruishengglassco.com\/product\/rs111-50cl-custom-liquor-glass-bottle-suppliers","name":"Custom Liquor Bottle Suppliers | Engraved Alcohol Bottles Wholesale","isPartOf":{"@id":"https:\/\/ruishengglassco.com\/#website"},"datePublished":"2025-03-14T16:14:47+00:00","dateModified":"2025-07-17T05:43:18+00:00","description":"Custom Liquor Bottle From China Glass Bottle Manufacturer&Supplier. Engraved Alcohol Bottles Wholesale With Factory Outlet Price.","breadcrumb":{"@id":"https:\/\/ruishengglassco.com\/product\/rs111-50cl-custom-liquor-glass-bottle-suppliers#breadcrumb"},"inLanguage":"de","potentialAction":[{"@type":"ReadAction","target":["https:\/\/ruishengglassco.com\/product\/rs111-50cl-custom-liquor-glass-bottle-suppliers"]}]},{"@type":"BreadcrumbList","@id":"https:\/\/ruishengglassco.com\/product\/rs111-50cl-custom-liquor-glass-bottle-suppliers#breadcrumb","itemListElement":[{"@type":"ListItem","position":1,"name":"Home","item":"https:\/\/ruishengglassco.com\/"},{"@type":"ListItem","position":2,"name":"Products","item":"https:\/\/ruishengglassco.com\/products"},{"@type":"ListItem","position":3,"name":"RS111: 50cl Custom Liquor Glass Bottle Suppliers"}]},{"@type":"WebSite","@id":"https:\/\/ruishengglassco.com\/#website","url":"https:\/\/ruishengglassco.com\/","name":"Ruisheng Glass","description":"","publisher":{"@id":"https:\/\/ruishengglassco.com\/#organization"},"potentialAction":[{"@type":"SearchAction","target":{"@type":"EntryPoint","urlTemplate":"https:\/\/ruishengglassco.com\/?s={search_term_string}"},"query-input":"required name=search_term_string"}],"inLanguage":"de"},{"@type":"Organization","@id":"https:\/\/ruishengglassco.com\/#organization","name":"Shandong Yuncheng Ruisheng Glass Co., Ltd","url":"https:\/\/ruishengglassco.com\/","logo":{"@type":"ImageObject","inLanguage":"de","@id":"https:\/\/ruishengglassco.com\/#\/schema\/logo\/image\/","url":"https:\/\/ruishengglassco.com\/wp-content\/uploads\/2023\/09\/ruisheng_logo_icon.webp","contentUrl":"https:\/\/ruishengglassco.com\/wp-content\/uploads\/2023\/09\/ruisheng_logo_icon.webp","width":400,"height":233,"caption":"Shandong Yuncheng Ruisheng Glass Co., Ltd"},"image":{"@id":"https:\/\/ruishengglassco.com\/#\/schema\/logo\/image\/"},"sameAs":["https:\/\/www.facebook.com\/ruishengglassbottles","https:\/\/www.instagram.com\/Ruishengglassbottlewholesales\/","https:\/\/www.youtube.com\/channel\/UCMmbMNGwsL-XrtjfSFLCdVQ"]}]}},"_links":{"self":[{"href":"https:\/\/ruishengglassco.com\/de\/wp-json\/wp\/v2\/product\/4169","targetHints":{"allow":["GET"]}}],"collection":[{"href":"https:\/\/ruishengglassco.com\/de\/wp-json\/wp\/v2\/product"}],"about":[{"href":"https:\/\/ruishengglassco.com\/de\/wp-json\/wp\/v2\/types\/product"}],"replies":[{"embeddable":true,"href":"https:\/\/ruishengglassco.com\/de\/wp-json\/wp\/v2\/comments?post=4169"}],"wp:featuredmedia":[{"embeddable":true,"href":"https:\/\/ruishengglassco.com\/de\/wp-json\/wp\/v2\/media\/4170"}],"wp:attachment":[{"href":"https:\/\/ruishengglassco.com\/de\/wp-json\/wp\/v2\/media?parent=4169"}],"wp:term":[{"taxonomy":"product_cat","embeddable":true,"href":"https:\/\/ruishengglassco.com\/de\/wp-json\/wp\/v2\/product_cat?post=4169"}],"curies":[{"name":"wp","href":"https:\/\/api.w.org\/{rel}","templated":true}]}}