{"id":4167,"date":"2025-03-15T00:11:41","date_gmt":"2025-03-14T16:11:41","guid":{"rendered":"https:\/\/ruishengglassco.com\/?post_type=product&#038;p=4167"},"modified":"2025-07-17T13:38:06","modified_gmt":"2025-07-17T05:38:06","slug":"rs112-benutzerdefinierte-750ml-glasflaschen-groshandelspreise","status":"publish","type":"product","link":"https:\/\/ruishengglassco.com\/de\/produkt\/rs112-benutzerdefinierte-750ml-glasflaschen-groshandelspreise","title":{"rendered":"RS112: Kundenspezifische 750-ml-Glasflaschen zu Gro\u00dfhandelspreisen"},"content":{"rendered":"<p>Diese 750ml einzigartige Glasflasche Gro\u00dfhandel ist eine unserer Spirituosen Glasflasche Linien. Es hat einen dicken Hals, und der K\u00f6rper der Flasche ist auch unregelm\u00e4\u00dfig, so dass es dicker, so wird es nicht leicht brechen. Als der gr\u00f6\u00dfte Glasflaschenlieferant kann Ruisheng Sie mit einer gro\u00dfen Menge von 750ml antiken Glasflaschen mit Deckel auf einmal versorgen.<\/p>\n<p>Unser Unternehmen hat \u00fcber 500 Mitarbeiter und ein Team von qualifizierten Ingenieuren. Die Arbeiter in unserem Unternehmen sollten \u00fcber umfangreiche Erfahrung verf\u00fcgen, um sicherzustellen, dass wir die perfekten Schnapsglasflaschen herstellen k\u00f6nnen. Mit reicher Erfahrung, haben wir einen guten Ruf in der ganzen Welt.<\/p>\n<p>Unsere Hauptprodukte sind hochwertige Glasflaschen, darunter Wodkaflaschen, Schnapsflaschen, Whiskeyflaschen, Lik\u00f6rflaschen, Marmeladenflaschen und vieles mehr. Wir k\u00f6nnen auch Braunglasflaschen, gr\u00fcne Flaschen und Wasserflaschen anbieten. Unser Hauptabsatzmarkt ist Europa, die USA, Australien, Amerika, usw. Alle Produkte genie\u00dfen ein hohes Ansehen f\u00fcr Innovation und Funktionalit\u00e4t.<\/p>\n<p>Wir k\u00f6nnen sie mit Ihrem Logo bedrucken, und wir k\u00f6nnen diese Flasche auch tiefgreifend bearbeiten, z. B. bedrucken, bemalen und anderes.<\/p>\n<h2>Details \u00fcber 750ml Einzigartige Glasflasche Gro\u00dfhandel<\/h2>\n<ul>\n<li>Hauptmaterial: Glas mit hohem Feuersteinanteil<\/li>\n<li>Kappe: Kork<\/li>\n<li>Referenz: RS112<\/li>\n<li>MOQ: 10000 PCS<\/li>\n<li>Fassungsverm\u00f6gen: 750ml<\/li>\n<li>St\u00fcck\/Gebinde: 24 St\u00fcck<\/li>\n<li>Herkunft des Ortes: Shandong, China<\/li>\n<li>Besonderheit: Umweltfreundlich<\/li>\n<\/ul>\n<p>Wir sind dabei, nach und nach neue M\u00e4rkte zu erschlie\u00dfen. Wir sind sehr zuversichtlich, was die Qualit\u00e4t unserer 750-ml-Glasflaschen zum Verkauf angeht, denn die Qualit\u00e4t ist f\u00fcr uns alles.<\/p>\n<p>Unser Unternehmen verf\u00fcgt \u00fcber ein qualifiziertes Betriebsteam. Wir sind spezialisiert auf 750-ml-Glasflaschen mit Schraubverschluss. Dieses Projekt ist uns gut bekannt, so dass wir mit dem Prozess sehr vertraut sind.<\/p>\n<p>Wenn Sie dies w\u00fcnschen, k\u00f6nnen Sie uns gerne kontaktieren. Wenn Sie uns in unserem Werk besuchen m\u00f6chten, sind wir sehr willkommen.<\/p>\n<p>Unser Fachpersonal wird Sie mit der Fabrik vertraut machen. Wir werden Ihnen eine detaillierte Beschreibung des Produktionsprozesses der einzigartigen Glasflasche geben.<br \/>\nWenn Sie spezielle Preise f\u00fcr Schnapsflaschen haben m\u00f6chten, kontaktieren Sie uns bitte. Wir werden Ihnen innerhalb von 24 Stunden antworten.<\/p>","protected":false},"excerpt":{"rendered":"<p>Benutzerdefinierte spezielle Spirituosenflaschen aus einer chinesischen Glasflaschenfabrik. Runde Glasflasche mit einem langen, dicken Hals, passende festen Boden Design, halten diese 750ml einzigartige Glasflasche Gro\u00dfhandel besondere, einzigartige, stabil, und nicht leicht zu brechen.<\/p>\n<p>Nehmen Sie Kontakt mit uns auf und erfragen Sie die Preise f\u00fcr Spirituosenflaschen:<\/p>\n<ul>\n<li>Referenz: RS112<\/li>\n<li><strong>Kundenspezifischer Flaschenservice f\u00fcr Spirituosen angeboten. MOQ:10000pcs(10000 PCS)<\/strong><\/li>\n<li>Kappe: Kork, oder individuell<\/li>\n<li>Material: Hochwertiges Flintglas<\/li>\n<li>H\u00f6he der Flasche:230 mm<\/li>\n<li>Flaschendurchmesser: 45mm<\/li>\n<\/ul>","protected":false},"featured_media":4168,"comment_status":"closed","ping_status":"closed","template":"","meta":[],"product_cat":[40,45],"class_list":{"0":"post-4167","1":"product","2":"type-product","3":"status-publish","4":"has-post-thumbnail","6":"product_cat-750ml-liquor-bottle-manufacturer","7":"product_cat-custom-glass-bottle","9":"first","10":"instock","11":"shipping-taxable","12":"product-type-simple"},"yoast_head":"<!-- This site is optimized with the Yoast SEO plugin v22.0 - https:\/\/yoast.com\/wordpress\/plugins\/seo\/ -->\n<title>750ml Unique Glass Bottle Wholesale |Custom Special Liquor Bottles Price<\/title>\n<meta name=\"description\" content=\"Do you want to get custom special liquor bottles price? Click here to contact us and get 750ml unique glass bottle wholesale price.\" \/>\n<meta name=\"robots\" content=\"index, follow, max-snippet:-1, max-image-preview:large, max-video-preview:-1\" \/>\n<link rel=\"canonical\" href=\"https:\/\/ruishengglassco.com\/de\/produkt\/rs112-benutzerdefinierte-750ml-glasflaschen-groshandelspreise\" \/>\n<meta property=\"og:locale\" content=\"de_DE\" \/>\n<meta property=\"og:type\" content=\"article\" \/>\n<meta property=\"og:title\" content=\"750ml Unique Glass Bottle Wholesale |Custom Special Liquor Bottles Price\" \/>\n<meta property=\"og:description\" content=\"Do you want to get custom special liquor bottles price? Click here to contact us and get 750ml unique glass bottle wholesale price.\" \/>\n<meta property=\"og:url\" content=\"https:\/\/ruishengglassco.com\/de\/produkt\/rs112-benutzerdefinierte-750ml-glasflaschen-groshandelspreise\" \/>\n<meta property=\"article:publisher\" content=\"https:\/\/www.facebook.com\/ruishengglassbottles\" \/>\n<meta property=\"article:modified_time\" content=\"2025-07-17T05:38:06+00:00\" \/>\n<meta property=\"og:image\" content=\"https:\/\/ruishengglassco.com\/wp-content\/uploads\/2025\/03\/RS112-Custom-750ml-Glass-Bottles-Bulk-Prices.webp\" \/>\n\t<meta property=\"og:image:width\" content=\"800\" \/>\n\t<meta property=\"og:image:height\" content=\"800\" \/>\n\t<meta property=\"og:image:type\" content=\"image\/webp\" \/>\n<meta name=\"twitter:card\" content=\"summary_large_image\" \/>\n<meta name=\"twitter:label1\" content=\"Gesch\u00e4tzte Lesezeit\" \/>\n\t<meta name=\"twitter:data1\" content=\"2\u00a0Minuten\" \/>\n<script type=\"application\/ld+json\" class=\"yoast-schema-graph\">{\"@context\":\"https:\/\/schema.org\",\"@graph\":[{\"@type\":\"WebPage\",\"@id\":\"https:\/\/ruishengglassco.com\/product\/rs112-custom-750ml-glass-bottles-bulk-prices\",\"url\":\"https:\/\/ruishengglassco.com\/product\/rs112-custom-750ml-glass-bottles-bulk-prices\",\"name\":\"750ml Unique Glass Bottle Wholesale |Custom Special Liquor Bottles Price\",\"isPartOf\":{\"@id\":\"https:\/\/ruishengglassco.com\/#website\"},\"datePublished\":\"2025-03-14T16:11:41+00:00\",\"dateModified\":\"2025-07-17T05:38:06+00:00\",\"description\":\"Do you want to get custom special liquor bottles price? Click here to contact us and get 750ml unique glass bottle wholesale price.\",\"breadcrumb\":{\"@id\":\"https:\/\/ruishengglassco.com\/product\/rs112-custom-750ml-glass-bottles-bulk-prices#breadcrumb\"},\"inLanguage\":\"de\",\"potentialAction\":[{\"@type\":\"ReadAction\",\"target\":[\"https:\/\/ruishengglassco.com\/product\/rs112-custom-750ml-glass-bottles-bulk-prices\"]}]},{\"@type\":\"BreadcrumbList\",\"@id\":\"https:\/\/ruishengglassco.com\/product\/rs112-custom-750ml-glass-bottles-bulk-prices#breadcrumb\",\"itemListElement\":[{\"@type\":\"ListItem\",\"position\":1,\"name\":\"Home\",\"item\":\"https:\/\/ruishengglassco.com\/\"},{\"@type\":\"ListItem\",\"position\":2,\"name\":\"Products\",\"item\":\"https:\/\/ruishengglassco.com\/products\"},{\"@type\":\"ListItem\",\"position\":3,\"name\":\"RS112: Custom 750ml Glass Bottles Bulk Prices\"}]},{\"@type\":\"WebSite\",\"@id\":\"https:\/\/ruishengglassco.com\/#website\",\"url\":\"https:\/\/ruishengglassco.com\/\",\"name\":\"Ruisheng Glass\",\"description\":\"\",\"publisher\":{\"@id\":\"https:\/\/ruishengglassco.com\/#organization\"},\"potentialAction\":[{\"@type\":\"SearchAction\",\"target\":{\"@type\":\"EntryPoint\",\"urlTemplate\":\"https:\/\/ruishengglassco.com\/?s={search_term_string}\"},\"query-input\":\"required name=search_term_string\"}],\"inLanguage\":\"de\"},{\"@type\":\"Organization\",\"@id\":\"https:\/\/ruishengglassco.com\/#organization\",\"name\":\"Shandong Yuncheng Ruisheng Glass Co., Ltd\",\"url\":\"https:\/\/ruishengglassco.com\/\",\"logo\":{\"@type\":\"ImageObject\",\"inLanguage\":\"de\",\"@id\":\"https:\/\/ruishengglassco.com\/#\/schema\/logo\/image\/\",\"url\":\"https:\/\/ruishengglassco.com\/wp-content\/uploads\/2023\/09\/ruisheng_logo_icon.webp\",\"contentUrl\":\"https:\/\/ruishengglassco.com\/wp-content\/uploads\/2023\/09\/ruisheng_logo_icon.webp\",\"width\":400,\"height\":233,\"caption\":\"Shandong Yuncheng Ruisheng Glass Co., Ltd\"},\"image\":{\"@id\":\"https:\/\/ruishengglassco.com\/#\/schema\/logo\/image\/\"},\"sameAs\":[\"https:\/\/www.facebook.com\/ruishengglassbottles\",\"https:\/\/www.instagram.com\/Ruishengglassbottlewholesales\/\",\"https:\/\/www.youtube.com\/channel\/UCMmbMNGwsL-XrtjfSFLCdVQ\"]}]}<\/script>\n<!-- \/ Yoast SEO plugin. -->","yoast_head_json":{"title":"750ml Unique Glass Bottle Wholesale |Custom Special Liquor Bottles Price","description":"Do you want to get custom special liquor bottles price? Click here to contact us and get 750ml unique glass bottle wholesale price.","robots":{"index":"index","follow":"follow","max-snippet":"max-snippet:-1","max-image-preview":"max-image-preview:large","max-video-preview":"max-video-preview:-1"},"canonical":"https:\/\/ruishengglassco.com\/de\/produkt\/rs112-benutzerdefinierte-750ml-glasflaschen-groshandelspreise","og_locale":"de_DE","og_type":"article","og_title":"750ml Unique Glass Bottle Wholesale |Custom Special Liquor Bottles Price","og_description":"Do you want to get custom special liquor bottles price? Click here to contact us and get 750ml unique glass bottle wholesale price.","og_url":"https:\/\/ruishengglassco.com\/de\/produkt\/rs112-benutzerdefinierte-750ml-glasflaschen-groshandelspreise","article_publisher":"https:\/\/www.facebook.com\/ruishengglassbottles","article_modified_time":"2025-07-17T05:38:06+00:00","og_image":[{"width":800,"height":800,"url":"https:\/\/ruishengglassco.com\/wp-content\/uploads\/2025\/03\/RS112-Custom-750ml-Glass-Bottles-Bulk-Prices.webp","type":"image\/webp"}],"twitter_card":"summary_large_image","twitter_misc":{"Gesch\u00e4tzte Lesezeit":"2\u00a0Minuten"},"schema":{"@context":"https:\/\/schema.org","@graph":[{"@type":"WebPage","@id":"https:\/\/ruishengglassco.com\/product\/rs112-custom-750ml-glass-bottles-bulk-prices","url":"https:\/\/ruishengglassco.com\/product\/rs112-custom-750ml-glass-bottles-bulk-prices","name":"750ml Unique Glass Bottle Wholesale |Custom Special Liquor Bottles Price","isPartOf":{"@id":"https:\/\/ruishengglassco.com\/#website"},"datePublished":"2025-03-14T16:11:41+00:00","dateModified":"2025-07-17T05:38:06+00:00","description":"Do you want to get custom special liquor bottles price? Click here to contact us and get 750ml unique glass bottle wholesale price.","breadcrumb":{"@id":"https:\/\/ruishengglassco.com\/product\/rs112-custom-750ml-glass-bottles-bulk-prices#breadcrumb"},"inLanguage":"de","potentialAction":[{"@type":"ReadAction","target":["https:\/\/ruishengglassco.com\/product\/rs112-custom-750ml-glass-bottles-bulk-prices"]}]},{"@type":"BreadcrumbList","@id":"https:\/\/ruishengglassco.com\/product\/rs112-custom-750ml-glass-bottles-bulk-prices#breadcrumb","itemListElement":[{"@type":"ListItem","position":1,"name":"Home","item":"https:\/\/ruishengglassco.com\/"},{"@type":"ListItem","position":2,"name":"Products","item":"https:\/\/ruishengglassco.com\/products"},{"@type":"ListItem","position":3,"name":"RS112: Custom 750ml Glass Bottles Bulk Prices"}]},{"@type":"WebSite","@id":"https:\/\/ruishengglassco.com\/#website","url":"https:\/\/ruishengglassco.com\/","name":"Ruisheng Glass","description":"","publisher":{"@id":"https:\/\/ruishengglassco.com\/#organization"},"potentialAction":[{"@type":"SearchAction","target":{"@type":"EntryPoint","urlTemplate":"https:\/\/ruishengglassco.com\/?s={search_term_string}"},"query-input":"required name=search_term_string"}],"inLanguage":"de"},{"@type":"Organization","@id":"https:\/\/ruishengglassco.com\/#organization","name":"Shandong Yuncheng Ruisheng Glass Co., Ltd","url":"https:\/\/ruishengglassco.com\/","logo":{"@type":"ImageObject","inLanguage":"de","@id":"https:\/\/ruishengglassco.com\/#\/schema\/logo\/image\/","url":"https:\/\/ruishengglassco.com\/wp-content\/uploads\/2023\/09\/ruisheng_logo_icon.webp","contentUrl":"https:\/\/ruishengglassco.com\/wp-content\/uploads\/2023\/09\/ruisheng_logo_icon.webp","width":400,"height":233,"caption":"Shandong Yuncheng Ruisheng Glass Co., Ltd"},"image":{"@id":"https:\/\/ruishengglassco.com\/#\/schema\/logo\/image\/"},"sameAs":["https:\/\/www.facebook.com\/ruishengglassbottles","https:\/\/www.instagram.com\/Ruishengglassbottlewholesales\/","https:\/\/www.youtube.com\/channel\/UCMmbMNGwsL-XrtjfSFLCdVQ"]}]}},"_links":{"self":[{"href":"https:\/\/ruishengglassco.com\/de\/wp-json\/wp\/v2\/product\/4167","targetHints":{"allow":["GET"]}}],"collection":[{"href":"https:\/\/ruishengglassco.com\/de\/wp-json\/wp\/v2\/product"}],"about":[{"href":"https:\/\/ruishengglassco.com\/de\/wp-json\/wp\/v2\/types\/product"}],"replies":[{"embeddable":true,"href":"https:\/\/ruishengglassco.com\/de\/wp-json\/wp\/v2\/comments?post=4167"}],"wp:featuredmedia":[{"embeddable":true,"href":"https:\/\/ruishengglassco.com\/de\/wp-json\/wp\/v2\/media\/4168"}],"wp:attachment":[{"href":"https:\/\/ruishengglassco.com\/de\/wp-json\/wp\/v2\/media?parent=4167"}],"wp:term":[{"taxonomy":"product_cat","embeddable":true,"href":"https:\/\/ruishengglassco.com\/de\/wp-json\/wp\/v2\/product_cat?post=4167"}],"curies":[{"name":"wp","href":"https:\/\/api.w.org\/{rel}","templated":true}]}}