{"id":4165,"date":"2025-03-15T00:08:40","date_gmt":"2025-03-14T16:08:40","guid":{"rendered":"https:\/\/ruishengglassco.com\/?post_type=product&#038;p=4165"},"modified":"2025-09-12T09:37:59","modified_gmt":"2025-09-12T01:37:59","slug":"rs113-750ml-leere-spirituosenflaschen-lieferant","status":"publish","type":"product","link":"https:\/\/ruishengglassco.com\/de\/produkt\/rs113-750ml-leere-spirituosenflaschen-lieferant","title":{"rendered":"RS113: 750ml leere Schnapsflaschen Lieferant"},"content":{"rendered":"<h2>Willkommen Ihre Bestellung f\u00fcr 750ml leere Lik\u00f6rflaschen Lieferant<\/h2>\n<p><span data-preserver-spaces=\"true\">Sind Sie auf der Suche nach einer Website, auf der Sie<\/span> <span data-preserver-spaces=\"true\">Spirituosenflaschen online kaufen?\u00a0 <\/span><span data-preserver-spaces=\"true\">Die\u00a0<\/span><em><span data-preserver-spaces=\"true\">750ml leere Lik\u00f6rflaschen Gro\u00dfhandel <\/span><\/em><span data-preserver-spaces=\"true\">ist eines der <\/span><span data-preserver-spaces=\"true\">die<\/span><span data-preserver-spaces=\"true\"> Projekte <\/span><span data-preserver-spaces=\"true\">in <\/span><a class=\"editor-rtfLink\" href=\"https:\/\/glassbottlewholesale.com\" target=\"_blank\" rel=\"noopener\"><span data-preserver-spaces=\"true\">Ruisheng<\/span><\/a><span data-preserver-spaces=\"true\">, <\/span><span data-preserver-spaces=\"true\">einer der gr\u00f6\u00dften<\/span><span data-preserver-spaces=\"true\"> Spirituosen <\/span><span data-preserver-spaces=\"true\">Flaschenlieferanten<\/span><span data-preserver-spaces=\"true\"> in China.<\/span><span data-preserver-spaces=\"true\"> Wir bieten mehr als nur diese 750-ml-Glasflasche. <\/span><span data-preserver-spaces=\"true\">Auschecken<\/span><span data-preserver-spaces=\"true\"> unser Angebot an Glasflaschen, <\/span><span data-preserver-spaces=\"true\">wie<\/span><span data-preserver-spaces=\"true\"> die 50-ml-Mini-Flasche, die 250-ml-Flasche, die 700-ml-Flasche und die 1-Liter-Gro\u00dfflasche.<\/span><span data-preserver-spaces=\"true\"> Diese k\u00f6nnen als Spirituosenflaschen f\u00fcr Wodka, Whiskey, Brandy, Tequila und mehr dienen.<\/span><\/p>\n<p><span data-preserver-spaces=\"true\">\u00dcber dieses<\/span><span data-preserver-spaces=\"true\"> 750ml Glas Spirituosenflasche Gro\u00dfhandel, k\u00f6nnen wir Ihr Logo drucken auf <\/span><span data-preserver-spaces=\"true\">es oder drucken Sie Ihr Logo auf<\/span><span data-preserver-spaces=\"true\"> die Kappe.<\/span><span data-preserver-spaces=\"true\"> Wenn Ihnen diese Farbe nicht gef\u00e4llt, k\u00f6nnen wir die Farben auch nach Ihren W\u00fcnschen mischen. <\/span><span data-preserver-spaces=\"true\">Die Glasschnapsflaschen zum Verkauf <\/span><span data-preserver-spaces=\"true\">gemacht werden<\/span><span data-preserver-spaces=\"true\"> aus hochfestem Glasmaterial, das die gl\u00e4sernen Schnapskaraffen zu <\/span><span data-preserver-spaces=\"true\">deutlicher<\/span><span data-preserver-spaces=\"true\">, langlebiger und glatter.<\/span> <span data-preserver-spaces=\"true\">Diese leere 750-ml-Flasche <\/span><span data-preserver-spaces=\"true\">ist <\/span><span data-preserver-spaces=\"true\">geknebelt<\/span><span data-preserver-spaces=\"true\">sein Engpass ist <\/span><span data-preserver-spaces=\"true\">geeignet f\u00fcr<\/span><span data-preserver-spaces=\"true\"> Holzkorken, Polymerkorken, Kunstkorken und <\/span><span data-preserver-spaces=\"true\">und so weiter<\/span><span data-preserver-spaces=\"true\">.<\/span><span data-preserver-spaces=\"true\"> Unser Unternehmen hat \u00fcber 500 Mitarbeiter und ein Team von qualifizierten Ingenieuren. Mit reicher Erfahrung haben wir weltweit einen guten Ruf.<\/span><\/p>\n<p><span data-preserver-spaces=\"true\">Unsere Hauptprodukte sind erstklassige leere Glasflaschen f\u00fcr den Gro\u00dfhandel, einschlie\u00dflich Weinflaschen, Wodkaflaschen, Schnapsflaschen, Whiskeyflaschen, Minilik\u00f6rflaschen, Marmeladenflaschen und vieles mehr. <\/span><span data-preserver-spaces=\"true\">Wir <\/span><span data-preserver-spaces=\"true\">kann<\/span><span data-preserver-spaces=\"true\"> bieten Braunglasflaschen, gr\u00fcne Flaschen und<\/span><span data-preserver-spaces=\"true\"> a <\/span><span data-preserver-spaces=\"true\">Wasser <\/span><span data-preserver-spaces=\"true\">Flasche<\/span><span data-preserver-spaces=\"true\">.<\/span> <span data-preserver-spaces=\"true\">Unser <\/span><span data-preserver-spaces=\"true\">Haupt<\/span><span data-preserver-spaces=\"true\"> M\u00e4rkte umfassen Europa, die <\/span><span data-preserver-spaces=\"true\">USA<\/span><span data-preserver-spaces=\"true\">und Australien.<\/span><span data-preserver-spaces=\"true\"> Alle unsere Produkte sind f\u00fcr ihre Innovation und Funktionalit\u00e4t bekannt.<\/span><\/p>\n<h2><span data-preserver-spaces=\"true\">\u00a0<\/span><\/h2>\n<p><span style=\"font-size: 23.04px; color: #333333;\">\u00dcber 750ml leere Lik\u00f6rflaschen Lieferant<\/span><\/p>\n<ul>\n<li>Hauptmaterial: Glas mit hohem Feuersteinanteil<\/li>\n<li>Verschluss: Schraubverschluss<\/li>\n<li>Referenz: RS113<\/li>\n<li>MOQ: 10000 PCS<\/li>\n<li>Fassungsverm\u00f6gen: 750ml<\/li>\n<li>St\u00fcck\/Gebinde: 24 St\u00fcck<\/li>\n<li>Herkunft des Ortes: Shandong, China<\/li>\n<li>Besonderheit: Umweltfreundlich<\/li>\n<\/ul>\n<p>Willkommen auf unserer Website und kaufen leere Schnapsflaschen online. Ich hoffe, dass Sie unsere Glasflaschen mit Korken m\u00f6gen und eine Bestellung aufgeben.<\/p>\n<p>Wenn Sie an unseren Preisen f\u00fcr diese coole Schnapsflasche interessiert sind, kontaktieren Sie uns bitte. Wir werden Ihnen innerhalb von 24 Stunden antworten.<\/p>","protected":false},"excerpt":{"rendered":"<p>Angeboten 750ml leere Spirituosenflaschen Gro\u00dfhandel f\u00fcr Glasflaschen Lieferanten, Unternehmen, Gro\u00dfh\u00e4ndler und H\u00e4ndler. Dieser Satz von runden Spirituosenflaschen kommt mit Holzkorken oder einem Schraubverschluss. Verkorkte Glasflaschen bieten zus\u00e4tzlichen Schutz f\u00fcr Ihre Produkte und halten sie in prim\u00e4ren Bedingungen. Private Label Service angeboten.<\/p>\n<h2>Details \u00fcber 750ml leere Lik\u00f6rflaschen Gro\u00dfhandel<\/h2>\n<ul>\n<li>Referenz: RS113<\/li>\n<li><strong>OEM\/ODM Service angeboten. MOQ:10000pcs(10000 PCS)<\/strong><\/li>\n<li>Verschluss: Kork, Schraubverschluss, oder kundenspezifisch<\/li>\n<li>Material: Hochwertiges Flintglas<\/li>\n<li>H\u00f6he der Flasche:220 mm<\/li>\n<li>Flaschendurchmesser: 55mm<\/li>\n<\/ul>","protected":false},"featured_media":4166,"comment_status":"closed","ping_status":"closed","template":"","meta":[],"product_cat":[40,46],"class_list":{"0":"post-4165","1":"product","2":"type-product","3":"status-publish","4":"has-post-thumbnail","6":"product_cat-750ml-liquor-bottle-manufacturer","7":"product_cat-tequila-bottle","9":"first","10":"instock","11":"shipping-taxable","12":"product-type-simple"},"yoast_head":"<!-- This site is optimized with the Yoast SEO plugin v22.0 - https:\/\/yoast.com\/wordpress\/plugins\/seo\/ -->\n<title>750ml Empty Liquor Bottles Supplier | Cheap Glass Bottles Bulk<\/title>\n<meta name=\"description\" content=\"Buy 750ml Empty Liquor Bottles Wholesale From China Glass Bottle Manufacturer. Factory Outlet&amp;Cheap Glass Bottles Bulk Price.\" \/>\n<meta name=\"robots\" content=\"index, follow, max-snippet:-1, max-image-preview:large, max-video-preview:-1\" \/>\n<link rel=\"canonical\" href=\"https:\/\/ruishengglassco.com\/de\/produkt\/rs113-750ml-leere-spirituosenflaschen-lieferant\" \/>\n<meta property=\"og:locale\" content=\"de_DE\" \/>\n<meta property=\"og:type\" content=\"article\" \/>\n<meta property=\"og:title\" content=\"750ml Empty Liquor Bottles Supplier | Cheap Glass Bottles Bulk\" \/>\n<meta property=\"og:description\" content=\"Buy 750ml Empty Liquor Bottles Wholesale From China Glass Bottle Manufacturer. Factory Outlet&amp;Cheap Glass Bottles Bulk Price.\" \/>\n<meta property=\"og:url\" content=\"https:\/\/ruishengglassco.com\/de\/produkt\/rs113-750ml-leere-spirituosenflaschen-lieferant\" \/>\n<meta property=\"article:publisher\" content=\"https:\/\/www.facebook.com\/ruishengglassbottles\" \/>\n<meta property=\"article:modified_time\" content=\"2025-09-12T01:37:59+00:00\" \/>\n<meta property=\"og:image\" content=\"https:\/\/ruishengglassco.com\/wp-content\/uploads\/2025\/03\/RS113-750ml-Empty-Liquor-Bottles-Wholesale.webp\" \/>\n\t<meta property=\"og:image:width\" content=\"800\" \/>\n\t<meta property=\"og:image:height\" content=\"800\" \/>\n\t<meta property=\"og:image:type\" content=\"image\/webp\" \/>\n<meta name=\"twitter:card\" content=\"summary_large_image\" \/>\n<meta name=\"twitter:label1\" content=\"Gesch\u00e4tzte Lesezeit\" \/>\n\t<meta name=\"twitter:data1\" content=\"2\u00a0Minuten\" \/>\n<script type=\"application\/ld+json\" class=\"yoast-schema-graph\">{\"@context\":\"https:\/\/schema.org\",\"@graph\":[{\"@type\":\"WebPage\",\"@id\":\"https:\/\/ruishengglassco.com\/product\/rs113-750ml-empty-liquor-bottles-supplier\",\"url\":\"https:\/\/ruishengglassco.com\/product\/rs113-750ml-empty-liquor-bottles-supplier\",\"name\":\"750ml Empty Liquor Bottles Supplier | Cheap Glass Bottles Bulk\",\"isPartOf\":{\"@id\":\"https:\/\/ruishengglassco.com\/#website\"},\"datePublished\":\"2025-03-14T16:08:40+00:00\",\"dateModified\":\"2025-09-12T01:37:59+00:00\",\"description\":\"Buy 750ml Empty Liquor Bottles Wholesale From China Glass Bottle Manufacturer. Factory Outlet&Cheap Glass Bottles Bulk Price.\",\"breadcrumb\":{\"@id\":\"https:\/\/ruishengglassco.com\/product\/rs113-750ml-empty-liquor-bottles-supplier#breadcrumb\"},\"inLanguage\":\"de\",\"potentialAction\":[{\"@type\":\"ReadAction\",\"target\":[\"https:\/\/ruishengglassco.com\/product\/rs113-750ml-empty-liquor-bottles-supplier\"]}]},{\"@type\":\"BreadcrumbList\",\"@id\":\"https:\/\/ruishengglassco.com\/product\/rs113-750ml-empty-liquor-bottles-supplier#breadcrumb\",\"itemListElement\":[{\"@type\":\"ListItem\",\"position\":1,\"name\":\"Home\",\"item\":\"https:\/\/ruishengglassco.com\/\"},{\"@type\":\"ListItem\",\"position\":2,\"name\":\"Products\",\"item\":\"https:\/\/ruishengglassco.com\/products\"},{\"@type\":\"ListItem\",\"position\":3,\"name\":\"RS113: 750ml Empty Liquor Bottles Supplier\"}]},{\"@type\":\"WebSite\",\"@id\":\"https:\/\/ruishengglassco.com\/#website\",\"url\":\"https:\/\/ruishengglassco.com\/\",\"name\":\"Ruisheng Glass\",\"description\":\"\",\"publisher\":{\"@id\":\"https:\/\/ruishengglassco.com\/#organization\"},\"potentialAction\":[{\"@type\":\"SearchAction\",\"target\":{\"@type\":\"EntryPoint\",\"urlTemplate\":\"https:\/\/ruishengglassco.com\/?s={search_term_string}\"},\"query-input\":\"required name=search_term_string\"}],\"inLanguage\":\"de\"},{\"@type\":\"Organization\",\"@id\":\"https:\/\/ruishengglassco.com\/#organization\",\"name\":\"Shandong Yuncheng Ruisheng Glass Co., Ltd\",\"url\":\"https:\/\/ruishengglassco.com\/\",\"logo\":{\"@type\":\"ImageObject\",\"inLanguage\":\"de\",\"@id\":\"https:\/\/ruishengglassco.com\/#\/schema\/logo\/image\/\",\"url\":\"https:\/\/ruishengglassco.com\/wp-content\/uploads\/2023\/09\/ruisheng_logo_icon.webp\",\"contentUrl\":\"https:\/\/ruishengglassco.com\/wp-content\/uploads\/2023\/09\/ruisheng_logo_icon.webp\",\"width\":400,\"height\":233,\"caption\":\"Shandong Yuncheng Ruisheng Glass Co., Ltd\"},\"image\":{\"@id\":\"https:\/\/ruishengglassco.com\/#\/schema\/logo\/image\/\"},\"sameAs\":[\"https:\/\/www.facebook.com\/ruishengglassbottles\",\"https:\/\/www.instagram.com\/Ruishengglassbottlewholesales\/\",\"https:\/\/www.youtube.com\/channel\/UCMmbMNGwsL-XrtjfSFLCdVQ\"]}]}<\/script>\n<!-- \/ Yoast SEO plugin. -->","yoast_head_json":{"title":"750ml Empty Liquor Bottles Supplier | Cheap Glass Bottles Bulk","description":"Buy 750ml Empty Liquor Bottles Wholesale From China Glass Bottle Manufacturer. Factory Outlet&Cheap Glass Bottles Bulk Price.","robots":{"index":"index","follow":"follow","max-snippet":"max-snippet:-1","max-image-preview":"max-image-preview:large","max-video-preview":"max-video-preview:-1"},"canonical":"https:\/\/ruishengglassco.com\/de\/produkt\/rs113-750ml-leere-spirituosenflaschen-lieferant","og_locale":"de_DE","og_type":"article","og_title":"750ml Empty Liquor Bottles Supplier | Cheap Glass Bottles Bulk","og_description":"Buy 750ml Empty Liquor Bottles Wholesale From China Glass Bottle Manufacturer. Factory Outlet&Cheap Glass Bottles Bulk Price.","og_url":"https:\/\/ruishengglassco.com\/de\/produkt\/rs113-750ml-leere-spirituosenflaschen-lieferant","article_publisher":"https:\/\/www.facebook.com\/ruishengglassbottles","article_modified_time":"2025-09-12T01:37:59+00:00","og_image":[{"width":800,"height":800,"url":"https:\/\/ruishengglassco.com\/wp-content\/uploads\/2025\/03\/RS113-750ml-Empty-Liquor-Bottles-Wholesale.webp","type":"image\/webp"}],"twitter_card":"summary_large_image","twitter_misc":{"Gesch\u00e4tzte Lesezeit":"2\u00a0Minuten"},"schema":{"@context":"https:\/\/schema.org","@graph":[{"@type":"WebPage","@id":"https:\/\/ruishengglassco.com\/product\/rs113-750ml-empty-liquor-bottles-supplier","url":"https:\/\/ruishengglassco.com\/product\/rs113-750ml-empty-liquor-bottles-supplier","name":"750ml Empty Liquor Bottles Supplier | Cheap Glass Bottles Bulk","isPartOf":{"@id":"https:\/\/ruishengglassco.com\/#website"},"datePublished":"2025-03-14T16:08:40+00:00","dateModified":"2025-09-12T01:37:59+00:00","description":"Buy 750ml Empty Liquor Bottles Wholesale From China Glass Bottle Manufacturer. Factory Outlet&Cheap Glass Bottles Bulk Price.","breadcrumb":{"@id":"https:\/\/ruishengglassco.com\/product\/rs113-750ml-empty-liquor-bottles-supplier#breadcrumb"},"inLanguage":"de","potentialAction":[{"@type":"ReadAction","target":["https:\/\/ruishengglassco.com\/product\/rs113-750ml-empty-liquor-bottles-supplier"]}]},{"@type":"BreadcrumbList","@id":"https:\/\/ruishengglassco.com\/product\/rs113-750ml-empty-liquor-bottles-supplier#breadcrumb","itemListElement":[{"@type":"ListItem","position":1,"name":"Home","item":"https:\/\/ruishengglassco.com\/"},{"@type":"ListItem","position":2,"name":"Products","item":"https:\/\/ruishengglassco.com\/products"},{"@type":"ListItem","position":3,"name":"RS113: 750ml Empty Liquor Bottles Supplier"}]},{"@type":"WebSite","@id":"https:\/\/ruishengglassco.com\/#website","url":"https:\/\/ruishengglassco.com\/","name":"Ruisheng Glass","description":"","publisher":{"@id":"https:\/\/ruishengglassco.com\/#organization"},"potentialAction":[{"@type":"SearchAction","target":{"@type":"EntryPoint","urlTemplate":"https:\/\/ruishengglassco.com\/?s={search_term_string}"},"query-input":"required name=search_term_string"}],"inLanguage":"de"},{"@type":"Organization","@id":"https:\/\/ruishengglassco.com\/#organization","name":"Shandong Yuncheng Ruisheng Glass Co., Ltd","url":"https:\/\/ruishengglassco.com\/","logo":{"@type":"ImageObject","inLanguage":"de","@id":"https:\/\/ruishengglassco.com\/#\/schema\/logo\/image\/","url":"https:\/\/ruishengglassco.com\/wp-content\/uploads\/2023\/09\/ruisheng_logo_icon.webp","contentUrl":"https:\/\/ruishengglassco.com\/wp-content\/uploads\/2023\/09\/ruisheng_logo_icon.webp","width":400,"height":233,"caption":"Shandong Yuncheng Ruisheng Glass Co., Ltd"},"image":{"@id":"https:\/\/ruishengglassco.com\/#\/schema\/logo\/image\/"},"sameAs":["https:\/\/www.facebook.com\/ruishengglassbottles","https:\/\/www.instagram.com\/Ruishengglassbottlewholesales\/","https:\/\/www.youtube.com\/channel\/UCMmbMNGwsL-XrtjfSFLCdVQ"]}]}},"_links":{"self":[{"href":"https:\/\/ruishengglassco.com\/de\/wp-json\/wp\/v2\/product\/4165","targetHints":{"allow":["GET"]}}],"collection":[{"href":"https:\/\/ruishengglassco.com\/de\/wp-json\/wp\/v2\/product"}],"about":[{"href":"https:\/\/ruishengglassco.com\/de\/wp-json\/wp\/v2\/types\/product"}],"replies":[{"embeddable":true,"href":"https:\/\/ruishengglassco.com\/de\/wp-json\/wp\/v2\/comments?post=4165"}],"wp:featuredmedia":[{"embeddable":true,"href":"https:\/\/ruishengglassco.com\/de\/wp-json\/wp\/v2\/media\/4166"}],"wp:attachment":[{"href":"https:\/\/ruishengglassco.com\/de\/wp-json\/wp\/v2\/media?parent=4165"}],"wp:term":[{"taxonomy":"product_cat","embeddable":true,"href":"https:\/\/ruishengglassco.com\/de\/wp-json\/wp\/v2\/product_cat?post=4165"}],"curies":[{"name":"wp","href":"https:\/\/api.w.org\/{rel}","templated":true}]}}