{"id":4159,"date":"2025-03-15T00:01:07","date_gmt":"2025-03-14T16:01:07","guid":{"rendered":"https:\/\/ruishengglassco.com\/?post_type=product&#038;p=4159"},"modified":"2025-07-16T15:04:30","modified_gmt":"2025-07-16T07:04:30","slug":"rs120klar-750ml-glasflaschen-mit-schraubverschluss-groshandel","status":"publish","type":"product","link":"https:\/\/ruishengglassco.com\/de\/produkt\/rs120klar-750ml-glasflaschen-mit-schraubverschluss-groshandel","title":{"rendered":"RS120:Klare 750ml Glasflaschen mit Schraubverschl\u00fcssen Fabrik"},"content":{"rendered":"<p><span data-preserver-spaces=\"true\">Die 750ml Klarglasflaschen mit Schraubverschluss <\/span><span data-preserver-spaces=\"true\">hergestellt werden<\/span><span data-preserver-spaces=\"true\"> von Shandong Yuncheng Ruisheng Glass Co., Ltd. Unser Unternehmen ist einer der gr\u00f6\u00dften Hersteller von Superflint<\/span><a class=\"editor-rtfLink\" href=\"https:\/\/ruishengglassco.com\/de\/about-us\/\" target=\"_blank\" rel=\"noopener\"><span data-preserver-spaces=\"true\"> Lik\u00f6rglasflaschen<\/span><\/a><span data-preserver-spaces=\"true\"> in China. Unser Unternehmen hat \u00fcber 500 Mitarbeiter und ein Team von qualifizierten Ingenieuren. Mit unserer reichen Erfahrung haben wir uns weltweit einen guten Ruf erworben.<\/span><\/p>\n<p><span data-preserver-spaces=\"true\">Die 750-ml-Gro\u00dfhandels-Spirituosenflasche ist mit Korken und <\/span><span data-preserver-spaces=\"true\">ist handwerklich hergestellt<\/span><span data-preserver-spaces=\"true\"> aus hochfestem Glas. Dieses Glas ist <\/span><span data-preserver-spaces=\"true\">klar<\/span><span data-preserver-spaces=\"true\">, langlebig und glatt. Es ist ideal f\u00fcr die Verpackung von Lik\u00f6r, Wodka, Brandy, Whiskey und anderen Spirituosen.<\/span><\/p>\n<p><span data-preserver-spaces=\"true\">Ruisheng ist ein f\u00fchrender Hersteller von Spirituosenflaschen mit Korken f\u00fcr den Gro\u00dfhandel. Wir haben uns auf hochwertige Glasflaschen spezialisiert, darunter solche f\u00fcr Wodka, Brandy, Whiskey, Lik\u00f6r und Marmelade. Wir bieten auch eine Vielzahl von Farben von Spirituosenflaschen f\u00fcr den Gro\u00dfhandel. <\/span><span data-preserver-spaces=\"true\">Diese<\/span><span data-preserver-spaces=\"true\"> umfasst bernsteinfarbene, gr\u00fcne, wei\u00dfe und transparente Glasflaschen. Zu unseren Hauptm\u00e4rkten geh\u00f6ren das Vereinigte K\u00f6nigreich, die Vereinigten Staaten, Australien, Kanada und <\/span><span data-preserver-spaces=\"true\">andere<\/span><span data-preserver-spaces=\"true\">. Alle Produkte genie\u00dfen ein hohes Ansehen f\u00fcr Innovation und Funktionalit\u00e4t.<\/span><\/p>\n<p><span data-preserver-spaces=\"true\">Und wie w\u00e4hlt man E-Liquid-Glasflaschen aus? Bitte w\u00e4hlen Sie die richtige Klarglasflasche f\u00fcr Spirituosen. Der erste Punkt ist die Qualit\u00e4t der Liquid-Flaschen. Hochwertige<\/span><a class=\"editor-rtfLink\" href=\"https:\/\/ruishengglassco.com\/de\/our-products\/\" target=\"_blank\" rel=\"noopener\"><span data-preserver-spaces=\"true\"> Glasflaschen<\/span><\/a><span data-preserver-spaces=\"true\"> kann die Qualit\u00e4t von Spirituosen sicherstellen und ihren Wert steigern.\u00a0<\/span><span data-preserver-spaces=\"true\">Dar\u00fcber hinaus m\u00fcssen die Kunden auch auf die Qualit\u00e4t der Spirituosenprodukte achten, <\/span><span data-preserver-spaces=\"true\">Spirituosen<\/span><span data-preserver-spaces=\"true\"> Geschmack, und kulturelle Propaganda <\/span><span data-preserver-spaces=\"true\">zur Auswahl<\/span><span data-preserver-spaces=\"true\"> eine fl\u00fcssige Glasflasche.<\/span><span data-preserver-spaces=\"true\">\u00a0Entscheiden Sie sich beim Kauf von Spirituosenflaschen f\u00fcr einen vertrauensw\u00fcrdigen Hersteller. Auf diese Weise k\u00f6nnen Sie sich der Qualit\u00e4t und des Preises sicher sein.<\/span><\/p>\n<p><span data-preserver-spaces=\"true\">Wenn Sie an unseren 750ml Klarglasflaschen mit Schraubverschluss interessiert sind, <\/span><span data-preserver-spaces=\"true\">Bitte kontaktieren Sie uns<\/span><span data-preserver-spaces=\"true\">.<\/span><span data-preserver-spaces=\"true\"> Wir werden Ihnen innerhalb von 24 Stunden antworten.<\/span><\/p>","protected":false},"excerpt":{"rendered":"<p>Gl\u00e4serne runde Form 750ml Klarglasflaschen mit Schraubverschluss. Die sch\u00f6ne Farbe der Spirituose zeigt sich durch die super-flint Glasarbeiten f\u00fcr Whiskey, Brandy, Wodka, etc. Korken\/Schraubenverschluss verf\u00fcgbar.<\/p>\n<p>Benutzerdefinierte 750ml Spiritus Glasflasche Gro\u00dfhandel Details:<\/p>\n<ul>\n<li>Referenz: RS120<\/li>\n<li><strong>OEM\/ODM Service angeboten. MOQ:10000pcs(10000 PCS)<\/strong><\/li>\n<li>Verschluss: Schraubverschluss\/Kork<\/li>\n<li>Material: Hochwertiges Flintglas<\/li>\n<li>Lieferung: Kostenlose Probe wird innerhalb von 3-7 Tagen angeboten. Bulk Order innerhalb von 30 Tagen.<\/li>\n<li>Besonderheit: Umweltfreundlich<\/li>\n<\/ul>","protected":false},"featured_media":4160,"comment_status":"closed","ping_status":"closed","template":"","meta":[],"product_cat":[40],"class_list":{"0":"post-4159","1":"product","2":"type-product","3":"status-publish","4":"has-post-thumbnail","6":"product_cat-750ml-liquor-bottle-manufacturer","8":"first","9":"instock","10":"shipping-taxable","11":"product-type-simple"},"yoast_head":"<!-- This site is optimized with the Yoast SEO plugin v22.0 - https:\/\/yoast.com\/wordpress\/plugins\/seo\/ -->\n<title>Clear Glass Bottles With Screw Caps | Wholesale Glass Liquor Bottle<\/title>\n<meta name=\"description\" content=\"Buy Clear Glass Bottles With Screw Caps From China Liquor Bottle Factory. 750ML Glass Liquot Bottle Wholesale In Cheap Price.\" \/>\n<meta name=\"robots\" content=\"index, follow, max-snippet:-1, max-image-preview:large, max-video-preview:-1\" \/>\n<link rel=\"canonical\" href=\"https:\/\/ruishengglassco.com\/de\/produkt\/rs120klar-750ml-glasflaschen-mit-schraubverschluss-groshandel\" \/>\n<meta property=\"og:locale\" content=\"de_DE\" \/>\n<meta property=\"og:type\" content=\"article\" \/>\n<meta property=\"og:title\" content=\"Clear Glass Bottles With Screw Caps | Wholesale Glass Liquor Bottle\" \/>\n<meta property=\"og:description\" content=\"Buy Clear Glass Bottles With Screw Caps From China Liquor Bottle Factory. 750ML Glass Liquot Bottle Wholesale In Cheap Price.\" \/>\n<meta property=\"og:url\" content=\"https:\/\/ruishengglassco.com\/de\/produkt\/rs120klar-750ml-glasflaschen-mit-schraubverschluss-groshandel\" \/>\n<meta property=\"article:publisher\" content=\"https:\/\/www.facebook.com\/ruishengglassbottles\" \/>\n<meta property=\"article:modified_time\" content=\"2025-07-16T07:04:30+00:00\" \/>\n<meta property=\"og:image\" content=\"https:\/\/ruishengglassco.com\/wp-content\/uploads\/2025\/03\/RS120-Clear-750ml-Glass-Bottles-With-Screw-Caps-Wholesale.webp\" \/>\n\t<meta property=\"og:image:width\" content=\"800\" \/>\n\t<meta property=\"og:image:height\" content=\"800\" \/>\n\t<meta property=\"og:image:type\" content=\"image\/webp\" \/>\n<meta name=\"twitter:card\" content=\"summary_large_image\" \/>\n<meta name=\"twitter:label1\" content=\"Gesch\u00e4tzte Lesezeit\" \/>\n\t<meta name=\"twitter:data1\" content=\"2\u00a0Minuten\" \/>\n<script type=\"application\/ld+json\" class=\"yoast-schema-graph\">{\"@context\":\"https:\/\/schema.org\",\"@graph\":[{\"@type\":\"WebPage\",\"@id\":\"https:\/\/ruishengglassco.com\/product\/rs120clear-750ml-glass-bottles-with-screw-caps-wholesale\",\"url\":\"https:\/\/ruishengglassco.com\/product\/rs120clear-750ml-glass-bottles-with-screw-caps-wholesale\",\"name\":\"Clear Glass Bottles With Screw Caps | Wholesale Glass Liquor Bottle\",\"isPartOf\":{\"@id\":\"https:\/\/ruishengglassco.com\/#website\"},\"datePublished\":\"2025-03-14T16:01:07+00:00\",\"dateModified\":\"2025-07-16T07:04:30+00:00\",\"description\":\"Buy Clear Glass Bottles With Screw Caps From China Liquor Bottle Factory. 750ML Glass Liquot Bottle Wholesale In Cheap Price.\",\"breadcrumb\":{\"@id\":\"https:\/\/ruishengglassco.com\/product\/rs120clear-750ml-glass-bottles-with-screw-caps-wholesale#breadcrumb\"},\"inLanguage\":\"de\",\"potentialAction\":[{\"@type\":\"ReadAction\",\"target\":[\"https:\/\/ruishengglassco.com\/product\/rs120clear-750ml-glass-bottles-with-screw-caps-wholesale\"]}]},{\"@type\":\"BreadcrumbList\",\"@id\":\"https:\/\/ruishengglassco.com\/product\/rs120clear-750ml-glass-bottles-with-screw-caps-wholesale#breadcrumb\",\"itemListElement\":[{\"@type\":\"ListItem\",\"position\":1,\"name\":\"Home\",\"item\":\"https:\/\/ruishengglassco.com\/\"},{\"@type\":\"ListItem\",\"position\":2,\"name\":\"Products\",\"item\":\"https:\/\/ruishengglassco.com\/products\"},{\"@type\":\"ListItem\",\"position\":3,\"name\":\"RS120:Clear 750ml Glass Bottles With Screw Caps Factory\"}]},{\"@type\":\"WebSite\",\"@id\":\"https:\/\/ruishengglassco.com\/#website\",\"url\":\"https:\/\/ruishengglassco.com\/\",\"name\":\"Ruisheng Glass\",\"description\":\"\",\"publisher\":{\"@id\":\"https:\/\/ruishengglassco.com\/#organization\"},\"potentialAction\":[{\"@type\":\"SearchAction\",\"target\":{\"@type\":\"EntryPoint\",\"urlTemplate\":\"https:\/\/ruishengglassco.com\/?s={search_term_string}\"},\"query-input\":\"required name=search_term_string\"}],\"inLanguage\":\"de\"},{\"@type\":\"Organization\",\"@id\":\"https:\/\/ruishengglassco.com\/#organization\",\"name\":\"Shandong Yuncheng Ruisheng Glass Co., Ltd\",\"url\":\"https:\/\/ruishengglassco.com\/\",\"logo\":{\"@type\":\"ImageObject\",\"inLanguage\":\"de\",\"@id\":\"https:\/\/ruishengglassco.com\/#\/schema\/logo\/image\/\",\"url\":\"https:\/\/ruishengglassco.com\/wp-content\/uploads\/2023\/09\/ruisheng_logo_icon.webp\",\"contentUrl\":\"https:\/\/ruishengglassco.com\/wp-content\/uploads\/2023\/09\/ruisheng_logo_icon.webp\",\"width\":400,\"height\":233,\"caption\":\"Shandong Yuncheng Ruisheng Glass Co., Ltd\"},\"image\":{\"@id\":\"https:\/\/ruishengglassco.com\/#\/schema\/logo\/image\/\"},\"sameAs\":[\"https:\/\/www.facebook.com\/ruishengglassbottles\",\"https:\/\/www.instagram.com\/Ruishengglassbottlewholesales\/\",\"https:\/\/www.youtube.com\/channel\/UCMmbMNGwsL-XrtjfSFLCdVQ\"]}]}<\/script>\n<!-- \/ Yoast SEO plugin. -->","yoast_head_json":{"title":"Clear Glass Bottles With Screw Caps | Wholesale Glass Liquor Bottle","description":"Buy Clear Glass Bottles With Screw Caps From China Liquor Bottle Factory. 750ML Glass Liquot Bottle Wholesale In Cheap Price.","robots":{"index":"index","follow":"follow","max-snippet":"max-snippet:-1","max-image-preview":"max-image-preview:large","max-video-preview":"max-video-preview:-1"},"canonical":"https:\/\/ruishengglassco.com\/de\/produkt\/rs120klar-750ml-glasflaschen-mit-schraubverschluss-groshandel","og_locale":"de_DE","og_type":"article","og_title":"Clear Glass Bottles With Screw Caps | Wholesale Glass Liquor Bottle","og_description":"Buy Clear Glass Bottles With Screw Caps From China Liquor Bottle Factory. 750ML Glass Liquot Bottle Wholesale In Cheap Price.","og_url":"https:\/\/ruishengglassco.com\/de\/produkt\/rs120klar-750ml-glasflaschen-mit-schraubverschluss-groshandel","article_publisher":"https:\/\/www.facebook.com\/ruishengglassbottles","article_modified_time":"2025-07-16T07:04:30+00:00","og_image":[{"width":800,"height":800,"url":"https:\/\/ruishengglassco.com\/wp-content\/uploads\/2025\/03\/RS120-Clear-750ml-Glass-Bottles-With-Screw-Caps-Wholesale.webp","type":"image\/webp"}],"twitter_card":"summary_large_image","twitter_misc":{"Gesch\u00e4tzte Lesezeit":"2\u00a0Minuten"},"schema":{"@context":"https:\/\/schema.org","@graph":[{"@type":"WebPage","@id":"https:\/\/ruishengglassco.com\/product\/rs120clear-750ml-glass-bottles-with-screw-caps-wholesale","url":"https:\/\/ruishengglassco.com\/product\/rs120clear-750ml-glass-bottles-with-screw-caps-wholesale","name":"Clear Glass Bottles With Screw Caps | Wholesale Glass Liquor Bottle","isPartOf":{"@id":"https:\/\/ruishengglassco.com\/#website"},"datePublished":"2025-03-14T16:01:07+00:00","dateModified":"2025-07-16T07:04:30+00:00","description":"Buy Clear Glass Bottles With Screw Caps From China Liquor Bottle Factory. 750ML Glass Liquot Bottle Wholesale In Cheap Price.","breadcrumb":{"@id":"https:\/\/ruishengglassco.com\/product\/rs120clear-750ml-glass-bottles-with-screw-caps-wholesale#breadcrumb"},"inLanguage":"de","potentialAction":[{"@type":"ReadAction","target":["https:\/\/ruishengglassco.com\/product\/rs120clear-750ml-glass-bottles-with-screw-caps-wholesale"]}]},{"@type":"BreadcrumbList","@id":"https:\/\/ruishengglassco.com\/product\/rs120clear-750ml-glass-bottles-with-screw-caps-wholesale#breadcrumb","itemListElement":[{"@type":"ListItem","position":1,"name":"Home","item":"https:\/\/ruishengglassco.com\/"},{"@type":"ListItem","position":2,"name":"Products","item":"https:\/\/ruishengglassco.com\/products"},{"@type":"ListItem","position":3,"name":"RS120:Clear 750ml Glass Bottles With Screw Caps Factory"}]},{"@type":"WebSite","@id":"https:\/\/ruishengglassco.com\/#website","url":"https:\/\/ruishengglassco.com\/","name":"Ruisheng Glass","description":"","publisher":{"@id":"https:\/\/ruishengglassco.com\/#organization"},"potentialAction":[{"@type":"SearchAction","target":{"@type":"EntryPoint","urlTemplate":"https:\/\/ruishengglassco.com\/?s={search_term_string}"},"query-input":"required name=search_term_string"}],"inLanguage":"de"},{"@type":"Organization","@id":"https:\/\/ruishengglassco.com\/#organization","name":"Shandong Yuncheng Ruisheng Glass Co., Ltd","url":"https:\/\/ruishengglassco.com\/","logo":{"@type":"ImageObject","inLanguage":"de","@id":"https:\/\/ruishengglassco.com\/#\/schema\/logo\/image\/","url":"https:\/\/ruishengglassco.com\/wp-content\/uploads\/2023\/09\/ruisheng_logo_icon.webp","contentUrl":"https:\/\/ruishengglassco.com\/wp-content\/uploads\/2023\/09\/ruisheng_logo_icon.webp","width":400,"height":233,"caption":"Shandong Yuncheng Ruisheng Glass Co., Ltd"},"image":{"@id":"https:\/\/ruishengglassco.com\/#\/schema\/logo\/image\/"},"sameAs":["https:\/\/www.facebook.com\/ruishengglassbottles","https:\/\/www.instagram.com\/Ruishengglassbottlewholesales\/","https:\/\/www.youtube.com\/channel\/UCMmbMNGwsL-XrtjfSFLCdVQ"]}]}},"_links":{"self":[{"href":"https:\/\/ruishengglassco.com\/de\/wp-json\/wp\/v2\/product\/4159","targetHints":{"allow":["GET"]}}],"collection":[{"href":"https:\/\/ruishengglassco.com\/de\/wp-json\/wp\/v2\/product"}],"about":[{"href":"https:\/\/ruishengglassco.com\/de\/wp-json\/wp\/v2\/types\/product"}],"replies":[{"embeddable":true,"href":"https:\/\/ruishengglassco.com\/de\/wp-json\/wp\/v2\/comments?post=4159"}],"wp:featuredmedia":[{"embeddable":true,"href":"https:\/\/ruishengglassco.com\/de\/wp-json\/wp\/v2\/media\/4160"}],"wp:attachment":[{"href":"https:\/\/ruishengglassco.com\/de\/wp-json\/wp\/v2\/media?parent=4159"}],"wp:term":[{"taxonomy":"product_cat","embeddable":true,"href":"https:\/\/ruishengglassco.com\/de\/wp-json\/wp\/v2\/product_cat?post=4159"}],"curies":[{"name":"wp","href":"https:\/\/api.w.org\/{rel}","templated":true}]}}