{"id":4157,"date":"2025-03-14T23:58:51","date_gmt":"2025-03-14T15:58:51","guid":{"rendered":"https:\/\/ruishengglassco.com\/?post_type=product&#038;p=4157"},"modified":"2025-07-17T13:35:48","modified_gmt":"2025-07-17T05:35:48","slug":"rs121-16-oz-runde-schnapsflaschen-mit-schraubverschluss","status":"publish","type":"product","link":"https:\/\/ruishengglassco.com\/de\/produkt\/rs121-16-oz-runde-schnapsflaschen-mit-schraubverschluss","title":{"rendered":"RS121: 16 OZ Runde Lik\u00f6rflaschen mit Schraubverschluss"},"content":{"rendered":"<p>Die 16 oz Glasflaschen Gro\u00dfhandel werden von Shandong Yuncheng Ruisheng Glass Co. hergestellt, Ltd. Unser Unternehmen ist einer der gr\u00f6\u00dften Anbieter von Super Flint Glas Lik\u00f6rflaschen in China.<\/p>\n<p>F\u00fcr die runde 500-ml-Lik\u00f6rflasche wird hochwertiges Flintglas verwendet. Diese Wahl macht die Flasche klarer, haltbarer und glatter in der Haptik.<\/p>\n<p>Unser Unternehmen hat mehr als 500 Mitarbeiter und ein Team von qualifizierten Ingenieuren. Mit unserer reichen Erfahrung haben wir uns weltweit einen guten Ruf erworben.<\/p>\n<p>Unsere Hauptproduktlinien umfassen die 750ml Glasflaschen-Gro\u00dfhandelsserie, die 700ml Glasflaschen-Gro\u00dfhandelsserie und die 500ml Glasflaschen-Gro\u00dfhandelsserie. Ruisheng ist ein Top-Lieferant von 500ml runden Spirituosenflaschen in China. Wir exportieren Wodka-, Whiskey-, Gin-, Brandy- und Marmeladenflaschen in \u00fcber 50 L\u00e4nder, darunter die USA, Gro\u00dfbritannien, Australien, Frankreich und \u00c4gypten. Unsere Produkte sind f\u00fcr ihre Innovation und Funktionalit\u00e4t bekannt.<\/p>\n<h2>Details \u00fcber 16 OZ Glasflaschen Gro\u00dfhandel<\/h2>\n<ul>\n<li>Hauptmaterial: Glas mit hohem Feuersteinanteil<\/li>\n<li>Verschluss: Schraubverschluss\/ Korken\/ Glasstopfen<\/li>\n<li>Referenz: RS121<\/li>\n<li>MOQ: 10000 PCS<\/li>\n<li>Fassungsverm\u00f6gen:500ml<\/li>\n<li>St\u00fcck\/Gebinde:24St\u00fcck<\/li>\n<li>Herkunft des Ortes: Shandong, China<\/li>\n<li>Besonderheit: Umweltfreundlich<\/li>\n<\/ul>\n<p>Wenn Sie an unseren 16 oz Glasflaschen im Gro\u00dfhandel interessiert sind, kontaktieren Sie uns bitte. Wenn Sie benutzerdefinierte Glasflaschen machen wollen, kontaktieren Sie uns bitte auch. Wir sind sehr froh, Ihre Anfrage f\u00fcr die beste Glaswasserflasche zu erhalten.<\/p>","protected":false},"excerpt":{"rendered":"<p>Ruisheng 16 oz Glasflaschen Gro\u00dfhandel mit transparenten K\u00f6rpern, so dass es leicht zu zeigen, Spirituosen Qualit\u00e4t, Farbe und Glanz. Unsere runde Schnapsflasche Gro\u00dfhandel aus der China-Fabrik wurde in \u00fcber 20 L\u00e4nder exportiert und hat die Gunst der Kunden gewonnen.<\/p>","protected":false},"featured_media":4158,"comment_status":"closed","ping_status":"closed","template":"","meta":[],"product_cat":[41],"class_list":{"0":"post-4157","1":"product","2":"type-product","3":"status-publish","4":"has-post-thumbnail","6":"product_cat-500ml-liquor-bottle-manufacturer","8":"first","9":"instock","10":"shipping-taxable","11":"product-type-simple"},"yoast_head":"<!-- This site is optimized with the Yoast SEO plugin v22.0 - https:\/\/yoast.com\/wordpress\/plugins\/seo\/ -->\n<title>16 OZ Glass Bottles Wholesale | 500ml Round Liquor Bottle Supplier<\/title>\n<meta name=\"description\" content=\"Ruisheng, a primary China Liquor Bottle Manufacturer&amp;Supplier, provide 16 OZ glass bottles wholesale for liquor brands, companies.\" \/>\n<meta name=\"robots\" content=\"index, follow, max-snippet:-1, max-image-preview:large, max-video-preview:-1\" \/>\n<link rel=\"canonical\" href=\"https:\/\/ruishengglassco.com\/de\/produkt\/rs121-16-oz-runde-schnapsflaschen-mit-schraubverschluss\" \/>\n<meta property=\"og:locale\" content=\"de_DE\" \/>\n<meta property=\"og:type\" content=\"article\" \/>\n<meta property=\"og:title\" content=\"16 OZ Glass Bottles Wholesale | 500ml Round Liquor Bottle Supplier\" \/>\n<meta property=\"og:description\" content=\"Ruisheng, a primary China Liquor Bottle Manufacturer&amp;Supplier, provide 16 OZ glass bottles wholesale for liquor brands, companies.\" \/>\n<meta property=\"og:url\" content=\"https:\/\/ruishengglassco.com\/de\/produkt\/rs121-16-oz-runde-schnapsflaschen-mit-schraubverschluss\" \/>\n<meta property=\"article:publisher\" content=\"https:\/\/www.facebook.com\/ruishengglassbottles\" \/>\n<meta property=\"article:modified_time\" content=\"2025-07-17T05:35:48+00:00\" \/>\n<meta property=\"og:image\" content=\"https:\/\/ruishengglassco.com\/wp-content\/uploads\/2025\/03\/RS121-16-OZ-Round-Liquor-Bottles-With-Screw-Cap.webp\" \/>\n\t<meta property=\"og:image:width\" content=\"400\" \/>\n\t<meta property=\"og:image:height\" content=\"400\" \/>\n\t<meta property=\"og:image:type\" content=\"image\/webp\" \/>\n<meta name=\"twitter:card\" content=\"summary_large_image\" \/>\n<meta name=\"twitter:label1\" content=\"Gesch\u00e4tzte Lesezeit\" \/>\n\t<meta name=\"twitter:data1\" content=\"2\u00a0Minuten\" \/>\n<script type=\"application\/ld+json\" class=\"yoast-schema-graph\">{\"@context\":\"https:\/\/schema.org\",\"@graph\":[{\"@type\":\"WebPage\",\"@id\":\"https:\/\/ruishengglassco.com\/product\/rs121-16-oz-round-liquor-bottles-with-screw-cap\",\"url\":\"https:\/\/ruishengglassco.com\/product\/rs121-16-oz-round-liquor-bottles-with-screw-cap\",\"name\":\"16 OZ Glass Bottles Wholesale | 500ml Round Liquor Bottle Supplier\",\"isPartOf\":{\"@id\":\"https:\/\/ruishengglassco.com\/#website\"},\"datePublished\":\"2025-03-14T15:58:51+00:00\",\"dateModified\":\"2025-07-17T05:35:48+00:00\",\"description\":\"Ruisheng, a primary China Liquor Bottle Manufacturer&Supplier, provide 16 OZ glass bottles wholesale for liquor brands, companies.\",\"breadcrumb\":{\"@id\":\"https:\/\/ruishengglassco.com\/product\/rs121-16-oz-round-liquor-bottles-with-screw-cap#breadcrumb\"},\"inLanguage\":\"de\",\"potentialAction\":[{\"@type\":\"ReadAction\",\"target\":[\"https:\/\/ruishengglassco.com\/product\/rs121-16-oz-round-liquor-bottles-with-screw-cap\"]}]},{\"@type\":\"BreadcrumbList\",\"@id\":\"https:\/\/ruishengglassco.com\/product\/rs121-16-oz-round-liquor-bottles-with-screw-cap#breadcrumb\",\"itemListElement\":[{\"@type\":\"ListItem\",\"position\":1,\"name\":\"Home\",\"item\":\"https:\/\/ruishengglassco.com\/\"},{\"@type\":\"ListItem\",\"position\":2,\"name\":\"Products\",\"item\":\"https:\/\/ruishengglassco.com\/products\"},{\"@type\":\"ListItem\",\"position\":3,\"name\":\"RS121: 16 OZ Round Liquor Bottles With Screw Cap\"}]},{\"@type\":\"WebSite\",\"@id\":\"https:\/\/ruishengglassco.com\/#website\",\"url\":\"https:\/\/ruishengglassco.com\/\",\"name\":\"Ruisheng Glass\",\"description\":\"\",\"publisher\":{\"@id\":\"https:\/\/ruishengglassco.com\/#organization\"},\"potentialAction\":[{\"@type\":\"SearchAction\",\"target\":{\"@type\":\"EntryPoint\",\"urlTemplate\":\"https:\/\/ruishengglassco.com\/?s={search_term_string}\"},\"query-input\":\"required name=search_term_string\"}],\"inLanguage\":\"de\"},{\"@type\":\"Organization\",\"@id\":\"https:\/\/ruishengglassco.com\/#organization\",\"name\":\"Shandong Yuncheng Ruisheng Glass Co., Ltd\",\"url\":\"https:\/\/ruishengglassco.com\/\",\"logo\":{\"@type\":\"ImageObject\",\"inLanguage\":\"de\",\"@id\":\"https:\/\/ruishengglassco.com\/#\/schema\/logo\/image\/\",\"url\":\"https:\/\/ruishengglassco.com\/wp-content\/uploads\/2023\/09\/ruisheng_logo_icon.webp\",\"contentUrl\":\"https:\/\/ruishengglassco.com\/wp-content\/uploads\/2023\/09\/ruisheng_logo_icon.webp\",\"width\":400,\"height\":233,\"caption\":\"Shandong Yuncheng Ruisheng Glass Co., Ltd\"},\"image\":{\"@id\":\"https:\/\/ruishengglassco.com\/#\/schema\/logo\/image\/\"},\"sameAs\":[\"https:\/\/www.facebook.com\/ruishengglassbottles\",\"https:\/\/www.instagram.com\/Ruishengglassbottlewholesales\/\",\"https:\/\/www.youtube.com\/channel\/UCMmbMNGwsL-XrtjfSFLCdVQ\"]}]}<\/script>\n<!-- \/ Yoast SEO plugin. -->","yoast_head_json":{"title":"16 OZ Glass Bottles Wholesale | 500ml Round Liquor Bottle Supplier","description":"Ruisheng, a primary China Liquor Bottle Manufacturer&Supplier, provide 16 OZ glass bottles wholesale for liquor brands, companies.","robots":{"index":"index","follow":"follow","max-snippet":"max-snippet:-1","max-image-preview":"max-image-preview:large","max-video-preview":"max-video-preview:-1"},"canonical":"https:\/\/ruishengglassco.com\/de\/produkt\/rs121-16-oz-runde-schnapsflaschen-mit-schraubverschluss","og_locale":"de_DE","og_type":"article","og_title":"16 OZ Glass Bottles Wholesale | 500ml Round Liquor Bottle Supplier","og_description":"Ruisheng, a primary China Liquor Bottle Manufacturer&Supplier, provide 16 OZ glass bottles wholesale for liquor brands, companies.","og_url":"https:\/\/ruishengglassco.com\/de\/produkt\/rs121-16-oz-runde-schnapsflaschen-mit-schraubverschluss","article_publisher":"https:\/\/www.facebook.com\/ruishengglassbottles","article_modified_time":"2025-07-17T05:35:48+00:00","og_image":[{"width":400,"height":400,"url":"https:\/\/ruishengglassco.com\/wp-content\/uploads\/2025\/03\/RS121-16-OZ-Round-Liquor-Bottles-With-Screw-Cap.webp","type":"image\/webp"}],"twitter_card":"summary_large_image","twitter_misc":{"Gesch\u00e4tzte Lesezeit":"2\u00a0Minuten"},"schema":{"@context":"https:\/\/schema.org","@graph":[{"@type":"WebPage","@id":"https:\/\/ruishengglassco.com\/product\/rs121-16-oz-round-liquor-bottles-with-screw-cap","url":"https:\/\/ruishengglassco.com\/product\/rs121-16-oz-round-liquor-bottles-with-screw-cap","name":"16 OZ Glass Bottles Wholesale | 500ml Round Liquor Bottle Supplier","isPartOf":{"@id":"https:\/\/ruishengglassco.com\/#website"},"datePublished":"2025-03-14T15:58:51+00:00","dateModified":"2025-07-17T05:35:48+00:00","description":"Ruisheng, a primary China Liquor Bottle Manufacturer&Supplier, provide 16 OZ glass bottles wholesale for liquor brands, companies.","breadcrumb":{"@id":"https:\/\/ruishengglassco.com\/product\/rs121-16-oz-round-liquor-bottles-with-screw-cap#breadcrumb"},"inLanguage":"de","potentialAction":[{"@type":"ReadAction","target":["https:\/\/ruishengglassco.com\/product\/rs121-16-oz-round-liquor-bottles-with-screw-cap"]}]},{"@type":"BreadcrumbList","@id":"https:\/\/ruishengglassco.com\/product\/rs121-16-oz-round-liquor-bottles-with-screw-cap#breadcrumb","itemListElement":[{"@type":"ListItem","position":1,"name":"Home","item":"https:\/\/ruishengglassco.com\/"},{"@type":"ListItem","position":2,"name":"Products","item":"https:\/\/ruishengglassco.com\/products"},{"@type":"ListItem","position":3,"name":"RS121: 16 OZ Round Liquor Bottles With Screw Cap"}]},{"@type":"WebSite","@id":"https:\/\/ruishengglassco.com\/#website","url":"https:\/\/ruishengglassco.com\/","name":"Ruisheng Glass","description":"","publisher":{"@id":"https:\/\/ruishengglassco.com\/#organization"},"potentialAction":[{"@type":"SearchAction","target":{"@type":"EntryPoint","urlTemplate":"https:\/\/ruishengglassco.com\/?s={search_term_string}"},"query-input":"required name=search_term_string"}],"inLanguage":"de"},{"@type":"Organization","@id":"https:\/\/ruishengglassco.com\/#organization","name":"Shandong Yuncheng Ruisheng Glass Co., Ltd","url":"https:\/\/ruishengglassco.com\/","logo":{"@type":"ImageObject","inLanguage":"de","@id":"https:\/\/ruishengglassco.com\/#\/schema\/logo\/image\/","url":"https:\/\/ruishengglassco.com\/wp-content\/uploads\/2023\/09\/ruisheng_logo_icon.webp","contentUrl":"https:\/\/ruishengglassco.com\/wp-content\/uploads\/2023\/09\/ruisheng_logo_icon.webp","width":400,"height":233,"caption":"Shandong Yuncheng Ruisheng Glass Co., Ltd"},"image":{"@id":"https:\/\/ruishengglassco.com\/#\/schema\/logo\/image\/"},"sameAs":["https:\/\/www.facebook.com\/ruishengglassbottles","https:\/\/www.instagram.com\/Ruishengglassbottlewholesales\/","https:\/\/www.youtube.com\/channel\/UCMmbMNGwsL-XrtjfSFLCdVQ"]}]}},"_links":{"self":[{"href":"https:\/\/ruishengglassco.com\/de\/wp-json\/wp\/v2\/product\/4157","targetHints":{"allow":["GET"]}}],"collection":[{"href":"https:\/\/ruishengglassco.com\/de\/wp-json\/wp\/v2\/product"}],"about":[{"href":"https:\/\/ruishengglassco.com\/de\/wp-json\/wp\/v2\/types\/product"}],"replies":[{"embeddable":true,"href":"https:\/\/ruishengglassco.com\/de\/wp-json\/wp\/v2\/comments?post=4157"}],"wp:featuredmedia":[{"embeddable":true,"href":"https:\/\/ruishengglassco.com\/de\/wp-json\/wp\/v2\/media\/4158"}],"wp:attachment":[{"href":"https:\/\/ruishengglassco.com\/de\/wp-json\/wp\/v2\/media?parent=4157"}],"wp:term":[{"taxonomy":"product_cat","embeddable":true,"href":"https:\/\/ruishengglassco.com\/de\/wp-json\/wp\/v2\/product_cat?post=4157"}],"curies":[{"name":"wp","href":"https:\/\/api.w.org\/{rel}","templated":true}]}}