{"id":4155,"date":"2025-03-14T23:56:03","date_gmt":"2025-03-14T15:56:03","guid":{"rendered":"https:\/\/ruishengglassco.com\/?post_type=product&#038;p=4155"},"modified":"2025-07-16T15:02:23","modified_gmt":"2025-07-16T07:02:23","slug":"rs122-1000ml-klar-spiritus-groshandel-glasflaschen-zum-verkauf","status":"publish","type":"product","link":"https:\/\/ruishengglassco.com\/de\/produkt\/rs122-1000ml-klar-spiritus-groshandel-glasflaschen-zum-verkauf","title":{"rendered":"RS122: 1000ml klare Spiritus Fabrik Glasflaschen zu verkaufen"},"content":{"rendered":"<p>Diese 1000ml Klarglasflasche mit Korken Gro\u00dfhandel ist eines der wichtigsten Produkte in unserer Fabrik. Wir verwenden hochwertiges Glasmaterial, um diese Lik\u00f6rglasflaschen herzustellen. Dieses Material ist von High-Flint-Glas gemacht. Mit diesem Material Spir, Glasflaschen sind sehr klar und nicht leicht gebrochen.<\/p>\n<p>Unsere 1000ml klaren Weinglasflaschen zum Verkauf k\u00f6nnen als klare Wodka-Glasflaschen, Gin-Glasflaschen, Rum-Glasflaschen und andere Spirituosen-Glasflaschen verwendet werden. Der Dichtungstyp dieser Spirituosen Glasflaschen ist Korken Finish. So k\u00f6nnen sie es mehr als einmal verwenden.<\/p>\n<h2>Die Details der 1000ml Klarglasflaschen mit Korken Fabrik<\/h2>\n<ul>\n<li>Hauptmaterial: Glas mit hohem Feuersteinanteil<\/li>\n<li>Kappe: Kork<\/li>\n<li>Referenz: RS122<\/li>\n<li>MOQ: 10000 PCS<\/li>\n<li>Fassungsverm\u00f6gen: 1000ml<\/li>\n<li>St\u00fcck\/Gebinde: 24 St\u00fcck<\/li>\n<li>Herkunft des Ortes: Shandong, China<\/li>\n<li>Besonderheit: Umweltfreundlich<\/li>\n<\/ul>\n<p data-block-id=\"d579b52f-3211-4a03-9e33-ddb125ee90e4\" data-pm-slice=\"1 1 []\">Als Hersteller von Glasflaschen mit hohem Feuersteinanteil k\u00f6nnen wir alle Arten von Glasflaschen im Gro\u00dfhandel herstellen. Wir produzieren verschiedene Formen von Glasflaschen, darunter runde, quadratische, flache und andere einzigartige Formen. Wenn Sie benutzerdefinierte Glasflaschen machen wollen, k\u00f6nnen wir es auch f\u00fcr Sie tun.<\/p>\n<p data-block-id=\"10af0ad5-ad2d-4fb2-a4d9-b173abff9420\">Wir k\u00f6nnen auch tiefe Verarbeitungen auf Glasflaschen anbieten, wie z.B. Bedruckung, Aufkleber mit Logos und Glasur auf der Flasche. Sie sagen uns, was Sie brauchen, wir k\u00f6nnen das f\u00fcr Ihre Nachfrage machen.<\/p>\n<p data-block-id=\"3daa249d-1744-4e29-95b3-06e4848005e0\">In unserem Werk sind etwa 500 Mitarbeiter besch\u00e4ftigt, einschlie\u00dflich der Qualit\u00e4tskontrolle und einer Gruppe von qualifizierten Ingenieuren. Wir stellen sicher, dass alle Glasflaschen, die von unserer Fabrik verschickt werden, die Qualit\u00e4tskontrolle bestehen und dass alle Kunden mit unseren Glasflaschen und unserem Service zufrieden sind.<\/p>\n<p data-block-id=\"71870d0f-05c4-42a3-90bc-b587dfca90c4\">Wenn Sie an unseren 1000-ml-Glasflaschen f\u00fcr Spirituosen interessiert sind oder Sonderanfertigungen w\u00fcnschen, kontaktieren Sie uns bitte. Wir werden unser Bestes tun, um Ihre Bed\u00fcrfnisse zu erf\u00fcllen und sicherzustellen, dass Sie mit unseren Produkten zufrieden sind.<\/p>","protected":false},"excerpt":{"rendered":"<table class=\"tg\">\n<tbody>\n<tr>\n<th class=\"tg-n1qb\" colspan=\"2\">1000ml klare Spiritus-Glasflaschen<\/th>\n<\/tr>\n<tr>\n<td class=\"tg-dc35\">Hauptmaterial:<\/td>\n<td class=\"tg-dc35\">Hohes Flintglas<\/td>\n<\/tr>\n<tr>\n<td class=\"tg-us36\">Kappe:<\/td>\n<td class=\"tg-us36\">Schraubkappe<\/td>\n<\/tr>\n<tr>\n<td class=\"tg-dc35\">Kapazit\u00e4t:<\/td>\n<td class=\"tg-dc35\">1000ml<\/td>\n<\/tr>\n<tr>\n<td class=\"tg-us36\">Merkmal:<\/td>\n<td class=\"tg-us36\">Umweltfreundlich<\/td>\n<\/tr>\n<tr>\n<td class=\"tg-dc35\">MOQ:<\/td>\n<td class=\"tg-dc35\">10000 PCS<\/td>\n<\/tr>\n<tr>\n<td class=\"tg-us36\">Art der Verpackung:<\/td>\n<td class=\"tg-us36\">Export Standardkarton \/ Palette \/ Export Standardkarton und Palette<\/td>\n<\/tr>\n<tr>\n<td class=\"tg-dc35\">OEM\/ODM:<\/td>\n<td class=\"tg-dc35\">Willkommen<\/td>\n<\/tr>\n<tr>\n<td class=\"tg-us36\">Herkunft des Ortes:<\/td>\n<td class=\"tg-us36\">Shandong, China<\/td>\n<\/tr>\n<tr>\n<td class=\"tg-dc35\">Stck.\/Ktn:<\/td>\n<td class=\"tg-dc35\">24St\u00fcck \/ 20St\u00fcck<\/td>\n<\/tr>\n<\/tbody>\n<\/table>","protected":false},"featured_media":4156,"comment_status":"closed","ping_status":"closed","template":"","meta":[],"product_cat":[43],"class_list":{"0":"post-4155","1":"product","2":"type-product","3":"status-publish","4":"has-post-thumbnail","6":"product_cat-1000ml-liquor-bottle-manufacturer","8":"first","9":"instock","10":"shipping-taxable","11":"product-type-simple"},"yoast_head":"<!-- This site is optimized with the Yoast SEO plugin v22.0 - https:\/\/yoast.com\/wordpress\/plugins\/seo\/ -->\n<title>1000ml Clear Glass Bottles With Corks Factory China-Ruisheng<\/title>\n<meta name=\"description\" content=\"This 1000ml Clear Glass Bottles With Corks Factory is produced by best China glass bottle factory. High Quality&amp;Cheap Bulk Price.\" \/>\n<meta name=\"robots\" content=\"index, follow, max-snippet:-1, max-image-preview:large, max-video-preview:-1\" \/>\n<link rel=\"canonical\" href=\"https:\/\/ruishengglassco.com\/de\/produkt\/rs122-1000ml-klar-spiritus-groshandel-glasflaschen-zum-verkauf\" \/>\n<meta property=\"og:locale\" content=\"de_DE\" \/>\n<meta property=\"og:type\" content=\"article\" \/>\n<meta property=\"og:title\" content=\"1000ml Clear Glass Bottles With Corks Factory China-Ruisheng\" \/>\n<meta property=\"og:description\" content=\"This 1000ml Clear Glass Bottles With Corks Factory is produced by best China glass bottle factory. High Quality&amp;Cheap Bulk Price.\" \/>\n<meta property=\"og:url\" content=\"https:\/\/ruishengglassco.com\/de\/produkt\/rs122-1000ml-klar-spiritus-groshandel-glasflaschen-zum-verkauf\" \/>\n<meta property=\"article:publisher\" content=\"https:\/\/www.facebook.com\/ruishengglassbottles\" \/>\n<meta property=\"article:modified_time\" content=\"2025-07-16T07:02:23+00:00\" \/>\n<meta property=\"og:image\" content=\"https:\/\/ruishengglassco.com\/wp-content\/uploads\/2025\/03\/RS122-1000ml-Clear-Spirit-Wholesale-Glass-Bottles-For-Sale.webp\" \/>\n\t<meta property=\"og:image:width\" content=\"800\" \/>\n\t<meta property=\"og:image:height\" content=\"800\" \/>\n\t<meta property=\"og:image:type\" content=\"image\/webp\" \/>\n<meta name=\"twitter:card\" content=\"summary_large_image\" \/>\n<meta name=\"twitter:label1\" content=\"Gesch\u00e4tzte Lesezeit\" \/>\n\t<meta name=\"twitter:data1\" content=\"2\u00a0Minuten\" \/>\n<script type=\"application\/ld+json\" class=\"yoast-schema-graph\">{\"@context\":\"https:\/\/schema.org\",\"@graph\":[{\"@type\":\"WebPage\",\"@id\":\"https:\/\/ruishengglassco.com\/product\/rs122-1000ml-clear-spirit-wholesale-glass-bottles-for-sale\",\"url\":\"https:\/\/ruishengglassco.com\/product\/rs122-1000ml-clear-spirit-wholesale-glass-bottles-for-sale\",\"name\":\"1000ml Clear Glass Bottles With Corks Factory China-Ruisheng\",\"isPartOf\":{\"@id\":\"https:\/\/ruishengglassco.com\/#website\"},\"datePublished\":\"2025-03-14T15:56:03+00:00\",\"dateModified\":\"2025-07-16T07:02:23+00:00\",\"description\":\"This 1000ml Clear Glass Bottles With Corks Factory is produced by best China glass bottle factory. High Quality&Cheap Bulk Price.\",\"breadcrumb\":{\"@id\":\"https:\/\/ruishengglassco.com\/product\/rs122-1000ml-clear-spirit-wholesale-glass-bottles-for-sale#breadcrumb\"},\"inLanguage\":\"de\",\"potentialAction\":[{\"@type\":\"ReadAction\",\"target\":[\"https:\/\/ruishengglassco.com\/product\/rs122-1000ml-clear-spirit-wholesale-glass-bottles-for-sale\"]}]},{\"@type\":\"BreadcrumbList\",\"@id\":\"https:\/\/ruishengglassco.com\/product\/rs122-1000ml-clear-spirit-wholesale-glass-bottles-for-sale#breadcrumb\",\"itemListElement\":[{\"@type\":\"ListItem\",\"position\":1,\"name\":\"Home\",\"item\":\"https:\/\/ruishengglassco.com\/\"},{\"@type\":\"ListItem\",\"position\":2,\"name\":\"Products\",\"item\":\"https:\/\/ruishengglassco.com\/products\"},{\"@type\":\"ListItem\",\"position\":3,\"name\":\"RS122: 1000ml Clear Spirit Factory Glass Bottles For Sale\"}]},{\"@type\":\"WebSite\",\"@id\":\"https:\/\/ruishengglassco.com\/#website\",\"url\":\"https:\/\/ruishengglassco.com\/\",\"name\":\"Ruisheng Glass\",\"description\":\"\",\"publisher\":{\"@id\":\"https:\/\/ruishengglassco.com\/#organization\"},\"potentialAction\":[{\"@type\":\"SearchAction\",\"target\":{\"@type\":\"EntryPoint\",\"urlTemplate\":\"https:\/\/ruishengglassco.com\/?s={search_term_string}\"},\"query-input\":\"required name=search_term_string\"}],\"inLanguage\":\"de\"},{\"@type\":\"Organization\",\"@id\":\"https:\/\/ruishengglassco.com\/#organization\",\"name\":\"Shandong Yuncheng Ruisheng Glass Co., Ltd\",\"url\":\"https:\/\/ruishengglassco.com\/\",\"logo\":{\"@type\":\"ImageObject\",\"inLanguage\":\"de\",\"@id\":\"https:\/\/ruishengglassco.com\/#\/schema\/logo\/image\/\",\"url\":\"https:\/\/ruishengglassco.com\/wp-content\/uploads\/2023\/09\/ruisheng_logo_icon.webp\",\"contentUrl\":\"https:\/\/ruishengglassco.com\/wp-content\/uploads\/2023\/09\/ruisheng_logo_icon.webp\",\"width\":400,\"height\":233,\"caption\":\"Shandong Yuncheng Ruisheng Glass Co., Ltd\"},\"image\":{\"@id\":\"https:\/\/ruishengglassco.com\/#\/schema\/logo\/image\/\"},\"sameAs\":[\"https:\/\/www.facebook.com\/ruishengglassbottles\",\"https:\/\/www.instagram.com\/Ruishengglassbottlewholesales\/\",\"https:\/\/www.youtube.com\/channel\/UCMmbMNGwsL-XrtjfSFLCdVQ\"]}]}<\/script>\n<!-- \/ Yoast SEO plugin. -->","yoast_head_json":{"title":"1000ml Clear Glass Bottles With Corks Factory China-Ruisheng","description":"This 1000ml Clear Glass Bottles With Corks Factory is produced by best China glass bottle factory. High Quality&Cheap Bulk Price.","robots":{"index":"index","follow":"follow","max-snippet":"max-snippet:-1","max-image-preview":"max-image-preview:large","max-video-preview":"max-video-preview:-1"},"canonical":"https:\/\/ruishengglassco.com\/de\/produkt\/rs122-1000ml-klar-spiritus-groshandel-glasflaschen-zum-verkauf","og_locale":"de_DE","og_type":"article","og_title":"1000ml Clear Glass Bottles With Corks Factory China-Ruisheng","og_description":"This 1000ml Clear Glass Bottles With Corks Factory is produced by best China glass bottle factory. High Quality&Cheap Bulk Price.","og_url":"https:\/\/ruishengglassco.com\/de\/produkt\/rs122-1000ml-klar-spiritus-groshandel-glasflaschen-zum-verkauf","article_publisher":"https:\/\/www.facebook.com\/ruishengglassbottles","article_modified_time":"2025-07-16T07:02:23+00:00","og_image":[{"width":800,"height":800,"url":"https:\/\/ruishengglassco.com\/wp-content\/uploads\/2025\/03\/RS122-1000ml-Clear-Spirit-Wholesale-Glass-Bottles-For-Sale.webp","type":"image\/webp"}],"twitter_card":"summary_large_image","twitter_misc":{"Gesch\u00e4tzte Lesezeit":"2\u00a0Minuten"},"schema":{"@context":"https:\/\/schema.org","@graph":[{"@type":"WebPage","@id":"https:\/\/ruishengglassco.com\/product\/rs122-1000ml-clear-spirit-wholesale-glass-bottles-for-sale","url":"https:\/\/ruishengglassco.com\/product\/rs122-1000ml-clear-spirit-wholesale-glass-bottles-for-sale","name":"1000ml Clear Glass Bottles With Corks Factory China-Ruisheng","isPartOf":{"@id":"https:\/\/ruishengglassco.com\/#website"},"datePublished":"2025-03-14T15:56:03+00:00","dateModified":"2025-07-16T07:02:23+00:00","description":"This 1000ml Clear Glass Bottles With Corks Factory is produced by best China glass bottle factory. High Quality&Cheap Bulk Price.","breadcrumb":{"@id":"https:\/\/ruishengglassco.com\/product\/rs122-1000ml-clear-spirit-wholesale-glass-bottles-for-sale#breadcrumb"},"inLanguage":"de","potentialAction":[{"@type":"ReadAction","target":["https:\/\/ruishengglassco.com\/product\/rs122-1000ml-clear-spirit-wholesale-glass-bottles-for-sale"]}]},{"@type":"BreadcrumbList","@id":"https:\/\/ruishengglassco.com\/product\/rs122-1000ml-clear-spirit-wholesale-glass-bottles-for-sale#breadcrumb","itemListElement":[{"@type":"ListItem","position":1,"name":"Home","item":"https:\/\/ruishengglassco.com\/"},{"@type":"ListItem","position":2,"name":"Products","item":"https:\/\/ruishengglassco.com\/products"},{"@type":"ListItem","position":3,"name":"RS122: 1000ml Clear Spirit Factory Glass Bottles For Sale"}]},{"@type":"WebSite","@id":"https:\/\/ruishengglassco.com\/#website","url":"https:\/\/ruishengglassco.com\/","name":"Ruisheng Glass","description":"","publisher":{"@id":"https:\/\/ruishengglassco.com\/#organization"},"potentialAction":[{"@type":"SearchAction","target":{"@type":"EntryPoint","urlTemplate":"https:\/\/ruishengglassco.com\/?s={search_term_string}"},"query-input":"required name=search_term_string"}],"inLanguage":"de"},{"@type":"Organization","@id":"https:\/\/ruishengglassco.com\/#organization","name":"Shandong Yuncheng Ruisheng Glass Co., Ltd","url":"https:\/\/ruishengglassco.com\/","logo":{"@type":"ImageObject","inLanguage":"de","@id":"https:\/\/ruishengglassco.com\/#\/schema\/logo\/image\/","url":"https:\/\/ruishengglassco.com\/wp-content\/uploads\/2023\/09\/ruisheng_logo_icon.webp","contentUrl":"https:\/\/ruishengglassco.com\/wp-content\/uploads\/2023\/09\/ruisheng_logo_icon.webp","width":400,"height":233,"caption":"Shandong Yuncheng Ruisheng Glass Co., Ltd"},"image":{"@id":"https:\/\/ruishengglassco.com\/#\/schema\/logo\/image\/"},"sameAs":["https:\/\/www.facebook.com\/ruishengglassbottles","https:\/\/www.instagram.com\/Ruishengglassbottlewholesales\/","https:\/\/www.youtube.com\/channel\/UCMmbMNGwsL-XrtjfSFLCdVQ"]}]}},"_links":{"self":[{"href":"https:\/\/ruishengglassco.com\/de\/wp-json\/wp\/v2\/product\/4155","targetHints":{"allow":["GET"]}}],"collection":[{"href":"https:\/\/ruishengglassco.com\/de\/wp-json\/wp\/v2\/product"}],"about":[{"href":"https:\/\/ruishengglassco.com\/de\/wp-json\/wp\/v2\/types\/product"}],"replies":[{"embeddable":true,"href":"https:\/\/ruishengglassco.com\/de\/wp-json\/wp\/v2\/comments?post=4155"}],"wp:featuredmedia":[{"embeddable":true,"href":"https:\/\/ruishengglassco.com\/de\/wp-json\/wp\/v2\/media\/4156"}],"wp:attachment":[{"href":"https:\/\/ruishengglassco.com\/de\/wp-json\/wp\/v2\/media?parent=4155"}],"wp:term":[{"taxonomy":"product_cat","embeddable":true,"href":"https:\/\/ruishengglassco.com\/de\/wp-json\/wp\/v2\/product_cat?post=4155"}],"curies":[{"name":"wp","href":"https:\/\/api.w.org\/{rel}","templated":true}]}}