{"id":4151,"date":"2025-03-14T23:47:11","date_gmt":"2025-03-14T15:47:11","guid":{"rendered":"https:\/\/ruishengglassco.com\/?post_type=product&#038;p=4151"},"modified":"2025-09-11T16:19:54","modified_gmt":"2025-09-11T08:19:54","slug":"rs124-500ml-750ml-klare-zylinderglasflaschen","status":"publish","type":"product","link":"https:\/\/ruishengglassco.com\/de\/produkt\/rs124-500ml-750ml-klare-zylinderglasflaschen","title":{"rendered":"RS124: 500ml 750ml klare Zylinderglasflaschen"},"content":{"rendered":"<p><span data-preserver-spaces=\"true\">Die Klarglasflasche lose <\/span><span data-preserver-spaces=\"true\">wird bezogen<\/span><span data-preserver-spaces=\"true\"> von Shandong Yuncheng Ruisheng Glass Co, Ltd. Ruisheng ist der gr\u00f6\u00dfte Hersteller von Glasflaschen mit hohem Feuersteinanteil in China. Das Unternehmen bietet nicht nur Klarglasflaschen der Spitzenklasse im Gro\u00dfhandel an, sondern auch Klarglasflaschen mittlerer Qualit\u00e4t f\u00fcr eine breite Palette von Anwendungen.<\/span><\/p>\n<p><span data-preserver-spaces=\"true\">Dieser Zylinder Glasflasche ist eine gemeinsame Art von Glasflasche. Diese 500ml 750ml Klarglasflasche lose kann <\/span><span data-preserver-spaces=\"true\">verwendet werden<\/span><span data-preserver-spaces=\"true\"> f\u00fcr Wein, Wodka, Whiskey, Rum, Gin und andere Fl\u00fcssigkeiten. Diese Glasflaschen k\u00f6nnen <\/span><span data-preserver-spaces=\"true\">verkauft werden<\/span><span data-preserver-spaces=\"true\"> in zahlreiche L\u00e4nder und Regionen, darunter Europa, die Vereinigten Staaten, Australien und andere.<\/span><\/p>\n<p><span data-preserver-spaces=\"true\">Diese Klarglaszylinder <\/span><span data-preserver-spaces=\"true\">verwendet werden<\/span><span data-preserver-spaces=\"true\"> in High-Flint-Glas. Dieses High-Flint-Glas wird auch als kristallwei\u00dfes Glas bezeichnet. Dieses Glasflaschenmaterial ist das hochwertigste Material f\u00fcr Glasflaschen. Die aus diesem Material hergestellte Glasflasche ist <\/span><span data-preserver-spaces=\"true\">sehr deutlich<\/span><span data-preserver-spaces=\"true\"> und glatt, und es ist sehr langlebig.<\/span><\/p>\n<p><span data-preserver-spaces=\"true\">Wir k\u00f6nnen diese Klarglaszylinder in verschiedenen Gr\u00f6\u00dfen herstellen, wenn Sie sie ben\u00f6tigen. Wie zum Beispiel 375ml, 500ml, 700ml, 750ml, 1000ml und andere. Derzeit sind unsere bestehenden Glasflaschen in den Gr\u00f6\u00dfen 500ml und 750ml erh\u00e4ltlich. Wenn Sie es brauchen, k\u00f6nnen wir eine neue Form machen, um die Glasflaschen zu machen.<\/span><\/p>\n<h2><span data-preserver-spaces=\"true\">Die Details dieser Klarglasflasche Bulk<\/span><\/h2>\n<p><span data-preserver-spaces=\"true\">Unsere Glasflaschen sind in zwei Gr\u00f6\u00dfen erh\u00e4ltlich: 500ml und 750ml.<\/span><\/p>\n<p><span data-preserver-spaces=\"true\">Das Gewicht der 750-ml-Glasflasche betr\u00e4gt 750 g. <\/span><span data-preserver-spaces=\"true\">Dieser Flaschendurchmesser<\/span><span data-preserver-spaces=\"true\"> betr\u00e4gt 75,6 \u00b1 1,5 mm.<\/span><span data-preserver-spaces=\"true\"> Die Flaschenh\u00f6he betr\u00e4gt 330 \u00b1 2 mm. Der Verschluss ist mit einem T-Korken versehen. Diese Glasflasche ist <\/span><span data-preserver-spaces=\"true\">geeignet f\u00fcr<\/span><span data-preserver-spaces=\"true\"> den 19,5 mm T-Korken.<\/span><\/p>\n<p><span data-preserver-spaces=\"true\">Das Gewicht der 500ml-Zylinder-Glasflaschen betr\u00e4gt 580g. Der Durchmesser dieser Glasflasche betr\u00e4gt 66,5 \u00b1 1,5 mm. Und ihre H\u00f6he betr\u00e4gt 300 \u00b1 1,5 mm. Diese Flasche hat auch einen 19,5 mm T-Korken.<\/span><\/p>\n<p><span data-preserver-spaces=\"true\">Diese beiden Glasflaschen k\u00f6nnen umgewandelt werden<\/span><span data-preserver-spaces=\"true\"> bis hin zu einem Schraubverschluss. Sie entspricht den Anforderungen des Kunden.<\/span><\/p>\n<p><span data-preserver-spaces=\"true\">Wenn Sie 500ml- oder 750ml-Klarglasflaschen kaufen oder Glasflaschen im Gro\u00dfhandel erwerben m\u00f6chten, setzen Sie sich bitte per E-Mail oder Telefon mit uns in Verbindung. Wir werden Ihnen so schnell wie m\u00f6glich antworten.<\/span><\/p>","protected":false},"excerpt":{"rendered":"<table class=\"tg\">\n<tbody>\n<tr>\n<th class=\"tg-24i8\" colspan=\"2\">500ml 750ml Klarglasflaschen in Zylinderform<\/th>\n<\/tr>\n<tr>\n<td class=\"tg-b7b8\">Hauptmaterial:<\/td>\n<td class=\"tg-b7b8\">Hochwertiges Flintglas<\/td>\n<\/tr>\n<tr>\n<td class=\"tg-yw4l\">Kappe:<\/td>\n<td class=\"tg-yw4l\">Schraubverschluss<\/td>\n<\/tr>\n<tr>\n<td class=\"tg-b7b8\">Kapazit\u00e4t:<\/td>\n<td class=\"tg-b7b8\">500ml 750ml<\/td>\n<\/tr>\n<tr>\n<td class=\"tg-yw4l\">Merkmal:<\/td>\n<td class=\"tg-yw4l\">Umweltfreundlich<\/td>\n<\/tr>\n<tr>\n<td class=\"tg-b7b8\">MOQ:<\/td>\n<td class=\"tg-b7b8\">10000 PCS<\/td>\n<\/tr>\n<tr>\n<td class=\"tg-yw4l\">Herkunft des Ortes:<\/td>\n<td class=\"tg-yw4l\">Shandong, China<\/td>\n<\/tr>\n<tr>\n<td class=\"tg-b7b8\">Stck.\/Ktn:<\/td>\n<td class=\"tg-b7b8\">24St\u00fcck<\/td>\n<\/tr>\n<tr>\n<td class=\"tg-yw4l\">Referenz:<\/td>\n<td class=\"tg-yw4l\">RS124<\/td>\n<\/tr>\n<tr>\n<td class=\"tg-b7b8\">Versandart:<\/td>\n<td class=\"tg-b7b8\">Schiff,Express<\/td>\n<\/tr>\n<tr>\n<td class=\"tg-yw4l\">OEM\/ODM:<\/td>\n<td class=\"tg-yw4l\">Willkommen<\/td>\n<\/tr>\n<\/tbody>\n<\/table>","protected":false},"featured_media":4152,"comment_status":"closed","ping_status":"closed","template":"","meta":[],"product_cat":[41,40],"class_list":{"0":"post-4151","1":"product","2":"type-product","3":"status-publish","4":"has-post-thumbnail","6":"product_cat-500ml-liquor-bottle-manufacturer","7":"product_cat-750ml-liquor-bottle-manufacturer","9":"first","10":"instock","11":"shipping-taxable","12":"product-type-simple"},"yoast_head":"<!-- This site is optimized with the Yoast SEO plugin v22.0 - https:\/\/yoast.com\/wordpress\/plugins\/seo\/ -->\n<title>750ml Clear Glass Bottle Bulk|Wholesale Cylinder Glass Bottle With T-cork<\/title>\n<meta name=\"description\" content=\"Buy 750ml Clear Glass Bottles Bulk From China Liquor Bottle Manufacturer. Factory Outlet Wholesale Cylinder Glass Bottle With T-cork\" \/>\n<meta name=\"robots\" content=\"index, follow, max-snippet:-1, max-image-preview:large, max-video-preview:-1\" \/>\n<link rel=\"canonical\" href=\"https:\/\/ruishengglassco.com\/de\/produkt\/rs124-500ml-750ml-klare-zylinderglasflaschen\" \/>\n<meta property=\"og:locale\" content=\"de_DE\" \/>\n<meta property=\"og:type\" content=\"article\" \/>\n<meta property=\"og:title\" content=\"750ml Clear Glass Bottle Bulk|Wholesale Cylinder Glass Bottle With T-cork\" \/>\n<meta property=\"og:description\" content=\"Buy 750ml Clear Glass Bottles Bulk From China Liquor Bottle Manufacturer. Factory Outlet Wholesale Cylinder Glass Bottle With T-cork\" \/>\n<meta property=\"og:url\" content=\"https:\/\/ruishengglassco.com\/de\/produkt\/rs124-500ml-750ml-klare-zylinderglasflaschen\" \/>\n<meta property=\"article:publisher\" content=\"https:\/\/www.facebook.com\/ruishengglassbottles\" \/>\n<meta property=\"article:modified_time\" content=\"2025-09-11T08:19:54+00:00\" \/>\n<meta property=\"og:image\" content=\"https:\/\/ruishengglassco.com\/wp-content\/uploads\/2025\/03\/RS124-500ml-750ml-Clear-Cylinder-Glass-Bottles.webp\" \/>\n\t<meta property=\"og:image:width\" content=\"800\" \/>\n\t<meta property=\"og:image:height\" content=\"800\" \/>\n\t<meta property=\"og:image:type\" content=\"image\/webp\" \/>\n<meta name=\"twitter:card\" content=\"summary_large_image\" \/>\n<meta name=\"twitter:label1\" content=\"Gesch\u00e4tzte Lesezeit\" \/>\n\t<meta name=\"twitter:data1\" content=\"2\u00a0Minuten\" \/>\n<script type=\"application\/ld+json\" class=\"yoast-schema-graph\">{\"@context\":\"https:\/\/schema.org\",\"@graph\":[{\"@type\":\"WebPage\",\"@id\":\"https:\/\/ruishengglassco.com\/product\/rs124-500ml-750ml-clear-cylinder-glass-bottles\",\"url\":\"https:\/\/ruishengglassco.com\/product\/rs124-500ml-750ml-clear-cylinder-glass-bottles\",\"name\":\"750ml Clear Glass Bottle Bulk|Wholesale Cylinder Glass Bottle With T-cork\",\"isPartOf\":{\"@id\":\"https:\/\/ruishengglassco.com\/#website\"},\"datePublished\":\"2025-03-14T15:47:11+00:00\",\"dateModified\":\"2025-09-11T08:19:54+00:00\",\"description\":\"Buy 750ml Clear Glass Bottles Bulk From China Liquor Bottle Manufacturer. Factory Outlet Wholesale Cylinder Glass Bottle With T-cork\",\"breadcrumb\":{\"@id\":\"https:\/\/ruishengglassco.com\/product\/rs124-500ml-750ml-clear-cylinder-glass-bottles#breadcrumb\"},\"inLanguage\":\"de\",\"potentialAction\":[{\"@type\":\"ReadAction\",\"target\":[\"https:\/\/ruishengglassco.com\/product\/rs124-500ml-750ml-clear-cylinder-glass-bottles\"]}]},{\"@type\":\"BreadcrumbList\",\"@id\":\"https:\/\/ruishengglassco.com\/product\/rs124-500ml-750ml-clear-cylinder-glass-bottles#breadcrumb\",\"itemListElement\":[{\"@type\":\"ListItem\",\"position\":1,\"name\":\"Home\",\"item\":\"https:\/\/ruishengglassco.com\/\"},{\"@type\":\"ListItem\",\"position\":2,\"name\":\"Products\",\"item\":\"https:\/\/ruishengglassco.com\/products\"},{\"@type\":\"ListItem\",\"position\":3,\"name\":\"RS124: 500ml 750ml Clear Cylinder Glass Bottles\"}]},{\"@type\":\"WebSite\",\"@id\":\"https:\/\/ruishengglassco.com\/#website\",\"url\":\"https:\/\/ruishengglassco.com\/\",\"name\":\"Ruisheng Glass\",\"description\":\"\",\"publisher\":{\"@id\":\"https:\/\/ruishengglassco.com\/#organization\"},\"potentialAction\":[{\"@type\":\"SearchAction\",\"target\":{\"@type\":\"EntryPoint\",\"urlTemplate\":\"https:\/\/ruishengglassco.com\/?s={search_term_string}\"},\"query-input\":\"required name=search_term_string\"}],\"inLanguage\":\"de\"},{\"@type\":\"Organization\",\"@id\":\"https:\/\/ruishengglassco.com\/#organization\",\"name\":\"Shandong Yuncheng Ruisheng Glass Co., Ltd\",\"url\":\"https:\/\/ruishengglassco.com\/\",\"logo\":{\"@type\":\"ImageObject\",\"inLanguage\":\"de\",\"@id\":\"https:\/\/ruishengglassco.com\/#\/schema\/logo\/image\/\",\"url\":\"https:\/\/ruishengglassco.com\/wp-content\/uploads\/2023\/09\/ruisheng_logo_icon.webp\",\"contentUrl\":\"https:\/\/ruishengglassco.com\/wp-content\/uploads\/2023\/09\/ruisheng_logo_icon.webp\",\"width\":400,\"height\":233,\"caption\":\"Shandong Yuncheng Ruisheng Glass Co., Ltd\"},\"image\":{\"@id\":\"https:\/\/ruishengglassco.com\/#\/schema\/logo\/image\/\"},\"sameAs\":[\"https:\/\/www.facebook.com\/ruishengglassbottles\",\"https:\/\/www.instagram.com\/Ruishengglassbottlewholesales\/\",\"https:\/\/www.youtube.com\/channel\/UCMmbMNGwsL-XrtjfSFLCdVQ\"]}]}<\/script>\n<!-- \/ Yoast SEO plugin. -->","yoast_head_json":{"title":"750ml Clear Glass Bottle Bulk|Wholesale Cylinder Glass Bottle With T-cork","description":"Buy 750ml Clear Glass Bottles Bulk From China Liquor Bottle Manufacturer. Factory Outlet Wholesale Cylinder Glass Bottle With T-cork","robots":{"index":"index","follow":"follow","max-snippet":"max-snippet:-1","max-image-preview":"max-image-preview:large","max-video-preview":"max-video-preview:-1"},"canonical":"https:\/\/ruishengglassco.com\/de\/produkt\/rs124-500ml-750ml-klare-zylinderglasflaschen","og_locale":"de_DE","og_type":"article","og_title":"750ml Clear Glass Bottle Bulk|Wholesale Cylinder Glass Bottle With T-cork","og_description":"Buy 750ml Clear Glass Bottles Bulk From China Liquor Bottle Manufacturer. Factory Outlet Wholesale Cylinder Glass Bottle With T-cork","og_url":"https:\/\/ruishengglassco.com\/de\/produkt\/rs124-500ml-750ml-klare-zylinderglasflaschen","article_publisher":"https:\/\/www.facebook.com\/ruishengglassbottles","article_modified_time":"2025-09-11T08:19:54+00:00","og_image":[{"width":800,"height":800,"url":"https:\/\/ruishengglassco.com\/wp-content\/uploads\/2025\/03\/RS124-500ml-750ml-Clear-Cylinder-Glass-Bottles.webp","type":"image\/webp"}],"twitter_card":"summary_large_image","twitter_misc":{"Gesch\u00e4tzte Lesezeit":"2\u00a0Minuten"},"schema":{"@context":"https:\/\/schema.org","@graph":[{"@type":"WebPage","@id":"https:\/\/ruishengglassco.com\/product\/rs124-500ml-750ml-clear-cylinder-glass-bottles","url":"https:\/\/ruishengglassco.com\/product\/rs124-500ml-750ml-clear-cylinder-glass-bottles","name":"750ml Clear Glass Bottle Bulk|Wholesale Cylinder Glass Bottle With T-cork","isPartOf":{"@id":"https:\/\/ruishengglassco.com\/#website"},"datePublished":"2025-03-14T15:47:11+00:00","dateModified":"2025-09-11T08:19:54+00:00","description":"Buy 750ml Clear Glass Bottles Bulk From China Liquor Bottle Manufacturer. Factory Outlet Wholesale Cylinder Glass Bottle With T-cork","breadcrumb":{"@id":"https:\/\/ruishengglassco.com\/product\/rs124-500ml-750ml-clear-cylinder-glass-bottles#breadcrumb"},"inLanguage":"de","potentialAction":[{"@type":"ReadAction","target":["https:\/\/ruishengglassco.com\/product\/rs124-500ml-750ml-clear-cylinder-glass-bottles"]}]},{"@type":"BreadcrumbList","@id":"https:\/\/ruishengglassco.com\/product\/rs124-500ml-750ml-clear-cylinder-glass-bottles#breadcrumb","itemListElement":[{"@type":"ListItem","position":1,"name":"Home","item":"https:\/\/ruishengglassco.com\/"},{"@type":"ListItem","position":2,"name":"Products","item":"https:\/\/ruishengglassco.com\/products"},{"@type":"ListItem","position":3,"name":"RS124: 500ml 750ml Clear Cylinder Glass Bottles"}]},{"@type":"WebSite","@id":"https:\/\/ruishengglassco.com\/#website","url":"https:\/\/ruishengglassco.com\/","name":"Ruisheng Glass","description":"","publisher":{"@id":"https:\/\/ruishengglassco.com\/#organization"},"potentialAction":[{"@type":"SearchAction","target":{"@type":"EntryPoint","urlTemplate":"https:\/\/ruishengglassco.com\/?s={search_term_string}"},"query-input":"required name=search_term_string"}],"inLanguage":"de"},{"@type":"Organization","@id":"https:\/\/ruishengglassco.com\/#organization","name":"Shandong Yuncheng Ruisheng Glass Co., Ltd","url":"https:\/\/ruishengglassco.com\/","logo":{"@type":"ImageObject","inLanguage":"de","@id":"https:\/\/ruishengglassco.com\/#\/schema\/logo\/image\/","url":"https:\/\/ruishengglassco.com\/wp-content\/uploads\/2023\/09\/ruisheng_logo_icon.webp","contentUrl":"https:\/\/ruishengglassco.com\/wp-content\/uploads\/2023\/09\/ruisheng_logo_icon.webp","width":400,"height":233,"caption":"Shandong Yuncheng Ruisheng Glass Co., Ltd"},"image":{"@id":"https:\/\/ruishengglassco.com\/#\/schema\/logo\/image\/"},"sameAs":["https:\/\/www.facebook.com\/ruishengglassbottles","https:\/\/www.instagram.com\/Ruishengglassbottlewholesales\/","https:\/\/www.youtube.com\/channel\/UCMmbMNGwsL-XrtjfSFLCdVQ"]}]}},"_links":{"self":[{"href":"https:\/\/ruishengglassco.com\/de\/wp-json\/wp\/v2\/product\/4151","targetHints":{"allow":["GET"]}}],"collection":[{"href":"https:\/\/ruishengglassco.com\/de\/wp-json\/wp\/v2\/product"}],"about":[{"href":"https:\/\/ruishengglassco.com\/de\/wp-json\/wp\/v2\/types\/product"}],"replies":[{"embeddable":true,"href":"https:\/\/ruishengglassco.com\/de\/wp-json\/wp\/v2\/comments?post=4151"}],"wp:featuredmedia":[{"embeddable":true,"href":"https:\/\/ruishengglassco.com\/de\/wp-json\/wp\/v2\/media\/4152"}],"wp:attachment":[{"href":"https:\/\/ruishengglassco.com\/de\/wp-json\/wp\/v2\/media?parent=4151"}],"wp:term":[{"taxonomy":"product_cat","embeddable":true,"href":"https:\/\/ruishengglassco.com\/de\/wp-json\/wp\/v2\/product_cat?post=4151"}],"curies":[{"name":"wp","href":"https:\/\/api.w.org\/{rel}","templated":true}]}}